 {"id":9773,"date":"2021-03-25T21:55:22","date_gmt":"2021-03-25T20:55:22","guid":{"rendered":"https:\/\/profertil.eu\/?page_id=9773"},"modified":"2023-10-16T15:42:20","modified_gmt":"2023-10-16T13:42:20","slug":"badanie-dot-subklinicznej-postaci-zylakow-powrozka-nasiennego-z-2010-r","status":"publish","type":"page","link":"https:\/\/profertil.eu\/pl\/badania\/badanie-dot-subklinicznej-postaci-zylakow-powrozka-nasiennego-z-2010-r\/","title":{"rendered":"Badanie dot. subklinicznej postaci \u017cylak\u00f3w powr\u00f3zka nasiennego z 2010\u00a0r."},"content":{"rendered":"\n<div class=\"wp-block-cover has-background-dim-10 has-background-dim alignfull\"><img data-recalc-dims=\"1\" loading=\"lazy\" decoding=\"async\" width=\"1024\" height=\"250\" class=\"wp-block-cover__image-background wp-image-9486\" alt=\"\" src=\"https:\/\/i0.wp.com\/profertil.eu\/wp-content\/uploads\/2019\/06\/spermiogramm.jpg?resize=1024%2C250&#038;ssl=1\" style=\"object-position:14% 44%\" data-object-fit=\"cover\" data-object-position=\"14% 44%\" srcset=\"https:\/\/i0.wp.com\/profertil.eu\/wp-content\/uploads\/2019\/06\/spermiogramm.jpg?w=2048&amp;ssl=1 2048w, https:\/\/i0.wp.com\/profertil.eu\/wp-content\/uploads\/2019\/06\/spermiogramm.jpg?resize=300%2C73&amp;ssl=1 300w, https:\/\/i0.wp.com\/profertil.eu\/wp-content\/uploads\/2019\/06\/spermiogramm.jpg?resize=768%2C188&amp;ssl=1 768w, https:\/\/i0.wp.com\/profertil.eu\/wp-content\/uploads\/2019\/06\/spermiogramm.jpg?resize=1024%2C250&amp;ssl=1 1024w\" sizes=\"auto, (max-width: 1024px) 100vw, 1024px\" \/><div class=\"wp-block-cover__inner-container is-layout-flow wp-block-cover-is-layout-flow\">\n<h1 class=\"has-red-color has-text-align-right wp-block-heading\">POPRAWA<br><span class=\"has-white-color\">JAKO\u015aCI PLEMNIK\u00d3W<\/span><\/h1>\n<\/div><\/div>\n\n\n\n<div class=\"wp-block-group alignfull has-red-gradient-background-color has-background\"><div class=\"wp-block-group__inner-container is-layout-flow wp-block-group-is-layout-flow\">\n<div style=\"height:20px\" aria-hidden=\"true\" class=\"wp-block-spacer\"><\/div>\n\n\n\n<div class=\"wp-block-image\"><figure class=\"aligncenter size-large is-resized\"><img data-recalc-dims=\"1\" loading=\"lazy\" decoding=\"async\" src=\"https:\/\/i0.wp.com\/profertil.eu\/wp-content\/uploads\/2023\/10\/Capsule-spermium_static_Update-2023_1500px-15.png?resize=467%2C127&#038;ssl=1\" alt=\"\" class=\"wp-image-21988\" width=\"467\" height=\"127\" srcset=\"https:\/\/i0.wp.com\/profertil.eu\/wp-content\/uploads\/2023\/10\/Capsule-spermium_static_Update-2023_1500px-15.png?resize=1024%2C279&amp;ssl=1 1024w, https:\/\/i0.wp.com\/profertil.eu\/wp-content\/uploads\/2023\/10\/Capsule-spermium_static_Update-2023_1500px-15.png?resize=300%2C82&amp;ssl=1 300w, https:\/\/i0.wp.com\/profertil.eu\/wp-content\/uploads\/2023\/10\/Capsule-spermium_static_Update-2023_1500px-15.png?resize=768%2C209&amp;ssl=1 768w, https:\/\/i0.wp.com\/profertil.eu\/wp-content\/uploads\/2023\/10\/Capsule-spermium_static_Update-2023_1500px-15.png?w=1500&amp;ssl=1 1500w\" sizes=\"auto, (max-width: 467px) 100vw, 467px\" \/><\/figure><\/div>\n\n\n\n<p class=\"has-text-align-center medium-width\" style=\"font-size:30px\">\u00bbZwi\u0119ksza p\u0142odno\u015b\u0107 u&nbsp;m\u0119\u017cczyzn z&nbsp;subkliniczn\u0105 postaci\u0105 \u017cylak\u00f3w powr\u00f3zka nasiennego\u00ab<\/p>\n\n\n\n<div style=\"height:30px\" aria-hidden=\"true\" class=\"wp-block-spacer\"><\/div>\n<\/div><\/div>\n\n\n\n<div class=\"wp-block-group alignfull\"><div class=\"wp-block-group__inner-container is-layout-flow wp-block-group-is-layout-flow\">\n<div class=\"wp-block-columns study-8-4 is-layout-flex wp-container-core-columns-is-layout-1 wp-block-columns-is-layout-flex\">\n<div class=\"wp-block-column is-layout-flow wp-block-column-is-layout-flow\">\n<div style=\"height:50px\" aria-hidden=\"true\" class=\"wp-block-spacer\"><\/div>\n\n\n\n<p class=\"has-medium-font-size\">BADANIE DOTYCZ\u0104CE SUBKLINICZNEJ POSTACI \u017bYLAK\u00d3W POWR\u00d3ZKA NASIENNEGO Z&nbsp;2010&nbsp;ROKU<\/p>\n\n\n\n<h3 class=\"has-red-color has-text-color wp-block-heading\">Poprawa jako\u015bci plemnik\u00f3w po trzech miesi\u0105cach stosowania produktu PROFERTIL<sup>\u00ae<\/sup><\/h3>\n\n\n\n<div style=\"height:50px\" aria-hidden=\"true\" class=\"wp-block-spacer\"><\/div>\n<\/div>\n\n\n\n<div class=\"wp-block-column is-layout-flow wp-block-column-is-layout-flow\">\n<div class=\"wp-block-image bubble\"><figure class=\"aligncenter size-large\"><img data-recalc-dims=\"1\" loading=\"lazy\" decoding=\"async\" width=\"608\" height=\"529\" src=\"https:\/\/i0.wp.com\/profertil.eu\/wp-content\/uploads\/2019\/07\/varicocle-study-bubble.png?resize=608%2C529&#038;ssl=1\" alt=\"\" class=\"wp-image-9790\" srcset=\"https:\/\/i0.wp.com\/profertil.eu\/wp-content\/uploads\/2019\/07\/varicocle-study-bubble.png?w=608&amp;ssl=1 608w, https:\/\/i0.wp.com\/profertil.eu\/wp-content\/uploads\/2019\/07\/varicocle-study-bubble.png?resize=300%2C261&amp;ssl=1 300w\" sizes=\"auto, (max-width: 608px) 100vw, 608px\" \/><\/figure><\/div>\n<\/div>\n<\/div>\n\n\n\n<div class=\"wp-block-columns study-8-4 is-layout-flex wp-container-core-columns-is-layout-2 wp-block-columns-is-layout-flex\">\n<div class=\"wp-block-column small-order-2 medium-order-1 is-layout-flow wp-block-column-is-layout-flow\">\n<div class=\"wp-block-image\"><figure class=\"aligncenter size-large\"><img data-recalc-dims=\"1\" loading=\"lazy\" decoding=\"async\" width=\"1024\" height=\"669\" src=\"https:\/\/i0.wp.com\/profertil.eu\/wp-content\/uploads\/2021\/03\/study-2010-graph-pl.png?resize=1024%2C669&#038;ssl=1\" alt=\"\" class=\"wp-image-9803\" srcset=\"https:\/\/i0.wp.com\/profertil.eu\/wp-content\/uploads\/2021\/03\/study-2010-graph-pl.png?resize=1024%2C669&amp;ssl=1 1024w, https:\/\/i0.wp.com\/profertil.eu\/wp-content\/uploads\/2021\/03\/study-2010-graph-pl.png?resize=300%2C196&amp;ssl=1 300w, https:\/\/i0.wp.com\/profertil.eu\/wp-content\/uploads\/2021\/03\/study-2010-graph-pl.png?resize=768%2C502&amp;ssl=1 768w, https:\/\/i0.wp.com\/profertil.eu\/wp-content\/uploads\/2021\/03\/study-2010-graph-pl.png?w=1240&amp;ssl=1 1240w\" sizes=\"auto, (max-width: 1024px) 100vw, 1024px\" \/><\/figure><\/div>\n<\/div>\n\n\n\n<div class=\"wp-block-column small-order-1 medium-order-2 is-layout-flow wp-block-column-is-layout-flow\">\n<figure class=\"wp-block-image size-full is-resized\"><img data-recalc-dims=\"1\" loading=\"lazy\" decoding=\"async\" src=\"https:\/\/i0.wp.com\/profertil.eu\/wp-content\/uploads\/2019\/07\/eau_Logo.png?resize=113%2C65&#038;ssl=1\" alt=\"\" class=\"wp-image-2663\" width=\"113\" height=\"65\"\/><\/figure>\n\n\n\n<div style=\"height:30px\" aria-hidden=\"true\" class=\"wp-block-spacer\"><\/div>\n\n\n\n<p class=\"has-small-font-size\"><strong><strong>Liczba pacjent\u00f3w<\/strong>: <br><\/strong>n = 55 <br><br><strong><strong>Publikacja<\/strong>:<br><\/strong>Prezentacja w&nbsp;postaci plakatu podczas EAU, Bratys\u0142awa (pa\u017adziernik 2010&nbsp;r.).<\/p>\n\n\n\n<div style=\"height:30px\" aria-hidden=\"true\" class=\"wp-block-spacer\"><\/div>\n<\/div>\n<\/div>\n\n\n\n<div style=\"height:50px\" aria-hidden=\"true\" class=\"wp-block-spacer\"><\/div>\n\n\n\n<div class=\"wp-block-columns study-8-4 is-layout-flex wp-container-core-columns-is-layout-3 wp-block-columns-is-layout-flex\">\n<div class=\"wp-block-column is-layout-flow wp-block-column-is-layout-flow\">\n<h6 class=\"has-red-color has-text-color wp-block-heading\"><strong>Wyniki wskazuj\u0105, \u017ce produkt PROFERTIL<\/strong><sup>\u00ae<\/sup><strong>:<\/strong><\/h6>\n\n\n\n<ul class=\"studylist wp-block-list\"><li>poprawia wszystkie parametry plemnik\u00f3w niezb\u0119dne w&nbsp;celu skutecznego zap\u0142odnienia i&nbsp;zaj\u015bcia w&nbsp;ci\u0105\u017c\u0119 przez partnerk\u0119 poprzez obni\u017canie stresu oksydacyjnego (przyczyny fragmentacji DNA);<\/li><li>mo\u017ce by\u0107 stosowany po zabiegu chirurgicznym \u017cylak\u00f3w powr\u00f3zka nasiennego.<\/li><\/ul>\n\n\n\n<div style=\"height:30px\" aria-hidden=\"true\" class=\"wp-block-spacer\"><\/div>\n\n\n\n<p class=\"has-small-font-size\">Sub-clinical varicocele study 2010; Micronutrients as an alternative to fertility treatment in men with subclinical varicocele; Schauer I. i&nbsp;wsp.; kryteria w\u0142\u0105czenia:&gt;&nbsp;2&nbsp;lata niep\u0142odno\u015bci, wyniki \u2265&nbsp;2 bada\u0144 wskazuj\u0105ce na zmiany patologiczne nasienia; kryteria wy\u0142\u0105czenia: zaka\u017cenia, aspermia, zaburzenia hormonalne.<\/p>\n\n\n\n<p><\/p>\n<\/div>\n\n\n\n<div class=\"wp-block-column is-layout-flow wp-block-column-is-layout-flow\"><\/div>\n<\/div>\n\n\n\n<div style=\"height:50px\" aria-hidden=\"true\" class=\"wp-block-spacer\"><\/div>\n\n\n\n\n\n<div id=\"anchorlink-block_5d029bb7eaea5\" class=\"anchorlink dark \">\n            <a href=\"#packshot\" data-smooth-scroll data-animation-duration=\"750\" data-animation-easing=\"swing\" data-offset=\"-23\"><i class=\"material-icons pro-pulse\">expand_more<\/i><\/a>\n    <\/div><\/div><\/div>\n\n\n\n<div class=\"wp-block-group alignfull has-red-gradient-background-color has-background\" id=\"packshot\"><div class=\"wp-block-group__inner-container is-layout-flow wp-block-group-is-layout-flow\">\n<div class=\"wp-block-columns has-2-columns is-layout-flex wp-container-core-columns-is-layout-4 wp-block-columns-is-layout-flex\">\n<div class=\"wp-block-column is-vertically-aligned-center is-layout-flow wp-block-column-is-layout-flow\">\n<div class=\"wp-block-image\"><figure class=\"aligncenter size-full is-resized\"><img data-recalc-dims=\"1\" loading=\"lazy\" decoding=\"async\" src=\"https:\/\/i0.wp.com\/profertil.eu\/wp-content\/uploads\/2021\/03\/no1-pl.png?resize=473%2C176&#038;ssl=1\" alt=\"\" class=\"wp-image-9567\" width=\"473\" height=\"176\" srcset=\"https:\/\/i0.wp.com\/profertil.eu\/wp-content\/uploads\/2021\/03\/no1-pl.png?w=946&amp;ssl=1 946w, https:\/\/i0.wp.com\/profertil.eu\/wp-content\/uploads\/2021\/03\/no1-pl.png?resize=300%2C112&amp;ssl=1 300w, https:\/\/i0.wp.com\/profertil.eu\/wp-content\/uploads\/2021\/03\/no1-pl.png?resize=768%2C286&amp;ssl=1 768w\" sizes=\"auto, (max-width: 473px) 100vw, 473px\" \/><\/figure><\/div>\n<\/div>\n\n\n\n<div class=\"wp-block-column is-vertically-aligned-center is-layout-flow wp-block-column-is-layout-flow\">\n<div style=\"height:50px\" aria-hidden=\"true\" class=\"wp-block-spacer\"><\/div>\n\n\n\n<div class=\"wp-block-image\"><figure class=\"aligncenter size-large\"><img data-recalc-dims=\"1\" loading=\"lazy\" decoding=\"async\" width=\"791\" height=\"390\" src=\"https:\/\/i0.wp.com\/profertil.eu\/wp-content\/uploads\/\/2019\/07\/PROfertil-male_60K_int_HG-drot.png?resize=791%2C390&#038;ssl=1\" alt=\"Packshot PROFERTIL\u00ae male\" class=\"wp-image-2728\" srcset=\"https:\/\/i0.wp.com\/profertil.eu\/wp-content\/uploads\/2019\/07\/PROfertil-male_60K_int_HG-drot.png?w=791&amp;ssl=1 791w, https:\/\/i0.wp.com\/profertil.eu\/wp-content\/uploads\/2019\/07\/PROfertil-male_60K_int_HG-drot.png?resize=300%2C148&amp;ssl=1 300w, https:\/\/i0.wp.com\/profertil.eu\/wp-content\/uploads\/2019\/07\/PROfertil-male_60K_int_HG-drot.png?resize=768%2C379&amp;ssl=1 768w\" sizes=\"auto, (max-width: 791px) 100vw, 791px\" \/><\/figure><\/div>\n\n\n\n<p class=\"has-text-align-center has-white-color has-text-color\"><strong><strong>\u015aREDNI WSKA\u0179NIK ZAJ\u015aCIA W\u00a0CI\u0104\u017b\u0118 PRZEZ PARTNERK\u0118 26\u201341%<\/strong><\/strong><\/p>\n\n\n\n<div style=\"height:50px\" aria-hidden=\"true\" class=\"wp-block-spacer\"><\/div>\n<\/div>\n<\/div>\n\n\n\n\n\n<div id=\"anchorlink-block_5d02a16a1f77b\" class=\"anchorlink light \">\n            <a href=\"#buynow\" data-smooth-scroll data-animation-duration=\"750\" data-animation-easing=\"swing\" data-offset=\"-23\"><i class=\"material-icons pro-pulse\">expand_more<\/i><\/a>\n    <\/div>\n\n\n<p><\/p>\n<\/div><\/div>\n\n\n\n<div id=\"buynow\" class=\"wp-block-group window-height minus-footer center\"><div class=\"wp-block-group__inner-container is-layout-flow wp-block-group-is-layout-flow\">\n<div class=\"wp-block-image\"><figure class=\"aligncenter size-large is-resized\"><a href=\"https:\/\/profertil.eu\/pl\/gdzie-kupic\/\"><img loading=\"lazy\" decoding=\"async\" src=\"https:\/\/profertil.eu\/wp-content\/uploads\/2021\/03\/KUP-TERAZ.svg\" alt=\"\" class=\"wp-image-9324\" width=\"500\" height=\"94\"\/><\/a><\/figure><\/div>\n<\/div><\/div>\n","protected":false},"excerpt":{"rendered":"<p>\u00bbZwi\u0119ksza p\u0142odno\u015b\u0107 u&nbsp;m\u0119\u017cczyzn z&nbsp;subkliniczn\u0105 postaci\u0105 \u017cylak\u00f3w powr\u00f3zka nasiennego\u00ab BADANIE DOTYCZ\u0104CE SUBKLINICZNEJ POSTACI \u017bYLAK\u00d3W POWR\u00d3ZKA NASIENNEGO Z&nbsp;2010&nbsp;ROKU Poprawa jako\u015bci plemnik\u00f3w po trzech miesi\u0105cach stosowania produktu PROFERTIL\u00ae Liczba pacjent\u00f3w: n = 55 Publikacja:Prezentacja w&nbsp;postaci plakatu podczas EAU, Bratys\u0142awa (pa\u017adziernik 2010&nbsp;r.). Wyniki wskazuj\u0105, \u017ce produkt PROFERTIL\u00ae: poprawia wszystkie parametry plemnik\u00f3w niezb\u0119dne w&nbsp;celu skutecznego zap\u0142odnienia i&nbsp;zaj\u015bcia w&nbsp;ci\u0105\u017c\u0119 przez partnerk\u0119<a class=\"excerpt-read-more\" href=\"https:\/\/profertil.eu\/pl\/badania\/badanie-dot-subklinicznej-postaci-zylakow-powrozka-nasiennego-z-2010-r\/\" title=\"ReadBadanie dot. subklinicznej postaci \u017cylak\u00f3w powr\u00f3zka nasiennego z 2010\u00a0r.\">&#8230; Read more &raquo;<\/a><\/p>\n","protected":false},"author":1,"featured_media":0,"parent":9554,"menu_order":8,"comment_status":"closed","ping_status":"closed","template":"template-study.php","meta":{"_acf_changed":false,"pgc_sgb_lightbox_settings":"","footnotes":""},"categories":[60],"tags":[],"class_list":["post-9773","page","type-page","status-publish","hentry","category-badania"],"acf":[],"yoast_head":"<!-- This site is optimized with the Yoast SEO plugin v26.1 - https:\/\/yoast.com\/wordpress\/plugins\/seo\/ -->\n<title>Badanie dot. subklinicznej postaci \u017cylak\u00f3w powr\u00f3zka nasiennego z 2010\u00a0r. - PROFERTIL<\/title>\n<meta name=\"robots\" content=\"index, follow, max-snippet:-1, max-image-preview:large, max-video-preview:-1\" \/>\n<link rel=\"canonical\" href=\"https:\/\/profertil.eu\/pl\/badania\/badanie-dot-subklinicznej-postaci-zylakow-powrozka-nasiennego-z-2010-r\/\" \/>\n<meta property=\"og:locale\" content=\"pl_PL\" \/>\n<meta property=\"og:type\" content=\"article\" \/>\n<meta property=\"og:title\" content=\"Badanie dot. subklinicznej postaci \u017cylak\u00f3w powr\u00f3zka nasiennego z 2010\u00a0r. - PROFERTIL\" \/>\n<meta property=\"og:description\" content=\"\u00bbZwi\u0119ksza p\u0142odno\u015b\u0107 u&nbsp;m\u0119\u017cczyzn z&nbsp;subkliniczn\u0105 postaci\u0105 \u017cylak\u00f3w powr\u00f3zka nasiennego\u00ab BADANIE DOTYCZ\u0104CE SUBKLINICZNEJ POSTACI \u017bYLAK\u00d3W POWR\u00d3ZKA NASIENNEGO Z&nbsp;2010&nbsp;ROKU Poprawa jako\u015bci plemnik\u00f3w po trzech miesi\u0105cach stosowania produktu PROFERTIL\u00ae Liczba pacjent\u00f3w: n = 55 Publikacja:Prezentacja w&nbsp;postaci plakatu podczas EAU, Bratys\u0142awa (pa\u017adziernik 2010&nbsp;r.). Wyniki wskazuj\u0105, \u017ce produkt PROFERTIL\u00ae: poprawia wszystkie parametry plemnik\u00f3w niezb\u0119dne w&nbsp;celu skutecznego zap\u0142odnienia i&nbsp;zaj\u015bcia w&nbsp;ci\u0105\u017c\u0119 przez partnerk\u0119... Read more &raquo;\" \/>\n<meta property=\"og:url\" content=\"https:\/\/profertil.eu\/pl\/badania\/badanie-dot-subklinicznej-postaci-zylakow-powrozka-nasiennego-z-2010-r\/\" \/>\n<meta property=\"og:site_name\" content=\"PROFERTIL\" \/>\n<meta property=\"article:modified_time\" content=\"2023-10-16T13:42:20+00:00\" \/>\n<meta property=\"og:image\" content=\"https:\/\/profertil.eu\/wp-content\/uploads\/2019\/06\/spermiogramm.jpg\" \/>\n<meta name=\"twitter:card\" content=\"summary_large_image\" \/>\n<meta name=\"twitter:label1\" content=\"Szacowany czas czytania\" \/>\n\t<meta name=\"twitter:data1\" content=\"1 minuta\" \/>\n<script type=\"application\/ld+json\" class=\"yoast-schema-graph\">{\"@context\":\"https:\/\/schema.org\",\"@graph\":[{\"@type\":\"WebPage\",\"@id\":\"https:\/\/profertil.eu\/pl\/badania\/badanie-dot-subklinicznej-postaci-zylakow-powrozka-nasiennego-z-2010-r\/\",\"url\":\"https:\/\/profertil.eu\/pl\/badania\/badanie-dot-subklinicznej-postaci-zylakow-powrozka-nasiennego-z-2010-r\/\",\"name\":\"Badanie dot. subklinicznej postaci \u017cylak\u00f3w powr\u00f3zka nasiennego z 2010\u00a0r. - PROFERTIL\",\"isPartOf\":{\"@id\":\"https:\/\/profertil.eu\/#website\"},\"primaryImageOfPage\":{\"@id\":\"https:\/\/profertil.eu\/pl\/badania\/badanie-dot-subklinicznej-postaci-zylakow-powrozka-nasiennego-z-2010-r\/#primaryimage\"},\"image\":{\"@id\":\"https:\/\/profertil.eu\/pl\/badania\/badanie-dot-subklinicznej-postaci-zylakow-powrozka-nasiennego-z-2010-r\/#primaryimage\"},\"thumbnailUrl\":\"https:\/\/profertil.eu\/wp-content\/uploads\/2019\/06\/spermiogramm.jpg\",\"datePublished\":\"2021-03-25T20:55:22+00:00\",\"dateModified\":\"2023-10-16T13:42:20+00:00\",\"breadcrumb\":{\"@id\":\"https:\/\/profertil.eu\/pl\/badania\/badanie-dot-subklinicznej-postaci-zylakow-powrozka-nasiennego-z-2010-r\/#breadcrumb\"},\"inLanguage\":\"pl-PL\",\"potentialAction\":[{\"@type\":\"ReadAction\",\"target\":[\"https:\/\/profertil.eu\/pl\/badania\/badanie-dot-subklinicznej-postaci-zylakow-powrozka-nasiennego-z-2010-r\/\"]}]},{\"@type\":\"ImageObject\",\"inLanguage\":\"pl-PL\",\"@id\":\"https:\/\/profertil.eu\/pl\/badania\/badanie-dot-subklinicznej-postaci-zylakow-powrozka-nasiennego-z-2010-r\/#primaryimage\",\"url\":\"https:\/\/profertil.eu\/wp-content\/uploads\/2019\/06\/spermiogramm.jpg\",\"contentUrl\":\"https:\/\/profertil.eu\/wp-content\/uploads\/2019\/06\/spermiogramm.jpg\"},{\"@type\":\"BreadcrumbList\",\"@id\":\"https:\/\/profertil.eu\/pl\/badania\/badanie-dot-subklinicznej-postaci-zylakow-powrozka-nasiennego-z-2010-r\/#breadcrumb\",\"itemListElement\":[{\"@type\":\"ListItem\",\"position\":1,\"name\":\"Home\",\"item\":\"https:\/\/profertil.eu\/pl\/startseite\/\"},{\"@type\":\"ListItem\",\"position\":2,\"name\":\"Badania\",\"item\":\"https:\/\/profertil.eu\/pl\/badania\/\"},{\"@type\":\"ListItem\",\"position\":3,\"name\":\"Badanie dot. subklinicznej postaci \u017cylak\u00f3w powr\u00f3zka nasiennego z 2010\u00a0r.\"}]},{\"@type\":\"WebSite\",\"@id\":\"https:\/\/profertil.eu\/#website\",\"url\":\"https:\/\/profertil.eu\/\",\"name\":\"PROFERTIL\",\"description\":\"No. 1 proven efficacy in male fertility\",\"publisher\":{\"@id\":\"https:\/\/profertil.eu\/#organization\"},\"potentialAction\":[{\"@type\":\"SearchAction\",\"target\":{\"@type\":\"EntryPoint\",\"urlTemplate\":\"https:\/\/profertil.eu\/?s={search_term_string}\"},\"query-input\":{\"@type\":\"PropertyValueSpecification\",\"valueRequired\":true,\"valueName\":\"search_term_string\"}}],\"inLanguage\":\"pl-PL\"},{\"@type\":\"Organization\",\"@id\":\"https:\/\/profertil.eu\/#organization\",\"name\":\"PROFERTIL\",\"url\":\"https:\/\/profertil.eu\/\",\"logo\":{\"@type\":\"ImageObject\",\"inLanguage\":\"pl-PL\",\"@id\":\"https:\/\/profertil.eu\/#\/schema\/logo\/image\/\",\"url\":\"https:\/\/profertil.eu\/wp-content\/uploads\/2025\/10\/PROFERTIL-logo-2025.svg\",\"contentUrl\":\"https:\/\/profertil.eu\/wp-content\/uploads\/2025\/10\/PROFERTIL-logo-2025.svg\",\"caption\":\"PROFERTIL\"},\"image\":{\"@id\":\"https:\/\/profertil.eu\/#\/schema\/logo\/image\/\"}}]}<\/script>\n<!-- \/ Yoast SEO plugin. -->","yoast_head_json":{"title":"Badanie dot. subklinicznej postaci \u017cylak\u00f3w powr\u00f3zka nasiennego z 2010\u00a0r. - PROFERTIL","robots":{"index":"index","follow":"follow","max-snippet":"max-snippet:-1","max-image-preview":"max-image-preview:large","max-video-preview":"max-video-preview:-1"},"canonical":"https:\/\/profertil.eu\/pl\/badania\/badanie-dot-subklinicznej-postaci-zylakow-powrozka-nasiennego-z-2010-r\/","og_locale":"pl_PL","og_type":"article","og_title":"Badanie dot. subklinicznej postaci \u017cylak\u00f3w powr\u00f3zka nasiennego z 2010\u00a0r. - PROFERTIL","og_description":"\u00bbZwi\u0119ksza p\u0142odno\u015b\u0107 u&nbsp;m\u0119\u017cczyzn z&nbsp;subkliniczn\u0105 postaci\u0105 \u017cylak\u00f3w powr\u00f3zka nasiennego\u00ab BADANIE DOTYCZ\u0104CE SUBKLINICZNEJ POSTACI \u017bYLAK\u00d3W POWR\u00d3ZKA NASIENNEGO Z&nbsp;2010&nbsp;ROKU Poprawa jako\u015bci plemnik\u00f3w po trzech miesi\u0105cach stosowania produktu PROFERTIL\u00ae Liczba pacjent\u00f3w: n = 55 Publikacja:Prezentacja w&nbsp;postaci plakatu podczas EAU, Bratys\u0142awa (pa\u017adziernik 2010&nbsp;r.). Wyniki wskazuj\u0105, \u017ce produkt PROFERTIL\u00ae: poprawia wszystkie parametry plemnik\u00f3w niezb\u0119dne w&nbsp;celu skutecznego zap\u0142odnienia i&nbsp;zaj\u015bcia w&nbsp;ci\u0105\u017c\u0119 przez partnerk\u0119... Read more &raquo;","og_url":"https:\/\/profertil.eu\/pl\/badania\/badanie-dot-subklinicznej-postaci-zylakow-powrozka-nasiennego-z-2010-r\/","og_site_name":"PROFERTIL","article_modified_time":"2023-10-16T13:42:20+00:00","og_image":[{"url":"https:\/\/profertil.eu\/wp-content\/uploads\/2019\/06\/spermiogramm.jpg","type":"","width":"","height":""}],"twitter_card":"summary_large_image","twitter_misc":{"Szacowany czas czytania":"1 minuta"},"schema":{"@context":"https:\/\/schema.org","@graph":[{"@type":"WebPage","@id":"https:\/\/profertil.eu\/pl\/badania\/badanie-dot-subklinicznej-postaci-zylakow-powrozka-nasiennego-z-2010-r\/","url":"https:\/\/profertil.eu\/pl\/badania\/badanie-dot-subklinicznej-postaci-zylakow-powrozka-nasiennego-z-2010-r\/","name":"Badanie dot. subklinicznej postaci \u017cylak\u00f3w powr\u00f3zka nasiennego z 2010\u00a0r. - PROFERTIL","isPartOf":{"@id":"https:\/\/profertil.eu\/#website"},"primaryImageOfPage":{"@id":"https:\/\/profertil.eu\/pl\/badania\/badanie-dot-subklinicznej-postaci-zylakow-powrozka-nasiennego-z-2010-r\/#primaryimage"},"image":{"@id":"https:\/\/profertil.eu\/pl\/badania\/badanie-dot-subklinicznej-postaci-zylakow-powrozka-nasiennego-z-2010-r\/#primaryimage"},"thumbnailUrl":"https:\/\/profertil.eu\/wp-content\/uploads\/2019\/06\/spermiogramm.jpg","datePublished":"2021-03-25T20:55:22+00:00","dateModified":"2023-10-16T13:42:20+00:00","breadcrumb":{"@id":"https:\/\/profertil.eu\/pl\/badania\/badanie-dot-subklinicznej-postaci-zylakow-powrozka-nasiennego-z-2010-r\/#breadcrumb"},"inLanguage":"pl-PL","potentialAction":[{"@type":"ReadAction","target":["https:\/\/profertil.eu\/pl\/badania\/badanie-dot-subklinicznej-postaci-zylakow-powrozka-nasiennego-z-2010-r\/"]}]},{"@type":"ImageObject","inLanguage":"pl-PL","@id":"https:\/\/profertil.eu\/pl\/badania\/badanie-dot-subklinicznej-postaci-zylakow-powrozka-nasiennego-z-2010-r\/#primaryimage","url":"https:\/\/profertil.eu\/wp-content\/uploads\/2019\/06\/spermiogramm.jpg","contentUrl":"https:\/\/profertil.eu\/wp-content\/uploads\/2019\/06\/spermiogramm.jpg"},{"@type":"BreadcrumbList","@id":"https:\/\/profertil.eu\/pl\/badania\/badanie-dot-subklinicznej-postaci-zylakow-powrozka-nasiennego-z-2010-r\/#breadcrumb","itemListElement":[{"@type":"ListItem","position":1,"name":"Home","item":"https:\/\/profertil.eu\/pl\/startseite\/"},{"@type":"ListItem","position":2,"name":"Badania","item":"https:\/\/profertil.eu\/pl\/badania\/"},{"@type":"ListItem","position":3,"name":"Badanie dot. subklinicznej postaci \u017cylak\u00f3w powr\u00f3zka nasiennego z 2010\u00a0r."}]},{"@type":"WebSite","@id":"https:\/\/profertil.eu\/#website","url":"https:\/\/profertil.eu\/","name":"PROFERTIL","description":"No. 1 proven efficacy in male fertility","publisher":{"@id":"https:\/\/profertil.eu\/#organization"},"potentialAction":[{"@type":"SearchAction","target":{"@type":"EntryPoint","urlTemplate":"https:\/\/profertil.eu\/?s={search_term_string}"},"query-input":{"@type":"PropertyValueSpecification","valueRequired":true,"valueName":"search_term_string"}}],"inLanguage":"pl-PL"},{"@type":"Organization","@id":"https:\/\/profertil.eu\/#organization","name":"PROFERTIL","url":"https:\/\/profertil.eu\/","logo":{"@type":"ImageObject","inLanguage":"pl-PL","@id":"https:\/\/profertil.eu\/#\/schema\/logo\/image\/","url":"https:\/\/profertil.eu\/wp-content\/uploads\/2025\/10\/PROFERTIL-logo-2025.svg","contentUrl":"https:\/\/profertil.eu\/wp-content\/uploads\/2025\/10\/PROFERTIL-logo-2025.svg","caption":"PROFERTIL"},"image":{"@id":"https:\/\/profertil.eu\/#\/schema\/logo\/image\/"}}]}},"_links":{"self":[{"href":"https:\/\/profertil.eu\/pl\/wp-json\/wp\/v2\/pages\/9773","targetHints":{"allow":["GET"]}}],"collection":[{"href":"https:\/\/profertil.eu\/pl\/wp-json\/wp\/v2\/pages"}],"about":[{"href":"https:\/\/profertil.eu\/pl\/wp-json\/wp\/v2\/types\/page"}],"author":[{"embeddable":true,"href":"https:\/\/profertil.eu\/pl\/wp-json\/wp\/v2\/users\/1"}],"replies":[{"embeddable":true,"href":"https:\/\/profertil.eu\/pl\/wp-json\/wp\/v2\/comments?post=9773"}],"version-history":[{"count":9,"href":"https:\/\/profertil.eu\/pl\/wp-json\/wp\/v2\/pages\/9773\/revisions"}],"predecessor-version":[{"id":21997,"href":"https:\/\/profertil.eu\/pl\/wp-json\/wp\/v2\/pages\/9773\/revisions\/21997"}],"up":[{"embeddable":true,"href":"https:\/\/profertil.eu\/pl\/wp-json\/wp\/v2\/pages\/9554"}],"wp:attachment":[{"href":"https:\/\/profertil.eu\/pl\/wp-json\/wp\/v2\/media?parent=9773"}],"wp:term":[{"taxonomy":"category","embeddable":true,"href":"https:\/\/profertil.eu\/pl\/wp-json\/wp\/v2\/categories?post=9773"},{"taxonomy":"post_tag","embeddable":true,"href":"https:\/\/profertil.eu\/pl\/wp-json\/wp\/v2\/tags?post=9773"}],"curies":[{"name":"wp","href":"https:\/\/api.w.org\/{rel}","templated":true}]}}