 {"id":9575,"date":"2021-03-25T21:11:25","date_gmt":"2021-03-25T20:11:25","guid":{"rendered":"https:\/\/profertil.eu\/?page_id=9575"},"modified":"2023-09-26T14:43:22","modified_gmt":"2023-09-26T12:43:22","slug":"badanie-dna-2019","status":"publish","type":"page","link":"https:\/\/profertil.eu\/pl\/badania\/badanie-dna-2019\/","title":{"rendered":"Badanie DNA 2019"},"content":{"rendered":"\n<div class=\"wp-block-cover has-background-dim-10 has-background-dim alignfull\"><img data-recalc-dims=\"1\" loading=\"lazy\" decoding=\"async\" width=\"1024\" height=\"250\" class=\"wp-block-cover__image-background wp-image-9486\" alt=\"\" src=\"https:\/\/i0.wp.com\/profertil.eu\/wp-content\/uploads\/2019\/06\/spermiogramm.jpg?resize=1024%2C250&#038;ssl=1\" style=\"object-position:14% 44%\" data-object-fit=\"cover\" data-object-position=\"14% 44%\" srcset=\"https:\/\/i0.wp.com\/profertil.eu\/wp-content\/uploads\/2019\/06\/spermiogramm.jpg?w=2048&amp;ssl=1 2048w, https:\/\/i0.wp.com\/profertil.eu\/wp-content\/uploads\/2019\/06\/spermiogramm.jpg?resize=300%2C73&amp;ssl=1 300w, https:\/\/i0.wp.com\/profertil.eu\/wp-content\/uploads\/2019\/06\/spermiogramm.jpg?resize=768%2C188&amp;ssl=1 768w, https:\/\/i0.wp.com\/profertil.eu\/wp-content\/uploads\/2019\/06\/spermiogramm.jpg?resize=1024%2C250&amp;ssl=1 1024w\" sizes=\"auto, (max-width: 1024px) 100vw, 1024px\" \/><div class=\"wp-block-cover__inner-container is-layout-flow wp-block-cover-is-layout-flow\">\n<h1 class=\"has-text-align-right has-white-color has-text-color wp-block-heading\">OGRANICZA<br><span class=\"has-red-color\">FRAGMENTACJ\u0118 DNA<\/span><\/h1>\n<\/div><\/div>\n\n\n\n<div class=\"wp-block-group alignfull has-red-gradient-background-color has-background\"><div class=\"wp-block-group__inner-container is-layout-flow wp-block-group-is-layout-flow\">\n<div style=\"height:20px\" aria-hidden=\"true\" class=\"wp-block-spacer\"><\/div>\n\n\n\n<div class=\"wp-block-image\"><figure class=\"aligncenter size-large is-resized\"><img data-recalc-dims=\"1\" loading=\"lazy\" decoding=\"async\" src=\"https:\/\/i0.wp.com\/profertil.eu\/wp-content\/uploads\/2019\/07\/PROfertil_Pillensperm-2.png?resize=467%2C50&#038;ssl=1\" alt=\"\" class=\"wp-image-9617\" width=\"467\" height=\"50\" srcset=\"https:\/\/i0.wp.com\/profertil.eu\/wp-content\/uploads\/2019\/07\/PROfertil_Pillensperm-2.png?w=933&amp;ssl=1 933w, https:\/\/i0.wp.com\/profertil.eu\/wp-content\/uploads\/2019\/07\/PROfertil_Pillensperm-2.png?resize=300%2C32&amp;ssl=1 300w, https:\/\/i0.wp.com\/profertil.eu\/wp-content\/uploads\/2019\/07\/PROfertil_Pillensperm-2.png?resize=768%2C82&amp;ssl=1 768w\" sizes=\"auto, (max-width: 467px) 100vw, 467px\" \/><\/figure><\/div>\n\n\n\n<p class=\"has-text-align-center medium-width has-white-color has-text-color\" style=\"font-size:30px\">\u00bbZnaczne ograniczenie fragmentacji DNA plemnik\u00f3w\u00ab<\/p>\n\n\n\n<div style=\"height:30px\" aria-hidden=\"true\" class=\"wp-block-spacer\"><\/div>\n<\/div><\/div>\n\n\n\n<div class=\"wp-block-group alignfull\"><div class=\"wp-block-group__inner-container is-layout-flow wp-block-group-is-layout-flow\">\n<div class=\"wp-block-columns study-8-4 is-layout-flex wp-container-core-columns-is-layout-1 wp-block-columns-is-layout-flex\">\n<div class=\"wp-block-column is-layout-flow wp-block-column-is-layout-flow\">\n<div style=\"height:50px\" aria-hidden=\"true\" class=\"wp-block-spacer\"><\/div>\n\n\n\n<p class=\"has-medium-font-size\">BADANIE DNA 2019<\/p>\n\n\n\n<h3 class=\"has-red-color has-text-color wp-block-heading\">Ograniczenie fragmentacji DNA plemnik\u00f3w (w&nbsp;%) po trzech miesi\u0105cach stosowania produktu PROFERTIL<sup>\u00ae<\/sup><\/h3>\n<\/div>\n\n\n\n<div class=\"wp-block-column is-layout-flow wp-block-column-is-layout-flow\">\n<div class=\"wp-block-image bubble\"><figure class=\"aligncenter size-large is-resized\"><img data-recalc-dims=\"1\" loading=\"lazy\" decoding=\"async\" src=\"https:\/\/i0.wp.com\/profertil.eu\/wp-content\/uploads\/2021\/03\/badanie-dna-219-pl-bubble.png?resize=304%2C265&#038;ssl=1\" alt=\"\" class=\"wp-image-9576\" width=\"304\" height=\"265\" srcset=\"https:\/\/i0.wp.com\/profertil.eu\/wp-content\/uploads\/2021\/03\/badanie-dna-219-pl-bubble.png?w=608&amp;ssl=1 608w, https:\/\/i0.wp.com\/profertil.eu\/wp-content\/uploads\/2021\/03\/badanie-dna-219-pl-bubble.png?resize=300%2C261&amp;ssl=1 300w\" sizes=\"auto, (max-width: 304px) 100vw, 304px\" \/><\/figure><\/div>\n<\/div>\n<\/div>\n\n\n\n<div class=\"wp-block-columns study-8-4 is-layout-flex wp-container-core-columns-is-layout-2 wp-block-columns-is-layout-flex\">\n<div class=\"wp-block-column small-order-2 medium-order-1 is-layout-flow wp-block-column-is-layout-flow\">\n<div class=\"wp-block-image\"><figure class=\"aligncenter size-large\"><img data-recalc-dims=\"1\" loading=\"lazy\" decoding=\"async\" width=\"1024\" height=\"799\" src=\"https:\/\/i0.wp.com\/profertil.eu\/wp-content\/uploads\/2021\/03\/badanie-dna-2019-graph.png?resize=1024%2C799&#038;ssl=1\" alt=\"\" class=\"wp-image-9582\" srcset=\"https:\/\/i0.wp.com\/profertil.eu\/wp-content\/uploads\/2021\/03\/badanie-dna-2019-graph.png?resize=1024%2C799&amp;ssl=1 1024w, https:\/\/i0.wp.com\/profertil.eu\/wp-content\/uploads\/2021\/03\/badanie-dna-2019-graph.png?resize=300%2C234&amp;ssl=1 300w, https:\/\/i0.wp.com\/profertil.eu\/wp-content\/uploads\/2021\/03\/badanie-dna-2019-graph.png?resize=768%2C600&amp;ssl=1 768w, https:\/\/i0.wp.com\/profertil.eu\/wp-content\/uploads\/2021\/03\/badanie-dna-2019-graph.png?w=1240&amp;ssl=1 1240w\" sizes=\"auto, (max-width: 1024px) 100vw, 1024px\" \/><\/figure><\/div>\n<\/div>\n\n\n\n<div class=\"wp-block-column small-order-1 medium-order-2 is-layout-flow wp-block-column-is-layout-flow\">\n<figure class=\"wp-block-image size-large is-resized\"><img data-recalc-dims=\"1\" decoding=\"async\" src=\"https:\/\/i0.wp.com\/profertil.eu\/wp-content\/uploads\/2020\/03\/Fertility_and_Reproduction_Logo_2zeilig.png?w=212&#038;ssl=1\" alt=\"\" class=\"wp-image-9618\"  srcset=\"https:\/\/i0.wp.com\/profertil.eu\/wp-content\/uploads\/2020\/03\/Fertility_and_Reproduction_Logo_2zeilig.png?resize=1024%2C236&amp;ssl=1 1024w, https:\/\/i0.wp.com\/profertil.eu\/wp-content\/uploads\/2020\/03\/Fertility_and_Reproduction_Logo_2zeilig.png?resize=300%2C69&amp;ssl=1 300w, https:\/\/i0.wp.com\/profertil.eu\/wp-content\/uploads\/2020\/03\/Fertility_and_Reproduction_Logo_2zeilig.png?resize=768%2C177&amp;ssl=1 768w, https:\/\/i0.wp.com\/profertil.eu\/wp-content\/uploads\/2020\/03\/Fertility_and_Reproduction_Logo_2zeilig.png?w=1267&amp;ssl=1 1267w\" sizes=\"(max-width: 1024px) 100vw, 1024px\" \/><\/figure>\n\n\n\n<figure class=\"wp-block-image size-full is-resized\"><img data-recalc-dims=\"1\" loading=\"lazy\" decoding=\"async\" src=\"https:\/\/i0.wp.com\/profertil.eu\/wp-content\/uploads\/2019\/07\/aspire-logo.png?resize=212%2C100&#038;ssl=1\" alt=\"Aspire, Hong Kong 2019\" class=\"wp-image-2452\" width=\"212\" height=\"100\" srcset=\"https:\/\/i0.wp.com\/profertil.eu\/wp-content\/uploads\/2019\/07\/aspire-logo.png?w=424&amp;ssl=1 424w, https:\/\/i0.wp.com\/profertil.eu\/wp-content\/uploads\/2019\/07\/aspire-logo.png?resize=300%2C142&amp;ssl=1 300w\" sizes=\"auto, (max-width: 212px) 100vw, 212px\" \/><\/figure>\n\n\n\n<div style=\"height:30px\" aria-hidden=\"true\" class=\"wp-block-spacer\"><\/div>\n\n\n\n<p class=\"has-small-font-size\"><strong><strong>Liczba pacjent\u00f3w<\/strong>:<\/strong><br>n = 306<br>(grupa przyjmuj\u0105ca PROFERTIL<sup>\u00ae<\/sup>: n = 146;<br>grupa kontrolna: n = 160)<br><br><strong><strong>Prezentacja<\/strong>:<\/strong><br>Aspire 2019, Hongkong;<br>Oczekuje na pe\u0142n\u0105 publikacj\u0119<\/p>\n\n\n\n<div style=\"height:30px\" aria-hidden=\"true\" class=\"wp-block-spacer\"><\/div>\n<\/div>\n<\/div>\n\n\n\n<div style=\"height:50px\" aria-hidden=\"true\" class=\"wp-block-spacer\"><\/div>\n\n\n\n<div class=\"wp-block-columns study-8-4 is-layout-flex wp-container-core-columns-is-layout-3 wp-block-columns-is-layout-flex\">\n<div class=\"wp-block-column is-layout-flow wp-block-column-is-layout-flow\">\n<h6 class=\"has-red-color has-text-color wp-block-heading\"><strong>Unikalny, opatentowany sk\u0142ad produktu PROFERTIL<\/strong><sup>\u00ae<\/sup><\/h6>\n\n\n\n<ul class=\"studylist wp-block-list\"><li>(nieprzyjmuj\u0105c\u0105 \u017cadnej substancji czynnej).<\/li><li>Wska\u017anik zaj\u015bcia w&nbsp;ci\u0105\u017c\u0119 przez partnerk\u0119 w&nbsp;przypadku grupy przyjmuj\u0105cej produkt PROFERTIL<sup>\u00ae<\/sup>&nbsp;wynosi 28,06% w&nbsp;por\u00f3wnaniu do 16,31% w&nbsp;przypadku grupy kontrolnej.<\/li><\/ul>\n\n\n\n<div style=\"height:30px\" aria-hidden=\"true\" class=\"wp-block-spacer\"><\/div>\n\n\n\n<p class=\"has-small-font-size\"><a href=\"https:\/\/www.worldscientific.com\/doi\/abs\/10.1142\/S2661318219500142\" target=\"_blank\" rel=\"noreferrer noopener\">DNA Study 2019; Measured with sperm chromatin dispersion (SCD) technique, will DNA integrity in spermatozoa increase after micronutrient supplementation? <br>A retrospective study; Imhof M. et al.; first results presented at Aspire Hong Kong 2019.<\/a><\/p>\n\n\n\n<p><\/p>\n<\/div>\n\n\n\n<div class=\"wp-block-column is-layout-flow wp-block-column-is-layout-flow\"><\/div>\n<\/div>\n\n\n\n<div style=\"height:50px\" aria-hidden=\"true\" class=\"wp-block-spacer\"><\/div>\n\n\n\n\n\n<div id=\"anchorlink-block_5d029bb7eaea5\" class=\"anchorlink dark \">\n            <a href=\"#packshot\" data-smooth-scroll data-animation-duration=\"750\" data-animation-easing=\"swing\" data-offset=\"-23\"><i class=\"material-icons pro-pulse\">expand_more<\/i><\/a>\n    <\/div><\/div><\/div>\n\n\n\n<p><\/p>\n\n\n\n<div class=\"wp-block-group alignfull has-red-gradient-background-color has-background\" id=\"packshot\"><div class=\"wp-block-group__inner-container is-layout-flow wp-block-group-is-layout-flow\">\n<div class=\"wp-block-columns has-2-columns is-layout-flex wp-container-core-columns-is-layout-4 wp-block-columns-is-layout-flex\">\n<div class=\"wp-block-column is-vertically-aligned-center is-layout-flow wp-block-column-is-layout-flow\">\n<div class=\"wp-block-image\"><figure class=\"aligncenter size-full is-resized\"><img data-recalc-dims=\"1\" loading=\"lazy\" decoding=\"async\" src=\"https:\/\/i0.wp.com\/profertil.eu\/wp-content\/uploads\/2021\/03\/no1-pl.png?resize=473%2C176&#038;ssl=1\" alt=\"\" class=\"wp-image-9567\" width=\"473\" height=\"176\" srcset=\"https:\/\/i0.wp.com\/profertil.eu\/wp-content\/uploads\/2021\/03\/no1-pl.png?w=946&amp;ssl=1 946w, https:\/\/i0.wp.com\/profertil.eu\/wp-content\/uploads\/2021\/03\/no1-pl.png?resize=300%2C112&amp;ssl=1 300w, https:\/\/i0.wp.com\/profertil.eu\/wp-content\/uploads\/2021\/03\/no1-pl.png?resize=768%2C286&amp;ssl=1 768w\" sizes=\"auto, (max-width: 473px) 100vw, 473px\" \/><\/figure><\/div>\n<\/div>\n\n\n\n<div class=\"wp-block-column is-vertically-aligned-center is-layout-flow wp-block-column-is-layout-flow\">\n<div style=\"height:50px\" aria-hidden=\"true\" class=\"wp-block-spacer\"><\/div>\n\n\n\n<div class=\"wp-block-image\"><figure class=\"aligncenter size-large\"><img data-recalc-dims=\"1\" loading=\"lazy\" decoding=\"async\" width=\"791\" height=\"390\" src=\"https:\/\/i0.wp.com\/profertil.eu\/wp-content\/uploads\/\/2019\/07\/PROfertil-male_60K_int_HG-drot.png?resize=791%2C390&#038;ssl=1\" alt=\"Packshot PROFERTIL\u00ae male\" class=\"wp-image-2728\" srcset=\"https:\/\/i0.wp.com\/profertil.eu\/wp-content\/uploads\/2019\/07\/PROfertil-male_60K_int_HG-drot.png?w=791&amp;ssl=1 791w, https:\/\/i0.wp.com\/profertil.eu\/wp-content\/uploads\/2019\/07\/PROfertil-male_60K_int_HG-drot.png?resize=300%2C148&amp;ssl=1 300w, https:\/\/i0.wp.com\/profertil.eu\/wp-content\/uploads\/2019\/07\/PROfertil-male_60K_int_HG-drot.png?resize=768%2C379&amp;ssl=1 768w\" sizes=\"auto, (max-width: 791px) 100vw, 791px\" \/><\/figure><\/div>\n\n\n\n<p class=\"has-text-align-center has-white-color has-text-color\"><strong><strong>\u015aREDNI WSKA\u0179NIK ZAJ\u015aCIA W\u00a0CI\u0104\u017b\u0118 PRZEZ PARTNERK\u0118 26\u201341%<\/strong><\/strong><\/p>\n\n\n\n<div style=\"height:50px\" aria-hidden=\"true\" class=\"wp-block-spacer\"><\/div>\n<\/div>\n<\/div>\n\n\n\n\n\n<div id=\"anchorlink-block_5d02a16a1f77b\" class=\"anchorlink light \">\n            <a href=\"#buynow\" data-smooth-scroll data-animation-duration=\"750\" data-animation-easing=\"swing\" data-offset=\"-23\"><i class=\"material-icons pro-pulse\">expand_more<\/i><\/a>\n    <\/div>\n\n\n<p><\/p>\n<\/div><\/div>\n\n\n\n<div id=\"buynow\" class=\"wp-block-group window-height minus-footer center\"><div class=\"wp-block-group__inner-container is-layout-flow wp-block-group-is-layout-flow\">\n<div class=\"wp-block-image\"><figure class=\"aligncenter size-large is-resized\"><a href=\"https:\/\/profertil.eu\/pl\/gdzie-kupic\/\"><img loading=\"lazy\" decoding=\"async\" src=\"https:\/\/profertil.eu\/wp-content\/uploads\/2021\/03\/KUP-TERAZ.svg\" alt=\"\" class=\"wp-image-9324\" width=\"500\" height=\"94\"\/><\/a><\/figure><\/div>\n<\/div><\/div>\n","protected":false},"excerpt":{"rendered":"<p>\u00bbZnaczne ograniczenie fragmentacji DNA plemnik\u00f3w\u00ab BADANIE DNA 2019 Ograniczenie fragmentacji DNA plemnik\u00f3w (w&nbsp;%) po trzech miesi\u0105cach stosowania produktu PROFERTIL\u00ae Liczba pacjent\u00f3w:n = 306(grupa przyjmuj\u0105ca PROFERTIL\u00ae: n = 146;grupa kontrolna: n = 160) Prezentacja:Aspire 2019, Hongkong;Oczekuje na pe\u0142n\u0105 publikacj\u0119 Unikalny, opatentowany sk\u0142ad produktu PROFERTIL\u00ae (nieprzyjmuj\u0105c\u0105 \u017cadnej substancji czynnej). Wska\u017anik zaj\u015bcia w&nbsp;ci\u0105\u017c\u0119 przez partnerk\u0119 w&nbsp;przypadku grupy przyjmuj\u0105cej<a class=\"excerpt-read-more\" href=\"https:\/\/profertil.eu\/pl\/badania\/badanie-dna-2019\/\" title=\"ReadBadanie DNA 2019\">&#8230; Read more &raquo;<\/a><\/p>\n","protected":false},"author":1,"featured_media":0,"parent":9554,"menu_order":4,"comment_status":"closed","ping_status":"closed","template":"template-study.php","meta":{"_acf_changed":false,"pgc_sgb_lightbox_settings":"","footnotes":""},"categories":[60],"tags":[],"class_list":["post-9575","page","type-page","status-publish","hentry","category-badania"],"acf":[],"yoast_head":"<!-- This site is optimized with the Yoast SEO plugin v26.1 - https:\/\/yoast.com\/wordpress\/plugins\/seo\/ -->\n<title>Badanie DNA 2019 - PROFERTIL<\/title>\n<meta name=\"robots\" content=\"index, follow, max-snippet:-1, max-image-preview:large, max-video-preview:-1\" \/>\n<link rel=\"canonical\" href=\"https:\/\/profertil.eu\/at\/?page_id=1462\" \/>\n<meta property=\"og:locale\" content=\"pl_PL\" \/>\n<meta property=\"og:type\" content=\"article\" \/>\n<meta property=\"og:title\" content=\"Badanie DNA 2019 - PROFERTIL\" \/>\n<meta property=\"og:description\" content=\"\u00bbZnaczne ograniczenie fragmentacji DNA plemnik\u00f3w\u00ab BADANIE DNA 2019 Ograniczenie fragmentacji DNA plemnik\u00f3w (w&nbsp;%) po trzech miesi\u0105cach stosowania produktu PROFERTIL\u00ae Liczba pacjent\u00f3w:n = 306(grupa przyjmuj\u0105ca PROFERTIL\u00ae: n = 146;grupa kontrolna: n = 160) Prezentacja:Aspire 2019, Hongkong;Oczekuje na pe\u0142n\u0105 publikacj\u0119 Unikalny, opatentowany sk\u0142ad produktu PROFERTIL\u00ae (nieprzyjmuj\u0105c\u0105 \u017cadnej substancji czynnej). Wska\u017anik zaj\u015bcia w&nbsp;ci\u0105\u017c\u0119 przez partnerk\u0119 w&nbsp;przypadku grupy przyjmuj\u0105cej... Read more &raquo;\" \/>\n<meta property=\"og:url\" content=\"https:\/\/profertil.eu\/at\/?page_id=1462\" \/>\n<meta property=\"og:site_name\" content=\"PROFERTIL\" \/>\n<meta property=\"article:modified_time\" content=\"2023-09-26T12:43:22+00:00\" \/>\n<meta property=\"og:image\" content=\"https:\/\/profertil.eu\/wp-content\/uploads\/2019\/06\/spermiogramm.jpg\" \/>\n<meta name=\"twitter:card\" content=\"summary_large_image\" \/>\n<meta name=\"twitter:label1\" content=\"Szacowany czas czytania\" \/>\n\t<meta name=\"twitter:data1\" content=\"1 minuta\" \/>\n<script type=\"application\/ld+json\" class=\"yoast-schema-graph\">{\"@context\":\"https:\/\/schema.org\",\"@graph\":[{\"@type\":\"WebPage\",\"@id\":\"https:\/\/profertil.eu\/at\/?page_id=1462\",\"url\":\"https:\/\/profertil.eu\/at\/?page_id=1462\",\"name\":\"Badanie DNA 2019 - PROFERTIL\",\"isPartOf\":{\"@id\":\"https:\/\/profertil.eu\/#website\"},\"primaryImageOfPage\":{\"@id\":\"https:\/\/profertil.eu\/at\/?page_id=1462#primaryimage\"},\"image\":{\"@id\":\"https:\/\/profertil.eu\/at\/?page_id=1462#primaryimage\"},\"thumbnailUrl\":\"https:\/\/profertil.eu\/wp-content\/uploads\/2019\/06\/spermiogramm.jpg\",\"datePublished\":\"2021-03-25T20:11:25+00:00\",\"dateModified\":\"2023-09-26T12:43:22+00:00\",\"breadcrumb\":{\"@id\":\"https:\/\/profertil.eu\/at\/?page_id=1462#breadcrumb\"},\"inLanguage\":\"pl-PL\",\"potentialAction\":[{\"@type\":\"ReadAction\",\"target\":[\"https:\/\/profertil.eu\/at\/?page_id=1462\"]}]},{\"@type\":\"ImageObject\",\"inLanguage\":\"pl-PL\",\"@id\":\"https:\/\/profertil.eu\/at\/?page_id=1462#primaryimage\",\"url\":\"https:\/\/profertil.eu\/wp-content\/uploads\/2019\/06\/spermiogramm.jpg\",\"contentUrl\":\"https:\/\/profertil.eu\/wp-content\/uploads\/2019\/06\/spermiogramm.jpg\"},{\"@type\":\"BreadcrumbList\",\"@id\":\"https:\/\/profertil.eu\/at\/?page_id=1462#breadcrumb\",\"itemListElement\":[{\"@type\":\"ListItem\",\"position\":1,\"name\":\"Home\",\"item\":\"https:\/\/profertil.eu\/pl\/startseite\/\"},{\"@type\":\"ListItem\",\"position\":2,\"name\":\"Badania\",\"item\":\"https:\/\/profertil.eu\/pl\/badania\/\"},{\"@type\":\"ListItem\",\"position\":3,\"name\":\"Badanie DNA 2019\"}]},{\"@type\":\"WebSite\",\"@id\":\"https:\/\/profertil.eu\/#website\",\"url\":\"https:\/\/profertil.eu\/\",\"name\":\"PROFERTIL\",\"description\":\"No. 1 proven efficacy in male fertility\",\"publisher\":{\"@id\":\"https:\/\/profertil.eu\/#organization\"},\"potentialAction\":[{\"@type\":\"SearchAction\",\"target\":{\"@type\":\"EntryPoint\",\"urlTemplate\":\"https:\/\/profertil.eu\/?s={search_term_string}\"},\"query-input\":{\"@type\":\"PropertyValueSpecification\",\"valueRequired\":true,\"valueName\":\"search_term_string\"}}],\"inLanguage\":\"pl-PL\"},{\"@type\":\"Organization\",\"@id\":\"https:\/\/profertil.eu\/#organization\",\"name\":\"PROFERTIL\",\"url\":\"https:\/\/profertil.eu\/\",\"logo\":{\"@type\":\"ImageObject\",\"inLanguage\":\"pl-PL\",\"@id\":\"https:\/\/profertil.eu\/#\/schema\/logo\/image\/\",\"url\":\"https:\/\/profertil.eu\/wp-content\/uploads\/2025\/10\/PROFERTIL-logo-2025.svg\",\"contentUrl\":\"https:\/\/profertil.eu\/wp-content\/uploads\/2025\/10\/PROFERTIL-logo-2025.svg\",\"caption\":\"PROFERTIL\"},\"image\":{\"@id\":\"https:\/\/profertil.eu\/#\/schema\/logo\/image\/\"}}]}<\/script>\n<!-- \/ Yoast SEO plugin. -->","yoast_head_json":{"title":"Badanie DNA 2019 - PROFERTIL","robots":{"index":"index","follow":"follow","max-snippet":"max-snippet:-1","max-image-preview":"max-image-preview:large","max-video-preview":"max-video-preview:-1"},"canonical":"https:\/\/profertil.eu\/at\/?page_id=1462","og_locale":"pl_PL","og_type":"article","og_title":"Badanie DNA 2019 - PROFERTIL","og_description":"\u00bbZnaczne ograniczenie fragmentacji DNA plemnik\u00f3w\u00ab BADANIE DNA 2019 Ograniczenie fragmentacji DNA plemnik\u00f3w (w&nbsp;%) po trzech miesi\u0105cach stosowania produktu PROFERTIL\u00ae Liczba pacjent\u00f3w:n = 306(grupa przyjmuj\u0105ca PROFERTIL\u00ae: n = 146;grupa kontrolna: n = 160) Prezentacja:Aspire 2019, Hongkong;Oczekuje na pe\u0142n\u0105 publikacj\u0119 Unikalny, opatentowany sk\u0142ad produktu PROFERTIL\u00ae (nieprzyjmuj\u0105c\u0105 \u017cadnej substancji czynnej). Wska\u017anik zaj\u015bcia w&nbsp;ci\u0105\u017c\u0119 przez partnerk\u0119 w&nbsp;przypadku grupy przyjmuj\u0105cej... Read more &raquo;","og_url":"https:\/\/profertil.eu\/at\/?page_id=1462","og_site_name":"PROFERTIL","article_modified_time":"2023-09-26T12:43:22+00:00","og_image":[{"url":"https:\/\/profertil.eu\/wp-content\/uploads\/2019\/06\/spermiogramm.jpg","type":"","width":"","height":""}],"twitter_card":"summary_large_image","twitter_misc":{"Szacowany czas czytania":"1 minuta"},"schema":{"@context":"https:\/\/schema.org","@graph":[{"@type":"WebPage","@id":"https:\/\/profertil.eu\/at\/?page_id=1462","url":"https:\/\/profertil.eu\/at\/?page_id=1462","name":"Badanie DNA 2019 - PROFERTIL","isPartOf":{"@id":"https:\/\/profertil.eu\/#website"},"primaryImageOfPage":{"@id":"https:\/\/profertil.eu\/at\/?page_id=1462#primaryimage"},"image":{"@id":"https:\/\/profertil.eu\/at\/?page_id=1462#primaryimage"},"thumbnailUrl":"https:\/\/profertil.eu\/wp-content\/uploads\/2019\/06\/spermiogramm.jpg","datePublished":"2021-03-25T20:11:25+00:00","dateModified":"2023-09-26T12:43:22+00:00","breadcrumb":{"@id":"https:\/\/profertil.eu\/at\/?page_id=1462#breadcrumb"},"inLanguage":"pl-PL","potentialAction":[{"@type":"ReadAction","target":["https:\/\/profertil.eu\/at\/?page_id=1462"]}]},{"@type":"ImageObject","inLanguage":"pl-PL","@id":"https:\/\/profertil.eu\/at\/?page_id=1462#primaryimage","url":"https:\/\/profertil.eu\/wp-content\/uploads\/2019\/06\/spermiogramm.jpg","contentUrl":"https:\/\/profertil.eu\/wp-content\/uploads\/2019\/06\/spermiogramm.jpg"},{"@type":"BreadcrumbList","@id":"https:\/\/profertil.eu\/at\/?page_id=1462#breadcrumb","itemListElement":[{"@type":"ListItem","position":1,"name":"Home","item":"https:\/\/profertil.eu\/pl\/startseite\/"},{"@type":"ListItem","position":2,"name":"Badania","item":"https:\/\/profertil.eu\/pl\/badania\/"},{"@type":"ListItem","position":3,"name":"Badanie DNA 2019"}]},{"@type":"WebSite","@id":"https:\/\/profertil.eu\/#website","url":"https:\/\/profertil.eu\/","name":"PROFERTIL","description":"No. 1 proven efficacy in male fertility","publisher":{"@id":"https:\/\/profertil.eu\/#organization"},"potentialAction":[{"@type":"SearchAction","target":{"@type":"EntryPoint","urlTemplate":"https:\/\/profertil.eu\/?s={search_term_string}"},"query-input":{"@type":"PropertyValueSpecification","valueRequired":true,"valueName":"search_term_string"}}],"inLanguage":"pl-PL"},{"@type":"Organization","@id":"https:\/\/profertil.eu\/#organization","name":"PROFERTIL","url":"https:\/\/profertil.eu\/","logo":{"@type":"ImageObject","inLanguage":"pl-PL","@id":"https:\/\/profertil.eu\/#\/schema\/logo\/image\/","url":"https:\/\/profertil.eu\/wp-content\/uploads\/2025\/10\/PROFERTIL-logo-2025.svg","contentUrl":"https:\/\/profertil.eu\/wp-content\/uploads\/2025\/10\/PROFERTIL-logo-2025.svg","caption":"PROFERTIL"},"image":{"@id":"https:\/\/profertil.eu\/#\/schema\/logo\/image\/"}}]}},"_links":{"self":[{"href":"https:\/\/profertil.eu\/pl\/wp-json\/wp\/v2\/pages\/9575","targetHints":{"allow":["GET"]}}],"collection":[{"href":"https:\/\/profertil.eu\/pl\/wp-json\/wp\/v2\/pages"}],"about":[{"href":"https:\/\/profertil.eu\/pl\/wp-json\/wp\/v2\/types\/page"}],"author":[{"embeddable":true,"href":"https:\/\/profertil.eu\/pl\/wp-json\/wp\/v2\/users\/1"}],"replies":[{"embeddable":true,"href":"https:\/\/profertil.eu\/pl\/wp-json\/wp\/v2\/comments?post=9575"}],"version-history":[{"count":9,"href":"https:\/\/profertil.eu\/pl\/wp-json\/wp\/v2\/pages\/9575\/revisions"}],"predecessor-version":[{"id":13175,"href":"https:\/\/profertil.eu\/pl\/wp-json\/wp\/v2\/pages\/9575\/revisions\/13175"}],"up":[{"embeddable":true,"href":"https:\/\/profertil.eu\/pl\/wp-json\/wp\/v2\/pages\/9554"}],"wp:attachment":[{"href":"https:\/\/profertil.eu\/pl\/wp-json\/wp\/v2\/media?parent=9575"}],"wp:term":[{"taxonomy":"category","embeddable":true,"href":"https:\/\/profertil.eu\/pl\/wp-json\/wp\/v2\/categories?post=9575"},{"taxonomy":"post_tag","embeddable":true,"href":"https:\/\/profertil.eu\/pl\/wp-json\/wp\/v2\/tags?post=9575"}],"curies":[{"name":"wp","href":"https:\/\/api.w.org\/{rel}","templated":true}]}}