 {"id":9560,"date":"2021-03-25T21:02:41","date_gmt":"2021-03-25T20:02:41","guid":{"rendered":"https:\/\/profertil.eu\/?page_id=9560"},"modified":"2023-09-26T14:43:40","modified_gmt":"2023-09-26T12:43:40","slug":"ogolny-zarys-badan","status":"publish","type":"page","link":"https:\/\/profertil.eu\/pl\/badania\/ogolny-zarys-badan\/","title":{"rendered":"Og\u00f3lny zarys bada\u0144"},"content":{"rendered":"\n<div class=\"wp-block-cover has-background-dim-10 has-background-dim alignfull\"><img data-recalc-dims=\"1\" loading=\"lazy\" decoding=\"async\" width=\"1024\" height=\"250\" class=\"wp-block-cover__image-background wp-image-1063\" alt=\"\" src=\"https:\/\/i0.wp.com\/profertil.eu\/wp-content\/uploads\/2019\/06\/spermiogramm.jpg?resize=1024%2C250&#038;ssl=1\" style=\"object-position:18% 39%\" data-object-fit=\"cover\" data-object-position=\"18% 39%\" srcset=\"https:\/\/i0.wp.com\/profertil.eu\/wp-content\/uploads\/2019\/06\/spermiogramm.jpg?w=2048&amp;ssl=1 2048w, https:\/\/i0.wp.com\/profertil.eu\/wp-content\/uploads\/2019\/06\/spermiogramm.jpg?resize=300%2C73&amp;ssl=1 300w, https:\/\/i0.wp.com\/profertil.eu\/wp-content\/uploads\/2019\/06\/spermiogramm.jpg?resize=768%2C188&amp;ssl=1 768w, https:\/\/i0.wp.com\/profertil.eu\/wp-content\/uploads\/2019\/06\/spermiogramm.jpg?resize=1024%2C250&amp;ssl=1 1024w\" sizes=\"auto, (max-width: 1024px) 100vw, 1024px\" \/><div class=\"wp-block-cover__inner-container is-layout-flow wp-block-cover-is-layout-flow\">\n<h1 class=\"has-text-align-right has-white-color has-text-color wp-block-heading\">SK\u0141AD POTWIERDZONY<br><span class=\"has-red-color\">BADANIAMI<\/span><\/h1>\n<\/div><\/div>\n\n\n\n<div class=\"wp-block-group alignfull has-red-gradient-background-color has-background\"><div class=\"wp-block-group__inner-container is-layout-flow wp-block-group-is-layout-flow\">\n<div style=\"height:30px\" aria-hidden=\"true\" class=\"wp-block-spacer\"><\/div>\n\n\n\n<p class=\"has-text-align-center medium-width has-white-color has-text-color\" style=\"font-size:30px\">Skuteczno\u015b\u0107 opatentowanej formu\u0142y produktu PROFERTIL<sup>\u00ae<\/sup>&nbsp;male udowodniono w&nbsp;licznych badaniach.<\/p>\n\n\n\n<div style=\"height:30px\" aria-hidden=\"true\" class=\"wp-block-spacer\"><\/div>\n<\/div><\/div>\n\n\n\n\n\n\n    <div class=\"wp-block-columns block-study-wrapper has-2-columns grid-x grid-margin-x\">\n        <!-- left col -->\n        <div class=\"wp-block-column cell large-auto large-8\">\n            <h2 class=\"study-title\">Badanie COVID<\/h2>\n                        <p class=\"main-finding\"><a href=\"https:\/\/profertil.eu\/pl\/badania\/badanie-covid\/\" title=\"More information\">Istotny wzrost proporcji\u00a0spermogram\u00f3w\u00a0mieszcz\u0105cych si\u0119 w normalnym zakresie\u00a0w odniesieniu do ruchu post\u0119powego i \u017cywotno\u015bci plemnik\u00f3w<\/a><\/p>\n                                                                    <span class=\"logo\"><img data-recalc-dims=\"1\" decoding=\"async\" src=\"https:\/\/i0.wp.com\/profertil.eu\/wp-content\/uploads\/2023\/09\/arch-ital-logo-cropped.png?w=1024&#038;ssl=1\"><\/span>\n                    <\/div>\n        <!-- right col -->\n        <div class=\"wp-block-column cell large-auto large-4\">\n                                            <div class=\"quote-img\"><img data-recalc-dims=\"1\" decoding=\"async\" src=\"https:\/\/i0.wp.com\/profertil.eu\/wp-content\/uploads\/2023\/10\/COVID-Bubble-66-7-PL.png?w=1024&#038;ssl=1\"><\/div>\n                <p class=\"more-link\"><a href=\"https:\/\/profertil.eu\/pl\/badania\/badanie-covid\/\" title=\"More information\">> Dowiedz si\u0119 wi\u0119cej<\/a><\/p>\n                    <\/div>\n    <\/div>\n\n\n\n\n\n\n    <div class=\"wp-block-columns block-study-wrapper has-2-columns grid-x grid-margin-x\">\n        <!-- left col -->\n        <div class=\"wp-block-column cell large-auto large-8\">\n            <h2 class=\"study-title\">Badanie DNA 2021<\/h2>\n                        <p class=\"main-finding\"><a href=\"https:\/\/profertil.eu\/pl\/badania\/badanie-dna-2021\/\" title=\"More information\">Istotne ograniczenie fragmentacji DNA w plemnikach<\/a><\/p>\n                                                                    <span class=\"logo\"><img data-recalc-dims=\"1\" decoding=\"async\" src=\"https:\/\/i0.wp.com\/profertil.eu\/wp-content\/uploads\/2022\/07\/DNA-Study-2021_Logo.png?w=1024&#038;ssl=1\"><\/span>\n                    <\/div>\n        <!-- right col -->\n        <div class=\"wp-block-column cell large-auto large-4\">\n                                            <div class=\"quote-img\"><img data-recalc-dims=\"1\" decoding=\"async\" src=\"https:\/\/i0.wp.com\/profertil.eu\/wp-content\/uploads\/2023\/10\/ISGE_DNA21_bubble-1-PL.png?w=1024&#038;ssl=1\"><\/div>\n                <p class=\"more-link\"><a href=\"https:\/\/profertil.eu\/pl\/badania\/badanie-dna-2021\/\" title=\"More information\">> Dowiedz si\u0119 wi\u0119cej<\/a><\/p>\n                    <\/div>\n    <\/div>\n\n\n\n\n\n\n    <div class=\"wp-block-columns block-study-wrapper has-2-columns grid-x grid-margin-x\">\n        <!-- left col -->\n        <div class=\"wp-block-column cell large-auto large-8\">\n            <h2 class=\"study-title\">Badanie DNA 2019<\/h2>\n                        <p class=\"main-finding\"><a href=\"https:\/\/profertil.eu\/pl\/badania\/badanie-dna-2019\/\" title=\"More information\">Istotne zmniejszenie fragmentacji DNA<\/a><\/p>\n                                        <p class=\"authors\">Przedstawiono podczas Aspire Hongkong 2019\r\nOczekuje na publikacj\u0119<\/p>\n                                                        <span class=\"logo\"><img data-recalc-dims=\"1\" decoding=\"async\" src=\"https:\/\/i0.wp.com\/profertil.eu\/wp-content\/uploads\/2021\/03\/aspire-logo-300x1421-1.png?w=1024&#038;ssl=1\"><\/span>\n                    <\/div>\n        <!-- right col -->\n        <div class=\"wp-block-column cell large-auto large-4\">\n                                            <div class=\"quote-img\"><img data-recalc-dims=\"1\" decoding=\"async\" src=\"https:\/\/i0.wp.com\/profertil.eu\/wp-content\/uploads\/2021\/03\/badanie-dna-219-pl-bubble.png?w=1024&#038;ssl=1\"><\/div>\n                <p class=\"more-link\"><a href=\"https:\/\/profertil.eu\/pl\/badania\/badanie-dna-2019\/\" title=\"More information\">> Dowiedz si\u0119 wi\u0119cej<\/a><\/p>\n                    <\/div>\n    <\/div>\n\n\n\n\n\n\n    <div class=\"wp-block-columns block-study-wrapper has-2-columns grid-x grid-margin-x\">\n        <!-- left col -->\n        <div class=\"wp-block-column cell large-auto large-8\">\n            <h2 class=\"study-title\">Badanie DNA 2014<\/h2>\n                        <p class=\"main-finding\"><a href=\"https:\/\/profertil.eu\/pl\/badania\/badanie-dna-2014\/\" title=\"More information\">Istotne zwi\u0119kszenie ochrony przed fragmentacj\u0105 DNA<\/a><\/p>\n                                                                    <span class=\"logo\"><img data-recalc-dims=\"1\" decoding=\"async\" src=\"https:\/\/i0.wp.com\/profertil.eu\/wp-content\/uploads\/2021\/03\/EMJ_Logo-300x631-1.png?w=1024&#038;ssl=1\"><\/span>\n                    <\/div>\n        <!-- right col -->\n        <div class=\"wp-block-column cell large-auto large-4\">\n                                            <div class=\"quote-img\"><img data-recalc-dims=\"1\" decoding=\"async\" src=\"https:\/\/i0.wp.com\/profertil.eu\/wp-content\/uploads\/2021\/03\/dna-2014-bubble-1-pl.png?w=1024&#038;ssl=1\"><\/div>\n                <p class=\"more-link\"><a href=\"https:\/\/profertil.eu\/pl\/badania\/badanie-dna-2014\/\" title=\"More information\">> Dowiedz si\u0119 wi\u0119cej<\/a><\/p>\n                    <\/div>\n    <\/div>\n\n\n\n\n\n\n    <div class=\"wp-block-columns block-study-wrapper has-2-columns grid-x grid-margin-x\">\n        <!-- left col -->\n        <div class=\"wp-block-column cell large-auto large-8\">\n            <h2 class=\"study-title\">Kontrolowane Badanie 2012<\/h2>\n                        <p class=\"main-finding\"><a href=\"https:\/\/profertil.eu\/pl\/badania\/kontrolowane-badanie-2012\/\" title=\"More information\">Do poprawy jako\u015bci nasienia potrzeba czego\u015b wi\u0119cej ni\u017c zmiany stylu \u017cycia<\/a><\/p>\n                                                                    <span class=\"logo\"><img data-recalc-dims=\"1\" decoding=\"async\" src=\"https:\/\/i0.wp.com\/profertil.eu\/wp-content\/uploads\/2021\/03\/e-spen-logo-300x1141-1.png?w=1024&#038;ssl=1\"><\/span>\n                    <\/div>\n        <!-- right col -->\n        <div class=\"wp-block-column cell large-auto large-4\">\n                                            <div class=\"quote-img\"><img data-recalc-dims=\"1\" decoding=\"async\" src=\"https:\/\/i0.wp.com\/profertil.eu\/wp-content\/uploads\/2021\/03\/controlled-study-2012-bubble-pl.png?w=1024&#038;ssl=1\"><\/div>\n                <p class=\"more-link\"><a href=\"https:\/\/profertil.eu\/pl\/badania\/kontrolowane-badanie-2012\/\" title=\"More information\">> Dowiedz si\u0119 wi\u0119cej<\/a><\/p>\n                    <\/div>\n    <\/div>\n\n\n\n\n\n\n    <div class=\"wp-block-columns block-study-wrapper has-2-columns grid-x grid-margin-x\">\n        <!-- left col -->\n        <div class=\"wp-block-column cell large-auto large-8\">\n            <h2 class=\"study-title\">Badanie dot. L-karnityny z 2016\u00a0r.<\/h2>\n                        <p class=\"main-finding\"><a href=\"https:\/\/profertil.eu\/pl\/badania\/badanie-dot-l-karnityny-z-2016-r\/\" title=\"More information\">Synergizm dzia\u0142ania substancji w skojarzeniu przewy\u017csza efekty osi\u0105gane w przypadku wysokich dawek substancji w monoterapii<\/a><\/p>\n                                                                    <span class=\"logo\"><img data-recalc-dims=\"1\" decoding=\"async\" src=\"https:\/\/i0.wp.com\/profertil.eu\/wp-content\/uploads\/2019\/07\/BioMed-Central-Logo.png?w=1024&#038;ssl=1\"><\/span>\n                    <\/div>\n        <!-- right col -->\n        <div class=\"wp-block-column cell large-auto large-4\">\n                                            <div class=\"quote-img\"><img data-recalc-dims=\"1\" decoding=\"async\" src=\"https:\/\/i0.wp.com\/profertil.eu\/wp-content\/uploads\/2021\/03\/study-2016-bubble-pl.png?w=1024&#038;ssl=1\"><\/div>\n                <p class=\"more-link\"><a href=\"https:\/\/profertil.eu\/pl\/badania\/badanie-dot-l-karnityny-z-2016-r\/\" title=\"More information\">> Dowiedz si\u0119 wi\u0119cej<\/a><\/p>\n                    <\/div>\n    <\/div>\n\n\n\n\n\n\n    <div class=\"wp-block-columns block-study-wrapper has-2-columns grid-x grid-margin-x\">\n        <!-- left col -->\n        <div class=\"wp-block-column cell large-auto large-8\">\n            <h2 class=\"study-title\">Badanie dot. subklinicznej postaci \u017cylak\u00f3w powr\u00f3zka nasiennego z 2010\u00a0r.<\/h2>\n                        <p class=\"main-finding\"><a href=\"https:\/\/profertil.eu\/pl\/badania\/badanie-dot-subklinicznej-postaci-zylakow-powrozka-nasiennego-z-2010-r\/\" title=\"More information\">Zwi\u0119ksza p\u0142odno\u015b\u0107 u m\u0119\u017cczyzn z subkliniczn\u0105 postaci\u0105 \u017cylak\u00f3w powr\u00f3zka nasiennego<\/a><\/p>\n                                                                    <span class=\"logo\"><img data-recalc-dims=\"1\" decoding=\"async\" src=\"https:\/\/i0.wp.com\/profertil.eu\/wp-content\/uploads\/2019\/07\/eau_Logo_cropped.png?w=1024&#038;ssl=1\"><\/span>\n                    <\/div>\n        <!-- right col -->\n        <div class=\"wp-block-column cell large-auto large-4\">\n                                            <div class=\"quote-img\"><img data-recalc-dims=\"1\" decoding=\"async\" src=\"https:\/\/i0.wp.com\/profertil.eu\/wp-content\/uploads\/2021\/03\/study-2010-bubble-pl.png?w=1024&#038;ssl=1\"><\/div>\n                <p class=\"more-link\"><a href=\"https:\/\/profertil.eu\/pl\/badania\/badanie-dot-subklinicznej-postaci-zylakow-powrozka-nasiennego-z-2010-r\/\" title=\"More information\">> Dowiedz si\u0119 wi\u0119cej<\/a><\/p>\n                    <\/div>\n    <\/div>\n\n\n\n<div class=\"wp-block-group alignfull has-red-gradient-background-color has-background\" id=\"packshot\"><div class=\"wp-block-group__inner-container is-layout-flow wp-block-group-is-layout-flow\">\n<div class=\"wp-block-columns has-2-columns is-layout-flex wp-container-core-columns-is-layout-1 wp-block-columns-is-layout-flex\">\n<div class=\"wp-block-column is-vertically-aligned-center is-layout-flow wp-block-column-is-layout-flow\">\n<div class=\"wp-block-image\"><figure class=\"aligncenter size-full is-resized\"><img data-recalc-dims=\"1\" loading=\"lazy\" decoding=\"async\" src=\"https:\/\/i0.wp.com\/profertil.eu\/wp-content\/uploads\/2021\/03\/no1-pl.png?resize=473%2C176&#038;ssl=1\" alt=\"\" class=\"wp-image-9567\" width=\"473\" height=\"176\" srcset=\"https:\/\/i0.wp.com\/profertil.eu\/wp-content\/uploads\/2021\/03\/no1-pl.png?w=946&amp;ssl=1 946w, https:\/\/i0.wp.com\/profertil.eu\/wp-content\/uploads\/2021\/03\/no1-pl.png?resize=300%2C112&amp;ssl=1 300w, https:\/\/i0.wp.com\/profertil.eu\/wp-content\/uploads\/2021\/03\/no1-pl.png?resize=768%2C286&amp;ssl=1 768w\" sizes=\"auto, (max-width: 473px) 100vw, 473px\" \/><\/figure><\/div>\n<\/div>\n\n\n\n<div class=\"wp-block-column is-vertically-aligned-center is-layout-flow wp-block-column-is-layout-flow\">\n<div style=\"height:50px\" aria-hidden=\"true\" class=\"wp-block-spacer\"><\/div>\n\n\n\n<div class=\"wp-block-image\"><figure class=\"aligncenter size-large\"><img data-recalc-dims=\"1\" loading=\"lazy\" decoding=\"async\" width=\"791\" height=\"390\" src=\"https:\/\/i0.wp.com\/profertil.eu\/wp-content\/uploads\/\/2019\/07\/PROfertil-male_60K_int_HG-drot.png?resize=791%2C390&#038;ssl=1\" alt=\"Packshot PROFERTIL\u00ae male\" class=\"wp-image-2728\" srcset=\"https:\/\/i0.wp.com\/profertil.eu\/wp-content\/uploads\/2019\/07\/PROfertil-male_60K_int_HG-drot.png?w=791&amp;ssl=1 791w, https:\/\/i0.wp.com\/profertil.eu\/wp-content\/uploads\/2019\/07\/PROfertil-male_60K_int_HG-drot.png?resize=300%2C148&amp;ssl=1 300w, https:\/\/i0.wp.com\/profertil.eu\/wp-content\/uploads\/2019\/07\/PROfertil-male_60K_int_HG-drot.png?resize=768%2C379&amp;ssl=1 768w\" sizes=\"auto, (max-width: 791px) 100vw, 791px\" \/><\/figure><\/div>\n\n\n\n<p class=\"has-text-align-center has-white-color has-text-color\"><strong><strong>\u015aREDNI WSKA\u0179NIK ZAJ\u015aCIA W\u00a0CI\u0104\u017b\u0118 PRZEZ PARTNERK\u0118 26\u201341%<\/strong><\/strong><\/p>\n\n\n\n<div style=\"height:50px\" aria-hidden=\"true\" class=\"wp-block-spacer\"><\/div>\n<\/div>\n<\/div>\n\n\n\n\n\n<div id=\"anchorlink-block_5d02a16a1f77b\" class=\"anchorlink light \">\n            <a href=\"#buynow\" data-smooth-scroll data-animation-duration=\"750\" data-animation-easing=\"swing\" data-offset=\"-23\"><i class=\"material-icons pro-pulse\">expand_more<\/i><\/a>\n    <\/div>\n\n\n<p><\/p>\n<\/div><\/div>\n\n\n\n<div id=\"buynow\" class=\"wp-block-group window-height minus-footer center\"><div class=\"wp-block-group__inner-container is-layout-flow wp-block-group-is-layout-flow\">\n<div class=\"wp-block-image\"><figure class=\"aligncenter size-large is-resized\"><a href=\"https:\/\/profertil.eu\/pl\/gdzie-kupic\/\"><img loading=\"lazy\" decoding=\"async\" src=\"https:\/\/profertil.eu\/wp-content\/uploads\/2021\/03\/KUP-TERAZ.svg\" alt=\"\" class=\"wp-image-9324\" width=\"500\" height=\"94\"\/><\/a><\/figure><\/div>\n<\/div><\/div>\n","protected":false},"excerpt":{"rendered":"<p>Skuteczno\u015b\u0107 opatentowanej formu\u0142y produktu PROFERTIL\u00ae&nbsp;male udowodniono w&nbsp;licznych badaniach.<\/p>\n","protected":false},"author":1,"featured_media":0,"parent":9554,"menu_order":1,"comment_status":"closed","ping_status":"closed","template":"template-full-width-no-title.php","meta":{"_acf_changed":false,"pgc_sgb_lightbox_settings":"","footnotes":""},"categories":[],"tags":[],"class_list":["post-9560","page","type-page","status-publish","hentry"],"acf":[],"yoast_head":"<!-- This site is optimized with the Yoast SEO plugin v26.1 - https:\/\/yoast.com\/wordpress\/plugins\/seo\/ -->\n<title>Og\u00f3lny zarys bada\u0144 - PROFERTIL<\/title>\n<meta name=\"robots\" content=\"index, follow, max-snippet:-1, max-image-preview:large, max-video-preview:-1\" \/>\n<link rel=\"canonical\" href=\"https:\/\/profertil.eu\/pl\/badania\/ogolny-zarys-badan\/\" \/>\n<meta property=\"og:locale\" content=\"pl_PL\" \/>\n<meta property=\"og:type\" content=\"article\" \/>\n<meta property=\"og:title\" content=\"Og\u00f3lny zarys bada\u0144 - PROFERTIL\" \/>\n<meta property=\"og:description\" content=\"Skuteczno\u015b\u0107 opatentowanej formu\u0142y produktu PROFERTIL\u00ae&nbsp;male udowodniono w&nbsp;licznych badaniach.\" \/>\n<meta property=\"og:url\" content=\"https:\/\/profertil.eu\/pl\/badania\/ogolny-zarys-badan\/\" \/>\n<meta property=\"og:site_name\" content=\"PROFERTIL\" \/>\n<meta property=\"article:modified_time\" content=\"2023-09-26T12:43:40+00:00\" \/>\n<meta property=\"og:image\" content=\"https:\/\/profertil.eu\/wp-content\/uploads\/2019\/06\/spermiogramm.jpg\" \/>\n<meta name=\"twitter:card\" content=\"summary_large_image\" \/>\n<script type=\"application\/ld+json\" class=\"yoast-schema-graph\">{\"@context\":\"https:\/\/schema.org\",\"@graph\":[{\"@type\":\"WebPage\",\"@id\":\"https:\/\/profertil.eu\/pl\/badania\/ogolny-zarys-badan\/\",\"url\":\"https:\/\/profertil.eu\/pl\/badania\/ogolny-zarys-badan\/\",\"name\":\"Og\u00f3lny zarys bada\u0144 - PROFERTIL\",\"isPartOf\":{\"@id\":\"https:\/\/profertil.eu\/#website\"},\"primaryImageOfPage\":{\"@id\":\"https:\/\/profertil.eu\/pl\/badania\/ogolny-zarys-badan\/#primaryimage\"},\"image\":{\"@id\":\"https:\/\/profertil.eu\/pl\/badania\/ogolny-zarys-badan\/#primaryimage\"},\"thumbnailUrl\":\"https:\/\/profertil.eu\/wp-content\/uploads\/2019\/06\/spermiogramm.jpg\",\"datePublished\":\"2021-03-25T20:02:41+00:00\",\"dateModified\":\"2023-09-26T12:43:40+00:00\",\"breadcrumb\":{\"@id\":\"https:\/\/profertil.eu\/pl\/badania\/ogolny-zarys-badan\/#breadcrumb\"},\"inLanguage\":\"pl-PL\",\"potentialAction\":[{\"@type\":\"ReadAction\",\"target\":[\"https:\/\/profertil.eu\/pl\/badania\/ogolny-zarys-badan\/\"]}]},{\"@type\":\"ImageObject\",\"inLanguage\":\"pl-PL\",\"@id\":\"https:\/\/profertil.eu\/pl\/badania\/ogolny-zarys-badan\/#primaryimage\",\"url\":\"https:\/\/profertil.eu\/wp-content\/uploads\/2019\/06\/spermiogramm.jpg\",\"contentUrl\":\"https:\/\/profertil.eu\/wp-content\/uploads\/2019\/06\/spermiogramm.jpg\"},{\"@type\":\"BreadcrumbList\",\"@id\":\"https:\/\/profertil.eu\/pl\/badania\/ogolny-zarys-badan\/#breadcrumb\",\"itemListElement\":[{\"@type\":\"ListItem\",\"position\":1,\"name\":\"Home\",\"item\":\"https:\/\/profertil.eu\/pl\/startseite\/\"},{\"@type\":\"ListItem\",\"position\":2,\"name\":\"Badania\",\"item\":\"https:\/\/profertil.eu\/pl\/badania\/\"},{\"@type\":\"ListItem\",\"position\":3,\"name\":\"Og\u00f3lny zarys bada\u0144\"}]},{\"@type\":\"WebSite\",\"@id\":\"https:\/\/profertil.eu\/#website\",\"url\":\"https:\/\/profertil.eu\/\",\"name\":\"PROFERTIL\",\"description\":\"No. 1 proven efficacy in male fertility\",\"publisher\":{\"@id\":\"https:\/\/profertil.eu\/#organization\"},\"potentialAction\":[{\"@type\":\"SearchAction\",\"target\":{\"@type\":\"EntryPoint\",\"urlTemplate\":\"https:\/\/profertil.eu\/?s={search_term_string}\"},\"query-input\":{\"@type\":\"PropertyValueSpecification\",\"valueRequired\":true,\"valueName\":\"search_term_string\"}}],\"inLanguage\":\"pl-PL\"},{\"@type\":\"Organization\",\"@id\":\"https:\/\/profertil.eu\/#organization\",\"name\":\"PROFERTIL\",\"url\":\"https:\/\/profertil.eu\/\",\"logo\":{\"@type\":\"ImageObject\",\"inLanguage\":\"pl-PL\",\"@id\":\"https:\/\/profertil.eu\/#\/schema\/logo\/image\/\",\"url\":\"https:\/\/profertil.eu\/wp-content\/uploads\/2025\/10\/PROFERTIL-logo-2025.svg\",\"contentUrl\":\"https:\/\/profertil.eu\/wp-content\/uploads\/2025\/10\/PROFERTIL-logo-2025.svg\",\"caption\":\"PROFERTIL\"},\"image\":{\"@id\":\"https:\/\/profertil.eu\/#\/schema\/logo\/image\/\"}}]}<\/script>\n<!-- \/ Yoast SEO plugin. -->","yoast_head_json":{"title":"Og\u00f3lny zarys bada\u0144 - PROFERTIL","robots":{"index":"index","follow":"follow","max-snippet":"max-snippet:-1","max-image-preview":"max-image-preview:large","max-video-preview":"max-video-preview:-1"},"canonical":"https:\/\/profertil.eu\/pl\/badania\/ogolny-zarys-badan\/","og_locale":"pl_PL","og_type":"article","og_title":"Og\u00f3lny zarys bada\u0144 - PROFERTIL","og_description":"Skuteczno\u015b\u0107 opatentowanej formu\u0142y produktu PROFERTIL\u00ae&nbsp;male udowodniono w&nbsp;licznych badaniach.","og_url":"https:\/\/profertil.eu\/pl\/badania\/ogolny-zarys-badan\/","og_site_name":"PROFERTIL","article_modified_time":"2023-09-26T12:43:40+00:00","og_image":[{"url":"https:\/\/profertil.eu\/wp-content\/uploads\/2019\/06\/spermiogramm.jpg","type":"","width":"","height":""}],"twitter_card":"summary_large_image","schema":{"@context":"https:\/\/schema.org","@graph":[{"@type":"WebPage","@id":"https:\/\/profertil.eu\/pl\/badania\/ogolny-zarys-badan\/","url":"https:\/\/profertil.eu\/pl\/badania\/ogolny-zarys-badan\/","name":"Og\u00f3lny zarys bada\u0144 - PROFERTIL","isPartOf":{"@id":"https:\/\/profertil.eu\/#website"},"primaryImageOfPage":{"@id":"https:\/\/profertil.eu\/pl\/badania\/ogolny-zarys-badan\/#primaryimage"},"image":{"@id":"https:\/\/profertil.eu\/pl\/badania\/ogolny-zarys-badan\/#primaryimage"},"thumbnailUrl":"https:\/\/profertil.eu\/wp-content\/uploads\/2019\/06\/spermiogramm.jpg","datePublished":"2021-03-25T20:02:41+00:00","dateModified":"2023-09-26T12:43:40+00:00","breadcrumb":{"@id":"https:\/\/profertil.eu\/pl\/badania\/ogolny-zarys-badan\/#breadcrumb"},"inLanguage":"pl-PL","potentialAction":[{"@type":"ReadAction","target":["https:\/\/profertil.eu\/pl\/badania\/ogolny-zarys-badan\/"]}]},{"@type":"ImageObject","inLanguage":"pl-PL","@id":"https:\/\/profertil.eu\/pl\/badania\/ogolny-zarys-badan\/#primaryimage","url":"https:\/\/profertil.eu\/wp-content\/uploads\/2019\/06\/spermiogramm.jpg","contentUrl":"https:\/\/profertil.eu\/wp-content\/uploads\/2019\/06\/spermiogramm.jpg"},{"@type":"BreadcrumbList","@id":"https:\/\/profertil.eu\/pl\/badania\/ogolny-zarys-badan\/#breadcrumb","itemListElement":[{"@type":"ListItem","position":1,"name":"Home","item":"https:\/\/profertil.eu\/pl\/startseite\/"},{"@type":"ListItem","position":2,"name":"Badania","item":"https:\/\/profertil.eu\/pl\/badania\/"},{"@type":"ListItem","position":3,"name":"Og\u00f3lny zarys bada\u0144"}]},{"@type":"WebSite","@id":"https:\/\/profertil.eu\/#website","url":"https:\/\/profertil.eu\/","name":"PROFERTIL","description":"No. 1 proven efficacy in male fertility","publisher":{"@id":"https:\/\/profertil.eu\/#organization"},"potentialAction":[{"@type":"SearchAction","target":{"@type":"EntryPoint","urlTemplate":"https:\/\/profertil.eu\/?s={search_term_string}"},"query-input":{"@type":"PropertyValueSpecification","valueRequired":true,"valueName":"search_term_string"}}],"inLanguage":"pl-PL"},{"@type":"Organization","@id":"https:\/\/profertil.eu\/#organization","name":"PROFERTIL","url":"https:\/\/profertil.eu\/","logo":{"@type":"ImageObject","inLanguage":"pl-PL","@id":"https:\/\/profertil.eu\/#\/schema\/logo\/image\/","url":"https:\/\/profertil.eu\/wp-content\/uploads\/2025\/10\/PROFERTIL-logo-2025.svg","contentUrl":"https:\/\/profertil.eu\/wp-content\/uploads\/2025\/10\/PROFERTIL-logo-2025.svg","caption":"PROFERTIL"},"image":{"@id":"https:\/\/profertil.eu\/#\/schema\/logo\/image\/"}}]}},"_links":{"self":[{"href":"https:\/\/profertil.eu\/pl\/wp-json\/wp\/v2\/pages\/9560","targetHints":{"allow":["GET"]}}],"collection":[{"href":"https:\/\/profertil.eu\/pl\/wp-json\/wp\/v2\/pages"}],"about":[{"href":"https:\/\/profertil.eu\/pl\/wp-json\/wp\/v2\/types\/page"}],"author":[{"embeddable":true,"href":"https:\/\/profertil.eu\/pl\/wp-json\/wp\/v2\/users\/1"}],"replies":[{"embeddable":true,"href":"https:\/\/profertil.eu\/pl\/wp-json\/wp\/v2\/comments?post=9560"}],"version-history":[{"count":11,"href":"https:\/\/profertil.eu\/pl\/wp-json\/wp\/v2\/pages\/9560\/revisions"}],"predecessor-version":[{"id":21552,"href":"https:\/\/profertil.eu\/pl\/wp-json\/wp\/v2\/pages\/9560\/revisions\/21552"}],"up":[{"embeddable":true,"href":"https:\/\/profertil.eu\/pl\/wp-json\/wp\/v2\/pages\/9554"}],"wp:attachment":[{"href":"https:\/\/profertil.eu\/pl\/wp-json\/wp\/v2\/media?parent=9560"}],"wp:term":[{"taxonomy":"category","embeddable":true,"href":"https:\/\/profertil.eu\/pl\/wp-json\/wp\/v2\/categories?post=9560"},{"taxonomy":"post_tag","embeddable":true,"href":"https:\/\/profertil.eu\/pl\/wp-json\/wp\/v2\/tags?post=9560"}],"curies":[{"name":"wp","href":"https:\/\/api.w.org\/{rel}","templated":true}]}}