 {"id":9484,"date":"2021-03-25T20:40:47","date_gmt":"2021-03-25T19:40:47","guid":{"rendered":"https:\/\/profertil.eu\/?page_id=9484"},"modified":"2021-03-25T20:40:47","modified_gmt":"2021-03-25T19:40:47","slug":"spermiogram","status":"publish","type":"page","link":"https:\/\/profertil.eu\/pl\/zdrowe-plemniki\/spermiogram\/","title":{"rendered":"Spermiogram"},"content":{"rendered":"\n<div class=\"wp-block-cover has-background-dim-20 has-black-background-color has-background-dim alignfull\" style=\"background-image:url(https:\/\/profertil.eu\/wp-content\/uploads\/2019\/06\/spermiogramm.jpg);background-position:14% 42%\"><div class=\"wp-block-cover__inner-container is-layout-flow wp-block-cover-is-layout-flow\">\n<h1 class=\"has-text-align-right wp-block-heading\"><span class=\"has-red-color\">TERAZ WIDZ\u0118 TO<\/span> <br>WYRA\u0179NIE<\/h1>\n<\/div><\/div>\n\n\n\n<div class=\"wp-block-group alignfull window-height minus-header center has-red-gradient-background-color has-background\"><div class=\"wp-block-group__inner-container is-layout-flow wp-block-group-is-layout-flow\">\n<div style=\"height:50px\" aria-hidden=\"true\" class=\"wp-block-spacer\"><\/div>\n\n\n\n<h2 class=\"has-text-align-center has-text-color wp-block-heading\" style=\"color:#c8aab5\">SPERMIOGRAM<\/h2>\n\n\n\n<div style=\"height:50px\" aria-hidden=\"true\" class=\"wp-block-spacer\"><\/div>\n\n\n\n<div class=\"wp-block-columns has-2-columns is-layout-flex wp-container-core-columns-is-layout-1 wp-block-columns-is-layout-flex\">\n<div class=\"wp-block-column is-layout-flow wp-block-column-is-layout-flow\">\n<div class=\"wp-block-image spermiogramm\"><figure class=\"aligncenter is-resized\"><img data-recalc-dims=\"1\" loading=\"lazy\" decoding=\"async\" src=\"https:\/\/i0.wp.com\/profertil.eu\/wp-content\/uploads\/2019\/06\/spemiogramm-before-vorher-neu.gif?resize=306%2C231&#038;ssl=1\" alt=\"\" class=\"wp-image-1744\" width=\"306\" height=\"231\"\/><figcaption>PRZED<\/figcaption><\/figure><\/div>\n<\/div>\n\n\n\n<div class=\"wp-block-column is-layout-flow wp-block-column-is-layout-flow\">\n<div class=\"wp-block-image spermiogramm\"><figure class=\"aligncenter is-resized\"><img data-recalc-dims=\"1\" loading=\"lazy\" decoding=\"async\" src=\"https:\/\/i0.wp.com\/profertil.eu\/wp-content\/uploads\/2019\/06\/spermiogramm-nachher-after.gif?resize=306%2C231&#038;ssl=1\" alt=\"\" class=\"wp-image-1244\" width=\"306\" height=\"231\"\/><figcaption>PO<\/figcaption><\/figure><\/div>\n<\/div>\n<\/div>\n\n\n\n<div class=\"wp-block-columns has-2-columns is-layout-flex wp-container-core-columns-is-layout-2 wp-block-columns-is-layout-flex\">\n<div class=\"wp-block-column is-layout-flow wp-block-column-is-layout-flow\">\n<p class=\"has-white-color has-text-color\">Spermiogram to wa\u017cne badanie umo\u017cliwiaj\u0105ce ocen\u0119 p\u0142odno\u015bci u\u00a0m\u0119\u017cczyzn. Ocen\u0119 przeprowadza si\u0119 wed\u0142ug wytycznych WHO. Celem badania jest dokonanie oceny plemnik\u00f3w pod k\u0105tem ich st\u0119\u017cenia, ruchliwo\u015bci i\u00a0kszta\u0142tu.<\/p>\n<\/div>\n\n\n\n<div class=\"wp-block-column is-layout-flow wp-block-column-is-layout-flow\">\n<p class=\"has-white-color has-text-color\">W&nbsp;spermiogramie wykorzystuje si\u0119 analiz\u0119 mikroskopow\u0105 ejakulatu w&nbsp;celu oceny p\u0142odno\u015bci m\u0119\u017cczyzny. Spermiogram stanowi wykaz wszystkich wynik\u00f3w uzyskanych w&nbsp;ramach badania plemnik\u00f3w.<\/p>\n<\/div>\n<\/div>\n\n\n\n<div style=\"height:50px\" aria-hidden=\"true\" class=\"wp-block-spacer\"><\/div>\n\n\n\n\n\n<div id=\"anchorlink-block_5cf5437598375\" class=\"anchorlink light \">\n            <a href=\"#section2\" data-smooth-scroll data-animation-duration=\"750\" data-animation-easing=\"swing\" data-offset=\"-23\"><i class=\"material-icons pro-pulse\">expand_more<\/i><\/a>\n    <\/div><\/div><\/div>\n\n\n\n<div class=\"wp-block-group alignfull window-height center has-blue-gradient-background-color has-background\" id=\"section2\"><div class=\"wp-block-group__inner-container is-layout-flow wp-block-group-is-layout-flow\">\n<div style=\"height:50px\" aria-hidden=\"true\" class=\"wp-block-spacer\"><\/div>\n\n\n\n<h2 class=\"has-text-align-center has-white-color has-text-color wp-block-heading\">JAK UZYSKA\u0106 PEWNO\u015a\u0106<\/h2>\n\n\n\n<div style=\"height:50px\" aria-hidden=\"true\" class=\"wp-block-spacer\"><\/div>\n\n\n\n<div class=\"wp-block-columns has-2-columns is-layout-flex wp-container-core-columns-is-layout-3 wp-block-columns-is-layout-flex\">\n<div class=\"wp-block-column is-layout-flow wp-block-column-is-layout-flow\">\n<p class=\"has-white-color has-text-color\">Spermiogram to najwa\u017cniejsze badanie oceniaj\u0105ce p\u0142odno\u015b\u0107 u&nbsp;m\u0119\u017cczyzn. Pr\u00f3bk\u0119 nasienia pobiera si\u0119 poprzez masturbacj\u0119 w&nbsp;warunkach sterylnych, najlepiej bezpo\u015brednio w&nbsp;o\u015brodku badawczym, w&nbsp;celu umo\u017cliwienia szybkiego przetworzenia i&nbsp;analizy pr\u00f3bki. Ejakulat badany jest pod mikroskopem w&nbsp;laboratorium. Aby stwierdzi\u0107, czy przyczyn\u0105 niep\u0142odno\u015bci jest ma\u0142a liczba plemnik\u00f3w, nale\u017cy wzi\u0105\u0107 pod uwag\u0119 sum\u0119 r\u00f3\u017cnych czynnik\u00f3w, w&nbsp;tym liczb\u0119, ruchliwo\u015b\u0107 i&nbsp;jako\u015b\u0107 plemnik\u00f3w. Ma\u0142a liczba plemnik\u00f3w w&nbsp;ejakulacie nie jest r\u00f3wnoznaczna z&nbsp;bezp\u0142odno\u015bci\u0105, ale mo\u017ce oznacza\u0107, \u017ce zap\u0142odnienie kom\u00f3rki jajowej mo\u017ce wymaga\u0107 d\u0142u\u017cszego czasu. Plemniki o&nbsp;ograniczonej ruchliwo\u015bci albo nieprawid\u0142owym kszta\u0142cie mog\u0105 r\u00f3wnie\u017c negatywnie wp\u0142ywa\u0107 na zap\u0142odnienie metod\u0105 naturaln\u0105.<\/p>\n<\/div>\n\n\n\n<div class=\"wp-block-column is-layout-flow wp-block-column-is-layout-flow\">\n<p class=\"has-white-color has-text-color\"><strong>Jakie kwestie nale\u017cy wzi\u0105\u0107 pod uwag\u0119 w&nbsp;przypadku przeprowadzania spermiogramu?<\/strong><\/p>\n\n\n\n<p class=\"horizontal-white-gradient-bg reduce-padding\">Spermiogram przeprowadza si\u0119 po przynajmniej dw\u00f3ch dniach abstynencji seksualnej.<\/p>\n\n\n\n<p class=\"horizontal-white-gradient-bg reduce-padding\">Spermiogram kontrolny nale\u017cy powt\u00f3rzy\u0107 po oko\u0142o czterech tygodniach<\/p>\n\n\n\n<p class=\"horizontal-white-gradient-bg reduce-padding\">Pobranie pr\u00f3bki poprzez masturbacj\u0119 jest konieczne w\u00a0celu zbadania plemnik\u00f3w.<\/p>\n\n\n\n<p class=\"horizontal-white-gradient-bg reduce-padding\">Niezb\u0119dne jest przeprowadzenie badania przez urologa w\u00a0celu wykluczenia czynnik\u00f3w takich jak \u017cylaki powr\u00f3zka nasiennego (\u017cylaki naczy\u0144 \u017cylnych).<\/p>\n<\/div>\n<\/div>\n\n\n\n<div style=\"height:50px\" aria-hidden=\"true\" class=\"wp-block-spacer\"><\/div>\n\n\n\n\n\n<div id=\"anchorlink-block_5cf543a498376\" class=\"anchorlink light \">\n            <a href=\"#section3\" data-smooth-scroll data-animation-duration=\"750\" data-animation-easing=\"swing\" data-offset=\"-23\"><i class=\"material-icons pro-pulse\">expand_more<\/i><\/a>\n    <\/div><\/div><\/div>\n\n\n\n<div class=\"wp-block-group alignfull window-height center has-white-background-color has-background\" id=\"section3\"><div class=\"wp-block-group__inner-container is-layout-flow wp-block-group-is-layout-flow\">\n<div style=\"height:50px\" aria-hidden=\"true\" class=\"wp-block-spacer\"><\/div>\n\n\n\n<h2 class=\"has-text-align-center has-red-color has-text-color wp-block-heading\">KRYTERIA WHO DOTYCZ\u0104CE<\/h2>\n\n\n\n<h2 class=\"has-text-align-center has-light-grey-color has-text-color wp-block-heading\">PRAWID\u0141OWYCH WYNIK\u00d3W SPERMIOGRAMU<\/h2>\n\n\n\n<div style=\"height:50px\" aria-hidden=\"true\" class=\"wp-block-spacer\"><\/div>\n\n\n\n<div class=\"wp-block-columns has-2-columns is-layout-flex wp-container-core-columns-is-layout-4 wp-block-columns-is-layout-flex\">\n<div class=\"wp-block-column is-layout-flow wp-block-column-is-layout-flow\">\n<p>W&nbsp;ejakulacie o&nbsp;obj\u0119to\u015bci przynajmniej 1,5&nbsp;ml powinno znajdowa\u0107 si\u0119 ponad 15&nbsp;milion\u00f3w plemnik\u00f3w na mililitr p\u0142ynu nasiennego. Co wi\u0119cej, ponad 32% plemnik\u00f3w powinno wykazywa\u0107<br>szybki ruch post\u0119powy, a&nbsp;przynajmniej 4% plemnik\u00f3w powinno mie\u0107 prawid\u0142owy kszta\u0142t.<br>W&nbsp;przypadku spe\u0142nienia tych kryteri\u00f3w uznaje si\u0119, \u017ce m\u0119\u017cczyzna jest zdolny do sp\u0142odzenia dziecka.<br>Opr\u00f3cz uzyskania odpowiednich wynik\u00f3w bada\u0144 plemnik\u00f3w, ejakulat powinien zawiera\u0107 nie wi\u0119cej ni\u017c milion leukocyt\u00f3w na mililitr. Aby mie\u0107 pewno\u015b\u0107, zawsze nale\u017cy dwa razy zbada\u0107 ejakulat.<\/p>\n\n\n\n<p>Je\u017celi wyniki spermiogramu wskazuj\u0105 na zmiany patologiczne (warto\u015bci nieprawid\u0142owe), tj. je\u017celi przynajmniej jeden z\u00a0parametr\u00f3w znajduje si\u0119 poza zakresem okre\u015blonym w\u00a0normie WHO, niezb\u0119dne jest podj\u0119cie leczenia.<\/p>\n\n\n\n<p>Wed\u0142ug aktualnej normy WHO w\u00a0jednym mililitrze ejakulatu powinno znajdowa\u0107 si\u0119 ponad 15 milion\u00f3w plemnik\u00f3w. Obj\u0119to\u015b\u0107 ejakulatu powinna by\u0107 nie mniejsza ni\u017c 1,4\u00a0mililitra.<\/p>\n<\/div>\n\n\n\n<div class=\"wp-block-column is-layout-flow wp-block-column-is-layout-flow\">\n<div style=\"height:50px\" aria-hidden=\"true\" class=\"wp-block-spacer hide-for-large\"><\/div>\n\n\n\n<figure class=\"wp-block-table is-style-regular center-after-first-col who\"><table class=\"has-fixed-layout\"><thead><tr><th><\/th><th>WHO<br>1998<\/th><th>WHO<br>2010<\/th><\/tr><\/thead><tbody><tr><td>Obj\u0119to\u015b\u0107 ejakulatu<\/td><td>2ml<\/td><td>1,5ml<\/td><\/tr><tr><td>Ca\u0142kowita ilo\u015b\u0107 plemnik\u00f3w w ejakulacie<\/td><td>40 mill.<\/td><td>39 mill.<\/td><\/tr><tr><td>Ilo\u015b\u0107 plemnik\u00f3w<\/td><td>20 mill.\/ml<\/td><td>17 mill.\/ml<\/td><\/tr><tr><td>Ruch post\u0119powy<\/td><td>50%<\/td><td>32%<\/td><\/tr><tr><td>\u017bywotno\u015b\u0107 plemnik\u00f3w<\/td><td>75%<\/td><td>38%<\/td><\/tr><tr><td>Plemniki o prawid\u0142owej budowie<\/td><td>30%<\/td><td>4%<\/td><\/tr><tr><td>Ca\u0142kowita ruchliwo\u015b\u0107 plemnik\u00f3w<\/td><td>50%<\/td><td>40%<\/td><\/tr><tr><td>Warto\u015b\u0107 pH<\/td><td>\u2265 7,2 \u2013 7,8<\/td><td>\u2265 7,2<\/td><\/tr><\/tbody><\/table><\/figure>\n<\/div>\n<\/div>\n\n\n\n<div style=\"height:50px\" aria-hidden=\"true\" class=\"wp-block-spacer\"><\/div>\n\n\n\n\n\n<div id=\"anchorlink-block_5cf5465198377\" class=\"anchorlink dark \">\n            <a href=\"#buynow\" data-smooth-scroll data-animation-duration=\"750\" data-animation-easing=\"swing\" data-offset=\"-23\"><i class=\"material-icons pro-pulse\">expand_more<\/i><\/a>\n    <\/div><\/div><\/div>\n\n\n\n<div id=\"buynow\" class=\"wp-block-group window-height minus-footer center\"><div class=\"wp-block-group__inner-container is-layout-flow wp-block-group-is-layout-flow\">\n<div class=\"wp-block-image\"><figure class=\"aligncenter size-large is-resized\"><a href=\"https:\/\/profertil.eu\/pl\/gdzie-kupic\/\"><img loading=\"lazy\" decoding=\"async\" src=\"https:\/\/profertil.eu\/wp-content\/uploads\/2021\/03\/KUP-TERAZ.svg\" alt=\"\" class=\"wp-image-9324\" width=\"500\" height=\"94\"\/><\/a><\/figure><\/div>\n<\/div><\/div>\n","protected":false},"excerpt":{"rendered":"<p>SPERMIOGRAM Spermiogram to wa\u017cne badanie umo\u017cliwiaj\u0105ce ocen\u0119 p\u0142odno\u015bci u\u00a0m\u0119\u017cczyzn. Ocen\u0119 przeprowadza si\u0119 wed\u0142ug wytycznych WHO. Celem badania jest dokonanie oceny plemnik\u00f3w pod k\u0105tem ich st\u0119\u017cenia, ruchliwo\u015bci i\u00a0kszta\u0142tu. W&nbsp;spermiogramie wykorzystuje si\u0119 analiz\u0119 mikroskopow\u0105 ejakulatu w&nbsp;celu oceny p\u0142odno\u015bci m\u0119\u017cczyzny. Spermiogram stanowi wykaz wszystkich wynik\u00f3w uzyskanych w&nbsp;ramach badania plemnik\u00f3w. JAK UZYSKA\u0106 PEWNO\u015a\u0106 Spermiogram to najwa\u017cniejsze badanie oceniaj\u0105ce p\u0142odno\u015b\u0107<a class=\"excerpt-read-more\" href=\"https:\/\/profertil.eu\/pl\/zdrowe-plemniki\/spermiogram\/\" title=\"ReadSpermiogram\">&#8230; Read more &raquo;<\/a><\/p>\n","protected":false},"author":1,"featured_media":0,"parent":9397,"menu_order":3,"comment_status":"closed","ping_status":"closed","template":"template-full-width-no-title.php","meta":{"_acf_changed":false,"pgc_sgb_lightbox_settings":"","footnotes":""},"categories":[],"tags":[],"class_list":["post-9484","page","type-page","status-publish","hentry"],"acf":[],"yoast_head":"<!-- This site is optimized with the Yoast SEO plugin v26.1 - https:\/\/yoast.com\/wordpress\/plugins\/seo\/ -->\n<title>Spermiogram - PROFERTIL<\/title>\n<meta name=\"robots\" content=\"index, follow, max-snippet:-1, max-image-preview:large, max-video-preview:-1\" \/>\n<link rel=\"canonical\" href=\"https:\/\/profertil.eu\/pl\/zdrowe-plemniki\/spermiogram\/\" \/>\n<meta property=\"og:locale\" content=\"pl_PL\" \/>\n<meta property=\"og:type\" content=\"article\" \/>\n<meta property=\"og:title\" content=\"Spermiogram - PROFERTIL\" \/>\n<meta property=\"og:description\" content=\"SPERMIOGRAM Spermiogram to wa\u017cne badanie umo\u017cliwiaj\u0105ce ocen\u0119 p\u0142odno\u015bci u\u00a0m\u0119\u017cczyzn. Ocen\u0119 przeprowadza si\u0119 wed\u0142ug wytycznych WHO. Celem badania jest dokonanie oceny plemnik\u00f3w pod k\u0105tem ich st\u0119\u017cenia, ruchliwo\u015bci i\u00a0kszta\u0142tu. W&nbsp;spermiogramie wykorzystuje si\u0119 analiz\u0119 mikroskopow\u0105 ejakulatu w&nbsp;celu oceny p\u0142odno\u015bci m\u0119\u017cczyzny. Spermiogram stanowi wykaz wszystkich wynik\u00f3w uzyskanych w&nbsp;ramach badania plemnik\u00f3w. JAK UZYSKA\u0106 PEWNO\u015a\u0106 Spermiogram to najwa\u017cniejsze badanie oceniaj\u0105ce p\u0142odno\u015b\u0107... Read more &raquo;\" \/>\n<meta property=\"og:url\" content=\"https:\/\/profertil.eu\/pl\/zdrowe-plemniki\/spermiogram\/\" \/>\n<meta property=\"og:site_name\" content=\"PROFERTIL\" \/>\n<meta property=\"og:image\" content=\"https:\/\/i0.wp.com\/profertil.eu\/wp-content\/uploads\/2019\/06\/spemiogramm-before-vorher-neu.gif?fit=612%2C461&ssl=1\" \/>\n\t<meta property=\"og:image:width\" content=\"612\" \/>\n\t<meta property=\"og:image:height\" content=\"461\" \/>\n\t<meta property=\"og:image:type\" content=\"image\/gif\" \/>\n<meta name=\"twitter:card\" content=\"summary_large_image\" \/>\n<meta name=\"twitter:label1\" content=\"Szacowany czas czytania\" \/>\n\t<meta name=\"twitter:data1\" content=\"2 minuty\" \/>\n<script type=\"application\/ld+json\" class=\"yoast-schema-graph\">{\"@context\":\"https:\/\/schema.org\",\"@graph\":[{\"@type\":\"WebPage\",\"@id\":\"https:\/\/profertil.eu\/pl\/zdrowe-plemniki\/spermiogram\/\",\"url\":\"https:\/\/profertil.eu\/pl\/zdrowe-plemniki\/spermiogram\/\",\"name\":\"Spermiogram - PROFERTIL\",\"isPartOf\":{\"@id\":\"https:\/\/profertil.eu\/#website\"},\"primaryImageOfPage\":{\"@id\":\"https:\/\/profertil.eu\/pl\/zdrowe-plemniki\/spermiogram\/#primaryimage\"},\"image\":{\"@id\":\"https:\/\/profertil.eu\/pl\/zdrowe-plemniki\/spermiogram\/#primaryimage\"},\"thumbnailUrl\":\"https:\/\/profertil.eu\/wp-content\/uploads\/2019\/06\/spemiogramm-before-vorher-neu.gif\",\"datePublished\":\"2021-03-25T19:40:47+00:00\",\"breadcrumb\":{\"@id\":\"https:\/\/profertil.eu\/pl\/zdrowe-plemniki\/spermiogram\/#breadcrumb\"},\"inLanguage\":\"pl-PL\",\"potentialAction\":[{\"@type\":\"ReadAction\",\"target\":[\"https:\/\/profertil.eu\/pl\/zdrowe-plemniki\/spermiogram\/\"]}]},{\"@type\":\"ImageObject\",\"inLanguage\":\"pl-PL\",\"@id\":\"https:\/\/profertil.eu\/pl\/zdrowe-plemniki\/spermiogram\/#primaryimage\",\"url\":\"https:\/\/profertil.eu\/wp-content\/uploads\/2019\/06\/spemiogramm-before-vorher-neu.gif\",\"contentUrl\":\"https:\/\/profertil.eu\/wp-content\/uploads\/2019\/06\/spemiogramm-before-vorher-neu.gif\"},{\"@type\":\"BreadcrumbList\",\"@id\":\"https:\/\/profertil.eu\/pl\/zdrowe-plemniki\/spermiogram\/#breadcrumb\",\"itemListElement\":[{\"@type\":\"ListItem\",\"position\":1,\"name\":\"Home\",\"item\":\"https:\/\/profertil.eu\/pl\/startseite\/\"},{\"@type\":\"ListItem\",\"position\":2,\"name\":\"Zdrowe plemniki\",\"item\":\"https:\/\/profertil.eu\/pl\/zdrowe-plemniki\/\"},{\"@type\":\"ListItem\",\"position\":3,\"name\":\"Spermiogram\"}]},{\"@type\":\"WebSite\",\"@id\":\"https:\/\/profertil.eu\/#website\",\"url\":\"https:\/\/profertil.eu\/\",\"name\":\"PROFERTIL\",\"description\":\"No. 1 proven efficacy in male fertility\",\"publisher\":{\"@id\":\"https:\/\/profertil.eu\/#organization\"},\"potentialAction\":[{\"@type\":\"SearchAction\",\"target\":{\"@type\":\"EntryPoint\",\"urlTemplate\":\"https:\/\/profertil.eu\/?s={search_term_string}\"},\"query-input\":{\"@type\":\"PropertyValueSpecification\",\"valueRequired\":true,\"valueName\":\"search_term_string\"}}],\"inLanguage\":\"pl-PL\"},{\"@type\":\"Organization\",\"@id\":\"https:\/\/profertil.eu\/#organization\",\"name\":\"PROFERTIL\",\"url\":\"https:\/\/profertil.eu\/\",\"logo\":{\"@type\":\"ImageObject\",\"inLanguage\":\"pl-PL\",\"@id\":\"https:\/\/profertil.eu\/#\/schema\/logo\/image\/\",\"url\":\"https:\/\/profertil.eu\/wp-content\/uploads\/2025\/10\/PROFERTIL-logo-2025.svg\",\"contentUrl\":\"https:\/\/profertil.eu\/wp-content\/uploads\/2025\/10\/PROFERTIL-logo-2025.svg\",\"caption\":\"PROFERTIL\"},\"image\":{\"@id\":\"https:\/\/profertil.eu\/#\/schema\/logo\/image\/\"}}]}<\/script>\n<!-- \/ Yoast SEO plugin. -->","yoast_head_json":{"title":"Spermiogram - PROFERTIL","robots":{"index":"index","follow":"follow","max-snippet":"max-snippet:-1","max-image-preview":"max-image-preview:large","max-video-preview":"max-video-preview:-1"},"canonical":"https:\/\/profertil.eu\/pl\/zdrowe-plemniki\/spermiogram\/","og_locale":"pl_PL","og_type":"article","og_title":"Spermiogram - PROFERTIL","og_description":"SPERMIOGRAM Spermiogram to wa\u017cne badanie umo\u017cliwiaj\u0105ce ocen\u0119 p\u0142odno\u015bci u\u00a0m\u0119\u017cczyzn. Ocen\u0119 przeprowadza si\u0119 wed\u0142ug wytycznych WHO. Celem badania jest dokonanie oceny plemnik\u00f3w pod k\u0105tem ich st\u0119\u017cenia, ruchliwo\u015bci i\u00a0kszta\u0142tu. W&nbsp;spermiogramie wykorzystuje si\u0119 analiz\u0119 mikroskopow\u0105 ejakulatu w&nbsp;celu oceny p\u0142odno\u015bci m\u0119\u017cczyzny. Spermiogram stanowi wykaz wszystkich wynik\u00f3w uzyskanych w&nbsp;ramach badania plemnik\u00f3w. JAK UZYSKA\u0106 PEWNO\u015a\u0106 Spermiogram to najwa\u017cniejsze badanie oceniaj\u0105ce p\u0142odno\u015b\u0107... Read more &raquo;","og_url":"https:\/\/profertil.eu\/pl\/zdrowe-plemniki\/spermiogram\/","og_site_name":"PROFERTIL","og_image":[{"url":"https:\/\/i0.wp.com\/profertil.eu\/wp-content\/uploads\/2019\/06\/spemiogramm-before-vorher-neu.gif?fit=612%2C461&ssl=1","width":612,"height":461,"type":"image\/gif"}],"twitter_card":"summary_large_image","twitter_misc":{"Szacowany czas czytania":"2 minuty"},"schema":{"@context":"https:\/\/schema.org","@graph":[{"@type":"WebPage","@id":"https:\/\/profertil.eu\/pl\/zdrowe-plemniki\/spermiogram\/","url":"https:\/\/profertil.eu\/pl\/zdrowe-plemniki\/spermiogram\/","name":"Spermiogram - PROFERTIL","isPartOf":{"@id":"https:\/\/profertil.eu\/#website"},"primaryImageOfPage":{"@id":"https:\/\/profertil.eu\/pl\/zdrowe-plemniki\/spermiogram\/#primaryimage"},"image":{"@id":"https:\/\/profertil.eu\/pl\/zdrowe-plemniki\/spermiogram\/#primaryimage"},"thumbnailUrl":"https:\/\/profertil.eu\/wp-content\/uploads\/2019\/06\/spemiogramm-before-vorher-neu.gif","datePublished":"2021-03-25T19:40:47+00:00","breadcrumb":{"@id":"https:\/\/profertil.eu\/pl\/zdrowe-plemniki\/spermiogram\/#breadcrumb"},"inLanguage":"pl-PL","potentialAction":[{"@type":"ReadAction","target":["https:\/\/profertil.eu\/pl\/zdrowe-plemniki\/spermiogram\/"]}]},{"@type":"ImageObject","inLanguage":"pl-PL","@id":"https:\/\/profertil.eu\/pl\/zdrowe-plemniki\/spermiogram\/#primaryimage","url":"https:\/\/profertil.eu\/wp-content\/uploads\/2019\/06\/spemiogramm-before-vorher-neu.gif","contentUrl":"https:\/\/profertil.eu\/wp-content\/uploads\/2019\/06\/spemiogramm-before-vorher-neu.gif"},{"@type":"BreadcrumbList","@id":"https:\/\/profertil.eu\/pl\/zdrowe-plemniki\/spermiogram\/#breadcrumb","itemListElement":[{"@type":"ListItem","position":1,"name":"Home","item":"https:\/\/profertil.eu\/pl\/startseite\/"},{"@type":"ListItem","position":2,"name":"Zdrowe plemniki","item":"https:\/\/profertil.eu\/pl\/zdrowe-plemniki\/"},{"@type":"ListItem","position":3,"name":"Spermiogram"}]},{"@type":"WebSite","@id":"https:\/\/profertil.eu\/#website","url":"https:\/\/profertil.eu\/","name":"PROFERTIL","description":"No. 1 proven efficacy in male fertility","publisher":{"@id":"https:\/\/profertil.eu\/#organization"},"potentialAction":[{"@type":"SearchAction","target":{"@type":"EntryPoint","urlTemplate":"https:\/\/profertil.eu\/?s={search_term_string}"},"query-input":{"@type":"PropertyValueSpecification","valueRequired":true,"valueName":"search_term_string"}}],"inLanguage":"pl-PL"},{"@type":"Organization","@id":"https:\/\/profertil.eu\/#organization","name":"PROFERTIL","url":"https:\/\/profertil.eu\/","logo":{"@type":"ImageObject","inLanguage":"pl-PL","@id":"https:\/\/profertil.eu\/#\/schema\/logo\/image\/","url":"https:\/\/profertil.eu\/wp-content\/uploads\/2025\/10\/PROFERTIL-logo-2025.svg","contentUrl":"https:\/\/profertil.eu\/wp-content\/uploads\/2025\/10\/PROFERTIL-logo-2025.svg","caption":"PROFERTIL"},"image":{"@id":"https:\/\/profertil.eu\/#\/schema\/logo\/image\/"}}]}},"_links":{"self":[{"href":"https:\/\/profertil.eu\/pl\/wp-json\/wp\/v2\/pages\/9484","targetHints":{"allow":["GET"]}}],"collection":[{"href":"https:\/\/profertil.eu\/pl\/wp-json\/wp\/v2\/pages"}],"about":[{"href":"https:\/\/profertil.eu\/pl\/wp-json\/wp\/v2\/types\/page"}],"author":[{"embeddable":true,"href":"https:\/\/profertil.eu\/pl\/wp-json\/wp\/v2\/users\/1"}],"replies":[{"embeddable":true,"href":"https:\/\/profertil.eu\/pl\/wp-json\/wp\/v2\/comments?post=9484"}],"version-history":[{"count":7,"href":"https:\/\/profertil.eu\/pl\/wp-json\/wp\/v2\/pages\/9484\/revisions"}],"predecessor-version":[{"id":9492,"href":"https:\/\/profertil.eu\/pl\/wp-json\/wp\/v2\/pages\/9484\/revisions\/9492"}],"up":[{"embeddable":true,"href":"https:\/\/profertil.eu\/pl\/wp-json\/wp\/v2\/pages\/9397"}],"wp:attachment":[{"href":"https:\/\/profertil.eu\/pl\/wp-json\/wp\/v2\/media?parent=9484"}],"wp:term":[{"taxonomy":"category","embeddable":true,"href":"https:\/\/profertil.eu\/pl\/wp-json\/wp\/v2\/categories?post=9484"},{"taxonomy":"post_tag","embeddable":true,"href":"https:\/\/profertil.eu\/pl\/wp-json\/wp\/v2\/tags?post=9484"}],"curies":[{"name":"wp","href":"https:\/\/api.w.org\/{rel}","templated":true}]}}