 {"id":9399,"date":"2021-03-25T20:18:45","date_gmt":"2021-03-25T19:18:45","guid":{"rendered":"https:\/\/profertil.eu\/?page_id=9399"},"modified":"2021-03-25T20:18:45","modified_gmt":"2021-03-25T19:18:45","slug":"wytwarzanie-plemnikow","status":"publish","type":"page","link":"https:\/\/profertil.eu\/pl\/zdrowe-plemniki\/wytwarzanie-plemnikow\/","title":{"rendered":"Wytwarzanie plemnik\u00f3w"},"content":{"rendered":"\n<div class=\"wp-block-cover alignfull\" style=\"background-image:url(https:\/\/profertil.eu\/wp-content\/uploads\/2019\/06\/spermienproduktion.jpg);background-position:82% 44%\"><div class=\"wp-block-cover__inner-container is-layout-flow wp-block-cover-is-layout-flow\">\n<h1 class=\"wp-block-heading\"><span class=\"has-white-color\">JAK WYTWARZANE JEST<\/span> <span class=\"has-red-color\">NASIENIE<\/span><\/h1>\n<\/div><\/div>\n\n\n\n<div class=\"wp-block-group alignfull center has-blue-gradient-background-color has-background\"><div class=\"wp-block-group__inner-container is-layout-flow wp-block-group-is-layout-flow\">\n<div style=\"height:50px\" aria-hidden=\"true\" class=\"wp-block-spacer\"><\/div>\n\n\n\n<div class=\"wp-block-columns has-2-columns is-layout-flex wp-container-core-columns-is-layout-1 wp-block-columns-is-layout-flex\">\n<div class=\"wp-block-column is-layout-flow wp-block-column-is-layout-flow\">\n<p class=\"has-white-color has-text-color\">W\u00a0wytwarzaniu nasienia decyduj\u0105c\u0105 rol\u0119 odgrywaj\u0105 hormony (spermatogeneza). Przysadka m\u00f3zgowa wydziela hormon folikulotropowy (FSH). W\u00a0tym samym czasie wydzielany jest hormon luteinizuj\u0105cy (LH). U\u00a0kobiet oba te hormony prowadz\u0105 do dojrzewania kom\u00f3rek jajowych, natomiast u\u00a0m\u0119\u017cczyzn odpowiadaj\u0105 za powstawanie plemnik\u00f3w.<\/p>\n\n\n\n<p class=\"has-white-color has-text-color\">Wydawa\u0107 si\u0119 mo\u017ce, \u017ce trwaj\u0105cy oko\u0142o dw\u00f3ch\u2013trzech miesi\u0119cy proces wytwarzania i\u00a0dojrzewania plemnik\u00f3w jest kr\u00f3tki (tj. co trzy miesi\u0105ce w\u00a0naj\u0105drzach [j\u0105drach] powstaje nowy \u201ezestaw\u201d plemnik\u00f3w). Jednak najwi\u0119ksz\u0105 szans\u0119 na zap\u0142odnienie kom\u00f3rki jajowej maj\u0105 w\u00a0pe\u0142ni dojrza\u0142e plemniki. W\u00a0okresie tych dw\u00f3ch\u2013trzech miesi\u0119cy mo\u017ce zatem doj\u015b\u0107 do zaburze\u0144 rozwoju plemnik\u00f3w, kt\u00f3re mog\u0105 mie\u0107 decyduj\u0105cy wp\u0142yw.\u00a0<\/p>\n<\/div>\n\n\n\n<div class=\"wp-block-column is-layout-flow wp-block-column-is-layout-flow\">\n<p class=\"has-white-color has-text-color\">Liczba plemnik\u00f3w wytwarzanych przez organizm m\u0119\u017cczyzny zale\u017cy od wielu r\u00f3\u017cnych czynnik\u00f3w, takich jak genetyka, \u015brodowisko, stan zdrowia i\u00a0cz\u0119sto\u015b\u0107 kontakt\u00f3w seksualnych. Dlatego te\u017c liczba plemnik\u00f3w mo\u017ce r\u00f3\u017cni\u0107 si\u0119 w\u00a0zale\u017cno\u015bci od osoby. Dojrza\u0142y seksualnie m\u0119\u017cczyzna w\u00a0ka\u017cdym momencie dysponuje liczb\u0105 \u015brednio od dw\u00f3ch do trzech miliard\u00f3w plemnik\u00f3w. Poniewa\u017c plemniki w\u00a0cewkach nasiennych kr\u0119tych podlegaj\u0105 nieustannej regeneracji, zapas plemnik\u00f3w zawsze obejmuje plemniki w\u00a0r\u00f3\u017cnym stadium dojrzewania.\u00a0<\/p>\n<\/div>\n<\/div>\n\n\n\n<div style=\"height:50px\" aria-hidden=\"true\" class=\"wp-block-spacer\"><\/div>\n<\/div><\/div>\n\n\n\n<div style=\"height:20px\" aria-hidden=\"true\" class=\"wp-block-spacer\"><\/div>\n\n\n\n<div class=\"wp-block-image sperm-cell-section\"><figure class=\"aligncenter is-resized\"><img data-recalc-dims=\"1\" loading=\"lazy\" decoding=\"async\" src=\"https:\/\/i0.wp.com\/profertil.eu\/wp-content\/uploads\/2019\/06\/befruchtungsstadien.png?resize=317%2C73&#038;ssl=1\" alt=\"Die Stadien der Befruchtung.\" class=\"wp-image-896\" width=\"317\" height=\"73\" srcset=\"https:\/\/i0.wp.com\/profertil.eu\/wp-content\/uploads\/2019\/06\/befruchtungsstadien.png?w=634&amp;ssl=1 634w, https:\/\/i0.wp.com\/profertil.eu\/wp-content\/uploads\/2019\/06\/befruchtungsstadien.png?resize=300%2C69&amp;ssl=1 300w\" sizes=\"auto, (max-width: 317px) 100vw, 317px\" \/><\/figure><\/div>\n\n\n\n<div class=\"wp-block-group alignfull window-height center has-red-gradient-background-color has-background\" id=\"section2\"><div class=\"wp-block-group__inner-container is-layout-flow wp-block-group-is-layout-flow\">\n<div style=\"height:50px\" aria-hidden=\"true\" class=\"wp-block-spacer\"><\/div>\n\n\n\n<h2 class=\"has-text-align-center has-white-color has-text-color wp-block-heading\">CZEGO POTRZEBA PLEMNIKOM<\/h2>\n\n\n\n<div style=\"height:50px\" aria-hidden=\"true\" class=\"wp-block-spacer\"><\/div>\n\n\n\n<div class=\"wp-block-columns has-2-columns is-layout-flex wp-container-core-columns-is-layout-2 wp-block-columns-is-layout-flex\">\n<div class=\"wp-block-column is-layout-flow wp-block-column-is-layout-flow\">\n<p class=\"has-white-color has-text-color\">W\u00a0trakcie dojrzewania plemnik\u00f3w, na r\u00f3\u017cnym etapie ich rozwoju, organizmowi nale\u017cy dostarcza\u0107 specjalne sk\u0142adniki od\u017cywcze, takie jak aminokwasy, mikroelementy, witaminy i\u00a0substancje podobne do witamin. Stworzenie optymalnych warunk\u00f3w do prawid\u0142owej i\u00a0zdrowej spermiogenezy jest mo\u017cliwe wy\u0142\u0105cznie wtedy, gdy dost\u0119pne s\u0105 te specjalne substancje od\u017cywcze.<\/p>\n<\/div>\n\n\n\n<div class=\"wp-block-column is-layout-flow wp-block-column-is-layout-flow\">\n<p class=\"has-white-color has-text-color\">Niekt\u00f3re sytuacje \u017cyciowe i\u00a0niezdrowy tryb \u017cycia mog\u0105 szybko doprowadzi\u0107 do niedoboru tych substancji, co w\u00a0wi\u0119kszo\u015bci przypadk\u00f3w trudno zauwa\u017cy\u0107. Jednak plemniki przede wszystkim niekorzystnie reaguj\u0105 na czynniki zewn\u0119trze, takie jak stany zapalne, stosowanie lek\u00f3w i\u00a0badania rentgenowskie.<\/p>\n<\/div>\n<\/div>\n\n\n\n<div style=\"height:50px\" aria-hidden=\"true\" class=\"wp-block-spacer\"><\/div>\n\n\n\n<h4 class=\"has-text-align-center medium-width wp-block-heading\">Przebadana formu\u0142a preparatu PROFERTIL<sup>\u00ae<\/sup>\u00a0wspiera proces dojrzewania plemnik\u00f3w na ka\u017cdym etapie wytwarzania nasienia.<\/h4>\n\n\n\n<div style=\"height:50px\" aria-hidden=\"true\" class=\"wp-block-spacer\"><\/div>\n\n\n\n\n\n<div id=\"anchorlink-block_5cf4fce25def0\" class=\"anchorlink light \">\n            <a href=\"#section3\" data-smooth-scroll data-animation-duration=\"750\" data-animation-easing=\"swing\" data-offset=\"-23\"><i class=\"material-icons pro-pulse\">expand_more<\/i><\/a>\n    <\/div><\/div><\/div>\n\n\n\n<div class=\"wp-block-group alignfull window-height has-white-background-color has-background\" id=\"section3\"><div class=\"wp-block-group__inner-container is-layout-flow wp-block-group-is-layout-flow\">\n<div style=\"height:100px\" aria-hidden=\"true\" class=\"wp-block-spacer\"><\/div>\n\n\n\n<div class=\"wp-block-image\"><figure class=\"aligncenter size-large is-resized\"><img data-recalc-dims=\"1\" loading=\"lazy\" decoding=\"async\" src=\"https:\/\/i0.wp.com\/profertil.eu\/wp-content\/uploads\/2021\/03\/opantenowany-sklad.png?resize=768%2C528&#038;ssl=1\" alt=\"\" class=\"wp-image-9411\" width=\"768\" height=\"528\" srcset=\"https:\/\/i0.wp.com\/profertil.eu\/wp-content\/uploads\/2021\/03\/opantenowany-sklad.png?resize=1024%2C704&amp;ssl=1 1024w, https:\/\/i0.wp.com\/profertil.eu\/wp-content\/uploads\/2021\/03\/opantenowany-sklad.png?resize=300%2C206&amp;ssl=1 300w, https:\/\/i0.wp.com\/profertil.eu\/wp-content\/uploads\/2021\/03\/opantenowany-sklad.png?resize=768%2C528&amp;ssl=1 768w, https:\/\/i0.wp.com\/profertil.eu\/wp-content\/uploads\/2021\/03\/opantenowany-sklad.png?resize=1536%2C1056&amp;ssl=1 1536w, https:\/\/i0.wp.com\/profertil.eu\/wp-content\/uploads\/2021\/03\/opantenowany-sklad.png?w=1548&amp;ssl=1 1548w\" sizes=\"auto, (max-width: 768px) 100vw, 768px\" \/><\/figure><\/div>\n\n\n\n<div style=\"height:50px\" aria-hidden=\"true\" class=\"wp-block-spacer\"><\/div>\n\n\n\n\n\n<div id=\"anchorlink-block_5cf502085def1\" class=\"anchorlink dark \">\n            <a href=\"#buynow\" data-smooth-scroll data-animation-duration=\"750\" data-animation-easing=\"swing\" data-offset=\"-23\"><i class=\"material-icons pro-pulse\">expand_more<\/i><\/a>\n    <\/div>\n\n\n<div style=\"height:50px\" aria-hidden=\"true\" class=\"wp-block-spacer\"><\/div>\n\n\n\n<p><\/p>\n<\/div><\/div>\n\n\n\n<div id=\"buynow\" class=\"wp-block-group window-height minus-footer center\"><div class=\"wp-block-group__inner-container is-layout-flow wp-block-group-is-layout-flow\">\n<div class=\"wp-block-image\"><figure class=\"aligncenter size-large is-resized\"><a href=\"https:\/\/profertil.eu\/pl\/gdzie-kupic\/\"><img loading=\"lazy\" decoding=\"async\" src=\"https:\/\/profertil.eu\/wp-content\/uploads\/2021\/03\/KUP-TERAZ.svg\" alt=\"\" class=\"wp-image-9324\" width=\"500\" height=\"94\"\/><\/a><\/figure><\/div>\n<\/div><\/div>\n","protected":false},"excerpt":{"rendered":"<p>W\u00a0wytwarzaniu nasienia decyduj\u0105c\u0105 rol\u0119 odgrywaj\u0105 hormony (spermatogeneza). Przysadka m\u00f3zgowa wydziela hormon folikulotropowy (FSH). W\u00a0tym samym czasie wydzielany jest hormon luteinizuj\u0105cy (LH). U\u00a0kobiet oba te hormony prowadz\u0105 do dojrzewania kom\u00f3rek jajowych, natomiast u\u00a0m\u0119\u017cczyzn odpowiadaj\u0105 za powstawanie plemnik\u00f3w. Wydawa\u0107 si\u0119 mo\u017ce, \u017ce trwaj\u0105cy oko\u0142o dw\u00f3ch\u2013trzech miesi\u0119cy proces wytwarzania i\u00a0dojrzewania plemnik\u00f3w jest kr\u00f3tki (tj. co trzy miesi\u0105ce w\u00a0naj\u0105drzach<a class=\"excerpt-read-more\" href=\"https:\/\/profertil.eu\/pl\/zdrowe-plemniki\/wytwarzanie-plemnikow\/\" title=\"ReadWytwarzanie plemnik\u00f3w\">&#8230; Read more &raquo;<\/a><\/p>\n","protected":false},"author":1,"featured_media":0,"parent":9397,"menu_order":1,"comment_status":"closed","ping_status":"closed","template":"template-full-width-no-title.php","meta":{"_acf_changed":false,"pgc_sgb_lightbox_settings":"","footnotes":""},"categories":[],"tags":[],"class_list":["post-9399","page","type-page","status-publish","hentry"],"acf":[],"yoast_head":"<!-- This site is optimized with the Yoast SEO plugin v26.1 - https:\/\/yoast.com\/wordpress\/plugins\/seo\/ -->\n<title>Wytwarzanie plemnik\u00f3w - PROFERTIL<\/title>\n<meta name=\"robots\" content=\"index, follow, max-snippet:-1, max-image-preview:large, max-video-preview:-1\" \/>\n<link rel=\"canonical\" href=\"https:\/\/profertil.eu\/pl\/zdrowe-plemniki\/wytwarzanie-plemnikow\/\" \/>\n<meta property=\"og:locale\" content=\"pl_PL\" \/>\n<meta property=\"og:type\" content=\"article\" \/>\n<meta property=\"og:title\" content=\"Wytwarzanie plemnik\u00f3w - PROFERTIL\" \/>\n<meta property=\"og:description\" content=\"W\u00a0wytwarzaniu nasienia decyduj\u0105c\u0105 rol\u0119 odgrywaj\u0105 hormony (spermatogeneza). Przysadka m\u00f3zgowa wydziela hormon folikulotropowy (FSH). W\u00a0tym samym czasie wydzielany jest hormon luteinizuj\u0105cy (LH). U\u00a0kobiet oba te hormony prowadz\u0105 do dojrzewania kom\u00f3rek jajowych, natomiast u\u00a0m\u0119\u017cczyzn odpowiadaj\u0105 za powstawanie plemnik\u00f3w. Wydawa\u0107 si\u0119 mo\u017ce, \u017ce trwaj\u0105cy oko\u0142o dw\u00f3ch\u2013trzech miesi\u0119cy proces wytwarzania i\u00a0dojrzewania plemnik\u00f3w jest kr\u00f3tki (tj. co trzy miesi\u0105ce w\u00a0naj\u0105drzach... Read more &raquo;\" \/>\n<meta property=\"og:url\" content=\"https:\/\/profertil.eu\/pl\/zdrowe-plemniki\/wytwarzanie-plemnikow\/\" \/>\n<meta property=\"og:site_name\" content=\"PROFERTIL\" \/>\n<meta property=\"og:image\" content=\"https:\/\/profertil.eu\/wp-content\/uploads\/2019\/06\/befruchtungsstadien.png\" \/>\n<meta name=\"twitter:card\" content=\"summary_large_image\" \/>\n<meta name=\"twitter:label1\" content=\"Szacowany czas czytania\" \/>\n\t<meta name=\"twitter:data1\" content=\"2 minuty\" \/>\n<script type=\"application\/ld+json\" class=\"yoast-schema-graph\">{\"@context\":\"https:\/\/schema.org\",\"@graph\":[{\"@type\":\"WebPage\",\"@id\":\"https:\/\/profertil.eu\/pl\/zdrowe-plemniki\/wytwarzanie-plemnikow\/\",\"url\":\"https:\/\/profertil.eu\/pl\/zdrowe-plemniki\/wytwarzanie-plemnikow\/\",\"name\":\"Wytwarzanie plemnik\u00f3w - PROFERTIL\",\"isPartOf\":{\"@id\":\"https:\/\/profertil.eu\/#website\"},\"primaryImageOfPage\":{\"@id\":\"https:\/\/profertil.eu\/pl\/zdrowe-plemniki\/wytwarzanie-plemnikow\/#primaryimage\"},\"image\":{\"@id\":\"https:\/\/profertil.eu\/pl\/zdrowe-plemniki\/wytwarzanie-plemnikow\/#primaryimage\"},\"thumbnailUrl\":\"https:\/\/profertil.eu\/wp-content\/uploads\/2019\/06\/befruchtungsstadien.png\",\"datePublished\":\"2021-03-25T19:18:45+00:00\",\"breadcrumb\":{\"@id\":\"https:\/\/profertil.eu\/pl\/zdrowe-plemniki\/wytwarzanie-plemnikow\/#breadcrumb\"},\"inLanguage\":\"pl-PL\",\"potentialAction\":[{\"@type\":\"ReadAction\",\"target\":[\"https:\/\/profertil.eu\/pl\/zdrowe-plemniki\/wytwarzanie-plemnikow\/\"]}]},{\"@type\":\"ImageObject\",\"inLanguage\":\"pl-PL\",\"@id\":\"https:\/\/profertil.eu\/pl\/zdrowe-plemniki\/wytwarzanie-plemnikow\/#primaryimage\",\"url\":\"https:\/\/profertil.eu\/wp-content\/uploads\/2019\/06\/befruchtungsstadien.png\",\"contentUrl\":\"https:\/\/profertil.eu\/wp-content\/uploads\/2019\/06\/befruchtungsstadien.png\"},{\"@type\":\"BreadcrumbList\",\"@id\":\"https:\/\/profertil.eu\/pl\/zdrowe-plemniki\/wytwarzanie-plemnikow\/#breadcrumb\",\"itemListElement\":[{\"@type\":\"ListItem\",\"position\":1,\"name\":\"Home\",\"item\":\"https:\/\/profertil.eu\/pl\/startseite\/\"},{\"@type\":\"ListItem\",\"position\":2,\"name\":\"Zdrowe plemniki\",\"item\":\"https:\/\/profertil.eu\/pl\/zdrowe-plemniki\/\"},{\"@type\":\"ListItem\",\"position\":3,\"name\":\"Wytwarzanie plemnik\u00f3w\"}]},{\"@type\":\"WebSite\",\"@id\":\"https:\/\/profertil.eu\/#website\",\"url\":\"https:\/\/profertil.eu\/\",\"name\":\"PROFERTIL\",\"description\":\"No. 1 proven efficacy in male fertility\",\"publisher\":{\"@id\":\"https:\/\/profertil.eu\/#organization\"},\"potentialAction\":[{\"@type\":\"SearchAction\",\"target\":{\"@type\":\"EntryPoint\",\"urlTemplate\":\"https:\/\/profertil.eu\/?s={search_term_string}\"},\"query-input\":{\"@type\":\"PropertyValueSpecification\",\"valueRequired\":true,\"valueName\":\"search_term_string\"}}],\"inLanguage\":\"pl-PL\"},{\"@type\":\"Organization\",\"@id\":\"https:\/\/profertil.eu\/#organization\",\"name\":\"PROFERTIL\",\"url\":\"https:\/\/profertil.eu\/\",\"logo\":{\"@type\":\"ImageObject\",\"inLanguage\":\"pl-PL\",\"@id\":\"https:\/\/profertil.eu\/#\/schema\/logo\/image\/\",\"url\":\"https:\/\/profertil.eu\/wp-content\/uploads\/2025\/10\/PROFERTIL-logo-2025.svg\",\"contentUrl\":\"https:\/\/profertil.eu\/wp-content\/uploads\/2025\/10\/PROFERTIL-logo-2025.svg\",\"caption\":\"PROFERTIL\"},\"image\":{\"@id\":\"https:\/\/profertil.eu\/#\/schema\/logo\/image\/\"}}]}<\/script>\n<!-- \/ Yoast SEO plugin. -->","yoast_head_json":{"title":"Wytwarzanie plemnik\u00f3w - PROFERTIL","robots":{"index":"index","follow":"follow","max-snippet":"max-snippet:-1","max-image-preview":"max-image-preview:large","max-video-preview":"max-video-preview:-1"},"canonical":"https:\/\/profertil.eu\/pl\/zdrowe-plemniki\/wytwarzanie-plemnikow\/","og_locale":"pl_PL","og_type":"article","og_title":"Wytwarzanie plemnik\u00f3w - PROFERTIL","og_description":"W\u00a0wytwarzaniu nasienia decyduj\u0105c\u0105 rol\u0119 odgrywaj\u0105 hormony (spermatogeneza). Przysadka m\u00f3zgowa wydziela hormon folikulotropowy (FSH). W\u00a0tym samym czasie wydzielany jest hormon luteinizuj\u0105cy (LH). U\u00a0kobiet oba te hormony prowadz\u0105 do dojrzewania kom\u00f3rek jajowych, natomiast u\u00a0m\u0119\u017cczyzn odpowiadaj\u0105 za powstawanie plemnik\u00f3w. Wydawa\u0107 si\u0119 mo\u017ce, \u017ce trwaj\u0105cy oko\u0142o dw\u00f3ch\u2013trzech miesi\u0119cy proces wytwarzania i\u00a0dojrzewania plemnik\u00f3w jest kr\u00f3tki (tj. co trzy miesi\u0105ce w\u00a0naj\u0105drzach... Read more &raquo;","og_url":"https:\/\/profertil.eu\/pl\/zdrowe-plemniki\/wytwarzanie-plemnikow\/","og_site_name":"PROFERTIL","og_image":[{"url":"https:\/\/profertil.eu\/wp-content\/uploads\/2019\/06\/befruchtungsstadien.png","type":"","width":"","height":""}],"twitter_card":"summary_large_image","twitter_misc":{"Szacowany czas czytania":"2 minuty"},"schema":{"@context":"https:\/\/schema.org","@graph":[{"@type":"WebPage","@id":"https:\/\/profertil.eu\/pl\/zdrowe-plemniki\/wytwarzanie-plemnikow\/","url":"https:\/\/profertil.eu\/pl\/zdrowe-plemniki\/wytwarzanie-plemnikow\/","name":"Wytwarzanie plemnik\u00f3w - PROFERTIL","isPartOf":{"@id":"https:\/\/profertil.eu\/#website"},"primaryImageOfPage":{"@id":"https:\/\/profertil.eu\/pl\/zdrowe-plemniki\/wytwarzanie-plemnikow\/#primaryimage"},"image":{"@id":"https:\/\/profertil.eu\/pl\/zdrowe-plemniki\/wytwarzanie-plemnikow\/#primaryimage"},"thumbnailUrl":"https:\/\/profertil.eu\/wp-content\/uploads\/2019\/06\/befruchtungsstadien.png","datePublished":"2021-03-25T19:18:45+00:00","breadcrumb":{"@id":"https:\/\/profertil.eu\/pl\/zdrowe-plemniki\/wytwarzanie-plemnikow\/#breadcrumb"},"inLanguage":"pl-PL","potentialAction":[{"@type":"ReadAction","target":["https:\/\/profertil.eu\/pl\/zdrowe-plemniki\/wytwarzanie-plemnikow\/"]}]},{"@type":"ImageObject","inLanguage":"pl-PL","@id":"https:\/\/profertil.eu\/pl\/zdrowe-plemniki\/wytwarzanie-plemnikow\/#primaryimage","url":"https:\/\/profertil.eu\/wp-content\/uploads\/2019\/06\/befruchtungsstadien.png","contentUrl":"https:\/\/profertil.eu\/wp-content\/uploads\/2019\/06\/befruchtungsstadien.png"},{"@type":"BreadcrumbList","@id":"https:\/\/profertil.eu\/pl\/zdrowe-plemniki\/wytwarzanie-plemnikow\/#breadcrumb","itemListElement":[{"@type":"ListItem","position":1,"name":"Home","item":"https:\/\/profertil.eu\/pl\/startseite\/"},{"@type":"ListItem","position":2,"name":"Zdrowe plemniki","item":"https:\/\/profertil.eu\/pl\/zdrowe-plemniki\/"},{"@type":"ListItem","position":3,"name":"Wytwarzanie plemnik\u00f3w"}]},{"@type":"WebSite","@id":"https:\/\/profertil.eu\/#website","url":"https:\/\/profertil.eu\/","name":"PROFERTIL","description":"No. 1 proven efficacy in male fertility","publisher":{"@id":"https:\/\/profertil.eu\/#organization"},"potentialAction":[{"@type":"SearchAction","target":{"@type":"EntryPoint","urlTemplate":"https:\/\/profertil.eu\/?s={search_term_string}"},"query-input":{"@type":"PropertyValueSpecification","valueRequired":true,"valueName":"search_term_string"}}],"inLanguage":"pl-PL"},{"@type":"Organization","@id":"https:\/\/profertil.eu\/#organization","name":"PROFERTIL","url":"https:\/\/profertil.eu\/","logo":{"@type":"ImageObject","inLanguage":"pl-PL","@id":"https:\/\/profertil.eu\/#\/schema\/logo\/image\/","url":"https:\/\/profertil.eu\/wp-content\/uploads\/2025\/10\/PROFERTIL-logo-2025.svg","contentUrl":"https:\/\/profertil.eu\/wp-content\/uploads\/2025\/10\/PROFERTIL-logo-2025.svg","caption":"PROFERTIL"},"image":{"@id":"https:\/\/profertil.eu\/#\/schema\/logo\/image\/"}}]}},"_links":{"self":[{"href":"https:\/\/profertil.eu\/pl\/wp-json\/wp\/v2\/pages\/9399","targetHints":{"allow":["GET"]}}],"collection":[{"href":"https:\/\/profertil.eu\/pl\/wp-json\/wp\/v2\/pages"}],"about":[{"href":"https:\/\/profertil.eu\/pl\/wp-json\/wp\/v2\/types\/page"}],"author":[{"embeddable":true,"href":"https:\/\/profertil.eu\/pl\/wp-json\/wp\/v2\/users\/1"}],"replies":[{"embeddable":true,"href":"https:\/\/profertil.eu\/pl\/wp-json\/wp\/v2\/comments?post=9399"}],"version-history":[{"count":3,"href":"https:\/\/profertil.eu\/pl\/wp-json\/wp\/v2\/pages\/9399\/revisions"}],"predecessor-version":[{"id":9418,"href":"https:\/\/profertil.eu\/pl\/wp-json\/wp\/v2\/pages\/9399\/revisions\/9418"}],"up":[{"embeddable":true,"href":"https:\/\/profertil.eu\/pl\/wp-json\/wp\/v2\/pages\/9397"}],"wp:attachment":[{"href":"https:\/\/profertil.eu\/pl\/wp-json\/wp\/v2\/media?parent=9399"}],"wp:term":[{"taxonomy":"category","embeddable":true,"href":"https:\/\/profertil.eu\/pl\/wp-json\/wp\/v2\/categories?post=9399"},{"taxonomy":"post_tag","embeddable":true,"href":"https:\/\/profertil.eu\/pl\/wp-json\/wp\/v2\/tags?post=9399"}],"curies":[{"name":"wp","href":"https:\/\/api.w.org\/{rel}","templated":true}]}}