 {"id":9391,"date":"2021-03-25T16:45:41","date_gmt":"2021-03-25T15:45:41","guid":{"rendered":"https:\/\/profertil.eu\/?page_id=9391"},"modified":"2021-03-25T16:45:41","modified_gmt":"2021-03-25T15:45:41","slug":"krok-po-kroku","status":"publish","type":"page","link":"https:\/\/profertil.eu\/pl\/nieplodnosc\/krok-po-kroku\/","title":{"rendered":"Krok po kroku"},"content":{"rendered":"\n<div class=\"wp-block-cover alignfull\" style=\"background-image:url(https:\/\/profertil.eu\/wp-content\/uploads\/2019\/06\/stufenplan-zum-wunschkind.jpg);background-position:67% 35%\"><div class=\"wp-block-cover__inner-container is-layout-flow wp-block-cover-is-layout-flow\">\n<h1 class=\"wp-block-heading\"><span class=\"has-red-color\">CZEGO SI\u0118 SPODZIEWA\u0106,<\/span> <br>JE\u015aLI CHCESZ SPODZIEWA\u0106 SI\u0118 DZIECKA<\/h1>\n<\/div><\/div>\n\n\n\n<div class=\"wp-block-group alignfull window-height minus-header center has-red-gradient-background-color has-background\"><div class=\"wp-block-group__inner-container is-layout-flow wp-block-group-is-layout-flow\">\n<div style=\"height:50px\" aria-hidden=\"true\" class=\"wp-block-spacer\"><\/div>\n\n\n\n<div class=\"wp-block-columns has-3-columns is-layout-flex wp-container-core-columns-is-layout-1 wp-block-columns-is-layout-flex\">\n<div class=\"wp-block-column rounded-border is-layout-flow wp-block-column-is-layout-flow\">\n<p class=\"has-text-align-center condensed has-text-color has-large-font-size\" style=\"color:#b999a1\">Etap 1<\/p>\n\n\n\n<p class=\"has-text-align-center has-white-color has-text-color\">Ocena wywiadu medycznego (badanie podmiotowe), badanie ginekologiczne, badanie ultrasonograficzne, protok\u00f3\u0142 cyklu, pomiar temperatury tu\u017c po przebudzeniu (temperatura bazowa), stosunek p\u0142ciowy w\u00a0optymalnym czasie, analiza hormon\u00f3w.<\/p>\n<\/div>\n\n\n\n<div class=\"wp-block-column rounded-border is-layout-flow wp-block-column-is-layout-flow\">\n<p class=\"has-text-align-center condensed has-text-color has-large-font-size\" style=\"color:#b999a1\">Etap 2<\/p>\n\n\n\n<p class=\"has-text-align-center has-white-color has-text-color\">Spermiogram (ocena ilo\u015bci oraz liczby, ruchliwo\u015bci i\u00a0kszta\u0142tu plemnik\u00f3w) przeprowadzany przez urologa, monitorowanie cyklu poprzez badanie ultrasonograficzne (wy\u015bci\u00f3\u0142ka macicy), analiza hormon\u00f3w, stosunek p\u0142ciowy w\u00a0optymalnym czasie.<\/p>\n\n\n\n<p class=\"has-text-align-center has-white-color has-text-color\"><strong><strong>Je\u017celi spermiogram wyka\u017ce nieprawid\u0142owe wyniki, zaleca si\u0119, aby po skonsultowaniu si\u0119 z\u00a0lekarzem m\u0119\u017cczy\u017ani zacz\u0119li na tym etapie przyjmowa\u0107 PROFERTIL<sup>\u00ae<\/sup>.<\/strong>W\u00a0wielu przypadkach mo\u017cna unikn\u0105\u0107 trzeciego etapu, tj. sztucznego zap\u0142odnienia.<\/strong><\/p>\n<\/div>\n\n\n\n<div class=\"wp-block-column rounded-border is-layout-flow wp-block-column-is-layout-flow\">\n<p class=\"has-text-align-center condensed has-text-color has-large-font-size\" style=\"color:#b999a1\">Etap 3<\/p>\n\n\n\n<p class=\"has-text-align-center has-white-color has-text-color\">W\u00a0przypadku nieprawid\u0142owych wynik\u00f3w bada\u0144 nasienia na etapie drugim albo niedro\u017cno\u015bci jajowod\u00f3w u\u00a0kobiety, zalecanym podej\u015bciem jest sztuczne zap\u0142odnienie (in vitro).<\/p>\n\n\n\n<p class=\"has-text-align-center has-white-color has-text-color\"><strong><strong>Stosowanie preparatu PROFERTIL<sup>\u00ae<\/sup>jako uzupe\u0142nienia leczenia in vitro zwi\u0119ksza szanse powodzenia.<\/strong><\/strong><\/p>\n\n\n\n<p class=\"has-text-align-center has-white-color has-text-color\">W\u00a0szczeg\u00f3lno\u015bci istnieje mo\u017cliwo\u015b\u0107 osi\u0105gni\u0119cia stopniowej poprawy, tj. w\u00a0idealnych warunkach mo\u017cna unikn\u0105\u0107 procedury ICSI. Procedur\u0119 ICSI zaleca si\u0119 w\u00a0przypadku bardzo niskiej jako\u015bci nasienia (mniej ni\u017c 5\u201310\u00a0milion\u00f3w plemnik\u00f3w na mililitr nasienia) albo zaburzonej morfologii (wygl\u0105d, budowa) plemnik\u00f3w.<\/p>\n<\/div>\n<\/div>\n\n\n\n<div style=\"height:50px\" aria-hidden=\"true\" class=\"wp-block-spacer\"><\/div>\n\n\n\n\n\n<div id=\"anchorlink-block_5cf3e5465a5a0\" class=\"anchorlink light \">\n            <a href=\"#section2\" data-smooth-scroll data-animation-duration=\"750\" data-animation-easing=\"swing\" data-offset=\"-23\"><i class=\"material-icons pro-pulse\">expand_more<\/i><\/a>\n    <\/div><\/div><\/div>\n\n\n\n<div class=\"wp-block-group alignfull window-height center has-blue-gradient-background-color has-background\" id=\"section2\"><div class=\"wp-block-group__inner-container is-layout-flow wp-block-group-is-layout-flow\">\n<div style=\"height:50px\" aria-hidden=\"true\" class=\"wp-block-spacer\"><\/div>\n\n\n\n<h2 class=\"has-text-align-center has-white-color has-text-color wp-block-heading\">METODY LECZENIA<\/h2>\n\n\n\n<div style=\"height:50px\" aria-hidden=\"true\" class=\"wp-block-spacer\"><\/div>\n\n\n\n<figure class=\"wp-block-table is-style-profertil stack\"><table><tbody><tr><td><strong><strong>Hormonoterapia<\/strong><\/strong><\/td><td>Je\u017celi przyczyn\u0105 niep\u0142odno\u015bci s\u0105 zaburzenia hormonalne u\u00a0kobiety, pierwszym krokiem jest zazwyczaj leczenie hormonalne. R\u00f3\u017cne leki mog\u0105 regulowa\u0107 nieregularny cykl i\u00a0wywo\u0142ywa\u0107 owulacj\u0119. Je\u017celi m\u0119\u017cczyzna nie mo\u017ce sp\u0142odzi\u0107 dziecka, lekarz w\u00a0niekt\u00f3rych przypadkach r\u00f3wnie\u017c zaleci przyjmowanie lek\u00f3w. Leki te mo\u017cna stosowa\u0107 w\u00a0leczeniu zaburze\u0144 hormonalnych (np. niedob\u00f3r testosteronu).<\/td><\/tr><tr><td><strong><strong>Zap\u0142odnienie (wstrzykni\u0119cie nasienia)<\/strong><\/strong><\/td><td>Zap\u0142odnienie polega na wstrzykni\u0119ciu przez lekarza oczyszczonego, st\u0119\u017conego p\u0142ynu nasiennego do macicy, pochwy, szyjki macicy lub jajowod\u00f3w. Metod\u0119 t\u0119 bierze si\u0119 pod uwag\u0119, gdy jako\u015b\u0107 nasienia jest nieznacznie obni\u017cona albo je\u015bli szyjka macicy jest tak zabli\u017aniona (wskutek zaka\u017cenia albo zapalenia), \u017ce plemniki maj\u0105 trudno\u015bci z\u00a0przedostaniem si\u0119 do macicy. Czasami przed zap\u0142odnieniem konieczna jest stymulacja jajnik\u00f3w hormonami.<\/td><\/tr><tr><td><strong><strong>Zap\u0142odnienie in vitro<\/strong><\/strong><\/td><td>W\u00a0tej metodzie zap\u0142odnienie kom\u00f3rki jajowej nast\u0119puje poza organizmem. Zap\u0142odnienie in vitro bierze si\u0119 pod uwag\u0119 na przyk\u0142ad w\u00f3wczas, gdy kom\u00f3rki jajowe nie docieraj\u0105 do macicy, poniewa\u017c jej \u015bciana jest lepka w\u00a0wyniku zapalenia. Zap\u0142odnienie in vitro mo\u017ce okaza\u0107 si\u0119 r\u00f3wnie\u017c pomocne przy zaj\u015bciu w\u00a0ci\u0105\u017c\u0119, gdy u\u00a0kobiety wyst\u0119puj\u0105 liczne rozrosty (w\u0142\u00f3kniaki) w\u00a0macicy albo przeciwcia\u0142a przeciwko plemnikom, je\u017celi jako\u015b\u0107 nasienia m\u0119\u017cczyzny jest niewystarczaj\u0105ca, albo nawet je\u015bli lekarz nie stwierdzi\u0142 \u017cadnej przyczyny niep\u0142odno\u015bci.<\/td><\/tr><tr><td><strong><strong><strong>Wstrzykni\u0119cie plemnika bezpo\u015brednio do kom\u00f3rki jajowej (ICSI)<\/strong><\/strong><\/strong><\/td><td>W\u00a0przypadku zap\u0142odnienia metod\u0105 ICSI lekarz wstrzykuje plemniki bezpo\u015brednio do kom\u00f3rki jajowej. Zap\u0142odnienie metod\u0105 ICSI jest brane pod uwag\u0119, gdy plemnik nie jest w\u00a0stanie \u201esamodzielnie\u201d zap\u0142odni\u0107 kom\u00f3rki jajowej w\u00a0organizmie kobiety albo w\u00a0prob\u00f3wce. Zap\u0142odnienie metod\u0105 ICSI mo\u017ce by\u0107 tak\u017ce brane pod uwag\u0119 w\u00a0sytuacjach, gdy kobieta nie zajdzie w\u00a0ci\u0105\u017c\u0119 pomimo leczenia in vitro.<\/td><\/tr><tr><td><strong><strong><strong>Operacyjne pobranie nasienia<\/strong><\/strong><\/strong><\/td><td>Pobranie nasienia z\u00a0naj\u0105drza (mikrochirurgiczna aspiracja nasienia z\u00a0naj\u0105drzy, MESA) mo\u017ce pom\u00f3c, je\u015bli nasieniowody s\u0105 zamkni\u0119te i\u00a0nie mo\u017cna ich ponownie otworzy\u0107 chirurgicznie albo je\u015bli plemniki w\u00a0pr\u00f3bce nasienia nie ruszaj\u0105 si\u0119. Metoda ta jest brana pod uwag\u0119, gdy u\u00a0m\u0119\u017cczyzny nie dochodzi do wytrysku, na przyk\u0142ad z\u00a0powodu parali\u017cu albo przej\u015bcia onkologicznego zabiegu chirurgicznego. Je\u015bli nie mo\u017cna wykona\u0107 procedury MESA, niekt\u00f3rzy lekarze zalecaj\u0105 procedur\u0119 TESE (biopsja j\u0105dra w celu pobrania nasienia), podczas kt\u00f3rej lekarz pobiera nasienie z j\u0105der. MESA i TESE s\u0105 zawsze skojarzone z\u00a0ICSI.<\/td><\/tr><tr><td><strong><strong>Zabiegi<\/strong><\/strong><\/td><td>Zabieg chirurgiczny mo\u017ce pom\u00f3c w\u00a0zaj\u015bciu w\u00a0ci\u0105\u017c\u0119, je\u017celi jajowody s\u0105 zablokowane albo zrosty w\u00a0jamie brzusznej uniemo\u017cliwiaj\u0105 zaj\u015bcie w\u00a0ci\u0105\u017c\u0119. Chirurdzy mog\u0105 czasami otworzy\u0107 zablokowane nasieniowody, na przyk\u0142ad po operacji przepukliny pachwinowej.<\/td><\/tr><\/tbody><\/table><\/figure>\n\n\n\n<div style=\"height:50px\" aria-hidden=\"true\" class=\"wp-block-spacer\"><\/div>\n\n\n\n\n\n<div id=\"anchorlink-block_5cf3e6095a5a1\" class=\"anchorlink light \">\n            <a href=\"#buynow\" data-smooth-scroll data-animation-duration=\"750\" data-animation-easing=\"swing\" data-offset=\"-23\"><i class=\"material-icons pro-pulse\">expand_more<\/i><\/a>\n    <\/div><\/div><\/div>\n\n\n\n<div id=\"buynow\" class=\"wp-block-group window-height minus-footer center\"><div class=\"wp-block-group__inner-container is-layout-flow wp-block-group-is-layout-flow\">\n<div class=\"wp-block-image\"><figure class=\"aligncenter size-large is-resized\"><a href=\"https:\/\/profertil.eu\/pl\/gdzie-kupic\/\"><img loading=\"lazy\" decoding=\"async\" src=\"https:\/\/profertil.eu\/wp-content\/uploads\/2021\/03\/KUP-TERAZ.svg\" alt=\"\" class=\"wp-image-9324\" width=\"500\" height=\"94\"\/><\/a><\/figure><\/div>\n<\/div><\/div>\n","protected":false},"excerpt":{"rendered":"<p>Etap 1 Ocena wywiadu medycznego (badanie podmiotowe), badanie ginekologiczne, badanie ultrasonograficzne, protok\u00f3\u0142 cyklu, pomiar temperatury tu\u017c po przebudzeniu (temperatura bazowa), stosunek p\u0142ciowy w\u00a0optymalnym czasie, analiza hormon\u00f3w. Etap 2 Spermiogram (ocena ilo\u015bci oraz liczby, ruchliwo\u015bci i\u00a0kszta\u0142tu plemnik\u00f3w) przeprowadzany przez urologa, monitorowanie cyklu poprzez badanie ultrasonograficzne (wy\u015bci\u00f3\u0142ka macicy), analiza hormon\u00f3w, stosunek p\u0142ciowy w\u00a0optymalnym czasie. Je\u017celi spermiogram wyka\u017ce<a class=\"excerpt-read-more\" href=\"https:\/\/profertil.eu\/pl\/nieplodnosc\/krok-po-kroku\/\" title=\"ReadKrok po kroku\">&#8230; Read more &raquo;<\/a><\/p>\n","protected":false},"author":1,"featured_media":0,"parent":9339,"menu_order":4,"comment_status":"closed","ping_status":"closed","template":"template-full-width-no-title.php","meta":{"_acf_changed":false,"pgc_sgb_lightbox_settings":"","footnotes":""},"categories":[],"tags":[],"class_list":["post-9391","page","type-page","status-publish","hentry"],"acf":[],"yoast_head":"<!-- This site is optimized with the Yoast SEO plugin v26.1 - https:\/\/yoast.com\/wordpress\/plugins\/seo\/ -->\n<title>Krok po kroku - PROFERTIL<\/title>\n<meta name=\"robots\" content=\"index, follow, max-snippet:-1, max-image-preview:large, max-video-preview:-1\" \/>\n<link rel=\"canonical\" href=\"https:\/\/profertil.eu\/pl\/nieplodnosc\/krok-po-kroku\/\" \/>\n<meta property=\"og:locale\" content=\"pl_PL\" \/>\n<meta property=\"og:type\" content=\"article\" \/>\n<meta property=\"og:title\" content=\"Krok po kroku - PROFERTIL\" \/>\n<meta property=\"og:description\" content=\"Etap 1 Ocena wywiadu medycznego (badanie podmiotowe), badanie ginekologiczne, badanie ultrasonograficzne, protok\u00f3\u0142 cyklu, pomiar temperatury tu\u017c po przebudzeniu (temperatura bazowa), stosunek p\u0142ciowy w\u00a0optymalnym czasie, analiza hormon\u00f3w. Etap 2 Spermiogram (ocena ilo\u015bci oraz liczby, ruchliwo\u015bci i\u00a0kszta\u0142tu plemnik\u00f3w) przeprowadzany przez urologa, monitorowanie cyklu poprzez badanie ultrasonograficzne (wy\u015bci\u00f3\u0142ka macicy), analiza hormon\u00f3w, stosunek p\u0142ciowy w\u00a0optymalnym czasie. Je\u017celi spermiogram wyka\u017ce... Read more &raquo;\" \/>\n<meta property=\"og:url\" content=\"https:\/\/profertil.eu\/pl\/nieplodnosc\/krok-po-kroku\/\" \/>\n<meta property=\"og:site_name\" content=\"PROFERTIL\" \/>\n<meta name=\"twitter:card\" content=\"summary_large_image\" \/>\n<meta name=\"twitter:label1\" content=\"Szacowany czas czytania\" \/>\n\t<meta name=\"twitter:data1\" content=\"3 minuty\" \/>\n<script type=\"application\/ld+json\" class=\"yoast-schema-graph\">{\"@context\":\"https:\/\/schema.org\",\"@graph\":[{\"@type\":\"WebPage\",\"@id\":\"https:\/\/profertil.eu\/pl\/nieplodnosc\/krok-po-kroku\/\",\"url\":\"https:\/\/profertil.eu\/pl\/nieplodnosc\/krok-po-kroku\/\",\"name\":\"Krok po kroku - PROFERTIL\",\"isPartOf\":{\"@id\":\"https:\/\/profertil.eu\/#website\"},\"datePublished\":\"2021-03-25T15:45:41+00:00\",\"breadcrumb\":{\"@id\":\"https:\/\/profertil.eu\/pl\/nieplodnosc\/krok-po-kroku\/#breadcrumb\"},\"inLanguage\":\"pl-PL\",\"potentialAction\":[{\"@type\":\"ReadAction\",\"target\":[\"https:\/\/profertil.eu\/pl\/nieplodnosc\/krok-po-kroku\/\"]}]},{\"@type\":\"BreadcrumbList\",\"@id\":\"https:\/\/profertil.eu\/pl\/nieplodnosc\/krok-po-kroku\/#breadcrumb\",\"itemListElement\":[{\"@type\":\"ListItem\",\"position\":1,\"name\":\"Home\",\"item\":\"https:\/\/profertil.eu\/pl\/startseite\/\"},{\"@type\":\"ListItem\",\"position\":2,\"name\":\"Niep\u0142odno\u015b\u0107\",\"item\":\"https:\/\/profertil.eu\/pl\/nieplodnosc\/\"},{\"@type\":\"ListItem\",\"position\":3,\"name\":\"Krok po kroku\"}]},{\"@type\":\"WebSite\",\"@id\":\"https:\/\/profertil.eu\/#website\",\"url\":\"https:\/\/profertil.eu\/\",\"name\":\"PROFERTIL\",\"description\":\"No. 1 proven efficacy in male fertility\",\"publisher\":{\"@id\":\"https:\/\/profertil.eu\/#organization\"},\"potentialAction\":[{\"@type\":\"SearchAction\",\"target\":{\"@type\":\"EntryPoint\",\"urlTemplate\":\"https:\/\/profertil.eu\/?s={search_term_string}\"},\"query-input\":{\"@type\":\"PropertyValueSpecification\",\"valueRequired\":true,\"valueName\":\"search_term_string\"}}],\"inLanguage\":\"pl-PL\"},{\"@type\":\"Organization\",\"@id\":\"https:\/\/profertil.eu\/#organization\",\"name\":\"PROFERTIL\",\"url\":\"https:\/\/profertil.eu\/\",\"logo\":{\"@type\":\"ImageObject\",\"inLanguage\":\"pl-PL\",\"@id\":\"https:\/\/profertil.eu\/#\/schema\/logo\/image\/\",\"url\":\"https:\/\/profertil.eu\/wp-content\/uploads\/2025\/10\/PROFERTIL-logo-2025.svg\",\"contentUrl\":\"https:\/\/profertil.eu\/wp-content\/uploads\/2025\/10\/PROFERTIL-logo-2025.svg\",\"caption\":\"PROFERTIL\"},\"image\":{\"@id\":\"https:\/\/profertil.eu\/#\/schema\/logo\/image\/\"}}]}<\/script>\n<!-- \/ Yoast SEO plugin. -->","yoast_head_json":{"title":"Krok po kroku - PROFERTIL","robots":{"index":"index","follow":"follow","max-snippet":"max-snippet:-1","max-image-preview":"max-image-preview:large","max-video-preview":"max-video-preview:-1"},"canonical":"https:\/\/profertil.eu\/pl\/nieplodnosc\/krok-po-kroku\/","og_locale":"pl_PL","og_type":"article","og_title":"Krok po kroku - PROFERTIL","og_description":"Etap 1 Ocena wywiadu medycznego (badanie podmiotowe), badanie ginekologiczne, badanie ultrasonograficzne, protok\u00f3\u0142 cyklu, pomiar temperatury tu\u017c po przebudzeniu (temperatura bazowa), stosunek p\u0142ciowy w\u00a0optymalnym czasie, analiza hormon\u00f3w. Etap 2 Spermiogram (ocena ilo\u015bci oraz liczby, ruchliwo\u015bci i\u00a0kszta\u0142tu plemnik\u00f3w) przeprowadzany przez urologa, monitorowanie cyklu poprzez badanie ultrasonograficzne (wy\u015bci\u00f3\u0142ka macicy), analiza hormon\u00f3w, stosunek p\u0142ciowy w\u00a0optymalnym czasie. Je\u017celi spermiogram wyka\u017ce... Read more &raquo;","og_url":"https:\/\/profertil.eu\/pl\/nieplodnosc\/krok-po-kroku\/","og_site_name":"PROFERTIL","twitter_card":"summary_large_image","twitter_misc":{"Szacowany czas czytania":"3 minuty"},"schema":{"@context":"https:\/\/schema.org","@graph":[{"@type":"WebPage","@id":"https:\/\/profertil.eu\/pl\/nieplodnosc\/krok-po-kroku\/","url":"https:\/\/profertil.eu\/pl\/nieplodnosc\/krok-po-kroku\/","name":"Krok po kroku - PROFERTIL","isPartOf":{"@id":"https:\/\/profertil.eu\/#website"},"datePublished":"2021-03-25T15:45:41+00:00","breadcrumb":{"@id":"https:\/\/profertil.eu\/pl\/nieplodnosc\/krok-po-kroku\/#breadcrumb"},"inLanguage":"pl-PL","potentialAction":[{"@type":"ReadAction","target":["https:\/\/profertil.eu\/pl\/nieplodnosc\/krok-po-kroku\/"]}]},{"@type":"BreadcrumbList","@id":"https:\/\/profertil.eu\/pl\/nieplodnosc\/krok-po-kroku\/#breadcrumb","itemListElement":[{"@type":"ListItem","position":1,"name":"Home","item":"https:\/\/profertil.eu\/pl\/startseite\/"},{"@type":"ListItem","position":2,"name":"Niep\u0142odno\u015b\u0107","item":"https:\/\/profertil.eu\/pl\/nieplodnosc\/"},{"@type":"ListItem","position":3,"name":"Krok po kroku"}]},{"@type":"WebSite","@id":"https:\/\/profertil.eu\/#website","url":"https:\/\/profertil.eu\/","name":"PROFERTIL","description":"No. 1 proven efficacy in male fertility","publisher":{"@id":"https:\/\/profertil.eu\/#organization"},"potentialAction":[{"@type":"SearchAction","target":{"@type":"EntryPoint","urlTemplate":"https:\/\/profertil.eu\/?s={search_term_string}"},"query-input":{"@type":"PropertyValueSpecification","valueRequired":true,"valueName":"search_term_string"}}],"inLanguage":"pl-PL"},{"@type":"Organization","@id":"https:\/\/profertil.eu\/#organization","name":"PROFERTIL","url":"https:\/\/profertil.eu\/","logo":{"@type":"ImageObject","inLanguage":"pl-PL","@id":"https:\/\/profertil.eu\/#\/schema\/logo\/image\/","url":"https:\/\/profertil.eu\/wp-content\/uploads\/2025\/10\/PROFERTIL-logo-2025.svg","contentUrl":"https:\/\/profertil.eu\/wp-content\/uploads\/2025\/10\/PROFERTIL-logo-2025.svg","caption":"PROFERTIL"},"image":{"@id":"https:\/\/profertil.eu\/#\/schema\/logo\/image\/"}}]}},"_links":{"self":[{"href":"https:\/\/profertil.eu\/pl\/wp-json\/wp\/v2\/pages\/9391","targetHints":{"allow":["GET"]}}],"collection":[{"href":"https:\/\/profertil.eu\/pl\/wp-json\/wp\/v2\/pages"}],"about":[{"href":"https:\/\/profertil.eu\/pl\/wp-json\/wp\/v2\/types\/page"}],"author":[{"embeddable":true,"href":"https:\/\/profertil.eu\/pl\/wp-json\/wp\/v2\/users\/1"}],"replies":[{"embeddable":true,"href":"https:\/\/profertil.eu\/pl\/wp-json\/wp\/v2\/comments?post=9391"}],"version-history":[{"count":4,"href":"https:\/\/profertil.eu\/pl\/wp-json\/wp\/v2\/pages\/9391\/revisions"}],"predecessor-version":[{"id":9396,"href":"https:\/\/profertil.eu\/pl\/wp-json\/wp\/v2\/pages\/9391\/revisions\/9396"}],"up":[{"embeddable":true,"href":"https:\/\/profertil.eu\/pl\/wp-json\/wp\/v2\/pages\/9339"}],"wp:attachment":[{"href":"https:\/\/profertil.eu\/pl\/wp-json\/wp\/v2\/media?parent=9391"}],"wp:term":[{"taxonomy":"category","embeddable":true,"href":"https:\/\/profertil.eu\/pl\/wp-json\/wp\/v2\/categories?post=9391"},{"taxonomy":"post_tag","embeddable":true,"href":"https:\/\/profertil.eu\/pl\/wp-json\/wp\/v2\/tags?post=9391"}],"curies":[{"name":"wp","href":"https:\/\/api.w.org\/{rel}","templated":true}]}}