 {"id":9379,"date":"2021-03-25T16:39:06","date_gmt":"2021-03-25T15:39:06","guid":{"rendered":"https:\/\/profertil.eu\/?page_id=9379"},"modified":"2023-10-09T10:20:50","modified_gmt":"2023-10-09T08:20:50","slug":"diagnoza","status":"publish","type":"page","link":"https:\/\/profertil.eu\/pl\/nieplodnosc\/diagnoza\/","title":{"rendered":"Diagnoza"},"content":{"rendered":"\n<div class=\"wp-block-cover alignfull\"><img data-recalc-dims=\"1\" loading=\"lazy\" decoding=\"async\" width=\"1024\" height=\"250\" class=\"wp-block-cover__image-background wp-image-9381\" alt=\"\" src=\"https:\/\/i0.wp.com\/profertil.eu\/wp-content\/uploads\/2019\/05\/diagnose.jpg?resize=1024%2C250&#038;ssl=1\" style=\"object-position:11% 14%\" data-object-fit=\"cover\" data-object-position=\"11% 14%\" srcset=\"https:\/\/i0.wp.com\/profertil.eu\/wp-content\/uploads\/2019\/05\/diagnose.jpg?w=2048&amp;ssl=1 2048w, https:\/\/i0.wp.com\/profertil.eu\/wp-content\/uploads\/2019\/05\/diagnose.jpg?resize=300%2C73&amp;ssl=1 300w, https:\/\/i0.wp.com\/profertil.eu\/wp-content\/uploads\/2019\/05\/diagnose.jpg?resize=768%2C188&amp;ssl=1 768w, https:\/\/i0.wp.com\/profertil.eu\/wp-content\/uploads\/2019\/05\/diagnose.jpg?resize=1024%2C250&amp;ssl=1 1024w\" sizes=\"auto, (max-width: 1024px) 100vw, 1024px\" \/><div class=\"wp-block-cover__inner-container is-layout-flow wp-block-cover-is-layout-flow\">\n<h1 class=\"has-text-align-right has-red-color has-text-color wp-block-heading\">P\u0141ODNO\u015a\u0106!<\/h1>\n\n\n\n<p><\/p>\n<\/div><\/div>\n\n\n\n<div class=\"wp-block-group alignfull window-height minus-header center has-white-background-color has-background\"><div class=\"wp-block-group__inner-container is-layout-flow wp-block-group-is-layout-flow\">\n<div style=\"height:50px\" aria-hidden=\"true\" class=\"wp-block-spacer\"><\/div>\n\n\n\n<h2 class=\"has-text-align-center has-light-grey-color has-text-color wp-block-heading\">PIERWSZY KROK DO RADO\u015aCI NARODZIN<\/h2>\n\n\n\n<div style=\"height:50px\" aria-hidden=\"true\" class=\"wp-block-spacer\"><\/div>\n\n\n\n<p class=\"has-text-align-center medium-width\">Je\u015bli po roku stosunk\u00f3w seksualnych bez zabezpieczenia wci\u0105\u017c nie dosz\u0142o do pocz\u0119cia, konieczna jest interwencja medyczna. \u015awiatowa Organizacja Zdrowia definiuje niep\u0142odno\u015b\u0107 jako \u201ebrak pocz\u0119cia w&nbsp;okresie 12&nbsp;miesi\u0119cy pod warunkiem regularnych stosunk\u00f3w bez zabezpieczenia\u201d. Dok\u0142adne rozpoznanie jest decyduj\u0105ce w&nbsp;kwestii znalezienia w\u0142a\u015bciwej metody leczenia.&nbsp;<\/p>\n\n\n\n<p class=\"has-text-align-center medium-width\">P\u0142odno\u015b\u0107 m\u0119\u017cczyzny zale\u017cy mi\u0119dzy innymi od mo\u017cliwo\u015bci dostarczenia wystarczaj\u0105cej liczby dojrza\u0142ych i&nbsp;aktywnych plemnik\u00f3w do dr\u00f3g rodnych kobiety w&nbsp;czasie owulacji. Ka\u017cda para pragn\u0105ca mie\u0107 dzieci musi by\u0107 \u015bwiadoma, \u017ce konieczne jest wsp\u00f3\u0142dzia\u0142anie zar\u00f3wno m\u0119skich, jak i&nbsp;\u017ce\u0144skich czynno\u015bci rozrodczych. W&nbsp;zwi\u0105zku z&nbsp;tym ocena diagnostyczna jest tak samo wa\u017cna w&nbsp;przypadku m\u0119\u017cczyzn i&nbsp;kobiet.<\/p>\n\n\n\n<div class=\"wp-block-image\"><figure class=\"aligncenter is-resized\"><img data-recalc-dims=\"1\" loading=\"lazy\" decoding=\"async\" src=\"https:\/\/i0.wp.com\/profertil.eu\/wp-content\/uploads\/2019\/05\/schnuller.jpg?resize=357%2C250&#038;ssl=1\" alt=\"Eine Diagnose ist der erste Schritt auf dem Weg zum Babygl\u00fcck.\" class=\"wp-image-805\" width=\"357\" height=\"250\" srcset=\"https:\/\/i0.wp.com\/profertil.eu\/wp-content\/uploads\/2019\/05\/schnuller.jpg?w=713&amp;ssl=1 713w, https:\/\/i0.wp.com\/profertil.eu\/wp-content\/uploads\/2019\/05\/schnuller.jpg?resize=300%2C210&amp;ssl=1 300w\" sizes=\"auto, (max-width: 357px) 100vw, 357px\" \/><\/figure><\/div>\n\n\n\n<div style=\"height:50px\" aria-hidden=\"true\" class=\"wp-block-spacer\"><\/div>\n\n\n\n\n\n<div id=\"anchorlink-block_5cf1469556d6c\" class=\"anchorlink dark \">\n            <a href=\"#section2\" data-smooth-scroll data-animation-duration=\"750\" data-animation-easing=\"swing\" data-offset=\"-23\"><i class=\"material-icons pro-pulse\">expand_more<\/i><\/a>\n    <\/div>\n\n\n<div style=\"height:50px\" aria-hidden=\"true\" class=\"wp-block-spacer\"><\/div>\n<\/div><\/div>\n\n\n\n<div class=\"wp-block-group alignfull window-height center has-blue-gradient-background-color has-background\" id=\"section2\"><div class=\"wp-block-group__inner-container is-layout-flow wp-block-group-is-layout-flow\">\n<div style=\"height:50px\" aria-hidden=\"true\" class=\"wp-block-spacer\"><\/div>\n\n\n\n<h2 class=\"has-text-align-center has-white-color has-text-color wp-block-heading\">ANDROLOG&nbsp;<em>(r. m\u0119ski)<\/em><\/h2>\n\n\n\n<h4 class=\"has-text-align-center wp-block-heading\"><em><em>Specjalista niep\u0142odno\u015bci m\u0119skiej<\/em><\/em><\/h4>\n\n\n\n<div style=\"height:50px\" aria-hidden=\"true\" class=\"wp-block-spacer\"><\/div>\n\n\n\n<div class=\"wp-block-columns has-2-columns is-layout-flex wp-container-core-columns-is-layout-1 wp-block-columns-is-layout-flex\">\n<div class=\"wp-block-column is-layout-flow wp-block-column-is-layout-flow\">\n<p class=\"has-white-color has-text-color\">Andrologia to specjalistyczna dziedzina urologii po\u015bwi\u0119cona zdrowiu reprodukcyjnemu m\u0119\u017cczyzn. W&nbsp;takim uj\u0119ciu stanowi m\u0119ski odpowiednik ginekologii. Badanie andrologiczne rozpoczyna si\u0119 od oceny historii zdrowia i&nbsp;choroby pacjenta. Lekarz zadaje pytania dotycz\u0105ce dzieci\u0144stwa i&nbsp;rozwoju pacjenta w&nbsp;okresie dojrzewania. Pytania wst\u0119pne maj\u0105 r\u00f3wnie\u017c na celu ocen\u0119 zachowa\u0144 seksualnych w&nbsp;zwi\u0105zku (cz\u0119stotliwo\u015bci zbli\u017ce\u0144 itp.). Po nich przeprowadzane jest badanie przedmiotowe zewn\u0119trznych narz\u0105d\u00f3w p\u0142ciowych oraz badanie ultrasonograficzne j\u0105der.<\/p>\n<\/div>\n\n\n\n<div class=\"wp-block-column is-layout-flow wp-block-column-is-layout-flow\">\n<p class=\"has-white-color has-text-color\">Post\u0119powanie mo\u017ce r\u00f3wnie\u017c obejmowa\u0107 oznaczenie st\u0119\u017cenia istotnych parametr\u00f3w laboratoryjnych (np. testosteronu, FSH, LH, prolaktyny). Celem badania jest dok\u0142ada analiza p\u0142ynu nasiennego. Badanie jako\u015bci nasienia odgrywa wa\u017cn\u0105 rol\u0119 w&nbsp;rozpoznaniu potencjalnej niep\u0142odno\u015bci m\u0119skiej. Analiza ta obejmuje badanie jako\u015bci plemnik\u00f3w pod mikroskopem w&nbsp;celu okre\u015blenia szans na skuteczne zap\u0142odnienie. Specjali\u015bci okre\u015blaj\u0105 liczb\u0119, ruchliwo\u015b\u0107 i&nbsp;budow\u0119 plemnik\u00f3w.<\/p>\n<\/div>\n<\/div>\n\n\n\n<div style=\"height:50px\" aria-hidden=\"true\" class=\"wp-block-spacer\"><\/div>\n\n\n\n\n\n<div id=\"anchorlink-block_5cf1478256d6d\" class=\"anchorlink light \">\n            <a href=\"#section3\" data-smooth-scroll data-animation-duration=\"750\" data-animation-easing=\"swing\" data-offset=\"-23\"><i class=\"material-icons pro-pulse\">expand_more<\/i><\/a>\n    <\/div><\/div><\/div>\n\n\n\n<div class=\"wp-block-group alignfull window-height center has-red-gradient-background-color has-background\" id=\"section3\"><div class=\"wp-block-group__inner-container is-layout-flow wp-block-group-is-layout-flow\">\n<div style=\"height:50px\" aria-hidden=\"true\" class=\"wp-block-spacer\"><\/div>\n\n\n\n<h2 class=\"has-text-align-center has-white-color has-text-color wp-block-heading\">O&nbsp;CZYM POWINIEN WIEDZIE\u0106 TW\u00d3J LEKARZ<strong>:<\/strong><\/h2>\n\n\n\n<div style=\"height:50px\" aria-hidden=\"true\" class=\"wp-block-spacer\"><\/div>\n\n\n\n<p class=\"has-text-align-center has-white-color has-text-color\">Wywiad medyczny mo\u017ce dostarczy\u0107 wa\u017cnych informacji wskazuj\u0105cych na mo\u017cliwe wyst\u0119powanie zaburze\u0144.<\/p>\n\n\n\n<div style=\"height:50px\" aria-hidden=\"true\" class=\"wp-block-spacer\"><\/div>\n\n\n\n<p class=\"has-white-color has-text-color\">Dlatego wa\u017cne jest, aby poinformowa\u0107 lekarza w&nbsp;przypadku:<\/p>\n\n\n\n<ul class=\"has-white-color has-text-color wp-block-list\"><li>Chor\u00f3b og\u00f3lnych<\/li><li>\u015awinki wyst\u0119puj\u0105cej po okresie dojrzewania p\u0142ciowego<\/li><li>Uraz\u00f3w j\u0105der<\/li><li>Zabieg\u00f3w chirurgicznych (np. przepukliny pachwinowej)<\/li><li>\u017bylak\u00f3w ko\u0144czyn dolnych<\/li><li>Leczenia spowodowanego wn\u0119trostwem (niezst\u0105pieniem jednego albo obu j\u0105der do moszny) przy urodzeniu<\/li><li>Zaka\u017ce\u0144 p\u0119cherza<\/li><li>cukrzycy<\/li><li>Zaburze\u0144 czynno\u015bci tarczycy<\/li><li>Stosowania radioterapii<\/li><li>Chor\u00f3b wenerycznych<\/li><li>Palenia tytoniu, spo\u017cywania alkoholu albo za\u017cywania narkotyk\u00f3w<\/li><li>Mo\u017cliwego nara\u017cenia na truj\u0105ce czynniki \u015brodowiskowe<\/li><li>Przyjmowania lek\u00f3w przez matk\u0119 podczas ci\u0105\u017cy<\/li><li>Chor\u00f3b dziedzicznych w&nbsp;rodzinie<\/li><\/ul>\n\n\n\n<div style=\"height:50px\" aria-hidden=\"true\" class=\"wp-block-spacer\"><\/div>\n\n\n\n\n\n<div id=\"anchorlink-block_5cf1491277201\" class=\"anchorlink light \">\n            <a href=\"#section4\" data-smooth-scroll data-animation-duration=\"750\" data-animation-easing=\"swing\" data-offset=\"-23\"><i class=\"material-icons pro-pulse\">expand_more<\/i><\/a>\n    <\/div><\/div><\/div>\n\n\n\n<div class=\"wp-block-group alignfull window-height center has-blue-gradient-background-color has-background\" id=\"section4\"><div class=\"wp-block-group__inner-container is-layout-flow wp-block-group-is-layout-flow\">\n<div style=\"height:50px\" aria-hidden=\"true\" class=\"wp-block-spacer\"><\/div>\n\n\n\n<h2 class=\"has-text-align-center has-light-grey-color has-text-color wp-block-heading\">CO MO\u017bE POM\u00d3C<\/h2>\n\n\n\n<h2 class=\"has-text-align-center has-white-color has-text-color wp-block-heading\">PROFERTIL<sup>\u00ae<\/sup>&nbsp;TO SPRAWDZONE ROZWI\u0104ZANIE<\/h2>\n\n\n\n<div style=\"height:50px\" aria-hidden=\"true\" class=\"wp-block-spacer\"><\/div>\n\n\n\n<div class=\"wp-block-image\"><figure class=\"aligncenter size-full is-resized\"><img data-recalc-dims=\"1\" loading=\"lazy\" decoding=\"async\" src=\"https:\/\/i0.wp.com\/profertil.eu\/wp-content\/uploads\/2023\/10\/Capsule-spermium_animation_2023_for-black-backgrounds-3.gif?resize=467%2C50&#038;ssl=1\" alt=\"\" class=\"wp-image-21780\" width=\"467\" height=\"50\"\/><\/figure><\/div>\n\n\n\n<div style=\"height:50px\" aria-hidden=\"true\" class=\"wp-block-spacer\"><\/div>\n\n\n\n<p class=\"has-text-align-center has-white-color has-text-color\"><strong>Zdrowe zmiany stylu \u017cycia:<br><\/strong>np. zbilansowana dieta, odstawienie nikotyny i&nbsp;alkoholu, uprawianie sportu i&nbsp;regularny odpoczynek<\/p>\n\n\n\n<p class=\"has-text-align-center has-white-color has-text-color\"><strong><strong>Unormowanie masy cia\u0142a<\/strong><\/strong><\/p>\n\n\n\n<p class=\"has-text-align-center has-white-color has-text-color\"><strong><strong>Psychoterapia<\/strong><\/strong><\/p>\n\n\n\n<p class=\"has-text-align-center has-white-color has-text-color\"><strong>Zabiegi medyczne zwi\u0105zane z&nbsp;leczeniem niep\u0142odno\u015bci,<\/strong><br>np. sztuczne zap\u0142odnienie, zap\u0142odnienie in-vitro albo wprowadzenie plemnika do cytoplazmy kom\u00f3rki jajowej (Intracytoplasmic Sperm Injection, ICSI)<\/p>\n\n\n\n<div style=\"height:50px\" aria-hidden=\"true\" class=\"wp-block-spacer\"><\/div>\n\n\n\n\n\n<div id=\"anchorlink-block_5cf14abf77202\" class=\"anchorlink light \">\n            <a href=\"#buynow\" data-smooth-scroll data-animation-duration=\"750\" data-animation-easing=\"swing\" data-offset=\"-23\"><i class=\"material-icons pro-pulse\">expand_more<\/i><\/a>\n    <\/div><\/div><\/div>\n\n\n\n<div id=\"buynow\" class=\"wp-block-group window-height minus-footer center\"><div class=\"wp-block-group__inner-container is-layout-flow wp-block-group-is-layout-flow\">\n<div class=\"wp-block-image\"><figure class=\"aligncenter size-large is-resized\"><a href=\"https:\/\/profertil.eu\/pl\/gdzie-kupic\/\"><img loading=\"lazy\" decoding=\"async\" src=\"https:\/\/profertil.eu\/wp-content\/uploads\/2021\/03\/KUP-TERAZ.svg\" alt=\"\" class=\"wp-image-9324\" width=\"500\" height=\"94\"\/><\/a><\/figure><\/div>\n<\/div><\/div>\n","protected":false},"excerpt":{"rendered":"<p>PIERWSZY KROK DO RADO\u015aCI NARODZIN Je\u015bli po roku stosunk\u00f3w seksualnych bez zabezpieczenia wci\u0105\u017c nie dosz\u0142o do pocz\u0119cia, konieczna jest interwencja medyczna. \u015awiatowa Organizacja Zdrowia definiuje niep\u0142odno\u015b\u0107 jako \u201ebrak pocz\u0119cia w&nbsp;okresie 12&nbsp;miesi\u0119cy pod warunkiem regularnych stosunk\u00f3w bez zabezpieczenia\u201d. Dok\u0142adne rozpoznanie jest decyduj\u0105ce w&nbsp;kwestii znalezienia w\u0142a\u015bciwej metody leczenia.&nbsp; P\u0142odno\u015b\u0107 m\u0119\u017cczyzny zale\u017cy mi\u0119dzy innymi od mo\u017cliwo\u015bci dostarczenia wystarczaj\u0105cej<a class=\"excerpt-read-more\" href=\"https:\/\/profertil.eu\/pl\/nieplodnosc\/diagnoza\/\" title=\"ReadDiagnoza\">&#8230; Read more &raquo;<\/a><\/p>\n","protected":false},"author":1,"featured_media":0,"parent":9339,"menu_order":3,"comment_status":"closed","ping_status":"closed","template":"template-full-width-no-title.php","meta":{"_acf_changed":false,"pgc_sgb_lightbox_settings":"","footnotes":""},"categories":[],"tags":[],"class_list":["post-9379","page","type-page","status-publish","hentry"],"acf":[],"yoast_head":"<!-- This site is optimized with the Yoast SEO plugin v26.1 - https:\/\/yoast.com\/wordpress\/plugins\/seo\/ -->\n<title>Diagnoza - PROFERTIL<\/title>\n<meta name=\"robots\" content=\"index, follow, max-snippet:-1, max-image-preview:large, max-video-preview:-1\" \/>\n<link rel=\"canonical\" href=\"https:\/\/profertil.eu\/pl\/nieplodnosc\/diagnoza\/\" \/>\n<meta property=\"og:locale\" content=\"pl_PL\" \/>\n<meta property=\"og:type\" content=\"article\" \/>\n<meta property=\"og:title\" content=\"Diagnoza - PROFERTIL\" \/>\n<meta property=\"og:description\" content=\"PIERWSZY KROK DO RADO\u015aCI NARODZIN Je\u015bli po roku stosunk\u00f3w seksualnych bez zabezpieczenia wci\u0105\u017c nie dosz\u0142o do pocz\u0119cia, konieczna jest interwencja medyczna. \u015awiatowa Organizacja Zdrowia definiuje niep\u0142odno\u015b\u0107 jako \u201ebrak pocz\u0119cia w&nbsp;okresie 12&nbsp;miesi\u0119cy pod warunkiem regularnych stosunk\u00f3w bez zabezpieczenia\u201d. Dok\u0142adne rozpoznanie jest decyduj\u0105ce w&nbsp;kwestii znalezienia w\u0142a\u015bciwej metody leczenia.&nbsp; P\u0142odno\u015b\u0107 m\u0119\u017cczyzny zale\u017cy mi\u0119dzy innymi od mo\u017cliwo\u015bci dostarczenia wystarczaj\u0105cej... Read more &raquo;\" \/>\n<meta property=\"og:url\" content=\"https:\/\/profertil.eu\/pl\/nieplodnosc\/diagnoza\/\" \/>\n<meta property=\"og:site_name\" content=\"PROFERTIL\" \/>\n<meta property=\"article:modified_time\" content=\"2023-10-09T08:20:50+00:00\" \/>\n<meta property=\"og:image\" content=\"https:\/\/i0.wp.com\/profertil.eu\/wp-content\/uploads\/2019\/05\/diagnose.jpg?fit=2048%2C500&ssl=1\" \/>\n\t<meta property=\"og:image:width\" content=\"2048\" \/>\n\t<meta property=\"og:image:height\" content=\"500\" \/>\n\t<meta property=\"og:image:type\" content=\"image\/jpeg\" \/>\n<meta name=\"twitter:card\" content=\"summary_large_image\" \/>\n<meta name=\"twitter:label1\" content=\"Szacowany czas czytania\" \/>\n\t<meta name=\"twitter:data1\" content=\"3 minuty\" \/>\n<script type=\"application\/ld+json\" class=\"yoast-schema-graph\">{\"@context\":\"https:\/\/schema.org\",\"@graph\":[{\"@type\":\"WebPage\",\"@id\":\"https:\/\/profertil.eu\/pl\/nieplodnosc\/diagnoza\/\",\"url\":\"https:\/\/profertil.eu\/pl\/nieplodnosc\/diagnoza\/\",\"name\":\"Diagnoza - PROFERTIL\",\"isPartOf\":{\"@id\":\"https:\/\/profertil.eu\/#website\"},\"primaryImageOfPage\":{\"@id\":\"https:\/\/profertil.eu\/pl\/nieplodnosc\/diagnoza\/#primaryimage\"},\"image\":{\"@id\":\"https:\/\/profertil.eu\/pl\/nieplodnosc\/diagnoza\/#primaryimage\"},\"thumbnailUrl\":\"https:\/\/profertil.eu\/wp-content\/uploads\/2019\/05\/diagnose.jpg\",\"datePublished\":\"2021-03-25T15:39:06+00:00\",\"dateModified\":\"2023-10-09T08:20:50+00:00\",\"breadcrumb\":{\"@id\":\"https:\/\/profertil.eu\/pl\/nieplodnosc\/diagnoza\/#breadcrumb\"},\"inLanguage\":\"pl-PL\",\"potentialAction\":[{\"@type\":\"ReadAction\",\"target\":[\"https:\/\/profertil.eu\/pl\/nieplodnosc\/diagnoza\/\"]}]},{\"@type\":\"ImageObject\",\"inLanguage\":\"pl-PL\",\"@id\":\"https:\/\/profertil.eu\/pl\/nieplodnosc\/diagnoza\/#primaryimage\",\"url\":\"https:\/\/profertil.eu\/wp-content\/uploads\/2019\/05\/diagnose.jpg\",\"contentUrl\":\"https:\/\/profertil.eu\/wp-content\/uploads\/2019\/05\/diagnose.jpg\"},{\"@type\":\"BreadcrumbList\",\"@id\":\"https:\/\/profertil.eu\/pl\/nieplodnosc\/diagnoza\/#breadcrumb\",\"itemListElement\":[{\"@type\":\"ListItem\",\"position\":1,\"name\":\"Home\",\"item\":\"https:\/\/profertil.eu\/pl\/startseite\/\"},{\"@type\":\"ListItem\",\"position\":2,\"name\":\"Niep\u0142odno\u015b\u0107\",\"item\":\"https:\/\/profertil.eu\/pl\/nieplodnosc\/\"},{\"@type\":\"ListItem\",\"position\":3,\"name\":\"Diagnoza\"}]},{\"@type\":\"WebSite\",\"@id\":\"https:\/\/profertil.eu\/#website\",\"url\":\"https:\/\/profertil.eu\/\",\"name\":\"PROFERTIL\",\"description\":\"No. 1 proven efficacy in male fertility\",\"publisher\":{\"@id\":\"https:\/\/profertil.eu\/#organization\"},\"potentialAction\":[{\"@type\":\"SearchAction\",\"target\":{\"@type\":\"EntryPoint\",\"urlTemplate\":\"https:\/\/profertil.eu\/?s={search_term_string}\"},\"query-input\":{\"@type\":\"PropertyValueSpecification\",\"valueRequired\":true,\"valueName\":\"search_term_string\"}}],\"inLanguage\":\"pl-PL\"},{\"@type\":\"Organization\",\"@id\":\"https:\/\/profertil.eu\/#organization\",\"name\":\"PROFERTIL\",\"url\":\"https:\/\/profertil.eu\/\",\"logo\":{\"@type\":\"ImageObject\",\"inLanguage\":\"pl-PL\",\"@id\":\"https:\/\/profertil.eu\/#\/schema\/logo\/image\/\",\"url\":\"https:\/\/profertil.eu\/wp-content\/uploads\/2025\/10\/PROFERTIL-logo-2025.svg\",\"contentUrl\":\"https:\/\/profertil.eu\/wp-content\/uploads\/2025\/10\/PROFERTIL-logo-2025.svg\",\"caption\":\"PROFERTIL\"},\"image\":{\"@id\":\"https:\/\/profertil.eu\/#\/schema\/logo\/image\/\"}}]}<\/script>\n<!-- \/ Yoast SEO plugin. -->","yoast_head_json":{"title":"Diagnoza - PROFERTIL","robots":{"index":"index","follow":"follow","max-snippet":"max-snippet:-1","max-image-preview":"max-image-preview:large","max-video-preview":"max-video-preview:-1"},"canonical":"https:\/\/profertil.eu\/pl\/nieplodnosc\/diagnoza\/","og_locale":"pl_PL","og_type":"article","og_title":"Diagnoza - PROFERTIL","og_description":"PIERWSZY KROK DO RADO\u015aCI NARODZIN Je\u015bli po roku stosunk\u00f3w seksualnych bez zabezpieczenia wci\u0105\u017c nie dosz\u0142o do pocz\u0119cia, konieczna jest interwencja medyczna. \u015awiatowa Organizacja Zdrowia definiuje niep\u0142odno\u015b\u0107 jako \u201ebrak pocz\u0119cia w&nbsp;okresie 12&nbsp;miesi\u0119cy pod warunkiem regularnych stosunk\u00f3w bez zabezpieczenia\u201d. Dok\u0142adne rozpoznanie jest decyduj\u0105ce w&nbsp;kwestii znalezienia w\u0142a\u015bciwej metody leczenia.&nbsp; P\u0142odno\u015b\u0107 m\u0119\u017cczyzny zale\u017cy mi\u0119dzy innymi od mo\u017cliwo\u015bci dostarczenia wystarczaj\u0105cej... Read more &raquo;","og_url":"https:\/\/profertil.eu\/pl\/nieplodnosc\/diagnoza\/","og_site_name":"PROFERTIL","article_modified_time":"2023-10-09T08:20:50+00:00","og_image":[{"width":2048,"height":500,"url":"https:\/\/i0.wp.com\/profertil.eu\/wp-content\/uploads\/2019\/05\/diagnose.jpg?fit=2048%2C500&ssl=1","type":"image\/jpeg"}],"twitter_card":"summary_large_image","twitter_misc":{"Szacowany czas czytania":"3 minuty"},"schema":{"@context":"https:\/\/schema.org","@graph":[{"@type":"WebPage","@id":"https:\/\/profertil.eu\/pl\/nieplodnosc\/diagnoza\/","url":"https:\/\/profertil.eu\/pl\/nieplodnosc\/diagnoza\/","name":"Diagnoza - PROFERTIL","isPartOf":{"@id":"https:\/\/profertil.eu\/#website"},"primaryImageOfPage":{"@id":"https:\/\/profertil.eu\/pl\/nieplodnosc\/diagnoza\/#primaryimage"},"image":{"@id":"https:\/\/profertil.eu\/pl\/nieplodnosc\/diagnoza\/#primaryimage"},"thumbnailUrl":"https:\/\/profertil.eu\/wp-content\/uploads\/2019\/05\/diagnose.jpg","datePublished":"2021-03-25T15:39:06+00:00","dateModified":"2023-10-09T08:20:50+00:00","breadcrumb":{"@id":"https:\/\/profertil.eu\/pl\/nieplodnosc\/diagnoza\/#breadcrumb"},"inLanguage":"pl-PL","potentialAction":[{"@type":"ReadAction","target":["https:\/\/profertil.eu\/pl\/nieplodnosc\/diagnoza\/"]}]},{"@type":"ImageObject","inLanguage":"pl-PL","@id":"https:\/\/profertil.eu\/pl\/nieplodnosc\/diagnoza\/#primaryimage","url":"https:\/\/profertil.eu\/wp-content\/uploads\/2019\/05\/diagnose.jpg","contentUrl":"https:\/\/profertil.eu\/wp-content\/uploads\/2019\/05\/diagnose.jpg"},{"@type":"BreadcrumbList","@id":"https:\/\/profertil.eu\/pl\/nieplodnosc\/diagnoza\/#breadcrumb","itemListElement":[{"@type":"ListItem","position":1,"name":"Home","item":"https:\/\/profertil.eu\/pl\/startseite\/"},{"@type":"ListItem","position":2,"name":"Niep\u0142odno\u015b\u0107","item":"https:\/\/profertil.eu\/pl\/nieplodnosc\/"},{"@type":"ListItem","position":3,"name":"Diagnoza"}]},{"@type":"WebSite","@id":"https:\/\/profertil.eu\/#website","url":"https:\/\/profertil.eu\/","name":"PROFERTIL","description":"No. 1 proven efficacy in male fertility","publisher":{"@id":"https:\/\/profertil.eu\/#organization"},"potentialAction":[{"@type":"SearchAction","target":{"@type":"EntryPoint","urlTemplate":"https:\/\/profertil.eu\/?s={search_term_string}"},"query-input":{"@type":"PropertyValueSpecification","valueRequired":true,"valueName":"search_term_string"}}],"inLanguage":"pl-PL"},{"@type":"Organization","@id":"https:\/\/profertil.eu\/#organization","name":"PROFERTIL","url":"https:\/\/profertil.eu\/","logo":{"@type":"ImageObject","inLanguage":"pl-PL","@id":"https:\/\/profertil.eu\/#\/schema\/logo\/image\/","url":"https:\/\/profertil.eu\/wp-content\/uploads\/2025\/10\/PROFERTIL-logo-2025.svg","contentUrl":"https:\/\/profertil.eu\/wp-content\/uploads\/2025\/10\/PROFERTIL-logo-2025.svg","caption":"PROFERTIL"},"image":{"@id":"https:\/\/profertil.eu\/#\/schema\/logo\/image\/"}}]}},"_links":{"self":[{"href":"https:\/\/profertil.eu\/pl\/wp-json\/wp\/v2\/pages\/9379","targetHints":{"allow":["GET"]}}],"collection":[{"href":"https:\/\/profertil.eu\/pl\/wp-json\/wp\/v2\/pages"}],"about":[{"href":"https:\/\/profertil.eu\/pl\/wp-json\/wp\/v2\/types\/page"}],"author":[{"embeddable":true,"href":"https:\/\/profertil.eu\/pl\/wp-json\/wp\/v2\/users\/1"}],"replies":[{"embeddable":true,"href":"https:\/\/profertil.eu\/pl\/wp-json\/wp\/v2\/comments?post=9379"}],"version-history":[{"count":9,"href":"https:\/\/profertil.eu\/pl\/wp-json\/wp\/v2\/pages\/9379\/revisions"}],"predecessor-version":[{"id":21791,"href":"https:\/\/profertil.eu\/pl\/wp-json\/wp\/v2\/pages\/9379\/revisions\/21791"}],"up":[{"embeddable":true,"href":"https:\/\/profertil.eu\/pl\/wp-json\/wp\/v2\/pages\/9339"}],"wp:attachment":[{"href":"https:\/\/profertil.eu\/pl\/wp-json\/wp\/v2\/media?parent=9379"}],"wp:term":[{"taxonomy":"category","embeddable":true,"href":"https:\/\/profertil.eu\/pl\/wp-json\/wp\/v2\/categories?post=9379"},{"taxonomy":"post_tag","embeddable":true,"href":"https:\/\/profertil.eu\/pl\/wp-json\/wp\/v2\/tags?post=9379"}],"curies":[{"name":"wp","href":"https:\/\/api.w.org\/{rel}","templated":true}]}}