 {"id":9354,"date":"2021-03-25T16:17:33","date_gmt":"2021-03-25T15:17:33","guid":{"rendered":"https:\/\/profertil.eu\/?page_id=9354"},"modified":"2021-03-25T22:50:02","modified_gmt":"2021-03-25T21:50:02","slug":"sterydy-anaboliczne-a-meska-plodnosc","status":"publish","type":"page","link":"https:\/\/profertil.eu\/pl\/nieplodnosc\/sterydy-anaboliczne-a-meska-plodnosc\/","title":{"rendered":"Sterydy anaboliczne a m\u0119ska p\u0142odno\u015b\u0107"},"content":{"rendered":"\n<div class=\"wp-block-cover alignfull\" style=\"background-image:url(https:\/\/profertil.eu\/wp-content\/uploads\/2020\/06\/maennliche-fruchtbarkeit-anabole-steroide.png);background-position:98% 50%\"><div class=\"wp-block-cover__inner-container is-layout-flow wp-block-cover-is-layout-flow\">\n<h1 class=\"wp-block-heading\"><span class=\"has-white-color\">STERYDY ANABOLICZNE<\/span><br><span class=\"has-red-color\">A M\u0118SKA P\u0141ODNO\u015a\u0106<\/span><\/h1>\n<\/div><\/div>\n\n\n\n<div class=\"wp-block-group alignfull window-height minus-header has-red-gradient-background-color has-background\"><div class=\"wp-block-group__inner-container is-layout-flow wp-block-group-is-layout-flow\">\n<div style=\"height:100px\" aria-hidden=\"true\" class=\"wp-block-spacer\"><\/div>\n\n\n\n<p class=\"has-text-align-center medium-width has-white-color has-text-color has-large-font-size\">\u201ePrawda jest taka, \u017ce niep\u0142odno\u015b\u0107 dotyka zdecydowanej wi\u0119kszo\u015bci m\u0119\u017cczyzn za\u017cywaj\u0105cych sterydy anaboliczne \u2013 mo\u017ce to dotyczy\u0107 nawet 90% z nich!\u201c<\/p>\n\n\n\n<div style=\"height:50px\" aria-hidden=\"true\" class=\"wp-block-spacer\"><\/div>\n\n\n\n<p class=\"has-text-align-center has-white-color has-text-color\"><em>(prof. Allan Pacey, University of Sheffield)<\/em><\/p>\n\n\n\n\n\n<div id=\"anchorlink-block_5cf1243da1895\" class=\"anchorlink light \">\n            <a href=\"#section2\" data-smooth-scroll data-animation-duration=\"750\" data-animation-easing=\"swing\" data-offset=\"-23\"><i class=\"material-icons pro-pulse\">expand_more<\/i><\/a>\n    <\/div><\/div><\/div>\n\n\n\n<div class=\"wp-block-group alignfull window-height center\" id=\"section2\"><div class=\"wp-block-group__inner-container is-layout-flow wp-block-group-is-layout-flow\">\n<div style=\"height:50px\" aria-hidden=\"true\" class=\"wp-block-spacer\"><\/div>\n\n\n\n<h2 class=\"has-text-align-center window-height has-light-grey-color has-text-color wp-block-heading\" id=\"section2\">P\u0141ODNO\u015a\u0106 I STERYDY ANABOLICZNE NIE ID\u0104 ZE SOB\u0104 W PARZE!<\/h2>\n\n\n\n<div style=\"height:30px\" aria-hidden=\"true\" class=\"wp-block-spacer\"><\/div>\n\n\n\n<div class=\"wp-block-image\"><figure class=\"aligncenter size-full is-resized\"><img data-recalc-dims=\"1\" decoding=\"async\" src=\"https:\/\/i0.wp.com\/profertil.eu\/wp-content\/uploads\/2020\/06\/Cornetto_mit-shrinking-SpermMan_k1.gif?w=350&#038;ssl=1\" alt=\"Male fertility and anabolic steroids\" class=\"wp-image-4286\" \/><\/figure><\/div>\n\n\n\n<p class=\"has-text-align-center has-medium-font-size\">Sterydy anaboliczne pomagaj\u0105 zwi\u0119kszy\u0107 mas\u0119 mi\u0119\u015bniow\u0105, wytrzyma\u0142o\u015b\u0107 i osi\u0105gi. Jednak ich stosowanie oraz przyjmowanie innych \u015brodk\u00f3w dopinguj\u0105cych tego rodzaju mo\u017ce stanowi\u0107 powa\u017cne zagro\u017cenie dla zdolno\u015bci reprodukcyjnych m\u0119\u017cczyzny. Badania wykaza\u0142y, \u017ce za\u017cywanie tego typu substancji przyczynia si\u0119 do obni\u017cenia jako\u015bci nasienia oraz negatywnie wp\u0142ywa na potencj\u0119, a nawet na zdolno\u015b\u0107 do odbycia przez m\u0119\u017cczyzn\u0119 stosunku seksualnego.<\/p>\n\n\n\n<div style=\"height:20px\" aria-hidden=\"true\" class=\"wp-block-spacer\"><\/div>\n\n\n\n<h3 class=\"has-text-align-center has-red-color has-text-color wp-block-heading\">Sterydy anaboliczne mog\u0105 przekre\u015bli\u0107 Twoje szanse na zostanie ojcem.<\/h3>\n\n\n\n\n\n<div id=\"anchorlink-block_5cf12484a1896\" class=\"anchorlink dark \">\n            <a href=\"#section3\" data-smooth-scroll data-animation-duration=\"750\" data-animation-easing=\"swing\" data-offset=\"-23\"><i class=\"material-icons pro-pulse\">expand_more<\/i><\/a>\n    <\/div>\n\n\n<div style=\"height:50px\" aria-hidden=\"true\" class=\"wp-block-spacer\"><\/div>\n\n\n\n<p><\/p>\n<\/div><\/div>\n\n\n\n<div class=\"wp-block-group alignfull window-height center has-background\" id=\"section3\" style=\"background-color:#b5cada\"><div class=\"wp-block-group__inner-container is-layout-flow wp-block-group-is-layout-flow\">\n<div style=\"height:50px\" aria-hidden=\"true\" class=\"wp-block-spacer\"><\/div>\n\n\n\n<h2 class=\"has-text-align-center has-red-color has-text-color wp-block-heading\">TO UDOWODNIONE NAUKOWO:<br>ZA\u017bYWANIE STERYD\u00d3W ANABOLICZNYCH MO\u017bE OBNI\u017bA\u0106 P\u0141ODNO\u015a\u0106<\/h2>\n\n\n\n<div style=\"height:35px\" aria-hidden=\"true\" class=\"wp-block-spacer\"><\/div>\n\n\n\n<div class=\"wp-block-image hide-for-large\"><figure class=\"aligncenter size-large is-resized\"><img data-recalc-dims=\"1\" loading=\"lazy\" decoding=\"async\" src=\"https:\/\/i0.wp.com\/profertil.eu\/wp-content\/uploads\/2020\/06\/2-Sperm-men_full.png?resize=353%2C450&#038;ssl=1\" alt=\"\" class=\"wp-image-4223\" width=\"353\" height=\"450\" srcset=\"https:\/\/i0.wp.com\/profertil.eu\/wp-content\/uploads\/2020\/06\/2-Sperm-men_full.png?w=705&amp;ssl=1 705w, https:\/\/i0.wp.com\/profertil.eu\/wp-content\/uploads\/2020\/06\/2-Sperm-men_full.png?resize=235%2C300&amp;ssl=1 235w\" sizes=\"auto, (max-width: 353px) 100vw, 353px\" \/><\/figure><\/div>\n\n\n\n<div class=\"wp-block-columns are-vertically-aligned-center is-layout-flex wp-container-core-columns-is-layout-1 wp-block-columns-is-layout-flex\">\n<div class=\"wp-block-column is-vertically-aligned-center is-layout-flow wp-block-column-is-layout-flow\">\n<p style=\"font-size:19px\">U&nbsp;kulturyst\u00f3w, kt\u00f3rzy brali udzia\u0142 w badaniach, zaobserwowano, \u017ce regularne przyjmowanie steryd\u00f3w anabolicznych mo\u017ce powodowa\u0107 znaczne upo\u015bledzenie funkcji reprodukcyjnych u m\u0119\u017cczyzn.<\/p>\n\n\n\n<p style=\"font-size:19px\">Badania nasienia u uczestnik\u00f3w (seminogram) wykaza\u0142y, \u017ce zar\u00f3wno ca\u0142kowita liczba plemnik\u00f3w, jak i odsetek plemnik\u00f3w ruchliwych i o normalnej budowie by\u0142y zani\u017cone wzgl\u0119dem norm ustalonych przez \u015awiatow\u0105 Organizacj\u0119 Zdrowia (WHO).<\/p>\n\n\n\n<p style=\"font-size:19px\">Je\u015bli planujesz za\u0142o\u017cy\u0107 rodzin\u0119, a przyjmujesz obecnie sterydy anaboliczne, wskazane jest, by\u015b natychmiast z nich zrezygnowa\u0142. Pe\u0142na regeneracja uk\u0142adu rozrodczego i normalna produkcja nasienia mo\u017ce nast\u0105pi\u0107 dopiero po roku.<\/p>\n<\/div>\n\n\n\n<div class=\"wp-block-column is-vertically-aligned-center is-layout-flow wp-block-column-is-layout-flow\">\n<div class=\"wp-block-image show-for-large\"><figure class=\"aligncenter size-large is-resized\"><img data-recalc-dims=\"1\" loading=\"lazy\" decoding=\"async\" src=\"https:\/\/i0.wp.com\/profertil.eu\/wp-content\/uploads\/2020\/06\/2-Sperm-men_full.png?resize=353%2C450&#038;ssl=1\" alt=\"\" class=\"wp-image-4223\" width=\"353\" height=\"450\" srcset=\"https:\/\/i0.wp.com\/profertil.eu\/wp-content\/uploads\/2020\/06\/2-Sperm-men_full.png?w=705&amp;ssl=1 705w, https:\/\/i0.wp.com\/profertil.eu\/wp-content\/uploads\/2020\/06\/2-Sperm-men_full.png?resize=235%2C300&amp;ssl=1 235w\" sizes=\"auto, (max-width: 353px) 100vw, 353px\" \/><\/figure><\/div>\n<\/div>\n<\/div>\n\n\n\n<div style=\"height:50px\" aria-hidden=\"true\" class=\"wp-block-spacer\"><\/div>\n\n\n\n\n\n<div id=\"anchorlink-block_5cf13991a1897\" class=\"anchorlink dark \">\n            <a href=\"#section4\" data-smooth-scroll data-animation-duration=\"750\" data-animation-easing=\"swing\" data-offset=\"-23\"><i class=\"material-icons pro-pulse\">expand_more<\/i><\/a>\n    <\/div>\n\n\n<div style=\"height:50px\" aria-hidden=\"true\" class=\"wp-block-spacer\"><\/div>\n<\/div><\/div>\n\n\n\n<div class=\"wp-block-group alignfull window-height center fitness-program\" id=\"section4\"><div class=\"wp-block-group__inner-container is-layout-flow wp-block-group-is-layout-flow\">\n<div style=\"height:50px\" aria-hidden=\"true\" class=\"wp-block-spacer\"><\/div>\n\n\n\n<h2 class=\"has-text-align-center has-light-grey-color has-text-color wp-block-heading\">PROFERTIL<sup>\u00ae<\/sup>&nbsp;\u2013 PRAWID\u0141OWA FORMA TWOICH PLEMNIK\u00d3W<\/h2>\n\n\n\n<div style=\"height:50px\" aria-hidden=\"true\" class=\"wp-block-spacer\"><\/div>\n\n\n\n<div class=\"wp-block-columns is-layout-flex wp-container-core-columns-is-layout-2 wp-block-columns-is-layout-flex\">\n<div class=\"wp-block-column is-layout-flow wp-block-column-is-layout-flow\">\n<p style=\"font-size:19px\">Aby wspom\u00f3c organizm w powrocie do zdrowia, a wi\u0119c produkcji zdrowych plemnik\u00f3w i odzyskaniu szansy na zostanie ojcem, polecamy PROFERTIL<sup>\u00ae<\/sup>&nbsp;\u2013 regularne przyjmowanie suplementu PROFERTIL<sup>\u00ae<\/sup>&nbsp;pomaga w odzyskaniu szansy na zostanie ojcem. W&nbsp;sze\u015bciu badaniach klinicznych z udzia\u0142em ponad 1000&nbsp;pacjent\u00f3w wszystkie parametry plemnik\u00f3w kluczowe dla zdolno\u015bci reprodukcyjnych uleg\u0142y znacznej poprawie po trzech miesi\u0105cach regularnego stosowania.<\/p>\n\n\n\n<p style=\"font-size:19px\">Korzystne dzia\u0142anie suplementu wyra\u017anie odzwierciedlaj\u0105 wyniki\u00a0<a href=\"https:\/\/profertil.eu\/pl\/zdrowe-plemniki\/spermiogram\/\" data-type=\"page\" data-id=\"9484\"><strong><span class=\"has-inline-color has-red-color\">seminogramu<\/span><\/strong><\/a>, kt\u00f3re wykaza\u0142y<\/p>\n\n\n\n<ul class=\"studylist has-medium-font-size wp-block-list\"><li>Wzrost ca\u0142kowitej liczby plemnik\u00f3w<\/li><li>Wzrost liczby plemnik\u00f3w o prawid\u0142owej budowie<\/li><li>Zwi\u0119kszenie pr\u0119dko\u015bci i ruchliwo\u015bci plemnik\u00f3w<\/li><\/ul>\n<\/div>\n\n\n\n<div class=\"wp-block-column is-layout-flow wp-block-column-is-layout-flow\">\n<figure class=\"wp-block-image size-large\"><img data-recalc-dims=\"1\" loading=\"lazy\" decoding=\"async\" width=\"998\" height=\"580\" src=\"https:\/\/i0.wp.com\/profertil.eu\/wp-content\/uploads\/2021\/03\/regenerastes-male-fertility-pl.png?resize=998%2C580&#038;ssl=1\" alt=\"\" class=\"wp-image-9365\" srcset=\"https:\/\/i0.wp.com\/profertil.eu\/wp-content\/uploads\/2021\/03\/regenerastes-male-fertility-pl.png?w=998&amp;ssl=1 998w, https:\/\/i0.wp.com\/profertil.eu\/wp-content\/uploads\/2021\/03\/regenerastes-male-fertility-pl.png?resize=300%2C174&amp;ssl=1 300w, https:\/\/i0.wp.com\/profertil.eu\/wp-content\/uploads\/2021\/03\/regenerastes-male-fertility-pl.png?resize=768%2C446&amp;ssl=1 768w\" sizes=\"auto, (max-width: 998px) 100vw, 998px\" \/><\/figure>\n<\/div>\n<\/div>\n\n\n\n<div style=\"height:50px\" aria-hidden=\"true\" class=\"wp-block-spacer\"><\/div>\n\n\n\n\n\n<div id=\"internallink-block_5eeb65b91a5ff\" class=\"internal-link aligncenter has-red-color\">\n            <p><a href=\"https:\/\/profertil.eu\/pl\/zdrowe-plemniki\/spermiogram\/\" title=\"More information\">> Dowiedz si\u0119 wi\u0119cej<\/a><\/p>\n    <\/div>\n\n\n<div style=\"height:50px\" aria-hidden=\"true\" class=\"wp-block-spacer\"><\/div>\n\n\n\n<p class=\"references has-black-color has-text-color has-small-font-size\"><em><em>Pi\u015bmiennictwo<\/em>:<br><strong><a rel=\"noreferrer noopener\" aria-label=\"Anabolic steroids abuse and male infertility (opens in a new tab)\" href=\"https:\/\/www.ncbi.nlm.nih.gov\/pmc\/articles\/PMC4744441\/\" target=\"_blank\">Anabolic steroids abuse and male infertility<\/a><\/strong>. Basic Clin Androl. 2016; 26: 2.<br><strong><a rel=\"noreferrer noopener\" aria-label=\"Effect of androgenic anabolic steroids on sperm quality and serum hormone levels in adult male bodybuilders (opens in a new tab)\" href=\"https:\/\/www.ncbi.nlm.nih.gov\/pubmed\/11270623\" target=\"_blank\">Effect of androgenic anabolic steroids on sperm quality and serum hormone levels in adult male bodybuilders<\/a><\/strong>. Life Sci. 2001 Mar 2;68(15):1769-74.<br><strong><a rel=\"noreferrer noopener\" aria-label=\"Anabolic steroids and semen parameters in bodybuilders (opens in a new tab)\" href=\"https:\/\/doi.org\/10.1016\/S0015-0282(16)53172-0\" target=\"_blank\">Anabolic steroids and semen parameters in bodybuilders<\/a><\/strong>. December 1989 Volume 52, Issue 6, Pages 1041\u20131047.<\/em><\/p>\n\n\n\n\n\n<div id=\"anchorlink-block_5cf139aca1898\" class=\"anchorlink dark \">\n            <a href=\"#buynow\" data-smooth-scroll data-animation-duration=\"750\" data-animation-easing=\"swing\" data-offset=\"-23\"><i class=\"material-icons pro-pulse\">expand_more<\/i><\/a>\n    <\/div>\n\n\n<div style=\"height:50px\" aria-hidden=\"true\" class=\"wp-block-spacer\"><\/div>\n<\/div><\/div>\n\n\n\n<div id=\"buynow\" class=\"wp-block-group window-height minus-footer center\"><div class=\"wp-block-group__inner-container is-layout-flow wp-block-group-is-layout-flow\">\n<div class=\"wp-block-image\"><figure class=\"aligncenter size-large is-resized\"><a href=\"https:\/\/profertil.eu\/pl\/gdzie-kupic\/\"><img loading=\"lazy\" decoding=\"async\" src=\"https:\/\/profertil.eu\/wp-content\/uploads\/2021\/03\/KUP-TERAZ.svg\" alt=\"\" class=\"wp-image-9324\" width=\"500\" height=\"94\"\/><\/a><\/figure><\/div>\n<\/div><\/div>\n","protected":false},"excerpt":{"rendered":"<p>\u201ePrawda jest taka, \u017ce niep\u0142odno\u015b\u0107 dotyka zdecydowanej wi\u0119kszo\u015bci m\u0119\u017cczyzn za\u017cywaj\u0105cych sterydy anaboliczne \u2013 mo\u017ce to dotyczy\u0107 nawet 90% z nich!\u201c (prof. Allan Pacey, University of Sheffield) P\u0141ODNO\u015a\u0106 I STERYDY ANABOLICZNE NIE ID\u0104 ZE SOB\u0104 W PARZE! Sterydy anaboliczne pomagaj\u0105 zwi\u0119kszy\u0107 mas\u0119 mi\u0119\u015bniow\u0105, wytrzyma\u0142o\u015b\u0107 i osi\u0105gi. Jednak ich stosowanie oraz przyjmowanie innych \u015brodk\u00f3w dopinguj\u0105cych tego rodzaju<a class=\"excerpt-read-more\" href=\"https:\/\/profertil.eu\/pl\/nieplodnosc\/sterydy-anaboliczne-a-meska-plodnosc\/\" title=\"ReadSterydy anaboliczne a m\u0119ska p\u0142odno\u015b\u0107\">&#8230; Read more &raquo;<\/a><\/p>\n","protected":false},"author":1,"featured_media":0,"parent":9339,"menu_order":2,"comment_status":"closed","ping_status":"closed","template":"template-full-width-no-title.php","meta":{"_acf_changed":false,"pgc_sgb_lightbox_settings":"","footnotes":""},"categories":[],"tags":[],"class_list":["post-9354","page","type-page","status-publish","hentry"],"acf":[],"yoast_head":"<!-- This site is optimized with the Yoast SEO plugin v26.1 - https:\/\/yoast.com\/wordpress\/plugins\/seo\/ -->\n<title>Sterydy anaboliczne a m\u0119ska p\u0142odno\u015b\u0107 - PROFERTIL<\/title>\n<meta name=\"robots\" content=\"index, follow, max-snippet:-1, max-image-preview:large, max-video-preview:-1\" \/>\n<link rel=\"canonical\" href=\"https:\/\/profertil.eu\/pl\/nieplodnosc\/sterydy-anaboliczne-a-meska-plodnosc\/\" \/>\n<meta property=\"og:locale\" content=\"pl_PL\" \/>\n<meta property=\"og:type\" content=\"article\" \/>\n<meta property=\"og:title\" content=\"Sterydy anaboliczne a m\u0119ska p\u0142odno\u015b\u0107 - PROFERTIL\" \/>\n<meta property=\"og:description\" content=\"\u201ePrawda jest taka, \u017ce niep\u0142odno\u015b\u0107 dotyka zdecydowanej wi\u0119kszo\u015bci m\u0119\u017cczyzn za\u017cywaj\u0105cych sterydy anaboliczne \u2013 mo\u017ce to dotyczy\u0107 nawet 90% z nich!\u201c (prof. Allan Pacey, University of Sheffield) P\u0141ODNO\u015a\u0106 I STERYDY ANABOLICZNE NIE ID\u0104 ZE SOB\u0104 W PARZE! Sterydy anaboliczne pomagaj\u0105 zwi\u0119kszy\u0107 mas\u0119 mi\u0119\u015bniow\u0105, wytrzyma\u0142o\u015b\u0107 i osi\u0105gi. Jednak ich stosowanie oraz przyjmowanie innych \u015brodk\u00f3w dopinguj\u0105cych tego rodzaju... Read more &raquo;\" \/>\n<meta property=\"og:url\" content=\"https:\/\/profertil.eu\/pl\/nieplodnosc\/sterydy-anaboliczne-a-meska-plodnosc\/\" \/>\n<meta property=\"og:site_name\" content=\"PROFERTIL\" \/>\n<meta property=\"article:modified_time\" content=\"2021-03-25T21:50:02+00:00\" \/>\n<meta property=\"og:image\" content=\"https:\/\/i0.wp.com\/profertil.eu\/wp-content\/uploads\/2020\/06\/Cornetto_mit-shrinking-SpermMan_k1.gif?fit=984%2C800&ssl=1\" \/>\n\t<meta property=\"og:image:width\" content=\"984\" \/>\n\t<meta property=\"og:image:height\" content=\"800\" \/>\n\t<meta property=\"og:image:type\" content=\"image\/gif\" \/>\n<meta name=\"twitter:card\" content=\"summary_large_image\" \/>\n<meta name=\"twitter:label1\" content=\"Szacowany czas czytania\" \/>\n\t<meta name=\"twitter:data1\" content=\"2 minuty\" \/>\n<script type=\"application\/ld+json\" class=\"yoast-schema-graph\">{\"@context\":\"https:\/\/schema.org\",\"@graph\":[{\"@type\":\"WebPage\",\"@id\":\"https:\/\/profertil.eu\/pl\/nieplodnosc\/sterydy-anaboliczne-a-meska-plodnosc\/\",\"url\":\"https:\/\/profertil.eu\/pl\/nieplodnosc\/sterydy-anaboliczne-a-meska-plodnosc\/\",\"name\":\"Sterydy anaboliczne a m\u0119ska p\u0142odno\u015b\u0107 - PROFERTIL\",\"isPartOf\":{\"@id\":\"https:\/\/profertil.eu\/#website\"},\"primaryImageOfPage\":{\"@id\":\"https:\/\/profertil.eu\/pl\/nieplodnosc\/sterydy-anaboliczne-a-meska-plodnosc\/#primaryimage\"},\"image\":{\"@id\":\"https:\/\/profertil.eu\/pl\/nieplodnosc\/sterydy-anaboliczne-a-meska-plodnosc\/#primaryimage\"},\"thumbnailUrl\":\"https:\/\/profertil.eu\/wp-content\/uploads\/2020\/06\/Cornetto_mit-shrinking-SpermMan_k1.gif\",\"datePublished\":\"2021-03-25T15:17:33+00:00\",\"dateModified\":\"2021-03-25T21:50:02+00:00\",\"breadcrumb\":{\"@id\":\"https:\/\/profertil.eu\/pl\/nieplodnosc\/sterydy-anaboliczne-a-meska-plodnosc\/#breadcrumb\"},\"inLanguage\":\"pl-PL\",\"potentialAction\":[{\"@type\":\"ReadAction\",\"target\":[\"https:\/\/profertil.eu\/pl\/nieplodnosc\/sterydy-anaboliczne-a-meska-plodnosc\/\"]}]},{\"@type\":\"ImageObject\",\"inLanguage\":\"pl-PL\",\"@id\":\"https:\/\/profertil.eu\/pl\/nieplodnosc\/sterydy-anaboliczne-a-meska-plodnosc\/#primaryimage\",\"url\":\"https:\/\/profertil.eu\/wp-content\/uploads\/2020\/06\/Cornetto_mit-shrinking-SpermMan_k1.gif\",\"contentUrl\":\"https:\/\/profertil.eu\/wp-content\/uploads\/2020\/06\/Cornetto_mit-shrinking-SpermMan_k1.gif\"},{\"@type\":\"BreadcrumbList\",\"@id\":\"https:\/\/profertil.eu\/pl\/nieplodnosc\/sterydy-anaboliczne-a-meska-plodnosc\/#breadcrumb\",\"itemListElement\":[{\"@type\":\"ListItem\",\"position\":1,\"name\":\"Home\",\"item\":\"https:\/\/profertil.eu\/pl\/startseite\/\"},{\"@type\":\"ListItem\",\"position\":2,\"name\":\"Niep\u0142odno\u015b\u0107\",\"item\":\"https:\/\/profertil.eu\/pl\/nieplodnosc\/\"},{\"@type\":\"ListItem\",\"position\":3,\"name\":\"Sterydy anaboliczne a m\u0119ska p\u0142odno\u015b\u0107\"}]},{\"@type\":\"WebSite\",\"@id\":\"https:\/\/profertil.eu\/#website\",\"url\":\"https:\/\/profertil.eu\/\",\"name\":\"PROFERTIL\",\"description\":\"No. 1 proven efficacy in male fertility\",\"publisher\":{\"@id\":\"https:\/\/profertil.eu\/#organization\"},\"potentialAction\":[{\"@type\":\"SearchAction\",\"target\":{\"@type\":\"EntryPoint\",\"urlTemplate\":\"https:\/\/profertil.eu\/?s={search_term_string}\"},\"query-input\":{\"@type\":\"PropertyValueSpecification\",\"valueRequired\":true,\"valueName\":\"search_term_string\"}}],\"inLanguage\":\"pl-PL\"},{\"@type\":\"Organization\",\"@id\":\"https:\/\/profertil.eu\/#organization\",\"name\":\"PROFERTIL\",\"url\":\"https:\/\/profertil.eu\/\",\"logo\":{\"@type\":\"ImageObject\",\"inLanguage\":\"pl-PL\",\"@id\":\"https:\/\/profertil.eu\/#\/schema\/logo\/image\/\",\"url\":\"https:\/\/profertil.eu\/wp-content\/uploads\/2025\/10\/PROFERTIL-logo-2025.svg\",\"contentUrl\":\"https:\/\/profertil.eu\/wp-content\/uploads\/2025\/10\/PROFERTIL-logo-2025.svg\",\"caption\":\"PROFERTIL\"},\"image\":{\"@id\":\"https:\/\/profertil.eu\/#\/schema\/logo\/image\/\"}}]}<\/script>\n<!-- \/ Yoast SEO plugin. -->","yoast_head_json":{"title":"Sterydy anaboliczne a m\u0119ska p\u0142odno\u015b\u0107 - PROFERTIL","robots":{"index":"index","follow":"follow","max-snippet":"max-snippet:-1","max-image-preview":"max-image-preview:large","max-video-preview":"max-video-preview:-1"},"canonical":"https:\/\/profertil.eu\/pl\/nieplodnosc\/sterydy-anaboliczne-a-meska-plodnosc\/","og_locale":"pl_PL","og_type":"article","og_title":"Sterydy anaboliczne a m\u0119ska p\u0142odno\u015b\u0107 - PROFERTIL","og_description":"\u201ePrawda jest taka, \u017ce niep\u0142odno\u015b\u0107 dotyka zdecydowanej wi\u0119kszo\u015bci m\u0119\u017cczyzn za\u017cywaj\u0105cych sterydy anaboliczne \u2013 mo\u017ce to dotyczy\u0107 nawet 90% z nich!\u201c (prof. Allan Pacey, University of Sheffield) P\u0141ODNO\u015a\u0106 I STERYDY ANABOLICZNE NIE ID\u0104 ZE SOB\u0104 W PARZE! Sterydy anaboliczne pomagaj\u0105 zwi\u0119kszy\u0107 mas\u0119 mi\u0119\u015bniow\u0105, wytrzyma\u0142o\u015b\u0107 i osi\u0105gi. Jednak ich stosowanie oraz przyjmowanie innych \u015brodk\u00f3w dopinguj\u0105cych tego rodzaju... Read more &raquo;","og_url":"https:\/\/profertil.eu\/pl\/nieplodnosc\/sterydy-anaboliczne-a-meska-plodnosc\/","og_site_name":"PROFERTIL","article_modified_time":"2021-03-25T21:50:02+00:00","og_image":[{"width":984,"height":800,"url":"https:\/\/i0.wp.com\/profertil.eu\/wp-content\/uploads\/2020\/06\/Cornetto_mit-shrinking-SpermMan_k1.gif?fit=984%2C800&ssl=1","type":"image\/gif"}],"twitter_card":"summary_large_image","twitter_misc":{"Szacowany czas czytania":"2 minuty"},"schema":{"@context":"https:\/\/schema.org","@graph":[{"@type":"WebPage","@id":"https:\/\/profertil.eu\/pl\/nieplodnosc\/sterydy-anaboliczne-a-meska-plodnosc\/","url":"https:\/\/profertil.eu\/pl\/nieplodnosc\/sterydy-anaboliczne-a-meska-plodnosc\/","name":"Sterydy anaboliczne a m\u0119ska p\u0142odno\u015b\u0107 - PROFERTIL","isPartOf":{"@id":"https:\/\/profertil.eu\/#website"},"primaryImageOfPage":{"@id":"https:\/\/profertil.eu\/pl\/nieplodnosc\/sterydy-anaboliczne-a-meska-plodnosc\/#primaryimage"},"image":{"@id":"https:\/\/profertil.eu\/pl\/nieplodnosc\/sterydy-anaboliczne-a-meska-plodnosc\/#primaryimage"},"thumbnailUrl":"https:\/\/profertil.eu\/wp-content\/uploads\/2020\/06\/Cornetto_mit-shrinking-SpermMan_k1.gif","datePublished":"2021-03-25T15:17:33+00:00","dateModified":"2021-03-25T21:50:02+00:00","breadcrumb":{"@id":"https:\/\/profertil.eu\/pl\/nieplodnosc\/sterydy-anaboliczne-a-meska-plodnosc\/#breadcrumb"},"inLanguage":"pl-PL","potentialAction":[{"@type":"ReadAction","target":["https:\/\/profertil.eu\/pl\/nieplodnosc\/sterydy-anaboliczne-a-meska-plodnosc\/"]}]},{"@type":"ImageObject","inLanguage":"pl-PL","@id":"https:\/\/profertil.eu\/pl\/nieplodnosc\/sterydy-anaboliczne-a-meska-plodnosc\/#primaryimage","url":"https:\/\/profertil.eu\/wp-content\/uploads\/2020\/06\/Cornetto_mit-shrinking-SpermMan_k1.gif","contentUrl":"https:\/\/profertil.eu\/wp-content\/uploads\/2020\/06\/Cornetto_mit-shrinking-SpermMan_k1.gif"},{"@type":"BreadcrumbList","@id":"https:\/\/profertil.eu\/pl\/nieplodnosc\/sterydy-anaboliczne-a-meska-plodnosc\/#breadcrumb","itemListElement":[{"@type":"ListItem","position":1,"name":"Home","item":"https:\/\/profertil.eu\/pl\/startseite\/"},{"@type":"ListItem","position":2,"name":"Niep\u0142odno\u015b\u0107","item":"https:\/\/profertil.eu\/pl\/nieplodnosc\/"},{"@type":"ListItem","position":3,"name":"Sterydy anaboliczne a m\u0119ska p\u0142odno\u015b\u0107"}]},{"@type":"WebSite","@id":"https:\/\/profertil.eu\/#website","url":"https:\/\/profertil.eu\/","name":"PROFERTIL","description":"No. 1 proven efficacy in male fertility","publisher":{"@id":"https:\/\/profertil.eu\/#organization"},"potentialAction":[{"@type":"SearchAction","target":{"@type":"EntryPoint","urlTemplate":"https:\/\/profertil.eu\/?s={search_term_string}"},"query-input":{"@type":"PropertyValueSpecification","valueRequired":true,"valueName":"search_term_string"}}],"inLanguage":"pl-PL"},{"@type":"Organization","@id":"https:\/\/profertil.eu\/#organization","name":"PROFERTIL","url":"https:\/\/profertil.eu\/","logo":{"@type":"ImageObject","inLanguage":"pl-PL","@id":"https:\/\/profertil.eu\/#\/schema\/logo\/image\/","url":"https:\/\/profertil.eu\/wp-content\/uploads\/2025\/10\/PROFERTIL-logo-2025.svg","contentUrl":"https:\/\/profertil.eu\/wp-content\/uploads\/2025\/10\/PROFERTIL-logo-2025.svg","caption":"PROFERTIL"},"image":{"@id":"https:\/\/profertil.eu\/#\/schema\/logo\/image\/"}}]}},"_links":{"self":[{"href":"https:\/\/profertil.eu\/pl\/wp-json\/wp\/v2\/pages\/9354","targetHints":{"allow":["GET"]}}],"collection":[{"href":"https:\/\/profertil.eu\/pl\/wp-json\/wp\/v2\/pages"}],"about":[{"href":"https:\/\/profertil.eu\/pl\/wp-json\/wp\/v2\/types\/page"}],"author":[{"embeddable":true,"href":"https:\/\/profertil.eu\/pl\/wp-json\/wp\/v2\/users\/1"}],"replies":[{"embeddable":true,"href":"https:\/\/profertil.eu\/pl\/wp-json\/wp\/v2\/comments?post=9354"}],"version-history":[{"count":5,"href":"https:\/\/profertil.eu\/pl\/wp-json\/wp\/v2\/pages\/9354\/revisions"}],"predecessor-version":[{"id":10069,"href":"https:\/\/profertil.eu\/pl\/wp-json\/wp\/v2\/pages\/9354\/revisions\/10069"}],"up":[{"embeddable":true,"href":"https:\/\/profertil.eu\/pl\/wp-json\/wp\/v2\/pages\/9339"}],"wp:attachment":[{"href":"https:\/\/profertil.eu\/pl\/wp-json\/wp\/v2\/media?parent=9354"}],"wp:term":[{"taxonomy":"category","embeddable":true,"href":"https:\/\/profertil.eu\/pl\/wp-json\/wp\/v2\/categories?post=9354"},{"taxonomy":"post_tag","embeddable":true,"href":"https:\/\/profertil.eu\/pl\/wp-json\/wp\/v2\/tags?post=9354"}],"curies":[{"name":"wp","href":"https:\/\/api.w.org\/{rel}","templated":true}]}}