 {"id":9341,"date":"2021-03-25T16:08:31","date_gmt":"2021-03-25T15:08:31","guid":{"rendered":"https:\/\/profertil.eu\/?page_id=9341"},"modified":"2021-03-25T16:23:30","modified_gmt":"2021-03-25T15:23:30","slug":"rola-mezczyzny","status":"publish","type":"page","link":"https:\/\/profertil.eu\/pl\/nieplodnosc\/rola-mezczyzny\/","title":{"rendered":"Czynnik m\u0119ski"},"content":{"rendered":"\n<div class=\"wp-block-cover alignfull\" style=\"background-image:url(https:\/\/profertil.eu\/wp-content\/uploads\/2019\/05\/Kopf.jpg);background-position:91% 0%\"><div class=\"wp-block-cover__inner-container is-layout-flow wp-block-cover-is-layout-flow\">\n<h1 class=\"has-text-align-left wp-block-heading\"><span class=\"has-red-color\">ROLA<\/span> <span class=\"has-white-color\">M\u0118\u017bCZYZNY<\/span><\/h1>\n<\/div><\/div>\n\n\n\n<div class=\"wp-block-group alignfull window-height minus-header center has-blue-gradient-background-color has-background\"><div class=\"wp-block-group__inner-container is-layout-flow wp-block-group-is-layout-flow\">\n<div style=\"height:50px\" aria-hidden=\"true\" class=\"wp-block-spacer\"><\/div>\n\n\n\n<h2 class=\"has-text-align-center has-light-grey-color has-text-color wp-block-heading\">CO MO\u017bE ZROBI\u0106 M\u0118\u017bCZYZNA?<\/h2>\n\n\n\n<div style=\"height:50px\" aria-hidden=\"true\" class=\"wp-block-spacer\"><\/div>\n\n\n\n<div class=\"wp-block-columns has-2-columns is-layout-flex wp-container-core-columns-is-layout-1 wp-block-columns-is-layout-flex\">\n<div class=\"wp-block-column is-layout-flow wp-block-column-is-layout-flow\">\n<p class=\"has-white-color has-text-color\">Jak m\u00f3wi stare powiedzenie \u201eM\u0119\u017cczyzna w&nbsp;swoim \u017cyciu musi zbudowa\u0107 dom, zasadzi\u0107 drzewo i&nbsp;sp\u0142odzi\u0107 dziecko\u201d. Pierwsze dwa zadania stosunkowo \u0142atwo zrealizowa\u0107. Jednak sp\u0142odzenie dziecka to marzenie, kt\u00f3re dla coraz wi\u0119kszej liczby m\u0119\u017cczyzn jest trudne albo wr\u0119cz niemo\u017cliwe do zrealizowania w&nbsp;dzisiejszym \u015bwiecie.<\/p>\n<\/div>\n\n\n\n<div class=\"wp-block-column is-layout-flow wp-block-column-is-layout-flow\">\n<p class=\"has-white-color has-text-color\">Na ca\u0142ym \u015bwiecie z&nbsp;r\u00f3\u017cnych przyczyn rodzi si\u0119 coraz mniej dzieci. Obecnie oko\u0142o 10\u201315% par na \u015bwiecie pozostaje bezdzietne wbrew swojej woli. Przyczyny niep\u0142odno\u015bci wyst\u0119puj\u0105 na r\u00f3wni u&nbsp;kobiet (\u201eczynnik kobiecy\u201d) i&nbsp;m\u0119\u017cczyzn (\u201eczynnik m\u0119ski\u201d), tj. w&nbsp;stosunku 50:50, stanowi\u0105 po\u0142\u0105czenie obydwu czynnik\u00f3w.<\/p>\n<\/div>\n<\/div>\n\n\n\n<div style=\"height:50px\" aria-hidden=\"true\" class=\"wp-block-spacer\"><\/div>\n\n\n\n\n\n<div id=\"anchorlink-block_5cefe35a244e7\" class=\"anchorlink light \">\n            <a href=\"#section2\" data-smooth-scroll data-animation-duration=\"750\" data-animation-easing=\"swing\" data-offset=\"-23\"><i class=\"material-icons pro-pulse\">expand_more<\/i><\/a>\n    <\/div><\/div><\/div>\n\n\n\n<div id=\"section2\" class=\"wp-block-group window-height center\"><div class=\"wp-block-group__inner-container is-layout-flow wp-block-group-is-layout-flow\">\n<div style=\"height:50px\" aria-hidden=\"true\" class=\"wp-block-spacer\"><\/div>\n\n\n\n<h2 class=\"has-text-align-center wp-block-heading\"><span class=\"has-red-color\">\u00abCZYNNIK M\u0118SKI\u00bb<\/span><br><span class=\"has-light-grey-color\">PROFERTIL\u00ae POMAGA<\/span><\/h2>\n\n\n\n<div style=\"height:50px\" aria-hidden=\"true\" class=\"wp-block-spacer\"><\/div>\n\n\n\n<div class=\"wp-block-columns has-2-columns is-layout-flex wp-container-core-columns-is-layout-2 wp-block-columns-is-layout-flex\">\n<div class=\"wp-block-column is-layout-flow wp-block-column-is-layout-flow\">\n<p>W&nbsp;40\u201390% przypadk\u00f3w przyczyn\u0105 niep\u0142odno\u015bci m\u0119skiej s\u0105 zaburzenia wytwarzania nasienia. Badania wykaza\u0142y znaczny, wynosz\u0105cy 58%, spadek w&nbsp;liczbie plemnik\u00f3w w&nbsp;ci\u0105gu ostatnich 50&nbsp;lat.&nbsp;<sup>1,2<\/sup><\/p>\n\n\n\n<p>Analiza ponad 100 opublikowanych bada\u0144 wykaza\u0142a znacz\u0105c\u0105 tendencj\u0119 spadkow\u0105 w&nbsp;g\u0119sto\u015bci nasienia w&nbsp;ci\u0105gu ostatnich 60&nbsp;lat, szczeg\u00f3lnie w&nbsp;Stanach Zjednoczonych i&nbsp;Europie\/Australii (1\u20133% rocznie).&nbsp;<sup>3,4<\/sup><\/p>\n<\/div>\n\n\n\n<div class=\"wp-block-column is-layout-flow wp-block-column-is-layout-flow\">\n<p>Podczas gdy kobiety mog\u0105 korzysta\u0107 z&nbsp;licznych mo\u017cliwo\u015bci leczenia, na przyk\u0142ad zap\u0142odnienia in vitro (IVF), dost\u0119pne dla m\u0119\u017cczyzn opcje umo\u017cliwiaj\u0105ce popraw\u0119 kluczowego w&nbsp;ich przypadku czynnika \u2013 jako\u015bci nasienia \u2013 s\u0105 mocno ograniczone.<\/p>\n<\/div>\n<\/div>\n\n\n\n<div style=\"height:50px\" aria-hidden=\"true\" class=\"wp-block-spacer\"><\/div>\n\n\n\n<p class=\"has-small-font-size\"><em><sup>1<\/sup> Imhof M., Matthai C., Huber J.C. Einsatz von Profertil\u00ae zur Therapie des \u201emale factors\u201c und Verbesserung des Spermiogramms; Gyn-Aktiv 2007;2:68.<br><sup>2<\/sup> Sinclair S. Male infertility: nutritional and environmental considerations; Altern Med Rev 2000; 5(1):28-38.<br><sup>3<\/sup> Sween S.H., Elkin E.P., Fenster L. The question of declining sperm density revisited: An analysis of 101 studies published 1934-1996; Environmental Health Perspectives 2000; 108 (10).<br><sup>4<\/sup> Carlsen E., Giwercman A., Keiding N., Skakkebaek N. Evidence for decreasing quality of semen during past 50 years; Br Med J 1992; 305:609-61.<\/em><\/p>\n\n\n\n<div style=\"height:50px\" aria-hidden=\"true\" class=\"wp-block-spacer\"><\/div>\n\n\n\n\n\n<div id=\"anchorlink-block_5cefe6de244e8\" class=\"anchorlink dark \">\n            <a href=\"#section3\" data-smooth-scroll data-animation-duration=\"750\" data-animation-easing=\"swing\" data-offset=\"-23\"><i class=\"material-icons pro-pulse\">expand_more<\/i><\/a>\n    <\/div><\/div><\/div>\n\n\n\n<div class=\"wp-block-group alignfull window-height center has-red-gradient-background-color has-background\" id=\"section3\"><div class=\"wp-block-group__inner-container is-layout-flow wp-block-group-is-layout-flow\">\n<div style=\"height:50px\" aria-hidden=\"true\" class=\"wp-block-spacer\"><\/div>\n\n\n\n<div class=\"wp-block-image\"><figure class=\"aligncenter size-large is-resized\"><img data-recalc-dims=\"1\" loading=\"lazy\" decoding=\"async\" src=\"https:\/\/i0.wp.com\/profertil.eu\/wp-content\/uploads\/2021\/03\/study-proven-efficacy-pl.png?resize=512%2C336&#038;ssl=1\" alt=\"\" class=\"wp-image-9346\" width=\"512\" height=\"336\" srcset=\"https:\/\/i0.wp.com\/profertil.eu\/wp-content\/uploads\/2021\/03\/study-proven-efficacy-pl.png?w=1024&amp;ssl=1 1024w, https:\/\/i0.wp.com\/profertil.eu\/wp-content\/uploads\/2021\/03\/study-proven-efficacy-pl.png?resize=300%2C197&amp;ssl=1 300w, https:\/\/i0.wp.com\/profertil.eu\/wp-content\/uploads\/2021\/03\/study-proven-efficacy-pl.png?resize=768%2C504&amp;ssl=1 768w\" sizes=\"auto, (max-width: 512px) 100vw, 512px\" \/><\/figure><\/div>\n\n\n\n<div style=\"height:50px\" aria-hidden=\"true\" class=\"wp-block-spacer\"><\/div>\n\n\n\n<p class=\"has-text-align-center medium-width has-white-color has-text-color\"><strong>PROFERTIL<sup>\u00ae<\/sup><\/strong>\u00a0to jedyny przebadany i\u00a0opatentowany produkt, kt\u00f3ry przyczynia si\u0119\u00a0<strong>do optymalizacji jako\u015bci nasienia<\/strong>, oferuj\u0105c\u00a0<strong>skuteczne podej\u015bcie do niep\u0142odno\u015bci m\u0119skiej<\/strong>. Prowadzone na szerok\u0105 skal\u0119 badania kliniczne potwierdzi\u0142y skuteczno\u015b\u0107 sk\u0142adu preparatu PROFERTIL<sup>\u00ae<\/sup>.<\/p>\n\n\n\n<div style=\"height:50px\" aria-hidden=\"true\" class=\"wp-block-spacer\"><\/div>\n\n\n\n\n\n<div id=\"anchorlink-block_5cefea1c244e9\" class=\"anchorlink light \">\n            <a href=\"#buynow\" data-smooth-scroll data-animation-duration=\"750\" data-animation-easing=\"swing\" data-offset=\"-23\"><i class=\"material-icons pro-pulse\">expand_more<\/i><\/a>\n    <\/div><\/div><\/div>\n\n\n\n<div id=\"buynow\" class=\"wp-block-group window-height minus-footer center\"><div class=\"wp-block-group__inner-container is-layout-flow wp-block-group-is-layout-flow\">\n<div class=\"wp-block-image\"><figure class=\"aligncenter size-large is-resized\"><a href=\"https:\/\/profertil.eu\/pl\/gdzie-kupic\/\"><img loading=\"lazy\" decoding=\"async\" src=\"https:\/\/profertil.eu\/wp-content\/uploads\/2021\/03\/KUP-TERAZ.svg\" alt=\"\" class=\"wp-image-9324\" width=\"500\" height=\"94\"\/><\/a><\/figure><\/div>\n<\/div><\/div>\n","protected":false},"excerpt":{"rendered":"<p>CO MO\u017bE ZROBI\u0106 M\u0118\u017bCZYZNA? Jak m\u00f3wi stare powiedzenie \u201eM\u0119\u017cczyzna w&nbsp;swoim \u017cyciu musi zbudowa\u0107 dom, zasadzi\u0107 drzewo i&nbsp;sp\u0142odzi\u0107 dziecko\u201d. Pierwsze dwa zadania stosunkowo \u0142atwo zrealizowa\u0107. Jednak sp\u0142odzenie dziecka to marzenie, kt\u00f3re dla coraz wi\u0119kszej liczby m\u0119\u017cczyzn jest trudne albo wr\u0119cz niemo\u017cliwe do zrealizowania w&nbsp;dzisiejszym \u015bwiecie. Na ca\u0142ym \u015bwiecie z&nbsp;r\u00f3\u017cnych przyczyn rodzi si\u0119 coraz mniej dzieci. Obecnie<a class=\"excerpt-read-more\" href=\"https:\/\/profertil.eu\/pl\/nieplodnosc\/rola-mezczyzny\/\" title=\"ReadCzynnik m\u0119ski\">&#8230; Read more &raquo;<\/a><\/p>\n","protected":false},"author":1,"featured_media":0,"parent":9339,"menu_order":1,"comment_status":"closed","ping_status":"closed","template":"template-full-width-no-title.php","meta":{"_acf_changed":false,"pgc_sgb_lightbox_settings":"","footnotes":""},"categories":[],"tags":[],"class_list":["post-9341","page","type-page","status-publish","hentry"],"acf":[],"yoast_head":"<!-- This site is optimized with the Yoast SEO plugin v26.1 - https:\/\/yoast.com\/wordpress\/plugins\/seo\/ -->\n<title>Czynnik m\u0119ski - PROFERTIL<\/title>\n<meta name=\"robots\" content=\"index, follow, max-snippet:-1, max-image-preview:large, max-video-preview:-1\" \/>\n<link rel=\"canonical\" href=\"https:\/\/profertil.eu\/pl\/nieplodnosc\/rola-mezczyzny\/\" \/>\n<meta property=\"og:locale\" content=\"pl_PL\" \/>\n<meta property=\"og:type\" content=\"article\" \/>\n<meta property=\"og:title\" content=\"Czynnik m\u0119ski - PROFERTIL\" \/>\n<meta property=\"og:description\" content=\"CO MO\u017bE ZROBI\u0106 M\u0118\u017bCZYZNA? Jak m\u00f3wi stare powiedzenie \u201eM\u0119\u017cczyzna w&nbsp;swoim \u017cyciu musi zbudowa\u0107 dom, zasadzi\u0107 drzewo i&nbsp;sp\u0142odzi\u0107 dziecko\u201d. Pierwsze dwa zadania stosunkowo \u0142atwo zrealizowa\u0107. Jednak sp\u0142odzenie dziecka to marzenie, kt\u00f3re dla coraz wi\u0119kszej liczby m\u0119\u017cczyzn jest trudne albo wr\u0119cz niemo\u017cliwe do zrealizowania w&nbsp;dzisiejszym \u015bwiecie. Na ca\u0142ym \u015bwiecie z&nbsp;r\u00f3\u017cnych przyczyn rodzi si\u0119 coraz mniej dzieci. Obecnie... Read more &raquo;\" \/>\n<meta property=\"og:url\" content=\"https:\/\/profertil.eu\/pl\/nieplodnosc\/rola-mezczyzny\/\" \/>\n<meta property=\"og:site_name\" content=\"PROFERTIL\" \/>\n<meta property=\"article:modified_time\" content=\"2021-03-25T15:23:30+00:00\" \/>\n<meta property=\"og:image\" content=\"https:\/\/profertil.eu\/wp-content\/uploads\/2021\/03\/study-proven-efficacy-pl.png\" \/>\n<meta name=\"twitter:card\" content=\"summary_large_image\" \/>\n<meta name=\"twitter:label1\" content=\"Szacowany czas czytania\" \/>\n\t<meta name=\"twitter:data1\" content=\"2 minuty\" \/>\n<script type=\"application\/ld+json\" class=\"yoast-schema-graph\">{\"@context\":\"https:\/\/schema.org\",\"@graph\":[{\"@type\":\"WebPage\",\"@id\":\"https:\/\/profertil.eu\/pl\/nieplodnosc\/rola-mezczyzny\/\",\"url\":\"https:\/\/profertil.eu\/pl\/nieplodnosc\/rola-mezczyzny\/\",\"name\":\"Czynnik m\u0119ski - PROFERTIL\",\"isPartOf\":{\"@id\":\"https:\/\/profertil.eu\/#website\"},\"primaryImageOfPage\":{\"@id\":\"https:\/\/profertil.eu\/pl\/nieplodnosc\/rola-mezczyzny\/#primaryimage\"},\"image\":{\"@id\":\"https:\/\/profertil.eu\/pl\/nieplodnosc\/rola-mezczyzny\/#primaryimage\"},\"thumbnailUrl\":\"https:\/\/profertil.eu\/wp-content\/uploads\/2021\/03\/study-proven-efficacy-pl.png\",\"datePublished\":\"2021-03-25T15:08:31+00:00\",\"dateModified\":\"2021-03-25T15:23:30+00:00\",\"breadcrumb\":{\"@id\":\"https:\/\/profertil.eu\/pl\/nieplodnosc\/rola-mezczyzny\/#breadcrumb\"},\"inLanguage\":\"pl-PL\",\"potentialAction\":[{\"@type\":\"ReadAction\",\"target\":[\"https:\/\/profertil.eu\/pl\/nieplodnosc\/rola-mezczyzny\/\"]}]},{\"@type\":\"ImageObject\",\"inLanguage\":\"pl-PL\",\"@id\":\"https:\/\/profertil.eu\/pl\/nieplodnosc\/rola-mezczyzny\/#primaryimage\",\"url\":\"https:\/\/profertil.eu\/wp-content\/uploads\/2021\/03\/study-proven-efficacy-pl.png\",\"contentUrl\":\"https:\/\/profertil.eu\/wp-content\/uploads\/2021\/03\/study-proven-efficacy-pl.png\"},{\"@type\":\"BreadcrumbList\",\"@id\":\"https:\/\/profertil.eu\/pl\/nieplodnosc\/rola-mezczyzny\/#breadcrumb\",\"itemListElement\":[{\"@type\":\"ListItem\",\"position\":1,\"name\":\"Home\",\"item\":\"https:\/\/profertil.eu\/pl\/startseite\/\"},{\"@type\":\"ListItem\",\"position\":2,\"name\":\"Niep\u0142odno\u015b\u0107\",\"item\":\"https:\/\/profertil.eu\/pl\/nieplodnosc\/\"},{\"@type\":\"ListItem\",\"position\":3,\"name\":\"Czynnik m\u0119ski\"}]},{\"@type\":\"WebSite\",\"@id\":\"https:\/\/profertil.eu\/#website\",\"url\":\"https:\/\/profertil.eu\/\",\"name\":\"PROFERTIL\",\"description\":\"No. 1 proven efficacy in male fertility\",\"publisher\":{\"@id\":\"https:\/\/profertil.eu\/#organization\"},\"potentialAction\":[{\"@type\":\"SearchAction\",\"target\":{\"@type\":\"EntryPoint\",\"urlTemplate\":\"https:\/\/profertil.eu\/?s={search_term_string}\"},\"query-input\":{\"@type\":\"PropertyValueSpecification\",\"valueRequired\":true,\"valueName\":\"search_term_string\"}}],\"inLanguage\":\"pl-PL\"},{\"@type\":\"Organization\",\"@id\":\"https:\/\/profertil.eu\/#organization\",\"name\":\"PROFERTIL\",\"url\":\"https:\/\/profertil.eu\/\",\"logo\":{\"@type\":\"ImageObject\",\"inLanguage\":\"pl-PL\",\"@id\":\"https:\/\/profertil.eu\/#\/schema\/logo\/image\/\",\"url\":\"https:\/\/profertil.eu\/wp-content\/uploads\/2025\/10\/PROFERTIL-logo-2025.svg\",\"contentUrl\":\"https:\/\/profertil.eu\/wp-content\/uploads\/2025\/10\/PROFERTIL-logo-2025.svg\",\"caption\":\"PROFERTIL\"},\"image\":{\"@id\":\"https:\/\/profertil.eu\/#\/schema\/logo\/image\/\"}}]}<\/script>\n<!-- \/ Yoast SEO plugin. -->","yoast_head_json":{"title":"Czynnik m\u0119ski - PROFERTIL","robots":{"index":"index","follow":"follow","max-snippet":"max-snippet:-1","max-image-preview":"max-image-preview:large","max-video-preview":"max-video-preview:-1"},"canonical":"https:\/\/profertil.eu\/pl\/nieplodnosc\/rola-mezczyzny\/","og_locale":"pl_PL","og_type":"article","og_title":"Czynnik m\u0119ski - PROFERTIL","og_description":"CO MO\u017bE ZROBI\u0106 M\u0118\u017bCZYZNA? Jak m\u00f3wi stare powiedzenie \u201eM\u0119\u017cczyzna w&nbsp;swoim \u017cyciu musi zbudowa\u0107 dom, zasadzi\u0107 drzewo i&nbsp;sp\u0142odzi\u0107 dziecko\u201d. Pierwsze dwa zadania stosunkowo \u0142atwo zrealizowa\u0107. Jednak sp\u0142odzenie dziecka to marzenie, kt\u00f3re dla coraz wi\u0119kszej liczby m\u0119\u017cczyzn jest trudne albo wr\u0119cz niemo\u017cliwe do zrealizowania w&nbsp;dzisiejszym \u015bwiecie. Na ca\u0142ym \u015bwiecie z&nbsp;r\u00f3\u017cnych przyczyn rodzi si\u0119 coraz mniej dzieci. Obecnie... Read more &raquo;","og_url":"https:\/\/profertil.eu\/pl\/nieplodnosc\/rola-mezczyzny\/","og_site_name":"PROFERTIL","article_modified_time":"2021-03-25T15:23:30+00:00","og_image":[{"url":"https:\/\/profertil.eu\/wp-content\/uploads\/2021\/03\/study-proven-efficacy-pl.png","type":"","width":"","height":""}],"twitter_card":"summary_large_image","twitter_misc":{"Szacowany czas czytania":"2 minuty"},"schema":{"@context":"https:\/\/schema.org","@graph":[{"@type":"WebPage","@id":"https:\/\/profertil.eu\/pl\/nieplodnosc\/rola-mezczyzny\/","url":"https:\/\/profertil.eu\/pl\/nieplodnosc\/rola-mezczyzny\/","name":"Czynnik m\u0119ski - PROFERTIL","isPartOf":{"@id":"https:\/\/profertil.eu\/#website"},"primaryImageOfPage":{"@id":"https:\/\/profertil.eu\/pl\/nieplodnosc\/rola-mezczyzny\/#primaryimage"},"image":{"@id":"https:\/\/profertil.eu\/pl\/nieplodnosc\/rola-mezczyzny\/#primaryimage"},"thumbnailUrl":"https:\/\/profertil.eu\/wp-content\/uploads\/2021\/03\/study-proven-efficacy-pl.png","datePublished":"2021-03-25T15:08:31+00:00","dateModified":"2021-03-25T15:23:30+00:00","breadcrumb":{"@id":"https:\/\/profertil.eu\/pl\/nieplodnosc\/rola-mezczyzny\/#breadcrumb"},"inLanguage":"pl-PL","potentialAction":[{"@type":"ReadAction","target":["https:\/\/profertil.eu\/pl\/nieplodnosc\/rola-mezczyzny\/"]}]},{"@type":"ImageObject","inLanguage":"pl-PL","@id":"https:\/\/profertil.eu\/pl\/nieplodnosc\/rola-mezczyzny\/#primaryimage","url":"https:\/\/profertil.eu\/wp-content\/uploads\/2021\/03\/study-proven-efficacy-pl.png","contentUrl":"https:\/\/profertil.eu\/wp-content\/uploads\/2021\/03\/study-proven-efficacy-pl.png"},{"@type":"BreadcrumbList","@id":"https:\/\/profertil.eu\/pl\/nieplodnosc\/rola-mezczyzny\/#breadcrumb","itemListElement":[{"@type":"ListItem","position":1,"name":"Home","item":"https:\/\/profertil.eu\/pl\/startseite\/"},{"@type":"ListItem","position":2,"name":"Niep\u0142odno\u015b\u0107","item":"https:\/\/profertil.eu\/pl\/nieplodnosc\/"},{"@type":"ListItem","position":3,"name":"Czynnik m\u0119ski"}]},{"@type":"WebSite","@id":"https:\/\/profertil.eu\/#website","url":"https:\/\/profertil.eu\/","name":"PROFERTIL","description":"No. 1 proven efficacy in male fertility","publisher":{"@id":"https:\/\/profertil.eu\/#organization"},"potentialAction":[{"@type":"SearchAction","target":{"@type":"EntryPoint","urlTemplate":"https:\/\/profertil.eu\/?s={search_term_string}"},"query-input":{"@type":"PropertyValueSpecification","valueRequired":true,"valueName":"search_term_string"}}],"inLanguage":"pl-PL"},{"@type":"Organization","@id":"https:\/\/profertil.eu\/#organization","name":"PROFERTIL","url":"https:\/\/profertil.eu\/","logo":{"@type":"ImageObject","inLanguage":"pl-PL","@id":"https:\/\/profertil.eu\/#\/schema\/logo\/image\/","url":"https:\/\/profertil.eu\/wp-content\/uploads\/2025\/10\/PROFERTIL-logo-2025.svg","contentUrl":"https:\/\/profertil.eu\/wp-content\/uploads\/2025\/10\/PROFERTIL-logo-2025.svg","caption":"PROFERTIL"},"image":{"@id":"https:\/\/profertil.eu\/#\/schema\/logo\/image\/"}}]}},"_links":{"self":[{"href":"https:\/\/profertil.eu\/pl\/wp-json\/wp\/v2\/pages\/9341","targetHints":{"allow":["GET"]}}],"collection":[{"href":"https:\/\/profertil.eu\/pl\/wp-json\/wp\/v2\/pages"}],"about":[{"href":"https:\/\/profertil.eu\/pl\/wp-json\/wp\/v2\/types\/page"}],"author":[{"embeddable":true,"href":"https:\/\/profertil.eu\/pl\/wp-json\/wp\/v2\/users\/1"}],"replies":[{"embeddable":true,"href":"https:\/\/profertil.eu\/pl\/wp-json\/wp\/v2\/comments?post=9341"}],"version-history":[{"count":4,"href":"https:\/\/profertil.eu\/pl\/wp-json\/wp\/v2\/pages\/9341\/revisions"}],"predecessor-version":[{"id":9372,"href":"https:\/\/profertil.eu\/pl\/wp-json\/wp\/v2\/pages\/9341\/revisions\/9372"}],"up":[{"embeddable":true,"href":"https:\/\/profertil.eu\/pl\/wp-json\/wp\/v2\/pages\/9339"}],"wp:attachment":[{"href":"https:\/\/profertil.eu\/pl\/wp-json\/wp\/v2\/media?parent=9341"}],"wp:term":[{"taxonomy":"category","embeddable":true,"href":"https:\/\/profertil.eu\/pl\/wp-json\/wp\/v2\/categories?post=9341"},{"taxonomy":"post_tag","embeddable":true,"href":"https:\/\/profertil.eu\/pl\/wp-json\/wp\/v2\/tags?post=9341"}],"curies":[{"name":"wp","href":"https:\/\/api.w.org\/{rel}","templated":true}]}}