 {"id":6681,"date":"2019-12-17T09:45:41","date_gmt":"2019-12-17T08:45:41","guid":{"rendered":"https:\/\/profertil.eu\/profertil-norme-de-qualite-la-plus-elevee\/"},"modified":"2022-11-17T12:19:43","modified_gmt":"2022-11-17T11:19:43","slug":"profertil-norme-de-qualite-la-plus-elevee","status":"publish","type":"page","link":"https:\/\/profertil.eu\/fr\/profertil-norme-de-qualite-la-plus-elevee\/","title":{"rendered":"PROFERTIL\u00ae &#8211; norme de qualit\u00e9 la plus \u00e9lev\u00e9e (BPF)"},"content":{"rendered":"\n<div class=\"wp-block-cover alignfull has-background-dim-10 has-background-dim\"><img data-recalc-dims=\"1\" loading=\"lazy\" decoding=\"async\" width=\"1024\" height=\"250\" class=\"wp-block-cover__image-background wp-image-1096\" alt=\"\" src=\"https:\/\/i0.wp.com\/staging.netzkundig.com\/profertil-fr\/wp-content\/uploads\/2019\/06\/aerzte-ueber-profertil.jpg?resize=1024%2C250&#038;ssl=1\" data-object-fit=\"cover\" srcset=\"https:\/\/i0.wp.com\/profertil.eu\/wp-content\/uploads\/2019\/06\/aerzte-ueber-profertil.jpg?w=2048&amp;ssl=1 2048w, https:\/\/i0.wp.com\/profertil.eu\/wp-content\/uploads\/2019\/06\/aerzte-ueber-profertil.jpg?resize=300%2C73&amp;ssl=1 300w, https:\/\/i0.wp.com\/profertil.eu\/wp-content\/uploads\/2019\/06\/aerzte-ueber-profertil.jpg?resize=768%2C188&amp;ssl=1 768w, https:\/\/i0.wp.com\/profertil.eu\/wp-content\/uploads\/2019\/06\/aerzte-ueber-profertil.jpg?resize=1024%2C250&amp;ssl=1 1024w\" sizes=\"auto, (max-width: 1024px) 100vw, 1024px\" \/><div class=\"wp-block-cover__inner-container is-layout-flow wp-block-cover-is-layout-flow\">\n<h1 class=\"medium-width wp-block-heading\"><span class=\"has-red-color has-text-color\">PROFERTIL<sup>\u00ae<\/sup> \u2013<\/span> <br>STANDARDS DE QUALIT\u00c9 LES PLUS \u00c9LEV\u00c9S<\/h1>\n<\/div><\/div>\n\n\n\n<div class=\"wp-block-group alignfull has-blue-gradient-background-color has-background\"><div class=\"wp-block-group__inner-container is-layout-flow wp-block-group-is-layout-flow\">\n<div style=\"height:25px\" aria-hidden=\"true\" class=\"wp-block-spacer\"><\/div>\n\n\n\n<p class=\"has-text-align-center medium-width\">Produit avec le plus haut standard de qualit\u00e9.<\/p>\n\n\n\n<div style=\"height:25px\" aria-hidden=\"true\" class=\"wp-block-spacer\"><\/div>\n<\/div><\/div>\n\n\n\n<div class=\"wp-block-group alignfull has-blue-gradient-background-color has-background\"><div class=\"wp-block-group__inner-container is-layout-flow wp-block-group-is-layout-flow\">\n<div style=\"height:25px\" aria-hidden=\"true\" class=\"wp-block-spacer\"><\/div>\n\n\n\n<figure class=\"wp-block-embed is-type-video is-provider-vimeo wp-block-embed-vimeo medium-width wp-embed-aspect-16-9 wp-has-aspect-ratio\"><div class=\"wp-block-embed__wrapper\">\n<iframe loading=\"lazy\" title=\"PROFERTIL&amp;reg; - Highest Quality Standard (GMP) - Short Version\" src=\"https:\/\/player.vimeo.com\/video\/521386410?h=5f4b1fec0b&amp;app_id=122963\" width=\"1024\" height=\"576\" frameborder=\"0\" allow=\"autoplay; fullscreen; picture-in-picture\" allowfullscreen><\/iframe>\n<\/div><\/figure>\n<\/div><\/div>\n\n\n\n<div class=\"wp-block-group alignfull has-red-gradient-background-color has-background\" id=\"packshot\"><div class=\"wp-block-group__inner-container is-layout-flow wp-block-group-is-layout-flow\">\n<div class=\"wp-block-columns has-2-columns is-layout-flex wp-container-core-columns-is-layout-1 wp-block-columns-is-layout-flex\">\n<div class=\"wp-block-column is-vertically-aligned-center is-layout-flow wp-block-column-is-layout-flow\">\n<div class=\"wp-block-image\"><figure class=\"aligncenter size-large is-resized\"><img data-recalc-dims=\"1\" loading=\"lazy\" decoding=\"async\" src=\"https:\/\/i0.wp.com\/profertil.eu\/wp-content\/uploads\/2021\/02\/nr1-proven-efficacy-fr-2.png?resize=473%2C176&#038;ssl=1\" alt=\"\" class=\"wp-image-6965\" width=\"473\" height=\"176\" srcset=\"https:\/\/i0.wp.com\/profertil.eu\/wp-content\/uploads\/2021\/02\/nr1-proven-efficacy-fr-2.png?w=946&amp;ssl=1 946w, https:\/\/i0.wp.com\/profertil.eu\/wp-content\/uploads\/2021\/02\/nr1-proven-efficacy-fr-2.png?resize=300%2C112&amp;ssl=1 300w, https:\/\/i0.wp.com\/profertil.eu\/wp-content\/uploads\/2021\/02\/nr1-proven-efficacy-fr-2.png?resize=768%2C286&amp;ssl=1 768w\" sizes=\"auto, (max-width: 473px) 100vw, 473px\" \/><\/figure><\/div>\n<\/div>\n\n\n\n<div class=\"wp-block-column is-vertically-aligned-center is-layout-flow wp-block-column-is-layout-flow\">\n<div style=\"height:50px\" aria-hidden=\"true\" class=\"wp-block-spacer\"><\/div>\n\n\n\n<div class=\"wp-block-image\"><figure class=\"aligncenter size-large\"><img data-recalc-dims=\"1\" loading=\"lazy\" decoding=\"async\" width=\"791\" height=\"390\" src=\"https:\/\/i0.wp.com\/profertil.eu\/wp-content\/uploads\/\/2019\/07\/PROfertil-male_60K_int_HG-drot.png?resize=791%2C390&#038;ssl=1\" alt=\"Packshot PROFERTIL\u00ae male\" class=\"wp-image-2728\" srcset=\"https:\/\/i0.wp.com\/profertil.eu\/wp-content\/uploads\/2019\/07\/PROfertil-male_60K_int_HG-drot.png?w=791&amp;ssl=1 791w, https:\/\/i0.wp.com\/profertil.eu\/wp-content\/uploads\/2019\/07\/PROfertil-male_60K_int_HG-drot.png?resize=300%2C148&amp;ssl=1 300w, https:\/\/i0.wp.com\/profertil.eu\/wp-content\/uploads\/2019\/07\/PROfertil-male_60K_int_HG-drot.png?resize=768%2C379&amp;ssl=1 768w\" sizes=\"auto, (max-width: 791px) 100vw, 791px\" \/><\/figure><\/div>\n\n\n\n<p class=\"has-text-align-center has-white-color has-text-color\"><strong><strong><strong>TAUX DE GROSSESSE MOY. 26-41%<\/strong><\/strong><\/strong><\/p>\n\n\n\n<div style=\"height:50px\" aria-hidden=\"true\" class=\"wp-block-spacer\"><\/div>\n<\/div>\n<\/div>\n\n\n\n\n\n<div id=\"anchorlink-block_5d02a16a1f77b\" class=\"anchorlink light \">\n            <a href=\"#buynow\" data-smooth-scroll data-animation-duration=\"750\" data-animation-easing=\"swing\" data-offset=\"-23\"><i class=\"material-icons pro-pulse\">expand_more<\/i><\/a>\n    <\/div>\n\n\n<p><\/p>\n<\/div><\/div>\n\n\n<div class=\"block-ip-location-container hide-for__DZ\">\n\n<div id=\"buynow\" class=\"wp-block-group window-height minus-footer center\"><div class=\"wp-block-group__inner-container is-layout-flow wp-block-group-is-layout-flow\">\n<div class=\"wp-block-image\"><figure class=\"aligncenter size-large is-resized\"><a href=\"https:\/\/shop.profertil.eu\/\" target=\"_blank\" rel=\"noreferrer noopener\"><img loading=\"lazy\" decoding=\"async\" src=\"https:\/\/profertil.eu\/wp-content\/uploads\/2021\/02\/BUY-NOW-Button-fr-2.svg\" alt=\"\" class=\"wp-image-6949\" width=\"450\" height=\"85\"\/><\/a><\/figure><\/div>\n<\/div><\/div>\n\n<\/div>\n\n","protected":false},"excerpt":{"rendered":"<p>Produit avec le plus haut standard de qualit\u00e9.<\/p>\n","protected":false},"author":1,"featured_media":0,"parent":0,"menu_order":0,"comment_status":"closed","ping_status":"closed","template":"template-full-width-no-title.php","meta":{"_acf_changed":false,"pgc_sgb_lightbox_settings":"","footnotes":""},"categories":[],"tags":[],"class_list":["post-6681","page","type-page","status-publish","hentry"],"acf":[],"yoast_head":"<!-- This site is optimized with the Yoast SEO plugin v26.1 - https:\/\/yoast.com\/wordpress\/plugins\/seo\/ -->\n<title>PROFERTIL\u00ae - norme de qualit\u00e9 la plus \u00e9lev\u00e9e (BPF)<\/title>\n<meta name=\"description\" content=\"Dans cette vid\u00e9o, nous vous invitons \u00e0 d\u00e9couvrir visuellement \u00e0 quel point Lenus Pharma s&#039;engage \u00e0 fournir des produits de qualit\u00e9 sup\u00e9rieure, conform\u00e9ment aux normes BPF.\" \/>\n<meta name=\"robots\" content=\"index, follow, max-snippet:-1, max-image-preview:large, max-video-preview:-1\" \/>\n<link rel=\"canonical\" href=\"https:\/\/profertil.eu\/fr\/profertil-norme-de-qualite-la-plus-elevee\/\" \/>\n<meta property=\"og:locale\" content=\"fr_FR\" \/>\n<meta property=\"og:type\" content=\"article\" \/>\n<meta property=\"og:title\" content=\"PROFERTIL\u00ae - norme de qualit\u00e9 la plus \u00e9lev\u00e9e (BPF)\" \/>\n<meta property=\"og:description\" content=\"Dans cette vid\u00e9o, nous vous invitons \u00e0 d\u00e9couvrir visuellement \u00e0 quel point Lenus Pharma s&#039;engage \u00e0 fournir des produits de qualit\u00e9 sup\u00e9rieure, conform\u00e9ment aux normes BPF.\" \/>\n<meta property=\"og:url\" content=\"https:\/\/profertil.eu\/fr\/profertil-norme-de-qualite-la-plus-elevee\/\" \/>\n<meta property=\"og:site_name\" content=\"PROFERTIL\" \/>\n<meta property=\"article:modified_time\" content=\"2022-11-17T11:19:43+00:00\" \/>\n<meta property=\"og:image\" content=\"https:\/\/i0.wp.com\/profertil.eu\/wp-content\/uploads\/2019\/06\/aerzte-ueber-profertil.jpg?fit=2048%2C500&ssl=1\" \/>\n\t<meta property=\"og:image:width\" content=\"2048\" \/>\n\t<meta property=\"og:image:height\" content=\"500\" \/>\n\t<meta property=\"og:image:type\" content=\"image\/jpeg\" \/>\n<meta name=\"twitter:card\" content=\"summary_large_image\" \/>\n<script type=\"application\/ld+json\" class=\"yoast-schema-graph\">{\"@context\":\"https:\/\/schema.org\",\"@graph\":[{\"@type\":\"WebPage\",\"@id\":\"https:\/\/profertil.eu\/fr\/profertil-norme-de-qualite-la-plus-elevee\/\",\"url\":\"https:\/\/profertil.eu\/fr\/profertil-norme-de-qualite-la-plus-elevee\/\",\"name\":\"PROFERTIL\u00ae - norme de qualit\u00e9 la plus \u00e9lev\u00e9e (BPF)\",\"isPartOf\":{\"@id\":\"https:\/\/profertil.eu\/#website\"},\"primaryImageOfPage\":{\"@id\":\"https:\/\/profertil.eu\/fr\/profertil-norme-de-qualite-la-plus-elevee\/#primaryimage\"},\"image\":{\"@id\":\"https:\/\/profertil.eu\/fr\/profertil-norme-de-qualite-la-plus-elevee\/#primaryimage\"},\"thumbnailUrl\":\"https:\/\/staging.netzkundig.com\/profertil-fr\/wp-content\/uploads\/2019\/06\/aerzte-ueber-profertil.jpg\",\"datePublished\":\"2019-12-17T08:45:41+00:00\",\"dateModified\":\"2022-11-17T11:19:43+00:00\",\"description\":\"Dans cette vid\u00e9o, nous vous invitons \u00e0 d\u00e9couvrir visuellement \u00e0 quel point Lenus Pharma s'engage \u00e0 fournir des produits de qualit\u00e9 sup\u00e9rieure, conform\u00e9ment aux normes BPF.\",\"breadcrumb\":{\"@id\":\"https:\/\/profertil.eu\/fr\/profertil-norme-de-qualite-la-plus-elevee\/#breadcrumb\"},\"inLanguage\":\"fr-FR\",\"potentialAction\":[{\"@type\":\"ReadAction\",\"target\":[\"https:\/\/profertil.eu\/fr\/profertil-norme-de-qualite-la-plus-elevee\/\"]}]},{\"@type\":\"ImageObject\",\"inLanguage\":\"fr-FR\",\"@id\":\"https:\/\/profertil.eu\/fr\/profertil-norme-de-qualite-la-plus-elevee\/#primaryimage\",\"url\":\"https:\/\/staging.netzkundig.com\/profertil-fr\/wp-content\/uploads\/2019\/06\/aerzte-ueber-profertil.jpg\",\"contentUrl\":\"https:\/\/staging.netzkundig.com\/profertil-fr\/wp-content\/uploads\/2019\/06\/aerzte-ueber-profertil.jpg\"},{\"@type\":\"BreadcrumbList\",\"@id\":\"https:\/\/profertil.eu\/fr\/profertil-norme-de-qualite-la-plus-elevee\/#breadcrumb\",\"itemListElement\":[{\"@type\":\"ListItem\",\"position\":1,\"name\":\"Home\",\"item\":\"https:\/\/profertil.eu\/fr\/\"},{\"@type\":\"ListItem\",\"position\":2,\"name\":\"PROFERTIL\u00ae &#8211; norme de qualit\u00e9 la plus \u00e9lev\u00e9e (BPF)\"}]},{\"@type\":\"WebSite\",\"@id\":\"https:\/\/profertil.eu\/#website\",\"url\":\"https:\/\/profertil.eu\/\",\"name\":\"PROFERTIL\",\"description\":\"No. 1 proven efficacy in male fertility\",\"publisher\":{\"@id\":\"https:\/\/profertil.eu\/#organization\"},\"potentialAction\":[{\"@type\":\"SearchAction\",\"target\":{\"@type\":\"EntryPoint\",\"urlTemplate\":\"https:\/\/profertil.eu\/?s={search_term_string}\"},\"query-input\":{\"@type\":\"PropertyValueSpecification\",\"valueRequired\":true,\"valueName\":\"search_term_string\"}}],\"inLanguage\":\"fr-FR\"},{\"@type\":\"Organization\",\"@id\":\"https:\/\/profertil.eu\/#organization\",\"name\":\"PROFERTIL\",\"url\":\"https:\/\/profertil.eu\/\",\"logo\":{\"@type\":\"ImageObject\",\"inLanguage\":\"fr-FR\",\"@id\":\"https:\/\/profertil.eu\/#\/schema\/logo\/image\/\",\"url\":\"https:\/\/profertil.eu\/wp-content\/uploads\/2025\/10\/PROFERTIL-logo-2025.svg\",\"contentUrl\":\"https:\/\/profertil.eu\/wp-content\/uploads\/2025\/10\/PROFERTIL-logo-2025.svg\",\"caption\":\"PROFERTIL\"},\"image\":{\"@id\":\"https:\/\/profertil.eu\/#\/schema\/logo\/image\/\"}}]}<\/script>\n<!-- \/ Yoast SEO plugin. -->","yoast_head_json":{"title":"PROFERTIL\u00ae - norme de qualit\u00e9 la plus \u00e9lev\u00e9e (BPF)","description":"Dans cette vid\u00e9o, nous vous invitons \u00e0 d\u00e9couvrir visuellement \u00e0 quel point Lenus Pharma s'engage \u00e0 fournir des produits de qualit\u00e9 sup\u00e9rieure, conform\u00e9ment aux normes BPF.","robots":{"index":"index","follow":"follow","max-snippet":"max-snippet:-1","max-image-preview":"max-image-preview:large","max-video-preview":"max-video-preview:-1"},"canonical":"https:\/\/profertil.eu\/fr\/profertil-norme-de-qualite-la-plus-elevee\/","og_locale":"fr_FR","og_type":"article","og_title":"PROFERTIL\u00ae - norme de qualit\u00e9 la plus \u00e9lev\u00e9e (BPF)","og_description":"Dans cette vid\u00e9o, nous vous invitons \u00e0 d\u00e9couvrir visuellement \u00e0 quel point Lenus Pharma s'engage \u00e0 fournir des produits de qualit\u00e9 sup\u00e9rieure, conform\u00e9ment aux normes BPF.","og_url":"https:\/\/profertil.eu\/fr\/profertil-norme-de-qualite-la-plus-elevee\/","og_site_name":"PROFERTIL","article_modified_time":"2022-11-17T11:19:43+00:00","og_image":[{"width":2048,"height":500,"url":"https:\/\/i0.wp.com\/profertil.eu\/wp-content\/uploads\/2019\/06\/aerzte-ueber-profertil.jpg?fit=2048%2C500&ssl=1","type":"image\/jpeg"}],"twitter_card":"summary_large_image","schema":{"@context":"https:\/\/schema.org","@graph":[{"@type":"WebPage","@id":"https:\/\/profertil.eu\/fr\/profertil-norme-de-qualite-la-plus-elevee\/","url":"https:\/\/profertil.eu\/fr\/profertil-norme-de-qualite-la-plus-elevee\/","name":"PROFERTIL\u00ae - norme de qualit\u00e9 la plus \u00e9lev\u00e9e (BPF)","isPartOf":{"@id":"https:\/\/profertil.eu\/#website"},"primaryImageOfPage":{"@id":"https:\/\/profertil.eu\/fr\/profertil-norme-de-qualite-la-plus-elevee\/#primaryimage"},"image":{"@id":"https:\/\/profertil.eu\/fr\/profertil-norme-de-qualite-la-plus-elevee\/#primaryimage"},"thumbnailUrl":"https:\/\/staging.netzkundig.com\/profertil-fr\/wp-content\/uploads\/2019\/06\/aerzte-ueber-profertil.jpg","datePublished":"2019-12-17T08:45:41+00:00","dateModified":"2022-11-17T11:19:43+00:00","description":"Dans cette vid\u00e9o, nous vous invitons \u00e0 d\u00e9couvrir visuellement \u00e0 quel point Lenus Pharma s'engage \u00e0 fournir des produits de qualit\u00e9 sup\u00e9rieure, conform\u00e9ment aux normes BPF.","breadcrumb":{"@id":"https:\/\/profertil.eu\/fr\/profertil-norme-de-qualite-la-plus-elevee\/#breadcrumb"},"inLanguage":"fr-FR","potentialAction":[{"@type":"ReadAction","target":["https:\/\/profertil.eu\/fr\/profertil-norme-de-qualite-la-plus-elevee\/"]}]},{"@type":"ImageObject","inLanguage":"fr-FR","@id":"https:\/\/profertil.eu\/fr\/profertil-norme-de-qualite-la-plus-elevee\/#primaryimage","url":"https:\/\/staging.netzkundig.com\/profertil-fr\/wp-content\/uploads\/2019\/06\/aerzte-ueber-profertil.jpg","contentUrl":"https:\/\/staging.netzkundig.com\/profertil-fr\/wp-content\/uploads\/2019\/06\/aerzte-ueber-profertil.jpg"},{"@type":"BreadcrumbList","@id":"https:\/\/profertil.eu\/fr\/profertil-norme-de-qualite-la-plus-elevee\/#breadcrumb","itemListElement":[{"@type":"ListItem","position":1,"name":"Home","item":"https:\/\/profertil.eu\/fr\/"},{"@type":"ListItem","position":2,"name":"PROFERTIL\u00ae &#8211; norme de qualit\u00e9 la plus \u00e9lev\u00e9e (BPF)"}]},{"@type":"WebSite","@id":"https:\/\/profertil.eu\/#website","url":"https:\/\/profertil.eu\/","name":"PROFERTIL","description":"No. 1 proven efficacy in male fertility","publisher":{"@id":"https:\/\/profertil.eu\/#organization"},"potentialAction":[{"@type":"SearchAction","target":{"@type":"EntryPoint","urlTemplate":"https:\/\/profertil.eu\/?s={search_term_string}"},"query-input":{"@type":"PropertyValueSpecification","valueRequired":true,"valueName":"search_term_string"}}],"inLanguage":"fr-FR"},{"@type":"Organization","@id":"https:\/\/profertil.eu\/#organization","name":"PROFERTIL","url":"https:\/\/profertil.eu\/","logo":{"@type":"ImageObject","inLanguage":"fr-FR","@id":"https:\/\/profertil.eu\/#\/schema\/logo\/image\/","url":"https:\/\/profertil.eu\/wp-content\/uploads\/2025\/10\/PROFERTIL-logo-2025.svg","contentUrl":"https:\/\/profertil.eu\/wp-content\/uploads\/2025\/10\/PROFERTIL-logo-2025.svg","caption":"PROFERTIL"},"image":{"@id":"https:\/\/profertil.eu\/#\/schema\/logo\/image\/"}}]}},"_links":{"self":[{"href":"https:\/\/profertil.eu\/fr\/wp-json\/wp\/v2\/pages\/6681","targetHints":{"allow":["GET"]}}],"collection":[{"href":"https:\/\/profertil.eu\/fr\/wp-json\/wp\/v2\/pages"}],"about":[{"href":"https:\/\/profertil.eu\/fr\/wp-json\/wp\/v2\/types\/page"}],"author":[{"embeddable":true,"href":"https:\/\/profertil.eu\/fr\/wp-json\/wp\/v2\/users\/1"}],"replies":[{"embeddable":true,"href":"https:\/\/profertil.eu\/fr\/wp-json\/wp\/v2\/comments?post=6681"}],"version-history":[{"count":6,"href":"https:\/\/profertil.eu\/fr\/wp-json\/wp\/v2\/pages\/6681\/revisions"}],"predecessor-version":[{"id":16915,"href":"https:\/\/profertil.eu\/fr\/wp-json\/wp\/v2\/pages\/6681\/revisions\/16915"}],"wp:attachment":[{"href":"https:\/\/profertil.eu\/fr\/wp-json\/wp\/v2\/media?parent=6681"}],"wp:term":[{"taxonomy":"category","embeddable":true,"href":"https:\/\/profertil.eu\/fr\/wp-json\/wp\/v2\/categories?post=6681"},{"taxonomy":"post_tag","embeddable":true,"href":"https:\/\/profertil.eu\/fr\/wp-json\/wp\/v2\/tags?post=6681"}],"curies":[{"name":"wp","href":"https:\/\/api.w.org\/{rel}","templated":true}]}}