 {"id":6583,"date":"2019-07-11T13:43:13","date_gmt":"2019-07-11T11:43:13","guid":{"rendered":"https:\/\/profertil.eu\/etudes\/l-carnitine-study-2016\/"},"modified":"2023-10-09T12:21:48","modified_gmt":"2023-10-09T10:21:48","slug":"l-carnitine-study-2016","status":"publish","type":"page","link":"https:\/\/profertil.eu\/fr\/etudes\/l-carnitine-study-2016\/","title":{"rendered":"\u00c9tude L-carnitine 2016"},"content":{"rendered":"\n<div class=\"wp-block-cover has-background-dim-10 has-background-dim alignfull\"><img data-recalc-dims=\"1\" loading=\"lazy\" decoding=\"async\" width=\"1024\" height=\"250\" class=\"wp-block-cover__image-background wp-image-1062\" alt=\"\" src=\"https:\/\/i0.wp.com\/staging.netzkundig.com\/profertil-fr\/wp-content\/uploads\/2019\/06\/spermiogramm.jpg?resize=1024%2C250&#038;ssl=1\" style=\"object-position:14% 44%\" data-object-fit=\"cover\" data-object-position=\"14% 44%\" srcset=\"https:\/\/i0.wp.com\/profertil.eu\/wp-content\/uploads\/2019\/06\/spermiogramm.jpg?w=2048&amp;ssl=1 2048w, https:\/\/i0.wp.com\/profertil.eu\/wp-content\/uploads\/2019\/06\/spermiogramm.jpg?resize=300%2C73&amp;ssl=1 300w, https:\/\/i0.wp.com\/profertil.eu\/wp-content\/uploads\/2019\/06\/spermiogramm.jpg?resize=768%2C188&amp;ssl=1 768w, https:\/\/i0.wp.com\/profertil.eu\/wp-content\/uploads\/2019\/06\/spermiogramm.jpg?resize=1024%2C250&amp;ssl=1 1024w\" sizes=\"auto, (max-width: 1024px) 100vw, 1024px\" \/><div class=\"wp-block-cover__inner-container is-layout-flow wp-block-cover-is-layout-flow\">\n<h1 class=\"has-white-color has-text-align-right wp-block-heading\">COMPOSITION<br><span class=\"has-red-color\">EXCEPTIONNELLE<\/span><\/h1>\n<\/div><\/div>\n\n\n\n<div class=\"wp-block-group alignfull has-red-gradient-background-color has-background\"><div class=\"wp-block-group__inner-container is-layout-flow wp-block-group-is-layout-flow\">\n<div style=\"height:20px\" aria-hidden=\"true\" class=\"wp-block-spacer\"><\/div>\n\n\n\n<div class=\"wp-block-image\"><figure class=\"aligncenter size-large is-resized\"><img data-recalc-dims=\"1\" loading=\"lazy\" decoding=\"async\" src=\"https:\/\/i0.wp.com\/profertil.eu\/wp-content\/uploads\/2023\/10\/Capsule-spermium_static_Update-2023_1500px-8.png?resize=467%2C127&#038;ssl=1\" alt=\"\" class=\"wp-image-21907\" width=\"467\" height=\"127\" srcset=\"https:\/\/i0.wp.com\/profertil.eu\/wp-content\/uploads\/2023\/10\/Capsule-spermium_static_Update-2023_1500px-8.png?resize=1024%2C279&amp;ssl=1 1024w, https:\/\/i0.wp.com\/profertil.eu\/wp-content\/uploads\/2023\/10\/Capsule-spermium_static_Update-2023_1500px-8.png?resize=300%2C82&amp;ssl=1 300w, https:\/\/i0.wp.com\/profertil.eu\/wp-content\/uploads\/2023\/10\/Capsule-spermium_static_Update-2023_1500px-8.png?resize=768%2C209&amp;ssl=1 768w, https:\/\/i0.wp.com\/profertil.eu\/wp-content\/uploads\/2023\/10\/Capsule-spermium_static_Update-2023_1500px-8.png?w=1500&amp;ssl=1 1500w\" sizes=\"auto, (max-width: 467px) 100vw, 467px\" \/><\/figure><\/div>\n\n\n\n<p class=\"has-text-align-center medium-width\" style=\"font-size:30px\"> \u00bbEn raison de son effet synergique, la formule brevet\u00e9e PROfertil<sup>\u00ae<\/sup>&nbsp;est nettement sup\u00e9rieure \u00e0 l\u2019apport de L-carnitine \u00e0 forte dose.\u00ab <\/p>\n\n\n\n<div style=\"height:30px\" aria-hidden=\"true\" class=\"wp-block-spacer\"><\/div>\n<\/div><\/div>\n\n\n\n<div class=\"wp-block-group alignfull\"><div class=\"wp-block-group__inner-container is-layout-flow wp-block-group-is-layout-flow\">\n<div class=\"wp-block-columns study-8-4 is-layout-flex wp-container-core-columns-is-layout-1 wp-block-columns-is-layout-flex\">\n<div class=\"wp-block-column is-layout-flow wp-block-column-is-layout-flow\">\n<div style=\"height:50px\" aria-hidden=\"true\" class=\"wp-block-spacer\"><\/div>\n\n\n\n<p class=\"has-medium-font-size\">\u00c9TUDE L-CARNITINE 2016<\/p>\n\n\n\n<h3 class=\"has-red-color has-text-color wp-block-heading\">Changement relatif des param\u00e8tres des spermatozo\u00efdes (en%) apr\u00e8s 3 mois de prise PROFERTIL<sup>\u00ae<\/sup>&nbsp;par rapport au groupe de mono substance<\/h3>\n<\/div>\n\n\n\n<div class=\"wp-block-column is-layout-flow wp-block-column-is-layout-flow\">\n<div class=\"wp-block-image bubble\"><figure class=\"aligncenter size-large is-resized\"><img data-recalc-dims=\"1\" loading=\"lazy\" decoding=\"async\" src=\"https:\/\/i0.wp.com\/profertil.eu\/wp-content\/uploads\/2021\/02\/l-carnitine-study-2016-bubble-fr.png?resize=304%2C265&#038;ssl=1\" alt=\"\" class=\"wp-image-5884\" width=\"304\" height=\"265\"\/><\/figure><\/div>\n<\/div>\n<\/div>\n\n\n\n<div class=\"wp-block-columns study-8-4 is-layout-flex wp-container-core-columns-is-layout-2 wp-block-columns-is-layout-flex\">\n<div class=\"wp-block-column small-order-2 medium-order-1 is-layout-flow wp-block-column-is-layout-flow\">\n<div class=\"wp-block-image\"><figure class=\"aligncenter size-large\"><img data-recalc-dims=\"1\" decoding=\"async\" src=\"https:\/\/i0.wp.com\/profertil.eu\/wp-content\/uploads\/2021\/02\/Chart_BioMed_INT-1024x723-fr.png?w=1024&#038;ssl=1\" alt=\"\" class=\"wp-image-5886\"\/><\/figure><\/div>\n<\/div>\n\n\n\n<div class=\"wp-block-column small-order-1 medium-order-2 is-layout-flow wp-block-column-is-layout-flow\">\n<figure class=\"wp-block-image size-large is-resized\"><img data-recalc-dims=\"1\" loading=\"lazy\" decoding=\"async\" src=\"https:\/\/i0.wp.com\/profertil.eu\/wp-content\/uploads\/2019\/07\/BioMed-Central-Logo.png?resize=192%2C68&#038;ssl=1\" alt=\"\" class=\"wp-image-6760\" width=\"192\" height=\"68\" srcset=\"https:\/\/i0.wp.com\/profertil.eu\/wp-content\/uploads\/2019\/07\/BioMed-Central-Logo.png?w=384&amp;ssl=1 384w, https:\/\/i0.wp.com\/profertil.eu\/wp-content\/uploads\/2019\/07\/BioMed-Central-Logo.png?resize=300%2C105&amp;ssl=1 300w\" sizes=\"auto, (max-width: 192px) 100vw, 192px\" \/><\/figure>\n\n\n\n<div style=\"height:30px\" aria-hidden=\"true\" class=\"wp-block-spacer\"><\/div>\n\n\n\n<p class=\"has-small-font-size\"><strong><strong>Nombre de patients :&nbsp;<br><\/strong><\/strong>n = 299&nbsp;<br>(groupe PROFERTIL<sup>\u00ae<\/sup>: n = 143;&nbsp;<br>groupe de contr\u00f4le: n = 156)<br><br><strong>Publication:<br><\/strong>Reprod Biol Endocrin (Dec 2016) 14:84.<\/p>\n\n\n\n<div style=\"height:30px\" aria-hidden=\"true\" class=\"wp-block-spacer\"><\/div>\n<\/div>\n<\/div>\n\n\n\n<div style=\"height:50px\" aria-hidden=\"true\" class=\"wp-block-spacer\"><\/div>\n\n\n\n<div class=\"wp-block-columns study-8-4 is-layout-flex wp-container-core-columns-is-layout-3 wp-block-columns-is-layout-flex\">\n<div class=\"wp-block-column is-layout-flow wp-block-column-is-layout-flow\">\n<h6 class=\"has-red-color has-text-color wp-block-heading\"><strong>La premi\u00e8re \u00e9tude prospective contr\u00f4l\u00e9e (par rapport \u00e0 la L-Carnitine \u00e0 forte dose) a montr\u00e9 la sup\u00e9riorit\u00e9 de la composition de PROFERTIL<\/strong><sup>\u00ae<\/sup><strong>:<\/strong><\/h6>\n\n\n\n<ul class=\"studylist wp-block-list\"><li>Significativement sup\u00e9rieur \u00e0 la mono-pr\u00e9paration en ce qui concerne l\u2019effet sur la densit\u00e9 du sperme, la mobilit\u00e9 progressive globale et progressive rapide<\/li><li>Am\u00e9liore les chances de r\u00e9ussite de la conception naturelle et en PMA, de la grossesse et de la sant\u00e9 de la prog\u00e9niture<\/li><\/ul>\n\n\n\n<div style=\"height:30px\" aria-hidden=\"true\" class=\"wp-block-spacer\"><\/div>\n\n\n\n<p class=\"has-small-font-size\"><a href=\"https:\/\/rbej.biomedcentral.com\/articles\/10.1186\/s12958-016-0219-0\" target=\"_blank\" rel=\"noreferrer noopener\">\u00c9tude sur la L-carnitine 2016; Comparaison de l\u2019effet d\u2019une combinaison de huit micronutriments par rapport \u00e0 une pr\u00e9paration mono standard sur les param\u00e8tres du sperme; Lipovac et al .; crit\u00e8res d\u2019inclusion: 20-60 ans; \u2265 1 an de subfertilit\u00e9 et au moins un r\u00e9sultat r\u00e9cent d\u2019analyse de sperme pathologique (\u2264 3 mois); crit\u00e8res d\u2019exclusion: aspermie, varicoc\u00e8le, azoospermie, infections urog\u00e9nitales.<\/a><\/p>\n\n\n\n<p><\/p>\n<\/div>\n\n\n\n<div class=\"wp-block-column is-layout-flow wp-block-column-is-layout-flow\"><\/div>\n<\/div>\n\n\n\n<div style=\"height:50px\" aria-hidden=\"true\" class=\"wp-block-spacer\"><\/div>\n\n\n\n\n\n<div id=\"anchorlink-block_5d029bb7eaea5\" class=\"anchorlink dark \">\n            <a href=\"#packshot\" data-smooth-scroll data-animation-duration=\"750\" data-animation-easing=\"swing\" data-offset=\"-23\"><i class=\"material-icons pro-pulse\">expand_more<\/i><\/a>\n    <\/div><\/div><\/div>\n\n\n\n<div class=\"wp-block-group alignfull has-red-gradient-background-color has-background\" id=\"packshot\"><div class=\"wp-block-group__inner-container is-layout-flow wp-block-group-is-layout-flow\">\n<div class=\"wp-block-columns has-2-columns is-layout-flex wp-container-core-columns-is-layout-4 wp-block-columns-is-layout-flex\">\n<div class=\"wp-block-column is-vertically-aligned-center is-layout-flow wp-block-column-is-layout-flow\">\n<div class=\"wp-block-image\"><figure class=\"aligncenter size-large is-resized\"><img data-recalc-dims=\"1\" loading=\"lazy\" decoding=\"async\" src=\"https:\/\/i0.wp.com\/profertil.eu\/wp-content\/uploads\/2021\/02\/nr1-proven-efficacy-fr-2.png?resize=473%2C176&#038;ssl=1\" alt=\"\" class=\"wp-image-6965\" width=\"473\" height=\"176\" srcset=\"https:\/\/i0.wp.com\/profertil.eu\/wp-content\/uploads\/2021\/02\/nr1-proven-efficacy-fr-2.png?w=946&amp;ssl=1 946w, https:\/\/i0.wp.com\/profertil.eu\/wp-content\/uploads\/2021\/02\/nr1-proven-efficacy-fr-2.png?resize=300%2C112&amp;ssl=1 300w, https:\/\/i0.wp.com\/profertil.eu\/wp-content\/uploads\/2021\/02\/nr1-proven-efficacy-fr-2.png?resize=768%2C286&amp;ssl=1 768w\" sizes=\"auto, (max-width: 473px) 100vw, 473px\" \/><\/figure><\/div>\n<\/div>\n\n\n\n<div class=\"wp-block-column is-vertically-aligned-center is-layout-flow wp-block-column-is-layout-flow\">\n<div style=\"height:50px\" aria-hidden=\"true\" class=\"wp-block-spacer\"><\/div>\n\n\n\n<div class=\"wp-block-image\"><figure class=\"aligncenter size-large\"><img data-recalc-dims=\"1\" loading=\"lazy\" decoding=\"async\" width=\"791\" height=\"390\" src=\"https:\/\/i0.wp.com\/profertil.eu\/wp-content\/uploads\/\/2019\/07\/PROfertil-male_60K_int_HG-drot.png?resize=791%2C390&#038;ssl=1\" alt=\"Packshot PROFERTIL\u00ae male\" class=\"wp-image-2728\" srcset=\"https:\/\/i0.wp.com\/profertil.eu\/wp-content\/uploads\/2019\/07\/PROfertil-male_60K_int_HG-drot.png?w=791&amp;ssl=1 791w, https:\/\/i0.wp.com\/profertil.eu\/wp-content\/uploads\/2019\/07\/PROfertil-male_60K_int_HG-drot.png?resize=300%2C148&amp;ssl=1 300w, https:\/\/i0.wp.com\/profertil.eu\/wp-content\/uploads\/2019\/07\/PROfertil-male_60K_int_HG-drot.png?resize=768%2C379&amp;ssl=1 768w\" sizes=\"auto, (max-width: 791px) 100vw, 791px\" \/><\/figure><\/div>\n\n\n\n<p class=\"has-text-align-center has-white-color has-text-color\"><strong><strong><strong>TAUX DE GROSSESSE MOY. 26-41%<\/strong><\/strong><\/strong><\/p>\n\n\n\n<div style=\"height:50px\" aria-hidden=\"true\" class=\"wp-block-spacer\"><\/div>\n<\/div>\n<\/div>\n\n\n\n\n\n<div id=\"anchorlink-block_5d02a16a1f77b\" class=\"anchorlink light \">\n            <a href=\"#buynow\" data-smooth-scroll data-animation-duration=\"750\" data-animation-easing=\"swing\" data-offset=\"-23\"><i class=\"material-icons pro-pulse\">expand_more<\/i><\/a>\n    <\/div>\n\n\n<p><\/p>\n<\/div><\/div>\n\n\n<div class=\"block-ip-location-container hide-for__DZ\">\n\n<div id=\"buynow\" class=\"wp-block-group window-height minus-footer center\"><div class=\"wp-block-group__inner-container is-layout-flow wp-block-group-is-layout-flow\">\n<div class=\"wp-block-image\"><figure class=\"aligncenter size-large is-resized\"><a href=\"https:\/\/shop.profertil.eu\/\" target=\"_blank\" rel=\"noreferrer noopener\"><img loading=\"lazy\" decoding=\"async\" src=\"https:\/\/profertil.eu\/wp-content\/uploads\/2021\/02\/BUY-NOW-Button-fr-2.svg\" alt=\"\" class=\"wp-image-6949\" width=\"450\" height=\"85\"\/><\/a><\/figure><\/div>\n<\/div><\/div>\n\n<\/div>\n\n","protected":false},"excerpt":{"rendered":"<p>\u00bbEn raison de son effet synergique, la formule brevet\u00e9e PROfertil\u00ae&nbsp;est nettement sup\u00e9rieure \u00e0 l\u2019apport de L-carnitine \u00e0 forte dose.\u00ab \u00c9TUDE L-CARNITINE 2016 Changement relatif des param\u00e8tres des spermatozo\u00efdes (en%) apr\u00e8s 3 mois de prise PROFERTIL\u00ae&nbsp;par rapport au groupe de mono substance Nombre de patients :&nbsp;n = 299&nbsp;(groupe PROFERTIL\u00ae: n = 143;&nbsp;groupe de contr\u00f4le: n =<a class=\"excerpt-read-more\" href=\"https:\/\/profertil.eu\/fr\/etudes\/l-carnitine-study-2016\/\" title=\"Read\u00c9tude L-carnitine 2016\">&#8230; Read more &raquo;<\/a><\/p>\n","protected":false},"author":1,"featured_media":2614,"parent":6388,"menu_order":7,"comment_status":"closed","ping_status":"closed","template":"template-study.php","meta":{"_acf_changed":false,"pgc_sgb_lightbox_settings":"","footnotes":""},"categories":[37],"tags":[],"class_list":["post-6583","page","type-page","status-publish","has-post-thumbnail","hentry","category-studien-fr"],"acf":[],"yoast_head":"<!-- This site is optimized with the Yoast SEO plugin v26.1 - https:\/\/yoast.com\/wordpress\/plugins\/seo\/ -->\n<title>PROFERTIL\u00ae - le N\u00b0 1 pour augmenter la fertilit\u00e9 masculine<\/title>\n<meta name=\"description\" content=\"Gr\u00e2ce \u00e0 l&#039;effet synergique sp\u00e9cifique de sa formule, PROFERTIL\u00ae s&#039;av\u00e8re sup\u00e9rieur \u00e0 la L-Carnitine pure \u00e0 haute dose pour la fertilit\u00e9 masculine.\" \/>\n<meta name=\"robots\" content=\"index, follow, max-snippet:-1, max-image-preview:large, max-video-preview:-1\" \/>\n<link rel=\"canonical\" href=\"https:\/\/profertil.eu\/fr\/etudes\/l-carnitine-study-2016\/\" \/>\n<meta property=\"og:locale\" content=\"fr_FR\" \/>\n<meta property=\"og:type\" content=\"article\" \/>\n<meta property=\"og:title\" content=\"PROFERTIL\u00ae - le N\u00b0 1 pour augmenter la fertilit\u00e9 masculine\" \/>\n<meta property=\"og:description\" content=\"Gr\u00e2ce \u00e0 l&#039;effet synergique sp\u00e9cifique de sa formule, PROFERTIL\u00ae s&#039;av\u00e8re sup\u00e9rieur \u00e0 la L-Carnitine pure \u00e0 haute dose pour la fertilit\u00e9 masculine.\" \/>\n<meta property=\"og:url\" content=\"https:\/\/profertil.eu\/fr\/etudes\/l-carnitine-study-2016\/\" \/>\n<meta property=\"og:site_name\" content=\"PROFERTIL\" \/>\n<meta property=\"article:modified_time\" content=\"2023-10-09T10:21:48+00:00\" \/>\n<meta property=\"og:image\" content=\"https:\/\/profertil.eu\/wp-content\/uploads\/2019\/07\/l-carnitin-studie-bubble.png\" \/>\n\t<meta property=\"og:image:width\" content=\"608\" \/>\n\t<meta property=\"og:image:height\" content=\"529\" \/>\n\t<meta property=\"og:image:type\" content=\"image\/png\" \/>\n<meta name=\"twitter:card\" content=\"summary_large_image\" \/>\n<meta name=\"twitter:label1\" content=\"Dur\u00e9e de lecture estim\u00e9e\" \/>\n\t<meta name=\"twitter:data1\" content=\"1 minute\" \/>\n<script type=\"application\/ld+json\" class=\"yoast-schema-graph\">{\"@context\":\"https:\/\/schema.org\",\"@graph\":[{\"@type\":\"WebPage\",\"@id\":\"https:\/\/profertil.eu\/fr\/etudes\/l-carnitine-study-2016\/\",\"url\":\"https:\/\/profertil.eu\/fr\/etudes\/l-carnitine-study-2016\/\",\"name\":\"PROFERTIL\u00ae - le N\u00b0 1 pour augmenter la fertilit\u00e9 masculine\",\"isPartOf\":{\"@id\":\"https:\/\/profertil.eu\/#website\"},\"primaryImageOfPage\":{\"@id\":\"https:\/\/profertil.eu\/fr\/etudes\/l-carnitine-study-2016\/#primaryimage\"},\"image\":{\"@id\":\"https:\/\/profertil.eu\/fr\/etudes\/l-carnitine-study-2016\/#primaryimage\"},\"thumbnailUrl\":\"https:\/\/i0.wp.com\/profertil.eu\/wp-content\/uploads\/2019\/07\/l-carnitin-studie-bubble.png?fit=608%2C529&ssl=1\",\"datePublished\":\"2019-07-11T11:43:13+00:00\",\"dateModified\":\"2023-10-09T10:21:48+00:00\",\"description\":\"Gr\u00e2ce \u00e0 l'effet synergique sp\u00e9cifique de sa formule, PROFERTIL\u00ae s'av\u00e8re sup\u00e9rieur \u00e0 la L-Carnitine pure \u00e0 haute dose pour la fertilit\u00e9 masculine.\",\"breadcrumb\":{\"@id\":\"https:\/\/profertil.eu\/fr\/etudes\/l-carnitine-study-2016\/#breadcrumb\"},\"inLanguage\":\"fr-FR\",\"potentialAction\":[{\"@type\":\"ReadAction\",\"target\":[\"https:\/\/profertil.eu\/fr\/etudes\/l-carnitine-study-2016\/\"]}]},{\"@type\":\"ImageObject\",\"inLanguage\":\"fr-FR\",\"@id\":\"https:\/\/profertil.eu\/fr\/etudes\/l-carnitine-study-2016\/#primaryimage\",\"url\":\"https:\/\/i0.wp.com\/profertil.eu\/wp-content\/uploads\/2019\/07\/l-carnitin-studie-bubble.png?fit=608%2C529&ssl=1\",\"contentUrl\":\"https:\/\/i0.wp.com\/profertil.eu\/wp-content\/uploads\/2019\/07\/l-carnitin-studie-bubble.png?fit=608%2C529&ssl=1\",\"width\":608,\"height\":529,\"caption\":\"h\u00f6here wirksamkeit als L-carnitin alleine\"},{\"@type\":\"BreadcrumbList\",\"@id\":\"https:\/\/profertil.eu\/fr\/etudes\/l-carnitine-study-2016\/#breadcrumb\",\"itemListElement\":[{\"@type\":\"ListItem\",\"position\":1,\"name\":\"Home\",\"item\":\"https:\/\/profertil.eu\/fr\/\"},{\"@type\":\"ListItem\",\"position\":2,\"name\":\"\u00c9tudes\",\"item\":\"https:\/\/profertil.eu\/fr\/etudes\/\"},{\"@type\":\"ListItem\",\"position\":3,\"name\":\"\u00c9tude L-carnitine 2016\"}]},{\"@type\":\"WebSite\",\"@id\":\"https:\/\/profertil.eu\/#website\",\"url\":\"https:\/\/profertil.eu\/\",\"name\":\"PROFERTIL\",\"description\":\"No. 1 proven efficacy in male fertility\",\"publisher\":{\"@id\":\"https:\/\/profertil.eu\/#organization\"},\"potentialAction\":[{\"@type\":\"SearchAction\",\"target\":{\"@type\":\"EntryPoint\",\"urlTemplate\":\"https:\/\/profertil.eu\/?s={search_term_string}\"},\"query-input\":{\"@type\":\"PropertyValueSpecification\",\"valueRequired\":true,\"valueName\":\"search_term_string\"}}],\"inLanguage\":\"fr-FR\"},{\"@type\":\"Organization\",\"@id\":\"https:\/\/profertil.eu\/#organization\",\"name\":\"PROFERTIL\",\"url\":\"https:\/\/profertil.eu\/\",\"logo\":{\"@type\":\"ImageObject\",\"inLanguage\":\"fr-FR\",\"@id\":\"https:\/\/profertil.eu\/#\/schema\/logo\/image\/\",\"url\":\"https:\/\/profertil.eu\/wp-content\/uploads\/2025\/10\/PROFERTIL-logo-2025.svg\",\"contentUrl\":\"https:\/\/profertil.eu\/wp-content\/uploads\/2025\/10\/PROFERTIL-logo-2025.svg\",\"caption\":\"PROFERTIL\"},\"image\":{\"@id\":\"https:\/\/profertil.eu\/#\/schema\/logo\/image\/\"}}]}<\/script>\n<!-- \/ Yoast SEO plugin. -->","yoast_head_json":{"title":"PROFERTIL\u00ae - le N\u00b0 1 pour augmenter la fertilit\u00e9 masculine","description":"Gr\u00e2ce \u00e0 l'effet synergique sp\u00e9cifique de sa formule, PROFERTIL\u00ae s'av\u00e8re sup\u00e9rieur \u00e0 la L-Carnitine pure \u00e0 haute dose pour la fertilit\u00e9 masculine.","robots":{"index":"index","follow":"follow","max-snippet":"max-snippet:-1","max-image-preview":"max-image-preview:large","max-video-preview":"max-video-preview:-1"},"canonical":"https:\/\/profertil.eu\/fr\/etudes\/l-carnitine-study-2016\/","og_locale":"fr_FR","og_type":"article","og_title":"PROFERTIL\u00ae - le N\u00b0 1 pour augmenter la fertilit\u00e9 masculine","og_description":"Gr\u00e2ce \u00e0 l'effet synergique sp\u00e9cifique de sa formule, PROFERTIL\u00ae s'av\u00e8re sup\u00e9rieur \u00e0 la L-Carnitine pure \u00e0 haute dose pour la fertilit\u00e9 masculine.","og_url":"https:\/\/profertil.eu\/fr\/etudes\/l-carnitine-study-2016\/","og_site_name":"PROFERTIL","article_modified_time":"2023-10-09T10:21:48+00:00","og_image":[{"width":608,"height":529,"url":"https:\/\/profertil.eu\/wp-content\/uploads\/2019\/07\/l-carnitin-studie-bubble.png","type":"image\/png"}],"twitter_card":"summary_large_image","twitter_misc":{"Dur\u00e9e de lecture estim\u00e9e":"1 minute"},"schema":{"@context":"https:\/\/schema.org","@graph":[{"@type":"WebPage","@id":"https:\/\/profertil.eu\/fr\/etudes\/l-carnitine-study-2016\/","url":"https:\/\/profertil.eu\/fr\/etudes\/l-carnitine-study-2016\/","name":"PROFERTIL\u00ae - le N\u00b0 1 pour augmenter la fertilit\u00e9 masculine","isPartOf":{"@id":"https:\/\/profertil.eu\/#website"},"primaryImageOfPage":{"@id":"https:\/\/profertil.eu\/fr\/etudes\/l-carnitine-study-2016\/#primaryimage"},"image":{"@id":"https:\/\/profertil.eu\/fr\/etudes\/l-carnitine-study-2016\/#primaryimage"},"thumbnailUrl":"https:\/\/i0.wp.com\/profertil.eu\/wp-content\/uploads\/2019\/07\/l-carnitin-studie-bubble.png?fit=608%2C529&ssl=1","datePublished":"2019-07-11T11:43:13+00:00","dateModified":"2023-10-09T10:21:48+00:00","description":"Gr\u00e2ce \u00e0 l'effet synergique sp\u00e9cifique de sa formule, PROFERTIL\u00ae s'av\u00e8re sup\u00e9rieur \u00e0 la L-Carnitine pure \u00e0 haute dose pour la fertilit\u00e9 masculine.","breadcrumb":{"@id":"https:\/\/profertil.eu\/fr\/etudes\/l-carnitine-study-2016\/#breadcrumb"},"inLanguage":"fr-FR","potentialAction":[{"@type":"ReadAction","target":["https:\/\/profertil.eu\/fr\/etudes\/l-carnitine-study-2016\/"]}]},{"@type":"ImageObject","inLanguage":"fr-FR","@id":"https:\/\/profertil.eu\/fr\/etudes\/l-carnitine-study-2016\/#primaryimage","url":"https:\/\/i0.wp.com\/profertil.eu\/wp-content\/uploads\/2019\/07\/l-carnitin-studie-bubble.png?fit=608%2C529&ssl=1","contentUrl":"https:\/\/i0.wp.com\/profertil.eu\/wp-content\/uploads\/2019\/07\/l-carnitin-studie-bubble.png?fit=608%2C529&ssl=1","width":608,"height":529,"caption":"h\u00f6here wirksamkeit als L-carnitin alleine"},{"@type":"BreadcrumbList","@id":"https:\/\/profertil.eu\/fr\/etudes\/l-carnitine-study-2016\/#breadcrumb","itemListElement":[{"@type":"ListItem","position":1,"name":"Home","item":"https:\/\/profertil.eu\/fr\/"},{"@type":"ListItem","position":2,"name":"\u00c9tudes","item":"https:\/\/profertil.eu\/fr\/etudes\/"},{"@type":"ListItem","position":3,"name":"\u00c9tude L-carnitine 2016"}]},{"@type":"WebSite","@id":"https:\/\/profertil.eu\/#website","url":"https:\/\/profertil.eu\/","name":"PROFERTIL","description":"No. 1 proven efficacy in male fertility","publisher":{"@id":"https:\/\/profertil.eu\/#organization"},"potentialAction":[{"@type":"SearchAction","target":{"@type":"EntryPoint","urlTemplate":"https:\/\/profertil.eu\/?s={search_term_string}"},"query-input":{"@type":"PropertyValueSpecification","valueRequired":true,"valueName":"search_term_string"}}],"inLanguage":"fr-FR"},{"@type":"Organization","@id":"https:\/\/profertil.eu\/#organization","name":"PROFERTIL","url":"https:\/\/profertil.eu\/","logo":{"@type":"ImageObject","inLanguage":"fr-FR","@id":"https:\/\/profertil.eu\/#\/schema\/logo\/image\/","url":"https:\/\/profertil.eu\/wp-content\/uploads\/2025\/10\/PROFERTIL-logo-2025.svg","contentUrl":"https:\/\/profertil.eu\/wp-content\/uploads\/2025\/10\/PROFERTIL-logo-2025.svg","caption":"PROFERTIL"},"image":{"@id":"https:\/\/profertil.eu\/#\/schema\/logo\/image\/"}}]}},"_links":{"self":[{"href":"https:\/\/profertil.eu\/fr\/wp-json\/wp\/v2\/pages\/6583","targetHints":{"allow":["GET"]}}],"collection":[{"href":"https:\/\/profertil.eu\/fr\/wp-json\/wp\/v2\/pages"}],"about":[{"href":"https:\/\/profertil.eu\/fr\/wp-json\/wp\/v2\/types\/page"}],"author":[{"embeddable":true,"href":"https:\/\/profertil.eu\/fr\/wp-json\/wp\/v2\/users\/1"}],"replies":[{"embeddable":true,"href":"https:\/\/profertil.eu\/fr\/wp-json\/wp\/v2\/comments?post=6583"}],"version-history":[{"count":5,"href":"https:\/\/profertil.eu\/fr\/wp-json\/wp\/v2\/pages\/6583\/revisions"}],"predecessor-version":[{"id":21915,"href":"https:\/\/profertil.eu\/fr\/wp-json\/wp\/v2\/pages\/6583\/revisions\/21915"}],"up":[{"embeddable":true,"href":"https:\/\/profertil.eu\/fr\/wp-json\/wp\/v2\/pages\/6388"}],"wp:featuredmedia":[{"embeddable":true,"href":"https:\/\/profertil.eu\/fr\/wp-json\/wp\/v2\/media\/2614"}],"wp:attachment":[{"href":"https:\/\/profertil.eu\/fr\/wp-json\/wp\/v2\/media?parent=6583"}],"wp:term":[{"taxonomy":"category","embeddable":true,"href":"https:\/\/profertil.eu\/fr\/wp-json\/wp\/v2\/categories?post=6583"},{"taxonomy":"post_tag","embeddable":true,"href":"https:\/\/profertil.eu\/fr\/wp-json\/wp\/v2\/tags?post=6583"}],"curies":[{"name":"wp","href":"https:\/\/api.w.org\/{rel}","templated":true}]}}