 {"id":6504,"date":"2019-07-11T13:20:31","date_gmt":"2019-07-11T11:20:31","guid":{"rendered":"https:\/\/profertil.eu\/etudes\/dna-study-2014\/"},"modified":"2023-10-09T12:21:08","modified_gmt":"2023-10-09T10:21:08","slug":"dna-study-2014","status":"publish","type":"page","link":"https:\/\/profertil.eu\/fr\/etudes\/dna-study-2014\/","title":{"rendered":"\u00c9tude ADN 2014"},"content":{"rendered":"\n<div class=\"wp-block-cover has-background-dim-10 has-background-dim alignfull\"><img data-recalc-dims=\"1\" loading=\"lazy\" decoding=\"async\" width=\"1024\" height=\"250\" class=\"wp-block-cover__image-background wp-image-1062\" alt=\"\" src=\"https:\/\/i0.wp.com\/staging.netzkundig.com\/profertil-fr\/wp-content\/uploads\/2019\/06\/spermiogramm.jpg?resize=1024%2C250&#038;ssl=1\" style=\"object-position:14% 44%\" data-object-fit=\"cover\" data-object-position=\"14% 44%\" srcset=\"https:\/\/i0.wp.com\/profertil.eu\/wp-content\/uploads\/2019\/06\/spermiogramm.jpg?w=2048&amp;ssl=1 2048w, https:\/\/i0.wp.com\/profertil.eu\/wp-content\/uploads\/2019\/06\/spermiogramm.jpg?resize=300%2C73&amp;ssl=1 300w, https:\/\/i0.wp.com\/profertil.eu\/wp-content\/uploads\/2019\/06\/spermiogramm.jpg?resize=768%2C188&amp;ssl=1 768w, https:\/\/i0.wp.com\/profertil.eu\/wp-content\/uploads\/2019\/06\/spermiogramm.jpg?resize=1024%2C250&amp;ssl=1 1024w\" sizes=\"auto, (max-width: 1024px) 100vw, 1024px\" \/><div class=\"wp-block-cover__inner-container is-layout-flow wp-block-cover-is-layout-flow\">\n<h1 class=\"has-text-align-right has-white-color has-text-color wp-block-heading\">AM\u00c9LIORATION DE<br><span class=\"has-red-color\">LA QUALIT\u00c9 DU SPERME<br><\/span><\/h1>\n<\/div><\/div>\n\n\n\n<div class=\"wp-block-group alignfull has-red-gradient-background-color has-background\"><div class=\"wp-block-group__inner-container is-layout-flow wp-block-group-is-layout-flow\">\n<div style=\"height:20px\" aria-hidden=\"true\" class=\"wp-block-spacer\"><\/div>\n\n\n\n<div class=\"wp-block-image\"><figure class=\"aligncenter size-large is-resized\"><img data-recalc-dims=\"1\" loading=\"lazy\" decoding=\"async\" src=\"https:\/\/i0.wp.com\/profertil.eu\/wp-content\/uploads\/2023\/10\/Capsule-spermium_static_Update-2023_1500px-6.png?resize=467%2C127&#038;ssl=1\" alt=\"\" class=\"wp-image-21889\" width=\"467\" height=\"127\" srcset=\"https:\/\/i0.wp.com\/profertil.eu\/wp-content\/uploads\/2023\/10\/Capsule-spermium_static_Update-2023_1500px-6.png?resize=1024%2C279&amp;ssl=1 1024w, https:\/\/i0.wp.com\/profertil.eu\/wp-content\/uploads\/2023\/10\/Capsule-spermium_static_Update-2023_1500px-6.png?resize=300%2C82&amp;ssl=1 300w, https:\/\/i0.wp.com\/profertil.eu\/wp-content\/uploads\/2023\/10\/Capsule-spermium_static_Update-2023_1500px-6.png?resize=768%2C209&amp;ssl=1 768w, https:\/\/i0.wp.com\/profertil.eu\/wp-content\/uploads\/2023\/10\/Capsule-spermium_static_Update-2023_1500px-6.png?w=1500&amp;ssl=1 1500w\" sizes=\"auto, (max-width: 467px) 100vw, 467px\" \/><\/figure><\/div>\n\n\n\n<p class=\"has-text-align-center medium-width\" style=\"font-size:30px\">\u00bbAm\u00e9lioration significative de la protection contre la fragmentation de l\u2019ADN des spermatozo\u00efdes\u00ab<\/p>\n\n\n\n<div style=\"height:30px\" aria-hidden=\"true\" class=\"wp-block-spacer\"><\/div>\n<\/div><\/div>\n\n\n\n<div class=\"wp-block-group alignfull\"><div class=\"wp-block-group__inner-container is-layout-flow wp-block-group-is-layout-flow\">\n<div class=\"wp-block-columns study-8-4 is-layout-flex wp-container-core-columns-is-layout-2 wp-block-columns-is-layout-flex\">\n<div class=\"wp-block-column is-layout-flow wp-block-column-is-layout-flow\">\n<div style=\"height:50px\" aria-hidden=\"true\" class=\"wp-block-spacer\"><\/div>\n\n\n\n<div class=\"wp-block-columns study-8-4 is-layout-flex wp-container-core-columns-is-layout-1 wp-block-columns-is-layout-flex\">\n<div class=\"wp-block-column is-layout-flow wp-block-column-is-layout-flow\">\n<p class=\"has-medium-font-size\">\u00c9TUDE ADN 2014<\/p>\n\n\n\n<h3 class=\"has-red-color has-text-color wp-block-heading\">Am\u00e9lioration de la qualit\u00e9 du sperme \u00e9valu\u00e9e par la capacit\u00e9 de liaison SHBA apr\u00e8s 3 mois de prise PROFERTIL<sup>\u00ae<\/sup><\/h3>\n<\/div>\n\n\n\n<div class=\"wp-block-column is-layout-flow wp-block-column-is-layout-flow\">\n<div class=\"wp-block-image\"><figure class=\"aligncenter size-large\"><img data-recalc-dims=\"1\" decoding=\"async\" src=\"https:\/\/i0.wp.com\/profertil.eu\/wp-content\/uploads\/2021\/02\/dna-study-2014-2-bubble-fr.png?w=1024&#038;ssl=1\" alt=\"\" class=\"wp-image-5867\"\/><\/figure><\/div>\n<\/div>\n<\/div>\n<\/div>\n\n\n\n<div class=\"wp-block-column is-layout-flow wp-block-column-is-layout-flow\">\n<div class=\"wp-block-image bubble\"><figure class=\"aligncenter size-large is-resized\"><img data-recalc-dims=\"1\" loading=\"lazy\" decoding=\"async\" src=\"https:\/\/i0.wp.com\/profertil.eu\/wp-content\/uploads\/2021\/02\/dna-study-2014-bubble-fr.png?resize=304%2C265&#038;ssl=1\" alt=\"\" class=\"wp-image-5868\" width=\"304\" height=\"265\"\/><\/figure><\/div>\n<\/div>\n<\/div>\n\n\n\n<div class=\"wp-block-columns study-8-4 is-layout-flex wp-container-core-columns-is-layout-3 wp-block-columns-is-layout-flex\">\n<div class=\"wp-block-column small-order-2 medium-order-1 is-layout-flow wp-block-column-is-layout-flow\">\n<figure class=\"wp-block-image size-large\"><img data-recalc-dims=\"1\" decoding=\"async\" src=\"https:\/\/i0.wp.com\/profertil.eu\/wp-content\/uploads\/2021\/02\/Chart_EMJ_INT-1024x928-1-fr.png?w=1024&#038;ssl=1\" alt=\"\" class=\"wp-image-5870\"\/><\/figure>\n<\/div>\n\n\n\n<div class=\"wp-block-column small-order-1 medium-order-2 is-layout-flow wp-block-column-is-layout-flow\">\n<figure class=\"wp-block-image size-large is-resized\"><img data-recalc-dims=\"1\" loading=\"lazy\" decoding=\"async\" src=\"https:\/\/i0.wp.com\/profertil.eu\/wp-content\/uploads\/2019\/07\/EMJ_Logo.png?resize=192%2C40&#038;ssl=1\" alt=\"\" class=\"wp-image-6921\" width=\"192\" height=\"40\" srcset=\"https:\/\/i0.wp.com\/profertil.eu\/wp-content\/uploads\/2019\/07\/EMJ_Logo.png?w=384&amp;ssl=1 384w, https:\/\/i0.wp.com\/profertil.eu\/wp-content\/uploads\/2019\/07\/EMJ_Logo.png?resize=300%2C63&amp;ssl=1 300w\" sizes=\"auto, (max-width: 192px) 100vw, 192px\" \/><\/figure>\n\n\n\n<div style=\"height:30px\" aria-hidden=\"true\" class=\"wp-block-spacer\"><\/div>\n\n\n\n<p class=\"has-small-font-size\"><strong><strong>Nombre de patients:&nbsp;<\/strong><br><\/strong>n = 107&nbsp;<br>(groupe PROFERTIL<sup>\u00ae<\/sup>: n = 67;&nbsp;<br>groupe de contr\u00f4le: n = 40)<br><br><strong>Publication<\/strong>:<br>EMJ Urol. May 2014;1:60-65.<\/p>\n\n\n\n<div style=\"height:30px\" aria-hidden=\"true\" class=\"wp-block-spacer\"><\/div>\n<\/div>\n<\/div>\n\n\n\n<div style=\"height:50px\" aria-hidden=\"true\" class=\"wp-block-spacer\"><\/div>\n\n\n\n<div class=\"wp-block-columns study-8-4 is-layout-flex wp-container-core-columns-is-layout-4 wp-block-columns-is-layout-flex\">\n<div class=\"wp-block-column is-layout-flow wp-block-column-is-layout-flow\">\n<h6 class=\"has-red-color has-text-color wp-block-heading\"><strong>Les r\u00e9sultats indiquent que PROFERTIL<\/strong><sup>\u00ae<\/sup><strong>&nbsp;peut:<\/strong><\/h6>\n\n\n\n<ul class=\"studylist wp-block-list\"><li>augmenter les chances de r\u00e9ussite de la conception et de la grossesse<\/li><li>aider \u00e0 pr\u00e9venir les fausses couches r\u00e9currentes 1)<\/li><li>avoir un effet positif sur le d\u00e9veloppement embryonnaire 2)<\/li><li>augmenter les chances de r\u00e9ussite de la conception en PMA 1) 2)<\/li><\/ul>\n\n\n\n<div style=\"height:30px\" aria-hidden=\"true\" class=\"wp-block-spacer\"><\/div>\n\n\n\n<p class=\"has-small-font-size\"><em><sup>1)<\/sup> Aitken RJ and Koppers AJ. Apoptosis and DNA damage in human spermatozoa. Asian J Andrology 2011; 13,36\u201342.&nbsp;<br><sup>2)<\/sup> Wong WY et al. Male factor subfertility: possible causes and the impact of nutritional factors. Fertil Steril 2000; 73:435-442.<\/em><\/p>\n\n\n\n<div style=\"height:30px\" aria-hidden=\"true\" class=\"wp-block-spacer\"><\/div>\n\n\n\n<p class=\"has-small-font-size\"><a href=\"https:\/\/www.emjreviews.com\/urology\/article\/increased-hyaluronan-acid-binding-ability-of-spermatozoa-indicating-a-better-maturity-morphology-and-higher-dna-integrity-after-micronutrient-supplementation\/\" target=\"_blank\" rel=\"noreferrer noopener\">\u00c9tude ADN 2014; Augmentation de la capacit\u00e9 de liaison \u00e0 l\u2019acide hyaluronane des spermatozo\u00efdes, indiquant une meilleure maturit\u00e9, une meilleure morphologie et une meilleure int\u00e9grit\u00e9 de l\u2019ADN apr\u00e8s une suppl\u00e9mentation en micronutriments; Lipovac M. et al .; crit\u00e8res d\u2019inclusion: \u2265 1 an de sous-fertilit\u00e9, \u2265 2 analyses de sperme pathologique; crit\u00e8res d\u2019exclusion: aspermie, varicoc\u00e8le, azoospermie, infections urog\u00e9nitales.<\/a><\/p>\n<\/div>\n\n\n\n<div class=\"wp-block-column is-layout-flow wp-block-column-is-layout-flow\"><\/div>\n<\/div>\n\n\n\n<div style=\"height:50px\" aria-hidden=\"true\" class=\"wp-block-spacer\"><\/div>\n\n\n\n\n\n<div id=\"anchorlink-block_5d029bb7eaea5\" class=\"anchorlink dark \">\n            <a href=\"#packshot\" data-smooth-scroll data-animation-duration=\"750\" data-animation-easing=\"swing\" data-offset=\"-23\"><i class=\"material-icons pro-pulse\">expand_more<\/i><\/a>\n    <\/div><\/div><\/div>\n\n\n\n<div class=\"wp-block-group alignfull has-red-gradient-background-color has-background\" id=\"packshot\"><div class=\"wp-block-group__inner-container is-layout-flow wp-block-group-is-layout-flow\">\n<div class=\"wp-block-columns has-2-columns is-layout-flex wp-container-core-columns-is-layout-5 wp-block-columns-is-layout-flex\">\n<div class=\"wp-block-column is-vertically-aligned-center is-layout-flow wp-block-column-is-layout-flow\">\n<div class=\"wp-block-image\"><figure class=\"aligncenter size-large is-resized\"><img data-recalc-dims=\"1\" loading=\"lazy\" decoding=\"async\" src=\"https:\/\/i0.wp.com\/profertil.eu\/wp-content\/uploads\/2021\/02\/nr1-proven-efficacy-fr-2.png?resize=473%2C176&#038;ssl=1\" alt=\"\" class=\"wp-image-6965\" width=\"473\" height=\"176\" srcset=\"https:\/\/i0.wp.com\/profertil.eu\/wp-content\/uploads\/2021\/02\/nr1-proven-efficacy-fr-2.png?w=946&amp;ssl=1 946w, https:\/\/i0.wp.com\/profertil.eu\/wp-content\/uploads\/2021\/02\/nr1-proven-efficacy-fr-2.png?resize=300%2C112&amp;ssl=1 300w, https:\/\/i0.wp.com\/profertil.eu\/wp-content\/uploads\/2021\/02\/nr1-proven-efficacy-fr-2.png?resize=768%2C286&amp;ssl=1 768w\" sizes=\"auto, (max-width: 473px) 100vw, 473px\" \/><\/figure><\/div>\n<\/div>\n\n\n\n<div class=\"wp-block-column is-vertically-aligned-center is-layout-flow wp-block-column-is-layout-flow\">\n<div style=\"height:50px\" aria-hidden=\"true\" class=\"wp-block-spacer\"><\/div>\n\n\n\n<div class=\"wp-block-image\"><figure class=\"aligncenter size-large\"><img data-recalc-dims=\"1\" loading=\"lazy\" decoding=\"async\" width=\"791\" height=\"390\" src=\"https:\/\/i0.wp.com\/profertil.eu\/wp-content\/uploads\/\/2019\/07\/PROfertil-male_60K_int_HG-drot.png?resize=791%2C390&#038;ssl=1\" alt=\"Packshot PROFERTIL\u00ae male\" class=\"wp-image-2728\" srcset=\"https:\/\/i0.wp.com\/profertil.eu\/wp-content\/uploads\/2019\/07\/PROfertil-male_60K_int_HG-drot.png?w=791&amp;ssl=1 791w, https:\/\/i0.wp.com\/profertil.eu\/wp-content\/uploads\/2019\/07\/PROfertil-male_60K_int_HG-drot.png?resize=300%2C148&amp;ssl=1 300w, https:\/\/i0.wp.com\/profertil.eu\/wp-content\/uploads\/2019\/07\/PROfertil-male_60K_int_HG-drot.png?resize=768%2C379&amp;ssl=1 768w\" sizes=\"auto, (max-width: 791px) 100vw, 791px\" \/><\/figure><\/div>\n\n\n\n<p class=\"has-text-align-center has-white-color has-text-color\"><strong><strong><strong>TAUX DE GROSSESSE MOY. 26-41%<\/strong><\/strong><\/strong><\/p>\n\n\n\n<div style=\"height:50px\" aria-hidden=\"true\" class=\"wp-block-spacer\"><\/div>\n<\/div>\n<\/div>\n\n\n\n\n\n<div id=\"anchorlink-block_5d02a16a1f77b\" class=\"anchorlink light \">\n            <a href=\"#buynow\" data-smooth-scroll data-animation-duration=\"750\" data-animation-easing=\"swing\" data-offset=\"-23\"><i class=\"material-icons pro-pulse\">expand_more<\/i><\/a>\n    <\/div>\n\n\n<p><\/p>\n<\/div><\/div>\n\n\n<div class=\"block-ip-location-container hide-for__DZ\">\n\n<div id=\"buynow\" class=\"wp-block-group window-height minus-footer center\"><div class=\"wp-block-group__inner-container is-layout-flow wp-block-group-is-layout-flow\">\n<div class=\"wp-block-image\"><figure class=\"aligncenter size-large is-resized\"><a href=\"https:\/\/shop.profertil.eu\/\" target=\"_blank\" rel=\"noreferrer noopener\"><img loading=\"lazy\" decoding=\"async\" src=\"https:\/\/profertil.eu\/wp-content\/uploads\/2021\/02\/BUY-NOW-Button-fr-2.svg\" alt=\"\" class=\"wp-image-6949\" width=\"450\" height=\"85\"\/><\/a><\/figure><\/div>\n<\/div><\/div>\n\n<\/div>\n\n","protected":false},"excerpt":{"rendered":"<p>\u00bbAm\u00e9lioration significative de la protection contre la fragmentation de l\u2019ADN des spermatozo\u00efdes\u00ab \u00c9TUDE ADN 2014 Am\u00e9lioration de la qualit\u00e9 du sperme \u00e9valu\u00e9e par la capacit\u00e9 de liaison SHBA apr\u00e8s 3 mois de prise PROFERTIL\u00ae Nombre de patients:&nbsp;n = 107&nbsp;(groupe PROFERTIL\u00ae: n = 67;&nbsp;groupe de contr\u00f4le: n = 40) Publication:EMJ Urol. May 2014;1:60-65. Les r\u00e9sultats indiquent<a class=\"excerpt-read-more\" href=\"https:\/\/profertil.eu\/fr\/etudes\/dna-study-2014\/\" title=\"Read\u00c9tude ADN 2014\">&#8230; Read more &raquo;<\/a><\/p>\n","protected":false},"author":1,"featured_media":2517,"parent":6388,"menu_order":5,"comment_status":"closed","ping_status":"closed","template":"template-study.php","meta":{"_acf_changed":false,"pgc_sgb_lightbox_settings":"","footnotes":""},"categories":[37],"tags":[],"class_list":["post-6504","page","type-page","status-publish","has-post-thumbnail","hentry","category-studien-fr"],"acf":[],"yoast_head":"<!-- This site is optimized with the Yoast SEO plugin v26.1 - https:\/\/yoast.com\/wordpress\/plugins\/seo\/ -->\n<title>PROFERTIL\u00ae - le N\u00b0 1 pour augmenter la fertilit\u00e9 masculine<\/title>\n<meta name=\"description\" content=\"L&#039;apport de PROFERTIL\u00ae r\u00e9duit les ruptures de structure de l&#039;ADN, ce qui conduit \u00e0 un ADN de sperme plus sain. Ainsi, PROFERTIL\u00ae am\u00e9liore la fertilit\u00e9 masculine.\" \/>\n<meta name=\"robots\" content=\"index, follow, max-snippet:-1, max-image-preview:large, max-video-preview:-1\" \/>\n<link rel=\"canonical\" href=\"https:\/\/profertil.eu\/fr\/etudes\/dna-study-2014\/\" \/>\n<meta property=\"og:locale\" content=\"fr_FR\" \/>\n<meta property=\"og:type\" content=\"article\" \/>\n<meta property=\"og:title\" content=\"PROFERTIL\u00ae - le N\u00b0 1 pour augmenter la fertilit\u00e9 masculine\" \/>\n<meta property=\"og:description\" content=\"L&#039;apport de PROFERTIL\u00ae r\u00e9duit les ruptures de structure de l&#039;ADN, ce qui conduit \u00e0 un ADN de sperme plus sain. Ainsi, PROFERTIL\u00ae am\u00e9liore la fertilit\u00e9 masculine.\" \/>\n<meta property=\"og:url\" content=\"https:\/\/profertil.eu\/fr\/etudes\/dna-study-2014\/\" \/>\n<meta property=\"og:site_name\" content=\"PROFERTIL\" \/>\n<meta property=\"article:modified_time\" content=\"2023-10-09T10:21:08+00:00\" \/>\n<meta property=\"og:image\" content=\"https:\/\/profertil.eu\/wp-content\/uploads\/2019\/07\/dna-studie-2014-bubble.png\" \/>\n\t<meta property=\"og:image:width\" content=\"608\" \/>\n\t<meta property=\"og:image:height\" content=\"529\" \/>\n\t<meta property=\"og:image:type\" content=\"image\/png\" \/>\n<meta name=\"twitter:card\" content=\"summary_large_image\" \/>\n<meta name=\"twitter:label1\" content=\"Dur\u00e9e de lecture estim\u00e9e\" \/>\n\t<meta name=\"twitter:data1\" content=\"1 minute\" \/>\n<script type=\"application\/ld+json\" class=\"yoast-schema-graph\">{\"@context\":\"https:\/\/schema.org\",\"@graph\":[{\"@type\":\"WebPage\",\"@id\":\"https:\/\/profertil.eu\/fr\/etudes\/dna-study-2014\/\",\"url\":\"https:\/\/profertil.eu\/fr\/etudes\/dna-study-2014\/\",\"name\":\"PROFERTIL\u00ae - le N\u00b0 1 pour augmenter la fertilit\u00e9 masculine\",\"isPartOf\":{\"@id\":\"https:\/\/profertil.eu\/#website\"},\"primaryImageOfPage\":{\"@id\":\"https:\/\/profertil.eu\/fr\/etudes\/dna-study-2014\/#primaryimage\"},\"image\":{\"@id\":\"https:\/\/profertil.eu\/fr\/etudes\/dna-study-2014\/#primaryimage\"},\"thumbnailUrl\":\"https:\/\/i0.wp.com\/profertil.eu\/wp-content\/uploads\/2019\/07\/dna-studie-2014-bubble.png?fit=608%2C529&ssl=1\",\"datePublished\":\"2019-07-11T11:20:31+00:00\",\"dateModified\":\"2023-10-09T10:21:08+00:00\",\"description\":\"L'apport de PROFERTIL\u00ae r\u00e9duit les ruptures de structure de l'ADN, ce qui conduit \u00e0 un ADN de sperme plus sain. Ainsi, PROFERTIL\u00ae am\u00e9liore la fertilit\u00e9 masculine.\",\"breadcrumb\":{\"@id\":\"https:\/\/profertil.eu\/fr\/etudes\/dna-study-2014\/#breadcrumb\"},\"inLanguage\":\"fr-FR\",\"potentialAction\":[{\"@type\":\"ReadAction\",\"target\":[\"https:\/\/profertil.eu\/fr\/etudes\/dna-study-2014\/\"]}]},{\"@type\":\"ImageObject\",\"inLanguage\":\"fr-FR\",\"@id\":\"https:\/\/profertil.eu\/fr\/etudes\/dna-study-2014\/#primaryimage\",\"url\":\"https:\/\/i0.wp.com\/profertil.eu\/wp-content\/uploads\/2019\/07\/dna-studie-2014-bubble.png?fit=608%2C529&ssl=1\",\"contentUrl\":\"https:\/\/i0.wp.com\/profertil.eu\/wp-content\/uploads\/2019\/07\/dna-studie-2014-bubble.png?fit=608%2C529&ssl=1\",\"width\":608,\"height\":529,\"caption\":\"74,6% der PROfertil\u00ae- Verwender zeigen deutlich ges\u00fcndere Spermien-DNA\"},{\"@type\":\"BreadcrumbList\",\"@id\":\"https:\/\/profertil.eu\/fr\/etudes\/dna-study-2014\/#breadcrumb\",\"itemListElement\":[{\"@type\":\"ListItem\",\"position\":1,\"name\":\"Home\",\"item\":\"https:\/\/profertil.eu\/fr\/\"},{\"@type\":\"ListItem\",\"position\":2,\"name\":\"\u00c9tudes\",\"item\":\"https:\/\/profertil.eu\/fr\/etudes\/\"},{\"@type\":\"ListItem\",\"position\":3,\"name\":\"\u00c9tude ADN 2014\"}]},{\"@type\":\"WebSite\",\"@id\":\"https:\/\/profertil.eu\/#website\",\"url\":\"https:\/\/profertil.eu\/\",\"name\":\"PROFERTIL\",\"description\":\"No. 1 proven efficacy in male fertility\",\"publisher\":{\"@id\":\"https:\/\/profertil.eu\/#organization\"},\"potentialAction\":[{\"@type\":\"SearchAction\",\"target\":{\"@type\":\"EntryPoint\",\"urlTemplate\":\"https:\/\/profertil.eu\/?s={search_term_string}\"},\"query-input\":{\"@type\":\"PropertyValueSpecification\",\"valueRequired\":true,\"valueName\":\"search_term_string\"}}],\"inLanguage\":\"fr-FR\"},{\"@type\":\"Organization\",\"@id\":\"https:\/\/profertil.eu\/#organization\",\"name\":\"PROFERTIL\",\"url\":\"https:\/\/profertil.eu\/\",\"logo\":{\"@type\":\"ImageObject\",\"inLanguage\":\"fr-FR\",\"@id\":\"https:\/\/profertil.eu\/#\/schema\/logo\/image\/\",\"url\":\"https:\/\/profertil.eu\/wp-content\/uploads\/2025\/10\/PROFERTIL-logo-2025.svg\",\"contentUrl\":\"https:\/\/profertil.eu\/wp-content\/uploads\/2025\/10\/PROFERTIL-logo-2025.svg\",\"caption\":\"PROFERTIL\"},\"image\":{\"@id\":\"https:\/\/profertil.eu\/#\/schema\/logo\/image\/\"}}]}<\/script>\n<!-- \/ Yoast SEO plugin. -->","yoast_head_json":{"title":"PROFERTIL\u00ae - le N\u00b0 1 pour augmenter la fertilit\u00e9 masculine","description":"L'apport de PROFERTIL\u00ae r\u00e9duit les ruptures de structure de l'ADN, ce qui conduit \u00e0 un ADN de sperme plus sain. Ainsi, PROFERTIL\u00ae am\u00e9liore la fertilit\u00e9 masculine.","robots":{"index":"index","follow":"follow","max-snippet":"max-snippet:-1","max-image-preview":"max-image-preview:large","max-video-preview":"max-video-preview:-1"},"canonical":"https:\/\/profertil.eu\/fr\/etudes\/dna-study-2014\/","og_locale":"fr_FR","og_type":"article","og_title":"PROFERTIL\u00ae - le N\u00b0 1 pour augmenter la fertilit\u00e9 masculine","og_description":"L'apport de PROFERTIL\u00ae r\u00e9duit les ruptures de structure de l'ADN, ce qui conduit \u00e0 un ADN de sperme plus sain. Ainsi, PROFERTIL\u00ae am\u00e9liore la fertilit\u00e9 masculine.","og_url":"https:\/\/profertil.eu\/fr\/etudes\/dna-study-2014\/","og_site_name":"PROFERTIL","article_modified_time":"2023-10-09T10:21:08+00:00","og_image":[{"width":608,"height":529,"url":"https:\/\/profertil.eu\/wp-content\/uploads\/2019\/07\/dna-studie-2014-bubble.png","type":"image\/png"}],"twitter_card":"summary_large_image","twitter_misc":{"Dur\u00e9e de lecture estim\u00e9e":"1 minute"},"schema":{"@context":"https:\/\/schema.org","@graph":[{"@type":"WebPage","@id":"https:\/\/profertil.eu\/fr\/etudes\/dna-study-2014\/","url":"https:\/\/profertil.eu\/fr\/etudes\/dna-study-2014\/","name":"PROFERTIL\u00ae - le N\u00b0 1 pour augmenter la fertilit\u00e9 masculine","isPartOf":{"@id":"https:\/\/profertil.eu\/#website"},"primaryImageOfPage":{"@id":"https:\/\/profertil.eu\/fr\/etudes\/dna-study-2014\/#primaryimage"},"image":{"@id":"https:\/\/profertil.eu\/fr\/etudes\/dna-study-2014\/#primaryimage"},"thumbnailUrl":"https:\/\/i0.wp.com\/profertil.eu\/wp-content\/uploads\/2019\/07\/dna-studie-2014-bubble.png?fit=608%2C529&ssl=1","datePublished":"2019-07-11T11:20:31+00:00","dateModified":"2023-10-09T10:21:08+00:00","description":"L'apport de PROFERTIL\u00ae r\u00e9duit les ruptures de structure de l'ADN, ce qui conduit \u00e0 un ADN de sperme plus sain. Ainsi, PROFERTIL\u00ae am\u00e9liore la fertilit\u00e9 masculine.","breadcrumb":{"@id":"https:\/\/profertil.eu\/fr\/etudes\/dna-study-2014\/#breadcrumb"},"inLanguage":"fr-FR","potentialAction":[{"@type":"ReadAction","target":["https:\/\/profertil.eu\/fr\/etudes\/dna-study-2014\/"]}]},{"@type":"ImageObject","inLanguage":"fr-FR","@id":"https:\/\/profertil.eu\/fr\/etudes\/dna-study-2014\/#primaryimage","url":"https:\/\/i0.wp.com\/profertil.eu\/wp-content\/uploads\/2019\/07\/dna-studie-2014-bubble.png?fit=608%2C529&ssl=1","contentUrl":"https:\/\/i0.wp.com\/profertil.eu\/wp-content\/uploads\/2019\/07\/dna-studie-2014-bubble.png?fit=608%2C529&ssl=1","width":608,"height":529,"caption":"74,6% der PROfertil\u00ae- Verwender zeigen deutlich ges\u00fcndere Spermien-DNA"},{"@type":"BreadcrumbList","@id":"https:\/\/profertil.eu\/fr\/etudes\/dna-study-2014\/#breadcrumb","itemListElement":[{"@type":"ListItem","position":1,"name":"Home","item":"https:\/\/profertil.eu\/fr\/"},{"@type":"ListItem","position":2,"name":"\u00c9tudes","item":"https:\/\/profertil.eu\/fr\/etudes\/"},{"@type":"ListItem","position":3,"name":"\u00c9tude ADN 2014"}]},{"@type":"WebSite","@id":"https:\/\/profertil.eu\/#website","url":"https:\/\/profertil.eu\/","name":"PROFERTIL","description":"No. 1 proven efficacy in male fertility","publisher":{"@id":"https:\/\/profertil.eu\/#organization"},"potentialAction":[{"@type":"SearchAction","target":{"@type":"EntryPoint","urlTemplate":"https:\/\/profertil.eu\/?s={search_term_string}"},"query-input":{"@type":"PropertyValueSpecification","valueRequired":true,"valueName":"search_term_string"}}],"inLanguage":"fr-FR"},{"@type":"Organization","@id":"https:\/\/profertil.eu\/#organization","name":"PROFERTIL","url":"https:\/\/profertil.eu\/","logo":{"@type":"ImageObject","inLanguage":"fr-FR","@id":"https:\/\/profertil.eu\/#\/schema\/logo\/image\/","url":"https:\/\/profertil.eu\/wp-content\/uploads\/2025\/10\/PROFERTIL-logo-2025.svg","contentUrl":"https:\/\/profertil.eu\/wp-content\/uploads\/2025\/10\/PROFERTIL-logo-2025.svg","caption":"PROFERTIL"},"image":{"@id":"https:\/\/profertil.eu\/#\/schema\/logo\/image\/"}}]}},"_links":{"self":[{"href":"https:\/\/profertil.eu\/fr\/wp-json\/wp\/v2\/pages\/6504","targetHints":{"allow":["GET"]}}],"collection":[{"href":"https:\/\/profertil.eu\/fr\/wp-json\/wp\/v2\/pages"}],"about":[{"href":"https:\/\/profertil.eu\/fr\/wp-json\/wp\/v2\/types\/page"}],"author":[{"embeddable":true,"href":"https:\/\/profertil.eu\/fr\/wp-json\/wp\/v2\/users\/1"}],"replies":[{"embeddable":true,"href":"https:\/\/profertil.eu\/fr\/wp-json\/wp\/v2\/comments?post=6504"}],"version-history":[{"count":4,"href":"https:\/\/profertil.eu\/fr\/wp-json\/wp\/v2\/pages\/6504\/revisions"}],"predecessor-version":[{"id":21897,"href":"https:\/\/profertil.eu\/fr\/wp-json\/wp\/v2\/pages\/6504\/revisions\/21897"}],"up":[{"embeddable":true,"href":"https:\/\/profertil.eu\/fr\/wp-json\/wp\/v2\/pages\/6388"}],"wp:featuredmedia":[{"embeddable":true,"href":"https:\/\/profertil.eu\/fr\/wp-json\/wp\/v2\/media\/2517"}],"wp:attachment":[{"href":"https:\/\/profertil.eu\/fr\/wp-json\/wp\/v2\/media?parent=6504"}],"wp:term":[{"taxonomy":"category","embeddable":true,"href":"https:\/\/profertil.eu\/fr\/wp-json\/wp\/v2\/categories?post=6504"},{"taxonomy":"post_tag","embeddable":true,"href":"https:\/\/profertil.eu\/fr\/wp-json\/wp\/v2\/tags?post=6504"}],"curies":[{"name":"wp","href":"https:\/\/api.w.org\/{rel}","templated":true}]}}