 {"id":6460,"date":"2019-07-11T12:48:20","date_gmt":"2019-07-11T10:48:20","guid":{"rendered":"https:\/\/profertil.eu\/etudes\/etude-adn-2019\/"},"modified":"2023-09-26T13:52:26","modified_gmt":"2023-09-26T11:52:26","slug":"etude-adn-2019","status":"publish","type":"page","link":"https:\/\/profertil.eu\/fr\/etudes\/etude-adn-2019\/","title":{"rendered":"\u00c9tude ADN 2019"},"content":{"rendered":"\n<div class=\"wp-block-cover has-background-dim-10 has-background-dim alignfull\"><img data-recalc-dims=\"1\" loading=\"lazy\" decoding=\"async\" width=\"1024\" height=\"250\" class=\"wp-block-cover__image-background wp-image-1062\" alt=\"\" src=\"https:\/\/i0.wp.com\/staging.netzkundig.com\/profertil-fr\/wp-content\/uploads\/2019\/06\/spermiogramm.jpg?resize=1024%2C250&#038;ssl=1\" style=\"object-position:14% 44%\" data-object-fit=\"cover\" data-object-position=\"14% 44%\" srcset=\"https:\/\/i0.wp.com\/profertil.eu\/wp-content\/uploads\/2019\/06\/spermiogramm.jpg?w=2048&amp;ssl=1 2048w, https:\/\/i0.wp.com\/profertil.eu\/wp-content\/uploads\/2019\/06\/spermiogramm.jpg?resize=300%2C73&amp;ssl=1 300w, https:\/\/i0.wp.com\/profertil.eu\/wp-content\/uploads\/2019\/06\/spermiogramm.jpg?resize=768%2C188&amp;ssl=1 768w, https:\/\/i0.wp.com\/profertil.eu\/wp-content\/uploads\/2019\/06\/spermiogramm.jpg?resize=1024%2C250&amp;ssl=1 1024w\" sizes=\"auto, (max-width: 1024px) 100vw, 1024px\" \/><div class=\"wp-block-cover__inner-container is-layout-flow wp-block-cover-is-layout-flow\">\n<h1 class=\"has-text-align-right has-white-color has-text-color wp-block-heading\">R\u00c9DUIT<br><span class=\"has-red-color\">LA FRAGMENTATION DE L\u2019ADN<\/span><\/h1>\n<\/div><\/div>\n\n\n\n<div class=\"wp-block-group alignfull has-red-gradient-background-color has-background\"><div class=\"wp-block-group__inner-container is-layout-flow wp-block-group-is-layout-flow\">\n<div style=\"height:20px\" aria-hidden=\"true\" class=\"wp-block-spacer\"><\/div>\n\n\n\n<div class=\"wp-block-image\"><figure class=\"aligncenter size-large is-resized\"><img data-recalc-dims=\"1\" loading=\"lazy\" decoding=\"async\" src=\"https:\/\/i0.wp.com\/profertil.eu\/wp-content\/uploads\/2019\/07\/PROfertil_Pillensperm-2.png?resize=467%2C50&#038;ssl=1\" alt=\"\" class=\"wp-image-6728\" width=\"467\" height=\"50\" srcset=\"https:\/\/i0.wp.com\/profertil.eu\/wp-content\/uploads\/2019\/07\/PROfertil_Pillensperm-2.png?w=933&amp;ssl=1 933w, https:\/\/i0.wp.com\/profertil.eu\/wp-content\/uploads\/2019\/07\/PROfertil_Pillensperm-2.png?resize=300%2C32&amp;ssl=1 300w, https:\/\/i0.wp.com\/profertil.eu\/wp-content\/uploads\/2019\/07\/PROfertil_Pillensperm-2.png?resize=768%2C82&amp;ssl=1 768w\" sizes=\"auto, (max-width: 467px) 100vw, 467px\" \/><\/figure><\/div>\n\n\n\n<p class=\"has-text-align-center medium-width\" style=\"font-size:30px\">\u00bbR\u00e9duction significative de la fragmentation de l\u2019ADN dans le sperme\u00ab<\/p>\n\n\n\n<div style=\"height:30px\" aria-hidden=\"true\" class=\"wp-block-spacer\"><\/div>\n<\/div><\/div>\n\n\n\n<div class=\"wp-block-group alignfull\"><div class=\"wp-block-group__inner-container is-layout-flow wp-block-group-is-layout-flow\">\n<div class=\"wp-block-columns study-8-4 is-layout-flex wp-container-core-columns-is-layout-1 wp-block-columns-is-layout-flex\">\n<div class=\"wp-block-column is-layout-flow wp-block-column-is-layout-flow\">\n<div style=\"height:50px\" aria-hidden=\"true\" class=\"wp-block-spacer\"><\/div>\n\n\n\n<p class=\"has-medium-font-size\">\u00c9TUDE ADN 2019<\/p>\n\n\n\n<h3 class=\"has-red-color has-text-color wp-block-heading\">R\u00e9duction de la fragmentation de l\u2019ADN des spermatozo\u00efdes (en%) apr\u00e8s 3 mois de prise de PROFERTIL<sup>\u00ae<\/sup><\/h3>\n<\/div>\n\n\n\n<div class=\"wp-block-column is-layout-flow wp-block-column-is-layout-flow\">\n<div class=\"wp-block-image bubble\"><figure class=\"aligncenter size-large is-resized\"><img data-recalc-dims=\"1\" loading=\"lazy\" decoding=\"async\" src=\"https:\/\/i0.wp.com\/profertil.eu\/wp-content\/uploads\/2021\/02\/dna-study-2019-bubble-fr.png?resize=304%2C265&#038;ssl=1\" alt=\"\" class=\"wp-image-5859\" width=\"304\" height=\"265\"\/><\/figure><\/div>\n<\/div>\n<\/div>\n\n\n\n<div class=\"wp-block-columns study-8-4 is-layout-flex wp-container-core-columns-is-layout-2 wp-block-columns-is-layout-flex\">\n<div class=\"wp-block-column small-order-2 medium-order-1 is-layout-flow wp-block-column-is-layout-flow\">\n<div class=\"wp-block-image\"><figure class=\"aligncenter size-full is-resized\"><img data-recalc-dims=\"1\" loading=\"lazy\" decoding=\"async\" src=\"https:\/\/i0.wp.com\/profertil.eu\/wp-content\/uploads\/2021\/02\/Chart_Aspire_INT-1024x799-1.png?resize=512%2C400&#038;ssl=1\" alt=\"\" class=\"wp-image-5857\" width=\"512\" height=\"400\"\/><\/figure><\/div>\n<\/div>\n\n\n\n<div class=\"wp-block-column small-order-1 medium-order-2 is-layout-flow wp-block-column-is-layout-flow\">\n<figure class=\"wp-block-image size-large is-resized\"><img data-recalc-dims=\"1\" loading=\"lazy\" decoding=\"async\" src=\"https:\/\/i0.wp.com\/profertil.eu\/wp-content\/uploads\/2019\/07\/aspire-logo.png?resize=212%2C100&#038;ssl=1\" alt=\"Aspire, Hong Kong 2019\" class=\"wp-image-6714\" width=\"212\" height=\"100\" srcset=\"https:\/\/i0.wp.com\/profertil.eu\/wp-content\/uploads\/2019\/07\/aspire-logo.png?w=424&amp;ssl=1 424w, https:\/\/i0.wp.com\/profertil.eu\/wp-content\/uploads\/2019\/07\/aspire-logo.png?resize=300%2C142&amp;ssl=1 300w\" sizes=\"auto, (max-width: 212px) 100vw, 212px\" \/><\/figure>\n\n\n\n<div style=\"height:30px\" aria-hidden=\"true\" class=\"wp-block-spacer\"><\/div>\n\n\n\n<p class=\"has-small-font-size\"><strong><strong>Nombre de patients:&nbsp;<\/strong><br><\/strong>n = 306<br>(groupe PROFERTIL<sup>\u00ae<\/sup>: n = 146;<br>groupe de contr\u00f4le: n = 160)<br><br><\/p>\n\n\n\n<p><strong>Presentation<\/strong>:<br>Aspire 2019, Hongkong;<br>publication en cours<\/p>\n\n\n\n<div style=\"height:30px\" aria-hidden=\"true\" class=\"wp-block-spacer\"><\/div>\n<\/div>\n<\/div>\n\n\n\n<div style=\"height:50px\" aria-hidden=\"true\" class=\"wp-block-spacer\"><\/div>\n\n\n\n<div class=\"wp-block-columns study-8-4 is-layout-flex wp-container-core-columns-is-layout-3 wp-block-columns-is-layout-flex\">\n<div class=\"wp-block-column is-layout-flow wp-block-column-is-layout-flow\">\n<h6 class=\"has-red-color has-text-color wp-block-heading\"><strong>La composition unique et brevet\u00e9e de PROFERTIL<sup>\u00ae<\/sup><\/strong><\/h6>\n\n\n\n<ul class=\"studylist wp-block-list\"><li>Diminue consid\u00e9rablement la fragmentation de l\u2019ADN des spermatozo\u00efdes par rapport au groupe t\u00e9moin (pas de traitement actif).<\/li><li>Taux de grossesse 28,06% dans le groupe PROFERTIL<sup>\u00ae<\/sup>&nbsp;vs 16,31% dans le groupe t\u00e9moin.<\/li><\/ul>\n\n\n\n<div style=\"height:30px\" aria-hidden=\"true\" class=\"wp-block-spacer\"><\/div>\n\n\n\n<p class=\"has-small-font-size\"><a href=\"https:\/\/www.worldscientific.com\/doi\/abs\/10.1142\/S2661318219500142\" target=\"_blank\" rel=\"noreferrer noopener\">\u00c9tude ADN 2019; Mesur\u00e9e avec la technique de dispersion de chromatine de sperme (SCD), l\u2019int\u00e9grit\u00e9 de l\u2019ADN dans les spermatozo\u00efdes augmentera-t-elle apr\u00e8s la suppl\u00e9mentation en micronutriments?<br>Une \u00e9tude r\u00e9trospective; Imhof M. et al .; premiers r\u00e9sultats pr\u00e9sent\u00e9s \u00e0 Aspire Hong Kong 2019.<\/a><\/p>\n\n\n\n<p><\/p>\n<\/div>\n\n\n\n<div class=\"wp-block-column is-layout-flow wp-block-column-is-layout-flow\"><\/div>\n<\/div>\n\n\n\n<div style=\"height:50px\" aria-hidden=\"true\" class=\"wp-block-spacer\"><\/div>\n\n\n\n\n\n<div id=\"anchorlink-block_5d029bb7eaea5\" class=\"anchorlink dark \">\n            <a href=\"#packshot\" data-smooth-scroll data-animation-duration=\"750\" data-animation-easing=\"swing\" data-offset=\"-23\"><i class=\"material-icons pro-pulse\">expand_more<\/i><\/a>\n    <\/div><\/div><\/div>\n\n\n\n<p><\/p>\n\n\n\n<div class=\"wp-block-group alignfull has-red-gradient-background-color has-background\" id=\"packshot\"><div class=\"wp-block-group__inner-container is-layout-flow wp-block-group-is-layout-flow\">\n<div class=\"wp-block-columns has-2-columns is-layout-flex wp-container-core-columns-is-layout-4 wp-block-columns-is-layout-flex\">\n<div class=\"wp-block-column is-vertically-aligned-center is-layout-flow wp-block-column-is-layout-flow\">\n<div class=\"wp-block-image\"><figure class=\"aligncenter size-large is-resized\"><img data-recalc-dims=\"1\" loading=\"lazy\" decoding=\"async\" src=\"https:\/\/i0.wp.com\/profertil.eu\/wp-content\/uploads\/2021\/02\/nr1-proven-efficacy-fr-2.png?resize=473%2C176&#038;ssl=1\" alt=\"\" class=\"wp-image-6965\" width=\"473\" height=\"176\" srcset=\"https:\/\/i0.wp.com\/profertil.eu\/wp-content\/uploads\/2021\/02\/nr1-proven-efficacy-fr-2.png?w=946&amp;ssl=1 946w, https:\/\/i0.wp.com\/profertil.eu\/wp-content\/uploads\/2021\/02\/nr1-proven-efficacy-fr-2.png?resize=300%2C112&amp;ssl=1 300w, https:\/\/i0.wp.com\/profertil.eu\/wp-content\/uploads\/2021\/02\/nr1-proven-efficacy-fr-2.png?resize=768%2C286&amp;ssl=1 768w\" sizes=\"auto, (max-width: 473px) 100vw, 473px\" \/><\/figure><\/div>\n<\/div>\n\n\n\n<div class=\"wp-block-column is-vertically-aligned-center is-layout-flow wp-block-column-is-layout-flow\">\n<div style=\"height:50px\" aria-hidden=\"true\" class=\"wp-block-spacer\"><\/div>\n\n\n\n<div class=\"wp-block-image\"><figure class=\"aligncenter size-large\"><img data-recalc-dims=\"1\" loading=\"lazy\" decoding=\"async\" width=\"791\" height=\"390\" src=\"https:\/\/i0.wp.com\/profertil.eu\/wp-content\/uploads\/\/2019\/07\/PROfertil-male_60K_int_HG-drot.png?resize=791%2C390&#038;ssl=1\" alt=\"Packshot PROFERTIL\u00ae male\" class=\"wp-image-2728\" srcset=\"https:\/\/i0.wp.com\/profertil.eu\/wp-content\/uploads\/2019\/07\/PROfertil-male_60K_int_HG-drot.png?w=791&amp;ssl=1 791w, https:\/\/i0.wp.com\/profertil.eu\/wp-content\/uploads\/2019\/07\/PROfertil-male_60K_int_HG-drot.png?resize=300%2C148&amp;ssl=1 300w, https:\/\/i0.wp.com\/profertil.eu\/wp-content\/uploads\/2019\/07\/PROfertil-male_60K_int_HG-drot.png?resize=768%2C379&amp;ssl=1 768w\" sizes=\"auto, (max-width: 791px) 100vw, 791px\" \/><\/figure><\/div>\n\n\n\n<p class=\"has-text-align-center has-white-color has-text-color\"><strong><strong><strong>TAUX DE GROSSESSE MOY. 26-41%<\/strong><\/strong><\/strong><\/p>\n\n\n\n<div style=\"height:50px\" aria-hidden=\"true\" class=\"wp-block-spacer\"><\/div>\n<\/div>\n<\/div>\n\n\n\n\n\n<div id=\"anchorlink-block_5d02a16a1f77b\" class=\"anchorlink light \">\n            <a href=\"#buynow\" data-smooth-scroll data-animation-duration=\"750\" data-animation-easing=\"swing\" data-offset=\"-23\"><i class=\"material-icons pro-pulse\">expand_more<\/i><\/a>\n    <\/div>\n\n\n<p><\/p>\n<\/div><\/div>\n\n\n<div class=\"block-ip-location-container hide-for__DZ\">\n\n<div id=\"buynow\" class=\"wp-block-group window-height minus-footer center\"><div class=\"wp-block-group__inner-container is-layout-flow wp-block-group-is-layout-flow\">\n<div class=\"wp-block-image\"><figure class=\"aligncenter size-large is-resized\"><a href=\"https:\/\/shop.profertil.eu\/\" target=\"_blank\" rel=\"noreferrer noopener\"><img loading=\"lazy\" decoding=\"async\" src=\"https:\/\/profertil.eu\/wp-content\/uploads\/2021\/02\/BUY-NOW-Button-fr-2.svg\" alt=\"\" class=\"wp-image-6949\" width=\"450\" height=\"85\"\/><\/a><\/figure><\/div>\n<\/div><\/div>\n\n<\/div>\n\n","protected":false},"excerpt":{"rendered":"<p>\u00bbR\u00e9duction significative de la fragmentation de l\u2019ADN dans le sperme\u00ab \u00c9TUDE ADN 2019 R\u00e9duction de la fragmentation de l\u2019ADN des spermatozo\u00efdes (en%) apr\u00e8s 3 mois de prise de PROFERTIL\u00ae Nombre de patients:&nbsp;n = 306(groupe PROFERTIL\u00ae: n = 146;groupe de contr\u00f4le: n = 160) Presentation:Aspire 2019, Hongkong;publication en cours La composition unique et brevet\u00e9e de PROFERTIL\u00ae<a class=\"excerpt-read-more\" href=\"https:\/\/profertil.eu\/fr\/etudes\/etude-adn-2019\/\" title=\"Read\u00c9tude ADN 2019\">&#8230; Read more &raquo;<\/a><\/p>\n","protected":false},"author":1,"featured_media":1465,"parent":6388,"menu_order":3,"comment_status":"closed","ping_status":"closed","template":"template-study.php","meta":{"_acf_changed":false,"pgc_sgb_lightbox_settings":"","footnotes":""},"categories":[37],"tags":[],"class_list":["post-6460","page","type-page","status-publish","has-post-thumbnail","hentry","category-studien-fr"],"acf":[],"yoast_head":"<!-- This site is optimized with the Yoast SEO plugin v26.1 - https:\/\/yoast.com\/wordpress\/plugins\/seo\/ -->\n<title>PROFERTIL\u00ae - le N\u00b0 1 pour augmenter la fertilit\u00e9 masculine<\/title>\n<meta name=\"description\" content=\"Les ruptures de structure de l&#039;ADN dans les spermatozo\u00efdes peuvent nuire \u00e0 la fertilit\u00e9 masculine. PROFERTIL\u00ae prot\u00e8ge de mani\u00e8re fiable les spermatozo\u00efdes des dommages caus\u00e9s \u00e0 l&#039;ADN.\" \/>\n<meta name=\"robots\" content=\"index, follow, max-snippet:-1, max-image-preview:large, max-video-preview:-1\" \/>\n<link rel=\"canonical\" href=\"https:\/\/profertil.eu\/at\/?page_id=1462\" \/>\n<meta property=\"og:locale\" content=\"fr_FR\" \/>\n<meta property=\"og:type\" content=\"article\" \/>\n<meta property=\"og:title\" content=\"PROFERTIL\u00ae - le N\u00b0 1 pour augmenter la fertilit\u00e9 masculine\" \/>\n<meta property=\"og:description\" content=\"Les ruptures de structure de l&#039;ADN dans les spermatozo\u00efdes peuvent nuire \u00e0 la fertilit\u00e9 masculine. PROFERTIL\u00ae prot\u00e8ge de mani\u00e8re fiable les spermatozo\u00efdes des dommages caus\u00e9s \u00e0 l&#039;ADN.\" \/>\n<meta property=\"og:url\" content=\"https:\/\/profertil.eu\/at\/?page_id=1462\" \/>\n<meta property=\"og:site_name\" content=\"PROFERTIL\" \/>\n<meta property=\"article:modified_time\" content=\"2023-09-26T11:52:26+00:00\" \/>\n<meta property=\"og:image\" content=\"https:\/\/profertil.eu\/wp-content\/uploads\/2019\/06\/e-SPEN.png\" \/>\n\t<meta property=\"og:image:width\" content=\"315\" \/>\n\t<meta property=\"og:image:height\" content=\"120\" \/>\n\t<meta property=\"og:image:type\" content=\"image\/png\" \/>\n<meta name=\"twitter:card\" content=\"summary_large_image\" \/>\n<meta name=\"twitter:label1\" content=\"Dur\u00e9e de lecture estim\u00e9e\" \/>\n\t<meta name=\"twitter:data1\" content=\"1 minute\" \/>\n<script type=\"application\/ld+json\" class=\"yoast-schema-graph\">{\"@context\":\"https:\/\/schema.org\",\"@graph\":[{\"@type\":\"WebPage\",\"@id\":\"https:\/\/profertil.eu\/at\/?page_id=1462\",\"url\":\"https:\/\/profertil.eu\/at\/?page_id=1462\",\"name\":\"PROFERTIL\u00ae - le N\u00b0 1 pour augmenter la fertilit\u00e9 masculine\",\"isPartOf\":{\"@id\":\"https:\/\/profertil.eu\/#website\"},\"primaryImageOfPage\":{\"@id\":\"https:\/\/profertil.eu\/at\/?page_id=1462#primaryimage\"},\"image\":{\"@id\":\"https:\/\/profertil.eu\/at\/?page_id=1462#primaryimage\"},\"thumbnailUrl\":\"https:\/\/i0.wp.com\/profertil.eu\/wp-content\/uploads\/2019\/06\/e-SPEN.png?fit=315%2C120&ssl=1\",\"datePublished\":\"2019-07-11T10:48:20+00:00\",\"dateModified\":\"2023-09-26T11:52:26+00:00\",\"description\":\"Les ruptures de structure de l'ADN dans les spermatozo\u00efdes peuvent nuire \u00e0 la fertilit\u00e9 masculine. PROFERTIL\u00ae prot\u00e8ge de mani\u00e8re fiable les spermatozo\u00efdes des dommages caus\u00e9s \u00e0 l'ADN.\",\"breadcrumb\":{\"@id\":\"https:\/\/profertil.eu\/at\/?page_id=1462#breadcrumb\"},\"inLanguage\":\"fr-FR\",\"potentialAction\":[{\"@type\":\"ReadAction\",\"target\":[\"https:\/\/profertil.eu\/at\/?page_id=1462\"]}]},{\"@type\":\"ImageObject\",\"inLanguage\":\"fr-FR\",\"@id\":\"https:\/\/profertil.eu\/at\/?page_id=1462#primaryimage\",\"url\":\"https:\/\/i0.wp.com\/profertil.eu\/wp-content\/uploads\/2019\/06\/e-SPEN.png?fit=315%2C120&ssl=1\",\"contentUrl\":\"https:\/\/i0.wp.com\/profertil.eu\/wp-content\/uploads\/2019\/06\/e-SPEN.png?fit=315%2C120&ssl=1\",\"width\":315,\"height\":120},{\"@type\":\"BreadcrumbList\",\"@id\":\"https:\/\/profertil.eu\/at\/?page_id=1462#breadcrumb\",\"itemListElement\":[{\"@type\":\"ListItem\",\"position\":1,\"name\":\"Home\",\"item\":\"https:\/\/profertil.eu\/fr\/\"},{\"@type\":\"ListItem\",\"position\":2,\"name\":\"\u00c9tudes\",\"item\":\"https:\/\/profertil.eu\/fr\/etudes\/\"},{\"@type\":\"ListItem\",\"position\":3,\"name\":\"\u00c9tude ADN 2019\"}]},{\"@type\":\"WebSite\",\"@id\":\"https:\/\/profertil.eu\/#website\",\"url\":\"https:\/\/profertil.eu\/\",\"name\":\"PROFERTIL\",\"description\":\"No. 1 proven efficacy in male fertility\",\"publisher\":{\"@id\":\"https:\/\/profertil.eu\/#organization\"},\"potentialAction\":[{\"@type\":\"SearchAction\",\"target\":{\"@type\":\"EntryPoint\",\"urlTemplate\":\"https:\/\/profertil.eu\/?s={search_term_string}\"},\"query-input\":{\"@type\":\"PropertyValueSpecification\",\"valueRequired\":true,\"valueName\":\"search_term_string\"}}],\"inLanguage\":\"fr-FR\"},{\"@type\":\"Organization\",\"@id\":\"https:\/\/profertil.eu\/#organization\",\"name\":\"PROFERTIL\",\"url\":\"https:\/\/profertil.eu\/\",\"logo\":{\"@type\":\"ImageObject\",\"inLanguage\":\"fr-FR\",\"@id\":\"https:\/\/profertil.eu\/#\/schema\/logo\/image\/\",\"url\":\"https:\/\/profertil.eu\/wp-content\/uploads\/2025\/10\/PROFERTIL-logo-2025.svg\",\"contentUrl\":\"https:\/\/profertil.eu\/wp-content\/uploads\/2025\/10\/PROFERTIL-logo-2025.svg\",\"caption\":\"PROFERTIL\"},\"image\":{\"@id\":\"https:\/\/profertil.eu\/#\/schema\/logo\/image\/\"}}]}<\/script>\n<!-- \/ Yoast SEO plugin. -->","yoast_head_json":{"title":"PROFERTIL\u00ae - le N\u00b0 1 pour augmenter la fertilit\u00e9 masculine","description":"Les ruptures de structure de l'ADN dans les spermatozo\u00efdes peuvent nuire \u00e0 la fertilit\u00e9 masculine. PROFERTIL\u00ae prot\u00e8ge de mani\u00e8re fiable les spermatozo\u00efdes des dommages caus\u00e9s \u00e0 l'ADN.","robots":{"index":"index","follow":"follow","max-snippet":"max-snippet:-1","max-image-preview":"max-image-preview:large","max-video-preview":"max-video-preview:-1"},"canonical":"https:\/\/profertil.eu\/at\/?page_id=1462","og_locale":"fr_FR","og_type":"article","og_title":"PROFERTIL\u00ae - le N\u00b0 1 pour augmenter la fertilit\u00e9 masculine","og_description":"Les ruptures de structure de l'ADN dans les spermatozo\u00efdes peuvent nuire \u00e0 la fertilit\u00e9 masculine. PROFERTIL\u00ae prot\u00e8ge de mani\u00e8re fiable les spermatozo\u00efdes des dommages caus\u00e9s \u00e0 l'ADN.","og_url":"https:\/\/profertil.eu\/at\/?page_id=1462","og_site_name":"PROFERTIL","article_modified_time":"2023-09-26T11:52:26+00:00","og_image":[{"width":315,"height":120,"url":"https:\/\/profertil.eu\/wp-content\/uploads\/2019\/06\/e-SPEN.png","type":"image\/png"}],"twitter_card":"summary_large_image","twitter_misc":{"Dur\u00e9e de lecture estim\u00e9e":"1 minute"},"schema":{"@context":"https:\/\/schema.org","@graph":[{"@type":"WebPage","@id":"https:\/\/profertil.eu\/at\/?page_id=1462","url":"https:\/\/profertil.eu\/at\/?page_id=1462","name":"PROFERTIL\u00ae - le N\u00b0 1 pour augmenter la fertilit\u00e9 masculine","isPartOf":{"@id":"https:\/\/profertil.eu\/#website"},"primaryImageOfPage":{"@id":"https:\/\/profertil.eu\/at\/?page_id=1462#primaryimage"},"image":{"@id":"https:\/\/profertil.eu\/at\/?page_id=1462#primaryimage"},"thumbnailUrl":"https:\/\/i0.wp.com\/profertil.eu\/wp-content\/uploads\/2019\/06\/e-SPEN.png?fit=315%2C120&ssl=1","datePublished":"2019-07-11T10:48:20+00:00","dateModified":"2023-09-26T11:52:26+00:00","description":"Les ruptures de structure de l'ADN dans les spermatozo\u00efdes peuvent nuire \u00e0 la fertilit\u00e9 masculine. PROFERTIL\u00ae prot\u00e8ge de mani\u00e8re fiable les spermatozo\u00efdes des dommages caus\u00e9s \u00e0 l'ADN.","breadcrumb":{"@id":"https:\/\/profertil.eu\/at\/?page_id=1462#breadcrumb"},"inLanguage":"fr-FR","potentialAction":[{"@type":"ReadAction","target":["https:\/\/profertil.eu\/at\/?page_id=1462"]}]},{"@type":"ImageObject","inLanguage":"fr-FR","@id":"https:\/\/profertil.eu\/at\/?page_id=1462#primaryimage","url":"https:\/\/i0.wp.com\/profertil.eu\/wp-content\/uploads\/2019\/06\/e-SPEN.png?fit=315%2C120&ssl=1","contentUrl":"https:\/\/i0.wp.com\/profertil.eu\/wp-content\/uploads\/2019\/06\/e-SPEN.png?fit=315%2C120&ssl=1","width":315,"height":120},{"@type":"BreadcrumbList","@id":"https:\/\/profertil.eu\/at\/?page_id=1462#breadcrumb","itemListElement":[{"@type":"ListItem","position":1,"name":"Home","item":"https:\/\/profertil.eu\/fr\/"},{"@type":"ListItem","position":2,"name":"\u00c9tudes","item":"https:\/\/profertil.eu\/fr\/etudes\/"},{"@type":"ListItem","position":3,"name":"\u00c9tude ADN 2019"}]},{"@type":"WebSite","@id":"https:\/\/profertil.eu\/#website","url":"https:\/\/profertil.eu\/","name":"PROFERTIL","description":"No. 1 proven efficacy in male fertility","publisher":{"@id":"https:\/\/profertil.eu\/#organization"},"potentialAction":[{"@type":"SearchAction","target":{"@type":"EntryPoint","urlTemplate":"https:\/\/profertil.eu\/?s={search_term_string}"},"query-input":{"@type":"PropertyValueSpecification","valueRequired":true,"valueName":"search_term_string"}}],"inLanguage":"fr-FR"},{"@type":"Organization","@id":"https:\/\/profertil.eu\/#organization","name":"PROFERTIL","url":"https:\/\/profertil.eu\/","logo":{"@type":"ImageObject","inLanguage":"fr-FR","@id":"https:\/\/profertil.eu\/#\/schema\/logo\/image\/","url":"https:\/\/profertil.eu\/wp-content\/uploads\/2025\/10\/PROFERTIL-logo-2025.svg","contentUrl":"https:\/\/profertil.eu\/wp-content\/uploads\/2025\/10\/PROFERTIL-logo-2025.svg","caption":"PROFERTIL"},"image":{"@id":"https:\/\/profertil.eu\/#\/schema\/logo\/image\/"}}]}},"_links":{"self":[{"href":"https:\/\/profertil.eu\/fr\/wp-json\/wp\/v2\/pages\/6460","targetHints":{"allow":["GET"]}}],"collection":[{"href":"https:\/\/profertil.eu\/fr\/wp-json\/wp\/v2\/pages"}],"about":[{"href":"https:\/\/profertil.eu\/fr\/wp-json\/wp\/v2\/types\/page"}],"author":[{"embeddable":true,"href":"https:\/\/profertil.eu\/fr\/wp-json\/wp\/v2\/users\/1"}],"replies":[{"embeddable":true,"href":"https:\/\/profertil.eu\/fr\/wp-json\/wp\/v2\/comments?post=6460"}],"version-history":[{"count":4,"href":"https:\/\/profertil.eu\/fr\/wp-json\/wp\/v2\/pages\/6460\/revisions"}],"predecessor-version":[{"id":13177,"href":"https:\/\/profertil.eu\/fr\/wp-json\/wp\/v2\/pages\/6460\/revisions\/13177"}],"up":[{"embeddable":true,"href":"https:\/\/profertil.eu\/fr\/wp-json\/wp\/v2\/pages\/6388"}],"wp:featuredmedia":[{"embeddable":true,"href":"https:\/\/profertil.eu\/fr\/wp-json\/wp\/v2\/media\/1465"}],"wp:attachment":[{"href":"https:\/\/profertil.eu\/fr\/wp-json\/wp\/v2\/media?parent=6460"}],"wp:term":[{"taxonomy":"category","embeddable":true,"href":"https:\/\/profertil.eu\/fr\/wp-json\/wp\/v2\/categories?post=6460"},{"taxonomy":"post_tag","embeddable":true,"href":"https:\/\/profertil.eu\/fr\/wp-json\/wp\/v2\/tags?post=6460"}],"curies":[{"name":"wp","href":"https:\/\/api.w.org\/{rel}","templated":true}]}}