 {"id":6395,"date":"2019-06-12T10:03:39","date_gmt":"2019-06-12T08:03:39","guid":{"rendered":"https:\/\/profertil.eu\/sante-du-sperme\/spermiogramme\/"},"modified":"2021-02-24T23:25:58","modified_gmt":"2021-02-24T22:25:58","slug":"spermiogramme","status":"publish","type":"page","link":"https:\/\/profertil.eu\/fr\/sante-du-sperme\/spermiogramme\/","title":{"rendered":"Spermiogramme"},"content":{"rendered":"\n<div class=\"wp-block-cover has-background-dim-20 has-black-background-color has-background-dim alignfull\" style=\"background-image:url(https:\/\/staging.netzkundig.com\/profertil-fr\/wp-content\/uploads\/2019\/06\/spermiogramm.jpg);background-position:14% 42%\"><div class=\"wp-block-cover__inner-container is-layout-flow wp-block-cover-is-layout-flow\">\n<h1 class=\"has-text-align-right wp-block-heading\"><span class=\"has-red-color\"> JE VOIS<\/span> <br>CLAIREMENT MAINTENANT<\/h1>\n<\/div><\/div>\n\n\n\n<div class=\"wp-block-group alignfull window-height minus-header center has-red-gradient-background-color has-background\"><div class=\"wp-block-group__inner-container is-layout-flow wp-block-group-is-layout-flow\">\n<div style=\"height:50px\" aria-hidden=\"true\" class=\"wp-block-spacer\"><\/div>\n\n\n\n<h2 class=\"has-text-align-center has-text-color wp-block-heading\" style=\"color:#c8aab5\">LE SPERMOGRAMME<\/h2>\n\n\n\n<div style=\"height:50px\" aria-hidden=\"true\" class=\"wp-block-spacer\"><\/div>\n\n\n\n<div class=\"wp-block-columns has-2-columns is-layout-flex wp-container-core-columns-is-layout-1 wp-block-columns-is-layout-flex\">\n<div class=\"wp-block-column is-layout-flow wp-block-column-is-layout-flow\">\n<div class=\"wp-block-image spermiogramm\"><figure class=\"aligncenter size-large is-resized\"><img data-recalc-dims=\"1\" loading=\"lazy\" decoding=\"async\" src=\"https:\/\/i0.wp.com\/profertil.eu\/wp-content\/uploads\/2019\/06\/spemiogramm-before-vorher-neu.gif?resize=306%2C231&#038;ssl=1\" alt=\"\" class=\"wp-image-6889\" width=\"306\" height=\"231\"\/><figcaption>AVANT<\/figcaption><\/figure><\/div>\n<\/div>\n\n\n\n<div class=\"wp-block-column is-layout-flow wp-block-column-is-layout-flow\">\n<div class=\"wp-block-image spermiogramm\"><figure class=\"aligncenter size-large is-resized\"><img data-recalc-dims=\"1\" loading=\"lazy\" decoding=\"async\" src=\"https:\/\/i0.wp.com\/profertil.eu\/wp-content\/uploads\/2019\/06\/spermiogramm-nachher-after.gif?resize=306%2C231&#038;ssl=1\" alt=\"\" class=\"wp-image-6881\" width=\"306\" height=\"231\"\/><figcaption>APR\u00c9S<\/figcaption><\/figure><\/div>\n<\/div>\n<\/div>\n\n\n\n<div class=\"wp-block-columns has-2-columns is-layout-flex wp-container-core-columns-is-layout-2 wp-block-columns-is-layout-flex\">\n<div class=\"wp-block-column is-layout-flow wp-block-column-is-layout-flow\">\n<p>Le spermogramme est un examen important pour \u00e9valuer la fertilit\u00e9 masculine. L\u2019\u00e9valuation est effectu\u00e9e conform\u00e9ment aux directives de l\u2019OMS. L\u2019objectif de l\u2019examen est d\u2019\u00e9valuer les spermatozo\u00efdes en ce qui concerne leur concentration, leur mobilit\u00e9 et leur forme.<\/p>\n<\/div>\n\n\n\n<div class=\"wp-block-column is-layout-flow wp-block-column-is-layout-flow\">\n<p>Un spermogramme utilise l\u2019analyse microscopique de l\u2019\u00e9jaculat pour permettre une \u00e9valuation de la fertilit\u00e9 de l\u2019homme. Plus pr\u00e9cis\u00e9ment, il fait r\u00e9f\u00e9rence \u00e0 une liste de toutes les constatations recueillies lors de l\u2019examen des spermatozo\u00efdes.<\/p>\n<\/div>\n<\/div>\n\n\n\n<div style=\"height:50px\" aria-hidden=\"true\" class=\"wp-block-spacer\"><\/div>\n\n\n\n\n\n<div id=\"anchorlink-block_5cf5437598375\" class=\"anchorlink light \">\n            <a href=\"#section2\" data-smooth-scroll data-animation-duration=\"750\" data-animation-easing=\"swing\" data-offset=\"-23\"><i class=\"material-icons pro-pulse\">expand_more<\/i><\/a>\n    <\/div><\/div><\/div>\n\n\n\n<div class=\"wp-block-group alignfull window-height center has-blue-gradient-background-color has-background\" id=\"section2\"><div class=\"wp-block-group__inner-container is-layout-flow wp-block-group-is-layout-flow\">\n<div style=\"height:50px\" aria-hidden=\"true\" class=\"wp-block-spacer\"><\/div>\n\n\n\n<h2 class=\"has-text-align-center has-white-color has-text-color wp-block-heading\">LE CHEMIN VERS LA CERTITUDE<\/h2>\n\n\n\n<div style=\"height:50px\" aria-hidden=\"true\" class=\"wp-block-spacer\"><\/div>\n\n\n\n<div class=\"wp-block-columns has-2-columns is-layout-flex wp-container-core-columns-is-layout-3 wp-block-columns-is-layout-flex\">\n<div class=\"wp-block-column is-layout-flow wp-block-column-is-layout-flow\">\n<p>Le spermogramme est l\u2019examen le plus important pour \u00e9valuer la fertilit\u00e9 d\u2019un homme. L\u2019\u00e9chantillon de sperme est pr\u00e9lev\u00e9 par masturbation dans des conditions st\u00e9riles, de pr\u00e9f\u00e9rence directement sur le site d\u2019examen, afin de permettre un traitement et une analyse rapides de l\u2019\u00e9chantillon. Au laboratoire, l\u2019\u00e9jaculat est examin\u00e9 au microscope. Une \u00e9valuation d\u00e9cisive de la question de savoir si les faibles spermatozo\u00efdes&nbsp; sont la cause de l\u2019infertilit\u00e9 ne peut \u00eatre obtenue que par la somme de plusieurs facteurs, y compris la quantit\u00e9, la mobilit\u00e9 et la qualit\u00e9 du sperme. Un faible nombre de spermatozo\u00efdes dans l\u2019\u00e9jaculat n\u2019est pas \u00e9quivalent \u00e0 la st\u00e9rilit\u00e9, mais cela peut signifier qu\u2019il faudra plus de temps pour qu\u2019un ovule soit f\u00e9cond\u00e9 avec succ\u00e8s. Le spermatozo\u00efde avec une mobilit\u00e9 limit\u00e9e ou une forme anormale peut \u00e9galement avoir un impact n\u00e9gatif sur la procr\u00e9ation naturelle.<\/p>\n<\/div>\n\n\n\n<div class=\"wp-block-column is-layout-flow wp-block-column-is-layout-flow\">\n<p><strong><strong>\u00c0 quoi faut-il penser lors d\u2019un spermogramme?&nbsp;<\/strong><\/strong><\/p>\n\n\n\n<p class=\"horizontal-white-gradient-bg reduce-padding\">Un spermogramme est effectu\u00e9 apr\u00e8s au moins 2 jours d\u2019abstinence sexuelle.<\/p>\n\n\n\n<p class=\"horizontal-white-gradient-bg reduce-padding\">Un spermogramme de suivi doit \u00eatre r\u00e9p\u00e9t\u00e9 apr\u00e8s environ 4 semaines.<\/p>\n\n\n\n<p class=\"horizontal-white-gradient-bg reduce-padding\">L\u2019extraction par masturbation est n\u00e9cessaire pour l\u2019analyse des spermatozo\u00efdes.<\/p>\n\n\n\n<p class=\"horizontal-white-gradient-bg reduce-padding\">Un examen par un urologue est n\u00e9cessaire pour exclure des causes tels que les varicoc\u00e8les (varices).<\/p>\n<\/div>\n<\/div>\n\n\n\n<div style=\"height:50px\" aria-hidden=\"true\" class=\"wp-block-spacer\"><\/div>\n\n\n\n\n\n<div id=\"anchorlink-block_5cf543a498376\" class=\"anchorlink light \">\n            <a href=\"#section3\" data-smooth-scroll data-animation-duration=\"750\" data-animation-easing=\"swing\" data-offset=\"-23\"><i class=\"material-icons pro-pulse\">expand_more<\/i><\/a>\n    <\/div><\/div><\/div>\n\n\n\n<div class=\"wp-block-group alignfull window-height center has-white-background-color has-background\" id=\"section3\"><div class=\"wp-block-group__inner-container is-layout-flow wp-block-group-is-layout-flow\">\n<div style=\"height:50px\" aria-hidden=\"true\" class=\"wp-block-spacer\"><\/div>\n\n\n\n<h2 class=\"has-text-align-center has-red-color has-text-color wp-block-heading\">CRIT\u00c8RES DE L\u2019OMS POUR UN<\/h2>\n\n\n\n<h2 class=\"has-text-align-center has-light-grey-color has-text-color wp-block-heading\">\u00abSPERMOGRAMME NORMAL\u00bb<\/h2>\n\n\n\n<div style=\"height:50px\" aria-hidden=\"true\" class=\"wp-block-spacer\"><\/div>\n\n\n\n<div class=\"wp-block-columns has-2-columns is-layout-flex wp-container-core-columns-is-layout-4 wp-block-columns-is-layout-flex\">\n<div class=\"wp-block-column is-layout-flow wp-block-column-is-layout-flow\">\n<p>Plus de 15 millions de spermatozo\u00efdes par millilitre de liquide s\u00e9minal sont attendus dans un volume d\u2019\u00e9jaculat d\u2019au moins 1,5 ml. De plus, plus de 32% des spermatozo\u00efdes devraient<br>avoir un mouvement vers l\u2019avant rapide, et au moins 4% devraient \u00eatre des spermatozo\u00efdes normalement form\u00e9s.<br>Si ces crit\u00e8res sont remplis, l\u2019homme est consid\u00e9r\u00e9 comme capable de procr\u00e9er.<br>Outre les d\u00e9couvertes de spermatozo\u00efdes, l\u2019\u00e9jaculat ne doit pas contenir plus d\u2019un million par millilitre de leucocytes. Pour \u00eatre certain, l\u2019\u00e9jaculat doit toujours \u00eatre analys\u00e9 deux fois.<\/p>\n\n\n\n<p>Si le spermogramme est pathologique (anormal), c\u2019est-\u00e0-dire qu\u2019un ou plusieurs param\u00e8tres s\u2019\u00e9cartent de la norme OMS, un traitement est n\u00e9cessaire.<\/p>\n\n\n\n<p>La norme actuelle de l\u2019OMS stipule que plus de 15 millions de spermatozo\u00efdes devraient \u00eatre pr\u00e9sents dans un millilitre d\u2019\u00e9jaculat. Le volume d\u2019\u00e9jaculat ne doit pas \u00eatre inf\u00e9rieur \u00e0 1,4 millilitres.<\/p>\n<\/div>\n\n\n\n<div class=\"wp-block-column is-layout-flow wp-block-column-is-layout-flow\">\n<div style=\"height:50px\" aria-hidden=\"true\" class=\"wp-block-spacer hide-for-large\"><\/div>\n\n\n\n<figure class=\"wp-block-table is-style-regular center-after-first-col who\"><table class=\"has-fixed-layout\"><thead><tr><th>&nbsp;<\/th><th>QUI <br>1998<\/th><th>QUI <br>2010<\/th><\/tr><\/thead><tbody><tr><td>Volume d\u2019\u00e9jaculation<\/td><td>2ml<\/td><td>1,5ml<\/td><\/tr><tr><td>Nombre total de spermatozo\u00efdes dans l\u2019\u00e9jaculat<\/td><td>40 mill.<\/td><td>39 mill.<\/td><\/tr><tr><td>Nombre de spermatozo\u00efdes<\/td><td>20 mill.\/ml<\/td><td>17 mill.\/ml<\/td><\/tr><tr><td>Mobilit\u00e9 progressive<\/td><td>50%<\/td><td>32%<\/td><\/tr><tr><td>Vitalit\u00e9 du spermatozo\u00efde<\/td><td>75%<\/td><td>38%<\/td><\/tr><tr><td>Spermatozo\u00efde morphologiquement normal<\/td><td>30%<\/td><td>4%<\/td><\/tr><tr><td>Mobilit\u00e9 globale<\/td><td>50%<\/td><td>40%<\/td><\/tr><tr><td>PH<\/td><td>\u2265 7,2 \u2013 7,8<\/td><td>\u2265 7,2<\/td><\/tr><\/tbody><\/table><\/figure>\n<\/div>\n<\/div>\n\n\n\n<div style=\"height:50px\" aria-hidden=\"true\" class=\"wp-block-spacer\"><\/div>\n\n\n\n\n\n<div id=\"anchorlink-block_5cf5465198377\" class=\"anchorlink dark \">\n            <a href=\"#buynow\" data-smooth-scroll data-animation-duration=\"750\" data-animation-easing=\"swing\" data-offset=\"-23\"><i class=\"material-icons pro-pulse\">expand_more<\/i><\/a>\n    <\/div><\/div><\/div>\n\n\n<div class=\"block-ip-location-container hide-for__DZ\">\n\n<div id=\"buynow\" class=\"wp-block-group window-height minus-footer center\"><div class=\"wp-block-group__inner-container is-layout-flow wp-block-group-is-layout-flow\">\n<div class=\"wp-block-image\"><figure class=\"aligncenter size-large is-resized\"><a href=\"https:\/\/shop.profertil.eu\/\" target=\"_blank\" rel=\"noreferrer noopener\"><img loading=\"lazy\" decoding=\"async\" src=\"https:\/\/profertil.eu\/wp-content\/uploads\/2021\/02\/BUY-NOW-Button-fr-2.svg\" alt=\"\" class=\"wp-image-6949\" width=\"450\" height=\"85\"\/><\/a><\/figure><\/div>\n<\/div><\/div>\n\n<\/div>\n\n","protected":false},"excerpt":{"rendered":"<p>LE SPERMOGRAMME Le spermogramme est un examen important pour \u00e9valuer la fertilit\u00e9 masculine. L\u2019\u00e9valuation est effectu\u00e9e conform\u00e9ment aux directives de l\u2019OMS. L\u2019objectif de l\u2019examen est d\u2019\u00e9valuer les spermatozo\u00efdes en ce qui concerne leur concentration, leur mobilit\u00e9 et leur forme. Un spermogramme utilise l\u2019analyse microscopique de l\u2019\u00e9jaculat pour permettre une \u00e9valuation de la fertilit\u00e9 de l\u2019homme.<a class=\"excerpt-read-more\" href=\"https:\/\/profertil.eu\/fr\/sante-du-sperme\/spermiogramme\/\" title=\"ReadSpermiogramme\">&#8230; Read more &raquo;<\/a><\/p>\n","protected":false},"author":1,"featured_media":1062,"parent":6366,"menu_order":3,"comment_status":"closed","ping_status":"closed","template":"template-full-width-no-title.php","meta":{"_acf_changed":false,"pgc_sgb_lightbox_settings":"","footnotes":""},"categories":[],"tags":[],"class_list":["post-6395","page","type-page","status-publish","has-post-thumbnail","hentry"],"acf":[],"yoast_head":"<!-- This site is optimized with the Yoast SEO plugin v26.1 - https:\/\/yoast.com\/wordpress\/plugins\/seo\/ -->\n<title>Spermiogramme<\/title>\n<meta name=\"description\" content=\"Le spermiogramme est essentiel pour \u00e9valuer la fertilit\u00e9 masculine. Il est prouv\u00e9 que PROFERTIL\u00ae peut am\u00e9liorer toutes les valeurs pertinentes du sperme.\" \/>\n<meta name=\"robots\" content=\"index, follow, max-snippet:-1, max-image-preview:large, max-video-preview:-1\" \/>\n<link rel=\"canonical\" href=\"https:\/\/profertil.eu\/fr\/sante-du-sperme\/spermiogramme\/\" \/>\n<meta property=\"og:locale\" content=\"fr_FR\" \/>\n<meta property=\"og:type\" content=\"article\" \/>\n<meta property=\"og:title\" content=\"Spermiogramme\" \/>\n<meta property=\"og:description\" content=\"Le spermiogramme est essentiel pour \u00e9valuer la fertilit\u00e9 masculine. Il est prouv\u00e9 que PROFERTIL\u00ae peut am\u00e9liorer toutes les valeurs pertinentes du sperme.\" \/>\n<meta property=\"og:url\" content=\"https:\/\/profertil.eu\/fr\/sante-du-sperme\/spermiogramme\/\" \/>\n<meta property=\"og:site_name\" content=\"PROFERTIL\" \/>\n<meta property=\"article:modified_time\" content=\"2021-02-24T22:25:58+00:00\" \/>\n<meta property=\"og:image\" content=\"https:\/\/profertil.eu\/wp-content\/uploads\/2019\/06\/spermiogramm.jpg\" \/>\n\t<meta property=\"og:image:width\" content=\"2048\" \/>\n\t<meta property=\"og:image:height\" content=\"500\" \/>\n\t<meta property=\"og:image:type\" content=\"image\/jpeg\" \/>\n<meta name=\"twitter:card\" content=\"summary_large_image\" \/>\n<meta name=\"twitter:label1\" content=\"Dur\u00e9e de lecture estim\u00e9e\" \/>\n\t<meta name=\"twitter:data1\" content=\"3 minutes\" \/>\n<script type=\"application\/ld+json\" class=\"yoast-schema-graph\">{\"@context\":\"https:\/\/schema.org\",\"@graph\":[{\"@type\":\"WebPage\",\"@id\":\"https:\/\/profertil.eu\/fr\/sante-du-sperme\/spermiogramme\/\",\"url\":\"https:\/\/profertil.eu\/fr\/sante-du-sperme\/spermiogramme\/\",\"name\":\"Spermiogramme\",\"isPartOf\":{\"@id\":\"https:\/\/profertil.eu\/#website\"},\"primaryImageOfPage\":{\"@id\":\"https:\/\/profertil.eu\/fr\/sante-du-sperme\/spermiogramme\/#primaryimage\"},\"image\":{\"@id\":\"https:\/\/profertil.eu\/fr\/sante-du-sperme\/spermiogramme\/#primaryimage\"},\"thumbnailUrl\":\"https:\/\/i0.wp.com\/profertil.eu\/wp-content\/uploads\/2019\/06\/spermiogramm.jpg?fit=2048%2C500&ssl=1\",\"datePublished\":\"2019-06-12T08:03:39+00:00\",\"dateModified\":\"2021-02-24T22:25:58+00:00\",\"description\":\"Le spermiogramme est essentiel pour \u00e9valuer la fertilit\u00e9 masculine. Il est prouv\u00e9 que PROFERTIL\u00ae peut am\u00e9liorer toutes les valeurs pertinentes du sperme.\",\"breadcrumb\":{\"@id\":\"https:\/\/profertil.eu\/fr\/sante-du-sperme\/spermiogramme\/#breadcrumb\"},\"inLanguage\":\"fr-FR\",\"potentialAction\":[{\"@type\":\"ReadAction\",\"target\":[\"https:\/\/profertil.eu\/fr\/sante-du-sperme\/spermiogramme\/\"]}]},{\"@type\":\"ImageObject\",\"inLanguage\":\"fr-FR\",\"@id\":\"https:\/\/profertil.eu\/fr\/sante-du-sperme\/spermiogramme\/#primaryimage\",\"url\":\"https:\/\/i0.wp.com\/profertil.eu\/wp-content\/uploads\/2019\/06\/spermiogramm.jpg?fit=2048%2C500&ssl=1\",\"contentUrl\":\"https:\/\/i0.wp.com\/profertil.eu\/wp-content\/uploads\/2019\/06\/spermiogramm.jpg?fit=2048%2C500&ssl=1\",\"width\":2048,\"height\":500,\"caption\":\"Erstauntes Baby\"},{\"@type\":\"BreadcrumbList\",\"@id\":\"https:\/\/profertil.eu\/fr\/sante-du-sperme\/spermiogramme\/#breadcrumb\",\"itemListElement\":[{\"@type\":\"ListItem\",\"position\":1,\"name\":\"Home\",\"item\":\"https:\/\/profertil.eu\/fr\/\"},{\"@type\":\"ListItem\",\"position\":2,\"name\":\"Sant\u00e9 du sperme\",\"item\":\"https:\/\/profertil.eu\/fr\/sante-du-sperme\/\"},{\"@type\":\"ListItem\",\"position\":3,\"name\":\"Spermiogramme\"}]},{\"@type\":\"WebSite\",\"@id\":\"https:\/\/profertil.eu\/#website\",\"url\":\"https:\/\/profertil.eu\/\",\"name\":\"PROFERTIL\",\"description\":\"No. 1 proven efficacy in male fertility\",\"publisher\":{\"@id\":\"https:\/\/profertil.eu\/#organization\"},\"potentialAction\":[{\"@type\":\"SearchAction\",\"target\":{\"@type\":\"EntryPoint\",\"urlTemplate\":\"https:\/\/profertil.eu\/?s={search_term_string}\"},\"query-input\":{\"@type\":\"PropertyValueSpecification\",\"valueRequired\":true,\"valueName\":\"search_term_string\"}}],\"inLanguage\":\"fr-FR\"},{\"@type\":\"Organization\",\"@id\":\"https:\/\/profertil.eu\/#organization\",\"name\":\"PROFERTIL\",\"url\":\"https:\/\/profertil.eu\/\",\"logo\":{\"@type\":\"ImageObject\",\"inLanguage\":\"fr-FR\",\"@id\":\"https:\/\/profertil.eu\/#\/schema\/logo\/image\/\",\"url\":\"https:\/\/profertil.eu\/wp-content\/uploads\/2025\/10\/PROFERTIL-logo-2025.svg\",\"contentUrl\":\"https:\/\/profertil.eu\/wp-content\/uploads\/2025\/10\/PROFERTIL-logo-2025.svg\",\"caption\":\"PROFERTIL\"},\"image\":{\"@id\":\"https:\/\/profertil.eu\/#\/schema\/logo\/image\/\"}}]}<\/script>\n<!-- \/ Yoast SEO plugin. -->","yoast_head_json":{"title":"Spermiogramme","description":"Le spermiogramme est essentiel pour \u00e9valuer la fertilit\u00e9 masculine. Il est prouv\u00e9 que PROFERTIL\u00ae peut am\u00e9liorer toutes les valeurs pertinentes du sperme.","robots":{"index":"index","follow":"follow","max-snippet":"max-snippet:-1","max-image-preview":"max-image-preview:large","max-video-preview":"max-video-preview:-1"},"canonical":"https:\/\/profertil.eu\/fr\/sante-du-sperme\/spermiogramme\/","og_locale":"fr_FR","og_type":"article","og_title":"Spermiogramme","og_description":"Le spermiogramme est essentiel pour \u00e9valuer la fertilit\u00e9 masculine. Il est prouv\u00e9 que PROFERTIL\u00ae peut am\u00e9liorer toutes les valeurs pertinentes du sperme.","og_url":"https:\/\/profertil.eu\/fr\/sante-du-sperme\/spermiogramme\/","og_site_name":"PROFERTIL","article_modified_time":"2021-02-24T22:25:58+00:00","og_image":[{"width":2048,"height":500,"url":"https:\/\/profertil.eu\/wp-content\/uploads\/2019\/06\/spermiogramm.jpg","type":"image\/jpeg"}],"twitter_card":"summary_large_image","twitter_misc":{"Dur\u00e9e de lecture estim\u00e9e":"3 minutes"},"schema":{"@context":"https:\/\/schema.org","@graph":[{"@type":"WebPage","@id":"https:\/\/profertil.eu\/fr\/sante-du-sperme\/spermiogramme\/","url":"https:\/\/profertil.eu\/fr\/sante-du-sperme\/spermiogramme\/","name":"Spermiogramme","isPartOf":{"@id":"https:\/\/profertil.eu\/#website"},"primaryImageOfPage":{"@id":"https:\/\/profertil.eu\/fr\/sante-du-sperme\/spermiogramme\/#primaryimage"},"image":{"@id":"https:\/\/profertil.eu\/fr\/sante-du-sperme\/spermiogramme\/#primaryimage"},"thumbnailUrl":"https:\/\/i0.wp.com\/profertil.eu\/wp-content\/uploads\/2019\/06\/spermiogramm.jpg?fit=2048%2C500&ssl=1","datePublished":"2019-06-12T08:03:39+00:00","dateModified":"2021-02-24T22:25:58+00:00","description":"Le spermiogramme est essentiel pour \u00e9valuer la fertilit\u00e9 masculine. Il est prouv\u00e9 que PROFERTIL\u00ae peut am\u00e9liorer toutes les valeurs pertinentes du sperme.","breadcrumb":{"@id":"https:\/\/profertil.eu\/fr\/sante-du-sperme\/spermiogramme\/#breadcrumb"},"inLanguage":"fr-FR","potentialAction":[{"@type":"ReadAction","target":["https:\/\/profertil.eu\/fr\/sante-du-sperme\/spermiogramme\/"]}]},{"@type":"ImageObject","inLanguage":"fr-FR","@id":"https:\/\/profertil.eu\/fr\/sante-du-sperme\/spermiogramme\/#primaryimage","url":"https:\/\/i0.wp.com\/profertil.eu\/wp-content\/uploads\/2019\/06\/spermiogramm.jpg?fit=2048%2C500&ssl=1","contentUrl":"https:\/\/i0.wp.com\/profertil.eu\/wp-content\/uploads\/2019\/06\/spermiogramm.jpg?fit=2048%2C500&ssl=1","width":2048,"height":500,"caption":"Erstauntes Baby"},{"@type":"BreadcrumbList","@id":"https:\/\/profertil.eu\/fr\/sante-du-sperme\/spermiogramme\/#breadcrumb","itemListElement":[{"@type":"ListItem","position":1,"name":"Home","item":"https:\/\/profertil.eu\/fr\/"},{"@type":"ListItem","position":2,"name":"Sant\u00e9 du sperme","item":"https:\/\/profertil.eu\/fr\/sante-du-sperme\/"},{"@type":"ListItem","position":3,"name":"Spermiogramme"}]},{"@type":"WebSite","@id":"https:\/\/profertil.eu\/#website","url":"https:\/\/profertil.eu\/","name":"PROFERTIL","description":"No. 1 proven efficacy in male fertility","publisher":{"@id":"https:\/\/profertil.eu\/#organization"},"potentialAction":[{"@type":"SearchAction","target":{"@type":"EntryPoint","urlTemplate":"https:\/\/profertil.eu\/?s={search_term_string}"},"query-input":{"@type":"PropertyValueSpecification","valueRequired":true,"valueName":"search_term_string"}}],"inLanguage":"fr-FR"},{"@type":"Organization","@id":"https:\/\/profertil.eu\/#organization","name":"PROFERTIL","url":"https:\/\/profertil.eu\/","logo":{"@type":"ImageObject","inLanguage":"fr-FR","@id":"https:\/\/profertil.eu\/#\/schema\/logo\/image\/","url":"https:\/\/profertil.eu\/wp-content\/uploads\/2025\/10\/PROFERTIL-logo-2025.svg","contentUrl":"https:\/\/profertil.eu\/wp-content\/uploads\/2025\/10\/PROFERTIL-logo-2025.svg","caption":"PROFERTIL"},"image":{"@id":"https:\/\/profertil.eu\/#\/schema\/logo\/image\/"}}]}},"_links":{"self":[{"href":"https:\/\/profertil.eu\/fr\/wp-json\/wp\/v2\/pages\/6395","targetHints":{"allow":["GET"]}}],"collection":[{"href":"https:\/\/profertil.eu\/fr\/wp-json\/wp\/v2\/pages"}],"about":[{"href":"https:\/\/profertil.eu\/fr\/wp-json\/wp\/v2\/types\/page"}],"author":[{"embeddable":true,"href":"https:\/\/profertil.eu\/fr\/wp-json\/wp\/v2\/users\/1"}],"replies":[{"embeddable":true,"href":"https:\/\/profertil.eu\/fr\/wp-json\/wp\/v2\/comments?post=6395"}],"version-history":[{"count":3,"href":"https:\/\/profertil.eu\/fr\/wp-json\/wp\/v2\/pages\/6395\/revisions"}],"predecessor-version":[{"id":6962,"href":"https:\/\/profertil.eu\/fr\/wp-json\/wp\/v2\/pages\/6395\/revisions\/6962"}],"up":[{"embeddable":true,"href":"https:\/\/profertil.eu\/fr\/wp-json\/wp\/v2\/pages\/6366"}],"wp:featuredmedia":[{"embeddable":true,"href":"https:\/\/profertil.eu\/fr\/wp-json\/wp\/v2\/media\/1062"}],"wp:attachment":[{"href":"https:\/\/profertil.eu\/fr\/wp-json\/wp\/v2\/media?parent=6395"}],"wp:term":[{"taxonomy":"category","embeddable":true,"href":"https:\/\/profertil.eu\/fr\/wp-json\/wp\/v2\/categories?post=6395"},{"taxonomy":"post_tag","embeddable":true,"href":"https:\/\/profertil.eu\/fr\/wp-json\/wp\/v2\/tags?post=6395"}],"curies":[{"name":"wp","href":"https:\/\/api.w.org\/{rel}","templated":true}]}}