 {"id":6367,"date":"2019-06-11T14:39:55","date_gmt":"2019-06-11T12:39:55","guid":{"rendered":"https:\/\/profertil.eu\/sante-du-sperme\/production-de-sperme\/"},"modified":"2021-02-24T23:25:24","modified_gmt":"2021-02-24T22:25:24","slug":"production-de-sperme","status":"publish","type":"page","link":"https:\/\/profertil.eu\/fr\/sante-du-sperme\/production-de-sperme\/","title":{"rendered":"Production de sperme"},"content":{"rendered":"\n<div class=\"wp-block-cover alignfull\" style=\"background-image:url(https:\/\/staging.netzkundig.com\/profertil-fr\/wp-content\/uploads\/2019\/06\/spermienproduktion.jpg);background-position:82% 44%\"><div class=\"wp-block-cover__inner-container is-layout-flow wp-block-cover-is-layout-flow\">\n<h1 class=\"wp-block-heading\">COMMENT <span class=\"has-red-color\">FONCTIONNE<\/span><br>LA PRODUCTION DE SPERME<\/h1>\n<\/div><\/div>\n\n\n\n<div class=\"wp-block-group alignfull center has-blue-gradient-background-color has-background\"><div class=\"wp-block-group__inner-container is-layout-flow wp-block-group-is-layout-flow\">\n<div style=\"height:50px\" aria-hidden=\"true\" class=\"wp-block-spacer\"><\/div>\n\n\n\n<div class=\"wp-block-columns has-2-columns is-layout-flex wp-container-core-columns-is-layout-1 wp-block-columns-is-layout-flex\">\n<div class=\"wp-block-column is-layout-flow wp-block-column-is-layout-flow\">\n<p>Les hormones jouent un r\u00f4le d\u00e9cisif dans la production de spermatozo\u00efdes (= spermatogen\u00e8se). L\u2019hypophyse g\u00e9n\u00e8re une hormone appel\u00e9e hormone folliculo-stimulante (FSH). L\u2019hormone lut\u00e9inisante (LH) est g\u00e9n\u00e9r\u00e9e en m\u00eame temps. Alors que les deux hormones conduisent \u00e0 la maturation des ovules chez la femme, chez l\u2019homme, elles sont responsables de la formation des spermatozo\u00efdes.<\/p>\n\n\n\n<p>Au d\u00e9but, le processus de production et de maturation des spermatozo\u00efdes peut sembler court, durant environ deux \u00e0 trois mois (c\u2019est-\u00e0-dire que tous les trois mois, un nouvel \u00ab&nbsp;ensemble de spermatozo\u00efdes&nbsp;\u00bb se forme dans l\u2019\u00e9pididyme (testicules)). Cependant, ce sont principalement les spermatozo\u00efdes pleinement matures qui ont une chance de se battre pour la f\u00e9condation des ovules. Deux \u00e0 trois mois sont donc une grande fen\u00eatre de risques sur le d\u00e9veloppement du sperme et ayant un impact fatal.<\/p>\n<\/div>\n\n\n\n<div class=\"wp-block-column is-layout-flow wp-block-column-is-layout-flow\">\n<p>Le nombre de spermatozo\u00efdes produits chez un homme d\u00e9pend de nombreux facteurs diff\u00e9rents, tels que sa g\u00e9n\u00e9tique, son environnement, sa condition physique et la fr\u00e9quence des rapports sexuels. Par cons\u00e9quent, le nombre de spermatozo\u00efdes peut varier d\u2019une personne \u00e0 l\u2019autre. L\u2019homme moyen, sexuellement mature, dispose d\u2019environ deux \u00e0 trois milliards de spermatozo\u00efdes \u00e0 un moment donn\u00e9. Mais comme les spermatozo\u00efdes des tubules s\u00e9minif\u00e8res sont constamment r\u00e9g\u00e9n\u00e9r\u00e9s, ces r\u00e9serves sont toujours un m\u00e9lange de spermatozo\u00efdes \u00e0 diff\u00e9rents stades de maturit\u00e9.<\/p>\n<\/div>\n<\/div>\n\n\n\n<div style=\"height:50px\" aria-hidden=\"true\" class=\"wp-block-spacer\"><\/div>\n<\/div><\/div>\n\n\n\n<div style=\"height:20px\" aria-hidden=\"true\" class=\"wp-block-spacer\"><\/div>\n\n\n\n<div class=\"wp-block-image sperm-cell-section\"><figure class=\"aligncenter size-large is-resized\"><img data-recalc-dims=\"1\" loading=\"lazy\" decoding=\"async\" src=\"https:\/\/i0.wp.com\/profertil.eu\/wp-content\/uploads\/2019\/06\/befruchtungsstadien.png?resize=317%2C73&#038;ssl=1\" alt=\"\" class=\"wp-image-6816\" width=\"317\" height=\"73\" srcset=\"https:\/\/i0.wp.com\/profertil.eu\/wp-content\/uploads\/2019\/06\/befruchtungsstadien.png?w=634&amp;ssl=1 634w, https:\/\/i0.wp.com\/profertil.eu\/wp-content\/uploads\/2019\/06\/befruchtungsstadien.png?resize=300%2C69&amp;ssl=1 300w\" sizes=\"auto, (max-width: 317px) 100vw, 317px\" \/><\/figure><\/div>\n\n\n\n<div class=\"wp-block-group alignfull window-height center has-red-gradient-background-color has-background\" id=\"section2\"><div class=\"wp-block-group__inner-container is-layout-flow wp-block-group-is-layout-flow\">\n<div style=\"height:50px\" aria-hidden=\"true\" class=\"wp-block-spacer\"><\/div>\n\n\n\n<h2 class=\"has-text-align-center has-white-color has-text-color wp-block-heading\">CE DONT LES SPERMATOZOIDES ONT BESOIN<\/h2>\n\n\n\n<div style=\"height:50px\" aria-hidden=\"true\" class=\"wp-block-spacer\"><\/div>\n\n\n\n<div class=\"wp-block-columns has-2-columns is-layout-flex wp-container-core-columns-is-layout-2 wp-block-columns-is-layout-flex\">\n<div class=\"wp-block-column is-layout-flow wp-block-column-is-layout-flow\">\n<p>Au cours de la maturation des spermatozo\u00efdes, le corps a besoin de nutriments sp\u00e9ciaux tels que des acides amin\u00e9s, des micronutriments, des vitamines et des substances similaires aux vitamines \u00e0 diff\u00e9rents stades de d\u00e9veloppement. Les conditions optimales pour une spermatogen\u00e8se normale et saine ne sont garanties que si ces substances vitales sp\u00e9ciales sont fournies.<\/p>\n<\/div>\n\n\n\n<div class=\"wp-block-column is-layout-flow wp-block-column-is-layout-flow\">\n<p>Certaines situations de la vie et un mode de vie malsain peuvent rapidement conduire \u00e0 une carence en ces substances, que la personne concern\u00e9e ne remarque m\u00eame pas dans la plupart des cas. Mais surtout, les spermatozo\u00efdes r\u00e9agissent d\u00e9favorablement aux facteurs externes tels que les infections, les m\u00e9dicaments et les radiographies.<\/p>\n<\/div>\n<\/div>\n\n\n\n<div style=\"height:50px\" aria-hidden=\"true\" class=\"wp-block-spacer\"><\/div>\n\n\n\n<h4 class=\"has-text-align-center medium-width wp-block-heading\">La formule test\u00e9e de PROFERTIL<sup>\u00ae<\/sup>&nbsp;soutient le processus de maturation des spermatozo\u00efdes \u00e0 chaque \u00e9tape de la production de sperme.<\/h4>\n\n\n\n<div style=\"height:50px\" aria-hidden=\"true\" class=\"wp-block-spacer\"><\/div>\n\n\n\n\n\n<div id=\"anchorlink-block_5cf4fce25def0\" class=\"anchorlink light \">\n            <a href=\"#section3\" data-smooth-scroll data-animation-duration=\"750\" data-animation-easing=\"swing\" data-offset=\"-23\"><i class=\"material-icons pro-pulse\">expand_more<\/i><\/a>\n    <\/div><\/div><\/div>\n\n\n\n<div class=\"wp-block-group alignfull window-height has-white-background-color has-background\" id=\"section3\"><div class=\"wp-block-group__inner-container is-layout-flow wp-block-group-is-layout-flow\">\n<div style=\"height:100px\" aria-hidden=\"true\" class=\"wp-block-spacer\"><\/div>\n\n\n\n<div class=\"wp-block-image\"><figure class=\"aligncenter size-large is-resized\"><img data-recalc-dims=\"1\" loading=\"lazy\" decoding=\"async\" src=\"https:\/\/i0.wp.com\/profertil.eu\/wp-content\/uploads\/2021\/02\/synergistic-effect-1024x704-2.jpg?resize=768%2C528&#038;ssl=1\" alt=\"\" class=\"wp-image-5790\" width=\"768\" height=\"528\"\/><\/figure><\/div>\n\n\n\n<div style=\"height:50px\" aria-hidden=\"true\" class=\"wp-block-spacer\"><\/div>\n\n\n\n\n\n<div id=\"anchorlink-block_5cf502085def1\" class=\"anchorlink dark \">\n            <a href=\"#buynow\" data-smooth-scroll data-animation-duration=\"750\" data-animation-easing=\"swing\" data-offset=\"-23\"><i class=\"material-icons pro-pulse\">expand_more<\/i><\/a>\n    <\/div>\n\n\n<div style=\"height:50px\" aria-hidden=\"true\" class=\"wp-block-spacer\"><\/div>\n\n\n\n<p><\/p>\n<\/div><\/div>\n\n\n<div class=\"block-ip-location-container hide-for__DZ\">\n\n<div id=\"buynow\" class=\"wp-block-group window-height minus-footer center\"><div class=\"wp-block-group__inner-container is-layout-flow wp-block-group-is-layout-flow\">\n<div class=\"wp-block-image\"><figure class=\"aligncenter size-large is-resized\"><a href=\"https:\/\/shop.profertil.eu\/\" target=\"_blank\" rel=\"noreferrer noopener\"><img loading=\"lazy\" decoding=\"async\" src=\"https:\/\/profertil.eu\/wp-content\/uploads\/2021\/02\/BUY-NOW-Button-fr-2.svg\" alt=\"\" class=\"wp-image-6949\" width=\"450\" height=\"85\"\/><\/a><\/figure><\/div>\n<\/div><\/div>\n\n<\/div>\n\n","protected":false},"excerpt":{"rendered":"<p>Les hormones jouent un r\u00f4le d\u00e9cisif dans la production de spermatozo\u00efdes (= spermatogen\u00e8se). L\u2019hypophyse g\u00e9n\u00e8re une hormone appel\u00e9e hormone folliculo-stimulante (FSH). L\u2019hormone lut\u00e9inisante (LH) est g\u00e9n\u00e9r\u00e9e en m\u00eame temps. Alors que les deux hormones conduisent \u00e0 la maturation des ovules chez la femme, chez l\u2019homme, elles sont responsables de la formation des spermatozo\u00efdes. Au d\u00e9but,<a class=\"excerpt-read-more\" href=\"https:\/\/profertil.eu\/fr\/sante-du-sperme\/production-de-sperme\/\" title=\"ReadProduction de sperme\">&#8230; Read more &raquo;<\/a><\/p>\n","protected":false},"author":1,"featured_media":872,"parent":6366,"menu_order":1,"comment_status":"closed","ping_status":"closed","template":"template-full-width-no-title.php","meta":{"_acf_changed":false,"pgc_sgb_lightbox_settings":"","footnotes":""},"categories":[],"tags":[],"class_list":["post-6367","page","type-page","status-publish","has-post-thumbnail","hentry"],"acf":[],"yoast_head":"<!-- This site is optimized with the Yoast SEO plugin v26.1 - https:\/\/yoast.com\/wordpress\/plugins\/seo\/ -->\n<title>Production de sperme<\/title>\n<meta name=\"description\" content=\"D\u00e9couvrez comment la composition \u00e9prouv\u00e9e de PROFERTIL\u00ae favorise la fertilit\u00e9 masculine \u00e0 chaque \u00e9tape de la production de sperme.\" \/>\n<meta name=\"robots\" content=\"index, follow, max-snippet:-1, max-image-preview:large, max-video-preview:-1\" \/>\n<link rel=\"canonical\" href=\"https:\/\/profertil.eu\/fr\/sante-du-sperme\/production-de-sperme\/\" \/>\n<meta property=\"og:locale\" content=\"fr_FR\" \/>\n<meta property=\"og:type\" content=\"article\" \/>\n<meta property=\"og:title\" content=\"Production de sperme\" \/>\n<meta property=\"og:description\" content=\"D\u00e9couvrez comment la composition \u00e9prouv\u00e9e de PROFERTIL\u00ae favorise la fertilit\u00e9 masculine \u00e0 chaque \u00e9tape de la production de sperme.\" \/>\n<meta property=\"og:url\" content=\"https:\/\/profertil.eu\/fr\/sante-du-sperme\/production-de-sperme\/\" \/>\n<meta property=\"og:site_name\" content=\"PROFERTIL\" \/>\n<meta property=\"article:modified_time\" content=\"2021-02-24T22:25:24+00:00\" \/>\n<meta property=\"og:image\" content=\"https:\/\/profertil.eu\/wp-content\/uploads\/2019\/06\/spermienproduktion.jpg\" \/>\n\t<meta property=\"og:image:width\" content=\"2048\" \/>\n\t<meta property=\"og:image:height\" content=\"500\" \/>\n\t<meta property=\"og:image:type\" content=\"image\/jpeg\" \/>\n<meta name=\"twitter:card\" content=\"summary_large_image\" \/>\n<meta name=\"twitter:label1\" content=\"Dur\u00e9e de lecture estim\u00e9e\" \/>\n\t<meta name=\"twitter:data1\" content=\"2 minutes\" \/>\n<script type=\"application\/ld+json\" class=\"yoast-schema-graph\">{\"@context\":\"https:\/\/schema.org\",\"@graph\":[{\"@type\":\"WebPage\",\"@id\":\"https:\/\/profertil.eu\/fr\/sante-du-sperme\/production-de-sperme\/\",\"url\":\"https:\/\/profertil.eu\/fr\/sante-du-sperme\/production-de-sperme\/\",\"name\":\"Production de sperme\",\"isPartOf\":{\"@id\":\"https:\/\/profertil.eu\/#website\"},\"primaryImageOfPage\":{\"@id\":\"https:\/\/profertil.eu\/fr\/sante-du-sperme\/production-de-sperme\/#primaryimage\"},\"image\":{\"@id\":\"https:\/\/profertil.eu\/fr\/sante-du-sperme\/production-de-sperme\/#primaryimage\"},\"thumbnailUrl\":\"https:\/\/i0.wp.com\/profertil.eu\/wp-content\/uploads\/2019\/06\/spermienproduktion.jpg?fit=2048%2C500&ssl=1\",\"datePublished\":\"2019-06-11T12:39:55+00:00\",\"dateModified\":\"2021-02-24T22:25:24+00:00\",\"description\":\"D\u00e9couvrez comment la composition \u00e9prouv\u00e9e de PROFERTIL\u00ae favorise la fertilit\u00e9 masculine \u00e0 chaque \u00e9tape de la production de sperme.\",\"breadcrumb\":{\"@id\":\"https:\/\/profertil.eu\/fr\/sante-du-sperme\/production-de-sperme\/#breadcrumb\"},\"inLanguage\":\"fr-FR\",\"potentialAction\":[{\"@type\":\"ReadAction\",\"target\":[\"https:\/\/profertil.eu\/fr\/sante-du-sperme\/production-de-sperme\/\"]}]},{\"@type\":\"ImageObject\",\"inLanguage\":\"fr-FR\",\"@id\":\"https:\/\/profertil.eu\/fr\/sante-du-sperme\/production-de-sperme\/#primaryimage\",\"url\":\"https:\/\/i0.wp.com\/profertil.eu\/wp-content\/uploads\/2019\/06\/spermienproduktion.jpg?fit=2048%2C500&ssl=1\",\"contentUrl\":\"https:\/\/i0.wp.com\/profertil.eu\/wp-content\/uploads\/2019\/06\/spermienproduktion.jpg?fit=2048%2C500&ssl=1\",\"width\":2048,\"height\":500,\"caption\":\"Freches Baby\"},{\"@type\":\"BreadcrumbList\",\"@id\":\"https:\/\/profertil.eu\/fr\/sante-du-sperme\/production-de-sperme\/#breadcrumb\",\"itemListElement\":[{\"@type\":\"ListItem\",\"position\":1,\"name\":\"Home\",\"item\":\"https:\/\/profertil.eu\/fr\/\"},{\"@type\":\"ListItem\",\"position\":2,\"name\":\"Sant\u00e9 du sperme\",\"item\":\"https:\/\/profertil.eu\/fr\/sante-du-sperme\/\"},{\"@type\":\"ListItem\",\"position\":3,\"name\":\"Production de sperme\"}]},{\"@type\":\"WebSite\",\"@id\":\"https:\/\/profertil.eu\/#website\",\"url\":\"https:\/\/profertil.eu\/\",\"name\":\"PROFERTIL\",\"description\":\"No. 1 proven efficacy in male fertility\",\"publisher\":{\"@id\":\"https:\/\/profertil.eu\/#organization\"},\"potentialAction\":[{\"@type\":\"SearchAction\",\"target\":{\"@type\":\"EntryPoint\",\"urlTemplate\":\"https:\/\/profertil.eu\/?s={search_term_string}\"},\"query-input\":{\"@type\":\"PropertyValueSpecification\",\"valueRequired\":true,\"valueName\":\"search_term_string\"}}],\"inLanguage\":\"fr-FR\"},{\"@type\":\"Organization\",\"@id\":\"https:\/\/profertil.eu\/#organization\",\"name\":\"PROFERTIL\",\"url\":\"https:\/\/profertil.eu\/\",\"logo\":{\"@type\":\"ImageObject\",\"inLanguage\":\"fr-FR\",\"@id\":\"https:\/\/profertil.eu\/#\/schema\/logo\/image\/\",\"url\":\"https:\/\/profertil.eu\/wp-content\/uploads\/2025\/10\/PROFERTIL-logo-2025.svg\",\"contentUrl\":\"https:\/\/profertil.eu\/wp-content\/uploads\/2025\/10\/PROFERTIL-logo-2025.svg\",\"caption\":\"PROFERTIL\"},\"image\":{\"@id\":\"https:\/\/profertil.eu\/#\/schema\/logo\/image\/\"}}]}<\/script>\n<!-- \/ Yoast SEO plugin. -->","yoast_head_json":{"title":"Production de sperme","description":"D\u00e9couvrez comment la composition \u00e9prouv\u00e9e de PROFERTIL\u00ae favorise la fertilit\u00e9 masculine \u00e0 chaque \u00e9tape de la production de sperme.","robots":{"index":"index","follow":"follow","max-snippet":"max-snippet:-1","max-image-preview":"max-image-preview:large","max-video-preview":"max-video-preview:-1"},"canonical":"https:\/\/profertil.eu\/fr\/sante-du-sperme\/production-de-sperme\/","og_locale":"fr_FR","og_type":"article","og_title":"Production de sperme","og_description":"D\u00e9couvrez comment la composition \u00e9prouv\u00e9e de PROFERTIL\u00ae favorise la fertilit\u00e9 masculine \u00e0 chaque \u00e9tape de la production de sperme.","og_url":"https:\/\/profertil.eu\/fr\/sante-du-sperme\/production-de-sperme\/","og_site_name":"PROFERTIL","article_modified_time":"2021-02-24T22:25:24+00:00","og_image":[{"width":2048,"height":500,"url":"https:\/\/profertil.eu\/wp-content\/uploads\/2019\/06\/spermienproduktion.jpg","type":"image\/jpeg"}],"twitter_card":"summary_large_image","twitter_misc":{"Dur\u00e9e de lecture estim\u00e9e":"2 minutes"},"schema":{"@context":"https:\/\/schema.org","@graph":[{"@type":"WebPage","@id":"https:\/\/profertil.eu\/fr\/sante-du-sperme\/production-de-sperme\/","url":"https:\/\/profertil.eu\/fr\/sante-du-sperme\/production-de-sperme\/","name":"Production de sperme","isPartOf":{"@id":"https:\/\/profertil.eu\/#website"},"primaryImageOfPage":{"@id":"https:\/\/profertil.eu\/fr\/sante-du-sperme\/production-de-sperme\/#primaryimage"},"image":{"@id":"https:\/\/profertil.eu\/fr\/sante-du-sperme\/production-de-sperme\/#primaryimage"},"thumbnailUrl":"https:\/\/i0.wp.com\/profertil.eu\/wp-content\/uploads\/2019\/06\/spermienproduktion.jpg?fit=2048%2C500&ssl=1","datePublished":"2019-06-11T12:39:55+00:00","dateModified":"2021-02-24T22:25:24+00:00","description":"D\u00e9couvrez comment la composition \u00e9prouv\u00e9e de PROFERTIL\u00ae favorise la fertilit\u00e9 masculine \u00e0 chaque \u00e9tape de la production de sperme.","breadcrumb":{"@id":"https:\/\/profertil.eu\/fr\/sante-du-sperme\/production-de-sperme\/#breadcrumb"},"inLanguage":"fr-FR","potentialAction":[{"@type":"ReadAction","target":["https:\/\/profertil.eu\/fr\/sante-du-sperme\/production-de-sperme\/"]}]},{"@type":"ImageObject","inLanguage":"fr-FR","@id":"https:\/\/profertil.eu\/fr\/sante-du-sperme\/production-de-sperme\/#primaryimage","url":"https:\/\/i0.wp.com\/profertil.eu\/wp-content\/uploads\/2019\/06\/spermienproduktion.jpg?fit=2048%2C500&ssl=1","contentUrl":"https:\/\/i0.wp.com\/profertil.eu\/wp-content\/uploads\/2019\/06\/spermienproduktion.jpg?fit=2048%2C500&ssl=1","width":2048,"height":500,"caption":"Freches Baby"},{"@type":"BreadcrumbList","@id":"https:\/\/profertil.eu\/fr\/sante-du-sperme\/production-de-sperme\/#breadcrumb","itemListElement":[{"@type":"ListItem","position":1,"name":"Home","item":"https:\/\/profertil.eu\/fr\/"},{"@type":"ListItem","position":2,"name":"Sant\u00e9 du sperme","item":"https:\/\/profertil.eu\/fr\/sante-du-sperme\/"},{"@type":"ListItem","position":3,"name":"Production de sperme"}]},{"@type":"WebSite","@id":"https:\/\/profertil.eu\/#website","url":"https:\/\/profertil.eu\/","name":"PROFERTIL","description":"No. 1 proven efficacy in male fertility","publisher":{"@id":"https:\/\/profertil.eu\/#organization"},"potentialAction":[{"@type":"SearchAction","target":{"@type":"EntryPoint","urlTemplate":"https:\/\/profertil.eu\/?s={search_term_string}"},"query-input":{"@type":"PropertyValueSpecification","valueRequired":true,"valueName":"search_term_string"}}],"inLanguage":"fr-FR"},{"@type":"Organization","@id":"https:\/\/profertil.eu\/#organization","name":"PROFERTIL","url":"https:\/\/profertil.eu\/","logo":{"@type":"ImageObject","inLanguage":"fr-FR","@id":"https:\/\/profertil.eu\/#\/schema\/logo\/image\/","url":"https:\/\/profertil.eu\/wp-content\/uploads\/2025\/10\/PROFERTIL-logo-2025.svg","contentUrl":"https:\/\/profertil.eu\/wp-content\/uploads\/2025\/10\/PROFERTIL-logo-2025.svg","caption":"PROFERTIL"},"image":{"@id":"https:\/\/profertil.eu\/#\/schema\/logo\/image\/"}}]}},"_links":{"self":[{"href":"https:\/\/profertil.eu\/fr\/wp-json\/wp\/v2\/pages\/6367","targetHints":{"allow":["GET"]}}],"collection":[{"href":"https:\/\/profertil.eu\/fr\/wp-json\/wp\/v2\/pages"}],"about":[{"href":"https:\/\/profertil.eu\/fr\/wp-json\/wp\/v2\/types\/page"}],"author":[{"embeddable":true,"href":"https:\/\/profertil.eu\/fr\/wp-json\/wp\/v2\/users\/1"}],"replies":[{"embeddable":true,"href":"https:\/\/profertil.eu\/fr\/wp-json\/wp\/v2\/comments?post=6367"}],"version-history":[{"count":3,"href":"https:\/\/profertil.eu\/fr\/wp-json\/wp\/v2\/pages\/6367\/revisions"}],"predecessor-version":[{"id":6959,"href":"https:\/\/profertil.eu\/fr\/wp-json\/wp\/v2\/pages\/6367\/revisions\/6959"}],"up":[{"embeddable":true,"href":"https:\/\/profertil.eu\/fr\/wp-json\/wp\/v2\/pages\/6366"}],"wp:featuredmedia":[{"embeddable":true,"href":"https:\/\/profertil.eu\/fr\/wp-json\/wp\/v2\/media\/872"}],"wp:attachment":[{"href":"https:\/\/profertil.eu\/fr\/wp-json\/wp\/v2\/media?parent=6367"}],"wp:term":[{"taxonomy":"category","embeddable":true,"href":"https:\/\/profertil.eu\/fr\/wp-json\/wp\/v2\/categories?post=6367"},{"taxonomy":"post_tag","embeddable":true,"href":"https:\/\/profertil.eu\/fr\/wp-json\/wp\/v2\/tags?post=6367"}],"curies":[{"name":"wp","href":"https:\/\/api.w.org\/{rel}","templated":true}]}}