 {"id":6362,"date":"2019-06-11T13:19:50","date_gmt":"2019-06-11T11:19:50","guid":{"rendered":"https:\/\/profertil.eu\/infertilite\/step-by-step\/"},"modified":"2021-02-24T23:23:56","modified_gmt":"2021-02-24T22:23:56","slug":"step-by-step","status":"publish","type":"page","link":"https:\/\/profertil.eu\/fr\/infertilite\/step-by-step\/","title":{"rendered":"Pas \u00e0 pas"},"content":{"rendered":"\n<div class=\"wp-block-cover alignfull\" style=\"background-image:url(https:\/\/staging.netzkundig.com\/profertil-fr\/wp-content\/uploads\/2019\/06\/stufenplan-zum-wunschkind.jpg);background-position:67% 35%\"><div class=\"wp-block-cover__inner-container is-layout-flow wp-block-cover-is-layout-flow\">\n<h1 class=\"wp-block-heading\"><span class=\"has-red-color\">\u00c0 QUOI S\u2019ATTENDRE,<\/span><br>SI VOUS VOULEZ VOUS Y ATTENDRE<\/h1>\n<\/div><\/div>\n\n\n\n<div class=\"wp-block-group alignfull window-height minus-header center has-red-gradient-background-color has-background\"><div class=\"wp-block-group__inner-container is-layout-flow wp-block-group-is-layout-flow\">\n<div style=\"height:50px\" aria-hidden=\"true\" class=\"wp-block-spacer\"><\/div>\n\n\n\n<div class=\"wp-block-columns has-3-columns is-layout-flex wp-container-core-columns-is-layout-1 wp-block-columns-is-layout-flex\">\n<div class=\"wp-block-column rounded-border is-layout-flow wp-block-column-is-layout-flow\">\n<p class=\"has-text-align-center condensed has-text-color has-large-font-size\" style=\"color:#b999a1\">Phase 1<\/p>\n\n\n\n<p class=\"has-text-align-center\">\u00c9valuation des ant\u00e9c\u00e9dents m\u00e9dicaux (anamn\u00e8se), examen gyn\u00e9cologique, \u00e9chographie, protocole de cycle, mesure de la temp\u00e9rature imm\u00e9diatement apr\u00e8s le r\u00e9veil (temp\u00e9rature basale), rapports sexuels au moment optimal, analyse hormonale.<\/p>\n<\/div>\n\n\n\n<div class=\"wp-block-column rounded-border is-layout-flow wp-block-column-is-layout-flow\">\n<p class=\"has-text-align-center condensed has-text-color has-large-font-size\" style=\"color:#b999a1\">Phase 2<\/p>\n\n\n\n<p class=\"has-text-align-center\">Un spermogramme (\u00e9valuant la quantit\u00e9, le nombre, la mobilit\u00e9 et la forme des spermatozo\u00efdes) interpr\u00e9t\u00e9 par un urologue, le suivi du cycle par ultrasons (muqueuse ut\u00e9rine), les analyses hormonales, les rapports sexuels au moment optimal.<\/p>\n\n\n\n<p class=\"has-text-align-center\"><strong>Si le spermogramme pr\u00e9sente des r\u00e9sultats anormaux, il est recommand\u00e9 que l\u2019homme commence \u00e0 prendre PROFERTIL<sup>\u00ae<\/sup>&nbsp;\u00e0 ce stade, apr\u00e8s avoir consult\u00e9 un m\u00e9decin<\/strong>. Dans de nombreux cas, il est possible d\u2019\u00e9viter la troisi\u00e8me phase, \u00e0 savoir l\u2019ins\u00e9mination artificielle.<\/p>\n<\/div>\n\n\n\n<div class=\"wp-block-column rounded-border is-layout-flow wp-block-column-is-layout-flow\">\n<p class=\"has-text-align-center condensed has-text-color has-large-font-size\" style=\"color:#b999a1\">Phase 3<\/p>\n\n\n\n<p class=\"has-text-align-center\">En cas de d\u00e9couverte anormale de spermatozo\u00efdes en phase deux ou si la femme a une obstruction des trompes de Fallope, l\u2019approche recommand\u00e9e est l\u2019ins\u00e9mination artificielle (FIV).<\/p>\n\n\n\n<p class=\"has-text-align-center\"><strong><strong>En compl\u00e9ment du traitement de FIV, PROFERTIL<sup>\u00ae<\/sup>&nbsp;augmente les chances de succ\u00e8s.<\/strong><\/strong><\/p>\n\n\n\n<p class=\"has-text-align-center\">En particulier, il peut \u00eatre possible d\u2019obtenir une am\u00e9lioration progressive, c\u2019est-\u00e0-dire que le traitement ICSI peut id\u00e9alement \u00eatre \u00e9vit\u00e9. La th\u00e9rapie ICSI est recommand\u00e9e pour la tr\u00e8s mauvaise qualit\u00e9 des spermatozo\u00efdes (moins de cinq \u00e0 dix millions par millilitre) ou la mauvaise morphologie des spermatozo\u00efdes (apparence, forme des spermatozo\u00efdes).<\/p>\n<\/div>\n<\/div>\n\n\n\n<div style=\"height:50px\" aria-hidden=\"true\" class=\"wp-block-spacer\"><\/div>\n\n\n\n\n\n<div id=\"anchorlink-block_5cf3e5465a5a0\" class=\"anchorlink light \">\n            <a href=\"#section2\" data-smooth-scroll data-animation-duration=\"750\" data-animation-easing=\"swing\" data-offset=\"-23\"><i class=\"material-icons pro-pulse\">expand_more<\/i><\/a>\n    <\/div><\/div><\/div>\n\n\n\n<div class=\"wp-block-group alignfull window-height center has-blue-gradient-background-color has-background\" id=\"section2\"><div class=\"wp-block-group__inner-container is-layout-flow wp-block-group-is-layout-flow\">\n<div style=\"height:50px\" aria-hidden=\"true\" class=\"wp-block-spacer\"><\/div>\n\n\n\n<h2 class=\"has-text-align-center has-white-color has-text-color wp-block-heading\">M\u00c9THODES DE TRAITEMENT<\/h2>\n\n\n\n<div style=\"height:50px\" aria-hidden=\"true\" class=\"wp-block-spacer\"><\/div>\n\n\n\n<figure class=\"wp-block-table is-style-profertil stack\"><table><tbody><tr><td><strong><strong>Th\u00e9rapie hormonale<\/strong><\/strong><\/td><td>Si la cause de l\u2019infertilit\u00e9 est un trouble hormonal chez la femme, on commence g\u00e9n\u00e9ralement par un traitement hormonal. Divers m\u00e9dicaments peuvent r\u00e9guler un cycle irr\u00e9gulier et d\u00e9clencher l\u2019ovulation. Si l\u2019homme ne peut pas concevoir un enfant, le m\u00e9decin recommandera \u00e9galement des m\u00e9dicaments dans certains cas. Ces m\u00e9dicaments peuvent \u00eatre utilis\u00e9s pour traiter les troubles hormonaux (par exemple, carence en testost\u00e9rone).<\/td><\/tr><tr><td><strong><strong>Ins\u00e9mination (transfert de sperme)<\/strong><\/strong><\/td><td>L\u2019ins\u00e9mination implique que le m\u00e9decin injecte du liquide s\u00e9minal purifi\u00e9 et concentr\u00e9 dans l\u2019ut\u00e9rus, le vagin, le col de l\u2019ut\u00e9rus ou les trompes de Fallope. Cette m\u00e9thode est envisag\u00e9e si la qualit\u00e9 du sperme est l\u00e9g\u00e8rement alt\u00e9r\u00e9e ou si le col de l\u2019ut\u00e9rus est tellement marqu\u00e9 (en raison d\u2019une infection ou d\u2019une inflammation) que le sperme a du mal \u00e0 atteindre l\u2019ut\u00e9rus. Il est parfois n\u00e9cessaire de stimuler les ovaires avec des hormones avant l\u2019ins\u00e9mination.<\/td><\/tr><tr><td><strong><strong>F\u00e9condation in vitro (FIV)<\/strong><\/strong><\/td><td>Dans cette technique, l\u2019ovule est f\u00e9cond\u00e9 \u00e0 l\u2019ext\u00e9rieur du corps. La FIV est envisag\u00e9e si, par exemple, les ovules n\u2019atteignent pas l\u2019ut\u00e9rus suite \u00e0 une inflammation adh\u00e9sive. La FIV peut \u00e9galement aider \u00e0 la grossesse si la femme pr\u00e9sente des excroissances (myomes) dans l\u2019ut\u00e9rus ou des anticorps contre les spermatozo\u00efdes, si la qualit\u00e9 du sperme de l\u2019homme est inad\u00e9quate, ou m\u00eame si le m\u00e9decin n\u2019a trouv\u00e9 aucune cause d\u2019infertilit\u00e9<\/td><\/tr><tr><td><strong><strong><strong>Injection intracytoplasmique de spermatozo\u00efdes (ICSI)<\/strong><\/strong><\/strong><\/td><td>Avec l\u2019injection intracytoplasmique de spermatozo\u00efdes (ICSI), le m\u00e9decin injecte le sperme directement dans l\u2019ovule. L\u2019ICSI est envisag\u00e9e lorsque le spermatozo\u00efde est incapable de f\u00e9conder \u00abind\u00e9pendamment\u00bb l\u2019ovule, soit dans le corps de la femme, soit dans une \u00e9prouvette. L\u2019ICSI peut \u00e9galement \u00eatre envisag\u00e9e dans les situations o\u00f9 la femme ne tombe pas enceinte, malgr\u00e9 le traitement de FIV.<\/td><\/tr><tr><td><strong><strong><strong>Extraction op\u00e9ratoire de sperme<\/strong><\/strong><\/strong><\/td><td>La collecte de spermatozo\u00efdes \u00e0 partir de l\u2019\u00e9pididyme (aspiration microchirurgicale de spermatozo\u00efdes \u00e9pididymaires, MESA) peut aider si les vasa deferentia sont ferm\u00e9es et ne peuvent pas \u00eatre ouvertes par chirurgie ou si les spermatozo\u00efdes de l\u2019\u00e9chantillon de sperme ne bougent pas. C\u2019est une option si l\u2019homme ne peut pas \u00e9jaculer, comme dans les cas o\u00f9 il est parapl\u00e9gique ou a \u00e9t\u00e9 op\u00e9r\u00e9 d\u2019une tumeur par exemple. Si MESA ne peut pas \u00eatre effectu\u00e9e, certains m\u00e9decins recommandent TESE (extraction testiculaires&nbsp; des spermatozo\u00efdes ), o\u00f9 le m\u00e9decin extrait le sperme des testicules. MESA et TESE sont toujours combin\u00e9s avec ICSI.<\/td><\/tr><tr><td><strong><strong>Les op\u00e9rations<\/strong><\/strong><\/td><td>Une op\u00e9ration peut aider \u00e0 r\u00e9aliser une grossesse si les trompes de Fallope sont obstru\u00e9es ou si des adh\u00e9rences dans l\u2019abdomen emp\u00eachent la grossesse. Les chirurgiens peuvent parfois ouvrir des canaux s\u00e9minaux ferm\u00e9s, par exemple apr\u00e8s une chirurgie de la hernie inguinale.<\/td><\/tr><\/tbody><\/table><\/figure>\n\n\n\n<div style=\"height:50px\" aria-hidden=\"true\" class=\"wp-block-spacer\"><\/div>\n\n\n\n\n\n<div id=\"anchorlink-block_5cf3e6095a5a1\" class=\"anchorlink light \">\n            <a href=\"#buynow\" data-smooth-scroll data-animation-duration=\"750\" data-animation-easing=\"swing\" data-offset=\"-23\"><i class=\"material-icons pro-pulse\">expand_more<\/i><\/a>\n    <\/div><\/div><\/div>\n\n\n<div class=\"block-ip-location-container hide-for__DZ\">\n\n<div id=\"buynow\" class=\"wp-block-group window-height minus-footer center\"><div class=\"wp-block-group__inner-container is-layout-flow wp-block-group-is-layout-flow\">\n<div class=\"wp-block-image\"><figure class=\"aligncenter size-large is-resized\"><a href=\"https:\/\/shop.profertil.eu\/\" target=\"_blank\" rel=\"noreferrer noopener\"><img loading=\"lazy\" decoding=\"async\" src=\"https:\/\/profertil.eu\/wp-content\/uploads\/2021\/02\/BUY-NOW-Button-fr-2.svg\" alt=\"\" class=\"wp-image-6949\" width=\"450\" height=\"85\"\/><\/a><\/figure><\/div>\n<\/div><\/div>\n\n<\/div>\n\n","protected":false},"excerpt":{"rendered":"<p>Phase 1 \u00c9valuation des ant\u00e9c\u00e9dents m\u00e9dicaux (anamn\u00e8se), examen gyn\u00e9cologique, \u00e9chographie, protocole de cycle, mesure de la temp\u00e9rature imm\u00e9diatement apr\u00e8s le r\u00e9veil (temp\u00e9rature basale), rapports sexuels au moment optimal, analyse hormonale. Phase 2 Un spermogramme (\u00e9valuant la quantit\u00e9, le nombre, la mobilit\u00e9 et la forme des spermatozo\u00efdes) interpr\u00e9t\u00e9 par un urologue, le suivi du cycle par<a class=\"excerpt-read-more\" href=\"https:\/\/profertil.eu\/fr\/infertilite\/step-by-step\/\" title=\"ReadPas \u00e0 pas\">&#8230; Read more &raquo;<\/a><\/p>\n","protected":false},"author":1,"featured_media":833,"parent":6326,"menu_order":4,"comment_status":"closed","ping_status":"closed","template":"template-full-width-no-title.php","meta":{"_acf_changed":false,"pgc_sgb_lightbox_settings":"","footnotes":""},"categories":[],"tags":[],"class_list":["post-6362","page","type-page","status-publish","has-post-thumbnail","hentry"],"acf":[],"yoast_head":"<!-- This site is optimized with the Yoast SEO plugin v26.1 - https:\/\/yoast.com\/wordpress\/plugins\/seo\/ -->\n<title>Pas \u00e0 pas vers l&#039;enfant souhait\u00e9<\/title>\n<meta name=\"description\" content=\"Guide \u00e9tape par \u00e9tape pour une conception r\u00e9ussie avec PROFERTIL\u00ae. La composition \u00e9prouv\u00e9e par les \u00e9tudes soutient de mani\u00e8re fiable la fertilit\u00e9 masculine.\" \/>\n<meta name=\"robots\" content=\"index, follow, max-snippet:-1, max-image-preview:large, max-video-preview:-1\" \/>\n<link rel=\"canonical\" href=\"https:\/\/profertil.eu\/fr\/infertilite\/step-by-step\/\" \/>\n<meta property=\"og:locale\" content=\"fr_FR\" \/>\n<meta property=\"og:type\" content=\"article\" \/>\n<meta property=\"og:title\" content=\"Pas \u00e0 pas vers l&#039;enfant souhait\u00e9\" \/>\n<meta property=\"og:description\" content=\"Guide \u00e9tape par \u00e9tape pour une conception r\u00e9ussie avec PROFERTIL\u00ae. La composition \u00e9prouv\u00e9e par les \u00e9tudes soutient de mani\u00e8re fiable la fertilit\u00e9 masculine.\" \/>\n<meta property=\"og:url\" content=\"https:\/\/profertil.eu\/fr\/infertilite\/step-by-step\/\" \/>\n<meta property=\"og:site_name\" content=\"PROFERTIL\" \/>\n<meta property=\"article:modified_time\" content=\"2021-02-24T22:23:56+00:00\" \/>\n<meta property=\"og:image\" content=\"https:\/\/profertil.eu\/wp-content\/uploads\/2019\/06\/stufenplan-zum-wunschkind.jpg\" \/>\n\t<meta property=\"og:image:width\" content=\"2048\" \/>\n\t<meta property=\"og:image:height\" content=\"500\" \/>\n\t<meta property=\"og:image:type\" content=\"image\/jpeg\" \/>\n<meta name=\"twitter:card\" content=\"summary_large_image\" \/>\n<meta name=\"twitter:label1\" content=\"Dur\u00e9e de lecture estim\u00e9e\" \/>\n\t<meta name=\"twitter:data1\" content=\"4 minutes\" \/>\n<script type=\"application\/ld+json\" class=\"yoast-schema-graph\">{\"@context\":\"https:\/\/schema.org\",\"@graph\":[{\"@type\":\"WebPage\",\"@id\":\"https:\/\/profertil.eu\/fr\/infertilite\/step-by-step\/\",\"url\":\"https:\/\/profertil.eu\/fr\/infertilite\/step-by-step\/\",\"name\":\"Pas \u00e0 pas vers l'enfant souhait\u00e9\",\"isPartOf\":{\"@id\":\"https:\/\/profertil.eu\/#website\"},\"primaryImageOfPage\":{\"@id\":\"https:\/\/profertil.eu\/fr\/infertilite\/step-by-step\/#primaryimage\"},\"image\":{\"@id\":\"https:\/\/profertil.eu\/fr\/infertilite\/step-by-step\/#primaryimage\"},\"thumbnailUrl\":\"https:\/\/i0.wp.com\/profertil.eu\/wp-content\/uploads\/2019\/06\/stufenplan-zum-wunschkind.jpg?fit=2048%2C500&ssl=1\",\"datePublished\":\"2019-06-11T11:19:50+00:00\",\"dateModified\":\"2021-02-24T22:23:56+00:00\",\"description\":\"Guide \u00e9tape par \u00e9tape pour une conception r\u00e9ussie avec PROFERTIL\u00ae. La composition \u00e9prouv\u00e9e par les \u00e9tudes soutient de mani\u00e8re fiable la fertilit\u00e9 masculine.\",\"breadcrumb\":{\"@id\":\"https:\/\/profertil.eu\/fr\/infertilite\/step-by-step\/#breadcrumb\"},\"inLanguage\":\"fr-FR\",\"potentialAction\":[{\"@type\":\"ReadAction\",\"target\":[\"https:\/\/profertil.eu\/fr\/infertilite\/step-by-step\/\"]}]},{\"@type\":\"ImageObject\",\"inLanguage\":\"fr-FR\",\"@id\":\"https:\/\/profertil.eu\/fr\/infertilite\/step-by-step\/#primaryimage\",\"url\":\"https:\/\/i0.wp.com\/profertil.eu\/wp-content\/uploads\/2019\/06\/stufenplan-zum-wunschkind.jpg?fit=2048%2C500&ssl=1\",\"contentUrl\":\"https:\/\/i0.wp.com\/profertil.eu\/wp-content\/uploads\/2019\/06\/stufenplan-zum-wunschkind.jpg?fit=2048%2C500&ssl=1\",\"width\":2048,\"height\":500,\"caption\":\"Geschwisterpaar\"},{\"@type\":\"BreadcrumbList\",\"@id\":\"https:\/\/profertil.eu\/fr\/infertilite\/step-by-step\/#breadcrumb\",\"itemListElement\":[{\"@type\":\"ListItem\",\"position\":1,\"name\":\"Home\",\"item\":\"https:\/\/profertil.eu\/fr\/\"},{\"@type\":\"ListItem\",\"position\":2,\"name\":\"Infertilit\u00e9\",\"item\":\"https:\/\/profertil.eu\/fr\/infertilite\/\"},{\"@type\":\"ListItem\",\"position\":3,\"name\":\"Pas \u00e0 pas\"}]},{\"@type\":\"WebSite\",\"@id\":\"https:\/\/profertil.eu\/#website\",\"url\":\"https:\/\/profertil.eu\/\",\"name\":\"PROFERTIL\",\"description\":\"No. 1 proven efficacy in male fertility\",\"publisher\":{\"@id\":\"https:\/\/profertil.eu\/#organization\"},\"potentialAction\":[{\"@type\":\"SearchAction\",\"target\":{\"@type\":\"EntryPoint\",\"urlTemplate\":\"https:\/\/profertil.eu\/?s={search_term_string}\"},\"query-input\":{\"@type\":\"PropertyValueSpecification\",\"valueRequired\":true,\"valueName\":\"search_term_string\"}}],\"inLanguage\":\"fr-FR\"},{\"@type\":\"Organization\",\"@id\":\"https:\/\/profertil.eu\/#organization\",\"name\":\"PROFERTIL\",\"url\":\"https:\/\/profertil.eu\/\",\"logo\":{\"@type\":\"ImageObject\",\"inLanguage\":\"fr-FR\",\"@id\":\"https:\/\/profertil.eu\/#\/schema\/logo\/image\/\",\"url\":\"https:\/\/profertil.eu\/wp-content\/uploads\/2025\/10\/PROFERTIL-logo-2025.svg\",\"contentUrl\":\"https:\/\/profertil.eu\/wp-content\/uploads\/2025\/10\/PROFERTIL-logo-2025.svg\",\"caption\":\"PROFERTIL\"},\"image\":{\"@id\":\"https:\/\/profertil.eu\/#\/schema\/logo\/image\/\"}}]}<\/script>\n<!-- \/ Yoast SEO plugin. -->","yoast_head_json":{"title":"Pas \u00e0 pas vers l'enfant souhait\u00e9","description":"Guide \u00e9tape par \u00e9tape pour une conception r\u00e9ussie avec PROFERTIL\u00ae. La composition \u00e9prouv\u00e9e par les \u00e9tudes soutient de mani\u00e8re fiable la fertilit\u00e9 masculine.","robots":{"index":"index","follow":"follow","max-snippet":"max-snippet:-1","max-image-preview":"max-image-preview:large","max-video-preview":"max-video-preview:-1"},"canonical":"https:\/\/profertil.eu\/fr\/infertilite\/step-by-step\/","og_locale":"fr_FR","og_type":"article","og_title":"Pas \u00e0 pas vers l'enfant souhait\u00e9","og_description":"Guide \u00e9tape par \u00e9tape pour une conception r\u00e9ussie avec PROFERTIL\u00ae. La composition \u00e9prouv\u00e9e par les \u00e9tudes soutient de mani\u00e8re fiable la fertilit\u00e9 masculine.","og_url":"https:\/\/profertil.eu\/fr\/infertilite\/step-by-step\/","og_site_name":"PROFERTIL","article_modified_time":"2021-02-24T22:23:56+00:00","og_image":[{"width":2048,"height":500,"url":"https:\/\/profertil.eu\/wp-content\/uploads\/2019\/06\/stufenplan-zum-wunschkind.jpg","type":"image\/jpeg"}],"twitter_card":"summary_large_image","twitter_misc":{"Dur\u00e9e de lecture estim\u00e9e":"4 minutes"},"schema":{"@context":"https:\/\/schema.org","@graph":[{"@type":"WebPage","@id":"https:\/\/profertil.eu\/fr\/infertilite\/step-by-step\/","url":"https:\/\/profertil.eu\/fr\/infertilite\/step-by-step\/","name":"Pas \u00e0 pas vers l'enfant souhait\u00e9","isPartOf":{"@id":"https:\/\/profertil.eu\/#website"},"primaryImageOfPage":{"@id":"https:\/\/profertil.eu\/fr\/infertilite\/step-by-step\/#primaryimage"},"image":{"@id":"https:\/\/profertil.eu\/fr\/infertilite\/step-by-step\/#primaryimage"},"thumbnailUrl":"https:\/\/i0.wp.com\/profertil.eu\/wp-content\/uploads\/2019\/06\/stufenplan-zum-wunschkind.jpg?fit=2048%2C500&ssl=1","datePublished":"2019-06-11T11:19:50+00:00","dateModified":"2021-02-24T22:23:56+00:00","description":"Guide \u00e9tape par \u00e9tape pour une conception r\u00e9ussie avec PROFERTIL\u00ae. La composition \u00e9prouv\u00e9e par les \u00e9tudes soutient de mani\u00e8re fiable la fertilit\u00e9 masculine.","breadcrumb":{"@id":"https:\/\/profertil.eu\/fr\/infertilite\/step-by-step\/#breadcrumb"},"inLanguage":"fr-FR","potentialAction":[{"@type":"ReadAction","target":["https:\/\/profertil.eu\/fr\/infertilite\/step-by-step\/"]}]},{"@type":"ImageObject","inLanguage":"fr-FR","@id":"https:\/\/profertil.eu\/fr\/infertilite\/step-by-step\/#primaryimage","url":"https:\/\/i0.wp.com\/profertil.eu\/wp-content\/uploads\/2019\/06\/stufenplan-zum-wunschkind.jpg?fit=2048%2C500&ssl=1","contentUrl":"https:\/\/i0.wp.com\/profertil.eu\/wp-content\/uploads\/2019\/06\/stufenplan-zum-wunschkind.jpg?fit=2048%2C500&ssl=1","width":2048,"height":500,"caption":"Geschwisterpaar"},{"@type":"BreadcrumbList","@id":"https:\/\/profertil.eu\/fr\/infertilite\/step-by-step\/#breadcrumb","itemListElement":[{"@type":"ListItem","position":1,"name":"Home","item":"https:\/\/profertil.eu\/fr\/"},{"@type":"ListItem","position":2,"name":"Infertilit\u00e9","item":"https:\/\/profertil.eu\/fr\/infertilite\/"},{"@type":"ListItem","position":3,"name":"Pas \u00e0 pas"}]},{"@type":"WebSite","@id":"https:\/\/profertil.eu\/#website","url":"https:\/\/profertil.eu\/","name":"PROFERTIL","description":"No. 1 proven efficacy in male fertility","publisher":{"@id":"https:\/\/profertil.eu\/#organization"},"potentialAction":[{"@type":"SearchAction","target":{"@type":"EntryPoint","urlTemplate":"https:\/\/profertil.eu\/?s={search_term_string}"},"query-input":{"@type":"PropertyValueSpecification","valueRequired":true,"valueName":"search_term_string"}}],"inLanguage":"fr-FR"},{"@type":"Organization","@id":"https:\/\/profertil.eu\/#organization","name":"PROFERTIL","url":"https:\/\/profertil.eu\/","logo":{"@type":"ImageObject","inLanguage":"fr-FR","@id":"https:\/\/profertil.eu\/#\/schema\/logo\/image\/","url":"https:\/\/profertil.eu\/wp-content\/uploads\/2025\/10\/PROFERTIL-logo-2025.svg","contentUrl":"https:\/\/profertil.eu\/wp-content\/uploads\/2025\/10\/PROFERTIL-logo-2025.svg","caption":"PROFERTIL"},"image":{"@id":"https:\/\/profertil.eu\/#\/schema\/logo\/image\/"}}]}},"_links":{"self":[{"href":"https:\/\/profertil.eu\/fr\/wp-json\/wp\/v2\/pages\/6362","targetHints":{"allow":["GET"]}}],"collection":[{"href":"https:\/\/profertil.eu\/fr\/wp-json\/wp\/v2\/pages"}],"about":[{"href":"https:\/\/profertil.eu\/fr\/wp-json\/wp\/v2\/types\/page"}],"author":[{"embeddable":true,"href":"https:\/\/profertil.eu\/fr\/wp-json\/wp\/v2\/users\/1"}],"replies":[{"embeddable":true,"href":"https:\/\/profertil.eu\/fr\/wp-json\/wp\/v2\/comments?post=6362"}],"version-history":[{"count":2,"href":"https:\/\/profertil.eu\/fr\/wp-json\/wp\/v2\/pages\/6362\/revisions"}],"predecessor-version":[{"id":6958,"href":"https:\/\/profertil.eu\/fr\/wp-json\/wp\/v2\/pages\/6362\/revisions\/6958"}],"up":[{"embeddable":true,"href":"https:\/\/profertil.eu\/fr\/wp-json\/wp\/v2\/pages\/6326"}],"wp:featuredmedia":[{"embeddable":true,"href":"https:\/\/profertil.eu\/fr\/wp-json\/wp\/v2\/media\/833"}],"wp:attachment":[{"href":"https:\/\/profertil.eu\/fr\/wp-json\/wp\/v2\/media?parent=6362"}],"wp:term":[{"taxonomy":"category","embeddable":true,"href":"https:\/\/profertil.eu\/fr\/wp-json\/wp\/v2\/categories?post=6362"},{"taxonomy":"post_tag","embeddable":true,"href":"https:\/\/profertil.eu\/fr\/wp-json\/wp\/v2\/tags?post=6362"}],"curies":[{"name":"wp","href":"https:\/\/api.w.org\/{rel}","templated":true}]}}