 {"id":6346,"date":"2019-06-11T13:02:06","date_gmt":"2019-06-11T11:02:06","guid":{"rendered":"https:\/\/profertil.eu\/infertilite\/diagnostic\/"},"modified":"2023-10-09T10:19:56","modified_gmt":"2023-10-09T08:19:56","slug":"diagnostic","status":"publish","type":"page","link":"https:\/\/profertil.eu\/fr\/infertilite\/diagnostic\/","title":{"rendered":"Diagnostic"},"content":{"rendered":"\n<div class=\"wp-block-cover alignfull\"><img data-recalc-dims=\"1\" loading=\"lazy\" decoding=\"async\" width=\"1024\" height=\"250\" class=\"wp-block-cover__image-background wp-image-784\" alt=\"\" src=\"https:\/\/i0.wp.com\/staging.netzkundig.com\/profertil-fr\/wp-content\/uploads\/2019\/05\/diagnose.jpg?resize=1024%2C250&#038;ssl=1\" style=\"object-position:11% 14%\" data-object-fit=\"cover\" data-object-position=\"11% 14%\" srcset=\"https:\/\/i0.wp.com\/profertil.eu\/wp-content\/uploads\/2019\/05\/diagnose.jpg?w=2048&amp;ssl=1 2048w, https:\/\/i0.wp.com\/profertil.eu\/wp-content\/uploads\/2019\/05\/diagnose.jpg?resize=300%2C73&amp;ssl=1 300w, https:\/\/i0.wp.com\/profertil.eu\/wp-content\/uploads\/2019\/05\/diagnose.jpg?resize=768%2C188&amp;ssl=1 768w, https:\/\/i0.wp.com\/profertil.eu\/wp-content\/uploads\/2019\/05\/diagnose.jpg?resize=1024%2C250&amp;ssl=1 1024w\" sizes=\"auto, (max-width: 1024px) 100vw, 1024px\" \/><div class=\"wp-block-cover__inner-container is-layout-flow wp-block-cover-is-layout-flow\">\n<h1 class=\"has-text-align-right has-red-color has-text-color wp-block-heading\">LA FERTILIT\u00c9!<\/h1>\n\n\n\n<p><\/p>\n<\/div><\/div>\n\n\n\n<div class=\"wp-block-group alignfull window-height minus-header center has-white-background-color has-background\"><div class=\"wp-block-group__inner-container is-layout-flow wp-block-group-is-layout-flow\">\n<div style=\"height:50px\" aria-hidden=\"true\" class=\"wp-block-spacer\"><\/div>\n\n\n\n<h2 class=\"has-text-align-center has-light-grey-color has-text-color wp-block-heading\">LA PREMI\u00c8RE \u00c9TAPE VERS LA JOIE D\u2019UNE NAISSANCE<\/h2>\n\n\n\n<div style=\"height:50px\" aria-hidden=\"true\" class=\"wp-block-spacer\"><\/div>\n\n\n\n<p class=\"has-text-align-center medium-width\">S\u2019il n\u2019est toujours pas possible d\u2019avoir des enfants apr\u00e8s un an de rapports sexuels non prot\u00e9g\u00e9s, une \u00e9valuation m\u00e9dicale est requise. L\u2019OMS d\u00e9finit l\u2019infertilit\u00e9 comme \u00ab&nbsp;un d\u00e9faut de conception sur une p\u00e9riode de douze mois, \u00e0 condition d\u2019avoir des rapports sexuels r\u00e9guliers et non prot\u00e9g\u00e9s&nbsp;\u00bb. Un diagnostic exact est d\u00e9cisif pour trouver la bonne m\u00e9thode de traitement.<\/p>\n\n\n\n<p class=\"has-text-align-center medium-width\">La fertilit\u00e9 d\u2019un homme d\u00e9pend, entre autres, de la possibilit\u00e9 de d\u00e9poser un nombre suffisamment important de spermatozo\u00efdes matures et fonctionnels dans le tractus g\u00e9nital f\u00e9minin au moment de l\u2019ovulation. Tout couple qui souhaite avoir des enfants doit savoir que les fonctions de reproduction masculine et f\u00e9minine doivent fonctionner ensemble. Pour cette raison, l\u2019\u00e9valuation diagnostique est d\u2019\u00e9gale importance pour les hommes et les femmes.<\/p>\n\n\n\n<div class=\"wp-block-image\"><figure class=\"aligncenter size-full is-resized\"><img data-recalc-dims=\"1\" loading=\"lazy\" decoding=\"async\" src=\"https:\/\/i0.wp.com\/profertil.eu\/wp-content\/uploads\/2019\/05\/schnuller.jpg?resize=357%2C250&#038;ssl=1\" alt=\"\" class=\"wp-image-6806\" width=\"357\" height=\"250\" srcset=\"https:\/\/i0.wp.com\/profertil.eu\/wp-content\/uploads\/2019\/05\/schnuller.jpg?w=713&amp;ssl=1 713w, https:\/\/i0.wp.com\/profertil.eu\/wp-content\/uploads\/2019\/05\/schnuller.jpg?resize=300%2C210&amp;ssl=1 300w\" sizes=\"auto, (max-width: 357px) 100vw, 357px\" \/><\/figure><\/div>\n\n\n\n<div style=\"height:50px\" aria-hidden=\"true\" class=\"wp-block-spacer\"><\/div>\n\n\n\n\n\n<div id=\"anchorlink-block_5cf1469556d6c\" class=\"anchorlink dark \">\n            <a href=\"#section2\" data-smooth-scroll data-animation-duration=\"750\" data-animation-easing=\"swing\" data-offset=\"-23\"><i class=\"material-icons pro-pulse\">expand_more<\/i><\/a>\n    <\/div>\n\n\n<div style=\"height:50px\" aria-hidden=\"true\" class=\"wp-block-spacer\"><\/div>\n<\/div><\/div>\n\n\n\n<div class=\"wp-block-group alignfull window-height center has-blue-gradient-background-color has-background\" id=\"section2\"><div class=\"wp-block-group__inner-container is-layout-flow wp-block-group-is-layout-flow\">\n<div style=\"height:50px\" aria-hidden=\"true\" class=\"wp-block-spacer\"><\/div>\n\n\n\n<h2 class=\"has-text-align-center has-white-color has-text-color wp-block-heading\">L\u2019ANDROLOGISTE <em>(m)<\/em><\/h2>\n\n\n\n<h4 class=\"has-text-align-center wp-block-heading\"><em>Expert en infertilit\u00e9 masculine<\/em><\/h4>\n\n\n\n<div style=\"height:50px\" aria-hidden=\"true\" class=\"wp-block-spacer\"><\/div>\n\n\n\n<div class=\"wp-block-columns has-2-columns is-layout-flex wp-container-core-columns-is-layout-1 wp-block-columns-is-layout-flex\">\n<div class=\"wp-block-column is-layout-flow wp-block-column-is-layout-flow\">\n<p>L\u2019andrologie traite de la \u00absant\u00e9 reproductive des hommes\u00bb et est un domaine sp\u00e9cialis\u00e9 de l\u2019urologie. En ces termes, c\u2019est l\u2019homologue masculin de la gyn\u00e9cologie. Un examen andrologique commence par \u00e9valuer les ant\u00e9c\u00e9dents m\u00e9dicaux du patient. Le m\u00e9decin pose des questions sur l\u2019enfance du patient et son d\u00e9veloppement \u00e0 la pubert\u00e9. Les questions initiales \u00e9valuent \u00e9galement le comportement sexuel dans la relation (fr\u00e9quence des rapports sexuels, etc.). Ceci est suivi d\u2019un examen physique des organes g\u00e9nitaux externes et d\u2019un examen \u00e9chographique des testicules.<\/p>\n<\/div>\n\n\n\n<div class=\"wp-block-column is-layout-flow wp-block-column-is-layout-flow\">\n<p>Le processus peut \u00e9galement impliquer la d\u00e9termination des param\u00e8tres de laboratoire pertinents (par exemple, la testost\u00e9rone, la FSH, la LH, la prolactine). L\u2019objectif de l\u2019examen est d\u2019analyser pr\u00e9cis\u00e9ment le liquide s\u00e9minal. Un spermogramme joue un r\u00f4le important dans l\u2019identification de l\u2019infertilit\u00e9 masculine possible. Cette analyse consiste \u00e0 examiner la qualit\u00e9 des spermatozo\u00efdes au microscope pour d\u00e9terminer les chances de r\u00e9ussite de la procr\u00e9ation. Les experts examinent le nombre, la mobilit\u00e9 et la forme du sperme.<\/p>\n<\/div>\n<\/div>\n\n\n\n<div style=\"height:50px\" aria-hidden=\"true\" class=\"wp-block-spacer\"><\/div>\n\n\n\n\n\n<div id=\"anchorlink-block_5cf1478256d6d\" class=\"anchorlink light \">\n            <a href=\"#section3\" data-smooth-scroll data-animation-duration=\"750\" data-animation-easing=\"swing\" data-offset=\"-23\"><i class=\"material-icons pro-pulse\">expand_more<\/i><\/a>\n    <\/div><\/div><\/div>\n\n\n\n<div class=\"wp-block-group alignfull window-height center has-red-gradient-background-color has-background\" id=\"section3\"><div class=\"wp-block-group__inner-container is-layout-flow wp-block-group-is-layout-flow\">\n<div style=\"height:50px\" aria-hidden=\"true\" class=\"wp-block-spacer\"><\/div>\n\n\n\n<h2 class=\"has-text-align-center has-white-color has-text-color wp-block-heading\">CE QUE VOTRE M\u00c9DECIN DEVRAIT SAVOIR:<\/h2>\n\n\n\n<div style=\"height:50px\" aria-hidden=\"true\" class=\"wp-block-spacer\"><\/div>\n\n\n\n<p class=\"has-text-align-center\">Les ant\u00e9c\u00e9dents d\u2019un patient peuvent fournir des indications importantes de troubles possibles.<\/p>\n\n\n\n<div style=\"height:50px\" aria-hidden=\"true\" class=\"wp-block-spacer\"><\/div>\n\n\n\n<p>Pour cette raison, vous devez informer votre m\u00e9decin des \u00e9l\u00e9ments suivants:<\/p>\n\n\n\n<ul class=\"wp-block-list\"><li>&nbsp;Maladies g\u00e9n\u00e9rales<\/li><li>&nbsp; Oreillons apr\u00e8s la pubert\u00e9<\/li><li>&nbsp; L\u00e9sions testiculaires<\/li><li>&nbsp; Op\u00e9rations (par exemple hernie inguinale)<\/li><li>&nbsp; Varices<\/li><li>&nbsp; Traitement m\u00e9dical en raison d\u2019un ou des deux testicules \u00e0 l\u2019ext\u00e9rieur du scrotum \u00e0 la naissance<\/li><li>&nbsp; Infections de la vessie<\/li><li>&nbsp; Diab\u00e8te<\/li><li>&nbsp; Troubles thyro\u00efdiens<\/li><li>&nbsp; Radioth\u00e9rapies<\/li><li>&nbsp; Maladies v\u00e9n\u00e9riennes<\/li><li>&nbsp; Nicotine, alcool ou drogues<\/li><li>&nbsp; Exposition possible au poison environnemental<\/li><li>&nbsp; M\u00e9dicaments pris par la m\u00e8re pendant la grossesse<\/li><li>&nbsp; Maladies h\u00e9r\u00e9ditaires dans la famille<\/li><\/ul>\n\n\n\n<div style=\"height:50px\" aria-hidden=\"true\" class=\"wp-block-spacer\"><\/div>\n\n\n\n\n\n<div id=\"anchorlink-block_5cf1491277201\" class=\"anchorlink light \">\n            <a href=\"#section4\" data-smooth-scroll data-animation-duration=\"750\" data-animation-easing=\"swing\" data-offset=\"-23\"><i class=\"material-icons pro-pulse\">expand_more<\/i><\/a>\n    <\/div><\/div><\/div>\n\n\n\n<div class=\"wp-block-group alignfull window-height center has-blue-gradient-background-color has-background\" id=\"section4\"><div class=\"wp-block-group__inner-container is-layout-flow wp-block-group-is-layout-flow\">\n<div style=\"height:50px\" aria-hidden=\"true\" class=\"wp-block-spacer\"><\/div>\n\n\n\n<h2 class=\"has-text-align-center has-light-grey-color has-text-color wp-block-heading\">CE QUI PEUT AIDER<\/h2>\n\n\n\n<h2 class=\"has-text-align-center has-white-color has-text-color wp-block-heading\">PROFERTIL<sup>\u00ae<\/sup>&nbsp;EST LA SOLUTION TEST\u00c9E<\/h2>\n\n\n\n<div style=\"height:50px\" aria-hidden=\"true\" class=\"wp-block-spacer\"><\/div>\n\n\n\n<div class=\"wp-block-image\"><figure class=\"aligncenter size-full is-resized\"><img data-recalc-dims=\"1\" loading=\"lazy\" decoding=\"async\" src=\"https:\/\/i0.wp.com\/profertil.eu\/wp-content\/uploads\/2023\/10\/Capsule-spermium_animation_2023_for-black-backgrounds-2.gif?resize=467%2C50&#038;ssl=1\" alt=\"\" class=\"wp-image-21771\" width=\"467\" height=\"50\"\/><\/figure><\/div>\n\n\n\n<div style=\"height:50px\" aria-hidden=\"true\" class=\"wp-block-spacer\"><\/div>\n\n\n\n<p class=\"has-text-align-center\"><strong>Changements de mode de vie sain:<\/strong><br>&nbsp;Par exemple, une alimentation \u00e9quilibr\u00e9e, l\u2019arr\u00eat de la nicotine et de l\u2019alcool, une activit\u00e9 sportive et une relaxation r\u00e9guli\u00e8re<\/p>\n\n\n\n<p class=\"has-text-align-center\"><strong><strong>Normalisation du poids&nbsp;<\/strong><\/strong><\/p>\n\n\n\n<p class=\"has-text-align-center\"><strong><strong>Psychoth\u00e9rapie<\/strong><\/strong><\/p>\n\n\n\n<p class=\"has-text-align-center\"><strong>Aide m\u00e9dicale \u00e0 la reproduction<\/strong><br>Par exemple. ins\u00e9mination, f\u00e9condation in vitro ou ICSI (injection intracytoplasmique de spermatozo\u00efdes)<\/p>\n\n\n\n<div style=\"height:50px\" aria-hidden=\"true\" class=\"wp-block-spacer\"><\/div>\n\n\n\n\n\n<div id=\"anchorlink-block_5cf14abf77202\" class=\"anchorlink light \">\n            <a href=\"#buynow\" data-smooth-scroll data-animation-duration=\"750\" data-animation-easing=\"swing\" data-offset=\"-23\"><i class=\"material-icons pro-pulse\">expand_more<\/i><\/a>\n    <\/div><\/div><\/div>\n\n\n<div class=\"block-ip-location-container hide-for__DZ\">\n\n<div id=\"buynow\" class=\"wp-block-group window-height minus-footer center\"><div class=\"wp-block-group__inner-container is-layout-flow wp-block-group-is-layout-flow\">\n<div class=\"wp-block-image\"><figure class=\"aligncenter size-large is-resized\"><a href=\"https:\/\/shop.profertil.eu\/\" target=\"_blank\" rel=\"noreferrer noopener\"><img loading=\"lazy\" decoding=\"async\" src=\"https:\/\/profertil.eu\/wp-content\/uploads\/2021\/02\/BUY-NOW-Button-fr-2.svg\" alt=\"\" class=\"wp-image-6949\" width=\"450\" height=\"85\"\/><\/a><\/figure><\/div>\n<\/div><\/div>\n\n<\/div>\n\n","protected":false},"excerpt":{"rendered":"<p>LA PREMI\u00c8RE \u00c9TAPE VERS LA JOIE D\u2019UNE NAISSANCE S\u2019il n\u2019est toujours pas possible d\u2019avoir des enfants apr\u00e8s un an de rapports sexuels non prot\u00e9g\u00e9s, une \u00e9valuation m\u00e9dicale est requise. L\u2019OMS d\u00e9finit l\u2019infertilit\u00e9 comme \u00ab&nbsp;un d\u00e9faut de conception sur une p\u00e9riode de douze mois, \u00e0 condition d\u2019avoir des rapports sexuels r\u00e9guliers et non prot\u00e9g\u00e9s&nbsp;\u00bb. Un diagnostic<a class=\"excerpt-read-more\" href=\"https:\/\/profertil.eu\/fr\/infertilite\/diagnostic\/\" title=\"ReadDiagnostic\">&#8230; Read more &raquo;<\/a><\/p>\n","protected":false},"author":1,"featured_media":784,"parent":6326,"menu_order":3,"comment_status":"closed","ping_status":"closed","template":"template-full-width-no-title.php","meta":{"_acf_changed":false,"pgc_sgb_lightbox_settings":"","footnotes":""},"categories":[],"tags":[],"class_list":["post-6346","page","type-page","status-publish","has-post-thumbnail","hentry"],"acf":[],"yoast_head":"<!-- This site is optimized with the Yoast SEO plugin v26.1 - https:\/\/yoast.com\/wordpress\/plugins\/seo\/ -->\n<title>PROFERTIL\u00ae offre une aide \u00e0 ceux qui ont un d\u00e9sir inassouvi de concevoir<\/title>\n<meta name=\"description\" content=\"PROFERTIL\u00ae est le produit n\u00b01 mondial pour am\u00e9liorer l&#039;infertilit\u00e9 masculine. Un soutien \u00e9prouv\u00e9 par des \u00e9tudes pour l&#039;homme dont le d\u00e9sir de concevoir est inassouvi.\" \/>\n<meta name=\"robots\" content=\"index, follow, max-snippet:-1, max-image-preview:large, max-video-preview:-1\" \/>\n<link rel=\"canonical\" href=\"https:\/\/profertil.eu\/fr\/infertilite\/diagnostic\/\" \/>\n<meta property=\"og:locale\" content=\"fr_FR\" \/>\n<meta property=\"og:type\" content=\"article\" \/>\n<meta property=\"og:title\" content=\"PROFERTIL\u00ae offre une aide \u00e0 ceux qui ont un d\u00e9sir inassouvi de concevoir\" \/>\n<meta property=\"og:description\" content=\"PROFERTIL\u00ae est le produit n\u00b01 mondial pour am\u00e9liorer l&#039;infertilit\u00e9 masculine. Un soutien \u00e9prouv\u00e9 par des \u00e9tudes pour l&#039;homme dont le d\u00e9sir de concevoir est inassouvi.\" \/>\n<meta property=\"og:url\" content=\"https:\/\/profertil.eu\/fr\/infertilite\/diagnostic\/\" \/>\n<meta property=\"og:site_name\" content=\"PROFERTIL\" \/>\n<meta property=\"article:modified_time\" content=\"2023-10-09T08:19:56+00:00\" \/>\n<meta property=\"og:image\" content=\"https:\/\/profertil.eu\/wp-content\/uploads\/2019\/05\/diagnose.jpg\" \/>\n\t<meta property=\"og:image:width\" content=\"2048\" \/>\n\t<meta property=\"og:image:height\" content=\"500\" \/>\n\t<meta property=\"og:image:type\" content=\"image\/jpeg\" \/>\n<meta name=\"twitter:card\" content=\"summary_large_image\" \/>\n<meta name=\"twitter:label1\" content=\"Dur\u00e9e de lecture estim\u00e9e\" \/>\n\t<meta name=\"twitter:data1\" content=\"3 minutes\" \/>\n<script type=\"application\/ld+json\" class=\"yoast-schema-graph\">{\"@context\":\"https:\/\/schema.org\",\"@graph\":[{\"@type\":\"WebPage\",\"@id\":\"https:\/\/profertil.eu\/fr\/infertilite\/diagnostic\/\",\"url\":\"https:\/\/profertil.eu\/fr\/infertilite\/diagnostic\/\",\"name\":\"PROFERTIL\u00ae offre une aide \u00e0 ceux qui ont un d\u00e9sir inassouvi de concevoir\",\"isPartOf\":{\"@id\":\"https:\/\/profertil.eu\/#website\"},\"primaryImageOfPage\":{\"@id\":\"https:\/\/profertil.eu\/fr\/infertilite\/diagnostic\/#primaryimage\"},\"image\":{\"@id\":\"https:\/\/profertil.eu\/fr\/infertilite\/diagnostic\/#primaryimage\"},\"thumbnailUrl\":\"https:\/\/i0.wp.com\/profertil.eu\/wp-content\/uploads\/2019\/05\/diagnose.jpg?fit=2048%2C500&ssl=1\",\"datePublished\":\"2019-06-11T11:02:06+00:00\",\"dateModified\":\"2023-10-09T08:19:56+00:00\",\"description\":\"PROFERTIL\u00ae est le produit n\u00b01 mondial pour am\u00e9liorer l'infertilit\u00e9 masculine. Un soutien \u00e9prouv\u00e9 par des \u00e9tudes pour l'homme dont le d\u00e9sir de concevoir est inassouvi.\",\"breadcrumb\":{\"@id\":\"https:\/\/profertil.eu\/fr\/infertilite\/diagnostic\/#breadcrumb\"},\"inLanguage\":\"fr-FR\",\"potentialAction\":[{\"@type\":\"ReadAction\",\"target\":[\"https:\/\/profertil.eu\/fr\/infertilite\/diagnostic\/\"]}]},{\"@type\":\"ImageObject\",\"inLanguage\":\"fr-FR\",\"@id\":\"https:\/\/profertil.eu\/fr\/infertilite\/diagnostic\/#primaryimage\",\"url\":\"https:\/\/i0.wp.com\/profertil.eu\/wp-content\/uploads\/2019\/05\/diagnose.jpg?fit=2048%2C500&ssl=1\",\"contentUrl\":\"https:\/\/i0.wp.com\/profertil.eu\/wp-content\/uploads\/2019\/05\/diagnose.jpg?fit=2048%2C500&ssl=1\",\"width\":2048,\"height\":500,\"caption\":\"crying man facing fertility issues\"},{\"@type\":\"BreadcrumbList\",\"@id\":\"https:\/\/profertil.eu\/fr\/infertilite\/diagnostic\/#breadcrumb\",\"itemListElement\":[{\"@type\":\"ListItem\",\"position\":1,\"name\":\"Home\",\"item\":\"https:\/\/profertil.eu\/fr\/\"},{\"@type\":\"ListItem\",\"position\":2,\"name\":\"Infertilit\u00e9\",\"item\":\"https:\/\/profertil.eu\/fr\/infertilite\/\"},{\"@type\":\"ListItem\",\"position\":3,\"name\":\"Diagnostic\"}]},{\"@type\":\"WebSite\",\"@id\":\"https:\/\/profertil.eu\/#website\",\"url\":\"https:\/\/profertil.eu\/\",\"name\":\"PROFERTIL\",\"description\":\"No. 1 proven efficacy in male fertility\",\"publisher\":{\"@id\":\"https:\/\/profertil.eu\/#organization\"},\"potentialAction\":[{\"@type\":\"SearchAction\",\"target\":{\"@type\":\"EntryPoint\",\"urlTemplate\":\"https:\/\/profertil.eu\/?s={search_term_string}\"},\"query-input\":{\"@type\":\"PropertyValueSpecification\",\"valueRequired\":true,\"valueName\":\"search_term_string\"}}],\"inLanguage\":\"fr-FR\"},{\"@type\":\"Organization\",\"@id\":\"https:\/\/profertil.eu\/#organization\",\"name\":\"PROFERTIL\",\"url\":\"https:\/\/profertil.eu\/\",\"logo\":{\"@type\":\"ImageObject\",\"inLanguage\":\"fr-FR\",\"@id\":\"https:\/\/profertil.eu\/#\/schema\/logo\/image\/\",\"url\":\"https:\/\/profertil.eu\/wp-content\/uploads\/2025\/10\/PROFERTIL-logo-2025.svg\",\"contentUrl\":\"https:\/\/profertil.eu\/wp-content\/uploads\/2025\/10\/PROFERTIL-logo-2025.svg\",\"caption\":\"PROFERTIL\"},\"image\":{\"@id\":\"https:\/\/profertil.eu\/#\/schema\/logo\/image\/\"}}]}<\/script>\n<!-- \/ Yoast SEO plugin. -->","yoast_head_json":{"title":"PROFERTIL\u00ae offre une aide \u00e0 ceux qui ont un d\u00e9sir inassouvi de concevoir","description":"PROFERTIL\u00ae est le produit n\u00b01 mondial pour am\u00e9liorer l'infertilit\u00e9 masculine. Un soutien \u00e9prouv\u00e9 par des \u00e9tudes pour l'homme dont le d\u00e9sir de concevoir est inassouvi.","robots":{"index":"index","follow":"follow","max-snippet":"max-snippet:-1","max-image-preview":"max-image-preview:large","max-video-preview":"max-video-preview:-1"},"canonical":"https:\/\/profertil.eu\/fr\/infertilite\/diagnostic\/","og_locale":"fr_FR","og_type":"article","og_title":"PROFERTIL\u00ae offre une aide \u00e0 ceux qui ont un d\u00e9sir inassouvi de concevoir","og_description":"PROFERTIL\u00ae est le produit n\u00b01 mondial pour am\u00e9liorer l'infertilit\u00e9 masculine. Un soutien \u00e9prouv\u00e9 par des \u00e9tudes pour l'homme dont le d\u00e9sir de concevoir est inassouvi.","og_url":"https:\/\/profertil.eu\/fr\/infertilite\/diagnostic\/","og_site_name":"PROFERTIL","article_modified_time":"2023-10-09T08:19:56+00:00","og_image":[{"width":2048,"height":500,"url":"https:\/\/profertil.eu\/wp-content\/uploads\/2019\/05\/diagnose.jpg","type":"image\/jpeg"}],"twitter_card":"summary_large_image","twitter_misc":{"Dur\u00e9e de lecture estim\u00e9e":"3 minutes"},"schema":{"@context":"https:\/\/schema.org","@graph":[{"@type":"WebPage","@id":"https:\/\/profertil.eu\/fr\/infertilite\/diagnostic\/","url":"https:\/\/profertil.eu\/fr\/infertilite\/diagnostic\/","name":"PROFERTIL\u00ae offre une aide \u00e0 ceux qui ont un d\u00e9sir inassouvi de concevoir","isPartOf":{"@id":"https:\/\/profertil.eu\/#website"},"primaryImageOfPage":{"@id":"https:\/\/profertil.eu\/fr\/infertilite\/diagnostic\/#primaryimage"},"image":{"@id":"https:\/\/profertil.eu\/fr\/infertilite\/diagnostic\/#primaryimage"},"thumbnailUrl":"https:\/\/i0.wp.com\/profertil.eu\/wp-content\/uploads\/2019\/05\/diagnose.jpg?fit=2048%2C500&ssl=1","datePublished":"2019-06-11T11:02:06+00:00","dateModified":"2023-10-09T08:19:56+00:00","description":"PROFERTIL\u00ae est le produit n\u00b01 mondial pour am\u00e9liorer l'infertilit\u00e9 masculine. Un soutien \u00e9prouv\u00e9 par des \u00e9tudes pour l'homme dont le d\u00e9sir de concevoir est inassouvi.","breadcrumb":{"@id":"https:\/\/profertil.eu\/fr\/infertilite\/diagnostic\/#breadcrumb"},"inLanguage":"fr-FR","potentialAction":[{"@type":"ReadAction","target":["https:\/\/profertil.eu\/fr\/infertilite\/diagnostic\/"]}]},{"@type":"ImageObject","inLanguage":"fr-FR","@id":"https:\/\/profertil.eu\/fr\/infertilite\/diagnostic\/#primaryimage","url":"https:\/\/i0.wp.com\/profertil.eu\/wp-content\/uploads\/2019\/05\/diagnose.jpg?fit=2048%2C500&ssl=1","contentUrl":"https:\/\/i0.wp.com\/profertil.eu\/wp-content\/uploads\/2019\/05\/diagnose.jpg?fit=2048%2C500&ssl=1","width":2048,"height":500,"caption":"crying man facing fertility issues"},{"@type":"BreadcrumbList","@id":"https:\/\/profertil.eu\/fr\/infertilite\/diagnostic\/#breadcrumb","itemListElement":[{"@type":"ListItem","position":1,"name":"Home","item":"https:\/\/profertil.eu\/fr\/"},{"@type":"ListItem","position":2,"name":"Infertilit\u00e9","item":"https:\/\/profertil.eu\/fr\/infertilite\/"},{"@type":"ListItem","position":3,"name":"Diagnostic"}]},{"@type":"WebSite","@id":"https:\/\/profertil.eu\/#website","url":"https:\/\/profertil.eu\/","name":"PROFERTIL","description":"No. 1 proven efficacy in male fertility","publisher":{"@id":"https:\/\/profertil.eu\/#organization"},"potentialAction":[{"@type":"SearchAction","target":{"@type":"EntryPoint","urlTemplate":"https:\/\/profertil.eu\/?s={search_term_string}"},"query-input":{"@type":"PropertyValueSpecification","valueRequired":true,"valueName":"search_term_string"}}],"inLanguage":"fr-FR"},{"@type":"Organization","@id":"https:\/\/profertil.eu\/#organization","name":"PROFERTIL","url":"https:\/\/profertil.eu\/","logo":{"@type":"ImageObject","inLanguage":"fr-FR","@id":"https:\/\/profertil.eu\/#\/schema\/logo\/image\/","url":"https:\/\/profertil.eu\/wp-content\/uploads\/2025\/10\/PROFERTIL-logo-2025.svg","contentUrl":"https:\/\/profertil.eu\/wp-content\/uploads\/2025\/10\/PROFERTIL-logo-2025.svg","caption":"PROFERTIL"},"image":{"@id":"https:\/\/profertil.eu\/#\/schema\/logo\/image\/"}}]}},"_links":{"self":[{"href":"https:\/\/profertil.eu\/fr\/wp-json\/wp\/v2\/pages\/6346","targetHints":{"allow":["GET"]}}],"collection":[{"href":"https:\/\/profertil.eu\/fr\/wp-json\/wp\/v2\/pages"}],"about":[{"href":"https:\/\/profertil.eu\/fr\/wp-json\/wp\/v2\/types\/page"}],"author":[{"embeddable":true,"href":"https:\/\/profertil.eu\/fr\/wp-json\/wp\/v2\/users\/1"}],"replies":[{"embeddable":true,"href":"https:\/\/profertil.eu\/fr\/wp-json\/wp\/v2\/comments?post=6346"}],"version-history":[{"count":4,"href":"https:\/\/profertil.eu\/fr\/wp-json\/wp\/v2\/pages\/6346\/revisions"}],"predecessor-version":[{"id":21779,"href":"https:\/\/profertil.eu\/fr\/wp-json\/wp\/v2\/pages\/6346\/revisions\/21779"}],"up":[{"embeddable":true,"href":"https:\/\/profertil.eu\/fr\/wp-json\/wp\/v2\/pages\/6326"}],"wp:featuredmedia":[{"embeddable":true,"href":"https:\/\/profertil.eu\/fr\/wp-json\/wp\/v2\/media\/784"}],"wp:attachment":[{"href":"https:\/\/profertil.eu\/fr\/wp-json\/wp\/v2\/media?parent=6346"}],"wp:term":[{"taxonomy":"category","embeddable":true,"href":"https:\/\/profertil.eu\/fr\/wp-json\/wp\/v2\/categories?post=6346"},{"taxonomy":"post_tag","embeddable":true,"href":"https:\/\/profertil.eu\/fr\/wp-json\/wp\/v2\/tags?post=6346"}],"curies":[{"name":"wp","href":"https:\/\/api.w.org\/{rel}","templated":true}]}}