 {"id":6327,"date":"2019-06-11T12:36:40","date_gmt":"2019-06-11T10:36:40","guid":{"rendered":"https:\/\/profertil.eu\/infertilite\/facteur-masculin\/"},"modified":"2021-02-24T23:22:35","modified_gmt":"2021-02-24T22:22:35","slug":"facteur-masculin","status":"publish","type":"page","link":"https:\/\/profertil.eu\/fr\/infertilite\/facteur-masculin\/","title":{"rendered":"Le \u00abfacteur masculin\u00bb"},"content":{"rendered":"\n<div class=\"wp-block-cover alignfull\" style=\"background-image:url(https:\/\/staging.netzkundig.com\/profertil-fr\/wp-content\/uploads\/2019\/05\/Kopf.jpg);background-position:91% 0%\"><div class=\"wp-block-cover__inner-container is-layout-flow wp-block-cover-is-layout-flow\">\n<h1 class=\"has-text-align-left wp-block-heading\">UN R\u00d4LE <span class=\"has-red-color\">D\u2019HOMME<\/span><\/h1>\n<\/div><\/div>\n\n\n\n<div class=\"wp-block-group alignfull window-height minus-header center has-blue-gradient-background-color has-background\"><div class=\"wp-block-group__inner-container is-layout-flow wp-block-group-is-layout-flow\">\n<div style=\"height:50px\" aria-hidden=\"true\" class=\"wp-block-spacer\"><\/div>\n\n\n\n<h2 class=\"has-text-align-center has-light-grey-color has-text-color wp-block-heading\">QUE PEUT FAIRE UN HOMME?<\/h2>\n\n\n\n<div style=\"height:50px\" aria-hidden=\"true\" class=\"wp-block-spacer\"><\/div>\n\n\n\n<div class=\"wp-block-columns has-2-columns is-layout-flex wp-container-core-columns-is-layout-1 wp-block-columns-is-layout-flex\">\n<div class=\"wp-block-column is-layout-flow wp-block-column-is-layout-flow\">\n<p class=\"has-white-color has-text-color\">Comme le dit le vieil adage: \u00ab&nbsp;Dans la vie, un homme doit construire une maison, planter un arbre et avoir un enfant.&nbsp;\u00bb Les deux premi\u00e8res t\u00e2ches sont relativement faciles \u00e0 accomplir. Avoir un enfant, cependant, est un r\u00eave que de plus en plus d\u2019hommes trouvent difficile et m\u00eame impossible \u00e0 r\u00e9aliser dans le monde d\u2019aujourd\u2019hui.<\/p>\n<\/div>\n\n\n\n<div class=\"wp-block-column is-layout-flow wp-block-column-is-layout-flow\">\n<p class=\"has-white-color has-text-color\">Pour diverses raisons, de moins en moins d\u2019enfants naissent dans le monde. Actuellement, 10 \u00e0 15% de tous les couples dans le monde sont involontairement sans enfant. Les causes de l\u2019infertilit\u00e9 sont r\u00e9parties \u00e9galement entre les femmes (le \u00ab&nbsp;facteur f\u00e9minin&nbsp;\u00bb) et les hommes (le \u00ab&nbsp;facteur masculin&nbsp;\u00bb), c\u2019est-\u00e0-dire 50:50, une combinaison des deux.<\/p>\n<\/div>\n<\/div>\n\n\n\n<div style=\"height:50px\" aria-hidden=\"true\" class=\"wp-block-spacer\"><\/div>\n\n\n\n\n\n<div id=\"anchorlink-block_5cefe35a244e7\" class=\"anchorlink light \">\n            <a href=\"#section2\" data-smooth-scroll data-animation-duration=\"750\" data-animation-easing=\"swing\" data-offset=\"-23\"><i class=\"material-icons pro-pulse\">expand_more<\/i><\/a>\n    <\/div><\/div><\/div>\n\n\n\n<div id=\"section2\" class=\"wp-block-group window-height center\"><div class=\"wp-block-group__inner-container is-layout-flow wp-block-group-is-layout-flow\">\n<div style=\"height:50px\" aria-hidden=\"true\" class=\"wp-block-spacer\"><\/div>\n\n\n\n<h2 class=\"has-text-align-center wp-block-heading\">LE <span class=\"has-red-color\">\u00abFACTEUR MASCULIN\u00bb<\/span><br>PROFERTIL<sup>\u00ae<\/sup> AIDE<\/h2>\n\n\n\n<div style=\"height:50px\" aria-hidden=\"true\" class=\"wp-block-spacer\"><\/div>\n\n\n\n<div class=\"wp-block-columns has-2-columns is-layout-flex wp-container-core-columns-is-layout-2 wp-block-columns-is-layout-flex\">\n<div class=\"wp-block-column is-layout-flow wp-block-column-is-layout-flow\">\n<p>Dans 40 \u00e0 90% des cas, la cause de l\u2019infertilit\u00e9 masculine est une production insuffisante de spermatozo\u00efdes. Des \u00e9tudes ont montr\u00e9 une diminution significative de 58% du nombre de spermatozo\u00efdes au cours des 50 derni\u00e8res ann\u00e9es. 1,2<\/p>\n\n\n\n<p>Une analyse de plus de 100 \u00e9tudes publi\u00e9es montre une tendance significative \u00e0 la diminution de la densit\u00e9 des spermatozo\u00efdes au cours des 60 derni\u00e8res ann\u00e9es, en particulier aux \u00c9tats-Unis et en Europe \/ Australie (-1-3% par an).&nbsp;<sup>3,4<\/sup><\/p>\n<\/div>\n\n\n\n<div class=\"wp-block-column is-layout-flow wp-block-column-is-layout-flow\">\n<p>Bien qu\u2019il existe de nombreuses options de traitement m\u00e9dical pour les femmes, la f\u00e9condation in vitro (FIV) \u00e0 titre d\u2019exemple, les options disponibles pour les hommes pour am\u00e9liorer leur facteur d\u00e9cisif \u2013 la qualit\u00e9 du sperme \u2013 sont tr\u00e8s limit\u00e9es.<\/p>\n<\/div>\n<\/div>\n\n\n\n<div style=\"height:50px\" aria-hidden=\"true\" class=\"wp-block-spacer\"><\/div>\n\n\n\n<p class=\"has-small-font-size\"><em><sup>1<\/sup> Imhof M., Matthai C., Huber J.C. Einsatz von Profertil\u00ae zur Therapie des \u201emale factors\u201c und Verbesserung des Spermiogramms; Gyn-Aktiv 2007;2:68.<br><sup>2<\/sup> Sinclair S. Male infertility: nutritional and environmental considerations; Altern Med Rev 2000; 5(1):28-38.<br><sup>3<\/sup> Sween S.H., Elkin E.P., Fenster L. The question of declining sperm density revisited: An analysis of 101 studies published 1934-1996; Environmental Health Perspectives 2000; 108 (10).<br><sup>4<\/sup> Carlsen E., Giwercman A., Keiding N., Skakkebaek N. Evidence for decreasing quality of semen during past 50 years; Br Med J 1992; 305:609-61.<\/em><\/p>\n\n\n\n<div style=\"height:50px\" aria-hidden=\"true\" class=\"wp-block-spacer\"><\/div>\n\n\n\n\n\n<div id=\"anchorlink-block_5cefe6de244e8\" class=\"anchorlink dark \">\n            <a href=\"#section3\" data-smooth-scroll data-animation-duration=\"750\" data-animation-easing=\"swing\" data-offset=\"-23\"><i class=\"material-icons pro-pulse\">expand_more<\/i><\/a>\n    <\/div><\/div><\/div>\n\n\n\n<div class=\"wp-block-group alignfull window-height center has-red-gradient-background-color has-background\" id=\"section3\"><div class=\"wp-block-group__inner-container is-layout-flow wp-block-group-is-layout-flow\">\n<div style=\"height:50px\" aria-hidden=\"true\" class=\"wp-block-spacer\"><\/div>\n\n\n\n<div class=\"wp-block-image\"><figure class=\"aligncenter size-large is-resized\"><img data-recalc-dims=\"1\" loading=\"lazy\" decoding=\"async\" src=\"https:\/\/i0.wp.com\/profertil.eu\/wp-content\/uploads\/2021\/02\/study-proven-efficacy-fr.png?resize=512%2C336&#038;ssl=1\" alt=\"\" class=\"wp-image-5767\" width=\"512\" height=\"336\"\/><\/figure><\/div>\n\n\n\n<div style=\"height:50px\" aria-hidden=\"true\" class=\"wp-block-spacer\"><\/div>\n\n\n\n<p class=\"has-text-align-center medium-width has-white-color has-text-color\">PROFERTIL<sup>\u00ae<\/sup>&nbsp;est le seul produit test\u00e9 et brevet\u00e9 qui contribue \u00e0 l\u2019optimisation de la qualit\u00e9 du sperme, offrant une approche efficace de la st\u00e9rilit\u00e9 masculine. Des \u00e9tudes cliniques approfondies ont confirm\u00e9 l\u2019efficacit\u00e9 de la formule sp\u00e9cifique utilis\u00e9e dans PROFERTIL<sup>\u00ae<\/sup>.<\/p>\n\n\n\n<div style=\"height:50px\" aria-hidden=\"true\" class=\"wp-block-spacer\"><\/div>\n\n\n\n\n\n<div id=\"anchorlink-block_5cefea1c244e9\" class=\"anchorlink light \">\n            <a href=\"#buynow\" data-smooth-scroll data-animation-duration=\"750\" data-animation-easing=\"swing\" data-offset=\"-23\"><i class=\"material-icons pro-pulse\">expand_more<\/i><\/a>\n    <\/div><\/div><\/div>\n\n\n<div class=\"block-ip-location-container hide-for__DZ\">\n\n<div id=\"buynow\" class=\"wp-block-group window-height minus-footer center\"><div class=\"wp-block-group__inner-container is-layout-flow wp-block-group-is-layout-flow\">\n<div class=\"wp-block-image\"><figure class=\"aligncenter size-large is-resized\"><a href=\"https:\/\/shop.profertil.eu\/\" target=\"_blank\" rel=\"noreferrer noopener\"><img loading=\"lazy\" decoding=\"async\" src=\"https:\/\/profertil.eu\/wp-content\/uploads\/2021\/02\/BUY-NOW-Button-fr-2.svg\" alt=\"\" class=\"wp-image-6949\" width=\"450\" height=\"85\"\/><\/a><\/figure><\/div>\n<\/div><\/div>\n\n<\/div>\n\n\n\n\n<p><\/p>\n","protected":false},"excerpt":{"rendered":"<p>QUE PEUT FAIRE UN HOMME? Comme le dit le vieil adage: \u00ab&nbsp;Dans la vie, un homme doit construire une maison, planter un arbre et avoir un enfant.&nbsp;\u00bb Les deux premi\u00e8res t\u00e2ches sont relativement faciles \u00e0 accomplir. Avoir un enfant, cependant, est un r\u00eave que de plus en plus d\u2019hommes trouvent difficile et m\u00eame impossible \u00e0<a class=\"excerpt-read-more\" href=\"https:\/\/profertil.eu\/fr\/infertilite\/facteur-masculin\/\" title=\"ReadLe \u00abfacteur masculin\u00bb\">&#8230; Read more &raquo;<\/a><\/p>\n","protected":false},"author":1,"featured_media":1188,"parent":6326,"menu_order":1,"comment_status":"closed","ping_status":"closed","template":"template-full-width-no-title.php","meta":{"_acf_changed":false,"pgc_sgb_lightbox_settings":"","footnotes":""},"categories":[],"tags":[],"class_list":["post-6327","page","type-page","status-publish","has-post-thumbnail","hentry"],"acf":[],"yoast_head":"<!-- This site is optimized with the Yoast SEO plugin v26.1 - https:\/\/yoast.com\/wordpress\/plugins\/seo\/ -->\n<title>Le \u00abfacteur masculin\u00bb<\/title>\n<meta name=\"description\" content=\"L&#039;efficacit\u00e9 de PROFERTIL\u00ae a \u00e9t\u00e9 prouv\u00e9e dans plusieurs \u00e9tudes. D\u00e9couvrez le &quot;facteur masculin&quot; et comment PROFERTIL\u00ae peut soutenir la fertilit\u00e9 masculine.\" \/>\n<meta name=\"robots\" content=\"index, follow, max-snippet:-1, max-image-preview:large, max-video-preview:-1\" \/>\n<link rel=\"canonical\" href=\"https:\/\/profertil.eu\/fr\/infertilite\/facteur-masculin\/\" \/>\n<meta property=\"og:locale\" content=\"fr_FR\" \/>\n<meta property=\"og:type\" content=\"article\" \/>\n<meta property=\"og:title\" content=\"Le \u00abfacteur masculin\u00bb\" \/>\n<meta property=\"og:description\" content=\"L&#039;efficacit\u00e9 de PROFERTIL\u00ae a \u00e9t\u00e9 prouv\u00e9e dans plusieurs \u00e9tudes. D\u00e9couvrez le &quot;facteur masculin&quot; et comment PROFERTIL\u00ae peut soutenir la fertilit\u00e9 masculine.\" \/>\n<meta property=\"og:url\" content=\"https:\/\/profertil.eu\/fr\/infertilite\/facteur-masculin\/\" \/>\n<meta property=\"og:site_name\" content=\"PROFERTIL\" \/>\n<meta property=\"article:modified_time\" content=\"2021-02-24T22:22:35+00:00\" \/>\n<meta property=\"og:image\" content=\"https:\/\/profertil.eu\/wp-content\/uploads\/2019\/06\/studienbelegte-wirksamkeit.png\" \/>\n\t<meta property=\"og:image:width\" content=\"918\" \/>\n\t<meta property=\"og:image:height\" content=\"676\" \/>\n\t<meta property=\"og:image:type\" content=\"image\/png\" \/>\n<meta name=\"twitter:card\" content=\"summary_large_image\" \/>\n<meta name=\"twitter:label1\" content=\"Dur\u00e9e de lecture estim\u00e9e\" \/>\n\t<meta name=\"twitter:data1\" content=\"2 minutes\" \/>\n<script type=\"application\/ld+json\" class=\"yoast-schema-graph\">{\"@context\":\"https:\/\/schema.org\",\"@graph\":[{\"@type\":\"WebPage\",\"@id\":\"https:\/\/profertil.eu\/fr\/infertilite\/facteur-masculin\/\",\"url\":\"https:\/\/profertil.eu\/fr\/infertilite\/facteur-masculin\/\",\"name\":\"Le \u00abfacteur masculin\u00bb\",\"isPartOf\":{\"@id\":\"https:\/\/profertil.eu\/#website\"},\"primaryImageOfPage\":{\"@id\":\"https:\/\/profertil.eu\/fr\/infertilite\/facteur-masculin\/#primaryimage\"},\"image\":{\"@id\":\"https:\/\/profertil.eu\/fr\/infertilite\/facteur-masculin\/#primaryimage\"},\"thumbnailUrl\":\"https:\/\/i0.wp.com\/profertil.eu\/wp-content\/uploads\/2019\/06\/studienbelegte-wirksamkeit.png?fit=918%2C676&ssl=1\",\"datePublished\":\"2019-06-11T10:36:40+00:00\",\"dateModified\":\"2021-02-24T22:22:35+00:00\",\"description\":\"L'efficacit\u00e9 de PROFERTIL\u00ae a \u00e9t\u00e9 prouv\u00e9e dans plusieurs \u00e9tudes. D\u00e9couvrez le \\\"facteur masculin\\\" et comment PROFERTIL\u00ae peut soutenir la fertilit\u00e9 masculine.\",\"breadcrumb\":{\"@id\":\"https:\/\/profertil.eu\/fr\/infertilite\/facteur-masculin\/#breadcrumb\"},\"inLanguage\":\"fr-FR\",\"potentialAction\":[{\"@type\":\"ReadAction\",\"target\":[\"https:\/\/profertil.eu\/fr\/infertilite\/facteur-masculin\/\"]}]},{\"@type\":\"ImageObject\",\"inLanguage\":\"fr-FR\",\"@id\":\"https:\/\/profertil.eu\/fr\/infertilite\/facteur-masculin\/#primaryimage\",\"url\":\"https:\/\/i0.wp.com\/profertil.eu\/wp-content\/uploads\/2019\/06\/studienbelegte-wirksamkeit.png?fit=918%2C676&ssl=1\",\"contentUrl\":\"https:\/\/i0.wp.com\/profertil.eu\/wp-content\/uploads\/2019\/06\/studienbelegte-wirksamkeit.png?fit=918%2C676&ssl=1\",\"width\":918,\"height\":676,\"caption\":\"imierung der Spermienqualit\u00e4t beitr\u00e4gt und somit zur wirksamen Anwendung bei m\u00e4nnlicher Unfruchtbarkeit geeignet ist.\"},{\"@type\":\"BreadcrumbList\",\"@id\":\"https:\/\/profertil.eu\/fr\/infertilite\/facteur-masculin\/#breadcrumb\",\"itemListElement\":[{\"@type\":\"ListItem\",\"position\":1,\"name\":\"Home\",\"item\":\"https:\/\/profertil.eu\/fr\/\"},{\"@type\":\"ListItem\",\"position\":2,\"name\":\"Infertilit\u00e9\",\"item\":\"https:\/\/profertil.eu\/fr\/infertilite\/\"},{\"@type\":\"ListItem\",\"position\":3,\"name\":\"Le \u00abfacteur masculin\u00bb\"}]},{\"@type\":\"WebSite\",\"@id\":\"https:\/\/profertil.eu\/#website\",\"url\":\"https:\/\/profertil.eu\/\",\"name\":\"PROFERTIL\",\"description\":\"No. 1 proven efficacy in male fertility\",\"publisher\":{\"@id\":\"https:\/\/profertil.eu\/#organization\"},\"potentialAction\":[{\"@type\":\"SearchAction\",\"target\":{\"@type\":\"EntryPoint\",\"urlTemplate\":\"https:\/\/profertil.eu\/?s={search_term_string}\"},\"query-input\":{\"@type\":\"PropertyValueSpecification\",\"valueRequired\":true,\"valueName\":\"search_term_string\"}}],\"inLanguage\":\"fr-FR\"},{\"@type\":\"Organization\",\"@id\":\"https:\/\/profertil.eu\/#organization\",\"name\":\"PROFERTIL\",\"url\":\"https:\/\/profertil.eu\/\",\"logo\":{\"@type\":\"ImageObject\",\"inLanguage\":\"fr-FR\",\"@id\":\"https:\/\/profertil.eu\/#\/schema\/logo\/image\/\",\"url\":\"https:\/\/profertil.eu\/wp-content\/uploads\/2025\/10\/PROFERTIL-logo-2025.svg\",\"contentUrl\":\"https:\/\/profertil.eu\/wp-content\/uploads\/2025\/10\/PROFERTIL-logo-2025.svg\",\"caption\":\"PROFERTIL\"},\"image\":{\"@id\":\"https:\/\/profertil.eu\/#\/schema\/logo\/image\/\"}}]}<\/script>\n<!-- \/ Yoast SEO plugin. -->","yoast_head_json":{"title":"Le \u00abfacteur masculin\u00bb","description":"L'efficacit\u00e9 de PROFERTIL\u00ae a \u00e9t\u00e9 prouv\u00e9e dans plusieurs \u00e9tudes. D\u00e9couvrez le \"facteur masculin\" et comment PROFERTIL\u00ae peut soutenir la fertilit\u00e9 masculine.","robots":{"index":"index","follow":"follow","max-snippet":"max-snippet:-1","max-image-preview":"max-image-preview:large","max-video-preview":"max-video-preview:-1"},"canonical":"https:\/\/profertil.eu\/fr\/infertilite\/facteur-masculin\/","og_locale":"fr_FR","og_type":"article","og_title":"Le \u00abfacteur masculin\u00bb","og_description":"L'efficacit\u00e9 de PROFERTIL\u00ae a \u00e9t\u00e9 prouv\u00e9e dans plusieurs \u00e9tudes. D\u00e9couvrez le \"facteur masculin\" et comment PROFERTIL\u00ae peut soutenir la fertilit\u00e9 masculine.","og_url":"https:\/\/profertil.eu\/fr\/infertilite\/facteur-masculin\/","og_site_name":"PROFERTIL","article_modified_time":"2021-02-24T22:22:35+00:00","og_image":[{"width":918,"height":676,"url":"https:\/\/profertil.eu\/wp-content\/uploads\/2019\/06\/studienbelegte-wirksamkeit.png","type":"image\/png"}],"twitter_card":"summary_large_image","twitter_misc":{"Dur\u00e9e de lecture estim\u00e9e":"2 minutes"},"schema":{"@context":"https:\/\/schema.org","@graph":[{"@type":"WebPage","@id":"https:\/\/profertil.eu\/fr\/infertilite\/facteur-masculin\/","url":"https:\/\/profertil.eu\/fr\/infertilite\/facteur-masculin\/","name":"Le \u00abfacteur masculin\u00bb","isPartOf":{"@id":"https:\/\/profertil.eu\/#website"},"primaryImageOfPage":{"@id":"https:\/\/profertil.eu\/fr\/infertilite\/facteur-masculin\/#primaryimage"},"image":{"@id":"https:\/\/profertil.eu\/fr\/infertilite\/facteur-masculin\/#primaryimage"},"thumbnailUrl":"https:\/\/i0.wp.com\/profertil.eu\/wp-content\/uploads\/2019\/06\/studienbelegte-wirksamkeit.png?fit=918%2C676&ssl=1","datePublished":"2019-06-11T10:36:40+00:00","dateModified":"2021-02-24T22:22:35+00:00","description":"L'efficacit\u00e9 de PROFERTIL\u00ae a \u00e9t\u00e9 prouv\u00e9e dans plusieurs \u00e9tudes. D\u00e9couvrez le \"facteur masculin\" et comment PROFERTIL\u00ae peut soutenir la fertilit\u00e9 masculine.","breadcrumb":{"@id":"https:\/\/profertil.eu\/fr\/infertilite\/facteur-masculin\/#breadcrumb"},"inLanguage":"fr-FR","potentialAction":[{"@type":"ReadAction","target":["https:\/\/profertil.eu\/fr\/infertilite\/facteur-masculin\/"]}]},{"@type":"ImageObject","inLanguage":"fr-FR","@id":"https:\/\/profertil.eu\/fr\/infertilite\/facteur-masculin\/#primaryimage","url":"https:\/\/i0.wp.com\/profertil.eu\/wp-content\/uploads\/2019\/06\/studienbelegte-wirksamkeit.png?fit=918%2C676&ssl=1","contentUrl":"https:\/\/i0.wp.com\/profertil.eu\/wp-content\/uploads\/2019\/06\/studienbelegte-wirksamkeit.png?fit=918%2C676&ssl=1","width":918,"height":676,"caption":"imierung der Spermienqualit\u00e4t beitr\u00e4gt und somit zur wirksamen Anwendung bei m\u00e4nnlicher Unfruchtbarkeit geeignet ist."},{"@type":"BreadcrumbList","@id":"https:\/\/profertil.eu\/fr\/infertilite\/facteur-masculin\/#breadcrumb","itemListElement":[{"@type":"ListItem","position":1,"name":"Home","item":"https:\/\/profertil.eu\/fr\/"},{"@type":"ListItem","position":2,"name":"Infertilit\u00e9","item":"https:\/\/profertil.eu\/fr\/infertilite\/"},{"@type":"ListItem","position":3,"name":"Le \u00abfacteur masculin\u00bb"}]},{"@type":"WebSite","@id":"https:\/\/profertil.eu\/#website","url":"https:\/\/profertil.eu\/","name":"PROFERTIL","description":"No. 1 proven efficacy in male fertility","publisher":{"@id":"https:\/\/profertil.eu\/#organization"},"potentialAction":[{"@type":"SearchAction","target":{"@type":"EntryPoint","urlTemplate":"https:\/\/profertil.eu\/?s={search_term_string}"},"query-input":{"@type":"PropertyValueSpecification","valueRequired":true,"valueName":"search_term_string"}}],"inLanguage":"fr-FR"},{"@type":"Organization","@id":"https:\/\/profertil.eu\/#organization","name":"PROFERTIL","url":"https:\/\/profertil.eu\/","logo":{"@type":"ImageObject","inLanguage":"fr-FR","@id":"https:\/\/profertil.eu\/#\/schema\/logo\/image\/","url":"https:\/\/profertil.eu\/wp-content\/uploads\/2025\/10\/PROFERTIL-logo-2025.svg","contentUrl":"https:\/\/profertil.eu\/wp-content\/uploads\/2025\/10\/PROFERTIL-logo-2025.svg","caption":"PROFERTIL"},"image":{"@id":"https:\/\/profertil.eu\/#\/schema\/logo\/image\/"}}]}},"_links":{"self":[{"href":"https:\/\/profertil.eu\/fr\/wp-json\/wp\/v2\/pages\/6327","targetHints":{"allow":["GET"]}}],"collection":[{"href":"https:\/\/profertil.eu\/fr\/wp-json\/wp\/v2\/pages"}],"about":[{"href":"https:\/\/profertil.eu\/fr\/wp-json\/wp\/v2\/types\/page"}],"author":[{"embeddable":true,"href":"https:\/\/profertil.eu\/fr\/wp-json\/wp\/v2\/users\/1"}],"replies":[{"embeddable":true,"href":"https:\/\/profertil.eu\/fr\/wp-json\/wp\/v2\/comments?post=6327"}],"version-history":[{"count":2,"href":"https:\/\/profertil.eu\/fr\/wp-json\/wp\/v2\/pages\/6327\/revisions"}],"predecessor-version":[{"id":6954,"href":"https:\/\/profertil.eu\/fr\/wp-json\/wp\/v2\/pages\/6327\/revisions\/6954"}],"up":[{"embeddable":true,"href":"https:\/\/profertil.eu\/fr\/wp-json\/wp\/v2\/pages\/6326"}],"wp:featuredmedia":[{"embeddable":true,"href":"https:\/\/profertil.eu\/fr\/wp-json\/wp\/v2\/media\/1188"}],"wp:attachment":[{"href":"https:\/\/profertil.eu\/fr\/wp-json\/wp\/v2\/media?parent=6327"}],"wp:term":[{"taxonomy":"category","embeddable":true,"href":"https:\/\/profertil.eu\/fr\/wp-json\/wp\/v2\/categories?post=6327"},{"taxonomy":"post_tag","embeddable":true,"href":"https:\/\/profertil.eu\/fr\/wp-json\/wp\/v2\/tags?post=6327"}],"curies":[{"name":"wp","href":"https:\/\/api.w.org\/{rel}","templated":true}]}}