 {"id":13103,"date":"2021-05-11T17:10:44","date_gmt":"2021-05-11T15:10:44","guid":{"rendered":"https:\/\/profertil.eu\/?page_id=13103"},"modified":"2023-10-09T11:19:46","modified_gmt":"2023-10-09T09:19:46","slug":"estudio-de-adn-2019","status":"publish","type":"page","link":"https:\/\/profertil.eu\/es\/estudios\/estudio-de-adn-2019\/","title":{"rendered":"Estudio de ADN 2019"},"content":{"rendered":"\n<div class=\"wp-block-cover alignfull has-background-dim-10 has-background-dim\"><img data-recalc-dims=\"1\" loading=\"lazy\" decoding=\"async\" width=\"1024\" height=\"250\" class=\"wp-block-cover__image-background wp-image-12862\" alt=\"\" src=\"https:\/\/i0.wp.com\/profertil.eu\/wp-content\/uploads\/2019\/06\/spermiogramm.jpg?resize=1024%2C250&#038;ssl=1\" style=\"object-position:14% 44%\" data-object-fit=\"cover\" data-object-position=\"14% 44%\" srcset=\"https:\/\/i0.wp.com\/profertil.eu\/wp-content\/uploads\/2019\/06\/spermiogramm.jpg?w=2048&amp;ssl=1 2048w, https:\/\/i0.wp.com\/profertil.eu\/wp-content\/uploads\/2019\/06\/spermiogramm.jpg?resize=300%2C73&amp;ssl=1 300w, https:\/\/i0.wp.com\/profertil.eu\/wp-content\/uploads\/2019\/06\/spermiogramm.jpg?resize=768%2C188&amp;ssl=1 768w, https:\/\/i0.wp.com\/profertil.eu\/wp-content\/uploads\/2019\/06\/spermiogramm.jpg?resize=1024%2C250&amp;ssl=1 1024w\" sizes=\"auto, (max-width: 1024px) 100vw, 1024px\" \/><div class=\"wp-block-cover__inner-container is-layout-flow wp-block-cover-is-layout-flow\">\n<h1 class=\"has-text-align-right has-white-color has-text-color wp-block-heading\">REDUCE<br><span class=\"has-red-color\">DNA FRAGMENTATION<\/span><\/h1>\n<\/div><\/div>\n\n\n\n<div class=\"wp-block-group alignfull has-red-gradient-background-color has-background\"><div class=\"wp-block-group__inner-container is-layout-flow wp-block-group-is-layout-flow\">\n<div style=\"height:20px\" aria-hidden=\"true\" class=\"wp-block-spacer\"><\/div>\n\n\n\n<div class=\"wp-block-image\"><figure class=\"aligncenter size-large is-resized\"><img data-recalc-dims=\"1\" loading=\"lazy\" decoding=\"async\" src=\"https:\/\/i0.wp.com\/profertil.eu\/wp-content\/uploads\/2023\/10\/Capsule-spermium_static_Update-2023_1500px.png?resize=467%2C127&#038;ssl=1\" alt=\"\" class=\"wp-image-21829\" width=\"467\" height=\"127\" srcset=\"https:\/\/i0.wp.com\/profertil.eu\/wp-content\/uploads\/2023\/10\/Capsule-spermium_static_Update-2023_1500px.png?resize=1024%2C279&amp;ssl=1 1024w, https:\/\/i0.wp.com\/profertil.eu\/wp-content\/uploads\/2023\/10\/Capsule-spermium_static_Update-2023_1500px.png?resize=300%2C82&amp;ssl=1 300w, https:\/\/i0.wp.com\/profertil.eu\/wp-content\/uploads\/2023\/10\/Capsule-spermium_static_Update-2023_1500px.png?resize=768%2C209&amp;ssl=1 768w, https:\/\/i0.wp.com\/profertil.eu\/wp-content\/uploads\/2023\/10\/Capsule-spermium_static_Update-2023_1500px.png?w=1500&amp;ssl=1 1500w\" sizes=\"auto, (max-width: 467px) 100vw, 467px\" \/><\/figure><\/div>\n\n\n\n<p class=\"has-text-align-center medium-width has-white-color has-text-color\" style=\"font-size:30px\">\u00bbReducci\u00f3n importante de la fragmentaci\u00f3n del ADN en el esperma\u00ab<\/p>\n\n\n\n<div style=\"height:30px\" aria-hidden=\"true\" class=\"wp-block-spacer\"><\/div>\n<\/div><\/div>\n\n\n\n<div class=\"wp-block-group alignfull\"><div class=\"wp-block-group__inner-container is-layout-flow wp-block-group-is-layout-flow\">\n<div class=\"wp-block-columns study-8-4 is-layout-flex wp-container-core-columns-is-layout-1 wp-block-columns-is-layout-flex\">\n<div class=\"wp-block-column is-layout-flow wp-block-column-is-layout-flow\">\n<div style=\"height:50px\" aria-hidden=\"true\" class=\"wp-block-spacer\"><\/div>\n\n\n\n<p class=\"has-medium-font-size\">ESTUDIO DE ADN 2019<\/p>\n\n\n\n<h3 class=\"has-red-color has-text-color wp-block-heading\"><strong>Reducci\u00f3n de la fragmentaci\u00f3n del ADN del esperma (en un %) tras tres meses tomando PROFERTIL<sup>\u00ae<\/sup><\/strong><\/h3>\n<\/div>\n\n\n\n<div class=\"wp-block-column is-layout-flow wp-block-column-is-layout-flow\">\n<div class=\"wp-block-image bubble\"><figure class=\"aligncenter size-full is-resized\"><img data-recalc-dims=\"1\" loading=\"lazy\" decoding=\"async\" src=\"https:\/\/i0.wp.com\/profertil.eu\/wp-content\/uploads\/2021\/05\/dna-study-2019-bubble_ES.png?resize=304%2C265&#038;ssl=1\" alt=\"\" class=\"wp-image-13146\" width=\"304\" height=\"265\" srcset=\"https:\/\/i0.wp.com\/profertil.eu\/wp-content\/uploads\/2021\/05\/dna-study-2019-bubble_ES.png?w=608&amp;ssl=1 608w, https:\/\/i0.wp.com\/profertil.eu\/wp-content\/uploads\/2021\/05\/dna-study-2019-bubble_ES.png?resize=300%2C261&amp;ssl=1 300w\" sizes=\"auto, (max-width: 304px) 100vw, 304px\" \/><\/figure><\/div>\n<\/div>\n<\/div>\n\n\n\n<div class=\"wp-block-columns study-8-4 is-layout-flex wp-container-core-columns-is-layout-2 wp-block-columns-is-layout-flex\">\n<div class=\"wp-block-column small-order-2 medium-order-1 is-layout-flow wp-block-column-is-layout-flow\">\n<div class=\"wp-block-image\"><figure class=\"aligncenter size-full is-resized\"><img data-recalc-dims=\"1\" loading=\"lazy\" decoding=\"async\" src=\"https:\/\/i0.wp.com\/profertil.eu\/wp-content\/uploads\/2021\/05\/Chart_Aspire_ES.png?resize=620%2C528&#038;ssl=1\" alt=\"\" class=\"wp-image-13154\" width=\"620\" height=\"528\" srcset=\"https:\/\/i0.wp.com\/profertil.eu\/wp-content\/uploads\/2021\/05\/Chart_Aspire_ES.png?w=1240&amp;ssl=1 1240w, https:\/\/i0.wp.com\/profertil.eu\/wp-content\/uploads\/2021\/05\/Chart_Aspire_ES.png?resize=300%2C255&amp;ssl=1 300w, https:\/\/i0.wp.com\/profertil.eu\/wp-content\/uploads\/2021\/05\/Chart_Aspire_ES.png?resize=1024%2C871&amp;ssl=1 1024w, https:\/\/i0.wp.com\/profertil.eu\/wp-content\/uploads\/2021\/05\/Chart_Aspire_ES.png?resize=768%2C653&amp;ssl=1 768w\" sizes=\"auto, (max-width: 620px) 100vw, 620px\" \/><\/figure><\/div>\n<\/div>\n\n\n\n<div class=\"wp-block-column small-order-1 medium-order-2 is-layout-flow wp-block-column-is-layout-flow\">\n<figure class=\"wp-block-image size-large is-resized\"><img data-recalc-dims=\"1\" decoding=\"async\" src=\"https:\/\/i0.wp.com\/profertil.eu\/wp-content\/uploads\/2020\/03\/Fertility_and_Reproduction_Logo_2zeilig.png?w=212&#038;ssl=1\" alt=\"\" class=\"wp-image-13133\"  srcset=\"https:\/\/i0.wp.com\/profertil.eu\/wp-content\/uploads\/2020\/03\/Fertility_and_Reproduction_Logo_2zeilig.png?resize=1024%2C236&amp;ssl=1 1024w, https:\/\/i0.wp.com\/profertil.eu\/wp-content\/uploads\/2020\/03\/Fertility_and_Reproduction_Logo_2zeilig.png?resize=300%2C69&amp;ssl=1 300w, https:\/\/i0.wp.com\/profertil.eu\/wp-content\/uploads\/2020\/03\/Fertility_and_Reproduction_Logo_2zeilig.png?resize=768%2C177&amp;ssl=1 768w, https:\/\/i0.wp.com\/profertil.eu\/wp-content\/uploads\/2020\/03\/Fertility_and_Reproduction_Logo_2zeilig.png?w=1267&amp;ssl=1 1267w\" sizes=\"(max-width: 1024px) 100vw, 1024px\" \/><\/figure>\n\n\n\n<figure class=\"wp-block-image size-full is-resized\"><img data-recalc-dims=\"1\" loading=\"lazy\" decoding=\"async\" src=\"https:\/\/i0.wp.com\/profertil.eu\/wp-content\/uploads\/2019\/07\/aspire-logo.png?resize=212%2C100&#038;ssl=1\" alt=\"Aspire, Hong Kong 2019\" class=\"wp-image-2452\" width=\"212\" height=\"100\" srcset=\"https:\/\/i0.wp.com\/profertil.eu\/wp-content\/uploads\/2019\/07\/aspire-logo.png?w=424&amp;ssl=1 424w, https:\/\/i0.wp.com\/profertil.eu\/wp-content\/uploads\/2019\/07\/aspire-logo.png?resize=300%2C142&amp;ssl=1 300w\" sizes=\"auto, (max-width: 212px) 100vw, 212px\" \/><\/figure>\n\n\n\n<div style=\"height:30px\" aria-hidden=\"true\" class=\"wp-block-spacer\"><\/div>\n\n\n\n<p class=\"has-small-font-size\"><strong><strong>N\u00famero de pacientes<\/strong>:<\/strong><br>n = 306<br>(Grupo PROFERTIL\u00ae: n = 146;<br>grupo de control: n = 160)<br><br><strong><strong>Presentaci\u00f3n<\/strong>:<\/strong><br>Aspire 2019, Hongkong;<br>en proceso de publicaci\u00f3n<\/p>\n\n\n\n<div style=\"height:30px\" aria-hidden=\"true\" class=\"wp-block-spacer\"><\/div>\n<\/div>\n<\/div>\n\n\n\n<div style=\"height:50px\" aria-hidden=\"true\" class=\"wp-block-spacer\"><\/div>\n\n\n\n<div class=\"wp-block-columns study-8-4 is-layout-flex wp-container-core-columns-is-layout-3 wp-block-columns-is-layout-flex\">\n<div class=\"wp-block-column is-layout-flow wp-block-column-is-layout-flow\">\n<h6 class=\"has-red-color has-text-color wp-block-heading\"><strong>La composici\u00f3n \u00fanica y patentada de&nbsp;<\/strong> PROFERTIL\u00ae<\/h6>\n\n\n\n<ul class=\"studylist wp-block-list\"><li>Reduce considerablemente la fragmentaci\u00f3n del ADN del esperma en comparaci\u00f3n con el grupo de control (sin tratamiento activo).<\/li><li>Tasa de embarazo del grupo PROFERTIL<sup>\u00ae<\/sup>&nbsp;del 28,06 % vs. el 16,31 % del grupo de control.<\/li><\/ul>\n\n\n\n<div style=\"height:30px\" aria-hidden=\"true\" class=\"wp-block-spacer\"><\/div>\n\n\n\n<p class=\"has-small-font-size\"><a rel=\"noreferrer noopener\" href=\"https:\/\/www.worldscientific.com\/doi\/abs\/10.1142\/S2661318219500142\" target=\"_blank\">Estudio de ADN 2019; Measured with sperm chromatin dispersion (SCD) technique, will DNA integrity in spermatozoa increase after micronutrient supplementation? <br>A retrospective study; Imhof M. et al.; primeros resultados presentados en&nbsp;Aspire Hong Kong 2019.<\/a><\/p>\n\n\n\n<p><\/p>\n<\/div>\n\n\n\n<div class=\"wp-block-column is-layout-flow wp-block-column-is-layout-flow\"><\/div>\n<\/div>\n\n\n\n<div style=\"height:50px\" aria-hidden=\"true\" class=\"wp-block-spacer\"><\/div>\n\n\n\n\n\n<div id=\"anchorlink-block_5d029bb7eaea5\" class=\"anchorlink dark \">\n            <a href=\"#packshot\" data-smooth-scroll data-animation-duration=\"750\" data-animation-easing=\"swing\" data-offset=\"-23\"><i class=\"material-icons pro-pulse\">expand_more<\/i><\/a>\n    <\/div><\/div><\/div>\n\n\n\n<div class=\"wp-block-group alignfull has-red-gradient-background-color has-background\" id=\"packshot\"><div class=\"wp-block-group__inner-container is-layout-flow wp-block-group-is-layout-flow\">\n<div class=\"wp-block-columns has-2-columns is-layout-flex wp-container-core-columns-is-layout-4 wp-block-columns-is-layout-flex\">\n<div class=\"wp-block-column is-vertically-aligned-center is-layout-flow wp-block-column-is-layout-flow\">\n<div class=\"wp-block-image\"><figure class=\"aligncenter size-full is-resized\"><img data-recalc-dims=\"1\" loading=\"lazy\" decoding=\"async\" src=\"https:\/\/i0.wp.com\/profertil.eu\/wp-content\/uploads\/2021\/05\/no1-transp-white-es.png?resize=365%2C113&#038;ssl=1\" alt=\"\" class=\"wp-image-13087\" width=\"365\" height=\"113\" srcset=\"https:\/\/i0.wp.com\/profertil.eu\/wp-content\/uploads\/2021\/05\/no1-transp-white-es.png?w=1460&amp;ssl=1 1460w, https:\/\/i0.wp.com\/profertil.eu\/wp-content\/uploads\/2021\/05\/no1-transp-white-es.png?resize=300%2C93&amp;ssl=1 300w, https:\/\/i0.wp.com\/profertil.eu\/wp-content\/uploads\/2021\/05\/no1-transp-white-es.png?resize=1024%2C316&amp;ssl=1 1024w, https:\/\/i0.wp.com\/profertil.eu\/wp-content\/uploads\/2021\/05\/no1-transp-white-es.png?resize=768%2C237&amp;ssl=1 768w\" sizes=\"auto, (max-width: 365px) 100vw, 365px\" \/><\/figure><\/div>\n<\/div>\n\n\n\n<div class=\"wp-block-column is-vertically-aligned-center is-layout-flow wp-block-column-is-layout-flow\">\n<div style=\"height:50px\" aria-hidden=\"true\" class=\"wp-block-spacer\"><\/div>\n\n\n\n<div class=\"wp-block-image\"><figure class=\"aligncenter size-large\"><img data-recalc-dims=\"1\" loading=\"lazy\" decoding=\"async\" width=\"791\" height=\"390\" src=\"https:\/\/i0.wp.com\/profertil.eu\/wp-content\/uploads\/\/2019\/07\/PROfertil-male_60K_int_HG-drot.png?resize=791%2C390&#038;ssl=1\" alt=\"Packshot PROFERTIL\u00ae male\" class=\"wp-image-2728\" srcset=\"https:\/\/i0.wp.com\/profertil.eu\/wp-content\/uploads\/2019\/07\/PROfertil-male_60K_int_HG-drot.png?w=791&amp;ssl=1 791w, https:\/\/i0.wp.com\/profertil.eu\/wp-content\/uploads\/2019\/07\/PROfertil-male_60K_int_HG-drot.png?resize=300%2C148&amp;ssl=1 300w, https:\/\/i0.wp.com\/profertil.eu\/wp-content\/uploads\/2019\/07\/PROfertil-male_60K_int_HG-drot.png?resize=768%2C379&amp;ssl=1 768w\" sizes=\"auto, (max-width: 791px) 100vw, 791px\" \/><\/figure><\/div>\n\n\n\n<p class=\"has-text-align-center has-white-color has-text-color\"><strong>TASA DE EMBARAZO PROMEDIO 26-41%<\/strong><\/p>\n\n\n\n<div style=\"height:50px\" aria-hidden=\"true\" class=\"wp-block-spacer\"><\/div>\n<\/div>\n<\/div>\n\n\n\n\n\n<div id=\"anchorlink-block_5d02a16a1f77b\" class=\"anchorlink light \">\n            <a href=\"#buynow\" data-smooth-scroll data-animation-duration=\"750\" data-animation-easing=\"swing\" data-offset=\"-23\"><i class=\"material-icons pro-pulse\">expand_more<\/i><\/a>\n    <\/div>\n\n\n<p><\/p>\n<\/div><\/div>\n\n\n\n<div id=\"buynow\" class=\"wp-block-group window-height minus-footer center\"><div class=\"wp-block-group__inner-container is-layout-flow wp-block-group-is-layout-flow\">\n<div class=\"wp-block-image\"><figure class=\"aligncenter size-large is-resized\"><a href=\"https:\/\/shop.profertil.eu\" target=\"_blank\" rel=\"noreferrer noopener\"><img loading=\"lazy\" decoding=\"async\" src=\"https:\/\/profertil.eu\/wp-content\/uploads\/2021\/05\/comprar-ahora.svg\" alt=\"\" class=\"wp-image-12556\" width=\"500\" height=\"94\"\/><\/a><\/figure><\/div>\n\n\n\n<p><\/p>\n<\/div><\/div>\n","protected":false},"excerpt":{"rendered":"<p>\u00bbReducci\u00f3n importante de la fragmentaci\u00f3n del ADN en el esperma\u00ab ESTUDIO DE ADN 2019 Reducci\u00f3n de la fragmentaci\u00f3n del ADN del esperma (en un %) tras tres meses tomando PROFERTIL\u00ae N\u00famero de pacientes:n = 306(Grupo PROFERTIL\u00ae: n = 146;grupo de control: n = 160) Presentaci\u00f3n:Aspire 2019, Hongkong;en proceso de publicaci\u00f3n La composici\u00f3n \u00fanica y patentada<a class=\"excerpt-read-more\" href=\"https:\/\/profertil.eu\/es\/estudios\/estudio-de-adn-2019\/\" title=\"ReadEstudio de ADN 2019\">&#8230; Read more &raquo;<\/a><\/p>\n","protected":false},"author":1,"featured_media":0,"parent":13070,"menu_order":4,"comment_status":"closed","ping_status":"closed","template":"template-study.php","meta":{"_acf_changed":false,"pgc_sgb_lightbox_settings":"","footnotes":""},"categories":[69],"tags":[],"class_list":["post-13103","page","type-page","status-publish","hentry","category-estudios"],"acf":[],"yoast_head":"<!-- This site is optimized with the Yoast SEO plugin v26.1 - https:\/\/yoast.com\/wordpress\/plugins\/seo\/ -->\n<title>Estudio de ADN 2019 - PROFERTIL<\/title>\n<meta name=\"robots\" content=\"index, follow, max-snippet:-1, max-image-preview:large, max-video-preview:-1\" \/>\n<link rel=\"canonical\" href=\"https:\/\/profertil.eu\/at\/?page_id=1462\" \/>\n<meta property=\"og:locale\" content=\"es_ES\" \/>\n<meta property=\"og:type\" content=\"article\" \/>\n<meta property=\"og:title\" content=\"Estudio de ADN 2019 - PROFERTIL\" \/>\n<meta property=\"og:description\" content=\"\u00bbReducci\u00f3n importante de la fragmentaci\u00f3n del ADN en el esperma\u00ab ESTUDIO DE ADN 2019 Reducci\u00f3n de la fragmentaci\u00f3n del ADN del esperma (en un %) tras tres meses tomando PROFERTIL\u00ae N\u00famero de pacientes:n = 306(Grupo PROFERTIL\u00ae: n = 146;grupo de control: n = 160) Presentaci\u00f3n:Aspire 2019, Hongkong;en proceso de publicaci\u00f3n La composici\u00f3n \u00fanica y patentada... Read more &raquo;\" \/>\n<meta property=\"og:url\" content=\"https:\/\/profertil.eu\/at\/?page_id=1462\" \/>\n<meta property=\"og:site_name\" content=\"PROFERTIL\" \/>\n<meta property=\"article:modified_time\" content=\"2023-10-09T09:19:46+00:00\" \/>\n<meta property=\"og:image\" content=\"https:\/\/profertil.eu\/wp-content\/uploads\/2019\/06\/spermiogramm.jpg\" \/>\n<meta name=\"twitter:card\" content=\"summary_large_image\" \/>\n<meta name=\"twitter:label1\" content=\"Tiempo de lectura\" \/>\n\t<meta name=\"twitter:data1\" content=\"1 minuto\" \/>\n<script type=\"application\/ld+json\" class=\"yoast-schema-graph\">{\"@context\":\"https:\/\/schema.org\",\"@graph\":[{\"@type\":\"WebPage\",\"@id\":\"https:\/\/profertil.eu\/at\/?page_id=1462\",\"url\":\"https:\/\/profertil.eu\/at\/?page_id=1462\",\"name\":\"Estudio de ADN 2019 - PROFERTIL\",\"isPartOf\":{\"@id\":\"https:\/\/profertil.eu\/#website\"},\"primaryImageOfPage\":{\"@id\":\"https:\/\/profertil.eu\/at\/?page_id=1462#primaryimage\"},\"image\":{\"@id\":\"https:\/\/profertil.eu\/at\/?page_id=1462#primaryimage\"},\"thumbnailUrl\":\"https:\/\/profertil.eu\/wp-content\/uploads\/2019\/06\/spermiogramm.jpg\",\"datePublished\":\"2021-05-11T15:10:44+00:00\",\"dateModified\":\"2023-10-09T09:19:46+00:00\",\"breadcrumb\":{\"@id\":\"https:\/\/profertil.eu\/at\/?page_id=1462#breadcrumb\"},\"inLanguage\":\"es\",\"potentialAction\":[{\"@type\":\"ReadAction\",\"target\":[\"https:\/\/profertil.eu\/at\/?page_id=1462\"]}]},{\"@type\":\"ImageObject\",\"inLanguage\":\"es\",\"@id\":\"https:\/\/profertil.eu\/at\/?page_id=1462#primaryimage\",\"url\":\"https:\/\/profertil.eu\/wp-content\/uploads\/2019\/06\/spermiogramm.jpg\",\"contentUrl\":\"https:\/\/profertil.eu\/wp-content\/uploads\/2019\/06\/spermiogramm.jpg\"},{\"@type\":\"BreadcrumbList\",\"@id\":\"https:\/\/profertil.eu\/at\/?page_id=1462#breadcrumb\",\"itemListElement\":[{\"@type\":\"ListItem\",\"position\":1,\"name\":\"Home\",\"item\":\"https:\/\/profertil.eu\/es\/\"},{\"@type\":\"ListItem\",\"position\":2,\"name\":\"Estudios\",\"item\":\"https:\/\/profertil.eu\/es\/estudios\/\"},{\"@type\":\"ListItem\",\"position\":3,\"name\":\"Estudio de ADN 2019\"}]},{\"@type\":\"WebSite\",\"@id\":\"https:\/\/profertil.eu\/#website\",\"url\":\"https:\/\/profertil.eu\/\",\"name\":\"PROFERTIL\",\"description\":\"No. 1 proven efficacy in male fertility\",\"publisher\":{\"@id\":\"https:\/\/profertil.eu\/#organization\"},\"potentialAction\":[{\"@type\":\"SearchAction\",\"target\":{\"@type\":\"EntryPoint\",\"urlTemplate\":\"https:\/\/profertil.eu\/?s={search_term_string}\"},\"query-input\":{\"@type\":\"PropertyValueSpecification\",\"valueRequired\":true,\"valueName\":\"search_term_string\"}}],\"inLanguage\":\"es\"},{\"@type\":\"Organization\",\"@id\":\"https:\/\/profertil.eu\/#organization\",\"name\":\"PROFERTIL\",\"url\":\"https:\/\/profertil.eu\/\",\"logo\":{\"@type\":\"ImageObject\",\"inLanguage\":\"es\",\"@id\":\"https:\/\/profertil.eu\/#\/schema\/logo\/image\/\",\"url\":\"https:\/\/profertil.eu\/wp-content\/uploads\/2025\/10\/PROFERTIL-logo-2025.svg\",\"contentUrl\":\"https:\/\/profertil.eu\/wp-content\/uploads\/2025\/10\/PROFERTIL-logo-2025.svg\",\"caption\":\"PROFERTIL\"},\"image\":{\"@id\":\"https:\/\/profertil.eu\/#\/schema\/logo\/image\/\"}}]}<\/script>\n<!-- \/ Yoast SEO plugin. -->","yoast_head_json":{"title":"Estudio de ADN 2019 - PROFERTIL","robots":{"index":"index","follow":"follow","max-snippet":"max-snippet:-1","max-image-preview":"max-image-preview:large","max-video-preview":"max-video-preview:-1"},"canonical":"https:\/\/profertil.eu\/at\/?page_id=1462","og_locale":"es_ES","og_type":"article","og_title":"Estudio de ADN 2019 - PROFERTIL","og_description":"\u00bbReducci\u00f3n importante de la fragmentaci\u00f3n del ADN en el esperma\u00ab ESTUDIO DE ADN 2019 Reducci\u00f3n de la fragmentaci\u00f3n del ADN del esperma (en un %) tras tres meses tomando PROFERTIL\u00ae N\u00famero de pacientes:n = 306(Grupo PROFERTIL\u00ae: n = 146;grupo de control: n = 160) Presentaci\u00f3n:Aspire 2019, Hongkong;en proceso de publicaci\u00f3n La composici\u00f3n \u00fanica y patentada... Read more &raquo;","og_url":"https:\/\/profertil.eu\/at\/?page_id=1462","og_site_name":"PROFERTIL","article_modified_time":"2023-10-09T09:19:46+00:00","og_image":[{"url":"https:\/\/profertil.eu\/wp-content\/uploads\/2019\/06\/spermiogramm.jpg","type":"","width":"","height":""}],"twitter_card":"summary_large_image","twitter_misc":{"Tiempo de lectura":"1 minuto"},"schema":{"@context":"https:\/\/schema.org","@graph":[{"@type":"WebPage","@id":"https:\/\/profertil.eu\/at\/?page_id=1462","url":"https:\/\/profertil.eu\/at\/?page_id=1462","name":"Estudio de ADN 2019 - PROFERTIL","isPartOf":{"@id":"https:\/\/profertil.eu\/#website"},"primaryImageOfPage":{"@id":"https:\/\/profertil.eu\/at\/?page_id=1462#primaryimage"},"image":{"@id":"https:\/\/profertil.eu\/at\/?page_id=1462#primaryimage"},"thumbnailUrl":"https:\/\/profertil.eu\/wp-content\/uploads\/2019\/06\/spermiogramm.jpg","datePublished":"2021-05-11T15:10:44+00:00","dateModified":"2023-10-09T09:19:46+00:00","breadcrumb":{"@id":"https:\/\/profertil.eu\/at\/?page_id=1462#breadcrumb"},"inLanguage":"es","potentialAction":[{"@type":"ReadAction","target":["https:\/\/profertil.eu\/at\/?page_id=1462"]}]},{"@type":"ImageObject","inLanguage":"es","@id":"https:\/\/profertil.eu\/at\/?page_id=1462#primaryimage","url":"https:\/\/profertil.eu\/wp-content\/uploads\/2019\/06\/spermiogramm.jpg","contentUrl":"https:\/\/profertil.eu\/wp-content\/uploads\/2019\/06\/spermiogramm.jpg"},{"@type":"BreadcrumbList","@id":"https:\/\/profertil.eu\/at\/?page_id=1462#breadcrumb","itemListElement":[{"@type":"ListItem","position":1,"name":"Home","item":"https:\/\/profertil.eu\/es\/"},{"@type":"ListItem","position":2,"name":"Estudios","item":"https:\/\/profertil.eu\/es\/estudios\/"},{"@type":"ListItem","position":3,"name":"Estudio de ADN 2019"}]},{"@type":"WebSite","@id":"https:\/\/profertil.eu\/#website","url":"https:\/\/profertil.eu\/","name":"PROFERTIL","description":"No. 1 proven efficacy in male fertility","publisher":{"@id":"https:\/\/profertil.eu\/#organization"},"potentialAction":[{"@type":"SearchAction","target":{"@type":"EntryPoint","urlTemplate":"https:\/\/profertil.eu\/?s={search_term_string}"},"query-input":{"@type":"PropertyValueSpecification","valueRequired":true,"valueName":"search_term_string"}}],"inLanguage":"es"},{"@type":"Organization","@id":"https:\/\/profertil.eu\/#organization","name":"PROFERTIL","url":"https:\/\/profertil.eu\/","logo":{"@type":"ImageObject","inLanguage":"es","@id":"https:\/\/profertil.eu\/#\/schema\/logo\/image\/","url":"https:\/\/profertil.eu\/wp-content\/uploads\/2025\/10\/PROFERTIL-logo-2025.svg","contentUrl":"https:\/\/profertil.eu\/wp-content\/uploads\/2025\/10\/PROFERTIL-logo-2025.svg","caption":"PROFERTIL"},"image":{"@id":"https:\/\/profertil.eu\/#\/schema\/logo\/image\/"}}]}},"_links":{"self":[{"href":"https:\/\/profertil.eu\/es\/wp-json\/wp\/v2\/pages\/13103","targetHints":{"allow":["GET"]}}],"collection":[{"href":"https:\/\/profertil.eu\/es\/wp-json\/wp\/v2\/pages"}],"about":[{"href":"https:\/\/profertil.eu\/es\/wp-json\/wp\/v2\/types\/page"}],"author":[{"embeddable":true,"href":"https:\/\/profertil.eu\/es\/wp-json\/wp\/v2\/users\/1"}],"replies":[{"embeddable":true,"href":"https:\/\/profertil.eu\/es\/wp-json\/wp\/v2\/comments?post=13103"}],"version-history":[{"count":19,"href":"https:\/\/profertil.eu\/es\/wp-json\/wp\/v2\/pages\/13103\/revisions"}],"predecessor-version":[{"id":21838,"href":"https:\/\/profertil.eu\/es\/wp-json\/wp\/v2\/pages\/13103\/revisions\/21838"}],"up":[{"embeddable":true,"href":"https:\/\/profertil.eu\/es\/wp-json\/wp\/v2\/pages\/13070"}],"wp:attachment":[{"href":"https:\/\/profertil.eu\/es\/wp-json\/wp\/v2\/media?parent=13103"}],"wp:term":[{"taxonomy":"category","embeddable":true,"href":"https:\/\/profertil.eu\/es\/wp-json\/wp\/v2\/categories?post=13103"},{"taxonomy":"post_tag","embeddable":true,"href":"https:\/\/profertil.eu\/es\/wp-json\/wp\/v2\/tags?post=13103"}],"curies":[{"name":"wp","href":"https:\/\/api.w.org\/{rel}","templated":true}]}}