 {"id":12860,"date":"2021-05-11T15:59:14","date_gmt":"2021-05-11T13:59:14","guid":{"rendered":"https:\/\/profertil.eu\/?page_id=12860"},"modified":"2021-05-11T15:59:15","modified_gmt":"2021-05-11T13:59:15","slug":"espermiograma","status":"publish","type":"page","link":"https:\/\/profertil.eu\/es\/salud-del-esperma\/espermiograma\/","title":{"rendered":"Espermiograma"},"content":{"rendered":"\n<div class=\"wp-block-cover alignfull has-background-dim-20 has-black-background-color has-background-dim\"><img data-recalc-dims=\"1\" loading=\"lazy\" decoding=\"async\" width=\"1024\" height=\"250\" class=\"wp-block-cover__image-background wp-image-12862\" alt=\"\" src=\"https:\/\/i0.wp.com\/profertil.eu\/wp-content\/uploads\/2019\/06\/spermiogramm.jpg?resize=1024%2C250&#038;ssl=1\" style=\"object-position:14% 42%\" data-object-fit=\"cover\" data-object-position=\"14% 42%\" srcset=\"https:\/\/i0.wp.com\/profertil.eu\/wp-content\/uploads\/2019\/06\/spermiogramm.jpg?w=2048&amp;ssl=1 2048w, https:\/\/i0.wp.com\/profertil.eu\/wp-content\/uploads\/2019\/06\/spermiogramm.jpg?resize=300%2C73&amp;ssl=1 300w, https:\/\/i0.wp.com\/profertil.eu\/wp-content\/uploads\/2019\/06\/spermiogramm.jpg?resize=768%2C188&amp;ssl=1 768w, https:\/\/i0.wp.com\/profertil.eu\/wp-content\/uploads\/2019\/06\/spermiogramm.jpg?resize=1024%2C250&amp;ssl=1 1024w\" sizes=\"auto, (max-width: 1024px) 100vw, 1024px\" \/><div class=\"wp-block-cover__inner-container is-layout-flow wp-block-cover-is-layout-flow\">\n<h1 class=\"has-text-align-right wp-block-heading\"><span class=\"has-red-color\">AHORA PUEDO VER<\/span> <br><span class=\"has-white-color\">CON CLARIDAD<\/span><\/h1>\n<\/div><\/div>\n\n\n\n<div class=\"wp-block-group alignfull window-height minus-header center has-red-gradient-background-color has-background\"><div class=\"wp-block-group__inner-container is-layout-flow wp-block-group-is-layout-flow\">\n<div style=\"height:50px\" aria-hidden=\"true\" class=\"wp-block-spacer\"><\/div>\n\n\n\n<h2 class=\"has-text-align-center has-text-color wp-block-heading\" style=\"color:#c8aab5\">EL ESPERMIOGRAMA<\/h2>\n\n\n\n<div style=\"height:50px\" aria-hidden=\"true\" class=\"wp-block-spacer\"><\/div>\n\n\n\n<div class=\"wp-block-columns has-2-columns is-layout-flex wp-container-core-columns-is-layout-1 wp-block-columns-is-layout-flex\">\n<div class=\"wp-block-column is-layout-flow wp-block-column-is-layout-flow\">\n<div class=\"wp-block-image spermiogramm\"><figure class=\"aligncenter is-resized\"><img data-recalc-dims=\"1\" loading=\"lazy\" decoding=\"async\" src=\"https:\/\/i0.wp.com\/profertil.eu\/wp-content\/uploads\/2019\/06\/spemiogramm-before-vorher-neu.gif?resize=306%2C231&#038;ssl=1\" alt=\"\" class=\"wp-image-1744\" width=\"306\" height=\"231\"\/><figcaption>ANTES<\/figcaption><\/figure><\/div>\n<\/div>\n\n\n\n<div class=\"wp-block-column is-layout-flow wp-block-column-is-layout-flow\">\n<div class=\"wp-block-image spermiogramm\"><figure class=\"aligncenter is-resized\"><img data-recalc-dims=\"1\" loading=\"lazy\" decoding=\"async\" src=\"https:\/\/i0.wp.com\/profertil.eu\/wp-content\/uploads\/2019\/06\/spermiogramm-nachher-after.gif?resize=306%2C231&#038;ssl=1\" alt=\"\" class=\"wp-image-1244\" width=\"306\" height=\"231\"\/><figcaption>DESPU\u00c9S<\/figcaption><\/figure><\/div>\n<\/div>\n<\/div>\n\n\n\n<div class=\"wp-block-columns has-2-columns is-layout-flex wp-container-core-columns-is-layout-2 wp-block-columns-is-layout-flex\">\n<div class=\"wp-block-column is-layout-flow wp-block-column-is-layout-flow\">\n<p class=\"has-white-color has-text-color\">El espermiograma es un m\u00e9todo de examen importante para evaluar la fertilidad masculina. La evaluaci\u00f3n se lleva a cabo de acuerdo con las directrices de la OMS. El examen se centra en evaluar los espermatozoides en relaci\u00f3n con su concentraci\u00f3n, motilidad y forma.<\/p>\n<\/div>\n\n\n\n<div class=\"wp-block-column is-layout-flow wp-block-column-is-layout-flow\">\n<p class=\"has-white-color has-text-color\">Un espermiograma emplea el an\u00e1lisis microsc\u00f3pico de la eyaculaci\u00f3n para evaluar la fertilidad del hombre. Concretamente, consiste en hacer una lista de todos los hallazgos recabados durante el examen de esperma.<\/p>\n<\/div>\n<\/div>\n\n\n\n<div style=\"height:50px\" aria-hidden=\"true\" class=\"wp-block-spacer\"><\/div>\n\n\n\n\n\n<div id=\"anchorlink-block_5cf5437598375\" class=\"anchorlink light \">\n            <a href=\"#section2\" data-smooth-scroll data-animation-duration=\"750\" data-animation-easing=\"swing\" data-offset=\"-23\"><i class=\"material-icons pro-pulse\">expand_more<\/i><\/a>\n    <\/div><\/div><\/div>\n\n\n\n<div class=\"wp-block-group alignfull window-height center has-blue-gradient-background-color has-background\" id=\"section2\"><div class=\"wp-block-group__inner-container is-layout-flow wp-block-group-is-layout-flow\">\n<div style=\"height:50px\" aria-hidden=\"true\" class=\"wp-block-spacer\"><\/div>\n\n\n\n<h2 class=\"has-text-align-center has-white-color has-text-color wp-block-heading\">EL CAMINO A LA CERTEZA<\/h2>\n\n\n\n<div style=\"height:50px\" aria-hidden=\"true\" class=\"wp-block-spacer\"><\/div>\n\n\n\n<div class=\"wp-block-columns has-2-columns is-layout-flex wp-container-core-columns-is-layout-3 wp-block-columns-is-layout-flex\">\n<div class=\"wp-block-column is-layout-flow wp-block-column-is-layout-flow\">\n<p class=\"has-white-color has-text-color\">El espermiograma es el examen m\u00e1s importante para evaluar la fertilidad del hombre. La muestra de semen se toma mediante la masturbaci\u00f3n en condiciones est\u00e9riles, preferiblemente en el lugar del examen, con el fin de poder procesar y analizar r\u00e1pidamente la muestra. En el laboratorio, la eyaculaci\u00f3n se examina en el microscopio. Una evaluaci\u00f3n decisiva de si la precariedad de los espermatozoides es la causa de la infertilidad solo puede lograrse mediante la suma de numerosos factores, incluyendo la cantidad, motilidad y calidad del esperma. Un bajo recuento de espermatozoides en la eyaculaci\u00f3n no equivale a ser est\u00e9ril, pero puede suponer que el \u00f3vulo tarde m\u00e1s en ser fecundado. Los espermatozoides con motilidad reducida o forma anormal tambi\u00e9n pueden afectar negativamente a la procreaci\u00f3n natural.<\/p>\n<\/div>\n\n\n\n<div class=\"wp-block-column is-layout-flow wp-block-column-is-layout-flow\">\n<p class=\"has-white-color has-text-color\"><strong>\u00bfQu\u00e9 hay que tener en cuenta al hacer un espermiograma?<\/strong><\/p>\n\n\n\n<p class=\"horizontal-white-gradient-bg reduce-padding has-white-color has-text-color\">El espermiograma se realiza tras dos d\u00edas de abstinencia sexual como m\u00ednimo.<\/p>\n\n\n\n<p class=\"horizontal-white-gradient-bg reduce-padding has-white-color has-text-color\">Debe repetirse un espermiograma de seguimiento tras 4 semanas.<\/p>\n\n\n\n<p class=\"horizontal-white-gradient-bg reduce-padding has-white-color has-text-color\">Se requiere la extracci\u00f3n por masturbaci\u00f3n para el an\u00e1lisis de esperma.<\/p>\n\n\n\n<p>\u00bfQu\u00e9 hay que tener en cuenta al hacer un espermiograma?<br>El espermiograma se realiza tras dos d\u00edas de abstinencia sexual como m\u00ednimo.<br>Debe repetirse un espermiograma de seguimiento tras 4 semanas.<br>Se requiere la extracci\u00f3n por masturbaci\u00f3n para el an\u00e1lisis de esperma.<br>Es obligatorio el examen del ur\u00f3logo para descartar factores como varicocele (venas varicosas).<\/p>\n<\/div>\n<\/div>\n\n\n\n<div style=\"height:50px\" aria-hidden=\"true\" class=\"wp-block-spacer\"><\/div>\n\n\n\n\n\n<div id=\"anchorlink-block_5cf543a498376\" class=\"anchorlink light \">\n            <a href=\"#section3\" data-smooth-scroll data-animation-duration=\"750\" data-animation-easing=\"swing\" data-offset=\"-23\"><i class=\"material-icons pro-pulse\">expand_more<\/i><\/a>\n    <\/div><\/div><\/div>\n\n\n\n<div class=\"wp-block-group alignfull window-height center has-white-background-color has-background\" id=\"section3\"><div class=\"wp-block-group__inner-container is-layout-flow wp-block-group-is-layout-flow\">\n<div style=\"height:50px\" aria-hidden=\"true\" class=\"wp-block-spacer\"><\/div>\n\n\n\n<h2 class=\"has-text-align-center has-red-color has-text-color wp-block-heading\">CRITERIOS DE LA OMS<\/h2>\n\n\n\n<h2 class=\"has-text-align-center has-light-grey-color has-text-color wp-block-heading\">\u00abESPERMIOGRAMA NORMAL\u00bb<\/h2>\n\n\n\n<div style=\"height:50px\" aria-hidden=\"true\" class=\"wp-block-spacer\"><\/div>\n\n\n\n<div class=\"wp-block-columns has-2-columns is-layout-flex wp-container-core-columns-is-layout-4 wp-block-columns-is-layout-flex\">\n<div class=\"wp-block-column is-layout-flow wp-block-column-is-layout-flow\">\n<p>Se esperan m\u00e1s de 15 millones de espermatozoides por mililitro de l\u00edquido seminal en un volumen de eyaculaci\u00f3n de al menos 1,5 ml. Adem\u00e1s, m\u00e1s del 32% de los espermatozoides deben tener un movimiento r\u00e1pido hacia delante, y al menos el 4% deben ser espermatozoides formados normalmente.<\/p>\n\n\n\n<p>Si se cumplen estos criterios, se considera que el hombre es capaz de procrear. Adem\u00e1s de los hallazgos de los espermatozoides, el eyaculado no debe contener m\u00e1s de un mill\u00f3n por mililitro de leucocitos. Para estar seguros, el eyaculado debe analizarse siempre dos veces.<\/p>\n\n\n\n<p>Si el espermiograma es patol\u00f3gico (anormal), es decir, uno o m\u00e1s par\u00e1metros se desv\u00edan de la norma de la OMS, es necesario un tratamiento.<\/p>\n\n\n\n<p>La norma actual de la OMS establece que debe haber m\u00e1s de 15 millones de espermatozoides en un mililitro de eyaculado. El volumen del eyaculado no debe ser inferior a 1,4 mililitros.<\/p>\n<\/div>\n\n\n\n<div class=\"wp-block-column is-layout-flow wp-block-column-is-layout-flow\">\n<div style=\"height:50px\" aria-hidden=\"true\" class=\"wp-block-spacer hide-for-large\"><\/div>\n\n\n\n<figure class=\"wp-block-table is-style-regular center-after-first-col who\"><table class=\"has-fixed-layout\"><thead><tr><th><\/th><th>OMS<br>1998<\/th><th>OMS<br>2010<\/th><\/tr><\/thead><tbody><tr><td>Volumen de eyaculaci\u00f3n<\/td><td>2ml<\/td><td>1,5ml<\/td><\/tr><tr><td>Recuento total de espermatozoides en la eyaculaci\u00f3n<\/td><td>40 millones<\/td><td>39 millones<\/td><\/tr><tr><td>Recuento de espermatozoides<\/td><td>20 millones\/ml<\/td><td>17 millones\/ml<\/td><\/tr><tr><td>Motilidad progresiva<\/td><td>50%<\/td><td>32%<\/td><\/tr><tr><td>Espermatozoides vitales<\/td><td>75%<\/td><td>38%<\/td><\/tr><tr><td>Espermatozoides normales morfol\u00f3gicamente<\/td><td>30%<\/td><td>4%<\/td><\/tr><tr><td>Motilidad total<\/td><td>50%<\/td><td>40%<\/td><\/tr><tr><td>Valores pH<\/td><td>\u2265 7,2 \u2013 7,8<\/td><td>\u2265 7,2<\/td><\/tr><\/tbody><\/table><\/figure>\n<\/div>\n<\/div>\n\n\n\n<div style=\"height:50px\" aria-hidden=\"true\" class=\"wp-block-spacer\"><\/div>\n\n\n\n\n\n<div id=\"anchorlink-block_5cf5465198377\" class=\"anchorlink dark \">\n            <a href=\"#buynow\" data-smooth-scroll data-animation-duration=\"750\" data-animation-easing=\"swing\" data-offset=\"-23\"><i class=\"material-icons pro-pulse\">expand_more<\/i><\/a>\n    <\/div><\/div><\/div>\n\n\n\n<div id=\"buynow\" class=\"wp-block-group window-height minus-footer center\"><div class=\"wp-block-group__inner-container is-layout-flow wp-block-group-is-layout-flow\">\n<div class=\"wp-block-image\"><figure class=\"aligncenter size-large is-resized\"><a href=\"https:\/\/shop.profertil.eu\" target=\"_blank\" rel=\"noreferrer noopener\"><img loading=\"lazy\" decoding=\"async\" src=\"https:\/\/profertil.eu\/wp-content\/uploads\/2021\/05\/comprar-ahora.svg\" alt=\"\" class=\"wp-image-12556\" width=\"500\" height=\"94\"\/><\/a><\/figure><\/div>\n\n\n\n<p><\/p>\n<\/div><\/div>\n\n\n\n<p><\/p>\n","protected":false},"excerpt":{"rendered":"<p>EL ESPERMIOGRAMA El espermiograma es un m\u00e9todo de examen importante para evaluar la fertilidad masculina. La evaluaci\u00f3n se lleva a cabo de acuerdo con las directrices de la OMS. El examen se centra en evaluar los espermatozoides en relaci\u00f3n con su concentraci\u00f3n, motilidad y forma. Un espermiograma emplea el an\u00e1lisis microsc\u00f3pico de la eyaculaci\u00f3n para<a class=\"excerpt-read-more\" href=\"https:\/\/profertil.eu\/es\/salud-del-esperma\/espermiograma\/\" title=\"ReadEspermiograma\">&#8230; Read more &raquo;<\/a><\/p>\n","protected":false},"author":1,"featured_media":0,"parent":12679,"menu_order":3,"comment_status":"closed","ping_status":"closed","template":"template-full-width-no-title.php","meta":{"_acf_changed":false,"pgc_sgb_lightbox_settings":"","footnotes":""},"categories":[],"tags":[],"class_list":["post-12860","page","type-page","status-publish","hentry"],"acf":[],"yoast_head":"<!-- This site is optimized with the Yoast SEO plugin v26.1 - https:\/\/yoast.com\/wordpress\/plugins\/seo\/ -->\n<title>Espermiograma - PROFERTIL<\/title>\n<meta name=\"robots\" content=\"index, follow, max-snippet:-1, max-image-preview:large, max-video-preview:-1\" \/>\n<link rel=\"canonical\" href=\"https:\/\/profertil.eu\/es\/salud-del-esperma\/espermiograma\/\" \/>\n<meta property=\"og:locale\" content=\"es_ES\" \/>\n<meta property=\"og:type\" content=\"article\" \/>\n<meta property=\"og:title\" content=\"Espermiograma - PROFERTIL\" \/>\n<meta property=\"og:description\" content=\"EL ESPERMIOGRAMA El espermiograma es un m\u00e9todo de examen importante para evaluar la fertilidad masculina. La evaluaci\u00f3n se lleva a cabo de acuerdo con las directrices de la OMS. El examen se centra en evaluar los espermatozoides en relaci\u00f3n con su concentraci\u00f3n, motilidad y forma. Un espermiograma emplea el an\u00e1lisis microsc\u00f3pico de la eyaculaci\u00f3n para... Read more &raquo;\" \/>\n<meta property=\"og:url\" content=\"https:\/\/profertil.eu\/es\/salud-del-esperma\/espermiograma\/\" \/>\n<meta property=\"og:site_name\" content=\"PROFERTIL\" \/>\n<meta property=\"article:modified_time\" content=\"2021-05-11T13:59:15+00:00\" \/>\n<meta property=\"og:image\" content=\"https:\/\/i0.wp.com\/profertil.eu\/wp-content\/uploads\/2019\/06\/spermiogramm.jpg?fit=2048%2C500&ssl=1\" \/>\n\t<meta property=\"og:image:width\" content=\"2048\" \/>\n\t<meta property=\"og:image:height\" content=\"500\" \/>\n\t<meta property=\"og:image:type\" content=\"image\/jpeg\" \/>\n<meta name=\"twitter:card\" content=\"summary_large_image\" \/>\n<meta name=\"twitter:label1\" content=\"Tiempo de lectura\" \/>\n\t<meta name=\"twitter:data1\" content=\"3 minutos\" \/>\n<script type=\"application\/ld+json\" class=\"yoast-schema-graph\">{\"@context\":\"https:\/\/schema.org\",\"@graph\":[{\"@type\":\"WebPage\",\"@id\":\"https:\/\/profertil.eu\/es\/salud-del-esperma\/espermiograma\/\",\"url\":\"https:\/\/profertil.eu\/es\/salud-del-esperma\/espermiograma\/\",\"name\":\"Espermiograma - PROFERTIL\",\"isPartOf\":{\"@id\":\"https:\/\/profertil.eu\/#website\"},\"primaryImageOfPage\":{\"@id\":\"https:\/\/profertil.eu\/es\/salud-del-esperma\/espermiograma\/#primaryimage\"},\"image\":{\"@id\":\"https:\/\/profertil.eu\/es\/salud-del-esperma\/espermiograma\/#primaryimage\"},\"thumbnailUrl\":\"https:\/\/profertil.eu\/wp-content\/uploads\/2019\/06\/spermiogramm.jpg\",\"datePublished\":\"2021-05-11T13:59:14+00:00\",\"dateModified\":\"2021-05-11T13:59:15+00:00\",\"breadcrumb\":{\"@id\":\"https:\/\/profertil.eu\/es\/salud-del-esperma\/espermiograma\/#breadcrumb\"},\"inLanguage\":\"es\",\"potentialAction\":[{\"@type\":\"ReadAction\",\"target\":[\"https:\/\/profertil.eu\/es\/salud-del-esperma\/espermiograma\/\"]}]},{\"@type\":\"ImageObject\",\"inLanguage\":\"es\",\"@id\":\"https:\/\/profertil.eu\/es\/salud-del-esperma\/espermiograma\/#primaryimage\",\"url\":\"https:\/\/profertil.eu\/wp-content\/uploads\/2019\/06\/spermiogramm.jpg\",\"contentUrl\":\"https:\/\/profertil.eu\/wp-content\/uploads\/2019\/06\/spermiogramm.jpg\"},{\"@type\":\"BreadcrumbList\",\"@id\":\"https:\/\/profertil.eu\/es\/salud-del-esperma\/espermiograma\/#breadcrumb\",\"itemListElement\":[{\"@type\":\"ListItem\",\"position\":1,\"name\":\"Home\",\"item\":\"https:\/\/profertil.eu\/es\/\"},{\"@type\":\"ListItem\",\"position\":2,\"name\":\"Salud del esperma\",\"item\":\"https:\/\/profertil.eu\/es\/salud-del-esperma\/\"},{\"@type\":\"ListItem\",\"position\":3,\"name\":\"Espermiograma\"}]},{\"@type\":\"WebSite\",\"@id\":\"https:\/\/profertil.eu\/#website\",\"url\":\"https:\/\/profertil.eu\/\",\"name\":\"PROFERTIL\",\"description\":\"No. 1 proven efficacy in male fertility\",\"publisher\":{\"@id\":\"https:\/\/profertil.eu\/#organization\"},\"potentialAction\":[{\"@type\":\"SearchAction\",\"target\":{\"@type\":\"EntryPoint\",\"urlTemplate\":\"https:\/\/profertil.eu\/?s={search_term_string}\"},\"query-input\":{\"@type\":\"PropertyValueSpecification\",\"valueRequired\":true,\"valueName\":\"search_term_string\"}}],\"inLanguage\":\"es\"},{\"@type\":\"Organization\",\"@id\":\"https:\/\/profertil.eu\/#organization\",\"name\":\"PROFERTIL\",\"url\":\"https:\/\/profertil.eu\/\",\"logo\":{\"@type\":\"ImageObject\",\"inLanguage\":\"es\",\"@id\":\"https:\/\/profertil.eu\/#\/schema\/logo\/image\/\",\"url\":\"https:\/\/profertil.eu\/wp-content\/uploads\/2025\/10\/PROFERTIL-logo-2025.svg\",\"contentUrl\":\"https:\/\/profertil.eu\/wp-content\/uploads\/2025\/10\/PROFERTIL-logo-2025.svg\",\"caption\":\"PROFERTIL\"},\"image\":{\"@id\":\"https:\/\/profertil.eu\/#\/schema\/logo\/image\/\"}}]}<\/script>\n<!-- \/ Yoast SEO plugin. -->","yoast_head_json":{"title":"Espermiograma - PROFERTIL","robots":{"index":"index","follow":"follow","max-snippet":"max-snippet:-1","max-image-preview":"max-image-preview:large","max-video-preview":"max-video-preview:-1"},"canonical":"https:\/\/profertil.eu\/es\/salud-del-esperma\/espermiograma\/","og_locale":"es_ES","og_type":"article","og_title":"Espermiograma - PROFERTIL","og_description":"EL ESPERMIOGRAMA El espermiograma es un m\u00e9todo de examen importante para evaluar la fertilidad masculina. La evaluaci\u00f3n se lleva a cabo de acuerdo con las directrices de la OMS. El examen se centra en evaluar los espermatozoides en relaci\u00f3n con su concentraci\u00f3n, motilidad y forma. Un espermiograma emplea el an\u00e1lisis microsc\u00f3pico de la eyaculaci\u00f3n para... Read more &raquo;","og_url":"https:\/\/profertil.eu\/es\/salud-del-esperma\/espermiograma\/","og_site_name":"PROFERTIL","article_modified_time":"2021-05-11T13:59:15+00:00","og_image":[{"width":2048,"height":500,"url":"https:\/\/i0.wp.com\/profertil.eu\/wp-content\/uploads\/2019\/06\/spermiogramm.jpg?fit=2048%2C500&ssl=1","type":"image\/jpeg"}],"twitter_card":"summary_large_image","twitter_misc":{"Tiempo de lectura":"3 minutos"},"schema":{"@context":"https:\/\/schema.org","@graph":[{"@type":"WebPage","@id":"https:\/\/profertil.eu\/es\/salud-del-esperma\/espermiograma\/","url":"https:\/\/profertil.eu\/es\/salud-del-esperma\/espermiograma\/","name":"Espermiograma - PROFERTIL","isPartOf":{"@id":"https:\/\/profertil.eu\/#website"},"primaryImageOfPage":{"@id":"https:\/\/profertil.eu\/es\/salud-del-esperma\/espermiograma\/#primaryimage"},"image":{"@id":"https:\/\/profertil.eu\/es\/salud-del-esperma\/espermiograma\/#primaryimage"},"thumbnailUrl":"https:\/\/profertil.eu\/wp-content\/uploads\/2019\/06\/spermiogramm.jpg","datePublished":"2021-05-11T13:59:14+00:00","dateModified":"2021-05-11T13:59:15+00:00","breadcrumb":{"@id":"https:\/\/profertil.eu\/es\/salud-del-esperma\/espermiograma\/#breadcrumb"},"inLanguage":"es","potentialAction":[{"@type":"ReadAction","target":["https:\/\/profertil.eu\/es\/salud-del-esperma\/espermiograma\/"]}]},{"@type":"ImageObject","inLanguage":"es","@id":"https:\/\/profertil.eu\/es\/salud-del-esperma\/espermiograma\/#primaryimage","url":"https:\/\/profertil.eu\/wp-content\/uploads\/2019\/06\/spermiogramm.jpg","contentUrl":"https:\/\/profertil.eu\/wp-content\/uploads\/2019\/06\/spermiogramm.jpg"},{"@type":"BreadcrumbList","@id":"https:\/\/profertil.eu\/es\/salud-del-esperma\/espermiograma\/#breadcrumb","itemListElement":[{"@type":"ListItem","position":1,"name":"Home","item":"https:\/\/profertil.eu\/es\/"},{"@type":"ListItem","position":2,"name":"Salud del esperma","item":"https:\/\/profertil.eu\/es\/salud-del-esperma\/"},{"@type":"ListItem","position":3,"name":"Espermiograma"}]},{"@type":"WebSite","@id":"https:\/\/profertil.eu\/#website","url":"https:\/\/profertil.eu\/","name":"PROFERTIL","description":"No. 1 proven efficacy in male fertility","publisher":{"@id":"https:\/\/profertil.eu\/#organization"},"potentialAction":[{"@type":"SearchAction","target":{"@type":"EntryPoint","urlTemplate":"https:\/\/profertil.eu\/?s={search_term_string}"},"query-input":{"@type":"PropertyValueSpecification","valueRequired":true,"valueName":"search_term_string"}}],"inLanguage":"es"},{"@type":"Organization","@id":"https:\/\/profertil.eu\/#organization","name":"PROFERTIL","url":"https:\/\/profertil.eu\/","logo":{"@type":"ImageObject","inLanguage":"es","@id":"https:\/\/profertil.eu\/#\/schema\/logo\/image\/","url":"https:\/\/profertil.eu\/wp-content\/uploads\/2025\/10\/PROFERTIL-logo-2025.svg","contentUrl":"https:\/\/profertil.eu\/wp-content\/uploads\/2025\/10\/PROFERTIL-logo-2025.svg","caption":"PROFERTIL"},"image":{"@id":"https:\/\/profertil.eu\/#\/schema\/logo\/image\/"}}]}},"_links":{"self":[{"href":"https:\/\/profertil.eu\/es\/wp-json\/wp\/v2\/pages\/12860","targetHints":{"allow":["GET"]}}],"collection":[{"href":"https:\/\/profertil.eu\/es\/wp-json\/wp\/v2\/pages"}],"about":[{"href":"https:\/\/profertil.eu\/es\/wp-json\/wp\/v2\/types\/page"}],"author":[{"embeddable":true,"href":"https:\/\/profertil.eu\/es\/wp-json\/wp\/v2\/users\/1"}],"replies":[{"embeddable":true,"href":"https:\/\/profertil.eu\/es\/wp-json\/wp\/v2\/comments?post=12860"}],"version-history":[{"count":21,"href":"https:\/\/profertil.eu\/es\/wp-json\/wp\/v2\/pages\/12860\/revisions"}],"predecessor-version":[{"id":12882,"href":"https:\/\/profertil.eu\/es\/wp-json\/wp\/v2\/pages\/12860\/revisions\/12882"}],"up":[{"embeddable":true,"href":"https:\/\/profertil.eu\/es\/wp-json\/wp\/v2\/pages\/12679"}],"wp:attachment":[{"href":"https:\/\/profertil.eu\/es\/wp-json\/wp\/v2\/media?parent=12860"}],"wp:term":[{"taxonomy":"category","embeddable":true,"href":"https:\/\/profertil.eu\/es\/wp-json\/wp\/v2\/categories?post=12860"},{"taxonomy":"post_tag","embeddable":true,"href":"https:\/\/profertil.eu\/es\/wp-json\/wp\/v2\/tags?post=12860"}],"curies":[{"name":"wp","href":"https:\/\/api.w.org\/{rel}","templated":true}]}}