 {"id":12685,"date":"2021-05-11T15:29:48","date_gmt":"2021-05-11T13:29:48","guid":{"rendered":"https:\/\/profertil.eu\/?page_id=12685"},"modified":"2021-05-11T15:30:41","modified_gmt":"2021-05-11T13:30:41","slug":"produccion-de-esperma","status":"publish","type":"page","link":"https:\/\/profertil.eu\/es\/salud-del-esperma\/produccion-de-esperma\/","title":{"rendered":"Producci\u00f3n de esperma"},"content":{"rendered":"\n<div class=\"wp-block-cover alignfull\"><img data-recalc-dims=\"1\" loading=\"lazy\" decoding=\"async\" width=\"1024\" height=\"250\" class=\"wp-block-cover__image-background wp-image-12687\" alt=\"\" src=\"https:\/\/i0.wp.com\/profertil.eu\/wp-content\/uploads\/2019\/06\/spermienproduktion.jpg?resize=1024%2C250&#038;ssl=1\" style=\"object-position:82% 44%\" data-object-fit=\"cover\" data-object-position=\"82% 44%\" srcset=\"https:\/\/i0.wp.com\/profertil.eu\/wp-content\/uploads\/2019\/06\/spermienproduktion.jpg?w=2048&amp;ssl=1 2048w, https:\/\/i0.wp.com\/profertil.eu\/wp-content\/uploads\/2019\/06\/spermienproduktion.jpg?resize=300%2C73&amp;ssl=1 300w, https:\/\/i0.wp.com\/profertil.eu\/wp-content\/uploads\/2019\/06\/spermienproduktion.jpg?resize=768%2C188&amp;ssl=1 768w, https:\/\/i0.wp.com\/profertil.eu\/wp-content\/uploads\/2019\/06\/spermienproduktion.jpg?resize=1024%2C250&amp;ssl=1 1024w\" sizes=\"auto, (max-width: 1024px) 100vw, 1024px\" \/><div class=\"wp-block-cover__inner-container is-layout-flow wp-block-cover-is-layout-flow\">\n<h1 class=\"wp-block-heading\"><span class=\"has-white-color\">C\u00d3MO<\/span> <span class=\"has-red-color\">FUNCIONA<\/span> <span class=\"has-white-color\">LA PRODUCCI\u00d3N <br>DE ESPERMA<\/span><\/h1>\n<\/div><\/div>\n\n\n\n<div class=\"wp-block-group alignfull center has-blue-gradient-background-color has-background\"><div class=\"wp-block-group__inner-container is-layout-flow wp-block-group-is-layout-flow\">\n<div style=\"height:50px\" aria-hidden=\"true\" class=\"wp-block-spacer\"><\/div>\n\n\n\n<div class=\"wp-block-columns has-2-columns is-layout-flex wp-container-core-columns-is-layout-1 wp-block-columns-is-layout-flex\">\n<div class=\"wp-block-column is-layout-flow wp-block-column-is-layout-flow\">\n<p class=\"has-white-color has-text-color\">Las hormonas desempe\u00f1an un papel decisivo en la producci\u00f3n de esperma (=espermatog\u00e9nesis). La gl\u00e1ndula pituitaria segrega una hormona conocida como hormona foliculoestimulante (FSH). La hormona luteinizante (HL) se genera al mismo tiempo. Mientras ambas hormonas desencadenan la maduraci\u00f3n de los \u00f3vulos en las mujeres, en el hombre se encargan de la formaci\u00f3n de espermatozoides.<\/p>\n\n\n\n<p class=\"has-white-color has-text-color\">En primer lugar, la producci\u00f3n de esperma y el proceso de maduraci\u00f3n puede parecer breve, pues dura unos dos o tres meses (es decir, cada tres meses se genera un nuevo \u00abconjunto de espermatozoides\u00bb en los epid\u00eddimos (test\u00edculos)). No obstante, son principalmente los espermatozoides completamente maduros los que tienen oportunidad de luchar por la fecundaci\u00f3n del \u00f3vulo. Por tanto, dos o tres meses suponen un periodo lo suficientemente importante como para que los trastornos de producci\u00f3n de esperma tengan un impacto negativo.<\/p>\n<\/div>\n\n\n\n<div class=\"wp-block-column is-layout-flow wp-block-column-is-layout-flow\">\n<p class=\"has-white-color has-text-color\">El n\u00famero de espermatozoides que se produce en el hombre depende de muchos factores diferentes, como la gen\u00e9tica, el ambiente, la condici\u00f3n f\u00edsica y la frecuencia de las relaciones sexuales. As\u00ed, el recuento de espermatozoides puede variar de una persona a otra. De media, un hombre sexualmente maduro tiene de dos a tres mil millones de espermatozoides disponibles en cualquier momento. Pero como los espermatozoides de los t\u00fabulos semin\u00edferos se est\u00e1n regenerando constantemente, estas reservas son siempre una mezcla de espermatozoides en diferentes estadios de maduraci\u00f3n.&nbsp;<\/p>\n<\/div>\n<\/div>\n\n\n\n<div style=\"height:50px\" aria-hidden=\"true\" class=\"wp-block-spacer\"><\/div>\n<\/div><\/div>\n\n\n\n<div style=\"height:20px\" aria-hidden=\"true\" class=\"wp-block-spacer\"><\/div>\n\n\n\n<div class=\"wp-block-image sperm-cell-section\"><figure class=\"aligncenter is-resized\"><img data-recalc-dims=\"1\" loading=\"lazy\" decoding=\"async\" src=\"https:\/\/i0.wp.com\/profertil.eu\/wp-content\/uploads\/2019\/06\/befruchtungsstadien.png?resize=317%2C73&#038;ssl=1\" alt=\"Die Stadien der Befruchtung.\" class=\"wp-image-896\" width=\"317\" height=\"73\" srcset=\"https:\/\/i0.wp.com\/profertil.eu\/wp-content\/uploads\/2019\/06\/befruchtungsstadien.png?w=634&amp;ssl=1 634w, https:\/\/i0.wp.com\/profertil.eu\/wp-content\/uploads\/2019\/06\/befruchtungsstadien.png?resize=300%2C69&amp;ssl=1 300w\" sizes=\"auto, (max-width: 317px) 100vw, 317px\" \/><\/figure><\/div>\n\n\n\n<div class=\"wp-block-group alignfull window-height center has-red-gradient-background-color has-background\" id=\"section2\"><div class=\"wp-block-group__inner-container is-layout-flow wp-block-group-is-layout-flow\">\n<div style=\"height:50px\" aria-hidden=\"true\" class=\"wp-block-spacer\"><\/div>\n\n\n\n<h2 class=\"has-text-align-center has-white-color has-text-color wp-block-heading\">QU\u00c9 NECESITAN LOS ESPERMATOZOIDES<\/h2>\n\n\n\n<div style=\"height:50px\" aria-hidden=\"true\" class=\"wp-block-spacer\"><\/div>\n\n\n\n<div class=\"wp-block-columns has-2-columns is-layout-flex wp-container-core-columns-is-layout-2 wp-block-columns-is-layout-flex\">\n<div class=\"wp-block-column is-layout-flow wp-block-column-is-layout-flow\">\n<p class=\"has-white-color has-text-color\">Durante el proceso de maduraci\u00f3n del espermatozoide, el cuerpo necesita determinados nutrientes, como amino\u00e1cidos, micronutrientes, vitaminas y sustancias similares a las vitaminas en diferentes etapas de desarrollo. Los requisitos previos \u00f3ptimos para una espermiog\u00e9nesis normal y saludable solo est\u00e1n garantizados si se proporcionan estas sustancias vitales.<\/p>\n<\/div>\n\n\n\n<div class=\"wp-block-column is-layout-flow wp-block-column-is-layout-flow\">\n<p class=\"has-white-color has-text-color\">Ciertas situaciones vitales y un estilo de vida poco saludable pueden llevar r\u00e1pidamente a una deficiencia de estas sustancias sin que la persona en cuesti\u00f3n se d\u00e9 cuenta de ello en la mayor\u00eda de los casos. Sin embargo, los espermatozoides reaccionan negativamente a factores externos como infecciones, medicaci\u00f3n y rayos X, sobre todo.<\/p>\n<\/div>\n<\/div>\n\n\n\n<div style=\"height:50px\" aria-hidden=\"true\" class=\"wp-block-spacer\"><\/div>\n\n\n\n<h4 class=\"has-text-align-center medium-width wp-block-heading\"><strong>La f\u00f3rmula testada de PROFERTIL<sup>\u00ae<\/sup>&nbsp;ayuda en el proceso de maduraci\u00f3n de los espermatozoides en todas las fases de la producci\u00f3n de esperma.<\/strong>.<\/h4>\n\n\n\n<div style=\"height:50px\" aria-hidden=\"true\" class=\"wp-block-spacer\"><\/div>\n\n\n\n\n\n<div id=\"anchorlink-block_5cf4fce25def0\" class=\"anchorlink light \">\n            <a href=\"#section3\" data-smooth-scroll data-animation-duration=\"750\" data-animation-easing=\"swing\" data-offset=\"-23\"><i class=\"material-icons pro-pulse\">expand_more<\/i><\/a>\n    <\/div><\/div><\/div>\n\n\n\n<div class=\"wp-block-group alignfull window-height has-white-background-color has-background\" id=\"section3\"><div class=\"wp-block-group__inner-container is-layout-flow wp-block-group-is-layout-flow\">\n<div style=\"height:100px\" aria-hidden=\"true\" class=\"wp-block-spacer\"><\/div>\n\n\n\n<div class=\"wp-block-image\"><figure class=\"aligncenter size-full is-resized\"><img data-recalc-dims=\"1\" loading=\"lazy\" decoding=\"async\" src=\"https:\/\/i0.wp.com\/profertil.eu\/wp-content\/uploads\/2021\/05\/Graphic_Synergistic-effect_ES.png?resize=620%2C426&#038;ssl=1\" alt=\"\" class=\"wp-image-12709\" width=\"620\" height=\"426\" srcset=\"https:\/\/i0.wp.com\/profertil.eu\/wp-content\/uploads\/2021\/05\/Graphic_Synergistic-effect_ES.png?w=1240&amp;ssl=1 1240w, https:\/\/i0.wp.com\/profertil.eu\/wp-content\/uploads\/2021\/05\/Graphic_Synergistic-effect_ES.png?resize=300%2C206&amp;ssl=1 300w, https:\/\/i0.wp.com\/profertil.eu\/wp-content\/uploads\/2021\/05\/Graphic_Synergistic-effect_ES.png?resize=1024%2C704&amp;ssl=1 1024w, https:\/\/i0.wp.com\/profertil.eu\/wp-content\/uploads\/2021\/05\/Graphic_Synergistic-effect_ES.png?resize=768%2C528&amp;ssl=1 768w\" sizes=\"auto, (max-width: 620px) 100vw, 620px\" \/><\/figure><\/div>\n\n\n\n<div style=\"height:50px\" aria-hidden=\"true\" class=\"wp-block-spacer\"><\/div>\n\n\n\n\n\n<div id=\"anchorlink-block_5cf502085def1\" class=\"anchorlink dark \">\n            <a href=\"#buynow\" data-smooth-scroll data-animation-duration=\"750\" data-animation-easing=\"swing\" data-offset=\"-23\"><i class=\"material-icons pro-pulse\">expand_more<\/i><\/a>\n    <\/div>\n\n\n<div style=\"height:50px\" aria-hidden=\"true\" class=\"wp-block-spacer\"><\/div>\n\n\n\n<p><\/p>\n<\/div><\/div>\n\n\n\n<div id=\"buynow\" class=\"wp-block-group window-height minus-footer center\"><div class=\"wp-block-group__inner-container is-layout-flow wp-block-group-is-layout-flow\">\n<div class=\"wp-block-image\"><figure class=\"aligncenter size-large is-resized\"><a href=\"https:\/\/shop.profertil.eu\" target=\"_blank\" rel=\"noreferrer noopener\"><img loading=\"lazy\" decoding=\"async\" src=\"https:\/\/profertil.eu\/wp-content\/uploads\/2021\/05\/comprar-ahora.svg\" alt=\"\" class=\"wp-image-12556\" width=\"500\" height=\"94\"\/><\/a><\/figure><\/div>\n\n\n\n<p><\/p>\n<\/div><\/div>\n\n\n\n<p><\/p>\n","protected":false},"excerpt":{"rendered":"<p>Las hormonas desempe\u00f1an un papel decisivo en la producci\u00f3n de esperma (=espermatog\u00e9nesis). La gl\u00e1ndula pituitaria segrega una hormona conocida como hormona foliculoestimulante (FSH). La hormona luteinizante (HL) se genera al mismo tiempo. Mientras ambas hormonas desencadenan la maduraci\u00f3n de los \u00f3vulos en las mujeres, en el hombre se encargan de la formaci\u00f3n de espermatozoides. En<a class=\"excerpt-read-more\" href=\"https:\/\/profertil.eu\/es\/salud-del-esperma\/produccion-de-esperma\/\" title=\"ReadProducci\u00f3n de esperma\">&#8230; Read more &raquo;<\/a><\/p>\n","protected":false},"author":1,"featured_media":0,"parent":12679,"menu_order":1,"comment_status":"closed","ping_status":"closed","template":"template-full-width-no-title.php","meta":{"_acf_changed":false,"pgc_sgb_lightbox_settings":"","footnotes":""},"categories":[],"tags":[],"class_list":["post-12685","page","type-page","status-publish","hentry"],"acf":[],"yoast_head":"<!-- This site is optimized with the Yoast SEO plugin v26.1 - https:\/\/yoast.com\/wordpress\/plugins\/seo\/ -->\n<title>Producci\u00f3n de esperma - PROFERTIL<\/title>\n<meta name=\"robots\" content=\"index, follow, max-snippet:-1, max-image-preview:large, max-video-preview:-1\" \/>\n<link rel=\"canonical\" href=\"https:\/\/profertil.eu\/es\/salud-del-esperma\/produccion-de-esperma\/\" \/>\n<meta property=\"og:locale\" content=\"es_ES\" \/>\n<meta property=\"og:type\" content=\"article\" \/>\n<meta property=\"og:title\" content=\"Producci\u00f3n de esperma - PROFERTIL\" \/>\n<meta property=\"og:description\" content=\"Las hormonas desempe\u00f1an un papel decisivo en la producci\u00f3n de esperma (=espermatog\u00e9nesis). La gl\u00e1ndula pituitaria segrega una hormona conocida como hormona foliculoestimulante (FSH). La hormona luteinizante (HL) se genera al mismo tiempo. Mientras ambas hormonas desencadenan la maduraci\u00f3n de los \u00f3vulos en las mujeres, en el hombre se encargan de la formaci\u00f3n de espermatozoides. En... Read more &raquo;\" \/>\n<meta property=\"og:url\" content=\"https:\/\/profertil.eu\/es\/salud-del-esperma\/produccion-de-esperma\/\" \/>\n<meta property=\"og:site_name\" content=\"PROFERTIL\" \/>\n<meta property=\"article:modified_time\" content=\"2021-05-11T13:30:41+00:00\" \/>\n<meta property=\"og:image\" content=\"https:\/\/profertil.eu\/wp-content\/uploads\/2019\/06\/spermienproduktion.jpg\" \/>\n<meta name=\"twitter:card\" content=\"summary_large_image\" \/>\n<meta name=\"twitter:label1\" content=\"Tiempo de lectura\" \/>\n\t<meta name=\"twitter:data1\" content=\"2 minutos\" \/>\n<script type=\"application\/ld+json\" class=\"yoast-schema-graph\">{\"@context\":\"https:\/\/schema.org\",\"@graph\":[{\"@type\":\"WebPage\",\"@id\":\"https:\/\/profertil.eu\/es\/salud-del-esperma\/produccion-de-esperma\/\",\"url\":\"https:\/\/profertil.eu\/es\/salud-del-esperma\/produccion-de-esperma\/\",\"name\":\"Producci\u00f3n de esperma - PROFERTIL\",\"isPartOf\":{\"@id\":\"https:\/\/profertil.eu\/#website\"},\"primaryImageOfPage\":{\"@id\":\"https:\/\/profertil.eu\/es\/salud-del-esperma\/produccion-de-esperma\/#primaryimage\"},\"image\":{\"@id\":\"https:\/\/profertil.eu\/es\/salud-del-esperma\/produccion-de-esperma\/#primaryimage\"},\"thumbnailUrl\":\"https:\/\/profertil.eu\/wp-content\/uploads\/2019\/06\/spermienproduktion.jpg\",\"datePublished\":\"2021-05-11T13:29:48+00:00\",\"dateModified\":\"2021-05-11T13:30:41+00:00\",\"breadcrumb\":{\"@id\":\"https:\/\/profertil.eu\/es\/salud-del-esperma\/produccion-de-esperma\/#breadcrumb\"},\"inLanguage\":\"es\",\"potentialAction\":[{\"@type\":\"ReadAction\",\"target\":[\"https:\/\/profertil.eu\/es\/salud-del-esperma\/produccion-de-esperma\/\"]}]},{\"@type\":\"ImageObject\",\"inLanguage\":\"es\",\"@id\":\"https:\/\/profertil.eu\/es\/salud-del-esperma\/produccion-de-esperma\/#primaryimage\",\"url\":\"https:\/\/profertil.eu\/wp-content\/uploads\/2019\/06\/spermienproduktion.jpg\",\"contentUrl\":\"https:\/\/profertil.eu\/wp-content\/uploads\/2019\/06\/spermienproduktion.jpg\"},{\"@type\":\"BreadcrumbList\",\"@id\":\"https:\/\/profertil.eu\/es\/salud-del-esperma\/produccion-de-esperma\/#breadcrumb\",\"itemListElement\":[{\"@type\":\"ListItem\",\"position\":1,\"name\":\"Home\",\"item\":\"https:\/\/profertil.eu\/es\/\"},{\"@type\":\"ListItem\",\"position\":2,\"name\":\"Salud del esperma\",\"item\":\"https:\/\/profertil.eu\/es\/salud-del-esperma\/\"},{\"@type\":\"ListItem\",\"position\":3,\"name\":\"Producci\u00f3n de esperma\"}]},{\"@type\":\"WebSite\",\"@id\":\"https:\/\/profertil.eu\/#website\",\"url\":\"https:\/\/profertil.eu\/\",\"name\":\"PROFERTIL\",\"description\":\"No. 1 proven efficacy in male fertility\",\"publisher\":{\"@id\":\"https:\/\/profertil.eu\/#organization\"},\"potentialAction\":[{\"@type\":\"SearchAction\",\"target\":{\"@type\":\"EntryPoint\",\"urlTemplate\":\"https:\/\/profertil.eu\/?s={search_term_string}\"},\"query-input\":{\"@type\":\"PropertyValueSpecification\",\"valueRequired\":true,\"valueName\":\"search_term_string\"}}],\"inLanguage\":\"es\"},{\"@type\":\"Organization\",\"@id\":\"https:\/\/profertil.eu\/#organization\",\"name\":\"PROFERTIL\",\"url\":\"https:\/\/profertil.eu\/\",\"logo\":{\"@type\":\"ImageObject\",\"inLanguage\":\"es\",\"@id\":\"https:\/\/profertil.eu\/#\/schema\/logo\/image\/\",\"url\":\"https:\/\/profertil.eu\/wp-content\/uploads\/2025\/10\/PROFERTIL-logo-2025.svg\",\"contentUrl\":\"https:\/\/profertil.eu\/wp-content\/uploads\/2025\/10\/PROFERTIL-logo-2025.svg\",\"caption\":\"PROFERTIL\"},\"image\":{\"@id\":\"https:\/\/profertil.eu\/#\/schema\/logo\/image\/\"}}]}<\/script>\n<!-- \/ Yoast SEO plugin. -->","yoast_head_json":{"title":"Producci\u00f3n de esperma - PROFERTIL","robots":{"index":"index","follow":"follow","max-snippet":"max-snippet:-1","max-image-preview":"max-image-preview:large","max-video-preview":"max-video-preview:-1"},"canonical":"https:\/\/profertil.eu\/es\/salud-del-esperma\/produccion-de-esperma\/","og_locale":"es_ES","og_type":"article","og_title":"Producci\u00f3n de esperma - PROFERTIL","og_description":"Las hormonas desempe\u00f1an un papel decisivo en la producci\u00f3n de esperma (=espermatog\u00e9nesis). La gl\u00e1ndula pituitaria segrega una hormona conocida como hormona foliculoestimulante (FSH). La hormona luteinizante (HL) se genera al mismo tiempo. Mientras ambas hormonas desencadenan la maduraci\u00f3n de los \u00f3vulos en las mujeres, en el hombre se encargan de la formaci\u00f3n de espermatozoides. En... Read more &raquo;","og_url":"https:\/\/profertil.eu\/es\/salud-del-esperma\/produccion-de-esperma\/","og_site_name":"PROFERTIL","article_modified_time":"2021-05-11T13:30:41+00:00","og_image":[{"url":"https:\/\/profertil.eu\/wp-content\/uploads\/2019\/06\/spermienproduktion.jpg","type":"","width":"","height":""}],"twitter_card":"summary_large_image","twitter_misc":{"Tiempo de lectura":"2 minutos"},"schema":{"@context":"https:\/\/schema.org","@graph":[{"@type":"WebPage","@id":"https:\/\/profertil.eu\/es\/salud-del-esperma\/produccion-de-esperma\/","url":"https:\/\/profertil.eu\/es\/salud-del-esperma\/produccion-de-esperma\/","name":"Producci\u00f3n de esperma - PROFERTIL","isPartOf":{"@id":"https:\/\/profertil.eu\/#website"},"primaryImageOfPage":{"@id":"https:\/\/profertil.eu\/es\/salud-del-esperma\/produccion-de-esperma\/#primaryimage"},"image":{"@id":"https:\/\/profertil.eu\/es\/salud-del-esperma\/produccion-de-esperma\/#primaryimage"},"thumbnailUrl":"https:\/\/profertil.eu\/wp-content\/uploads\/2019\/06\/spermienproduktion.jpg","datePublished":"2021-05-11T13:29:48+00:00","dateModified":"2021-05-11T13:30:41+00:00","breadcrumb":{"@id":"https:\/\/profertil.eu\/es\/salud-del-esperma\/produccion-de-esperma\/#breadcrumb"},"inLanguage":"es","potentialAction":[{"@type":"ReadAction","target":["https:\/\/profertil.eu\/es\/salud-del-esperma\/produccion-de-esperma\/"]}]},{"@type":"ImageObject","inLanguage":"es","@id":"https:\/\/profertil.eu\/es\/salud-del-esperma\/produccion-de-esperma\/#primaryimage","url":"https:\/\/profertil.eu\/wp-content\/uploads\/2019\/06\/spermienproduktion.jpg","contentUrl":"https:\/\/profertil.eu\/wp-content\/uploads\/2019\/06\/spermienproduktion.jpg"},{"@type":"BreadcrumbList","@id":"https:\/\/profertil.eu\/es\/salud-del-esperma\/produccion-de-esperma\/#breadcrumb","itemListElement":[{"@type":"ListItem","position":1,"name":"Home","item":"https:\/\/profertil.eu\/es\/"},{"@type":"ListItem","position":2,"name":"Salud del esperma","item":"https:\/\/profertil.eu\/es\/salud-del-esperma\/"},{"@type":"ListItem","position":3,"name":"Producci\u00f3n de esperma"}]},{"@type":"WebSite","@id":"https:\/\/profertil.eu\/#website","url":"https:\/\/profertil.eu\/","name":"PROFERTIL","description":"No. 1 proven efficacy in male fertility","publisher":{"@id":"https:\/\/profertil.eu\/#organization"},"potentialAction":[{"@type":"SearchAction","target":{"@type":"EntryPoint","urlTemplate":"https:\/\/profertil.eu\/?s={search_term_string}"},"query-input":{"@type":"PropertyValueSpecification","valueRequired":true,"valueName":"search_term_string"}}],"inLanguage":"es"},{"@type":"Organization","@id":"https:\/\/profertil.eu\/#organization","name":"PROFERTIL","url":"https:\/\/profertil.eu\/","logo":{"@type":"ImageObject","inLanguage":"es","@id":"https:\/\/profertil.eu\/#\/schema\/logo\/image\/","url":"https:\/\/profertil.eu\/wp-content\/uploads\/2025\/10\/PROFERTIL-logo-2025.svg","contentUrl":"https:\/\/profertil.eu\/wp-content\/uploads\/2025\/10\/PROFERTIL-logo-2025.svg","caption":"PROFERTIL"},"image":{"@id":"https:\/\/profertil.eu\/#\/schema\/logo\/image\/"}}]}},"_links":{"self":[{"href":"https:\/\/profertil.eu\/es\/wp-json\/wp\/v2\/pages\/12685","targetHints":{"allow":["GET"]}}],"collection":[{"href":"https:\/\/profertil.eu\/es\/wp-json\/wp\/v2\/pages"}],"about":[{"href":"https:\/\/profertil.eu\/es\/wp-json\/wp\/v2\/types\/page"}],"author":[{"embeddable":true,"href":"https:\/\/profertil.eu\/es\/wp-json\/wp\/v2\/users\/1"}],"replies":[{"embeddable":true,"href":"https:\/\/profertil.eu\/es\/wp-json\/wp\/v2\/comments?post=12685"}],"version-history":[{"count":17,"href":"https:\/\/profertil.eu\/es\/wp-json\/wp\/v2\/pages\/12685\/revisions"}],"predecessor-version":[{"id":12722,"href":"https:\/\/profertil.eu\/es\/wp-json\/wp\/v2\/pages\/12685\/revisions\/12722"}],"up":[{"embeddable":true,"href":"https:\/\/profertil.eu\/es\/wp-json\/wp\/v2\/pages\/12679"}],"wp:attachment":[{"href":"https:\/\/profertil.eu\/es\/wp-json\/wp\/v2\/media?parent=12685"}],"wp:term":[{"taxonomy":"category","embeddable":true,"href":"https:\/\/profertil.eu\/es\/wp-json\/wp\/v2\/categories?post=12685"},{"taxonomy":"post_tag","embeddable":true,"href":"https:\/\/profertil.eu\/es\/wp-json\/wp\/v2\/tags?post=12685"}],"curies":[{"name":"wp","href":"https:\/\/api.w.org\/{rel}","templated":true}]}}