 {"id":12660,"date":"2021-05-10T21:07:23","date_gmt":"2021-05-10T19:07:23","guid":{"rendered":"https:\/\/profertil.eu\/?page_id=12660"},"modified":"2021-05-10T21:10:35","modified_gmt":"2021-05-10T19:10:35","slug":"paso-a-paso","status":"publish","type":"page","link":"https:\/\/profertil.eu\/es\/infertilidad\/paso-a-paso\/","title":{"rendered":"Paso a paso"},"content":{"rendered":"\n<div class=\"wp-block-cover alignfull\"><img data-recalc-dims=\"1\" loading=\"lazy\" decoding=\"async\" width=\"1024\" height=\"250\" class=\"wp-block-cover__image-background wp-image-12662\" alt=\"\" src=\"https:\/\/i0.wp.com\/profertil.eu\/wp-content\/uploads\/2019\/06\/stufenplan-zum-wunschkind.jpg?resize=1024%2C250&#038;ssl=1\" style=\"object-position:67% 35%\" data-object-fit=\"cover\" data-object-position=\"67% 35%\" srcset=\"https:\/\/i0.wp.com\/profertil.eu\/wp-content\/uploads\/2019\/06\/stufenplan-zum-wunschkind.jpg?w=2048&amp;ssl=1 2048w, https:\/\/i0.wp.com\/profertil.eu\/wp-content\/uploads\/2019\/06\/stufenplan-zum-wunschkind.jpg?resize=300%2C73&amp;ssl=1 300w, https:\/\/i0.wp.com\/profertil.eu\/wp-content\/uploads\/2019\/06\/stufenplan-zum-wunschkind.jpg?resize=768%2C188&amp;ssl=1 768w, https:\/\/i0.wp.com\/profertil.eu\/wp-content\/uploads\/2019\/06\/stufenplan-zum-wunschkind.jpg?resize=1024%2C250&amp;ssl=1 1024w\" sizes=\"auto, (max-width: 1024px) 100vw, 1024px\" \/><div class=\"wp-block-cover__inner-container is-layout-flow wp-block-cover-is-layout-flow\">\n<h1 class=\"wp-block-heading\"><span class=\"has-red-color\">QU\u00c9 ESPERAR,<\/span> <br>SI QUIERES ESPERAR UN BEB\u00c9<\/h1>\n<\/div><\/div>\n\n\n\n<div class=\"wp-block-group alignfull window-height minus-header center has-red-gradient-background-color has-background\"><div class=\"wp-block-group__inner-container is-layout-flow wp-block-group-is-layout-flow\">\n<div style=\"height:50px\" aria-hidden=\"true\" class=\"wp-block-spacer\"><\/div>\n\n\n\n<div class=\"wp-block-columns has-3-columns is-layout-flex wp-container-core-columns-is-layout-1 wp-block-columns-is-layout-flex\">\n<div class=\"wp-block-column rounded-border is-layout-flow wp-block-column-is-layout-flow\">\n<p class=\"has-text-align-center condensed has-text-color has-large-font-size\" style=\"color:#b999a1\">Fase 1<\/p>\n\n\n\n<p class=\"has-text-align-center has-white-color has-text-color\">Evaluaci\u00f3n del historial cl\u00ednico (anamnesis), examen ginecol\u00f3gico, ultrasonido, protocolo de ciclo, toma de la temperatura nada m\u00e1s despertarse (temperatura basal), relaciones sexuales en el momento \u00f3ptimo, an\u00e1lisis hormonal.<\/p>\n<\/div>\n\n\n\n<div class=\"wp-block-column rounded-border is-layout-flow wp-block-column-is-layout-flow\">\n<p class=\"has-text-align-center condensed has-text-color has-large-font-size\" style=\"color:#b999a1\">Fase 2<\/p>\n\n\n\n<p class=\"has-text-align-center has-white-color has-text-color\">Un espermiograma (evaluaci\u00f3n de la cantidad, n\u00famero, motilidad y forma de los espermatozoides) realizado por un ur\u00f3logo, control del ciclo mediante un ultrasonido (endometrio), an\u00e1lisis hormonal, relaciones sexuales en el momento \u00f3ptimo.<\/p>\n\n\n\n<p class=\"has-text-align-center has-white-color has-text-color\">Si el espermiograma muestra resultados anormales, se recomienda que el hombre comience a tomar PROFERTIL<sup>\u00ae<\/sup>\u00a0en esta etapa, despu\u00e9s de consultar con su m\u00e9dico.<strong>\u00a0En muchos casos se puede evitar la tercera fase, es decir, la inseminaci\u00f3n artificial.<\/strong><\/p>\n<\/div>\n\n\n\n<div class=\"wp-block-column rounded-border is-layout-flow wp-block-column-is-layout-flow\">\n<p class=\"has-text-align-center condensed has-text-color has-large-font-size\" style=\"color:#b999a1\">Fase 3<\/p>\n\n\n\n<p class=\"has-text-align-center has-white-color has-text-color\">En caso de que se halle esperma anormal en la fase dos o la mujer tenga bloqueadas las trompas de Falopio, se recomienda la inseminaci\u00f3n artificial (FIV).<\/p>\n\n\n\n<p class=\"has-text-align-center has-white-color has-text-color\"><strong><strong>Como complemento del tratamiento de FIV, PROFERTIL<sup>\u00ae<\/sup>\u00a0aumenta las oportunidades de \u00e9xito.<\/strong><\/strong><\/p>\n\n\n\n<p class=\"has-text-align-center has-white-color has-text-color\">Sobre todo, puede lograrse una mejora gradual, es decir, el tratamiento ICSI puede evitarse. La terapia ICSI se recomienda cuando la calidad del esperma es muy baja (menos de cinco a diez millones por mililitro) o la morfolog\u00eda de los espermatozoides es mala (aspecto, forma de los espermatozoides).<\/p>\n<\/div>\n<\/div>\n\n\n\n<div style=\"height:50px\" aria-hidden=\"true\" class=\"wp-block-spacer\"><\/div>\n\n\n\n\n\n<div id=\"anchorlink-block_5cf3e5465a5a0\" class=\"anchorlink light \">\n            <a href=\"#section2\" data-smooth-scroll data-animation-duration=\"750\" data-animation-easing=\"swing\" data-offset=\"-23\"><i class=\"material-icons pro-pulse\">expand_more<\/i><\/a>\n    <\/div><\/div><\/div>\n\n\n\n<div class=\"wp-block-group alignfull window-height center has-blue-gradient-background-color has-background\" id=\"section2\"><div class=\"wp-block-group__inner-container is-layout-flow wp-block-group-is-layout-flow\">\n<div style=\"height:50px\" aria-hidden=\"true\" class=\"wp-block-spacer\"><\/div>\n\n\n\n<h2 class=\"has-text-align-center has-white-color has-text-color wp-block-heading\"><strong>M\u00c9TODOS DE TRATAMIENTO<\/strong><\/h2>\n\n\n\n<div style=\"height:50px\" aria-hidden=\"true\" class=\"wp-block-spacer\"><\/div>\n\n\n\n<figure class=\"wp-block-table is-style-profertil stack\"><table><tbody><tr><td><strong><strong>Terapia hormonal<\/strong><\/strong><\/td><td>Si el motivo de la infertilidad se debe a un trastorno hormonal de la mujer, normalmente se comienza con el tratamiento hormonal. Existen varios medicamentos que pueden regular un ciclo irregular y desencadenar la ovulaci\u00f3n. Si el hombre no puede concebir, el doctor tambi\u00e9n recomendar\u00e1 medicamentos en algunos casos. Estos pueden usarse para tratar trastornos hormonales (p. ej., d\u00e9ficit de testosterona).<\/td><\/tr><tr><td><strong><strong>Inseminaci\u00f3n (transferencia de semen)<\/strong><\/strong><\/td><td>La inseminaci\u00f3n significa que el m\u00e9dico inyecta l\u00edquido seminal purificado y concentrado en el \u00fatero, vagina, c\u00e9rvix o trompas de Falopio. Este m\u00e9todo se emplea si la calidad del esperma est\u00e1 ligeramente alterada o si el c\u00e9rvix tiene tantas cicatrices (debido a infecciones o inflamaciones) que los espermatozoides tienen dificultades para llegar al \u00fatero. A veces hay que estimular los ovarios con hormonas antes de la inseminaci\u00f3n.<\/td><\/tr><tr><td><strong><strong>Fecundaci\u00f3n in vitro (FIV)<\/strong><\/strong><\/td><td>En esta t\u00e9cnica, el \u00f3vulo se fecunda fuera del cuerpo. La FIV se realiza si, por ejemplo, los \u00f3vulos no llegan al \u00fatero porque est\u00e1 adherido debido a una inflamaci\u00f3n. La FIV tambi\u00e9n ayuda al embarazo de mujeres que tienen miomas uterinos o anticuerpos contra los espermatozoides, si la calidad del esperma del hombre no es adecuada o incluso si el doctor no ha hallado la causa de la infertilidad.<\/td><\/tr><tr><td><strong><strong>Inyecci\u00f3n intracitoplasm\u00e1tica de espermatozoides (ICSI)<\/strong><\/strong><\/td><td>Con la inyecci\u00f3n intracitoplasm\u00e1tica de espermatozoides (ICSI), el doctor inyecta el esperma directamente en el \u00f3vulo. La ICSI se emplea cuando el espermatozoide no puede fecundar al \u00f3vulo por s\u00ed solo, ya sea en el cuerpo de la mujer o en un tubo de ensayo. La ICSI tambi\u00e9n se tiene en cuenta cuando la mujer no puede quedarse embarazada, pese al tratamiento de FIV.<\/td><\/tr><tr><td><strong><strong>Extracci\u00f3n de esperma<\/strong><\/strong><\/td><td>La recogida de esperma de los epid\u00eddimos (aspiraci\u00f3n microquir\u00fargica de espermatozoides de epid\u00eddimo, MESA) puede ser de ayuda si los conductos deferentes est\u00e1n cerrados y no pueden abrirse mediante cirug\u00eda o si los espermatozoides no se mueven en la muestra de semen. Es una opci\u00f3n cuando el hombre no puede eyacular, como en los casos en los que es parapl\u00e9jico o ha sido operado de un tumor. Si no se puede llevar a cabo la MESA, algunos doctores recomiendan la TESA (aspiraci\u00f3n testicular de esperma), en la que el doctor extrae el esperma de los test\u00edculos. La MESA y la TESA siempre se combinan con la ICSI.<\/td><\/tr><tr><td><strong><strong>Operaciones<\/strong><\/strong><\/td><td>Una operaci\u00f3n puede ayudar al embarazo si las trompas de Falopio est\u00e1n cerradas o hay adherencias en el abdomen que impiden la concepci\u00f3n. Los cirujanos a veces pueden abrir los conductos seminales obstruidos, despu\u00e9s de una operaci\u00f3n de hernia inguinal, por ejemplo.<\/td><\/tr><\/tbody><\/table><\/figure>\n\n\n\n<div style=\"height:50px\" aria-hidden=\"true\" class=\"wp-block-spacer\"><\/div>\n\n\n\n\n\n<div id=\"anchorlink-block_5cf3e6095a5a1\" class=\"anchorlink light \">\n            <a href=\"#buynow\" data-smooth-scroll data-animation-duration=\"750\" data-animation-easing=\"swing\" data-offset=\"-23\"><i class=\"material-icons pro-pulse\">expand_more<\/i><\/a>\n    <\/div><\/div><\/div>\n\n\n\n<div id=\"buynow\" class=\"wp-block-group window-height minus-footer center\"><div class=\"wp-block-group__inner-container is-layout-flow wp-block-group-is-layout-flow\">\n<div class=\"wp-block-image\"><figure class=\"aligncenter size-large is-resized\"><a href=\"https:\/\/shop.profertil.eu\" target=\"_blank\" rel=\"noreferrer noopener\"><img loading=\"lazy\" decoding=\"async\" src=\"https:\/\/profertil.eu\/wp-content\/uploads\/2021\/05\/comprar-ahora.svg\" alt=\"\" class=\"wp-image-12556\" width=\"500\" height=\"94\"\/><\/a><\/figure><\/div>\n\n\n\n<p><\/p>\n<\/div><\/div>\n","protected":false},"excerpt":{"rendered":"<p>Fase 1 Evaluaci\u00f3n del historial cl\u00ednico (anamnesis), examen ginecol\u00f3gico, ultrasonido, protocolo de ciclo, toma de la temperatura nada m\u00e1s despertarse (temperatura basal), relaciones sexuales en el momento \u00f3ptimo, an\u00e1lisis hormonal. Fase 2 Un espermiograma (evaluaci\u00f3n de la cantidad, n\u00famero, motilidad y forma de los espermatozoides) realizado por un ur\u00f3logo, control del ciclo mediante un ultrasonido<a class=\"excerpt-read-more\" href=\"https:\/\/profertil.eu\/es\/infertilidad\/paso-a-paso\/\" title=\"ReadPaso a paso\">&#8230; Read more &raquo;<\/a><\/p>\n","protected":false},"author":1,"featured_media":0,"parent":12574,"menu_order":4,"comment_status":"closed","ping_status":"closed","template":"template-full-width-no-title.php","meta":{"_acf_changed":false,"pgc_sgb_lightbox_settings":"","footnotes":""},"categories":[],"tags":[],"class_list":["post-12660","page","type-page","status-publish","hentry"],"acf":[],"yoast_head":"<!-- This site is optimized with the Yoast SEO plugin v26.1 - https:\/\/yoast.com\/wordpress\/plugins\/seo\/ -->\n<title>Paso a paso - PROFERTIL<\/title>\n<meta name=\"robots\" content=\"index, follow, max-snippet:-1, max-image-preview:large, max-video-preview:-1\" \/>\n<link rel=\"canonical\" href=\"https:\/\/profertil.eu\/es\/infertilidad\/paso-a-paso\/\" \/>\n<meta property=\"og:locale\" content=\"es_ES\" \/>\n<meta property=\"og:type\" content=\"article\" \/>\n<meta property=\"og:title\" content=\"Paso a paso - PROFERTIL\" \/>\n<meta property=\"og:description\" content=\"Fase 1 Evaluaci\u00f3n del historial cl\u00ednico (anamnesis), examen ginecol\u00f3gico, ultrasonido, protocolo de ciclo, toma de la temperatura nada m\u00e1s despertarse (temperatura basal), relaciones sexuales en el momento \u00f3ptimo, an\u00e1lisis hormonal. Fase 2 Un espermiograma (evaluaci\u00f3n de la cantidad, n\u00famero, motilidad y forma de los espermatozoides) realizado por un ur\u00f3logo, control del ciclo mediante un ultrasonido... Read more &raquo;\" \/>\n<meta property=\"og:url\" content=\"https:\/\/profertil.eu\/es\/infertilidad\/paso-a-paso\/\" \/>\n<meta property=\"og:site_name\" content=\"PROFERTIL\" \/>\n<meta property=\"article:modified_time\" content=\"2021-05-10T19:10:35+00:00\" \/>\n<meta property=\"og:image\" content=\"https:\/\/i0.wp.com\/profertil.eu\/wp-content\/uploads\/2019\/06\/stufenplan-zum-wunschkind.jpg?fit=2048%2C500&ssl=1\" \/>\n\t<meta property=\"og:image:width\" content=\"2048\" \/>\n\t<meta property=\"og:image:height\" content=\"500\" \/>\n\t<meta property=\"og:image:type\" content=\"image\/jpeg\" \/>\n<meta name=\"twitter:card\" content=\"summary_large_image\" \/>\n<meta name=\"twitter:label1\" content=\"Tiempo de lectura\" \/>\n\t<meta name=\"twitter:data1\" content=\"3 minutos\" \/>\n<script type=\"application\/ld+json\" class=\"yoast-schema-graph\">{\"@context\":\"https:\/\/schema.org\",\"@graph\":[{\"@type\":\"WebPage\",\"@id\":\"https:\/\/profertil.eu\/es\/infertilidad\/paso-a-paso\/\",\"url\":\"https:\/\/profertil.eu\/es\/infertilidad\/paso-a-paso\/\",\"name\":\"Paso a paso - PROFERTIL\",\"isPartOf\":{\"@id\":\"https:\/\/profertil.eu\/#website\"},\"primaryImageOfPage\":{\"@id\":\"https:\/\/profertil.eu\/es\/infertilidad\/paso-a-paso\/#primaryimage\"},\"image\":{\"@id\":\"https:\/\/profertil.eu\/es\/infertilidad\/paso-a-paso\/#primaryimage\"},\"thumbnailUrl\":\"https:\/\/profertil.eu\/wp-content\/uploads\/2019\/06\/stufenplan-zum-wunschkind.jpg\",\"datePublished\":\"2021-05-10T19:07:23+00:00\",\"dateModified\":\"2021-05-10T19:10:35+00:00\",\"breadcrumb\":{\"@id\":\"https:\/\/profertil.eu\/es\/infertilidad\/paso-a-paso\/#breadcrumb\"},\"inLanguage\":\"es\",\"potentialAction\":[{\"@type\":\"ReadAction\",\"target\":[\"https:\/\/profertil.eu\/es\/infertilidad\/paso-a-paso\/\"]}]},{\"@type\":\"ImageObject\",\"inLanguage\":\"es\",\"@id\":\"https:\/\/profertil.eu\/es\/infertilidad\/paso-a-paso\/#primaryimage\",\"url\":\"https:\/\/profertil.eu\/wp-content\/uploads\/2019\/06\/stufenplan-zum-wunschkind.jpg\",\"contentUrl\":\"https:\/\/profertil.eu\/wp-content\/uploads\/2019\/06\/stufenplan-zum-wunschkind.jpg\"},{\"@type\":\"BreadcrumbList\",\"@id\":\"https:\/\/profertil.eu\/es\/infertilidad\/paso-a-paso\/#breadcrumb\",\"itemListElement\":[{\"@type\":\"ListItem\",\"position\":1,\"name\":\"Home\",\"item\":\"https:\/\/profertil.eu\/es\/\"},{\"@type\":\"ListItem\",\"position\":2,\"name\":\"Infertilidad\",\"item\":\"https:\/\/profertil.eu\/es\/infertilidad\/\"},{\"@type\":\"ListItem\",\"position\":3,\"name\":\"Paso a paso\"}]},{\"@type\":\"WebSite\",\"@id\":\"https:\/\/profertil.eu\/#website\",\"url\":\"https:\/\/profertil.eu\/\",\"name\":\"PROFERTIL\",\"description\":\"No. 1 proven efficacy in male fertility\",\"publisher\":{\"@id\":\"https:\/\/profertil.eu\/#organization\"},\"potentialAction\":[{\"@type\":\"SearchAction\",\"target\":{\"@type\":\"EntryPoint\",\"urlTemplate\":\"https:\/\/profertil.eu\/?s={search_term_string}\"},\"query-input\":{\"@type\":\"PropertyValueSpecification\",\"valueRequired\":true,\"valueName\":\"search_term_string\"}}],\"inLanguage\":\"es\"},{\"@type\":\"Organization\",\"@id\":\"https:\/\/profertil.eu\/#organization\",\"name\":\"PROFERTIL\",\"url\":\"https:\/\/profertil.eu\/\",\"logo\":{\"@type\":\"ImageObject\",\"inLanguage\":\"es\",\"@id\":\"https:\/\/profertil.eu\/#\/schema\/logo\/image\/\",\"url\":\"https:\/\/profertil.eu\/wp-content\/uploads\/2025\/10\/PROFERTIL-logo-2025.svg\",\"contentUrl\":\"https:\/\/profertil.eu\/wp-content\/uploads\/2025\/10\/PROFERTIL-logo-2025.svg\",\"caption\":\"PROFERTIL\"},\"image\":{\"@id\":\"https:\/\/profertil.eu\/#\/schema\/logo\/image\/\"}}]}<\/script>\n<!-- \/ Yoast SEO plugin. -->","yoast_head_json":{"title":"Paso a paso - PROFERTIL","robots":{"index":"index","follow":"follow","max-snippet":"max-snippet:-1","max-image-preview":"max-image-preview:large","max-video-preview":"max-video-preview:-1"},"canonical":"https:\/\/profertil.eu\/es\/infertilidad\/paso-a-paso\/","og_locale":"es_ES","og_type":"article","og_title":"Paso a paso - PROFERTIL","og_description":"Fase 1 Evaluaci\u00f3n del historial cl\u00ednico (anamnesis), examen ginecol\u00f3gico, ultrasonido, protocolo de ciclo, toma de la temperatura nada m\u00e1s despertarse (temperatura basal), relaciones sexuales en el momento \u00f3ptimo, an\u00e1lisis hormonal. Fase 2 Un espermiograma (evaluaci\u00f3n de la cantidad, n\u00famero, motilidad y forma de los espermatozoides) realizado por un ur\u00f3logo, control del ciclo mediante un ultrasonido... Read more &raquo;","og_url":"https:\/\/profertil.eu\/es\/infertilidad\/paso-a-paso\/","og_site_name":"PROFERTIL","article_modified_time":"2021-05-10T19:10:35+00:00","og_image":[{"width":2048,"height":500,"url":"https:\/\/i0.wp.com\/profertil.eu\/wp-content\/uploads\/2019\/06\/stufenplan-zum-wunschkind.jpg?fit=2048%2C500&ssl=1","type":"image\/jpeg"}],"twitter_card":"summary_large_image","twitter_misc":{"Tiempo de lectura":"3 minutos"},"schema":{"@context":"https:\/\/schema.org","@graph":[{"@type":"WebPage","@id":"https:\/\/profertil.eu\/es\/infertilidad\/paso-a-paso\/","url":"https:\/\/profertil.eu\/es\/infertilidad\/paso-a-paso\/","name":"Paso a paso - PROFERTIL","isPartOf":{"@id":"https:\/\/profertil.eu\/#website"},"primaryImageOfPage":{"@id":"https:\/\/profertil.eu\/es\/infertilidad\/paso-a-paso\/#primaryimage"},"image":{"@id":"https:\/\/profertil.eu\/es\/infertilidad\/paso-a-paso\/#primaryimage"},"thumbnailUrl":"https:\/\/profertil.eu\/wp-content\/uploads\/2019\/06\/stufenplan-zum-wunschkind.jpg","datePublished":"2021-05-10T19:07:23+00:00","dateModified":"2021-05-10T19:10:35+00:00","breadcrumb":{"@id":"https:\/\/profertil.eu\/es\/infertilidad\/paso-a-paso\/#breadcrumb"},"inLanguage":"es","potentialAction":[{"@type":"ReadAction","target":["https:\/\/profertil.eu\/es\/infertilidad\/paso-a-paso\/"]}]},{"@type":"ImageObject","inLanguage":"es","@id":"https:\/\/profertil.eu\/es\/infertilidad\/paso-a-paso\/#primaryimage","url":"https:\/\/profertil.eu\/wp-content\/uploads\/2019\/06\/stufenplan-zum-wunschkind.jpg","contentUrl":"https:\/\/profertil.eu\/wp-content\/uploads\/2019\/06\/stufenplan-zum-wunschkind.jpg"},{"@type":"BreadcrumbList","@id":"https:\/\/profertil.eu\/es\/infertilidad\/paso-a-paso\/#breadcrumb","itemListElement":[{"@type":"ListItem","position":1,"name":"Home","item":"https:\/\/profertil.eu\/es\/"},{"@type":"ListItem","position":2,"name":"Infertilidad","item":"https:\/\/profertil.eu\/es\/infertilidad\/"},{"@type":"ListItem","position":3,"name":"Paso a paso"}]},{"@type":"WebSite","@id":"https:\/\/profertil.eu\/#website","url":"https:\/\/profertil.eu\/","name":"PROFERTIL","description":"No. 1 proven efficacy in male fertility","publisher":{"@id":"https:\/\/profertil.eu\/#organization"},"potentialAction":[{"@type":"SearchAction","target":{"@type":"EntryPoint","urlTemplate":"https:\/\/profertil.eu\/?s={search_term_string}"},"query-input":{"@type":"PropertyValueSpecification","valueRequired":true,"valueName":"search_term_string"}}],"inLanguage":"es"},{"@type":"Organization","@id":"https:\/\/profertil.eu\/#organization","name":"PROFERTIL","url":"https:\/\/profertil.eu\/","logo":{"@type":"ImageObject","inLanguage":"es","@id":"https:\/\/profertil.eu\/#\/schema\/logo\/image\/","url":"https:\/\/profertil.eu\/wp-content\/uploads\/2025\/10\/PROFERTIL-logo-2025.svg","contentUrl":"https:\/\/profertil.eu\/wp-content\/uploads\/2025\/10\/PROFERTIL-logo-2025.svg","caption":"PROFERTIL"},"image":{"@id":"https:\/\/profertil.eu\/#\/schema\/logo\/image\/"}}]}},"_links":{"self":[{"href":"https:\/\/profertil.eu\/es\/wp-json\/wp\/v2\/pages\/12660","targetHints":{"allow":["GET"]}}],"collection":[{"href":"https:\/\/profertil.eu\/es\/wp-json\/wp\/v2\/pages"}],"about":[{"href":"https:\/\/profertil.eu\/es\/wp-json\/wp\/v2\/types\/page"}],"author":[{"embeddable":true,"href":"https:\/\/profertil.eu\/es\/wp-json\/wp\/v2\/users\/1"}],"replies":[{"embeddable":true,"href":"https:\/\/profertil.eu\/es\/wp-json\/wp\/v2\/comments?post=12660"}],"version-history":[{"count":13,"href":"https:\/\/profertil.eu\/es\/wp-json\/wp\/v2\/pages\/12660\/revisions"}],"predecessor-version":[{"id":12677,"href":"https:\/\/profertil.eu\/es\/wp-json\/wp\/v2\/pages\/12660\/revisions\/12677"}],"up":[{"embeddable":true,"href":"https:\/\/profertil.eu\/es\/wp-json\/wp\/v2\/pages\/12574"}],"wp:attachment":[{"href":"https:\/\/profertil.eu\/es\/wp-json\/wp\/v2\/media?parent=12660"}],"wp:term":[{"taxonomy":"category","embeddable":true,"href":"https:\/\/profertil.eu\/es\/wp-json\/wp\/v2\/categories?post=12660"},{"taxonomy":"post_tag","embeddable":true,"href":"https:\/\/profertil.eu\/es\/wp-json\/wp\/v2\/tags?post=12660"}],"curies":[{"name":"wp","href":"https:\/\/api.w.org\/{rel}","templated":true}]}}