 {"id":12633,"date":"2021-05-10T21:02:37","date_gmt":"2021-05-10T19:02:37","guid":{"rendered":"https:\/\/profertil.eu\/?page_id=12633"},"modified":"2023-10-09T10:19:33","modified_gmt":"2023-10-09T08:19:33","slug":"diagnosticar","status":"publish","type":"page","link":"https:\/\/profertil.eu\/es\/infertilidad\/diagnosticar\/","title":{"rendered":"Diagnosticar"},"content":{"rendered":"\n<div class=\"wp-block-cover alignfull\"><img data-recalc-dims=\"1\" loading=\"lazy\" decoding=\"async\" width=\"1024\" height=\"250\" class=\"wp-block-cover__image-background wp-image-12635\" alt=\"\" src=\"https:\/\/i0.wp.com\/profertil.eu\/wp-content\/uploads\/2019\/05\/diagnose.jpg?resize=1024%2C250&#038;ssl=1\" style=\"object-position:11% 14%\" data-object-fit=\"cover\" data-object-position=\"11% 14%\" srcset=\"https:\/\/i0.wp.com\/profertil.eu\/wp-content\/uploads\/2019\/05\/diagnose.jpg?w=2048&amp;ssl=1 2048w, https:\/\/i0.wp.com\/profertil.eu\/wp-content\/uploads\/2019\/05\/diagnose.jpg?resize=300%2C73&amp;ssl=1 300w, https:\/\/i0.wp.com\/profertil.eu\/wp-content\/uploads\/2019\/05\/diagnose.jpg?resize=768%2C188&amp;ssl=1 768w, https:\/\/i0.wp.com\/profertil.eu\/wp-content\/uploads\/2019\/05\/diagnose.jpg?resize=1024%2C250&amp;ssl=1 1024w\" sizes=\"auto, (max-width: 1024px) 100vw, 1024px\" \/><div class=\"wp-block-cover__inner-container is-layout-flow wp-block-cover-is-layout-flow\">\n<h1 class=\"has-text-align-right has-red-color has-text-color wp-block-heading\"><strong>\u00a1FERTILIDAD!<\/strong><\/h1>\n\n\n\n<p><\/p>\n<\/div><\/div>\n\n\n\n<div class=\"wp-block-group alignfull window-height minus-header center has-white-background-color has-background\"><div class=\"wp-block-group__inner-container is-layout-flow wp-block-group-is-layout-flow\">\n<div style=\"height:50px\" aria-hidden=\"true\" class=\"wp-block-spacer\"><\/div>\n\n\n\n<h2 class=\"has-text-align-center has-light-grey-color has-text-color wp-block-heading\">EL PRIMER PASO PARA DISFRUTAR DEL NACIMIENTO<\/h2>\n\n\n\n<div style=\"height:50px\" aria-hidden=\"true\" class=\"wp-block-spacer\"><\/div>\n\n\n\n<p class=\"has-text-align-center medium-width\">Si despu\u00e9s de un a\u00f1o de relaciones sexuales sin protecci\u00f3n no ha sido posible tener hijos, es necesaria una evaluaci\u00f3n m\u00e9dica. La OMS define la infertilidad como \u00abla falta de concepci\u00f3n en un plazo de doce meses, siempre que se produzcan relaciones sexuales con regularidad y sin protecci\u00f3n\u00bb. Un diagn\u00f3stico exacto es esencial para encontrar el m\u00e9todo de tratamiento adecuado.&nbsp;<\/p>\n\n\n\n<p class=\"has-text-align-center medium-width\">La fertilidad del hombre depende, entre otras cosas, de ser capaz de depositar un gran n\u00famero de espermatozoides maduros y funcionales en el tracto genital femenino en el momento de la ovulaci\u00f3n. Cualquier pareja que quiera tener hijos debe ser consciente de que las funciones reproductivas masculinas y femeninas deben trabajar unidas. Por este motivo, una evaluaci\u00f3n diagn\u00f3stica es importante tanto para hombres como para mujeres.<\/p>\n\n\n\n<div class=\"wp-block-image\"><figure class=\"aligncenter is-resized\"><img data-recalc-dims=\"1\" loading=\"lazy\" decoding=\"async\" src=\"https:\/\/i0.wp.com\/profertil.eu\/wp-content\/uploads\/2019\/05\/schnuller.jpg?resize=357%2C250&#038;ssl=1\" alt=\"Eine Diagnose ist der erste Schritt auf dem Weg zum Babygl\u00fcck.\" class=\"wp-image-805\" width=\"357\" height=\"250\" srcset=\"https:\/\/i0.wp.com\/profertil.eu\/wp-content\/uploads\/2019\/05\/schnuller.jpg?w=713&amp;ssl=1 713w, https:\/\/i0.wp.com\/profertil.eu\/wp-content\/uploads\/2019\/05\/schnuller.jpg?resize=300%2C210&amp;ssl=1 300w\" sizes=\"auto, (max-width: 357px) 100vw, 357px\" \/><\/figure><\/div>\n\n\n\n<div style=\"height:50px\" aria-hidden=\"true\" class=\"wp-block-spacer\"><\/div>\n\n\n\n\n\n<div id=\"anchorlink-block_5cf1469556d6c\" class=\"anchorlink dark \">\n            <a href=\"#section2\" data-smooth-scroll data-animation-duration=\"750\" data-animation-easing=\"swing\" data-offset=\"-23\"><i class=\"material-icons pro-pulse\">expand_more<\/i><\/a>\n    <\/div>\n\n\n<div style=\"height:50px\" aria-hidden=\"true\" class=\"wp-block-spacer\"><\/div>\n<\/div><\/div>\n\n\n\n<div class=\"wp-block-group alignfull window-height center has-blue-gradient-background-color has-background\" id=\"section2\"><div class=\"wp-block-group__inner-container is-layout-flow wp-block-group-is-layout-flow\">\n<div style=\"height:50px\" aria-hidden=\"true\" class=\"wp-block-spacer\"><\/div>\n\n\n\n<h2 class=\"has-text-align-center has-white-color has-text-color wp-block-heading\"><strong>EL ANDR\u00d3LOGO<\/strong> <em>(m)<\/em><\/h2>\n\n\n\n<h4 class=\"has-text-align-center wp-block-heading\"><em><strong><em>Experto en infertilidad masculina<\/em><\/strong><\/em><\/h4>\n\n\n\n<div style=\"height:50px\" aria-hidden=\"true\" class=\"wp-block-spacer\"><\/div>\n\n\n\n<div class=\"wp-block-columns has-2-columns is-layout-flex wp-container-core-columns-is-layout-1 wp-block-columns-is-layout-flex\">\n<div class=\"wp-block-column is-layout-flow wp-block-column-is-layout-flow\">\n<p class=\"has-white-color has-text-color\">La androlog\u00eda trata de la \u00absalud reproductiva del hombre\u00bb y es un campo especializado de la urolog\u00eda. En este sentido, es el equivalente masculino de la ginecolog\u00eda. Un examen androl\u00f3gico comienza evaluando el historial cl\u00ednico previo del paciente. El m\u00e9dico har\u00e1 preguntas sobre la infancia del paciente y el desarrollo en la pubertad. Las preguntas iniciales tambi\u00e9n eval\u00faan la conducta sexual en la relaci\u00f3n (frecuencia de las relaciones sexuales, etc.). Posteriormente, se realiza un examen f\u00edsico de los genitales externos y un ultrasonido de los test\u00edculos.<\/p>\n<\/div>\n\n\n\n<div class=\"wp-block-column is-layout-flow wp-block-column-is-layout-flow\">\n<p class=\"has-white-color has-text-color\">El proceso tambi\u00e9n puede implicar la determinaci\u00f3n de par\u00e1metros de laboratorio relevantes (p. ej., testosterona, FSH, HL, prolactina). El objetivo del examen es analizar con precisi\u00f3n el l\u00edquido seminal. El espermiograma desempe\u00f1a un papel importante a la hora de identificar una posible infertilidad masculina. Este an\u00e1lisis abarca el examen de la calidad de los espermatozoides con el microscopio para determinar las posibilidades de una procreaci\u00f3n exitosa. Los expertos examinan el n\u00famero, la motilidad y la forma de los espermatozoides.<\/p>\n<\/div>\n<\/div>\n\n\n\n<div style=\"height:50px\" aria-hidden=\"true\" class=\"wp-block-spacer\"><\/div>\n\n\n\n\n\n<div id=\"anchorlink-block_5cf1478256d6d\" class=\"anchorlink light \">\n            <a href=\"#section3\" data-smooth-scroll data-animation-duration=\"750\" data-animation-easing=\"swing\" data-offset=\"-23\"><i class=\"material-icons pro-pulse\">expand_more<\/i><\/a>\n    <\/div><\/div><\/div>\n\n\n\n<div class=\"wp-block-group alignfull window-height center has-red-gradient-background-color has-background\" id=\"section3\"><div class=\"wp-block-group__inner-container is-layout-flow wp-block-group-is-layout-flow\">\n<div style=\"height:50px\" aria-hidden=\"true\" class=\"wp-block-spacer\"><\/div>\n\n\n\n<h2 class=\"has-text-align-center has-white-color has-text-color wp-block-heading\"><strong>LO QUE TU M\u00c9DICO DEBER\u00cdA SABER:<\/strong><\/h2>\n\n\n\n<div style=\"height:50px\" aria-hidden=\"true\" class=\"wp-block-spacer\"><\/div>\n\n\n\n<p class=\"has-text-align-center has-white-color has-text-color\">La historia del paciente puede proporcionar indicadores importantes de la existencia de posibles trastornos.<\/p>\n\n\n\n<div style=\"height:50px\" aria-hidden=\"true\" class=\"wp-block-spacer\"><\/div>\n\n\n\n<p class=\"has-white-color has-text-color\">Por eso, deber\u00edas informar a tu m\u00e9dico de los siguiente:<\/p>\n\n\n\n<ul class=\"has-white-color has-text-color wp-block-list\"><li>Enfermedades generales.<\/li><li>Paperas despu\u00e9s de la pubertad.<\/li><li>Lesiones testiculares.<\/li><li>Operaciones (p. ej., hernia inguinal).<\/li><li>Venas varicosas.<\/li><li>Tratamiento m\u00e9dico debido a que uno o ambos test\u00edculos estaban fueran del escroto al nacer.<\/li><li>Infecciones de vejiga.<\/li><li>Diabetes.<\/li><li>Trastornos de la tiroides.<\/li><li>Radioterapias.<\/li><li>Enfermedades ven\u00e9reas.<\/li><li>Nicotina, alcohol o drogas.<\/li><li>Posible exposici\u00f3n a intoxicaci\u00f3n ambiental.<\/li><li>Medicaci\u00f3n tomada por la madre durante el embarazo.<\/li><li>Enfermedades hereditarias en la familia.<\/li><\/ul>\n\n\n\n<div style=\"height:50px\" aria-hidden=\"true\" class=\"wp-block-spacer\"><\/div>\n\n\n\n\n\n<div id=\"anchorlink-block_5cf1491277201\" class=\"anchorlink light \">\n            <a href=\"#section4\" data-smooth-scroll data-animation-duration=\"750\" data-animation-easing=\"swing\" data-offset=\"-23\"><i class=\"material-icons pro-pulse\">expand_more<\/i><\/a>\n    <\/div><\/div><\/div>\n\n\n\n<div class=\"wp-block-group alignfull window-height center has-blue-gradient-background-color has-background\" id=\"section4\"><div class=\"wp-block-group__inner-container is-layout-flow wp-block-group-is-layout-flow\">\n<div style=\"height:50px\" aria-hidden=\"true\" class=\"wp-block-spacer\"><\/div>\n\n\n\n<h2 class=\"has-text-align-center has-light-grey-color has-text-color wp-block-heading\"><strong>\u00bfQU\u00c9 PUEDE RESULTAR DE AYUDA?<\/strong><\/h2>\n\n\n\n<h2 class=\"has-text-align-center has-white-color has-text-color wp-block-heading\"><strong>PROFERTIL<sup>\u00ae<\/sup>&nbsp;ES LA SOLUCI\u00d3N TESTADA<\/strong><\/h2>\n\n\n\n<div style=\"height:50px\" aria-hidden=\"true\" class=\"wp-block-spacer\"><\/div>\n\n\n\n<div class=\"wp-block-image\"><figure class=\"aligncenter size-full is-resized\"><img data-recalc-dims=\"1\" loading=\"lazy\" decoding=\"async\" src=\"https:\/\/i0.wp.com\/profertil.eu\/wp-content\/uploads\/2023\/10\/Capsule-spermium_animation_2023_for-black-backgrounds-1.gif?resize=467%2C50&#038;ssl=1\" alt=\"\" class=\"wp-image-21761\" width=\"467\" height=\"50\"\/><\/figure><\/div>\n\n\n\n<div style=\"height:50px\" aria-hidden=\"true\" class=\"wp-block-spacer\"><\/div>\n\n\n\n<p class=\"has-text-align-center has-white-color has-text-color\"><strong>Cambios a un estilo de vida saludable<\/strong><strong><br><\/strong>P. ej., dieta equilibrada, dejar el tabaco y el alcohol, actividad f\u00edsica y descanso habitual.<\/p>\n\n\n\n<p class=\"has-text-align-center has-white-color has-text-color\"><strong><strong>Normalizaci\u00f3n del peso<\/strong><\/strong><\/p>\n\n\n\n<p class=\"has-text-align-center has-white-color has-text-color\"><strong><strong>Psicoterapia<\/strong><\/strong><\/p>\n\n\n\n<p class=\"has-text-align-center has-white-color has-text-color\"><strong>T\u00e9cnicas de reproducci\u00f3n asistida<\/strong><br>P. ej., inseminaci\u00f3n, reproducci\u00f3n in vitro o ICSI (microinyecci\u00f3n intracitoplasm\u00e1tica de espermatozoides).<\/p>\n\n\n\n<div style=\"height:50px\" aria-hidden=\"true\" class=\"wp-block-spacer\"><\/div>\n\n\n\n\n\n<div id=\"anchorlink-block_5cf14abf77202\" class=\"anchorlink light \">\n            <a href=\"#buynow\" data-smooth-scroll data-animation-duration=\"750\" data-animation-easing=\"swing\" data-offset=\"-23\"><i class=\"material-icons pro-pulse\">expand_more<\/i><\/a>\n    <\/div><\/div><\/div>\n\n\n\n<div id=\"buynow\" class=\"wp-block-group window-height minus-footer center\"><div class=\"wp-block-group__inner-container is-layout-flow wp-block-group-is-layout-flow\">\n<div class=\"wp-block-image\"><figure class=\"aligncenter size-large is-resized\"><a href=\"https:\/\/shop.profertil.eu\" target=\"_blank\" rel=\"noreferrer noopener\"><img loading=\"lazy\" decoding=\"async\" src=\"https:\/\/profertil.eu\/wp-content\/uploads\/2021\/05\/comprar-ahora.svg\" alt=\"\" class=\"wp-image-12556\" width=\"500\" height=\"94\"\/><\/a><\/figure><\/div>\n\n\n\n<p><\/p>\n<\/div><\/div>\n","protected":false},"excerpt":{"rendered":"<p>EL PRIMER PASO PARA DISFRUTAR DEL NACIMIENTO Si despu\u00e9s de un a\u00f1o de relaciones sexuales sin protecci\u00f3n no ha sido posible tener hijos, es necesaria una evaluaci\u00f3n m\u00e9dica. La OMS define la infertilidad como \u00abla falta de concepci\u00f3n en un plazo de doce meses, siempre que se produzcan relaciones sexuales con regularidad y sin protecci\u00f3n\u00bb.<a class=\"excerpt-read-more\" href=\"https:\/\/profertil.eu\/es\/infertilidad\/diagnosticar\/\" title=\"ReadDiagnosticar\">&#8230; Read more &raquo;<\/a><\/p>\n","protected":false},"author":1,"featured_media":0,"parent":12574,"menu_order":3,"comment_status":"closed","ping_status":"closed","template":"template-full-width-no-title.php","meta":{"_acf_changed":false,"pgc_sgb_lightbox_settings":"","footnotes":""},"categories":[],"tags":[],"class_list":["post-12633","page","type-page","status-publish","hentry"],"acf":[],"yoast_head":"<!-- This site is optimized with the Yoast SEO plugin v26.1 - https:\/\/yoast.com\/wordpress\/plugins\/seo\/ -->\n<title>Diagnosticar - PROFERTIL<\/title>\n<meta name=\"robots\" content=\"index, follow, max-snippet:-1, max-image-preview:large, max-video-preview:-1\" \/>\n<link rel=\"canonical\" href=\"https:\/\/profertil.eu\/es\/infertilidad\/diagnosticar\/\" \/>\n<meta property=\"og:locale\" content=\"es_ES\" \/>\n<meta property=\"og:type\" content=\"article\" \/>\n<meta property=\"og:title\" content=\"Diagnosticar - PROFERTIL\" \/>\n<meta property=\"og:description\" content=\"EL PRIMER PASO PARA DISFRUTAR DEL NACIMIENTO Si despu\u00e9s de un a\u00f1o de relaciones sexuales sin protecci\u00f3n no ha sido posible tener hijos, es necesaria una evaluaci\u00f3n m\u00e9dica. La OMS define la infertilidad como \u00abla falta de concepci\u00f3n en un plazo de doce meses, siempre que se produzcan relaciones sexuales con regularidad y sin protecci\u00f3n\u00bb.... Read more &raquo;\" \/>\n<meta property=\"og:url\" content=\"https:\/\/profertil.eu\/es\/infertilidad\/diagnosticar\/\" \/>\n<meta property=\"og:site_name\" content=\"PROFERTIL\" \/>\n<meta property=\"article:modified_time\" content=\"2023-10-09T08:19:33+00:00\" \/>\n<meta property=\"og:image\" content=\"https:\/\/i0.wp.com\/profertil.eu\/wp-content\/uploads\/2019\/05\/diagnose.jpg?fit=2048%2C500&ssl=1\" \/>\n\t<meta property=\"og:image:width\" content=\"2048\" \/>\n\t<meta property=\"og:image:height\" content=\"500\" \/>\n\t<meta property=\"og:image:type\" content=\"image\/jpeg\" \/>\n<meta name=\"twitter:card\" content=\"summary_large_image\" \/>\n<meta name=\"twitter:label1\" content=\"Tiempo de lectura\" \/>\n\t<meta name=\"twitter:data1\" content=\"3 minutos\" \/>\n<script type=\"application\/ld+json\" class=\"yoast-schema-graph\">{\"@context\":\"https:\/\/schema.org\",\"@graph\":[{\"@type\":\"WebPage\",\"@id\":\"https:\/\/profertil.eu\/es\/infertilidad\/diagnosticar\/\",\"url\":\"https:\/\/profertil.eu\/es\/infertilidad\/diagnosticar\/\",\"name\":\"Diagnosticar - PROFERTIL\",\"isPartOf\":{\"@id\":\"https:\/\/profertil.eu\/#website\"},\"primaryImageOfPage\":{\"@id\":\"https:\/\/profertil.eu\/es\/infertilidad\/diagnosticar\/#primaryimage\"},\"image\":{\"@id\":\"https:\/\/profertil.eu\/es\/infertilidad\/diagnosticar\/#primaryimage\"},\"thumbnailUrl\":\"https:\/\/profertil.eu\/wp-content\/uploads\/2019\/05\/diagnose.jpg\",\"datePublished\":\"2021-05-10T19:02:37+00:00\",\"dateModified\":\"2023-10-09T08:19:33+00:00\",\"breadcrumb\":{\"@id\":\"https:\/\/profertil.eu\/es\/infertilidad\/diagnosticar\/#breadcrumb\"},\"inLanguage\":\"es\",\"potentialAction\":[{\"@type\":\"ReadAction\",\"target\":[\"https:\/\/profertil.eu\/es\/infertilidad\/diagnosticar\/\"]}]},{\"@type\":\"ImageObject\",\"inLanguage\":\"es\",\"@id\":\"https:\/\/profertil.eu\/es\/infertilidad\/diagnosticar\/#primaryimage\",\"url\":\"https:\/\/profertil.eu\/wp-content\/uploads\/2019\/05\/diagnose.jpg\",\"contentUrl\":\"https:\/\/profertil.eu\/wp-content\/uploads\/2019\/05\/diagnose.jpg\"},{\"@type\":\"BreadcrumbList\",\"@id\":\"https:\/\/profertil.eu\/es\/infertilidad\/diagnosticar\/#breadcrumb\",\"itemListElement\":[{\"@type\":\"ListItem\",\"position\":1,\"name\":\"Home\",\"item\":\"https:\/\/profertil.eu\/es\/\"},{\"@type\":\"ListItem\",\"position\":2,\"name\":\"Infertilidad\",\"item\":\"https:\/\/profertil.eu\/es\/infertilidad\/\"},{\"@type\":\"ListItem\",\"position\":3,\"name\":\"Diagnosticar\"}]},{\"@type\":\"WebSite\",\"@id\":\"https:\/\/profertil.eu\/#website\",\"url\":\"https:\/\/profertil.eu\/\",\"name\":\"PROFERTIL\",\"description\":\"No. 1 proven efficacy in male fertility\",\"publisher\":{\"@id\":\"https:\/\/profertil.eu\/#organization\"},\"potentialAction\":[{\"@type\":\"SearchAction\",\"target\":{\"@type\":\"EntryPoint\",\"urlTemplate\":\"https:\/\/profertil.eu\/?s={search_term_string}\"},\"query-input\":{\"@type\":\"PropertyValueSpecification\",\"valueRequired\":true,\"valueName\":\"search_term_string\"}}],\"inLanguage\":\"es\"},{\"@type\":\"Organization\",\"@id\":\"https:\/\/profertil.eu\/#organization\",\"name\":\"PROFERTIL\",\"url\":\"https:\/\/profertil.eu\/\",\"logo\":{\"@type\":\"ImageObject\",\"inLanguage\":\"es\",\"@id\":\"https:\/\/profertil.eu\/#\/schema\/logo\/image\/\",\"url\":\"https:\/\/profertil.eu\/wp-content\/uploads\/2025\/10\/PROFERTIL-logo-2025.svg\",\"contentUrl\":\"https:\/\/profertil.eu\/wp-content\/uploads\/2025\/10\/PROFERTIL-logo-2025.svg\",\"caption\":\"PROFERTIL\"},\"image\":{\"@id\":\"https:\/\/profertil.eu\/#\/schema\/logo\/image\/\"}}]}<\/script>\n<!-- \/ Yoast SEO plugin. -->","yoast_head_json":{"title":"Diagnosticar - PROFERTIL","robots":{"index":"index","follow":"follow","max-snippet":"max-snippet:-1","max-image-preview":"max-image-preview:large","max-video-preview":"max-video-preview:-1"},"canonical":"https:\/\/profertil.eu\/es\/infertilidad\/diagnosticar\/","og_locale":"es_ES","og_type":"article","og_title":"Diagnosticar - PROFERTIL","og_description":"EL PRIMER PASO PARA DISFRUTAR DEL NACIMIENTO Si despu\u00e9s de un a\u00f1o de relaciones sexuales sin protecci\u00f3n no ha sido posible tener hijos, es necesaria una evaluaci\u00f3n m\u00e9dica. La OMS define la infertilidad como \u00abla falta de concepci\u00f3n en un plazo de doce meses, siempre que se produzcan relaciones sexuales con regularidad y sin protecci\u00f3n\u00bb.... Read more &raquo;","og_url":"https:\/\/profertil.eu\/es\/infertilidad\/diagnosticar\/","og_site_name":"PROFERTIL","article_modified_time":"2023-10-09T08:19:33+00:00","og_image":[{"width":2048,"height":500,"url":"https:\/\/i0.wp.com\/profertil.eu\/wp-content\/uploads\/2019\/05\/diagnose.jpg?fit=2048%2C500&ssl=1","type":"image\/jpeg"}],"twitter_card":"summary_large_image","twitter_misc":{"Tiempo de lectura":"3 minutos"},"schema":{"@context":"https:\/\/schema.org","@graph":[{"@type":"WebPage","@id":"https:\/\/profertil.eu\/es\/infertilidad\/diagnosticar\/","url":"https:\/\/profertil.eu\/es\/infertilidad\/diagnosticar\/","name":"Diagnosticar - PROFERTIL","isPartOf":{"@id":"https:\/\/profertil.eu\/#website"},"primaryImageOfPage":{"@id":"https:\/\/profertil.eu\/es\/infertilidad\/diagnosticar\/#primaryimage"},"image":{"@id":"https:\/\/profertil.eu\/es\/infertilidad\/diagnosticar\/#primaryimage"},"thumbnailUrl":"https:\/\/profertil.eu\/wp-content\/uploads\/2019\/05\/diagnose.jpg","datePublished":"2021-05-10T19:02:37+00:00","dateModified":"2023-10-09T08:19:33+00:00","breadcrumb":{"@id":"https:\/\/profertil.eu\/es\/infertilidad\/diagnosticar\/#breadcrumb"},"inLanguage":"es","potentialAction":[{"@type":"ReadAction","target":["https:\/\/profertil.eu\/es\/infertilidad\/diagnosticar\/"]}]},{"@type":"ImageObject","inLanguage":"es","@id":"https:\/\/profertil.eu\/es\/infertilidad\/diagnosticar\/#primaryimage","url":"https:\/\/profertil.eu\/wp-content\/uploads\/2019\/05\/diagnose.jpg","contentUrl":"https:\/\/profertil.eu\/wp-content\/uploads\/2019\/05\/diagnose.jpg"},{"@type":"BreadcrumbList","@id":"https:\/\/profertil.eu\/es\/infertilidad\/diagnosticar\/#breadcrumb","itemListElement":[{"@type":"ListItem","position":1,"name":"Home","item":"https:\/\/profertil.eu\/es\/"},{"@type":"ListItem","position":2,"name":"Infertilidad","item":"https:\/\/profertil.eu\/es\/infertilidad\/"},{"@type":"ListItem","position":3,"name":"Diagnosticar"}]},{"@type":"WebSite","@id":"https:\/\/profertil.eu\/#website","url":"https:\/\/profertil.eu\/","name":"PROFERTIL","description":"No. 1 proven efficacy in male fertility","publisher":{"@id":"https:\/\/profertil.eu\/#organization"},"potentialAction":[{"@type":"SearchAction","target":{"@type":"EntryPoint","urlTemplate":"https:\/\/profertil.eu\/?s={search_term_string}"},"query-input":{"@type":"PropertyValueSpecification","valueRequired":true,"valueName":"search_term_string"}}],"inLanguage":"es"},{"@type":"Organization","@id":"https:\/\/profertil.eu\/#organization","name":"PROFERTIL","url":"https:\/\/profertil.eu\/","logo":{"@type":"ImageObject","inLanguage":"es","@id":"https:\/\/profertil.eu\/#\/schema\/logo\/image\/","url":"https:\/\/profertil.eu\/wp-content\/uploads\/2025\/10\/PROFERTIL-logo-2025.svg","contentUrl":"https:\/\/profertil.eu\/wp-content\/uploads\/2025\/10\/PROFERTIL-logo-2025.svg","caption":"PROFERTIL"},"image":{"@id":"https:\/\/profertil.eu\/#\/schema\/logo\/image\/"}}]}},"_links":{"self":[{"href":"https:\/\/profertil.eu\/es\/wp-json\/wp\/v2\/pages\/12633","targetHints":{"allow":["GET"]}}],"collection":[{"href":"https:\/\/profertil.eu\/es\/wp-json\/wp\/v2\/pages"}],"about":[{"href":"https:\/\/profertil.eu\/es\/wp-json\/wp\/v2\/types\/page"}],"author":[{"embeddable":true,"href":"https:\/\/profertil.eu\/es\/wp-json\/wp\/v2\/users\/1"}],"replies":[{"embeddable":true,"href":"https:\/\/profertil.eu\/es\/wp-json\/wp\/v2\/comments?post=12633"}],"version-history":[{"count":19,"href":"https:\/\/profertil.eu\/es\/wp-json\/wp\/v2\/pages\/12633\/revisions"}],"predecessor-version":[{"id":21770,"href":"https:\/\/profertil.eu\/es\/wp-json\/wp\/v2\/pages\/12633\/revisions\/21770"}],"up":[{"embeddable":true,"href":"https:\/\/profertil.eu\/es\/wp-json\/wp\/v2\/pages\/12574"}],"wp:attachment":[{"href":"https:\/\/profertil.eu\/es\/wp-json\/wp\/v2\/media?parent=12633"}],"wp:term":[{"taxonomy":"category","embeddable":true,"href":"https:\/\/profertil.eu\/es\/wp-json\/wp\/v2\/categories?post=12633"},{"taxonomy":"post_tag","embeddable":true,"href":"https:\/\/profertil.eu\/es\/wp-json\/wp\/v2\/tags?post=12633"}],"curies":[{"name":"wp","href":"https:\/\/api.w.org\/{rel}","templated":true}]}}