 {"id":12576,"date":"2021-05-10T20:43:42","date_gmt":"2021-05-10T18:43:42","guid":{"rendered":"https:\/\/profertil.eu\/?page_id=12576"},"modified":"2021-05-10T20:47:27","modified_gmt":"2021-05-10T18:47:27","slug":"el-factor-masculino","status":"publish","type":"page","link":"https:\/\/profertil.eu\/es\/infertilidad\/el-factor-masculino\/","title":{"rendered":"El \u00abfactor masculino\u00bb"},"content":{"rendered":"\n<div class=\"wp-block-cover alignfull\"><img data-recalc-dims=\"1\" loading=\"lazy\" decoding=\"async\" width=\"1024\" height=\"250\" class=\"wp-block-cover__image-background wp-image-132\" alt=\"\" src=\"https:\/\/i0.wp.com\/profertil.eu\/wp-content\/uploads\/2019\/05\/Kopf.jpg?resize=1024%2C250&#038;ssl=1\" style=\"object-position:91% 0%\" data-object-fit=\"cover\" data-object-position=\"91% 0%\" srcset=\"https:\/\/i0.wp.com\/profertil.eu\/wp-content\/uploads\/2019\/05\/Kopf.jpg?w=2048&amp;ssl=1 2048w, https:\/\/i0.wp.com\/profertil.eu\/wp-content\/uploads\/2019\/05\/Kopf.jpg?resize=300%2C73&amp;ssl=1 300w, https:\/\/i0.wp.com\/profertil.eu\/wp-content\/uploads\/2019\/05\/Kopf.jpg?resize=768%2C188&amp;ssl=1 768w, https:\/\/i0.wp.com\/profertil.eu\/wp-content\/uploads\/2019\/05\/Kopf.jpg?resize=1024%2C250&amp;ssl=1 1024w\" sizes=\"auto, (max-width: 1024px) 100vw, 1024px\" \/><div class=\"wp-block-cover__inner-container is-layout-flow wp-block-cover-is-layout-flow\">\n<h1 class=\"has-text-align-left wp-block-heading\"><span class=\"has-red-color\">EL PAPEL<\/span> <span class=\"has-white-color\">DEL HOMBRE<\/span><\/h1>\n<\/div><\/div>\n\n\n\n<div class=\"wp-block-group alignfull window-height minus-header center has-blue-gradient-background-color has-background\"><div class=\"wp-block-group__inner-container is-layout-flow wp-block-group-is-layout-flow\">\n<div style=\"height:50px\" aria-hidden=\"true\" class=\"wp-block-spacer\"><\/div>\n\n\n\n<h2 class=\"has-text-align-center has-light-grey-color has-text-color wp-block-heading\">\u00bfQU\u00c9 DEBE HACER EL HOMBRE?<\/h2>\n\n\n\n<div style=\"height:50px\" aria-hidden=\"true\" class=\"wp-block-spacer\"><\/div>\n\n\n\n<div class=\"wp-block-columns has-2-columns is-layout-flex wp-container-core-columns-is-layout-1 wp-block-columns-is-layout-flex\">\n<div class=\"wp-block-column is-layout-flow wp-block-column-is-layout-flow\">\n<p class=\"has-white-color has-text-color\">Seg\u00fan el viejo dicho: \u00abEn la vida, un hombre debe construir una casa, plantar un \u00e1rbol y tener un hijo\u00bb. Las dos primeras tareas son relativamente f\u00e1ciles de cumplir. Pero tener un hijo es un sue\u00f1o que cada vez m\u00e1s hombres encuentran dif\u00edcil, o incluso imposible, de cumplir en el mundo actual.<\/p>\n<\/div>\n\n\n\n<div class=\"wp-block-column is-layout-flow wp-block-column-is-layout-flow\">\n<p class=\"has-white-color has-text-color\">Debido a diferentes motivos, cada vez nacen menos ni\u00f1os en todo el mundo. Actualmente, el 10-15 % de parejas de todo el mundo no tienen hijos de manera involuntaria. Las causas de la infertilidad se distribuyen por igual entre mujeres (el \u00abfactor femenino\u00bb) y hombres (el \u00abfactor masculino\u00bb), es decir, 50:50, una combinaci\u00f3n de ambos.<\/p>\n<\/div>\n<\/div>\n\n\n\n<div style=\"height:50px\" aria-hidden=\"true\" class=\"wp-block-spacer\"><\/div>\n\n\n\n\n\n<div id=\"anchorlink-block_5cefe35a244e7\" class=\"anchorlink light \">\n            <a href=\"#section2\" data-smooth-scroll data-animation-duration=\"750\" data-animation-easing=\"swing\" data-offset=\"-23\"><i class=\"material-icons pro-pulse\">expand_more<\/i><\/a>\n    <\/div><\/div><\/div>\n\n\n\n<div id=\"section2\" class=\"wp-block-group window-height center\"><div class=\"wp-block-group__inner-container is-layout-flow wp-block-group-is-layout-flow\">\n<div style=\"height:50px\" aria-hidden=\"true\" class=\"wp-block-spacer\"><\/div>\n\n\n\n<h2 class=\"has-text-align-center wp-block-heading\">PROFERTIL\u00ae AYUDA<br>CON EL \u00abFACTOR MASCULINO\u00bb<\/h2>\n\n\n\n<div style=\"height:50px\" aria-hidden=\"true\" class=\"wp-block-spacer\"><\/div>\n\n\n\n<div class=\"wp-block-columns has-2-columns is-layout-flex wp-container-core-columns-is-layout-2 wp-block-columns-is-layout-flex\">\n<div class=\"wp-block-column is-layout-flow wp-block-column-is-layout-flow\">\n<p>En el 40-90 % de los casos, la raz\u00f3n de la infertilidad masculina consiste en una producci\u00f3n deficiente de esperma. Los estudios demuestran que se ha producido un descenso de un 58 % en el recuento de espermatozoides durante los \u00faltimos 50 a\u00f1os.<sub><sup>1,2<\/sup><\/sub><\/p>\n\n\n\n<p>Un an\u00e1lisis de m\u00e1s de 100 estudios publicados muestra una considerable tendencia a la baja en la densidad del esperma a lo largo de los \u00faltimos 60 a\u00f1os, sobre todo en Estados Unidos, Europa y Australia (-1 -3 % al a\u00f1o).<sup>3,4<\/sup><\/p>\n<\/div>\n\n\n\n<div class=\"wp-block-column is-layout-flow wp-block-column-is-layout-flow\">\n<p>Mientras son muchas las opciones de tratamiento m\u00e9dico para mujeres, como por ejemplo la fecundaci\u00f3n in vitro (FIV), las posibilidades para que los hombres mejoren el factor decisivo de la calidad del semen son muy limitadas.<\/p>\n<\/div>\n<\/div>\n\n\n\n<div style=\"height:50px\" aria-hidden=\"true\" class=\"wp-block-spacer\"><\/div>\n\n\n\n<p class=\"has-small-font-size\"><em><sup>1<\/sup> Imhof M., Matthai C., Huber J.C. Einsatz von Profertil\u00ae zur Therapie des \u201emale factors\u201c und Verbesserung des Spermiogramms; Gyn-Aktiv 2007;2:68.<br><sup>2<\/sup> Sinclair S. Male infertility: nutritional and environmental considerations; Altern Med Rev 2000; 5(1):28-38.<br><sup>3<\/sup> Sween S.H., Elkin E.P., Fenster L. The question of declining sperm density revisited: An analysis of 101 studies published 1934-1996; Environmental Health Perspectives 2000; 108 (10).<br><sup>4<\/sup> Carlsen E., Giwercman A., Keiding N., Skakkebaek N. Evidence for decreasing quality of semen during past 50 years; Br Med J 1992; 305:609-61.<\/em><\/p>\n\n\n\n<div style=\"height:50px\" aria-hidden=\"true\" class=\"wp-block-spacer\"><\/div>\n\n\n\n\n\n<div id=\"anchorlink-block_5cefe6de244e8\" class=\"anchorlink dark \">\n            <a href=\"#section3\" data-smooth-scroll data-animation-duration=\"750\" data-animation-easing=\"swing\" data-offset=\"-23\"><i class=\"material-icons pro-pulse\">expand_more<\/i><\/a>\n    <\/div><\/div><\/div>\n\n\n\n<div class=\"wp-block-group alignfull window-height center has-red-gradient-background-color has-background\" id=\"section3\"><div class=\"wp-block-group__inner-container is-layout-flow wp-block-group-is-layout-flow\">\n<div style=\"height:50px\" aria-hidden=\"true\" class=\"wp-block-spacer\"><\/div>\n\n\n\n<div class=\"wp-block-image\"><figure class=\"aligncenter size-large is-resized\"><img data-recalc-dims=\"1\" loading=\"lazy\" decoding=\"async\" src=\"https:\/\/i0.wp.com\/profertil.eu\/wp-content\/uploads\/2021\/05\/study-proven-efficacy_ES.png?resize=512%2C336&#038;ssl=1\" alt=\"\" class=\"wp-image-12589\" width=\"512\" height=\"336\" srcset=\"https:\/\/i0.wp.com\/profertil.eu\/wp-content\/uploads\/2021\/05\/study-proven-efficacy_ES.png?resize=1024%2C672&amp;ssl=1 1024w, https:\/\/i0.wp.com\/profertil.eu\/wp-content\/uploads\/2021\/05\/study-proven-efficacy_ES.png?resize=300%2C197&amp;ssl=1 300w, https:\/\/i0.wp.com\/profertil.eu\/wp-content\/uploads\/2021\/05\/study-proven-efficacy_ES.png?resize=768%2C504&amp;ssl=1 768w, https:\/\/i0.wp.com\/profertil.eu\/wp-content\/uploads\/2021\/05\/study-proven-efficacy_ES.png?w=1030&amp;ssl=1 1030w\" sizes=\"auto, (max-width: 512px) 100vw, 512px\" \/><\/figure><\/div>\n\n\n\n<div style=\"height:50px\" aria-hidden=\"true\" class=\"wp-block-spacer\"><\/div>\n\n\n\n<p class=\"has-text-align-center medium-width has-white-color has-text-color\"><strong>PROFERTIL<sup>\u00ae<\/sup>\u00a0<\/strong>es el \u00fanico producto testado y patentado que ayuda a\u00a0<strong>mejorar la calidad del esperma<\/strong>, de modo que ofrece\u00a0<strong>un enfoque eficiente de la infertilidad masculina<\/strong>. Varios estudios cl\u00ednicos exhaustivos han confirmado la eficacia de la f\u00f3rmula usada en PROFERTIL\u00ae.<\/p>\n\n\n\n<div style=\"height:50px\" aria-hidden=\"true\" class=\"wp-block-spacer\"><\/div>\n\n\n\n\n\n<div id=\"anchorlink-block_5cefea1c244e9\" class=\"anchorlink light \">\n            <a href=\"#buynow\" data-smooth-scroll data-animation-duration=\"750\" data-animation-easing=\"swing\" data-offset=\"-23\"><i class=\"material-icons pro-pulse\">expand_more<\/i><\/a>\n    <\/div><\/div><\/div>\n\n\n\n<div id=\"buynow\" class=\"wp-block-group window-height minus-footer center\"><div class=\"wp-block-group__inner-container is-layout-flow wp-block-group-is-layout-flow\">\n<div class=\"wp-block-image\"><figure class=\"aligncenter size-large is-resized\"><a href=\"https:\/\/shop.profertil.eu\" target=\"_blank\" rel=\"noreferrer noopener\"><img loading=\"lazy\" decoding=\"async\" src=\"https:\/\/profertil.eu\/wp-content\/uploads\/2021\/05\/comprar-ahora.svg\" alt=\"\" class=\"wp-image-12556\" width=\"500\" height=\"94\"\/><\/a><\/figure><\/div>\n\n\n\n<p><\/p>\n<\/div><\/div>\n","protected":false},"excerpt":{"rendered":"<p>\u00bfQU\u00c9 DEBE HACER EL HOMBRE? Seg\u00fan el viejo dicho: \u00abEn la vida, un hombre debe construir una casa, plantar un \u00e1rbol y tener un hijo\u00bb. Las dos primeras tareas son relativamente f\u00e1ciles de cumplir. Pero tener un hijo es un sue\u00f1o que cada vez m\u00e1s hombres encuentran dif\u00edcil, o incluso imposible, de cumplir en el<a class=\"excerpt-read-more\" href=\"https:\/\/profertil.eu\/es\/infertilidad\/el-factor-masculino\/\" title=\"ReadEl \u00abfactor masculino\u00bb\">&#8230; Read more &raquo;<\/a><\/p>\n","protected":false},"author":1,"featured_media":0,"parent":12574,"menu_order":1,"comment_status":"closed","ping_status":"closed","template":"template-full-width-no-title.php","meta":{"_acf_changed":false,"pgc_sgb_lightbox_settings":"","footnotes":""},"categories":[],"tags":[],"class_list":["post-12576","page","type-page","status-publish","hentry"],"acf":[],"yoast_head":"<!-- This site is optimized with the Yoast SEO plugin v26.1 - https:\/\/yoast.com\/wordpress\/plugins\/seo\/ -->\n<title>El \u00abfactor masculino\u00bb - PROFERTIL<\/title>\n<meta name=\"robots\" content=\"index, follow, max-snippet:-1, max-image-preview:large, max-video-preview:-1\" \/>\n<link rel=\"canonical\" href=\"https:\/\/profertil.eu\/es\/infertilidad\/el-factor-masculino\/\" \/>\n<meta property=\"og:locale\" content=\"es_ES\" \/>\n<meta property=\"og:type\" content=\"article\" \/>\n<meta property=\"og:title\" content=\"El \u00abfactor masculino\u00bb - PROFERTIL\" \/>\n<meta property=\"og:description\" content=\"\u00bfQU\u00c9 DEBE HACER EL HOMBRE? Seg\u00fan el viejo dicho: \u00abEn la vida, un hombre debe construir una casa, plantar un \u00e1rbol y tener un hijo\u00bb. Las dos primeras tareas son relativamente f\u00e1ciles de cumplir. Pero tener un hijo es un sue\u00f1o que cada vez m\u00e1s hombres encuentran dif\u00edcil, o incluso imposible, de cumplir en el... Read more &raquo;\" \/>\n<meta property=\"og:url\" content=\"https:\/\/profertil.eu\/es\/infertilidad\/el-factor-masculino\/\" \/>\n<meta property=\"og:site_name\" content=\"PROFERTIL\" \/>\n<meta property=\"article:modified_time\" content=\"2021-05-10T18:47:27+00:00\" \/>\n<meta property=\"og:image\" content=\"https:\/\/profertil.eu\/wp-content\/uploads\/2019\/05\/Kopf.jpg\" \/>\n<meta name=\"twitter:card\" content=\"summary_large_image\" \/>\n<meta name=\"twitter:label1\" content=\"Tiempo de lectura\" \/>\n\t<meta name=\"twitter:data1\" content=\"2 minutos\" \/>\n<script type=\"application\/ld+json\" class=\"yoast-schema-graph\">{\"@context\":\"https:\/\/schema.org\",\"@graph\":[{\"@type\":\"WebPage\",\"@id\":\"https:\/\/profertil.eu\/es\/infertilidad\/el-factor-masculino\/\",\"url\":\"https:\/\/profertil.eu\/es\/infertilidad\/el-factor-masculino\/\",\"name\":\"El \u00abfactor masculino\u00bb - PROFERTIL\",\"isPartOf\":{\"@id\":\"https:\/\/profertil.eu\/#website\"},\"primaryImageOfPage\":{\"@id\":\"https:\/\/profertil.eu\/es\/infertilidad\/el-factor-masculino\/#primaryimage\"},\"image\":{\"@id\":\"https:\/\/profertil.eu\/es\/infertilidad\/el-factor-masculino\/#primaryimage\"},\"thumbnailUrl\":\"https:\/\/profertil.eu\/wp-content\/uploads\/2019\/05\/Kopf.jpg\",\"datePublished\":\"2021-05-10T18:43:42+00:00\",\"dateModified\":\"2021-05-10T18:47:27+00:00\",\"breadcrumb\":{\"@id\":\"https:\/\/profertil.eu\/es\/infertilidad\/el-factor-masculino\/#breadcrumb\"},\"inLanguage\":\"es\",\"potentialAction\":[{\"@type\":\"ReadAction\",\"target\":[\"https:\/\/profertil.eu\/es\/infertilidad\/el-factor-masculino\/\"]}]},{\"@type\":\"ImageObject\",\"inLanguage\":\"es\",\"@id\":\"https:\/\/profertil.eu\/es\/infertilidad\/el-factor-masculino\/#primaryimage\",\"url\":\"https:\/\/profertil.eu\/wp-content\/uploads\/2019\/05\/Kopf.jpg\",\"contentUrl\":\"https:\/\/profertil.eu\/wp-content\/uploads\/2019\/05\/Kopf.jpg\"},{\"@type\":\"BreadcrumbList\",\"@id\":\"https:\/\/profertil.eu\/es\/infertilidad\/el-factor-masculino\/#breadcrumb\",\"itemListElement\":[{\"@type\":\"ListItem\",\"position\":1,\"name\":\"Home\",\"item\":\"https:\/\/profertil.eu\/es\/\"},{\"@type\":\"ListItem\",\"position\":2,\"name\":\"Infertilidad\",\"item\":\"https:\/\/profertil.eu\/es\/infertilidad\/\"},{\"@type\":\"ListItem\",\"position\":3,\"name\":\"El \u00abfactor masculino\u00bb\"}]},{\"@type\":\"WebSite\",\"@id\":\"https:\/\/profertil.eu\/#website\",\"url\":\"https:\/\/profertil.eu\/\",\"name\":\"PROFERTIL\",\"description\":\"No. 1 proven efficacy in male fertility\",\"publisher\":{\"@id\":\"https:\/\/profertil.eu\/#organization\"},\"potentialAction\":[{\"@type\":\"SearchAction\",\"target\":{\"@type\":\"EntryPoint\",\"urlTemplate\":\"https:\/\/profertil.eu\/?s={search_term_string}\"},\"query-input\":{\"@type\":\"PropertyValueSpecification\",\"valueRequired\":true,\"valueName\":\"search_term_string\"}}],\"inLanguage\":\"es\"},{\"@type\":\"Organization\",\"@id\":\"https:\/\/profertil.eu\/#organization\",\"name\":\"PROFERTIL\",\"url\":\"https:\/\/profertil.eu\/\",\"logo\":{\"@type\":\"ImageObject\",\"inLanguage\":\"es\",\"@id\":\"https:\/\/profertil.eu\/#\/schema\/logo\/image\/\",\"url\":\"https:\/\/profertil.eu\/wp-content\/uploads\/2025\/10\/PROFERTIL-logo-2025.svg\",\"contentUrl\":\"https:\/\/profertil.eu\/wp-content\/uploads\/2025\/10\/PROFERTIL-logo-2025.svg\",\"caption\":\"PROFERTIL\"},\"image\":{\"@id\":\"https:\/\/profertil.eu\/#\/schema\/logo\/image\/\"}}]}<\/script>\n<!-- \/ Yoast SEO plugin. -->","yoast_head_json":{"title":"El \u00abfactor masculino\u00bb - PROFERTIL","robots":{"index":"index","follow":"follow","max-snippet":"max-snippet:-1","max-image-preview":"max-image-preview:large","max-video-preview":"max-video-preview:-1"},"canonical":"https:\/\/profertil.eu\/es\/infertilidad\/el-factor-masculino\/","og_locale":"es_ES","og_type":"article","og_title":"El \u00abfactor masculino\u00bb - PROFERTIL","og_description":"\u00bfQU\u00c9 DEBE HACER EL HOMBRE? Seg\u00fan el viejo dicho: \u00abEn la vida, un hombre debe construir una casa, plantar un \u00e1rbol y tener un hijo\u00bb. Las dos primeras tareas son relativamente f\u00e1ciles de cumplir. Pero tener un hijo es un sue\u00f1o que cada vez m\u00e1s hombres encuentran dif\u00edcil, o incluso imposible, de cumplir en el... Read more &raquo;","og_url":"https:\/\/profertil.eu\/es\/infertilidad\/el-factor-masculino\/","og_site_name":"PROFERTIL","article_modified_time":"2021-05-10T18:47:27+00:00","og_image":[{"url":"https:\/\/profertil.eu\/wp-content\/uploads\/2019\/05\/Kopf.jpg","type":"","width":"","height":""}],"twitter_card":"summary_large_image","twitter_misc":{"Tiempo de lectura":"2 minutos"},"schema":{"@context":"https:\/\/schema.org","@graph":[{"@type":"WebPage","@id":"https:\/\/profertil.eu\/es\/infertilidad\/el-factor-masculino\/","url":"https:\/\/profertil.eu\/es\/infertilidad\/el-factor-masculino\/","name":"El \u00abfactor masculino\u00bb - PROFERTIL","isPartOf":{"@id":"https:\/\/profertil.eu\/#website"},"primaryImageOfPage":{"@id":"https:\/\/profertil.eu\/es\/infertilidad\/el-factor-masculino\/#primaryimage"},"image":{"@id":"https:\/\/profertil.eu\/es\/infertilidad\/el-factor-masculino\/#primaryimage"},"thumbnailUrl":"https:\/\/profertil.eu\/wp-content\/uploads\/2019\/05\/Kopf.jpg","datePublished":"2021-05-10T18:43:42+00:00","dateModified":"2021-05-10T18:47:27+00:00","breadcrumb":{"@id":"https:\/\/profertil.eu\/es\/infertilidad\/el-factor-masculino\/#breadcrumb"},"inLanguage":"es","potentialAction":[{"@type":"ReadAction","target":["https:\/\/profertil.eu\/es\/infertilidad\/el-factor-masculino\/"]}]},{"@type":"ImageObject","inLanguage":"es","@id":"https:\/\/profertil.eu\/es\/infertilidad\/el-factor-masculino\/#primaryimage","url":"https:\/\/profertil.eu\/wp-content\/uploads\/2019\/05\/Kopf.jpg","contentUrl":"https:\/\/profertil.eu\/wp-content\/uploads\/2019\/05\/Kopf.jpg"},{"@type":"BreadcrumbList","@id":"https:\/\/profertil.eu\/es\/infertilidad\/el-factor-masculino\/#breadcrumb","itemListElement":[{"@type":"ListItem","position":1,"name":"Home","item":"https:\/\/profertil.eu\/es\/"},{"@type":"ListItem","position":2,"name":"Infertilidad","item":"https:\/\/profertil.eu\/es\/infertilidad\/"},{"@type":"ListItem","position":3,"name":"El \u00abfactor masculino\u00bb"}]},{"@type":"WebSite","@id":"https:\/\/profertil.eu\/#website","url":"https:\/\/profertil.eu\/","name":"PROFERTIL","description":"No. 1 proven efficacy in male fertility","publisher":{"@id":"https:\/\/profertil.eu\/#organization"},"potentialAction":[{"@type":"SearchAction","target":{"@type":"EntryPoint","urlTemplate":"https:\/\/profertil.eu\/?s={search_term_string}"},"query-input":{"@type":"PropertyValueSpecification","valueRequired":true,"valueName":"search_term_string"}}],"inLanguage":"es"},{"@type":"Organization","@id":"https:\/\/profertil.eu\/#organization","name":"PROFERTIL","url":"https:\/\/profertil.eu\/","logo":{"@type":"ImageObject","inLanguage":"es","@id":"https:\/\/profertil.eu\/#\/schema\/logo\/image\/","url":"https:\/\/profertil.eu\/wp-content\/uploads\/2025\/10\/PROFERTIL-logo-2025.svg","contentUrl":"https:\/\/profertil.eu\/wp-content\/uploads\/2025\/10\/PROFERTIL-logo-2025.svg","caption":"PROFERTIL"},"image":{"@id":"https:\/\/profertil.eu\/#\/schema\/logo\/image\/"}}]}},"_links":{"self":[{"href":"https:\/\/profertil.eu\/es\/wp-json\/wp\/v2\/pages\/12576","targetHints":{"allow":["GET"]}}],"collection":[{"href":"https:\/\/profertil.eu\/es\/wp-json\/wp\/v2\/pages"}],"about":[{"href":"https:\/\/profertil.eu\/es\/wp-json\/wp\/v2\/types\/page"}],"author":[{"embeddable":true,"href":"https:\/\/profertil.eu\/es\/wp-json\/wp\/v2\/users\/1"}],"replies":[{"embeddable":true,"href":"https:\/\/profertil.eu\/es\/wp-json\/wp\/v2\/comments?post=12576"}],"version-history":[{"count":7,"href":"https:\/\/profertil.eu\/es\/wp-json\/wp\/v2\/pages\/12576\/revisions"}],"predecessor-version":[{"id":12598,"href":"https:\/\/profertil.eu\/es\/wp-json\/wp\/v2\/pages\/12576\/revisions\/12598"}],"up":[{"embeddable":true,"href":"https:\/\/profertil.eu\/es\/wp-json\/wp\/v2\/pages\/12574"}],"wp:attachment":[{"href":"https:\/\/profertil.eu\/es\/wp-json\/wp\/v2\/media?parent=12576"}],"wp:term":[{"taxonomy":"category","embeddable":true,"href":"https:\/\/profertil.eu\/es\/wp-json\/wp\/v2\/categories?post=12576"},{"taxonomy":"post_tag","embeddable":true,"href":"https:\/\/profertil.eu\/es\/wp-json\/wp\/v2\/tags?post=12576"}],"curies":[{"name":"wp","href":"https:\/\/api.w.org\/{rel}","templated":true}]}}