 {"id":870,"date":"2019-06-03T10:39:06","date_gmt":"2019-06-03T10:39:06","guid":{"rendered":"https:\/\/profertil.eu\/?page_id=870"},"modified":"2025-11-11T14:33:33","modified_gmt":"2025-11-11T13:33:33","slug":"samenproduktion","status":"publish","type":"page","link":"https:\/\/profertil.eu\/at\/spermiengesundheit\/samenproduktion\/","title":{"rendered":"Samenproduktion"},"content":{"rendered":"\n<div class=\"wp-block-cover alignfull is-light\"><span aria-hidden=\"true\" class=\"wp-block-cover__background has-background-dim-0 has-background-dim\"><\/span><img data-recalc-dims=\"1\" loading=\"lazy\" decoding=\"async\" width=\"1024\" height=\"250\" class=\"wp-block-cover__image-background wp-image-872\" alt=\"\" src=\"https:\/\/i0.wp.com\/profertil.eu\/wp-content\/uploads\/2019\/06\/spermienproduktion.jpg?resize=1024%2C250&#038;ssl=1\" style=\"object-position:82% 44%\" data-object-fit=\"cover\" data-object-position=\"82% 44%\" srcset=\"https:\/\/i0.wp.com\/profertil.eu\/wp-content\/uploads\/2019\/06\/spermienproduktion.jpg?w=2048&amp;ssl=1 2048w, https:\/\/i0.wp.com\/profertil.eu\/wp-content\/uploads\/2019\/06\/spermienproduktion.jpg?resize=300%2C73&amp;ssl=1 300w, https:\/\/i0.wp.com\/profertil.eu\/wp-content\/uploads\/2019\/06\/spermienproduktion.jpg?resize=768%2C188&amp;ssl=1 768w, https:\/\/i0.wp.com\/profertil.eu\/wp-content\/uploads\/2019\/06\/spermienproduktion.jpg?resize=1024%2C250&amp;ssl=1 1024w\" sizes=\"auto, (max-width: 1024px) 100vw, 1024px\" \/><div class=\"wp-block-cover__inner-container is-layout-flow wp-block-cover-is-layout-flow\">\n<h1 class=\"wp-block-heading\"><span class=\"has-white-color\">SO GEHT\u2019<\/span><span class=\"has-red-color\">S<\/span><span class=\"has-white-color\">,<\/span> <span class=\"has-red-color\">AMEN!<\/span><\/h1>\n<\/div><\/div>\n\n\n\n<div class=\"wp-block-group alignfull center has-white-color has-blue-gradient-background-color has-text-color has-background has-link-color wp-elements-e1f8e45dbd6324e49435117576830281\"><div class=\"wp-block-group__inner-container is-layout-flow wp-block-group-is-layout-flow\">\n<div style=\"height:50px\" aria-hidden=\"true\" class=\"wp-block-spacer\"><\/div>\n\n\n\n<h2 class=\"wp-block-heading has-text-align-center has-light-grey-color has-text-color\">SO FUNKTIONIERT DIE <br>SAMENPRODUKTION<\/h2>\n\n\n\n<div style=\"height:50px\" aria-hidden=\"true\" class=\"wp-block-spacer\"><\/div>\n\n\n\n<div class=\"wp-block-columns has-2-columns is-layout-flex wp-container-core-columns-is-layout-1 wp-block-columns-is-layout-flex\">\n<div class=\"wp-block-column is-layout-flow wp-block-column-is-layout-flow\">\n<p>Der Produktion der Spermien bzw. Samenproduktion geht ein langer Prozess voraus, der in den Nebenhoden (Testikeln) abl\u00e4uft. Zwei bis drei Monate dauert es bis die Samenzellen voll entwickelt sind, eine lange Zeit, in der St\u00f6rungen fatale Auswirkungen haben k\u00f6nnen. <\/p>\n\n\n\n<p>Die Anzahl der Spermien, die produziert wird, h\u00e4ngt von vielen verschiedenen Faktoren ab, z.B. von den Genen, der Umwelt, der k\u00f6rperlichen Verfassung, der H\u00e4ufigkeit von sexuellen Kontakten. Daher kann die Spermienanzahl bei jedem Menschen v\u00f6llig unterschiedlich sein. Die Samenzellen in den Samenkan\u00e4lchen m\u00fcssen st\u00e4ndig neu gebildet werden.<\/p>\n<\/div>\n\n\n\n<div class=\"wp-block-column is-layout-flow wp-block-column-is-layout-flow\">\n<p>Der durchschnittliche, geschlechtsreife Mann hat etwa zwei bis drei Milliarden Spermien in unterschiedlichen Reifephasen verf\u00fcgbar. Der Reifeprozess dauert ca. zwei bis drei Monate, d.h. alle drei Monate bildet sich ein neues \u201eSamenzellenset\u201c aus. Hormone spielen nun die entscheidende Rolle f\u00fcr die Samenzellproduktion (= Spermatogenese). Die Hirnanhangsdr\u00fcse (= Hypophyse) bildet ein Hormon, das als Follikel-Stimulierendes-Hormon (FSH) bekannt ist. Zur gleichen Zeit wird das Luteinisierende Hormon (LH) gebildet. W\u00e4hrend beide Hormone bei der Frau zur Ausreifung von Eizellen f\u00fchren, sind sie beim Mann f\u00fcr die Ausbildung der Samenzellen verantwortlich.<\/p>\n<\/div>\n<\/div>\n\n\n\n<div style=\"height:50px\" aria-hidden=\"true\" class=\"wp-block-spacer\"><\/div>\n\n\n\n<p><\/p>\n<\/div><\/div>\n\n\n\n<div style=\"height:20px\" aria-hidden=\"true\" class=\"wp-block-spacer\"><\/div>\n\n\n<div class=\"wp-block-image is-resized sperm-cell-section\">\n<figure class=\"aligncenter size-full\"><img loading=\"lazy\" decoding=\"async\" width=\"634\" height=\"146\" src=\"https:\/\/i0.wp.com\/profertil.eu\/wp-content\/uploads\/2019\/06\/befruchtungsstadien.png?fit=634%2C146&amp;ssl=1\" alt=\"Die Stadien der Samenproduktion\" class=\"wp-image-895\" style=\"width:300px\" srcset=\"https:\/\/i0.wp.com\/profertil.eu\/wp-content\/uploads\/2019\/06\/befruchtungsstadien.png?w=634&amp;ssl=1 634w, https:\/\/i0.wp.com\/profertil.eu\/wp-content\/uploads\/2019\/06\/befruchtungsstadien.png?resize=300%2C69&amp;ssl=1 300w\" sizes=\"auto, (max-width: 634px) 100vw, 634px\" \/><\/figure><\/div>\n\n\n<div class=\"wp-block-group alignfull window-height center has-white-color has-red-gradient-background-color has-text-color has-background has-link-color wp-elements-292b2a7a3658613011277a7f8d93aeeb\" id=\"section2\"><div class=\"wp-block-group__inner-container is-layout-flow wp-block-group-is-layout-flow\">\n<div style=\"height:50px\" aria-hidden=\"true\" class=\"wp-block-spacer\"><\/div>\n\n\n\n<h2 class=\"wp-block-heading has-text-align-center has-white-color has-text-color\">DAS BRAUCHEN SAMENZELLEN<\/h2>\n\n\n\n<div style=\"height:50px\" aria-hidden=\"true\" class=\"wp-block-spacer\"><\/div>\n\n\n\n<div class=\"wp-block-columns has-2-columns is-layout-flex wp-container-core-columns-is-layout-2 wp-block-columns-is-layout-flex\">\n<div class=\"wp-block-column is-layout-flow wp-block-column-is-layout-flow\">\n<p>Im Rahmen der Samenzellreifung ben\u00f6tigt der K\u00f6rper bei unterschiedlichen Entwicklungsschritten spezielle N\u00e4hrstoffe wie v.a. Aminos\u00e4uren, Spurenelemente, Vitamine und vitamin\u00e4hnliche Substanzen. Nur mit diesen speziellen Vitalstoffen ist die optimale Voraussetzung f\u00fcr eine normale und gesunde Spermienentstehung garantiert.<\/p>\n<\/div>\n\n\n\n<div class=\"wp-block-column is-layout-flow wp-block-column-is-layout-flow\">\n<p>Durch gewisse Lebensumst\u00e4nde und falschen Lebensstil kann es rasch zu einem Mangel an diesen Substanzen kommen, was allerdings von den Betroffenen in den meisten F\u00e4llen gar nicht bemerkt wird. Vor allem aber reagieren Samenzellen auf \u00e4u\u00dfere Faktoren wie Infektionen, Medikamente oder R\u00f6ntgenstrahlen ung\u00fcnstig.<\/p>\n<\/div>\n<\/div>\n\n\n\n<div style=\"height:50px\" aria-hidden=\"true\" class=\"wp-block-spacer\"><\/div>\n\n\n\n<h4 class=\"wp-block-heading has-text-align-center medium-width\">Die studiengepr\u00fcfte Zusammensetzung von PROFERTIL\u00ae unterst\u00fctzt den Reifeprozess der Samenzellen in jeder Phase der Samenproduktion.<\/h4>\n\n\n\n<div style=\"height:50px\" aria-hidden=\"true\" class=\"wp-block-spacer\"><\/div>\n\n\n\n\n\n<div id=\"anchorlink-block_7f789bcdd36e831432bc2ff55378ca31\" class=\"anchorlink light \">\n            <a href=\"#section3\" data-smooth-scroll data-animation-duration=\"750\" data-animation-easing=\"swing\" data-offset=\"-23\"><i class=\"material-icons pro-pulse\">expand_more<\/i><\/a>\n    <\/div><\/div><\/div>\n\n\n\n<div class=\"wp-block-group alignfull window-height has-white-background-color has-background\" id=\"section3\"><div class=\"wp-block-group__inner-container is-layout-flow wp-block-group-is-layout-flow\">\n<div style=\"height:100px\" aria-hidden=\"true\" class=\"wp-block-spacer\"><\/div>\n\n\n<div class=\"wp-block-image is-resized\">\n<figure class=\"aligncenter size-full\"><img data-recalc-dims=\"1\" loading=\"lazy\" decoding=\"async\" width=\"1024\" height=\"703\" src=\"https:\/\/i0.wp.com\/profertil.eu\/wp-content\/uploads\/2025\/11\/Graphic_Synergistic-effect_DE-2025.png?resize=1024%2C703&#038;ssl=1\" alt=\"\" class=\"wp-image-23440\" style=\"width:774px\" srcset=\"https:\/\/i0.wp.com\/profertil.eu\/wp-content\/uploads\/2025\/11\/Graphic_Synergistic-effect_DE-2025.png?w=3096&amp;ssl=1 3096w, https:\/\/i0.wp.com\/profertil.eu\/wp-content\/uploads\/2025\/11\/Graphic_Synergistic-effect_DE-2025.png?resize=300%2C206&amp;ssl=1 300w, https:\/\/i0.wp.com\/profertil.eu\/wp-content\/uploads\/2025\/11\/Graphic_Synergistic-effect_DE-2025.png?resize=1024%2C703&amp;ssl=1 1024w, https:\/\/i0.wp.com\/profertil.eu\/wp-content\/uploads\/2025\/11\/Graphic_Synergistic-effect_DE-2025.png?resize=768%2C527&amp;ssl=1 768w, https:\/\/i0.wp.com\/profertil.eu\/wp-content\/uploads\/2025\/11\/Graphic_Synergistic-effect_DE-2025.png?resize=50%2C34&amp;ssl=1 50w, https:\/\/i0.wp.com\/profertil.eu\/wp-content\/uploads\/2025\/11\/Graphic_Synergistic-effect_DE-2025.png?resize=1600%2C1099&amp;ssl=1 1600w, https:\/\/i0.wp.com\/profertil.eu\/wp-content\/uploads\/2025\/11\/Graphic_Synergistic-effect_DE-2025.png?resize=1536%2C1055&amp;ssl=1 1536w, https:\/\/i0.wp.com\/profertil.eu\/wp-content\/uploads\/2025\/11\/Graphic_Synergistic-effect_DE-2025.png?resize=2048%2C1406&amp;ssl=1 2048w\" sizes=\"auto, (max-width: 1024px) 100vw, 1024px\" \/><\/figure><\/div>\n\n\n<div style=\"height:50px\" aria-hidden=\"true\" class=\"wp-block-spacer\"><\/div>\n\n\n\n\n\n<div id=\"anchorlink-block_1db8b23836359274e840b37d0e5fc0c5\" class=\"anchorlink dark \">\n            <a href=\"#buynow\" data-smooth-scroll data-animation-duration=\"750\" data-animation-easing=\"swing\" data-offset=\"-23\"><i class=\"material-icons pro-pulse\">expand_more<\/i><\/a>\n    <\/div><\/div><\/div>\n\n\n\n<div class=\"wp-block-group window-height minus-footer center\" id=\"buynow\"><div class=\"wp-block-group__inner-container is-layout-flow wp-block-group-is-layout-flow\">\n<div class=\"wp-block-image buynow apotheke\"><figure class=\"aligncenter is-resized\"><a class=\"apotheke-alt\" href=\"#\"><img loading=\"lazy\" decoding=\"async\" src=\"\/wp-content\/uploads\/2019\/05\/KAUFEN-Button.svg\" alt=\"\" class=\"wp-image-295\" width=\"500\" height=\"138\"><\/a><figcaption>PROFERTIL\u00ae ist in \u00f6sterreichischen Apotheken erh\u00e4ltlich.<\/figcaption><\/figure><\/div>\n\n\n\n<p><\/p>\n<\/div><\/div>\n","protected":false},"excerpt":{"rendered":"<p>SO FUNKTIONIERT DIE SAMENPRODUKTION Der Produktion der Spermien bzw. Samenproduktion geht ein langer Prozess voraus, der in den Nebenhoden (Testikeln) abl\u00e4uft. Zwei bis drei Monate dauert es bis die Samenzellen voll entwickelt sind, eine lange Zeit, in der St\u00f6rungen fatale Auswirkungen haben k\u00f6nnen. Die Anzahl der Spermien, die produziert wird, h\u00e4ngt von vielen verschiedenen Faktoren<a class=\"excerpt-read-more\" href=\"https:\/\/profertil.eu\/at\/spermiengesundheit\/samenproduktion\/\" title=\"ReadSamenproduktion\">&#8230; Read more &raquo;<\/a><\/p>\n","protected":false},"author":1,"featured_media":0,"parent":684,"menu_order":1,"comment_status":"closed","ping_status":"closed","template":"template-full-width-no-title.php","meta":{"_acf_changed":false,"pgc_sgb_lightbox_settings":"","footnotes":""},"categories":[],"tags":[],"class_list":["post-870","page","type-page","status-publish","hentry"],"acf":[],"yoast_head":"<!-- This site is optimized with the Yoast SEO plugin v26.1 - https:\/\/yoast.com\/wordpress\/plugins\/seo\/ -->\n<title>PROFERTIL\u00ae - Die Nr. 1 bei m\u00e4nnlicher Unfruchtbarkeit<\/title>\n<meta name=\"description\" content=\"Erfahren Sie, wie die studiengepr\u00fcfte Zusammensetzug von PROFERTIL\u00ae in jeder Phase der Samenproduktion gegen m\u00e4nnliche Unfruchtbarkeit hilft.\" \/>\n<meta name=\"robots\" content=\"index, follow, max-snippet:-1, max-image-preview:large, max-video-preview:-1\" \/>\n<link rel=\"canonical\" href=\"https:\/\/profertil.eu\/at\/spermiengesundheit\/samenproduktion\/\" \/>\n<meta property=\"og:locale\" content=\"de_DE\" \/>\n<meta property=\"og:type\" content=\"article\" \/>\n<meta property=\"og:title\" content=\"PROFERTIL\u00ae - Die Nr. 1 bei m\u00e4nnlicher Unfruchtbarkeit\" \/>\n<meta property=\"og:description\" content=\"Erfahren Sie, wie die studiengepr\u00fcfte Zusammensetzug von PROFERTIL\u00ae in jeder Phase der Samenproduktion gegen m\u00e4nnliche Unfruchtbarkeit hilft.\" \/>\n<meta property=\"og:url\" content=\"https:\/\/profertil.eu\/at\/spermiengesundheit\/samenproduktion\/\" \/>\n<meta property=\"og:site_name\" content=\"PROFERTIL\" \/>\n<meta property=\"article:modified_time\" content=\"2025-11-11T13:33:33+00:00\" \/>\n<meta property=\"og:image\" content=\"https:\/\/profertil.eu\/wp-content\/uploads\/2019\/06\/spermienproduktion.jpg\" \/>\n<meta name=\"twitter:card\" content=\"summary_large_image\" \/>\n<meta name=\"twitter:label1\" content=\"Gesch\u00e4tzte Lesezeit\" \/>\n\t<meta name=\"twitter:data1\" content=\"3 Minuten\" \/>\n<script type=\"application\/ld+json\" class=\"yoast-schema-graph\">{\"@context\":\"https:\/\/schema.org\",\"@graph\":[{\"@type\":\"WebPage\",\"@id\":\"https:\/\/profertil.eu\/at\/spermiengesundheit\/samenproduktion\/\",\"url\":\"https:\/\/profertil.eu\/at\/spermiengesundheit\/samenproduktion\/\",\"name\":\"PROFERTIL\u00ae - Die Nr. 1 bei m\u00e4nnlicher Unfruchtbarkeit\",\"isPartOf\":{\"@id\":\"https:\/\/profertil.eu\/#website\"},\"primaryImageOfPage\":{\"@id\":\"https:\/\/profertil.eu\/at\/spermiengesundheit\/samenproduktion\/#primaryimage\"},\"image\":{\"@id\":\"https:\/\/profertil.eu\/at\/spermiengesundheit\/samenproduktion\/#primaryimage\"},\"thumbnailUrl\":\"https:\/\/profertil.eu\/wp-content\/uploads\/2019\/06\/spermienproduktion.jpg\",\"datePublished\":\"2019-06-03T10:39:06+00:00\",\"dateModified\":\"2025-11-11T13:33:33+00:00\",\"description\":\"Erfahren Sie, wie die studiengepr\u00fcfte Zusammensetzug von PROFERTIL\u00ae in jeder Phase der Samenproduktion gegen m\u00e4nnliche Unfruchtbarkeit hilft.\",\"breadcrumb\":{\"@id\":\"https:\/\/profertil.eu\/at\/spermiengesundheit\/samenproduktion\/#breadcrumb\"},\"inLanguage\":\"de-AT\",\"potentialAction\":[{\"@type\":\"ReadAction\",\"target\":[\"https:\/\/profertil.eu\/at\/spermiengesundheit\/samenproduktion\/\"]}]},{\"@type\":\"ImageObject\",\"inLanguage\":\"de-AT\",\"@id\":\"https:\/\/profertil.eu\/at\/spermiengesundheit\/samenproduktion\/#primaryimage\",\"url\":\"https:\/\/profertil.eu\/wp-content\/uploads\/2019\/06\/spermienproduktion.jpg\",\"contentUrl\":\"https:\/\/profertil.eu\/wp-content\/uploads\/2019\/06\/spermienproduktion.jpg\"},{\"@type\":\"BreadcrumbList\",\"@id\":\"https:\/\/profertil.eu\/at\/spermiengesundheit\/samenproduktion\/#breadcrumb\",\"itemListElement\":[{\"@type\":\"ListItem\",\"position\":1,\"name\":\"Home\",\"item\":\"https:\/\/profertil.eu\/at\/\"},{\"@type\":\"ListItem\",\"position\":2,\"name\":\"Spermiengesundheit\",\"item\":\"https:\/\/profertil.eu\/at\/spermiengesundheit\/\"},{\"@type\":\"ListItem\",\"position\":3,\"name\":\"Samenproduktion\"}]},{\"@type\":\"WebSite\",\"@id\":\"https:\/\/profertil.eu\/#website\",\"url\":\"https:\/\/profertil.eu\/\",\"name\":\"PROFERTIL\",\"description\":\"No. 1 proven efficacy in male fertility\",\"publisher\":{\"@id\":\"https:\/\/profertil.eu\/#organization\"},\"potentialAction\":[{\"@type\":\"SearchAction\",\"target\":{\"@type\":\"EntryPoint\",\"urlTemplate\":\"https:\/\/profertil.eu\/?s={search_term_string}\"},\"query-input\":{\"@type\":\"PropertyValueSpecification\",\"valueRequired\":true,\"valueName\":\"search_term_string\"}}],\"inLanguage\":\"de-AT\"},{\"@type\":\"Organization\",\"@id\":\"https:\/\/profertil.eu\/#organization\",\"name\":\"PROFERTIL\",\"url\":\"https:\/\/profertil.eu\/\",\"logo\":{\"@type\":\"ImageObject\",\"inLanguage\":\"de-AT\",\"@id\":\"https:\/\/profertil.eu\/#\/schema\/logo\/image\/\",\"url\":\"https:\/\/profertil.eu\/wp-content\/uploads\/2025\/10\/PROFERTIL-logo-2025.svg\",\"contentUrl\":\"https:\/\/profertil.eu\/wp-content\/uploads\/2025\/10\/PROFERTIL-logo-2025.svg\",\"width\":712,\"height\":112,\"caption\":\"PROFERTIL\"},\"image\":{\"@id\":\"https:\/\/profertil.eu\/#\/schema\/logo\/image\/\"}}]}<\/script>\n<!-- \/ Yoast SEO plugin. -->","yoast_head_json":{"title":"PROFERTIL\u00ae - Die Nr. 1 bei m\u00e4nnlicher Unfruchtbarkeit","description":"Erfahren Sie, wie die studiengepr\u00fcfte Zusammensetzug von PROFERTIL\u00ae in jeder Phase der Samenproduktion gegen m\u00e4nnliche Unfruchtbarkeit hilft.","robots":{"index":"index","follow":"follow","max-snippet":"max-snippet:-1","max-image-preview":"max-image-preview:large","max-video-preview":"max-video-preview:-1"},"canonical":"https:\/\/profertil.eu\/at\/spermiengesundheit\/samenproduktion\/","og_locale":"de_DE","og_type":"article","og_title":"PROFERTIL\u00ae - Die Nr. 1 bei m\u00e4nnlicher Unfruchtbarkeit","og_description":"Erfahren Sie, wie die studiengepr\u00fcfte Zusammensetzug von PROFERTIL\u00ae in jeder Phase der Samenproduktion gegen m\u00e4nnliche Unfruchtbarkeit hilft.","og_url":"https:\/\/profertil.eu\/at\/spermiengesundheit\/samenproduktion\/","og_site_name":"PROFERTIL","article_modified_time":"2025-11-11T13:33:33+00:00","og_image":[{"url":"https:\/\/profertil.eu\/wp-content\/uploads\/2019\/06\/spermienproduktion.jpg","type":"","width":"","height":""}],"twitter_card":"summary_large_image","twitter_misc":{"Gesch\u00e4tzte Lesezeit":"3 Minuten"},"schema":{"@context":"https:\/\/schema.org","@graph":[{"@type":"WebPage","@id":"https:\/\/profertil.eu\/at\/spermiengesundheit\/samenproduktion\/","url":"https:\/\/profertil.eu\/at\/spermiengesundheit\/samenproduktion\/","name":"PROFERTIL\u00ae - Die Nr. 1 bei m\u00e4nnlicher Unfruchtbarkeit","isPartOf":{"@id":"https:\/\/profertil.eu\/#website"},"primaryImageOfPage":{"@id":"https:\/\/profertil.eu\/at\/spermiengesundheit\/samenproduktion\/#primaryimage"},"image":{"@id":"https:\/\/profertil.eu\/at\/spermiengesundheit\/samenproduktion\/#primaryimage"},"thumbnailUrl":"https:\/\/profertil.eu\/wp-content\/uploads\/2019\/06\/spermienproduktion.jpg","datePublished":"2019-06-03T10:39:06+00:00","dateModified":"2025-11-11T13:33:33+00:00","description":"Erfahren Sie, wie die studiengepr\u00fcfte Zusammensetzug von PROFERTIL\u00ae in jeder Phase der Samenproduktion gegen m\u00e4nnliche Unfruchtbarkeit hilft.","breadcrumb":{"@id":"https:\/\/profertil.eu\/at\/spermiengesundheit\/samenproduktion\/#breadcrumb"},"inLanguage":"de-AT","potentialAction":[{"@type":"ReadAction","target":["https:\/\/profertil.eu\/at\/spermiengesundheit\/samenproduktion\/"]}]},{"@type":"ImageObject","inLanguage":"de-AT","@id":"https:\/\/profertil.eu\/at\/spermiengesundheit\/samenproduktion\/#primaryimage","url":"https:\/\/profertil.eu\/wp-content\/uploads\/2019\/06\/spermienproduktion.jpg","contentUrl":"https:\/\/profertil.eu\/wp-content\/uploads\/2019\/06\/spermienproduktion.jpg"},{"@type":"BreadcrumbList","@id":"https:\/\/profertil.eu\/at\/spermiengesundheit\/samenproduktion\/#breadcrumb","itemListElement":[{"@type":"ListItem","position":1,"name":"Home","item":"https:\/\/profertil.eu\/at\/"},{"@type":"ListItem","position":2,"name":"Spermiengesundheit","item":"https:\/\/profertil.eu\/at\/spermiengesundheit\/"},{"@type":"ListItem","position":3,"name":"Samenproduktion"}]},{"@type":"WebSite","@id":"https:\/\/profertil.eu\/#website","url":"https:\/\/profertil.eu\/","name":"PROFERTIL","description":"No. 1 proven efficacy in male fertility","publisher":{"@id":"https:\/\/profertil.eu\/#organization"},"potentialAction":[{"@type":"SearchAction","target":{"@type":"EntryPoint","urlTemplate":"https:\/\/profertil.eu\/?s={search_term_string}"},"query-input":{"@type":"PropertyValueSpecification","valueRequired":true,"valueName":"search_term_string"}}],"inLanguage":"de-AT"},{"@type":"Organization","@id":"https:\/\/profertil.eu\/#organization","name":"PROFERTIL","url":"https:\/\/profertil.eu\/","logo":{"@type":"ImageObject","inLanguage":"de-AT","@id":"https:\/\/profertil.eu\/#\/schema\/logo\/image\/","url":"https:\/\/profertil.eu\/wp-content\/uploads\/2025\/10\/PROFERTIL-logo-2025.svg","contentUrl":"https:\/\/profertil.eu\/wp-content\/uploads\/2025\/10\/PROFERTIL-logo-2025.svg","width":712,"height":112,"caption":"PROFERTIL"},"image":{"@id":"https:\/\/profertil.eu\/#\/schema\/logo\/image\/"}}]}},"_links":{"self":[{"href":"https:\/\/profertil.eu\/at\/wp-json\/wp\/v2\/pages\/870","targetHints":{"allow":["GET"]}}],"collection":[{"href":"https:\/\/profertil.eu\/at\/wp-json\/wp\/v2\/pages"}],"about":[{"href":"https:\/\/profertil.eu\/at\/wp-json\/wp\/v2\/types\/page"}],"author":[{"embeddable":true,"href":"https:\/\/profertil.eu\/at\/wp-json\/wp\/v2\/users\/1"}],"replies":[{"embeddable":true,"href":"https:\/\/profertil.eu\/at\/wp-json\/wp\/v2\/comments?post=870"}],"version-history":[{"count":71,"href":"https:\/\/profertil.eu\/at\/wp-json\/wp\/v2\/pages\/870\/revisions"}],"predecessor-version":[{"id":23450,"href":"https:\/\/profertil.eu\/at\/wp-json\/wp\/v2\/pages\/870\/revisions\/23450"}],"up":[{"embeddable":true,"href":"https:\/\/profertil.eu\/at\/wp-json\/wp\/v2\/pages\/684"}],"wp:attachment":[{"href":"https:\/\/profertil.eu\/at\/wp-json\/wp\/v2\/media?parent=870"}],"wp:term":[{"taxonomy":"category","embeddable":true,"href":"https:\/\/profertil.eu\/at\/wp-json\/wp\/v2\/categories?post=870"},{"taxonomy":"post_tag","embeddable":true,"href":"https:\/\/profertil.eu\/at\/wp-json\/wp\/v2\/tags?post=870"}],"curies":[{"name":"wp","href":"https:\/\/api.w.org\/{rel}","templated":true}]}}