 {"id":831,"date":"2019-06-02T13:34:08","date_gmt":"2019-06-02T13:34:08","guid":{"rendered":"https:\/\/profertil.eu\/?page_id=831"},"modified":"2021-02-01T14:38:09","modified_gmt":"2021-02-01T13:38:09","slug":"stufenplan-zum-wunschkind","status":"publish","type":"page","link":"https:\/\/profertil.eu\/at\/unfruchtbarkeit\/stufenplan-zum-wunschkind\/","title":{"rendered":"Stufenplan zum Wunschkind"},"content":{"rendered":"\n<div class=\"wp-block-cover alignfull\" style=\"background-image:url(https:\/\/profertil.eu\/wp-content\/uploads\/2019\/06\/stufenplan-zum-wunschkind.jpg);background-position:67% 35%\"><div class=\"wp-block-cover__inner-container is-layout-flow wp-block-cover-is-layout-flow\">\n<h1 class=\"wp-block-heading\"><span class=\"has-red-color\">SCHRITT F\u00dcR SCHRITT<\/span><br>ZUM WUNSCHKIND<\/h1>\n<\/div><\/div>\n\n\n\n<div class=\"wp-block-group alignfull window-height minus-header center has-red-gradient-background-color has-background\"><div class=\"wp-block-group__inner-container is-layout-flow wp-block-group-is-layout-flow\">\n<div style=\"height:50px\" aria-hidden=\"true\" class=\"wp-block-spacer\"><\/div>\n\n\n\n<div class=\"wp-block-columns has-3-columns is-layout-flex wp-container-core-columns-is-layout-1 wp-block-columns-is-layout-flex\">\n<div class=\"wp-block-column rounded-border is-layout-flow wp-block-column-is-layout-flow\">\n<p class=\"has-text-align-center condensed has-text-color has-large-font-size\" style=\"color:#b999a1\">Schritt 1<\/p>\n\n\n\n<p class=\"has-text-align-center\">Vorgeschichte (Anamnese), gyn\u00e4kologische Untersuchung, Ultraschall, Zyklusprotokoll, Messung der Temperatur gleich nach dem Erwachen (Basaltemperatur), Geschlechtsverkehr zum optimalen Zeitpunkt, ev. Hormonanalyse.<\/p>\n<\/div>\n\n\n\n<div class=\"wp-block-column rounded-border is-layout-flow wp-block-column-is-layout-flow\">\n<p class=\"has-text-align-center condensed has-text-color has-large-font-size\" style=\"color:#b999a1\">Schritt 2<\/p>\n\n\n\n<p class=\"has-text-align-center\">Erstellung des Spermiogramms (Menge, Anzahl, Beweglichkeit und Form der Spermien) beim Urologen, Zyklus\u00fcberwachung mittels Ultraschalles (Geb\u00e4rmutterschleimhaut), Hormonanalysen, Geschlechtsverkehr zum optimalen Zeitpunkt.<\/p>\n\n\n\n<p class=\"has-text-align-center\"><strong>Ist das Spermiogramm auff\u00e4llig, sollte der Mann nach \u00e4rztlicher R\u00fccksprache bereits hier beginnen, PROFERTIL\u00ae einzunehmen.<\/strong> Damit gelingt es in vielen F\u00e4llen, die dritte Phase, d.h. k\u00fcnstliche Befruchtung, zu vermeiden.<\/p>\n<\/div>\n\n\n\n<div class=\"wp-block-column rounded-border is-layout-flow wp-block-column-is-layout-flow\">\n<p class=\"has-text-align-center condensed has-text-color has-large-font-size\" style=\"color:#b999a1\">Schritt 3<\/p>\n\n\n\n<p class=\"has-text-align-center\">Bei auff\u00e4lligem Spermabefund in Phase zwei oder verschlossenen Eileitern der Frau, wird man dem Paar eine k\u00fcnstliche Befruchtung (IVF) empfehlen.<\/p>\n\n\n\n<p class=\"has-text-align-center\"><strong>PROFERTIL\u00ae erg\u00e4nzend zur IVF-Behandlung steigert die Erfolgschancen.<\/strong><\/p>\n\n\n\n<p class=\"has-text-align-center\">Vor allem gelingt auch hier eine sogenannte Stufenreduktion, d.h. man kann eine ICSI-Behandlung im besten Fall vermeiden.<br> Bei sehr schlechter Spermaqualit\u00e4t (weniger als f\u00fcnf bis zehn Millionen pro Milliliter) oder einer schlechten Spermamorphologie (Aussehen, Form der Spermien) wird eine ICSI-Therapie empfohlen.<\/p>\n<\/div>\n<\/div>\n\n\n\n<div style=\"height:50px\" aria-hidden=\"true\" class=\"wp-block-spacer\"><\/div>\n\n\n\n\n\n<div id=\"anchorlink-block_5cf3e5465a5a0\" class=\"anchorlink light \">\n            <a href=\"#section2\" data-smooth-scroll data-animation-duration=\"750\" data-animation-easing=\"swing\" data-offset=\"-23\"><i class=\"material-icons pro-pulse\">expand_more<\/i><\/a>\n    <\/div><\/div><\/div>\n\n\n\n<div class=\"wp-block-group alignfull window-height center has-blue-gradient-background-color has-background\" id=\"section2\"><div class=\"wp-block-group__inner-container is-layout-flow wp-block-group-is-layout-flow\">\n<div style=\"height:50px\" aria-hidden=\"true\" class=\"wp-block-spacer\"><\/div>\n\n\n\n<h2 class=\"has-text-align-center has-white-color has-text-color wp-block-heading\">BEHANDLUNGSMETHODEN<\/h2>\n\n\n\n<div style=\"height:50px\" aria-hidden=\"true\" class=\"wp-block-spacer\"><\/div>\n\n\n\n<figure class=\"wp-block-table is-style-profertil stack\"><table><tbody><tr><td><strong>Hormontherapie<\/strong><\/td><td>Ist die Unfruchtbarkeit durch Hormonst\u00f6rungen bei der Frau bedingt, beginnt man in der Regel zun\u00e4chst mit einer Hormonbehandlung. Verschiedene Medikamente k\u00f6nnen einen unregelm\u00e4\u00dfigen Zyklus regulieren und den Eisprung ausl\u00f6sen. Kann der Mann kein Kind zeugen, empfiehlt der Arzt in einigen F\u00e4llen ebenfalls zun\u00e4chst Medikamente. Mit diesen kann man Hormonst\u00f6rungen (z.B. Testosteronmangel) behandeln.<\/td><\/tr><tr><td><strong>Insemination (Samen\u00fcbertragung)<\/strong><\/td><td>Bei der Insemination spritzt der Arzt gereinigte und konzentrierte Samenfl\u00fcssigkeit in die Geb\u00e4rmutter, die Scheide, den Geb\u00e4rmutterhals oder die Eileiter. Die Samen\u00fcbertragung kommt infrage, wenn die Qualit\u00e4t der Spermien leicht beeintr\u00e4chtig ist, oder wenn der Geb\u00e4rmutterhals durch eine Infektion oder Entz\u00fcndung so vernarbt ist, dass die Spermien kaum in die Geb\u00e4rmutter gelangen k\u00f6nnen. Manchmal ist es notwendig, dass die Eierst\u00f6cke vor der Samen\u00fcbertragung mit Hormonen stimuliert werden.<\/td><\/tr><tr><td><strong>In-vitro-Fertilisation (IVF)<\/strong><\/td><td>Die Eizelle wird bei dieser Technik au\u00dferhalb des K\u00f6rpers befruchtet. Eine IVF kommt in Frage, wenn zum Beispiel die Eizellen nicht in die Geb\u00e4rmutter gelangen, weil diese durch eine Entz\u00fcndung verklebt ist. Auch wenn die Frau Wucherungen in der Geb\u00e4rmutter (Myome) hat oder Antik\u00f6rper gegen Samen bildet, kann eine IVF zum Wunschkind verhelfen, ebenso wenn die Qualit\u00e4t der m\u00e4nnlichen Samen nicht ausreichend ist oder der Arzt keine Ursache f\u00fcr die Unfruchtbarkeit gefunden hat.<\/td><\/tr><tr><td><strong>Intrazytoplasmatische Spermieninjektion (ICSI)<\/strong><\/td><td>Bei der intrazytoplasmatischen Spermieninjektion (ICSI) bringt der Arzt das Spermium direkt in die Eizelle. Die ICSI kommt infrage, wenn die Samenzellen die Eizellen weder im K\u00f6rper der Frau noch im Reagenzglas befruchten k\u00f6nnen und die Frau trotz IVF-Behandlung nicht schwanger wird.<\/td><\/tr><tr><td><strong>Operative Spermiengewinnung<\/strong><\/td><td>Die Spermiengewinnung aus dem Nebenhoden (mikrochirurgische, epididymale Spermienaspiration, MESA) kann helfen, wenn die Samenleiter verschlossen sind und in einer Operation nicht wiederer\u00f6ffnet werden k\u00f6nnen oder wenn sich die Spermien in der Samenprobe nicht bewegen. Sie kommt auch infrage, wenn der Mann nicht ejakulieren kann, z.B. weil er querschnittsgel\u00e4hmt ist oder wegen eines Tumors operiert wurde. Kann eine MESA nicht durchgef\u00fchrt werden, empfehlen manche \u00c4rzte eine TESE (testikul\u00e4re Spermienextraktion). Hierbei entnimmt der Arzt Spermien aus dem Hoden. MESA und TESE werden immer mit einer ICSI kombiniert.<\/td><\/tr><tr><td><strong>Operationen<\/strong><\/td><td>Eine Operation kann zum Wunschkind verhelfen, wenn die Eileiter verschlossen sind oder Verwachsungen im Bauch eine Schwangerschaft verhindern. Auch verschlossene Samenwege, beispielsweise nach einer Leistenbruchoperation, k\u00f6nnen Chirurgen manchmal wieder durchg\u00e4ngig machen. \u2003<\/td><\/tr><\/tbody><\/table><\/figure>\n\n\n\n<div style=\"height:50px\" aria-hidden=\"true\" class=\"wp-block-spacer\"><\/div>\n\n\n\n\n\n<div id=\"anchorlink-block_5cf3e6095a5a1\" class=\"anchorlink light \">\n            <a href=\"#buynow\" data-smooth-scroll data-animation-duration=\"750\" data-animation-easing=\"swing\" data-offset=\"-23\"><i class=\"material-icons pro-pulse\">expand_more<\/i><\/a>\n    <\/div><\/div><\/div>\n\n\n\n<div class=\"wp-block-group window-height minus-footer center\" id=\"buynow\"><div class=\"wp-block-group__inner-container is-layout-flow wp-block-group-is-layout-flow\">\n<div class=\"wp-block-image buynow apotheke\"><figure class=\"aligncenter is-resized\"><a class=\"apotheke-alt\" href=\"#\"><img loading=\"lazy\" decoding=\"async\" src=\"\/wp-content\/uploads\/2019\/05\/KAUFEN-Button.svg\" alt=\"\" class=\"wp-image-295\" width=\"500\" height=\"138\"><\/a><figcaption>PROFERTIL\u00ae ist in \u00f6sterreichischen Apotheken erh\u00e4ltlich.<\/figcaption><\/figure><\/div>\n\n\n\n<p><\/p>\n<\/div><\/div>\n","protected":false},"excerpt":{"rendered":"<p>Schritt 1 Vorgeschichte (Anamnese), gyn\u00e4kologische Untersuchung, Ultraschall, Zyklusprotokoll, Messung der Temperatur gleich nach dem Erwachen (Basaltemperatur), Geschlechtsverkehr zum optimalen Zeitpunkt, ev. Hormonanalyse. Schritt 2 Erstellung des Spermiogramms (Menge, Anzahl, Beweglichkeit und Form der Spermien) beim Urologen, Zyklus\u00fcberwachung mittels Ultraschalles (Geb\u00e4rmutterschleimhaut), Hormonanalysen, Geschlechtsverkehr zum optimalen Zeitpunkt. Ist das Spermiogramm auff\u00e4llig, sollte der Mann nach \u00e4rztlicher R\u00fccksprache<a class=\"excerpt-read-more\" href=\"https:\/\/profertil.eu\/at\/unfruchtbarkeit\/stufenplan-zum-wunschkind\/\" title=\"ReadStufenplan zum Wunschkind\">&#8230; Read more &raquo;<\/a><\/p>\n","protected":false},"author":1,"featured_media":0,"parent":678,"menu_order":4,"comment_status":"closed","ping_status":"closed","template":"template-full-width-no-title.php","meta":{"_acf_changed":false,"pgc_sgb_lightbox_settings":"","footnotes":""},"categories":[],"tags":[],"class_list":["post-831","page","type-page","status-publish","hentry"],"acf":[],"yoast_head":"<!-- This site is optimized with the Yoast SEO plugin v26.1 - https:\/\/yoast.com\/wordpress\/plugins\/seo\/ -->\n<title>PROFERTIL\u00ae - Die Nr. 1 bei m\u00e4nnlicher Unfruchtbarkeit<\/title>\n<meta name=\"description\" content=\"Schritt f\u00fcr Schritt zum Wunschkind mit PROFERTIL\u00ae. Die studiengepr\u00fcfte Zusammensetzung unterst\u00fctzt zuverl\u00e4ssig bei m\u00e4nnlicher Unfruchtbarkeit.\" \/>\n<meta name=\"robots\" content=\"index, follow, max-snippet:-1, max-image-preview:large, max-video-preview:-1\" \/>\n<link rel=\"canonical\" href=\"https:\/\/profertil.eu\/at\/unfruchtbarkeit\/stufenplan-zum-wunschkind\/\" \/>\n<meta property=\"og:locale\" content=\"de_DE\" \/>\n<meta property=\"og:type\" content=\"article\" \/>\n<meta property=\"og:title\" content=\"PROFERTIL\u00ae - Die Nr. 1 bei m\u00e4nnlicher Unfruchtbarkeit\" \/>\n<meta property=\"og:description\" content=\"Schritt f\u00fcr Schritt zum Wunschkind mit PROFERTIL\u00ae. Die studiengepr\u00fcfte Zusammensetzung unterst\u00fctzt zuverl\u00e4ssig bei m\u00e4nnlicher Unfruchtbarkeit.\" \/>\n<meta property=\"og:url\" content=\"https:\/\/profertil.eu\/at\/unfruchtbarkeit\/stufenplan-zum-wunschkind\/\" \/>\n<meta property=\"og:site_name\" content=\"PROFERTIL\" \/>\n<meta property=\"article:modified_time\" content=\"2021-02-01T13:38:09+00:00\" \/>\n<meta name=\"twitter:card\" content=\"summary_large_image\" \/>\n<meta name=\"twitter:label1\" content=\"Gesch\u00e4tzte Lesezeit\" \/>\n\t<meta name=\"twitter:data1\" content=\"3 Minuten\" \/>\n<script type=\"application\/ld+json\" class=\"yoast-schema-graph\">{\"@context\":\"https:\/\/schema.org\",\"@graph\":[{\"@type\":\"WebPage\",\"@id\":\"https:\/\/profertil.eu\/at\/unfruchtbarkeit\/stufenplan-zum-wunschkind\/\",\"url\":\"https:\/\/profertil.eu\/at\/unfruchtbarkeit\/stufenplan-zum-wunschkind\/\",\"name\":\"PROFERTIL\u00ae - Die Nr. 1 bei m\u00e4nnlicher Unfruchtbarkeit\",\"isPartOf\":{\"@id\":\"https:\/\/profertil.eu\/#website\"},\"datePublished\":\"2019-06-02T13:34:08+00:00\",\"dateModified\":\"2021-02-01T13:38:09+00:00\",\"description\":\"Schritt f\u00fcr Schritt zum Wunschkind mit PROFERTIL\u00ae. Die studiengepr\u00fcfte Zusammensetzung unterst\u00fctzt zuverl\u00e4ssig bei m\u00e4nnlicher Unfruchtbarkeit.\",\"breadcrumb\":{\"@id\":\"https:\/\/profertil.eu\/at\/unfruchtbarkeit\/stufenplan-zum-wunschkind\/#breadcrumb\"},\"inLanguage\":\"de-AT\",\"potentialAction\":[{\"@type\":\"ReadAction\",\"target\":[\"https:\/\/profertil.eu\/at\/unfruchtbarkeit\/stufenplan-zum-wunschkind\/\"]}]},{\"@type\":\"BreadcrumbList\",\"@id\":\"https:\/\/profertil.eu\/at\/unfruchtbarkeit\/stufenplan-zum-wunschkind\/#breadcrumb\",\"itemListElement\":[{\"@type\":\"ListItem\",\"position\":1,\"name\":\"Home\",\"item\":\"https:\/\/profertil.eu\/at\/\"},{\"@type\":\"ListItem\",\"position\":2,\"name\":\"Unfruchtbarkeit\",\"item\":\"https:\/\/profertil.eu\/at\/unfruchtbarkeit\/\"},{\"@type\":\"ListItem\",\"position\":3,\"name\":\"Stufenplan zum Wunschkind\"}]},{\"@type\":\"WebSite\",\"@id\":\"https:\/\/profertil.eu\/#website\",\"url\":\"https:\/\/profertil.eu\/\",\"name\":\"PROFERTIL\",\"description\":\"No. 1 proven efficacy in male fertility\",\"publisher\":{\"@id\":\"https:\/\/profertil.eu\/#organization\"},\"potentialAction\":[{\"@type\":\"SearchAction\",\"target\":{\"@type\":\"EntryPoint\",\"urlTemplate\":\"https:\/\/profertil.eu\/?s={search_term_string}\"},\"query-input\":{\"@type\":\"PropertyValueSpecification\",\"valueRequired\":true,\"valueName\":\"search_term_string\"}}],\"inLanguage\":\"de-AT\"},{\"@type\":\"Organization\",\"@id\":\"https:\/\/profertil.eu\/#organization\",\"name\":\"PROFERTIL\",\"url\":\"https:\/\/profertil.eu\/\",\"logo\":{\"@type\":\"ImageObject\",\"inLanguage\":\"de-AT\",\"@id\":\"https:\/\/profertil.eu\/#\/schema\/logo\/image\/\",\"url\":\"https:\/\/profertil.eu\/wp-content\/uploads\/2025\/10\/PROFERTIL-logo-2025.svg\",\"contentUrl\":\"https:\/\/profertil.eu\/wp-content\/uploads\/2025\/10\/PROFERTIL-logo-2025.svg\",\"width\":712,\"height\":112,\"caption\":\"PROFERTIL\"},\"image\":{\"@id\":\"https:\/\/profertil.eu\/#\/schema\/logo\/image\/\"}}]}<\/script>\n<!-- \/ Yoast SEO plugin. -->","yoast_head_json":{"title":"PROFERTIL\u00ae - Die Nr. 1 bei m\u00e4nnlicher Unfruchtbarkeit","description":"Schritt f\u00fcr Schritt zum Wunschkind mit PROFERTIL\u00ae. Die studiengepr\u00fcfte Zusammensetzung unterst\u00fctzt zuverl\u00e4ssig bei m\u00e4nnlicher Unfruchtbarkeit.","robots":{"index":"index","follow":"follow","max-snippet":"max-snippet:-1","max-image-preview":"max-image-preview:large","max-video-preview":"max-video-preview:-1"},"canonical":"https:\/\/profertil.eu\/at\/unfruchtbarkeit\/stufenplan-zum-wunschkind\/","og_locale":"de_DE","og_type":"article","og_title":"PROFERTIL\u00ae - Die Nr. 1 bei m\u00e4nnlicher Unfruchtbarkeit","og_description":"Schritt f\u00fcr Schritt zum Wunschkind mit PROFERTIL\u00ae. Die studiengepr\u00fcfte Zusammensetzung unterst\u00fctzt zuverl\u00e4ssig bei m\u00e4nnlicher Unfruchtbarkeit.","og_url":"https:\/\/profertil.eu\/at\/unfruchtbarkeit\/stufenplan-zum-wunschkind\/","og_site_name":"PROFERTIL","article_modified_time":"2021-02-01T13:38:09+00:00","twitter_card":"summary_large_image","twitter_misc":{"Gesch\u00e4tzte Lesezeit":"3 Minuten"},"schema":{"@context":"https:\/\/schema.org","@graph":[{"@type":"WebPage","@id":"https:\/\/profertil.eu\/at\/unfruchtbarkeit\/stufenplan-zum-wunschkind\/","url":"https:\/\/profertil.eu\/at\/unfruchtbarkeit\/stufenplan-zum-wunschkind\/","name":"PROFERTIL\u00ae - Die Nr. 1 bei m\u00e4nnlicher Unfruchtbarkeit","isPartOf":{"@id":"https:\/\/profertil.eu\/#website"},"datePublished":"2019-06-02T13:34:08+00:00","dateModified":"2021-02-01T13:38:09+00:00","description":"Schritt f\u00fcr Schritt zum Wunschkind mit PROFERTIL\u00ae. Die studiengepr\u00fcfte Zusammensetzung unterst\u00fctzt zuverl\u00e4ssig bei m\u00e4nnlicher Unfruchtbarkeit.","breadcrumb":{"@id":"https:\/\/profertil.eu\/at\/unfruchtbarkeit\/stufenplan-zum-wunschkind\/#breadcrumb"},"inLanguage":"de-AT","potentialAction":[{"@type":"ReadAction","target":["https:\/\/profertil.eu\/at\/unfruchtbarkeit\/stufenplan-zum-wunschkind\/"]}]},{"@type":"BreadcrumbList","@id":"https:\/\/profertil.eu\/at\/unfruchtbarkeit\/stufenplan-zum-wunschkind\/#breadcrumb","itemListElement":[{"@type":"ListItem","position":1,"name":"Home","item":"https:\/\/profertil.eu\/at\/"},{"@type":"ListItem","position":2,"name":"Unfruchtbarkeit","item":"https:\/\/profertil.eu\/at\/unfruchtbarkeit\/"},{"@type":"ListItem","position":3,"name":"Stufenplan zum Wunschkind"}]},{"@type":"WebSite","@id":"https:\/\/profertil.eu\/#website","url":"https:\/\/profertil.eu\/","name":"PROFERTIL","description":"No. 1 proven efficacy in male fertility","publisher":{"@id":"https:\/\/profertil.eu\/#organization"},"potentialAction":[{"@type":"SearchAction","target":{"@type":"EntryPoint","urlTemplate":"https:\/\/profertil.eu\/?s={search_term_string}"},"query-input":{"@type":"PropertyValueSpecification","valueRequired":true,"valueName":"search_term_string"}}],"inLanguage":"de-AT"},{"@type":"Organization","@id":"https:\/\/profertil.eu\/#organization","name":"PROFERTIL","url":"https:\/\/profertil.eu\/","logo":{"@type":"ImageObject","inLanguage":"de-AT","@id":"https:\/\/profertil.eu\/#\/schema\/logo\/image\/","url":"https:\/\/profertil.eu\/wp-content\/uploads\/2025\/10\/PROFERTIL-logo-2025.svg","contentUrl":"https:\/\/profertil.eu\/wp-content\/uploads\/2025\/10\/PROFERTIL-logo-2025.svg","width":712,"height":112,"caption":"PROFERTIL"},"image":{"@id":"https:\/\/profertil.eu\/#\/schema\/logo\/image\/"}}]}},"_links":{"self":[{"href":"https:\/\/profertil.eu\/at\/wp-json\/wp\/v2\/pages\/831","targetHints":{"allow":["GET"]}}],"collection":[{"href":"https:\/\/profertil.eu\/at\/wp-json\/wp\/v2\/pages"}],"about":[{"href":"https:\/\/profertil.eu\/at\/wp-json\/wp\/v2\/types\/page"}],"author":[{"embeddable":true,"href":"https:\/\/profertil.eu\/at\/wp-json\/wp\/v2\/users\/1"}],"replies":[{"embeddable":true,"href":"https:\/\/profertil.eu\/at\/wp-json\/wp\/v2\/comments?post=831"}],"version-history":[{"count":41,"href":"https:\/\/profertil.eu\/at\/wp-json\/wp\/v2\/pages\/831\/revisions"}],"predecessor-version":[{"id":6059,"href":"https:\/\/profertil.eu\/at\/wp-json\/wp\/v2\/pages\/831\/revisions\/6059"}],"up":[{"embeddable":true,"href":"https:\/\/profertil.eu\/at\/wp-json\/wp\/v2\/pages\/678"}],"wp:attachment":[{"href":"https:\/\/profertil.eu\/at\/wp-json\/wp\/v2\/media?parent=831"}],"wp:term":[{"taxonomy":"category","embeddable":true,"href":"https:\/\/profertil.eu\/at\/wp-json\/wp\/v2\/categories?post=831"},{"taxonomy":"post_tag","embeddable":true,"href":"https:\/\/profertil.eu\/at\/wp-json\/wp\/v2\/tags?post=831"}],"curies":[{"name":"wp","href":"https:\/\/api.w.org\/{rel}","templated":true}]}}