 {"id":782,"date":"2019-05-31T15:13:58","date_gmt":"2019-05-31T15:13:58","guid":{"rendered":"https:\/\/profertil.eu\/?page_id=782"},"modified":"2023-10-09T10:18:50","modified_gmt":"2023-10-09T08:18:50","slug":"diagnose","status":"publish","type":"page","link":"https:\/\/profertil.eu\/at\/unfruchtbarkeit\/diagnose\/","title":{"rendered":"Diagnose"},"content":{"rendered":"\n<div class=\"wp-block-cover alignfull\"><img data-recalc-dims=\"1\" loading=\"lazy\" decoding=\"async\" width=\"1024\" height=\"250\" class=\"wp-block-cover__image-background wp-image-784\" alt=\"\" src=\"https:\/\/i0.wp.com\/profertil.eu\/wp-content\/uploads\/2019\/05\/diagnose.jpg?resize=1024%2C250&#038;ssl=1\" style=\"object-position:11% 14%\" data-object-fit=\"cover\" data-object-position=\"11% 14%\" srcset=\"https:\/\/i0.wp.com\/profertil.eu\/wp-content\/uploads\/2019\/05\/diagnose.jpg?w=2048&amp;ssl=1 2048w, https:\/\/i0.wp.com\/profertil.eu\/wp-content\/uploads\/2019\/05\/diagnose.jpg?resize=300%2C73&amp;ssl=1 300w, https:\/\/i0.wp.com\/profertil.eu\/wp-content\/uploads\/2019\/05\/diagnose.jpg?resize=768%2C188&amp;ssl=1 768w, https:\/\/i0.wp.com\/profertil.eu\/wp-content\/uploads\/2019\/05\/diagnose.jpg?resize=1024%2C250&amp;ssl=1 1024w\" sizes=\"auto, (max-width: 1024px) 100vw, 1024px\" \/><div class=\"wp-block-cover__inner-container is-layout-flow wp-block-cover-is-layout-flow\">\n<h1 class=\"has-text-align-right wp-block-heading\"><span class=\"has-white-color\">FRUCHT<\/span><span class=\"has-red-color\">BAR!<\/span><\/h1>\n\n\n\n<p><\/p>\n<\/div><\/div>\n\n\n\n<div class=\"wp-block-group alignfull window-height minus-header center has-white-background-color has-background\"><div class=\"wp-block-group__inner-container is-layout-flow wp-block-group-is-layout-flow\">\n<div style=\"height:50px\" aria-hidden=\"true\" class=\"wp-block-spacer\"><\/div>\n\n\n\n<h2 class=\"has-text-align-center has-light-grey-color has-text-color wp-block-heading\"><strong>DER ERSTE SCHRITT ZUM BABYGL\u00dcCK<\/strong><\/h2>\n\n\n\n<div style=\"height:50px\" aria-hidden=\"true\" class=\"wp-block-spacer\"><\/div>\n\n\n\n<p class=\"has-text-align-center medium-width\">Klappt es nach einem Jahr ungesch\u00fctzten Geschlechtsverkehrs nicht mit dem Kinderwunsch, so ist eine medizinische Abkl\u00e4rung notwendig. Die WHO definiert dabei unerf\u00fcllten Kinderwunsch als \u201eAusbleibende Konzeption bei zw\u00f6lfmonatigem, regelm\u00e4\u00dfigem, ungesch\u00fctztem Verkehr\u201c. Eine exakte Diagnose ist dabei von entscheidender Bedeutung. Nur so kann die richtige Behandlungsmethode gefunden werden. <\/p>\n\n\n\n<p class=\"has-text-align-center medium-width\">Die Zeugungsf\u00e4higkeit eines Mannes h\u00e4ngt unter anderem davon ab, eine gen\u00fcgend gro\u00dfe Zahl von reifen und funktionierenden Samenzellen, zum Zeitpunkt des Eisprunges im weiblichen Genitaltrakt deponieren zu k\u00f6nnen. Jedes Kinderwunschpaar sollte sich dar\u00fcber bewusst sein, dass die m\u00e4nnlichen und weiblichen Reproduktionsfunktionen zusammenspielen m\u00fcssen. Aus diesem Grund ist die diagnostische Abkl\u00e4rung des Mannes ebenso wichtig, wie die der Frau.<\/p>\n\n\n\n<div class=\"wp-block-image\"><figure class=\"aligncenter is-resized\"><img data-recalc-dims=\"1\" loading=\"lazy\" decoding=\"async\" src=\"https:\/\/i0.wp.com\/profertil.eu\/wp-content\/uploads\/2019\/05\/schnuller.jpg?resize=357%2C250&#038;ssl=1\" alt=\"Eine Diagnose ist der erste Schritt auf dem Weg zum Babygl\u00fcck.\" class=\"wp-image-804\" width=\"357\" height=\"250\" srcset=\"https:\/\/i0.wp.com\/profertil.eu\/wp-content\/uploads\/2019\/05\/schnuller.jpg?w=713&amp;ssl=1 713w, https:\/\/i0.wp.com\/profertil.eu\/wp-content\/uploads\/2019\/05\/schnuller.jpg?resize=300%2C210&amp;ssl=1 300w\" sizes=\"auto, (max-width: 357px) 100vw, 357px\" \/><\/figure><\/div>\n\n\n\n<div style=\"height:50px\" aria-hidden=\"true\" class=\"wp-block-spacer\"><\/div>\n\n\n\n\n\n<div id=\"anchorlink-block_5cf1469556d6c\" class=\"anchorlink dark \">\n            <a href=\"#section2\" data-smooth-scroll data-animation-duration=\"750\" data-animation-easing=\"swing\" data-offset=\"-23\"><i class=\"material-icons pro-pulse\">expand_more<\/i><\/a>\n    <\/div>\n\n\n<div style=\"height:50px\" aria-hidden=\"true\" class=\"wp-block-spacer\"><\/div>\n<\/div><\/div>\n\n\n\n<div class=\"wp-block-group alignfull window-height center has-blue-gradient-background-color has-background\" id=\"section2\"><div class=\"wp-block-group__inner-container is-layout-flow wp-block-group-is-layout-flow\">\n<div style=\"height:50px\" aria-hidden=\"true\" class=\"wp-block-spacer\"><\/div>\n\n\n\n<h2 class=\"has-text-align-center has-white-color has-text-color wp-block-heading\">DER ANDROLOGE <em>(m)<\/em><\/h2>\n\n\n\n<h4 class=\"has-text-align-center wp-block-heading\"><em>Experte f\u00fcr m\u00e4nnliche Infertilit\u00e4t<\/em><\/h4>\n\n\n\n<div style=\"height:50px\" aria-hidden=\"true\" class=\"wp-block-spacer\"><\/div>\n\n\n\n<div class=\"wp-block-columns has-2-columns is-layout-flex wp-container-core-columns-is-layout-1 wp-block-columns-is-layout-flex\">\n<div class=\"wp-block-column is-layout-flow wp-block-column-is-layout-flow\">\n<p>Die Andrologie besch\u00e4ftigt sich mit der \u201ereproduktiven Gesundheit des Mannes\u201c und ist ein Spezialgebiet der Urologie. Somit ist die Andrologie das m\u00e4nnliche Gegenst\u00fcck zur Gyn\u00e4kologie. Die andrologische Untersuchung beinhaltet zun\u00e4chst eine Abkl\u00e4rung, welche die gesundheitliche Vorgeschichte des Patienten betrifft. Dabei stellt der Arzt Fragen zur Kindheit und zur pubert\u00e4ren Entwicklung. Er kl\u00e4rt au\u00dferdem das sexuelle Verhalten in der Beziehung (H\u00e4ufigkeit des Geschlechtsverkehrs etc.) ab. Danach erfolgt eine physikalische Untersuchung des \u00e4u\u00dferen Genitals und eine Ultraschalluntersuchung des Hodens.<\/p>\n<\/div>\n\n\n\n<div class=\"wp-block-column is-layout-flow wp-block-column-is-layout-flow\">\n<p>Es k\u00f6nnen auch wichtigste Laborparameter (z.B. Testosteron, FSH, LH, Prolaktin) bestimmt werden. Im Zentrum der Untersuchung steht die genaue Analyse der Samenfl\u00fcssigkeit. Das sogenannte Spermiogramm nimmt eine wesentliche Rolle bei der Bestimmung einer m\u00f6glichen Unfruchtbarkeit des Mannes ein. Dabei wird die Qualit\u00e4t von Samenzellen und damit die Chance auf eine erfolgreiche Zeugung unter dem Mikroskop untersucht. F\u00fcr den Experten wesentlich sind Anzahl, Beweglichkeit und Form der Spermien.<\/p>\n<\/div>\n<\/div>\n\n\n\n<div style=\"height:50px\" aria-hidden=\"true\" class=\"wp-block-spacer\"><\/div>\n\n\n\n\n\n<div id=\"anchorlink-block_5cf1478256d6d\" class=\"anchorlink light \">\n            <a href=\"#section3\" data-smooth-scroll data-animation-duration=\"750\" data-animation-easing=\"swing\" data-offset=\"-23\"><i class=\"material-icons pro-pulse\">expand_more<\/i><\/a>\n    <\/div><\/div><\/div>\n\n\n\n<div class=\"wp-block-group alignfull window-height center has-red-gradient-background-color has-background\" id=\"section3\"><div class=\"wp-block-group__inner-container is-layout-flow wp-block-group-is-layout-flow\">\n<div style=\"height:50px\" aria-hidden=\"true\" class=\"wp-block-spacer\"><\/div>\n\n\n\n<h2 class=\"has-text-align-center has-white-color has-text-color wp-block-heading\"><strong>DAS SOLLTE IHR ARZT WISSEN:<\/strong><\/h2>\n\n\n\n<div style=\"height:50px\" aria-hidden=\"true\" class=\"wp-block-spacer\"><\/div>\n\n\n\n<p class=\"has-text-align-center\">Bereits aus der Vorgeschichte eines Patienten k\u00f6nnen sich wichtige Hinweise auf m\u00f6gliche St\u00f6rungen ergeben.<\/p>\n\n\n\n<div style=\"height:50px\" aria-hidden=\"true\" class=\"wp-block-spacer\"><\/div>\n\n\n\n<p>Informieren Sie daher Ihren Arzt \u00fcber:<\/p>\n\n\n\n<ul class=\"wp-block-list\"><li> Allgemeinerkrankungen<\/li><li> Mumps nach der Pubert\u00e4t<\/li><li> Hodenverletzungen<\/li><li> Operationen (z.B. Leistenbruch)<\/li><li> Krampfadern<\/li><li> \u00c4rztliche Behandlungen, weil einer, oder beide Hoden bei Geburt nicht im Hodensack waren<\/li><li> Infektionen der Blase<\/li><li> Zuckerkrankheit<\/li><li> Schilddr\u00fcsenerkrankungen<\/li><li> Strahlenbehandlungen<\/li><li> Geschlechtskrankheiten<\/li><li> Nikotin, Alkohol oder Drogen<\/li><li> M\u00f6gliche Umweltgiftbelastungen<\/li><li> Medikamenteneinnahme der Mutter w\u00e4hrend der Schwangerschaft<\/li><li> Erbkrankheiten in der Familie<\/li><\/ul>\n\n\n\n<div style=\"height:50px\" aria-hidden=\"true\" class=\"wp-block-spacer\"><\/div>\n\n\n\n\n\n<div id=\"anchorlink-block_5cf1491277201\" class=\"anchorlink light \">\n            <a href=\"#section4\" data-smooth-scroll data-animation-duration=\"750\" data-animation-easing=\"swing\" data-offset=\"-23\"><i class=\"material-icons pro-pulse\">expand_more<\/i><\/a>\n    <\/div><\/div><\/div>\n\n\n\n<div class=\"wp-block-group alignfull window-height center has-blue-gradient-background-color has-background\" id=\"section4\"><div class=\"wp-block-group__inner-container is-layout-flow wp-block-group-is-layout-flow\">\n<div style=\"height:50px\" aria-hidden=\"true\" class=\"wp-block-spacer\"><\/div>\n\n\n\n<h2 class=\"has-text-align-center has-light-grey-color has-text-color wp-block-heading\"><strong>DAS K\u00d6NNEN SIE TUN<\/strong><\/h2>\n\n\n\n<h2 class=\"has-text-align-center has-white-color has-text-color wp-block-heading\">PROFERTIL\u00ae IST DIE STUDIENGEPR\u00dcFTE L\u00d6SUNG<\/h2>\n\n\n\n<div style=\"height:50px\" aria-hidden=\"true\" class=\"wp-block-spacer\"><\/div>\n\n\n\n<div class=\"wp-block-image\"><figure class=\"aligncenter size-full is-resized\"><img data-recalc-dims=\"1\" loading=\"lazy\" decoding=\"async\" src=\"https:\/\/i0.wp.com\/profertil.eu\/wp-content\/uploads\/2023\/10\/Capsule-spermium_animation_2023_for-black-backgrounds.gif?resize=467%2C50&#038;ssl=1\" alt=\"\" class=\"wp-image-21752\" width=\"467\" height=\"50\"\/><\/figure><\/div>\n\n\n\n<div style=\"height:50px\" aria-hidden=\"true\" class=\"wp-block-spacer\"><\/div>\n\n\n\n<p class=\"has-text-align-center\"><strong>\u00c4nderung des Lebensstils<br><\/strong> z.B. ausgewogene Ern\u00e4hrung, Nikotin- und Alkoholverzicht, sportliche Aktivit\u00e4t und regelm\u00e4\u00dfige Entspannung<\/p>\n\n\n\n<p class=\"has-text-align-center\"><strong>Gewichtsnormalisierung<\/strong><\/p>\n\n\n\n<p class=\"has-text-align-center\"><strong>Psychotherapie<\/strong><\/p>\n\n\n\n<p class=\"has-text-align-center\"><strong>Reproduktionsmedizinische Verfahren<br><\/strong> z.B. Insemination, In-vitro-Fertilisation oder ICSI (intrazytoplasmatische Spermieninjektion)<\/p>\n\n\n\n<div style=\"height:50px\" aria-hidden=\"true\" class=\"wp-block-spacer\"><\/div>\n\n\n\n\n\n<div id=\"anchorlink-block_5cf14abf77202\" class=\"anchorlink light \">\n            <a href=\"#buynow\" data-smooth-scroll data-animation-duration=\"750\" data-animation-easing=\"swing\" data-offset=\"-23\"><i class=\"material-icons pro-pulse\">expand_more<\/i><\/a>\n    <\/div><\/div><\/div>\n\n\n\n<div class=\"wp-block-group window-height minus-footer center\" id=\"buynow\"><div class=\"wp-block-group__inner-container is-layout-flow wp-block-group-is-layout-flow\">\n<div class=\"wp-block-image buynow apotheke\"><figure class=\"aligncenter is-resized\"><a class=\"apotheke-alt\" href=\"#\"><img loading=\"lazy\" decoding=\"async\" src=\"\/wp-content\/uploads\/2019\/05\/KAUFEN-Button.svg\" alt=\"\" class=\"wp-image-295\" width=\"500\" height=\"138\"><\/a><figcaption>PROFERTIL\u00ae ist in \u00f6sterreichischen Apotheken erh\u00e4ltlich.<\/figcaption><\/figure><\/div>\n\n\n\n<p><\/p>\n<\/div><\/div>\n","protected":false},"excerpt":{"rendered":"<p>DER ERSTE SCHRITT ZUM BABYGL\u00dcCK Klappt es nach einem Jahr ungesch\u00fctzten Geschlechtsverkehrs nicht mit dem Kinderwunsch, so ist eine medizinische Abkl\u00e4rung notwendig. Die WHO definiert dabei unerf\u00fcllten Kinderwunsch als \u201eAusbleibende Konzeption bei zw\u00f6lfmonatigem, regelm\u00e4\u00dfigem, ungesch\u00fctztem Verkehr\u201c. Eine exakte Diagnose ist dabei von entscheidender Bedeutung. Nur so kann die richtige Behandlungsmethode gefunden werden. Die Zeugungsf\u00e4higkeit eines<a class=\"excerpt-read-more\" href=\"https:\/\/profertil.eu\/at\/unfruchtbarkeit\/diagnose\/\" title=\"ReadDiagnose\">&#8230; Read more &raquo;<\/a><\/p>\n","protected":false},"author":1,"featured_media":0,"parent":678,"menu_order":3,"comment_status":"closed","ping_status":"closed","template":"template-full-width-no-title.php","meta":{"_acf_changed":false,"pgc_sgb_lightbox_settings":"","footnotes":""},"categories":[],"tags":[],"class_list":["post-782","page","type-page","status-publish","hentry"],"acf":[],"yoast_head":"<!-- This site is optimized with the Yoast SEO plugin v26.1 - https:\/\/yoast.com\/wordpress\/plugins\/seo\/ -->\n<title>PROFERTIL\u00ae bietet Hilfe bei unerf\u00fclltem Kinderwunsch<\/title>\n<meta name=\"description\" content=\"PROFERTIL\u00ae ist weltweit die Nr. 1 zur Verbesserung m\u00e4nnlicher Unfruchtbarkeit. Unterst\u00fctzt studiengepr\u00fcft M\u00e4nner mit Kinderwunsch.\" \/>\n<meta name=\"robots\" content=\"index, follow, max-snippet:-1, max-image-preview:large, max-video-preview:-1\" \/>\n<link rel=\"canonical\" href=\"https:\/\/profertil.eu\/at\/unfruchtbarkeit\/diagnose\/\" \/>\n<meta property=\"og:locale\" content=\"de_DE\" \/>\n<meta property=\"og:type\" content=\"article\" \/>\n<meta property=\"og:title\" content=\"PROFERTIL\u00ae bietet Hilfe bei unerf\u00fclltem Kinderwunsch\" \/>\n<meta property=\"og:description\" content=\"PROFERTIL\u00ae ist weltweit die Nr. 1 zur Verbesserung m\u00e4nnlicher Unfruchtbarkeit. Unterst\u00fctzt studiengepr\u00fcft M\u00e4nner mit Kinderwunsch.\" \/>\n<meta property=\"og:url\" content=\"https:\/\/profertil.eu\/at\/unfruchtbarkeit\/diagnose\/\" \/>\n<meta property=\"og:site_name\" content=\"PROFERTIL\" \/>\n<meta property=\"article:modified_time\" content=\"2023-10-09T08:18:50+00:00\" \/>\n<meta property=\"og:image\" content=\"https:\/\/i0.wp.com\/profertil.eu\/wp-content\/uploads\/2019\/05\/diagnose.jpg?fit=2048%2C500&ssl=1\" \/>\n\t<meta property=\"og:image:width\" content=\"2048\" \/>\n\t<meta property=\"og:image:height\" content=\"500\" \/>\n\t<meta property=\"og:image:type\" content=\"image\/jpeg\" \/>\n<meta name=\"twitter:card\" content=\"summary_large_image\" \/>\n<meta name=\"twitter:label1\" content=\"Gesch\u00e4tzte Lesezeit\" \/>\n\t<meta name=\"twitter:data1\" content=\"2 Minuten\" \/>\n<script type=\"application\/ld+json\" class=\"yoast-schema-graph\">{\"@context\":\"https:\/\/schema.org\",\"@graph\":[{\"@type\":\"WebPage\",\"@id\":\"https:\/\/profertil.eu\/at\/unfruchtbarkeit\/diagnose\/\",\"url\":\"https:\/\/profertil.eu\/at\/unfruchtbarkeit\/diagnose\/\",\"name\":\"PROFERTIL\u00ae bietet Hilfe bei unerf\u00fclltem Kinderwunsch\",\"isPartOf\":{\"@id\":\"https:\/\/profertil.eu\/#website\"},\"primaryImageOfPage\":{\"@id\":\"https:\/\/profertil.eu\/at\/unfruchtbarkeit\/diagnose\/#primaryimage\"},\"image\":{\"@id\":\"https:\/\/profertil.eu\/at\/unfruchtbarkeit\/diagnose\/#primaryimage\"},\"thumbnailUrl\":\"https:\/\/profertil.eu\/wp-content\/uploads\/2019\/05\/diagnose.jpg\",\"datePublished\":\"2019-05-31T15:13:58+00:00\",\"dateModified\":\"2023-10-09T08:18:50+00:00\",\"description\":\"PROFERTIL\u00ae ist weltweit die Nr. 1 zur Verbesserung m\u00e4nnlicher Unfruchtbarkeit. Unterst\u00fctzt studiengepr\u00fcft M\u00e4nner mit Kinderwunsch.\",\"breadcrumb\":{\"@id\":\"https:\/\/profertil.eu\/at\/unfruchtbarkeit\/diagnose\/#breadcrumb\"},\"inLanguage\":\"de-AT\",\"potentialAction\":[{\"@type\":\"ReadAction\",\"target\":[\"https:\/\/profertil.eu\/at\/unfruchtbarkeit\/diagnose\/\"]}]},{\"@type\":\"ImageObject\",\"inLanguage\":\"de-AT\",\"@id\":\"https:\/\/profertil.eu\/at\/unfruchtbarkeit\/diagnose\/#primaryimage\",\"url\":\"https:\/\/profertil.eu\/wp-content\/uploads\/2019\/05\/diagnose.jpg\",\"contentUrl\":\"https:\/\/profertil.eu\/wp-content\/uploads\/2019\/05\/diagnose.jpg\"},{\"@type\":\"BreadcrumbList\",\"@id\":\"https:\/\/profertil.eu\/at\/unfruchtbarkeit\/diagnose\/#breadcrumb\",\"itemListElement\":[{\"@type\":\"ListItem\",\"position\":1,\"name\":\"Home\",\"item\":\"https:\/\/profertil.eu\/at\/\"},{\"@type\":\"ListItem\",\"position\":2,\"name\":\"Unfruchtbarkeit\",\"item\":\"https:\/\/profertil.eu\/at\/unfruchtbarkeit\/\"},{\"@type\":\"ListItem\",\"position\":3,\"name\":\"Diagnose\"}]},{\"@type\":\"WebSite\",\"@id\":\"https:\/\/profertil.eu\/#website\",\"url\":\"https:\/\/profertil.eu\/\",\"name\":\"PROFERTIL\",\"description\":\"No. 1 proven efficacy in male fertility\",\"publisher\":{\"@id\":\"https:\/\/profertil.eu\/#organization\"},\"potentialAction\":[{\"@type\":\"SearchAction\",\"target\":{\"@type\":\"EntryPoint\",\"urlTemplate\":\"https:\/\/profertil.eu\/?s={search_term_string}\"},\"query-input\":{\"@type\":\"PropertyValueSpecification\",\"valueRequired\":true,\"valueName\":\"search_term_string\"}}],\"inLanguage\":\"de-AT\"},{\"@type\":\"Organization\",\"@id\":\"https:\/\/profertil.eu\/#organization\",\"name\":\"PROFERTIL\",\"url\":\"https:\/\/profertil.eu\/\",\"logo\":{\"@type\":\"ImageObject\",\"inLanguage\":\"de-AT\",\"@id\":\"https:\/\/profertil.eu\/#\/schema\/logo\/image\/\",\"url\":\"https:\/\/profertil.eu\/wp-content\/uploads\/2025\/10\/PROFERTIL-logo-2025.svg\",\"contentUrl\":\"https:\/\/profertil.eu\/wp-content\/uploads\/2025\/10\/PROFERTIL-logo-2025.svg\",\"width\":712,\"height\":112,\"caption\":\"PROFERTIL\"},\"image\":{\"@id\":\"https:\/\/profertil.eu\/#\/schema\/logo\/image\/\"}}]}<\/script>\n<!-- \/ Yoast SEO plugin. -->","yoast_head_json":{"title":"PROFERTIL\u00ae bietet Hilfe bei unerf\u00fclltem Kinderwunsch","description":"PROFERTIL\u00ae ist weltweit die Nr. 1 zur Verbesserung m\u00e4nnlicher Unfruchtbarkeit. Unterst\u00fctzt studiengepr\u00fcft M\u00e4nner mit Kinderwunsch.","robots":{"index":"index","follow":"follow","max-snippet":"max-snippet:-1","max-image-preview":"max-image-preview:large","max-video-preview":"max-video-preview:-1"},"canonical":"https:\/\/profertil.eu\/at\/unfruchtbarkeit\/diagnose\/","og_locale":"de_DE","og_type":"article","og_title":"PROFERTIL\u00ae bietet Hilfe bei unerf\u00fclltem Kinderwunsch","og_description":"PROFERTIL\u00ae ist weltweit die Nr. 1 zur Verbesserung m\u00e4nnlicher Unfruchtbarkeit. Unterst\u00fctzt studiengepr\u00fcft M\u00e4nner mit Kinderwunsch.","og_url":"https:\/\/profertil.eu\/at\/unfruchtbarkeit\/diagnose\/","og_site_name":"PROFERTIL","article_modified_time":"2023-10-09T08:18:50+00:00","og_image":[{"width":2048,"height":500,"url":"https:\/\/i0.wp.com\/profertil.eu\/wp-content\/uploads\/2019\/05\/diagnose.jpg?fit=2048%2C500&ssl=1","type":"image\/jpeg"}],"twitter_card":"summary_large_image","twitter_misc":{"Gesch\u00e4tzte Lesezeit":"2 Minuten"},"schema":{"@context":"https:\/\/schema.org","@graph":[{"@type":"WebPage","@id":"https:\/\/profertil.eu\/at\/unfruchtbarkeit\/diagnose\/","url":"https:\/\/profertil.eu\/at\/unfruchtbarkeit\/diagnose\/","name":"PROFERTIL\u00ae bietet Hilfe bei unerf\u00fclltem Kinderwunsch","isPartOf":{"@id":"https:\/\/profertil.eu\/#website"},"primaryImageOfPage":{"@id":"https:\/\/profertil.eu\/at\/unfruchtbarkeit\/diagnose\/#primaryimage"},"image":{"@id":"https:\/\/profertil.eu\/at\/unfruchtbarkeit\/diagnose\/#primaryimage"},"thumbnailUrl":"https:\/\/profertil.eu\/wp-content\/uploads\/2019\/05\/diagnose.jpg","datePublished":"2019-05-31T15:13:58+00:00","dateModified":"2023-10-09T08:18:50+00:00","description":"PROFERTIL\u00ae ist weltweit die Nr. 1 zur Verbesserung m\u00e4nnlicher Unfruchtbarkeit. Unterst\u00fctzt studiengepr\u00fcft M\u00e4nner mit Kinderwunsch.","breadcrumb":{"@id":"https:\/\/profertil.eu\/at\/unfruchtbarkeit\/diagnose\/#breadcrumb"},"inLanguage":"de-AT","potentialAction":[{"@type":"ReadAction","target":["https:\/\/profertil.eu\/at\/unfruchtbarkeit\/diagnose\/"]}]},{"@type":"ImageObject","inLanguage":"de-AT","@id":"https:\/\/profertil.eu\/at\/unfruchtbarkeit\/diagnose\/#primaryimage","url":"https:\/\/profertil.eu\/wp-content\/uploads\/2019\/05\/diagnose.jpg","contentUrl":"https:\/\/profertil.eu\/wp-content\/uploads\/2019\/05\/diagnose.jpg"},{"@type":"BreadcrumbList","@id":"https:\/\/profertil.eu\/at\/unfruchtbarkeit\/diagnose\/#breadcrumb","itemListElement":[{"@type":"ListItem","position":1,"name":"Home","item":"https:\/\/profertil.eu\/at\/"},{"@type":"ListItem","position":2,"name":"Unfruchtbarkeit","item":"https:\/\/profertil.eu\/at\/unfruchtbarkeit\/"},{"@type":"ListItem","position":3,"name":"Diagnose"}]},{"@type":"WebSite","@id":"https:\/\/profertil.eu\/#website","url":"https:\/\/profertil.eu\/","name":"PROFERTIL","description":"No. 1 proven efficacy in male fertility","publisher":{"@id":"https:\/\/profertil.eu\/#organization"},"potentialAction":[{"@type":"SearchAction","target":{"@type":"EntryPoint","urlTemplate":"https:\/\/profertil.eu\/?s={search_term_string}"},"query-input":{"@type":"PropertyValueSpecification","valueRequired":true,"valueName":"search_term_string"}}],"inLanguage":"de-AT"},{"@type":"Organization","@id":"https:\/\/profertil.eu\/#organization","name":"PROFERTIL","url":"https:\/\/profertil.eu\/","logo":{"@type":"ImageObject","inLanguage":"de-AT","@id":"https:\/\/profertil.eu\/#\/schema\/logo\/image\/","url":"https:\/\/profertil.eu\/wp-content\/uploads\/2025\/10\/PROFERTIL-logo-2025.svg","contentUrl":"https:\/\/profertil.eu\/wp-content\/uploads\/2025\/10\/PROFERTIL-logo-2025.svg","width":712,"height":112,"caption":"PROFERTIL"},"image":{"@id":"https:\/\/profertil.eu\/#\/schema\/logo\/image\/"}}]}},"_links":{"self":[{"href":"https:\/\/profertil.eu\/at\/wp-json\/wp\/v2\/pages\/782","targetHints":{"allow":["GET"]}}],"collection":[{"href":"https:\/\/profertil.eu\/at\/wp-json\/wp\/v2\/pages"}],"about":[{"href":"https:\/\/profertil.eu\/at\/wp-json\/wp\/v2\/types\/page"}],"author":[{"embeddable":true,"href":"https:\/\/profertil.eu\/at\/wp-json\/wp\/v2\/users\/1"}],"replies":[{"embeddable":true,"href":"https:\/\/profertil.eu\/at\/wp-json\/wp\/v2\/comments?post=782"}],"version-history":[{"count":51,"href":"https:\/\/profertil.eu\/at\/wp-json\/wp\/v2\/pages\/782\/revisions"}],"predecessor-version":[{"id":21760,"href":"https:\/\/profertil.eu\/at\/wp-json\/wp\/v2\/pages\/782\/revisions\/21760"}],"up":[{"embeddable":true,"href":"https:\/\/profertil.eu\/at\/wp-json\/wp\/v2\/pages\/678"}],"wp:attachment":[{"href":"https:\/\/profertil.eu\/at\/wp-json\/wp\/v2\/media?parent=782"}],"wp:term":[{"taxonomy":"category","embeddable":true,"href":"https:\/\/profertil.eu\/at\/wp-json\/wp\/v2\/categories?post=782"},{"taxonomy":"post_tag","embeddable":true,"href":"https:\/\/profertil.eu\/at\/wp-json\/wp\/v2\/tags?post=782"}],"curies":[{"name":"wp","href":"https:\/\/api.w.org\/{rel}","templated":true}]}}