 {"id":620,"date":"2019-05-30T13:58:21","date_gmt":"2019-05-30T13:58:21","guid":{"rendered":"https:\/\/profertil.eu\/?page_id=620"},"modified":"2025-11-11T14:29:49","modified_gmt":"2025-11-11T13:29:49","slug":"echte-maenner","status":"publish","type":"page","link":"https:\/\/profertil.eu\/at\/unfruchtbarkeit\/echte-maenner\/","title":{"rendered":"Der \u00abMale factor\u00bb"},"content":{"rendered":"\n<div class=\"wp-block-cover alignfull is-light\"><span aria-hidden=\"true\" class=\"wp-block-cover__background has-background-dim-0 has-background-dim\"><\/span><img data-recalc-dims=\"1\" loading=\"lazy\" decoding=\"async\" width=\"1024\" height=\"250\" class=\"wp-block-cover__image-background wp-image-132\" alt=\"\" src=\"https:\/\/i0.wp.com\/profertil.eu\/wp-content\/uploads\/2019\/05\/Kopf.jpg?resize=1024%2C250&#038;ssl=1\" style=\"object-position:91% 0%\" data-object-fit=\"cover\" data-object-position=\"91% 0%\" srcset=\"https:\/\/i0.wp.com\/profertil.eu\/wp-content\/uploads\/2019\/05\/Kopf.jpg?w=2048&amp;ssl=1 2048w, https:\/\/i0.wp.com\/profertil.eu\/wp-content\/uploads\/2019\/05\/Kopf.jpg?resize=300%2C73&amp;ssl=1 300w, https:\/\/i0.wp.com\/profertil.eu\/wp-content\/uploads\/2019\/05\/Kopf.jpg?resize=768%2C188&amp;ssl=1 768w, https:\/\/i0.wp.com\/profertil.eu\/wp-content\/uploads\/2019\/05\/Kopf.jpg?resize=1024%2C250&amp;ssl=1 1024w\" sizes=\"auto, (max-width: 1024px) 100vw, 1024px\" \/><div class=\"wp-block-cover__inner-container is-layout-flow wp-block-cover-is-layout-flow\">\n<h1 class=\"wp-block-heading has-text-align-left\"><span class=\"has-red-color\">ECHTE<\/span> <span class=\"has-white-color\">M\u00c4NNER<\/span><\/h1>\n<\/div><\/div>\n\n\n\n<div class=\"wp-block-group alignfull window-height minus-header center has-blue-gradient-background-color has-background\"><div class=\"wp-block-group__inner-container is-layout-flow wp-block-group-is-layout-flow\">\n<div style=\"height:50px\" aria-hidden=\"true\" class=\"wp-block-spacer\"><\/div>\n\n\n\n<h2 class=\"wp-block-heading has-text-align-center has-light-grey-color has-text-color\">DIE FRAGE NACH DEM \u00abECHTEN MANN\u00bb<\/h2>\n\n\n\n<div style=\"height:50px\" aria-hidden=\"true\" class=\"wp-block-spacer\"><\/div>\n\n\n\n<div class=\"wp-block-columns has-2-columns is-layout-flex wp-container-core-columns-is-layout-1 wp-block-columns-is-layout-flex\">\n<div class=\"wp-block-column is-layout-flow wp-block-column-is-layout-flow\">\n<p class=\"has-white-color has-text-color\"><em>&#8222;Ein Mann muss im Leben ein Haus bauen, einen Baum pflanzen und ein Kind zeugen.&#8220;<\/em> So lautet ein bekanntes Zitat. Die ersten beiden Aufgaben sind noch relativ einfach zu bewerkstelligen. Letzteres, n\u00e4mlich die Zeugung eines Kindes, bleibt allerdings f\u00fcr immer mehr M\u00e4nner ein Wunsch, der sich nur schwer bzw. gar nicht erf\u00fcllen l\u00e4sst.&nbsp;<\/p>\n<\/div>\n\n\n\n<div class=\"wp-block-column is-layout-flow wp-block-column-is-layout-flow\">\n<p class=\"has-white-color has-text-color\">Weltweit werden aus den unterschiedlichsten Gr\u00fcnden immer weniger Kinder geboren. Bereits 10\u201315% aller Paare weltweit sind heute ungewollt kinderlos. Die Ursache des unerf\u00fcllten Kinderwunsches liegen etwa zu gleichen Teilen bei der Frau (&#8222;female factor&#8220;) wie beim Mann (&#8222;male factor&#8220;), also 50:50, bzw. in einer Kombination aus beiden Faktoren.<br><\/p>\n<\/div>\n<\/div>\n\n\n\n<div style=\"height:50px\" aria-hidden=\"true\" class=\"wp-block-spacer\"><\/div>\n\n\n\n\n\n<div id=\"anchorlink-block_143c6dbf3d1c319b636cc8fc695dd83a\" class=\"anchorlink light \">\n            <a href=\"#section2\" data-smooth-scroll data-animation-duration=\"750\" data-animation-easing=\"swing\" data-offset=\"-23\"><i class=\"material-icons pro-pulse\">expand_more<\/i><\/a>\n    <\/div><\/div><\/div>\n\n\n\n<div id=\"section2\" class=\"wp-block-group window-height center\"><div class=\"wp-block-group__inner-container is-layout-flow wp-block-group-is-layout-flow\">\n<div style=\"height:50px\" aria-hidden=\"true\" class=\"wp-block-spacer\"><\/div>\n\n\n\n<h2 class=\"wp-block-heading has-text-align-center\"><span class=\"has-red-color\">DER \u00abMALE FACTOR\u00bb<\/span><br><span class=\"has-light-grey-color\">PROFERTIL\u00ae HILFT<\/span><\/h2>\n\n\n\n<div style=\"height:50px\" aria-hidden=\"true\" class=\"wp-block-spacer\"><\/div>\n\n\n\n<div class=\"wp-block-columns has-2-columns is-layout-flex wp-container-core-columns-is-layout-2 wp-block-columns-is-layout-flex\">\n<div class=\"wp-block-column is-layout-flow wp-block-column-is-layout-flow\">\n<p>In 40\u201390% der F\u00e4lle liegt die Ursache m\u00e4nnlicher Infertilit\u00e4t in einer mangelhaften Spermienproduktion. Studien zufolge kam es in den letzten 50 Jahren zu einer deutlichen Abnahme der Spermienanzahl um 58%. <sup>1,2<\/sup><\/p>\n\n\n\n<p>So zeigt eine Analyse von \u00fcber 100 publizierten Studien einen deutlichen Abfall der Spermiendichte in den letzten 60 Jahren, vor allem in den USA und in Europa\/Australien (1-3%pro Jahr).<sup>3,4<\/sup><\/p>\n<\/div>\n\n\n\n<div class=\"wp-block-column is-layout-flow wp-block-column-is-layout-flow\">\n<p>W\u00e4hrend bei der Frau zahlreiche medizinische Behandlungsoptionen bis hin zur In-vitro-Fertilisation (IVF) zur Verf\u00fcgung stehen, sind die Optionen beim Mann zur Verbesserung des einzigen und entscheidenden Faktors, n\u00e4mlich der Spermienqualit\u00e4t, sehr begrenzt.<\/p>\n<\/div>\n<\/div>\n\n\n\n<div style=\"height:50px\" aria-hidden=\"true\" class=\"wp-block-spacer\"><\/div>\n\n\n\n<p class=\"has-small-font-size\"><em><sup>1<\/sup> Imhof M., Matthai C., Huber J.C. Einsatz von Profertil\u00ae zur Therapie des \u201emale factors\u201c und Verbesserung des Spermiogramms; Gyn-Aktiv 2007;2:68.<br><sup>2<\/sup> Sinclair S. Male infertility: nutritional and environmental considerations; Altern Med Rev 2000; 5(1):28-38.<br><sup>3<\/sup> Sween S.H., Elkin E.P., Fenster L. The question of declining sperm density revisited: An analysis of 101 studies published 1934-1996; Environmental Health Perspectives 2000; 108 (10).<br><sup>4<\/sup> Carlsen E., Giwercman A., Keiding N., Skakkebaek N. Evidence for decreasing quality of semen during past 50 years; Br Med J 1992; 305:609-61.<\/em><\/p>\n\n\n\n<div style=\"height:50px\" aria-hidden=\"true\" class=\"wp-block-spacer\"><\/div>\n\n\n\n\n\n<div id=\"anchorlink-block_c245f050864dd3fe2fb89a208c2a6572\" class=\"anchorlink dark \">\n            <a href=\"#section3\" data-smooth-scroll data-animation-duration=\"750\" data-animation-easing=\"swing\" data-offset=\"-23\"><i class=\"material-icons pro-pulse\">expand_more<\/i><\/a>\n    <\/div><\/div><\/div>\n\n\n\n<div class=\"wp-block-group alignfull window-height center has-red-gradient-background-color has-background\" id=\"section3\"><div class=\"wp-block-group__inner-container is-layout-flow wp-block-group-is-layout-flow\">\n<div style=\"height:50px\" aria-hidden=\"true\" class=\"wp-block-spacer\"><\/div>\n\n\n<div class=\"wp-block-image is-resized\">\n<figure class=\"aligncenter size-large\"><img data-recalc-dims=\"1\" loading=\"lazy\" decoding=\"async\" width=\"1024\" height=\"755\" src=\"https:\/\/i0.wp.com\/profertil.eu\/wp-content\/uploads\/2025\/11\/Pack-studienbelegte-Wirksamkeit.png?resize=1024%2C755&#038;ssl=1\" alt=\"\" class=\"wp-image-23427\" style=\"width:480px\" srcset=\"https:\/\/i0.wp.com\/profertil.eu\/wp-content\/uploads\/2025\/11\/Pack-studienbelegte-Wirksamkeit.png?resize=1024%2C755&amp;ssl=1 1024w, https:\/\/i0.wp.com\/profertil.eu\/wp-content\/uploads\/2025\/11\/Pack-studienbelegte-Wirksamkeit.png?resize=300%2C221&amp;ssl=1 300w, https:\/\/i0.wp.com\/profertil.eu\/wp-content\/uploads\/2025\/11\/Pack-studienbelegte-Wirksamkeit.png?resize=768%2C566&amp;ssl=1 768w, https:\/\/i0.wp.com\/profertil.eu\/wp-content\/uploads\/2025\/11\/Pack-studienbelegte-Wirksamkeit.png?resize=50%2C37&amp;ssl=1 50w, https:\/\/i0.wp.com\/profertil.eu\/wp-content\/uploads\/2025\/11\/Pack-studienbelegte-Wirksamkeit.png?resize=1600%2C1179&amp;ssl=1 1600w, https:\/\/i0.wp.com\/profertil.eu\/wp-content\/uploads\/2025\/11\/Pack-studienbelegte-Wirksamkeit.png?resize=1536%2C1132&amp;ssl=1 1536w, https:\/\/i0.wp.com\/profertil.eu\/wp-content\/uploads\/2025\/11\/Pack-studienbelegte-Wirksamkeit.png?resize=2048%2C1509&amp;ssl=1 2048w\" sizes=\"auto, (max-width: 1024px) 100vw, 1024px\" \/><\/figure><\/div>\n\n\n<div style=\"height:50px\" aria-hidden=\"true\" class=\"wp-block-spacer\"><\/div>\n\n\n\n<p class=\"has-text-align-center medium-width has-white-color has-text-color\"><strong>PROFERTIL\u00ae<\/strong> ist das einzige studiengepr\u00fcfte und patentierte Produkt, welches <strong>zur Optimierung der Spermienqualit\u00e4t<\/strong> beitr\u00e4gt und somit zur <strong>wirksamen Anwendung bei m\u00e4nnlicher Unfruchtbarkeit<\/strong> geeignet ist. Die Wirksamkeit der spezifischen Zusammensetzung von PROFERTIL\u00ae wurde in klinischen Studien mehrfach best\u00e4tigt.<\/p>\n\n\n\n<div style=\"height:50px\" aria-hidden=\"true\" class=\"wp-block-spacer\"><\/div>\n\n\n\n\n\n<div id=\"anchorlink-block_0cef89e1cfbd0ad4b03e8e5aacae5c42\" class=\"anchorlink light \">\n            <a href=\"#buynow\" data-smooth-scroll data-animation-duration=\"750\" data-animation-easing=\"swing\" data-offset=\"-23\"><i class=\"material-icons pro-pulse\">expand_more<\/i><\/a>\n    <\/div><\/div><\/div>\n\n\n\n<div class=\"wp-block-group window-height minus-footer center\" id=\"buynow\"><div class=\"wp-block-group__inner-container is-layout-flow wp-block-group-is-layout-flow\">\n<div class=\"wp-block-image buynow apotheke\"><figure class=\"aligncenter is-resized\"><a class=\"apotheke-alt\" href=\"#\"><img loading=\"lazy\" decoding=\"async\" src=\"\/wp-content\/uploads\/2019\/05\/KAUFEN-Button.svg\" alt=\"\" class=\"wp-image-295\" width=\"500\" height=\"138\"><\/a><figcaption>PROFERTIL\u00ae ist in \u00f6sterreichischen Apotheken erh\u00e4ltlich.<\/figcaption><\/figure><\/div>\n\n\n\n<p><\/p>\n<\/div><\/div>\n","protected":false},"excerpt":{"rendered":"<p>DIE FRAGE NACH DEM \u00abECHTEN MANN\u00bb &#8222;Ein Mann muss im Leben ein Haus bauen, einen Baum pflanzen und ein Kind zeugen.&#8220; So lautet ein bekanntes Zitat. Die ersten beiden Aufgaben sind noch relativ einfach zu bewerkstelligen. Letzteres, n\u00e4mlich die Zeugung eines Kindes, bleibt allerdings f\u00fcr immer mehr M\u00e4nner ein Wunsch, der sich nur schwer bzw.<a class=\"excerpt-read-more\" href=\"https:\/\/profertil.eu\/at\/unfruchtbarkeit\/echte-maenner\/\" title=\"ReadDer \u00abMale factor\u00bb\">&#8230; Read more &raquo;<\/a><\/p>\n","protected":false},"author":1,"featured_media":0,"parent":678,"menu_order":1,"comment_status":"closed","ping_status":"closed","template":"template-full-width-no-title.php","meta":{"_acf_changed":false,"pgc_sgb_lightbox_settings":"","footnotes":""},"categories":[],"tags":[],"class_list":["post-620","page","type-page","status-publish","hentry"],"acf":[],"yoast_head":"<!-- This site is optimized with the Yoast SEO plugin v26.1 - https:\/\/yoast.com\/wordpress\/plugins\/seo\/ -->\n<title>PROFERTIL\u00ae - Die Nr. 1 bei m\u00e4nnlicher Unfruchtbarkeit<\/title>\n<meta name=\"description\" content=\"Die Wirksamkeit von PROFERTIL\u00ae wurde in Studien nachgewiesen. Erfahren Sie N\u00e4heres zum &quot;Male Factor&quot; und wie PROFERTIL\u00ae bei Unfruchtbarkeit hilft.\" \/>\n<meta name=\"robots\" content=\"index, follow, max-snippet:-1, max-image-preview:large, max-video-preview:-1\" \/>\n<link rel=\"canonical\" href=\"https:\/\/profertil.eu\/at\/unfruchtbarkeit\/echte-maenner\/\" \/>\n<meta property=\"og:locale\" content=\"de_DE\" \/>\n<meta property=\"og:type\" content=\"article\" \/>\n<meta property=\"og:title\" content=\"PROFERTIL\u00ae - Die Nr. 1 bei m\u00e4nnlicher Unfruchtbarkeit\" \/>\n<meta property=\"og:description\" content=\"Die Wirksamkeit von PROFERTIL\u00ae wurde in Studien nachgewiesen. Erfahren Sie N\u00e4heres zum &quot;Male Factor&quot; und wie PROFERTIL\u00ae bei Unfruchtbarkeit hilft.\" \/>\n<meta property=\"og:url\" content=\"https:\/\/profertil.eu\/at\/unfruchtbarkeit\/echte-maenner\/\" \/>\n<meta property=\"og:site_name\" content=\"PROFERTIL\" \/>\n<meta property=\"article:modified_time\" content=\"2025-11-11T13:29:49+00:00\" \/>\n<meta property=\"og:image\" content=\"https:\/\/profertil.eu\/wp-content\/uploads\/2019\/05\/Kopf.jpg\" \/>\n<meta name=\"twitter:card\" content=\"summary_large_image\" \/>\n<meta name=\"twitter:label1\" content=\"Gesch\u00e4tzte Lesezeit\" \/>\n\t<meta name=\"twitter:data1\" content=\"3 Minuten\" \/>\n<script type=\"application\/ld+json\" class=\"yoast-schema-graph\">{\"@context\":\"https:\/\/schema.org\",\"@graph\":[{\"@type\":\"WebPage\",\"@id\":\"https:\/\/profertil.eu\/at\/unfruchtbarkeit\/echte-maenner\/\",\"url\":\"https:\/\/profertil.eu\/at\/unfruchtbarkeit\/echte-maenner\/\",\"name\":\"PROFERTIL\u00ae - Die Nr. 1 bei m\u00e4nnlicher Unfruchtbarkeit\",\"isPartOf\":{\"@id\":\"https:\/\/profertil.eu\/#website\"},\"primaryImageOfPage\":{\"@id\":\"https:\/\/profertil.eu\/at\/unfruchtbarkeit\/echte-maenner\/#primaryimage\"},\"image\":{\"@id\":\"https:\/\/profertil.eu\/at\/unfruchtbarkeit\/echte-maenner\/#primaryimage\"},\"thumbnailUrl\":\"https:\/\/profertil.eu\/wp-content\/uploads\/2019\/05\/Kopf.jpg\",\"datePublished\":\"2019-05-30T13:58:21+00:00\",\"dateModified\":\"2025-11-11T13:29:49+00:00\",\"description\":\"Die Wirksamkeit von PROFERTIL\u00ae wurde in Studien nachgewiesen. Erfahren Sie N\u00e4heres zum \\\"Male Factor\\\" und wie PROFERTIL\u00ae bei Unfruchtbarkeit hilft.\",\"breadcrumb\":{\"@id\":\"https:\/\/profertil.eu\/at\/unfruchtbarkeit\/echte-maenner\/#breadcrumb\"},\"inLanguage\":\"de-AT\",\"potentialAction\":[{\"@type\":\"ReadAction\",\"target\":[\"https:\/\/profertil.eu\/at\/unfruchtbarkeit\/echte-maenner\/\"]}]},{\"@type\":\"ImageObject\",\"inLanguage\":\"de-AT\",\"@id\":\"https:\/\/profertil.eu\/at\/unfruchtbarkeit\/echte-maenner\/#primaryimage\",\"url\":\"https:\/\/profertil.eu\/wp-content\/uploads\/2019\/05\/Kopf.jpg\",\"contentUrl\":\"https:\/\/profertil.eu\/wp-content\/uploads\/2019\/05\/Kopf.jpg\"},{\"@type\":\"BreadcrumbList\",\"@id\":\"https:\/\/profertil.eu\/at\/unfruchtbarkeit\/echte-maenner\/#breadcrumb\",\"itemListElement\":[{\"@type\":\"ListItem\",\"position\":1,\"name\":\"Home\",\"item\":\"https:\/\/profertil.eu\/at\/\"},{\"@type\":\"ListItem\",\"position\":2,\"name\":\"Unfruchtbarkeit\",\"item\":\"https:\/\/profertil.eu\/at\/unfruchtbarkeit\/\"},{\"@type\":\"ListItem\",\"position\":3,\"name\":\"Der \u00abMale factor\u00bb\"}]},{\"@type\":\"WebSite\",\"@id\":\"https:\/\/profertil.eu\/#website\",\"url\":\"https:\/\/profertil.eu\/\",\"name\":\"PROFERTIL\",\"description\":\"No. 1 proven efficacy in male fertility\",\"publisher\":{\"@id\":\"https:\/\/profertil.eu\/#organization\"},\"potentialAction\":[{\"@type\":\"SearchAction\",\"target\":{\"@type\":\"EntryPoint\",\"urlTemplate\":\"https:\/\/profertil.eu\/?s={search_term_string}\"},\"query-input\":{\"@type\":\"PropertyValueSpecification\",\"valueRequired\":true,\"valueName\":\"search_term_string\"}}],\"inLanguage\":\"de-AT\"},{\"@type\":\"Organization\",\"@id\":\"https:\/\/profertil.eu\/#organization\",\"name\":\"PROFERTIL\",\"url\":\"https:\/\/profertil.eu\/\",\"logo\":{\"@type\":\"ImageObject\",\"inLanguage\":\"de-AT\",\"@id\":\"https:\/\/profertil.eu\/#\/schema\/logo\/image\/\",\"url\":\"https:\/\/profertil.eu\/wp-content\/uploads\/2025\/10\/PROFERTIL-logo-2025.svg\",\"contentUrl\":\"https:\/\/profertil.eu\/wp-content\/uploads\/2025\/10\/PROFERTIL-logo-2025.svg\",\"width\":712,\"height\":112,\"caption\":\"PROFERTIL\"},\"image\":{\"@id\":\"https:\/\/profertil.eu\/#\/schema\/logo\/image\/\"}}]}<\/script>\n<!-- \/ Yoast SEO plugin. -->","yoast_head_json":{"title":"PROFERTIL\u00ae - Die Nr. 1 bei m\u00e4nnlicher Unfruchtbarkeit","description":"Die Wirksamkeit von PROFERTIL\u00ae wurde in Studien nachgewiesen. Erfahren Sie N\u00e4heres zum \"Male Factor\" und wie PROFERTIL\u00ae bei Unfruchtbarkeit hilft.","robots":{"index":"index","follow":"follow","max-snippet":"max-snippet:-1","max-image-preview":"max-image-preview:large","max-video-preview":"max-video-preview:-1"},"canonical":"https:\/\/profertil.eu\/at\/unfruchtbarkeit\/echte-maenner\/","og_locale":"de_DE","og_type":"article","og_title":"PROFERTIL\u00ae - Die Nr. 1 bei m\u00e4nnlicher Unfruchtbarkeit","og_description":"Die Wirksamkeit von PROFERTIL\u00ae wurde in Studien nachgewiesen. Erfahren Sie N\u00e4heres zum \"Male Factor\" und wie PROFERTIL\u00ae bei Unfruchtbarkeit hilft.","og_url":"https:\/\/profertil.eu\/at\/unfruchtbarkeit\/echte-maenner\/","og_site_name":"PROFERTIL","article_modified_time":"2025-11-11T13:29:49+00:00","og_image":[{"url":"https:\/\/profertil.eu\/wp-content\/uploads\/2019\/05\/Kopf.jpg","type":"","width":"","height":""}],"twitter_card":"summary_large_image","twitter_misc":{"Gesch\u00e4tzte Lesezeit":"3 Minuten"},"schema":{"@context":"https:\/\/schema.org","@graph":[{"@type":"WebPage","@id":"https:\/\/profertil.eu\/at\/unfruchtbarkeit\/echte-maenner\/","url":"https:\/\/profertil.eu\/at\/unfruchtbarkeit\/echte-maenner\/","name":"PROFERTIL\u00ae - Die Nr. 1 bei m\u00e4nnlicher Unfruchtbarkeit","isPartOf":{"@id":"https:\/\/profertil.eu\/#website"},"primaryImageOfPage":{"@id":"https:\/\/profertil.eu\/at\/unfruchtbarkeit\/echte-maenner\/#primaryimage"},"image":{"@id":"https:\/\/profertil.eu\/at\/unfruchtbarkeit\/echte-maenner\/#primaryimage"},"thumbnailUrl":"https:\/\/profertil.eu\/wp-content\/uploads\/2019\/05\/Kopf.jpg","datePublished":"2019-05-30T13:58:21+00:00","dateModified":"2025-11-11T13:29:49+00:00","description":"Die Wirksamkeit von PROFERTIL\u00ae wurde in Studien nachgewiesen. Erfahren Sie N\u00e4heres zum \"Male Factor\" und wie PROFERTIL\u00ae bei Unfruchtbarkeit hilft.","breadcrumb":{"@id":"https:\/\/profertil.eu\/at\/unfruchtbarkeit\/echte-maenner\/#breadcrumb"},"inLanguage":"de-AT","potentialAction":[{"@type":"ReadAction","target":["https:\/\/profertil.eu\/at\/unfruchtbarkeit\/echte-maenner\/"]}]},{"@type":"ImageObject","inLanguage":"de-AT","@id":"https:\/\/profertil.eu\/at\/unfruchtbarkeit\/echte-maenner\/#primaryimage","url":"https:\/\/profertil.eu\/wp-content\/uploads\/2019\/05\/Kopf.jpg","contentUrl":"https:\/\/profertil.eu\/wp-content\/uploads\/2019\/05\/Kopf.jpg"},{"@type":"BreadcrumbList","@id":"https:\/\/profertil.eu\/at\/unfruchtbarkeit\/echte-maenner\/#breadcrumb","itemListElement":[{"@type":"ListItem","position":1,"name":"Home","item":"https:\/\/profertil.eu\/at\/"},{"@type":"ListItem","position":2,"name":"Unfruchtbarkeit","item":"https:\/\/profertil.eu\/at\/unfruchtbarkeit\/"},{"@type":"ListItem","position":3,"name":"Der \u00abMale factor\u00bb"}]},{"@type":"WebSite","@id":"https:\/\/profertil.eu\/#website","url":"https:\/\/profertil.eu\/","name":"PROFERTIL","description":"No. 1 proven efficacy in male fertility","publisher":{"@id":"https:\/\/profertil.eu\/#organization"},"potentialAction":[{"@type":"SearchAction","target":{"@type":"EntryPoint","urlTemplate":"https:\/\/profertil.eu\/?s={search_term_string}"},"query-input":{"@type":"PropertyValueSpecification","valueRequired":true,"valueName":"search_term_string"}}],"inLanguage":"de-AT"},{"@type":"Organization","@id":"https:\/\/profertil.eu\/#organization","name":"PROFERTIL","url":"https:\/\/profertil.eu\/","logo":{"@type":"ImageObject","inLanguage":"de-AT","@id":"https:\/\/profertil.eu\/#\/schema\/logo\/image\/","url":"https:\/\/profertil.eu\/wp-content\/uploads\/2025\/10\/PROFERTIL-logo-2025.svg","contentUrl":"https:\/\/profertil.eu\/wp-content\/uploads\/2025\/10\/PROFERTIL-logo-2025.svg","width":712,"height":112,"caption":"PROFERTIL"},"image":{"@id":"https:\/\/profertil.eu\/#\/schema\/logo\/image\/"}}]}},"_links":{"self":[{"href":"https:\/\/profertil.eu\/at\/wp-json\/wp\/v2\/pages\/620","targetHints":{"allow":["GET"]}}],"collection":[{"href":"https:\/\/profertil.eu\/at\/wp-json\/wp\/v2\/pages"}],"about":[{"href":"https:\/\/profertil.eu\/at\/wp-json\/wp\/v2\/types\/page"}],"author":[{"embeddable":true,"href":"https:\/\/profertil.eu\/at\/wp-json\/wp\/v2\/users\/1"}],"replies":[{"embeddable":true,"href":"https:\/\/profertil.eu\/at\/wp-json\/wp\/v2\/comments?post=620"}],"version-history":[{"count":70,"href":"https:\/\/profertil.eu\/at\/wp-json\/wp\/v2\/pages\/620\/revisions"}],"predecessor-version":[{"id":23436,"href":"https:\/\/profertil.eu\/at\/wp-json\/wp\/v2\/pages\/620\/revisions\/23436"}],"up":[{"embeddable":true,"href":"https:\/\/profertil.eu\/at\/wp-json\/wp\/v2\/pages\/678"}],"wp:attachment":[{"href":"https:\/\/profertil.eu\/at\/wp-json\/wp\/v2\/media?parent=620"}],"wp:term":[{"taxonomy":"category","embeddable":true,"href":"https:\/\/profertil.eu\/at\/wp-json\/wp\/v2\/categories?post=620"},{"taxonomy":"post_tag","embeddable":true,"href":"https:\/\/profertil.eu\/at\/wp-json\/wp\/v2\/tags?post=620"}],"curies":[{"name":"wp","href":"https:\/\/api.w.org\/{rel}","templated":true}]}}