 {"id":526,"date":"2019-05-29T14:32:35","date_gmt":"2019-05-29T12:32:35","guid":{"rendered":"https:\/\/profertil.eu\/?page_id=526"},"modified":"2023-06-22T22:01:52","modified_gmt":"2023-06-22T20:01:52","slug":"kontakt","status":"publish","type":"page","link":"https:\/\/profertil.eu\/at\/service\/kontakt\/","title":{"rendered":"Kontakt"},"content":{"rendered":"\n<div style=\"height:50px\" aria-hidden=\"true\" class=\"wp-block-spacer\"><\/div>\n\n\n\n<div class=\"wp-block-columns has-2-columns is-layout-flex wp-container-core-columns-is-layout-1 wp-block-columns-is-layout-flex\">\n<div class=\"wp-block-column is-layout-flow wp-block-column-is-layout-flow\">\n<iframe src=\"https:\/\/www.google.com\/maps\/embed?pb=!1m14!1m8!1m3!1d10633.47994798011!2d16.3102049!3d48.2187498!3m2!1i1024!2i768!4f13.1!3m3!1m2!1s0x476d0812cfa8c9f7%3A0x2a5e3d684d1dfa78!2sLENUS%20Pharma%20GesmbH!5e0!3m2!1sen!2sat!4v1687463891274!5m2!1sen!2sat\" width=\"100%\" height=\"450\" style=\"border:0;\" allowfullscreen=\"\" loading=\"lazy\" referrerpolicy=\"no-referrer-when-downgrade\"><\/iframe>\n<\/div>\n\n\n\n<div class=\"wp-block-column is-layout-flow wp-block-column-is-layout-flow\">\n<p><strong>LENUS Pharma GesmbH<\/strong><br>Seeb\u00f6ckgasse 59<br>1160 Wien<br>t: <a class=\"customer-service-tel\" href=\"tel:+4314051419\">0043 (1) 405 14 19<\/a><br>f: 0043 (1) 405 14 19 \u2013 20<\/p>\n\n\n\n<p>m:&nbsp;<a class=\"customer-service-email\" href=\"mailto:office@lenuspharma.com\">office@lenuspharma.com<\/a><br>w:&nbsp;<a rel=\"noreferrer noopener\" href=\"https:\/\/www.lenuspharma.com\/\" target=\"_blank\">www.lenuspharma.com<\/a><\/p>\n<\/div>\n<\/div>\n\n\n\n<p><\/p>\n","protected":false},"excerpt":{"rendered":"<p>LENUS Pharma GesmbHSeeb\u00f6ckgasse 591160 Wient: 0043 (1) 405 14 19f: 0043 (1) 405 14 19 \u2013 20 m:&nbsp;office@lenuspharma.comw:&nbsp;www.lenuspharma.com<\/p>\n","protected":false},"author":1,"featured_media":0,"parent":16851,"menu_order":0,"comment_status":"closed","ping_status":"closed","template":"","meta":{"_acf_changed":false,"pgc_sgb_lightbox_settings":"","footnotes":""},"categories":[],"tags":[],"class_list":["post-526","page","type-page","status-publish","hentry"],"acf":[],"yoast_head":"<!-- This site is optimized with the Yoast SEO plugin v26.1 - https:\/\/yoast.com\/wordpress\/plugins\/seo\/ -->\n<title>PROFERTIL\u00ae - Die Nr. 1 bei m\u00e4nnlicher Unfruchtbarkeit<\/title>\n<meta name=\"description\" content=\"Kontaktieren Sie uns. Wir sind gerne f\u00fcr Sie da. PROFERTIL\u00ae unterst\u00fctzt zuverl\u00e4ssig bei m\u00e4nnlicher Unfruchtbarkeit.\" \/>\n<meta name=\"robots\" content=\"index, follow, max-snippet:-1, max-image-preview:large, max-video-preview:-1\" \/>\n<link rel=\"canonical\" href=\"https:\/\/profertil.eu\/at\/service\/kontakt\/\" \/>\n<meta property=\"og:locale\" content=\"de_DE\" \/>\n<meta property=\"og:type\" content=\"article\" \/>\n<meta property=\"og:title\" content=\"PROFERTIL\u00ae - Die Nr. 1 bei m\u00e4nnlicher Unfruchtbarkeit\" \/>\n<meta property=\"og:description\" content=\"Kontaktieren Sie uns. Wir sind gerne f\u00fcr Sie da. PROFERTIL\u00ae unterst\u00fctzt zuverl\u00e4ssig bei m\u00e4nnlicher Unfruchtbarkeit.\" \/>\n<meta property=\"og:url\" content=\"https:\/\/profertil.eu\/at\/service\/kontakt\/\" \/>\n<meta property=\"og:site_name\" content=\"PROFERTIL\" \/>\n<meta property=\"article:modified_time\" content=\"2023-06-22T20:01:52+00:00\" \/>\n<meta name=\"twitter:card\" content=\"summary_large_image\" \/>\n<script type=\"application\/ld+json\" class=\"yoast-schema-graph\">{\"@context\":\"https:\/\/schema.org\",\"@graph\":[{\"@type\":\"WebPage\",\"@id\":\"https:\/\/profertil.eu\/at\/service\/kontakt\/\",\"url\":\"https:\/\/profertil.eu\/at\/service\/kontakt\/\",\"name\":\"PROFERTIL\u00ae - Die Nr. 1 bei m\u00e4nnlicher Unfruchtbarkeit\",\"isPartOf\":{\"@id\":\"https:\/\/profertil.eu\/#website\"},\"datePublished\":\"2019-05-29T12:32:35+00:00\",\"dateModified\":\"2023-06-22T20:01:52+00:00\",\"description\":\"Kontaktieren Sie uns. Wir sind gerne f\u00fcr Sie da. PROFERTIL\u00ae unterst\u00fctzt zuverl\u00e4ssig bei m\u00e4nnlicher Unfruchtbarkeit.\",\"breadcrumb\":{\"@id\":\"https:\/\/profertil.eu\/at\/service\/kontakt\/#breadcrumb\"},\"inLanguage\":\"de-AT\",\"potentialAction\":[{\"@type\":\"ReadAction\",\"target\":[\"https:\/\/profertil.eu\/at\/service\/kontakt\/\"]}]},{\"@type\":\"BreadcrumbList\",\"@id\":\"https:\/\/profertil.eu\/at\/service\/kontakt\/#breadcrumb\",\"itemListElement\":[{\"@type\":\"ListItem\",\"position\":1,\"name\":\"Home\",\"item\":\"https:\/\/profertil.eu\/at\/\"},{\"@type\":\"ListItem\",\"position\":2,\"name\":\"Service\",\"item\":\"https:\/\/profertil.eu\/at\/service\/\"},{\"@type\":\"ListItem\",\"position\":3,\"name\":\"Kontakt\"}]},{\"@type\":\"WebSite\",\"@id\":\"https:\/\/profertil.eu\/#website\",\"url\":\"https:\/\/profertil.eu\/\",\"name\":\"PROFERTIL\",\"description\":\"No. 1 proven efficacy in male fertility\",\"publisher\":{\"@id\":\"https:\/\/profertil.eu\/#organization\"},\"potentialAction\":[{\"@type\":\"SearchAction\",\"target\":{\"@type\":\"EntryPoint\",\"urlTemplate\":\"https:\/\/profertil.eu\/?s={search_term_string}\"},\"query-input\":{\"@type\":\"PropertyValueSpecification\",\"valueRequired\":true,\"valueName\":\"search_term_string\"}}],\"inLanguage\":\"de-AT\"},{\"@type\":\"Organization\",\"@id\":\"https:\/\/profertil.eu\/#organization\",\"name\":\"PROFERTIL\",\"url\":\"https:\/\/profertil.eu\/\",\"logo\":{\"@type\":\"ImageObject\",\"inLanguage\":\"de-AT\",\"@id\":\"https:\/\/profertil.eu\/#\/schema\/logo\/image\/\",\"url\":\"https:\/\/profertil.eu\/wp-content\/uploads\/2025\/10\/PROFERTIL-logo-2025.svg\",\"contentUrl\":\"https:\/\/profertil.eu\/wp-content\/uploads\/2025\/10\/PROFERTIL-logo-2025.svg\",\"width\":712,\"height\":112,\"caption\":\"PROFERTIL\"},\"image\":{\"@id\":\"https:\/\/profertil.eu\/#\/schema\/logo\/image\/\"}}]}<\/script>\n<!-- \/ Yoast SEO plugin. -->","yoast_head_json":{"title":"PROFERTIL\u00ae - Die Nr. 1 bei m\u00e4nnlicher Unfruchtbarkeit","description":"Kontaktieren Sie uns. Wir sind gerne f\u00fcr Sie da. PROFERTIL\u00ae unterst\u00fctzt zuverl\u00e4ssig bei m\u00e4nnlicher Unfruchtbarkeit.","robots":{"index":"index","follow":"follow","max-snippet":"max-snippet:-1","max-image-preview":"max-image-preview:large","max-video-preview":"max-video-preview:-1"},"canonical":"https:\/\/profertil.eu\/at\/service\/kontakt\/","og_locale":"de_DE","og_type":"article","og_title":"PROFERTIL\u00ae - Die Nr. 1 bei m\u00e4nnlicher Unfruchtbarkeit","og_description":"Kontaktieren Sie uns. Wir sind gerne f\u00fcr Sie da. PROFERTIL\u00ae unterst\u00fctzt zuverl\u00e4ssig bei m\u00e4nnlicher Unfruchtbarkeit.","og_url":"https:\/\/profertil.eu\/at\/service\/kontakt\/","og_site_name":"PROFERTIL","article_modified_time":"2023-06-22T20:01:52+00:00","twitter_card":"summary_large_image","schema":{"@context":"https:\/\/schema.org","@graph":[{"@type":"WebPage","@id":"https:\/\/profertil.eu\/at\/service\/kontakt\/","url":"https:\/\/profertil.eu\/at\/service\/kontakt\/","name":"PROFERTIL\u00ae - Die Nr. 1 bei m\u00e4nnlicher Unfruchtbarkeit","isPartOf":{"@id":"https:\/\/profertil.eu\/#website"},"datePublished":"2019-05-29T12:32:35+00:00","dateModified":"2023-06-22T20:01:52+00:00","description":"Kontaktieren Sie uns. Wir sind gerne f\u00fcr Sie da. PROFERTIL\u00ae unterst\u00fctzt zuverl\u00e4ssig bei m\u00e4nnlicher Unfruchtbarkeit.","breadcrumb":{"@id":"https:\/\/profertil.eu\/at\/service\/kontakt\/#breadcrumb"},"inLanguage":"de-AT","potentialAction":[{"@type":"ReadAction","target":["https:\/\/profertil.eu\/at\/service\/kontakt\/"]}]},{"@type":"BreadcrumbList","@id":"https:\/\/profertil.eu\/at\/service\/kontakt\/#breadcrumb","itemListElement":[{"@type":"ListItem","position":1,"name":"Home","item":"https:\/\/profertil.eu\/at\/"},{"@type":"ListItem","position":2,"name":"Service","item":"https:\/\/profertil.eu\/at\/service\/"},{"@type":"ListItem","position":3,"name":"Kontakt"}]},{"@type":"WebSite","@id":"https:\/\/profertil.eu\/#website","url":"https:\/\/profertil.eu\/","name":"PROFERTIL","description":"No. 1 proven efficacy in male fertility","publisher":{"@id":"https:\/\/profertil.eu\/#organization"},"potentialAction":[{"@type":"SearchAction","target":{"@type":"EntryPoint","urlTemplate":"https:\/\/profertil.eu\/?s={search_term_string}"},"query-input":{"@type":"PropertyValueSpecification","valueRequired":true,"valueName":"search_term_string"}}],"inLanguage":"de-AT"},{"@type":"Organization","@id":"https:\/\/profertil.eu\/#organization","name":"PROFERTIL","url":"https:\/\/profertil.eu\/","logo":{"@type":"ImageObject","inLanguage":"de-AT","@id":"https:\/\/profertil.eu\/#\/schema\/logo\/image\/","url":"https:\/\/profertil.eu\/wp-content\/uploads\/2025\/10\/PROFERTIL-logo-2025.svg","contentUrl":"https:\/\/profertil.eu\/wp-content\/uploads\/2025\/10\/PROFERTIL-logo-2025.svg","width":712,"height":112,"caption":"PROFERTIL"},"image":{"@id":"https:\/\/profertil.eu\/#\/schema\/logo\/image\/"}}]}},"_links":{"self":[{"href":"https:\/\/profertil.eu\/at\/wp-json\/wp\/v2\/pages\/526","targetHints":{"allow":["GET"]}}],"collection":[{"href":"https:\/\/profertil.eu\/at\/wp-json\/wp\/v2\/pages"}],"about":[{"href":"https:\/\/profertil.eu\/at\/wp-json\/wp\/v2\/types\/page"}],"author":[{"embeddable":true,"href":"https:\/\/profertil.eu\/at\/wp-json\/wp\/v2\/users\/1"}],"replies":[{"embeddable":true,"href":"https:\/\/profertil.eu\/at\/wp-json\/wp\/v2\/comments?post=526"}],"version-history":[{"count":18,"href":"https:\/\/profertil.eu\/at\/wp-json\/wp\/v2\/pages\/526\/revisions"}],"predecessor-version":[{"id":17378,"href":"https:\/\/profertil.eu\/at\/wp-json\/wp\/v2\/pages\/526\/revisions\/17378"}],"up":[{"embeddable":true,"href":"https:\/\/profertil.eu\/at\/wp-json\/wp\/v2\/pages\/16851"}],"wp:attachment":[{"href":"https:\/\/profertil.eu\/at\/wp-json\/wp\/v2\/media?parent=526"}],"wp:term":[{"taxonomy":"category","embeddable":true,"href":"https:\/\/profertil.eu\/at\/wp-json\/wp\/v2\/categories?post=526"},{"taxonomy":"post_tag","embeddable":true,"href":"https:\/\/profertil.eu\/at\/wp-json\/wp\/v2\/tags?post=526"}],"curies":[{"name":"wp","href":"https:\/\/api.w.org\/{rel}","templated":true}]}}