 {"id":4166,"date":"2020-06-18T14:00:15","date_gmt":"2020-06-18T12:00:15","guid":{"rendered":"https:\/\/profertil.eu\/unfruchtbarkeit\/maennliche-infertilitaet-copy\/"},"modified":"2021-02-01T14:39:26","modified_gmt":"2021-02-01T13:39:26","slug":"maennliche-fruchtbarkeit-anabole-steroide","status":"publish","type":"page","link":"https:\/\/profertil.eu\/at\/unfruchtbarkeit\/maennliche-fruchtbarkeit-anabole-steroide\/","title":{"rendered":"M\u00e4nnliche Fruchtbarkeit &#038; anabole Steroide"},"content":{"rendered":"\n<div class=\"wp-block-cover alignfull\" style=\"background-image:url(https:\/\/profertil.eu\/wp-content\/uploads\/2020\/06\/anabolika-keyvisual-extrabreit.png);background-position:98% 50%\"><div class=\"wp-block-cover__inner-container is-layout-flow wp-block-cover-is-layout-flow\">\n<h1 class=\"wp-block-heading\"><span class=\"has-white-color\">M\u00c4NNLICHE FRUCHTBARKEIT &amp;<\/span><br><span class=\"has-red-color\">ANABOLE STEROIDE<\/span><\/h1>\n<\/div><\/div>\n\n\n\n<div class=\"wp-block-group alignfull window-height minus-header has-red-gradient-background-color has-background\"><div class=\"wp-block-group__inner-container is-layout-flow wp-block-group-is-layout-flow\">\n<div style=\"height:100px\" aria-hidden=\"true\" class=\"wp-block-spacer\"><\/div>\n\n\n\n<p class=\"has-text-align-center medium-width has-large-font-size\">\u201eIch w\u00fcrde sagen, dass weit mehr Anabolika-Konsumenten unfruchtbar werden, als Sie zun\u00e4chst denken w\u00fcrden \u2013 wahrscheinlich 90%\u201c<\/p>\n\n\n\n<div style=\"height:50px\" aria-hidden=\"true\" class=\"wp-block-spacer\"><\/div>\n\n\n\n<p class=\"has-text-align-center\"><em>(Prof. Allan Pacey, Universit\u00e4t Sheffield)<\/em><\/p>\n\n\n\n\n\n<div id=\"anchorlink-block_5cf1243da1895\" class=\"anchorlink light \">\n            <a href=\"#section2\" data-smooth-scroll data-animation-duration=\"750\" data-animation-easing=\"swing\" data-offset=\"-23\"><i class=\"material-icons pro-pulse\">expand_more<\/i><\/a>\n    <\/div><\/div><\/div>\n\n\n\n<div class=\"wp-block-group alignfull window-height center\" id=\"section2\"><div class=\"wp-block-group__inner-container is-layout-flow wp-block-group-is-layout-flow\">\n<div style=\"height:50px\" aria-hidden=\"true\" class=\"wp-block-spacer\"><\/div>\n\n\n\n<h2 class=\"has-text-align-center window-height has-light-grey-color has-text-color wp-block-heading\" id=\"section2\">FRUCHTBARKEIT &amp; ANABOLIKA VERTRAGEN SICH NICHT!<\/h2>\n\n\n\n<div style=\"height:30px\" aria-hidden=\"true\" class=\"wp-block-spacer\"><\/div>\n\n\n\n<div class=\"wp-block-image\"><figure class=\"aligncenter size-large is-resized\"><img data-recalc-dims=\"1\" loading=\"lazy\" decoding=\"async\" src=\"https:\/\/i0.wp.com\/profertil.eu\/wp-content\/uploads\/2020\/06\/Cornetto_mit-shrinking-SpermMan_k1.gif?resize=400%2C400&#038;ssl=1\" alt=\"\" class=\"wp-image-4285\" width=\"400\" height=\"400\"\/><\/figure><\/div>\n\n\n\n<p class=\"has-text-align-center has-medium-font-size\">Anabolika steigern nachweislich den Muskelaufbau, Ausdauer und Leistung. Doch die Einnahme von leistungsf\u00f6rdernden Substanzen (anabole Steroide) kann zu einer enormen Verschlechterung der Samenqualit\u00e4t f\u00fchren. Dar\u00fcber hinaus wurden negative Effekte auf die sexuelle Potenz des Mannes festgestellt.<\/p>\n\n\n\n<div style=\"height:20px\" aria-hidden=\"true\" class=\"wp-block-spacer\"><\/div>\n\n\n\n<h3 class=\"has-text-align-center has-red-color has-text-color wp-block-heading\">Anabolika sind also f\u00fcr den Kinderwunsch mehr als hinderlich.<\/h3>\n\n\n\n\n\n<div id=\"anchorlink-block_5cf12484a1896\" class=\"anchorlink dark \">\n            <a href=\"#section3\" data-smooth-scroll data-animation-duration=\"750\" data-animation-easing=\"swing\" data-offset=\"-23\"><i class=\"material-icons pro-pulse\">expand_more<\/i><\/a>\n    <\/div>\n\n\n<div style=\"height:50px\" aria-hidden=\"true\" class=\"wp-block-spacer\"><\/div>\n\n\n\n<p><\/p>\n<\/div><\/div>\n\n\n\n<div class=\"wp-block-group alignfull window-height center has-background\" id=\"section3\" style=\"background-color:#b5cada\"><div class=\"wp-block-group__inner-container is-layout-flow wp-block-group-is-layout-flow\">\n<div style=\"height:50px\" aria-hidden=\"true\" class=\"wp-block-spacer\"><\/div>\n\n\n\n<h2 class=\"has-text-align-center has-red-color has-text-color wp-block-heading\">WISSENSCHAFTLICH BELEGT:<br>ANABOLIKA K\u00d6NNEN DIE FRUCHTBARKEIT REDUZIEREN<\/h2>\n\n\n\n<div style=\"height:35px\" aria-hidden=\"true\" class=\"wp-block-spacer\"><\/div>\n\n\n\n<div class=\"wp-block-image hide-for-large\"><figure class=\"aligncenter size-large is-resized\"><img data-recalc-dims=\"1\" loading=\"lazy\" decoding=\"async\" src=\"https:\/\/i0.wp.com\/profertil.eu\/wp-content\/uploads\/2020\/06\/2-Sperm-men_full.png?resize=353%2C450&#038;ssl=1\" alt=\"\" class=\"wp-image-4222\" width=\"353\" height=\"450\" srcset=\"https:\/\/i0.wp.com\/profertil.eu\/wp-content\/uploads\/2020\/06\/2-Sperm-men_full.png?w=705&amp;ssl=1 705w, https:\/\/i0.wp.com\/profertil.eu\/wp-content\/uploads\/2020\/06\/2-Sperm-men_full.png?resize=235%2C300&amp;ssl=1 235w\" sizes=\"auto, (max-width: 353px) 100vw, 353px\" \/><\/figure><\/div>\n\n\n\n<div class=\"wp-block-columns are-vertically-aligned-center is-layout-flex wp-container-core-columns-is-layout-1 wp-block-columns-is-layout-flex\">\n<div class=\"wp-block-column is-vertically-aligned-center is-layout-flow wp-block-column-is-layout-flow\">\n<p style=\"font-size:19px\">Studien mit Bodybuildern zeigen, dass die regelm\u00e4\u00dfige Einnahme von anabolen Steroiden die m\u00e4nnliche Fruchtbarkeit stark einschr\u00e4nken kann.<\/p>\n\n\n\n<p style=\"font-size:19px\">In der Ejakulatanalyse (= Spermiogramm) waren Spermienanzahl sowie der Anteil an beweglichen und normalgeformten Spermien unterhalb der Normwerte der WHO.<\/p>\n\n\n\n<p style=\"font-size:19px\">Zun\u00e4chst ist bei Kinderwunsch unbedingt anzuraten, die Einnahme von anabolen Steroiden nicht weiterzuf\u00fchren. Trotz dem Absetzen kann es bis zu einem Jahr dauern, bis sich die normale Spermienproduktion wieder einstellt.<\/p>\n<\/div>\n\n\n\n<div class=\"wp-block-column is-vertically-aligned-center is-layout-flow wp-block-column-is-layout-flow\">\n<div class=\"wp-block-image show-for-large\"><figure class=\"aligncenter size-large is-resized\"><img data-recalc-dims=\"1\" loading=\"lazy\" decoding=\"async\" src=\"https:\/\/i0.wp.com\/profertil.eu\/wp-content\/uploads\/2020\/06\/2-Sperm-men_full.png?resize=353%2C450&#038;ssl=1\" alt=\"\" class=\"wp-image-4222\" width=\"353\" height=\"450\" srcset=\"https:\/\/i0.wp.com\/profertil.eu\/wp-content\/uploads\/2020\/06\/2-Sperm-men_full.png?w=705&amp;ssl=1 705w, https:\/\/i0.wp.com\/profertil.eu\/wp-content\/uploads\/2020\/06\/2-Sperm-men_full.png?resize=235%2C300&amp;ssl=1 235w\" sizes=\"auto, (max-width: 353px) 100vw, 353px\" \/><\/figure><\/div>\n<\/div>\n<\/div>\n\n\n\n<div style=\"height:50px\" aria-hidden=\"true\" class=\"wp-block-spacer\"><\/div>\n\n\n\n\n\n<div id=\"anchorlink-block_5cf13991a1897\" class=\"anchorlink dark \">\n            <a href=\"#section4\" data-smooth-scroll data-animation-duration=\"750\" data-animation-easing=\"swing\" data-offset=\"-23\"><i class=\"material-icons pro-pulse\">expand_more<\/i><\/a>\n    <\/div>\n\n\n<div style=\"height:50px\" aria-hidden=\"true\" class=\"wp-block-spacer\"><\/div>\n<\/div><\/div>\n\n\n\n<div class=\"wp-block-group alignfull window-height center\" id=\"section4\"><div class=\"wp-block-group__inner-container is-layout-flow wp-block-group-is-layout-flow\">\n<div style=\"height:50px\" aria-hidden=\"true\" class=\"wp-block-spacer\"><\/div>\n\n\n\n<h2 class=\"has-text-align-center has-light-grey-color has-text-color wp-block-heading\">PROFERTIL\u00ae \u2013 DAS FITNESS-PROGRAMM F\u00dcR IHRE SPERMIEN<\/h2>\n\n\n\n<div style=\"height:50px\" aria-hidden=\"true\" class=\"wp-block-spacer\"><\/div>\n\n\n\n<div class=\"wp-block-columns is-layout-flex wp-container-core-columns-is-layout-2 wp-block-columns-is-layout-flex\">\n<div class=\"wp-block-column is-layout-flow wp-block-column-is-layout-flow\">\n<p style=\"font-size:19px\">Um den Spermien in dieser Zeit auf die Spr\u00fcnge zu helfen, empfiehlt sich die regelm\u00e4\u00dfige Einnahme von&nbsp;PROFERTIL<sup>\u00ae<\/sup>. In sechs klinischen Studien mit \u00fcber 1.000 Patienten zeigte sich nach einer 3-monatigen Einnahme die Verbesserung aller f\u00fcr eine Schwangerschaft relevanten Spermienparameter.<\/p>\n\n\n\n<p style=\"font-size:19px\">Im&nbsp;<a href=\"https:\/\/profertil.eu\/spermiengesundheit\/spermiogramm\/\"><strong>Spermiogramm<\/strong><\/a>&nbsp;ist die positive Ver\u00e4nderung deutlich sichtbar:<\/p>\n\n\n\n<ul class=\"studylist has-medium-font-size wp-block-list\"><li>Zunahme der Spermienzahl<\/li><li>Mehr normalgeformte Spermien<\/li><li>Schnellere, beweglichere Spermien<\/li><\/ul>\n<\/div>\n\n\n\n<div class=\"wp-block-column is-layout-flow wp-block-column-is-layout-flow\">\n<figure class=\"wp-block-image size-large is-resized\"><img data-recalc-dims=\"1\" loading=\"lazy\" decoding=\"async\" src=\"https:\/\/i0.wp.com\/profertil.eu\/wp-content\/uploads\/2020\/06\/Packshot-mit-Sprechblase_DE.png?resize=499%2C290&#038;ssl=1\" alt=\"PROFERTIL\u00ae reaktiviert de m\u00e4nnliche Fruchtbarkeit\" class=\"wp-image-4241\" width=\"499\" height=\"290\" srcset=\"https:\/\/i0.wp.com\/profertil.eu\/wp-content\/uploads\/2020\/06\/Packshot-mit-Sprechblase_DE.png?w=998&amp;ssl=1 998w, https:\/\/i0.wp.com\/profertil.eu\/wp-content\/uploads\/2020\/06\/Packshot-mit-Sprechblase_DE.png?resize=300%2C174&amp;ssl=1 300w, https:\/\/i0.wp.com\/profertil.eu\/wp-content\/uploads\/2020\/06\/Packshot-mit-Sprechblase_DE.png?resize=768%2C446&amp;ssl=1 768w\" sizes=\"auto, (max-width: 499px) 100vw, 499px\" \/><\/figure>\n<\/div>\n<\/div>\n\n\n\n<div style=\"height:50px\" aria-hidden=\"true\" class=\"wp-block-spacer\"><\/div>\n\n\n\n\n\n<div id=\"internallink-block_5eeb65b91a5ff\" class=\"internal-link aligncenter has-red-color\">\n            <p><a href=\"https:\/\/profertil.eu\/at\/spermiengesundheit\/spermiogramm\/\" title=\"More information\">> Mehr erfahren<\/a><\/p>\n    <\/div>\n\n\n<div style=\"height:50px\" aria-hidden=\"true\" class=\"wp-block-spacer\"><\/div>\n\n\n\n<p class=\"has-black-color has-text-color has-small-font-size\"><em>Quellen:<br><strong><a href=\"https:\/\/www.ncbi.nlm.nih.gov\/pmc\/articles\/PMC4744441\/\" target=\"_blank\" rel=\"noreferrer noopener\" aria-label=\"Anabolic steroids abuse and male infertility (opens in a new tab)\">Anabolic steroids abuse and male infertility<\/a><\/strong>. Basic Clin Androl. 2016; 26: 2.<br><strong><a href=\"https:\/\/www.ncbi.nlm.nih.gov\/pubmed\/11270623\" target=\"_blank\" rel=\"noreferrer noopener\" aria-label=\"Effect of androgenic anabolic steroids on sperm quality and serum hormone levels in adult male bodybuilders (opens in a new tab)\">Effect of androgenic anabolic steroids on sperm quality and serum hormone levels in adult male bodybuilders<\/a><\/strong>. Life Sci. 2001 Mar 2;68(15):1769-74.<br><strong><a href=\"https:\/\/doi.org\/10.1016\/S0015-0282(16)53172-0\" target=\"_blank\" rel=\"noreferrer noopener\" aria-label=\"Anabolic steroids and semen parameters in bodybuilders (opens in a new tab)\">Anabolic steroids and semen parameters in bodybuilders<\/a><\/strong>. December 1989 Volume 52, Issue 6, Pages 1041\u20131047.<\/em><\/p>\n\n\n\n\n\n<div id=\"anchorlink-block_5cf139aca1898\" class=\"anchorlink dark \">\n            <a href=\"#buynow\" data-smooth-scroll data-animation-duration=\"750\" data-animation-easing=\"swing\" data-offset=\"-23\"><i class=\"material-icons pro-pulse\">expand_more<\/i><\/a>\n    <\/div>\n\n\n<div style=\"height:50px\" aria-hidden=\"true\" class=\"wp-block-spacer\"><\/div>\n<\/div><\/div>\n\n\n\n<div class=\"wp-block-group window-height minus-footer center\" id=\"buynow\"><div class=\"wp-block-group__inner-container is-layout-flow wp-block-group-is-layout-flow\">\n<div class=\"wp-block-image buynow apotheke\"><figure class=\"aligncenter is-resized\"><a class=\"apotheke-alt\" href=\"#\"><img loading=\"lazy\" decoding=\"async\" src=\"\/wp-content\/uploads\/2019\/05\/KAUFEN-Button.svg\" alt=\"\" class=\"wp-image-295\" width=\"500\" height=\"138\"><\/a><figcaption>PROFERTIL\u00ae ist in \u00f6sterreichischen Apotheken erh\u00e4ltlich.<\/figcaption><\/figure><\/div>\n\n\n\n<p><\/p>\n<\/div><\/div>\n","protected":false},"excerpt":{"rendered":"<p>\u201eIch w\u00fcrde sagen, dass weit mehr Anabolika-Konsumenten unfruchtbar werden, als Sie zun\u00e4chst denken w\u00fcrden \u2013 wahrscheinlich 90%\u201c (Prof. Allan Pacey, Universit\u00e4t Sheffield) FRUCHTBARKEIT &amp; ANABOLIKA VERTRAGEN SICH NICHT! Anabolika steigern nachweislich den Muskelaufbau, Ausdauer und Leistung. Doch die Einnahme von leistungsf\u00f6rdernden Substanzen (anabole Steroide) kann zu einer enormen Verschlechterung der Samenqualit\u00e4t f\u00fchren. Dar\u00fcber hinaus wurden<a class=\"excerpt-read-more\" href=\"https:\/\/profertil.eu\/at\/unfruchtbarkeit\/maennliche-fruchtbarkeit-anabole-steroide\/\" title=\"ReadM\u00e4nnliche Fruchtbarkeit &#038; anabole Steroide\">&#8230; Read more &raquo;<\/a><\/p>\n","protected":false},"author":1,"featured_media":0,"parent":678,"menu_order":2,"comment_status":"closed","ping_status":"closed","template":"template-full-width-no-title.php","meta":{"_acf_changed":false,"pgc_sgb_lightbox_settings":"","footnotes":""},"categories":[],"tags":[],"class_list":["post-4166","page","type-page","status-publish","hentry"],"acf":[],"yoast_head":"<!-- This site is optimized with the Yoast SEO plugin v26.1 - https:\/\/yoast.com\/wordpress\/plugins\/seo\/ -->\n<title>PROFERTIL\u00ae - Die Nr. 1 bei m\u00e4nnlicher Unfruchtbarkeit<\/title>\n<meta name=\"description\" content=\"Lesen Sie hier mehr zum Thema der m\u00e4nnlichen Unfruchtbarkeit und was Sie durch die Einnahme von PROFERTIL\u00ae dagegen tun k\u00f6nnen.\" \/>\n<meta name=\"robots\" content=\"index, follow, max-snippet:-1, max-image-preview:large, max-video-preview:-1\" \/>\n<link rel=\"canonical\" href=\"https:\/\/profertil.eu\/at\/unfruchtbarkeit\/maennliche-fruchtbarkeit-anabole-steroide\/\" \/>\n<meta property=\"og:locale\" content=\"de_DE\" \/>\n<meta property=\"og:type\" content=\"article\" \/>\n<meta property=\"og:title\" content=\"PROFERTIL\u00ae - Die Nr. 1 bei m\u00e4nnlicher Unfruchtbarkeit\" \/>\n<meta property=\"og:description\" content=\"Lesen Sie hier mehr zum Thema der m\u00e4nnlichen Unfruchtbarkeit und was Sie durch die Einnahme von PROFERTIL\u00ae dagegen tun k\u00f6nnen.\" \/>\n<meta property=\"og:url\" content=\"https:\/\/profertil.eu\/at\/unfruchtbarkeit\/maennliche-fruchtbarkeit-anabole-steroide\/\" \/>\n<meta property=\"og:site_name\" content=\"PROFERTIL\" \/>\n<meta property=\"article:modified_time\" content=\"2021-02-01T13:39:26+00:00\" \/>\n<meta property=\"og:image\" content=\"https:\/\/i0.wp.com\/profertil.eu\/wp-content\/uploads\/2020\/06\/Cornetto_mit-shrinking-SpermMan_k1.gif?fit=984%2C800&ssl=1\" \/>\n\t<meta property=\"og:image:width\" content=\"984\" \/>\n\t<meta property=\"og:image:height\" content=\"800\" \/>\n\t<meta property=\"og:image:type\" content=\"image\/gif\" \/>\n<meta name=\"twitter:card\" content=\"summary_large_image\" \/>\n<meta name=\"twitter:label1\" content=\"Gesch\u00e4tzte Lesezeit\" \/>\n\t<meta name=\"twitter:data1\" content=\"1 Minute\" \/>\n<script type=\"application\/ld+json\" class=\"yoast-schema-graph\">{\"@context\":\"https:\/\/schema.org\",\"@graph\":[{\"@type\":\"WebPage\",\"@id\":\"https:\/\/profertil.eu\/at\/unfruchtbarkeit\/maennliche-fruchtbarkeit-anabole-steroide\/\",\"url\":\"https:\/\/profertil.eu\/at\/unfruchtbarkeit\/maennliche-fruchtbarkeit-anabole-steroide\/\",\"name\":\"PROFERTIL\u00ae - Die Nr. 1 bei m\u00e4nnlicher Unfruchtbarkeit\",\"isPartOf\":{\"@id\":\"https:\/\/profertil.eu\/#website\"},\"primaryImageOfPage\":{\"@id\":\"https:\/\/profertil.eu\/at\/unfruchtbarkeit\/maennliche-fruchtbarkeit-anabole-steroide\/#primaryimage\"},\"image\":{\"@id\":\"https:\/\/profertil.eu\/at\/unfruchtbarkeit\/maennliche-fruchtbarkeit-anabole-steroide\/#primaryimage\"},\"thumbnailUrl\":\"https:\/\/profertil.eu\/wp-content\/uploads\/2020\/06\/Cornetto_mit-shrinking-SpermMan_k1.gif\",\"datePublished\":\"2020-06-18T12:00:15+00:00\",\"dateModified\":\"2021-02-01T13:39:26+00:00\",\"description\":\"Lesen Sie hier mehr zum Thema der m\u00e4nnlichen Unfruchtbarkeit und was Sie durch die Einnahme von PROFERTIL\u00ae dagegen tun k\u00f6nnen.\",\"breadcrumb\":{\"@id\":\"https:\/\/profertil.eu\/at\/unfruchtbarkeit\/maennliche-fruchtbarkeit-anabole-steroide\/#breadcrumb\"},\"inLanguage\":\"de-AT\",\"potentialAction\":[{\"@type\":\"ReadAction\",\"target\":[\"https:\/\/profertil.eu\/at\/unfruchtbarkeit\/maennliche-fruchtbarkeit-anabole-steroide\/\"]}]},{\"@type\":\"ImageObject\",\"inLanguage\":\"de-AT\",\"@id\":\"https:\/\/profertil.eu\/at\/unfruchtbarkeit\/maennliche-fruchtbarkeit-anabole-steroide\/#primaryimage\",\"url\":\"https:\/\/profertil.eu\/wp-content\/uploads\/2020\/06\/Cornetto_mit-shrinking-SpermMan_k1.gif\",\"contentUrl\":\"https:\/\/profertil.eu\/wp-content\/uploads\/2020\/06\/Cornetto_mit-shrinking-SpermMan_k1.gif\"},{\"@type\":\"BreadcrumbList\",\"@id\":\"https:\/\/profertil.eu\/at\/unfruchtbarkeit\/maennliche-fruchtbarkeit-anabole-steroide\/#breadcrumb\",\"itemListElement\":[{\"@type\":\"ListItem\",\"position\":1,\"name\":\"Home\",\"item\":\"https:\/\/profertil.eu\/at\/\"},{\"@type\":\"ListItem\",\"position\":2,\"name\":\"Unfruchtbarkeit\",\"item\":\"https:\/\/profertil.eu\/at\/unfruchtbarkeit\/\"},{\"@type\":\"ListItem\",\"position\":3,\"name\":\"M\u00e4nnliche Fruchtbarkeit &#038; anabole Steroide\"}]},{\"@type\":\"WebSite\",\"@id\":\"https:\/\/profertil.eu\/#website\",\"url\":\"https:\/\/profertil.eu\/\",\"name\":\"PROFERTIL\",\"description\":\"No. 1 proven efficacy in male fertility\",\"publisher\":{\"@id\":\"https:\/\/profertil.eu\/#organization\"},\"potentialAction\":[{\"@type\":\"SearchAction\",\"target\":{\"@type\":\"EntryPoint\",\"urlTemplate\":\"https:\/\/profertil.eu\/?s={search_term_string}\"},\"query-input\":{\"@type\":\"PropertyValueSpecification\",\"valueRequired\":true,\"valueName\":\"search_term_string\"}}],\"inLanguage\":\"de-AT\"},{\"@type\":\"Organization\",\"@id\":\"https:\/\/profertil.eu\/#organization\",\"name\":\"PROFERTIL\",\"url\":\"https:\/\/profertil.eu\/\",\"logo\":{\"@type\":\"ImageObject\",\"inLanguage\":\"de-AT\",\"@id\":\"https:\/\/profertil.eu\/#\/schema\/logo\/image\/\",\"url\":\"https:\/\/profertil.eu\/wp-content\/uploads\/2025\/10\/PROFERTIL-logo-2025.svg\",\"contentUrl\":\"https:\/\/profertil.eu\/wp-content\/uploads\/2025\/10\/PROFERTIL-logo-2025.svg\",\"width\":712,\"height\":112,\"caption\":\"PROFERTIL\"},\"image\":{\"@id\":\"https:\/\/profertil.eu\/#\/schema\/logo\/image\/\"}}]}<\/script>\n<!-- \/ Yoast SEO plugin. -->","yoast_head_json":{"title":"PROFERTIL\u00ae - Die Nr. 1 bei m\u00e4nnlicher Unfruchtbarkeit","description":"Lesen Sie hier mehr zum Thema der m\u00e4nnlichen Unfruchtbarkeit und was Sie durch die Einnahme von PROFERTIL\u00ae dagegen tun k\u00f6nnen.","robots":{"index":"index","follow":"follow","max-snippet":"max-snippet:-1","max-image-preview":"max-image-preview:large","max-video-preview":"max-video-preview:-1"},"canonical":"https:\/\/profertil.eu\/at\/unfruchtbarkeit\/maennliche-fruchtbarkeit-anabole-steroide\/","og_locale":"de_DE","og_type":"article","og_title":"PROFERTIL\u00ae - Die Nr. 1 bei m\u00e4nnlicher Unfruchtbarkeit","og_description":"Lesen Sie hier mehr zum Thema der m\u00e4nnlichen Unfruchtbarkeit und was Sie durch die Einnahme von PROFERTIL\u00ae dagegen tun k\u00f6nnen.","og_url":"https:\/\/profertil.eu\/at\/unfruchtbarkeit\/maennliche-fruchtbarkeit-anabole-steroide\/","og_site_name":"PROFERTIL","article_modified_time":"2021-02-01T13:39:26+00:00","og_image":[{"width":984,"height":800,"url":"https:\/\/i0.wp.com\/profertil.eu\/wp-content\/uploads\/2020\/06\/Cornetto_mit-shrinking-SpermMan_k1.gif?fit=984%2C800&ssl=1","type":"image\/gif"}],"twitter_card":"summary_large_image","twitter_misc":{"Gesch\u00e4tzte Lesezeit":"1 Minute"},"schema":{"@context":"https:\/\/schema.org","@graph":[{"@type":"WebPage","@id":"https:\/\/profertil.eu\/at\/unfruchtbarkeit\/maennliche-fruchtbarkeit-anabole-steroide\/","url":"https:\/\/profertil.eu\/at\/unfruchtbarkeit\/maennliche-fruchtbarkeit-anabole-steroide\/","name":"PROFERTIL\u00ae - Die Nr. 1 bei m\u00e4nnlicher Unfruchtbarkeit","isPartOf":{"@id":"https:\/\/profertil.eu\/#website"},"primaryImageOfPage":{"@id":"https:\/\/profertil.eu\/at\/unfruchtbarkeit\/maennliche-fruchtbarkeit-anabole-steroide\/#primaryimage"},"image":{"@id":"https:\/\/profertil.eu\/at\/unfruchtbarkeit\/maennliche-fruchtbarkeit-anabole-steroide\/#primaryimage"},"thumbnailUrl":"https:\/\/profertil.eu\/wp-content\/uploads\/2020\/06\/Cornetto_mit-shrinking-SpermMan_k1.gif","datePublished":"2020-06-18T12:00:15+00:00","dateModified":"2021-02-01T13:39:26+00:00","description":"Lesen Sie hier mehr zum Thema der m\u00e4nnlichen Unfruchtbarkeit und was Sie durch die Einnahme von PROFERTIL\u00ae dagegen tun k\u00f6nnen.","breadcrumb":{"@id":"https:\/\/profertil.eu\/at\/unfruchtbarkeit\/maennliche-fruchtbarkeit-anabole-steroide\/#breadcrumb"},"inLanguage":"de-AT","potentialAction":[{"@type":"ReadAction","target":["https:\/\/profertil.eu\/at\/unfruchtbarkeit\/maennliche-fruchtbarkeit-anabole-steroide\/"]}]},{"@type":"ImageObject","inLanguage":"de-AT","@id":"https:\/\/profertil.eu\/at\/unfruchtbarkeit\/maennliche-fruchtbarkeit-anabole-steroide\/#primaryimage","url":"https:\/\/profertil.eu\/wp-content\/uploads\/2020\/06\/Cornetto_mit-shrinking-SpermMan_k1.gif","contentUrl":"https:\/\/profertil.eu\/wp-content\/uploads\/2020\/06\/Cornetto_mit-shrinking-SpermMan_k1.gif"},{"@type":"BreadcrumbList","@id":"https:\/\/profertil.eu\/at\/unfruchtbarkeit\/maennliche-fruchtbarkeit-anabole-steroide\/#breadcrumb","itemListElement":[{"@type":"ListItem","position":1,"name":"Home","item":"https:\/\/profertil.eu\/at\/"},{"@type":"ListItem","position":2,"name":"Unfruchtbarkeit","item":"https:\/\/profertil.eu\/at\/unfruchtbarkeit\/"},{"@type":"ListItem","position":3,"name":"M\u00e4nnliche Fruchtbarkeit &#038; anabole Steroide"}]},{"@type":"WebSite","@id":"https:\/\/profertil.eu\/#website","url":"https:\/\/profertil.eu\/","name":"PROFERTIL","description":"No. 1 proven efficacy in male fertility","publisher":{"@id":"https:\/\/profertil.eu\/#organization"},"potentialAction":[{"@type":"SearchAction","target":{"@type":"EntryPoint","urlTemplate":"https:\/\/profertil.eu\/?s={search_term_string}"},"query-input":{"@type":"PropertyValueSpecification","valueRequired":true,"valueName":"search_term_string"}}],"inLanguage":"de-AT"},{"@type":"Organization","@id":"https:\/\/profertil.eu\/#organization","name":"PROFERTIL","url":"https:\/\/profertil.eu\/","logo":{"@type":"ImageObject","inLanguage":"de-AT","@id":"https:\/\/profertil.eu\/#\/schema\/logo\/image\/","url":"https:\/\/profertil.eu\/wp-content\/uploads\/2025\/10\/PROFERTIL-logo-2025.svg","contentUrl":"https:\/\/profertil.eu\/wp-content\/uploads\/2025\/10\/PROFERTIL-logo-2025.svg","width":712,"height":112,"caption":"PROFERTIL"},"image":{"@id":"https:\/\/profertil.eu\/#\/schema\/logo\/image\/"}}]}},"_links":{"self":[{"href":"https:\/\/profertil.eu\/at\/wp-json\/wp\/v2\/pages\/4166","targetHints":{"allow":["GET"]}}],"collection":[{"href":"https:\/\/profertil.eu\/at\/wp-json\/wp\/v2\/pages"}],"about":[{"href":"https:\/\/profertil.eu\/at\/wp-json\/wp\/v2\/types\/page"}],"author":[{"embeddable":true,"href":"https:\/\/profertil.eu\/at\/wp-json\/wp\/v2\/users\/1"}],"replies":[{"embeddable":true,"href":"https:\/\/profertil.eu\/at\/wp-json\/wp\/v2\/comments?post=4166"}],"version-history":[{"count":91,"href":"https:\/\/profertil.eu\/at\/wp-json\/wp\/v2\/pages\/4166\/revisions"}],"predecessor-version":[{"id":6056,"href":"https:\/\/profertil.eu\/at\/wp-json\/wp\/v2\/pages\/4166\/revisions\/6056"}],"up":[{"embeddable":true,"href":"https:\/\/profertil.eu\/at\/wp-json\/wp\/v2\/pages\/678"}],"wp:attachment":[{"href":"https:\/\/profertil.eu\/at\/wp-json\/wp\/v2\/media?parent=4166"}],"wp:term":[{"taxonomy":"category","embeddable":true,"href":"https:\/\/profertil.eu\/at\/wp-json\/wp\/v2\/categories?post=4166"},{"taxonomy":"post_tag","embeddable":true,"href":"https:\/\/profertil.eu\/at\/wp-json\/wp\/v2\/tags?post=4166"}],"curies":[{"name":"wp","href":"https:\/\/api.w.org\/{rel}","templated":true}]}}