 {"id":3956,"date":"2020-03-21T12:36:27","date_gmt":"2020-03-21T11:36:27","guid":{"rendered":"https:\/\/profertil.eu\/?page_id=3956"},"modified":"2021-02-01T14:34:47","modified_gmt":"2021-02-01T13:34:47","slug":"profertil-online-kaufen","status":"publish","type":"page","link":"https:\/\/profertil.eu\/at\/profertil-online-kaufen\/","title":{"rendered":"PROFERTIL\u00ae online kaufen"},"content":{"rendered":"\n<div style=\"height:25px\" aria-hidden=\"true\" class=\"wp-block-spacer\"><\/div>\n\n\n\n<p><strong>Unterst\u00fctzen Sie unsere heimische Wirtschaft. In diesen Webshops niedergelassener, \u00f6sterreichischer Apotheken k\u00f6nnen Sie <\/strong> <strong>PROFERTIL\u00ae bestellen:<\/strong><\/p>\n\n\n\n<div style=\"height:25px\" aria-hidden=\"true\" class=\"wp-block-spacer\"><\/div>\n\n\n\n<figure class=\"wp-block-table is-style-regular onlineapotheken\"><table><thead><tr><th>PLZ<\/th><th>Apotheke<\/th><\/tr><\/thead><tbody><tr><td>1070<\/td><td><a href=\"https:\/\/www.kaiserkrone.at\/produktdetail\/profertil-male-kapseln.html?detail=42359\" target=\"_blank\" rel=\"noreferrer noopener\" aria-label=\"Apotheke Zur Kaiserkrone (opens in a new tab)\">Apotheke Zur Kaiserkrone<\/a><\/td><\/tr><tr><td>1090<\/td><td><a href=\"http:\/\/www.augegottes.at\/produktdetail\/profertil-male-kapseln.html?detail=3079568\" target=\"_blank\" rel=\"noreferrer noopener\" aria-label=\"Auge Gottes Apotheke&nbsp; (opens in a new tab)\">Auge Gottes Apotheke&nbsp;<\/a><\/td><\/tr><tr><td>1100<\/td><td><a href=\"https:\/\/webshop.kurapothekeoberlaa.at\/catalog\/product\/view\/id\/3691\/s\/profertil-male-kps\/\" target=\"_blank\" rel=\"noreferrer noopener\" aria-label=\"Kur-Apotheke&nbsp;Oberlaa (opens in a new tab)\">Kur-Apotheke&nbsp;Oberlaa<\/a><\/td><\/tr><tr><td>1140<\/td><td><a href=\"https:\/\/www.belladonna.wien\/produktdetails\/profertil-male-kapseln.html?detail=42359\" target=\"_blank\" rel=\"noreferrer noopener\" aria-label=\"Belladonna-Apotheke (opens in a new tab)\">Belladonna-Apotheke<\/a><\/td><\/tr><tr><td>1170<\/td><td><a href=\"https:\/\/www.apothekenbote.at\/familie-co\/sex\/nahrungsergaenzung-sex\/1028\/profertil-male-kapseln?c=341\" target=\"_blank\" rel=\"noreferrer noopener\" aria-label=\"Linden - Apotheke (opens in a new tab)\">Linden &#8211; Apotheke<\/a><\/td><\/tr><tr><td>1180<\/td><td><a href=\"https:\/\/www.servusapotheke.at\/profertil-male-kapseln-180-stk-plus-orthomol-immun-1-tagesportion-gratis.html\" target=\"_blank\" rel=\"noreferrer noopener\" aria-label=\"St. Martin Apotheke (opens in a new tab)\">St. Martin Apotheke<\/a><\/td><\/tr><tr><td>1220<\/td><td><a href=\"https:\/\/www.seestadt-apotheke.at\/produkt\/profertil-male-kapseln\" target=\"_blank\" rel=\"noreferrer noopener\" aria-label=\"Seestadt Apotheke KG (opens in a new tab)\">Seestadt Apotheke KG<\/a><\/td><\/tr><tr><td>4020<\/td><td><a href=\"https:\/\/webshop.schillerplatzapo.at\/profertilr-180-kps.html\" target=\"_blank\" rel=\"noreferrer noopener\" aria-label=\"Apotheke am Schillerplatz&nbsp; (opens in a new tab)\">Apotheke am Schillerplatz&nbsp;<\/a><\/td><\/tr><tr><td>4813<\/td><td><a href=\"https:\/\/www.apotheke24h.at\/produktdetails\/profertil-male-kapseln.html?detail=3079568\" target=\"_blank\" rel=\"noreferrer noopener\" aria-label=\"Lilienapotheke (opens in a new tab)\">Lilienapotheke<\/a>&nbsp;<\/td><\/tr><tr><td>6922<\/td><td><a href=\"https:\/\/www.hofsteig-aposhop.at\/produktdetail\/profertil-male-kapseln.html?detail=3079568\" target=\"_blank\" rel=\"noreferrer noopener\" aria-label=\"Hofsteig&nbsp;- Apotheke (opens in a new tab)\">Hofsteig&nbsp;&#8211; Apotheke<\/a><\/td><\/tr><tr><td>7350<\/td><td><a href=\"https:\/\/www.apotheke-oberpullendorf.at\/produktdetail\/profertil-male-kapseln.html?detail=3079568\" target=\"_blank\" rel=\"noreferrer noopener\" aria-label=\"Apotheke Zum Mohren KG (opens in a new tab)\">Apotheke Zum Mohren KG<\/a><\/td><\/tr><tr><td>8770<\/td><td><a href=\"https:\/\/shop.michael-apotheke.at\/suchergebnis?cat=&amp;prod=3606&amp;scrolltop=0\" target=\"_blank\" rel=\"noreferrer noopener\" aria-label=\"Michael Apotheke KG (opens in a new tab)\">Michael Apotheke KG<\/a><\/td><\/tr><tr><td>8970<\/td><td><a href=\"https:\/\/www.edelweiss-apotheke.at\/produkt\/profertil-male-kapseln\" target=\"_blank\" rel=\"noreferrer noopener\" aria-label=\"Edelwei\u00df - Apotheke (opens in a new tab)\">Edelwei\u00df &#8211; Apotheke<\/a><\/td><\/tr><\/tbody><\/table><\/figure>\n\n\n\n<div style=\"height:100px\" aria-hidden=\"true\" class=\"wp-block-spacer\"><\/div>\n","protected":false},"excerpt":{"rendered":"<p>Unterst\u00fctzen Sie unsere heimische Wirtschaft. In diesen Webshops niedergelassener, \u00f6sterreichischer Apotheken k\u00f6nnen Sie PROFERTIL\u00ae bestellen: PLZ Apotheke 1070 Apotheke Zur Kaiserkrone 1090 Auge Gottes Apotheke&nbsp; 1100 Kur-Apotheke&nbsp;Oberlaa 1140 Belladonna-Apotheke 1170 Linden &#8211; Apotheke 1180 St. Martin Apotheke 1220 Seestadt Apotheke KG 4020 Apotheke am Schillerplatz&nbsp; 4813 Lilienapotheke&nbsp; 6922 Hofsteig&nbsp;&#8211; Apotheke 7350 Apotheke Zum Mohren KG<a class=\"excerpt-read-more\" href=\"https:\/\/profertil.eu\/at\/profertil-online-kaufen\/\" title=\"ReadPROFERTIL\u00ae online kaufen\">&#8230; Read more &raquo;<\/a><\/p>\n","protected":false},"author":1,"featured_media":0,"parent":0,"menu_order":0,"comment_status":"closed","ping_status":"closed","template":"","meta":{"_acf_changed":false,"pgc_sgb_lightbox_settings":"","footnotes":""},"categories":[],"tags":[],"class_list":["post-3956","page","type-page","status-publish","hentry"],"acf":[],"yoast_head":"<!-- This site is optimized with the Yoast SEO plugin v26.1 - https:\/\/yoast.com\/wordpress\/plugins\/seo\/ -->\n<title>PROFERTIL\u00ae online kaufen - PROFERTIL<\/title>\n<meta name=\"robots\" content=\"index, follow, max-snippet:-1, max-image-preview:large, max-video-preview:-1\" \/>\n<link rel=\"canonical\" href=\"https:\/\/profertil.eu\/at\/profertil-online-kaufen\/\" \/>\n<meta property=\"og:locale\" content=\"de_DE\" \/>\n<meta property=\"og:type\" content=\"article\" \/>\n<meta property=\"og:title\" content=\"PROFERTIL\u00ae online kaufen - PROFERTIL\" \/>\n<meta property=\"og:description\" content=\"Unterst\u00fctzen Sie unsere heimische Wirtschaft. In diesen Webshops niedergelassener, \u00f6sterreichischer Apotheken k\u00f6nnen Sie PROFERTIL\u00ae bestellen: PLZ Apotheke 1070 Apotheke Zur Kaiserkrone 1090 Auge Gottes Apotheke&nbsp; 1100 Kur-Apotheke&nbsp;Oberlaa 1140 Belladonna-Apotheke 1170 Linden &#8211; Apotheke 1180 St. Martin Apotheke 1220 Seestadt Apotheke KG 4020 Apotheke am Schillerplatz&nbsp; 4813 Lilienapotheke&nbsp; 6922 Hofsteig&nbsp;&#8211; Apotheke 7350 Apotheke Zum Mohren KG... Read more &raquo;\" \/>\n<meta property=\"og:url\" content=\"https:\/\/profertil.eu\/at\/profertil-online-kaufen\/\" \/>\n<meta property=\"og:site_name\" content=\"PROFERTIL\" \/>\n<meta property=\"article:modified_time\" content=\"2021-02-01T13:34:47+00:00\" \/>\n<meta name=\"twitter:card\" content=\"summary_large_image\" \/>\n<script type=\"application\/ld+json\" class=\"yoast-schema-graph\">{\"@context\":\"https:\/\/schema.org\",\"@graph\":[{\"@type\":\"WebPage\",\"@id\":\"https:\/\/profertil.eu\/at\/profertil-online-kaufen\/\",\"url\":\"https:\/\/profertil.eu\/at\/profertil-online-kaufen\/\",\"name\":\"PROFERTIL\u00ae online kaufen - PROFERTIL\",\"isPartOf\":{\"@id\":\"https:\/\/profertil.eu\/#website\"},\"datePublished\":\"2020-03-21T11:36:27+00:00\",\"dateModified\":\"2021-02-01T13:34:47+00:00\",\"breadcrumb\":{\"@id\":\"https:\/\/profertil.eu\/at\/profertil-online-kaufen\/#breadcrumb\"},\"inLanguage\":\"de-AT\",\"potentialAction\":[{\"@type\":\"ReadAction\",\"target\":[\"https:\/\/profertil.eu\/at\/profertil-online-kaufen\/\"]}]},{\"@type\":\"BreadcrumbList\",\"@id\":\"https:\/\/profertil.eu\/at\/profertil-online-kaufen\/#breadcrumb\",\"itemListElement\":[{\"@type\":\"ListItem\",\"position\":1,\"name\":\"Home\",\"item\":\"https:\/\/profertil.eu\/at\/\"},{\"@type\":\"ListItem\",\"position\":2,\"name\":\"PROFERTIL\u00ae online kaufen\"}]},{\"@type\":\"WebSite\",\"@id\":\"https:\/\/profertil.eu\/#website\",\"url\":\"https:\/\/profertil.eu\/\",\"name\":\"PROFERTIL\",\"description\":\"No. 1 proven efficacy in male fertility\",\"publisher\":{\"@id\":\"https:\/\/profertil.eu\/#organization\"},\"potentialAction\":[{\"@type\":\"SearchAction\",\"target\":{\"@type\":\"EntryPoint\",\"urlTemplate\":\"https:\/\/profertil.eu\/?s={search_term_string}\"},\"query-input\":{\"@type\":\"PropertyValueSpecification\",\"valueRequired\":true,\"valueName\":\"search_term_string\"}}],\"inLanguage\":\"de-AT\"},{\"@type\":\"Organization\",\"@id\":\"https:\/\/profertil.eu\/#organization\",\"name\":\"PROFERTIL\",\"url\":\"https:\/\/profertil.eu\/\",\"logo\":{\"@type\":\"ImageObject\",\"inLanguage\":\"de-AT\",\"@id\":\"https:\/\/profertil.eu\/#\/schema\/logo\/image\/\",\"url\":\"https:\/\/profertil.eu\/wp-content\/uploads\/2025\/10\/PROFERTIL-logo-2025.svg\",\"contentUrl\":\"https:\/\/profertil.eu\/wp-content\/uploads\/2025\/10\/PROFERTIL-logo-2025.svg\",\"width\":712,\"height\":112,\"caption\":\"PROFERTIL\"},\"image\":{\"@id\":\"https:\/\/profertil.eu\/#\/schema\/logo\/image\/\"}}]}<\/script>\n<!-- \/ Yoast SEO plugin. -->","yoast_head_json":{"title":"PROFERTIL\u00ae online kaufen - PROFERTIL","robots":{"index":"index","follow":"follow","max-snippet":"max-snippet:-1","max-image-preview":"max-image-preview:large","max-video-preview":"max-video-preview:-1"},"canonical":"https:\/\/profertil.eu\/at\/profertil-online-kaufen\/","og_locale":"de_DE","og_type":"article","og_title":"PROFERTIL\u00ae online kaufen - PROFERTIL","og_description":"Unterst\u00fctzen Sie unsere heimische Wirtschaft. In diesen Webshops niedergelassener, \u00f6sterreichischer Apotheken k\u00f6nnen Sie PROFERTIL\u00ae bestellen: PLZ Apotheke 1070 Apotheke Zur Kaiserkrone 1090 Auge Gottes Apotheke&nbsp; 1100 Kur-Apotheke&nbsp;Oberlaa 1140 Belladonna-Apotheke 1170 Linden &#8211; Apotheke 1180 St. Martin Apotheke 1220 Seestadt Apotheke KG 4020 Apotheke am Schillerplatz&nbsp; 4813 Lilienapotheke&nbsp; 6922 Hofsteig&nbsp;&#8211; Apotheke 7350 Apotheke Zum Mohren KG... Read more &raquo;","og_url":"https:\/\/profertil.eu\/at\/profertil-online-kaufen\/","og_site_name":"PROFERTIL","article_modified_time":"2021-02-01T13:34:47+00:00","twitter_card":"summary_large_image","schema":{"@context":"https:\/\/schema.org","@graph":[{"@type":"WebPage","@id":"https:\/\/profertil.eu\/at\/profertil-online-kaufen\/","url":"https:\/\/profertil.eu\/at\/profertil-online-kaufen\/","name":"PROFERTIL\u00ae online kaufen - PROFERTIL","isPartOf":{"@id":"https:\/\/profertil.eu\/#website"},"datePublished":"2020-03-21T11:36:27+00:00","dateModified":"2021-02-01T13:34:47+00:00","breadcrumb":{"@id":"https:\/\/profertil.eu\/at\/profertil-online-kaufen\/#breadcrumb"},"inLanguage":"de-AT","potentialAction":[{"@type":"ReadAction","target":["https:\/\/profertil.eu\/at\/profertil-online-kaufen\/"]}]},{"@type":"BreadcrumbList","@id":"https:\/\/profertil.eu\/at\/profertil-online-kaufen\/#breadcrumb","itemListElement":[{"@type":"ListItem","position":1,"name":"Home","item":"https:\/\/profertil.eu\/at\/"},{"@type":"ListItem","position":2,"name":"PROFERTIL\u00ae online kaufen"}]},{"@type":"WebSite","@id":"https:\/\/profertil.eu\/#website","url":"https:\/\/profertil.eu\/","name":"PROFERTIL","description":"No. 1 proven efficacy in male fertility","publisher":{"@id":"https:\/\/profertil.eu\/#organization"},"potentialAction":[{"@type":"SearchAction","target":{"@type":"EntryPoint","urlTemplate":"https:\/\/profertil.eu\/?s={search_term_string}"},"query-input":{"@type":"PropertyValueSpecification","valueRequired":true,"valueName":"search_term_string"}}],"inLanguage":"de-AT"},{"@type":"Organization","@id":"https:\/\/profertil.eu\/#organization","name":"PROFERTIL","url":"https:\/\/profertil.eu\/","logo":{"@type":"ImageObject","inLanguage":"de-AT","@id":"https:\/\/profertil.eu\/#\/schema\/logo\/image\/","url":"https:\/\/profertil.eu\/wp-content\/uploads\/2025\/10\/PROFERTIL-logo-2025.svg","contentUrl":"https:\/\/profertil.eu\/wp-content\/uploads\/2025\/10\/PROFERTIL-logo-2025.svg","width":712,"height":112,"caption":"PROFERTIL"},"image":{"@id":"https:\/\/profertil.eu\/#\/schema\/logo\/image\/"}}]}},"_links":{"self":[{"href":"https:\/\/profertil.eu\/at\/wp-json\/wp\/v2\/pages\/3956","targetHints":{"allow":["GET"]}}],"collection":[{"href":"https:\/\/profertil.eu\/at\/wp-json\/wp\/v2\/pages"}],"about":[{"href":"https:\/\/profertil.eu\/at\/wp-json\/wp\/v2\/types\/page"}],"author":[{"embeddable":true,"href":"https:\/\/profertil.eu\/at\/wp-json\/wp\/v2\/users\/1"}],"replies":[{"embeddable":true,"href":"https:\/\/profertil.eu\/at\/wp-json\/wp\/v2\/comments?post=3956"}],"version-history":[{"count":16,"href":"https:\/\/profertil.eu\/at\/wp-json\/wp\/v2\/pages\/3956\/revisions"}],"predecessor-version":[{"id":6024,"href":"https:\/\/profertil.eu\/at\/wp-json\/wp\/v2\/pages\/3956\/revisions\/6024"}],"wp:attachment":[{"href":"https:\/\/profertil.eu\/at\/wp-json\/wp\/v2\/media?parent=3956"}],"wp:term":[{"taxonomy":"category","embeddable":true,"href":"https:\/\/profertil.eu\/at\/wp-json\/wp\/v2\/categories?post=3956"},{"taxonomy":"post_tag","embeddable":true,"href":"https:\/\/profertil.eu\/at\/wp-json\/wp\/v2\/tags?post=3956"}],"curies":[{"name":"wp","href":"https:\/\/api.w.org\/{rel}","templated":true}]}}