 {"id":22653,"date":"2025-09-24T21:01:45","date_gmt":"2025-09-24T19:01:45","guid":{"rendered":"https:\/\/profertil.eu\/?page_id=22653"},"modified":"2025-11-10T10:25:13","modified_gmt":"2025-11-10T09:25:13","slug":"dna-studie-2023","status":"publish","type":"page","link":"https:\/\/profertil.eu\/at\/studien\/dna-studie-2023\/","title":{"rendered":"DNA-Studie 2023"},"content":{"rendered":"\n<div class=\"wp-block-cover is-light alignfull\"><span aria-hidden=\"true\" class=\"wp-block-cover__background has-background-dim-10 has-background-dim\"><\/span><img data-recalc-dims=\"1\" loading=\"lazy\" decoding=\"async\" width=\"1024\" height=\"250\" class=\"wp-block-cover__image-background wp-image-1062\" alt=\"\" src=\"https:\/\/i0.wp.com\/profertil.eu\/wp-content\/uploads\/2019\/06\/spermiogramm.jpg?resize=1024%2C250&#038;ssl=1\" style=\"object-position:14% 44%\" data-object-fit=\"cover\" data-object-position=\"14% 44%\" srcset=\"https:\/\/i0.wp.com\/profertil.eu\/wp-content\/uploads\/2019\/06\/spermiogramm.jpg?w=2048&amp;ssl=1 2048w, https:\/\/i0.wp.com\/profertil.eu\/wp-content\/uploads\/2019\/06\/spermiogramm.jpg?resize=300%2C73&amp;ssl=1 300w, https:\/\/i0.wp.com\/profertil.eu\/wp-content\/uploads\/2019\/06\/spermiogramm.jpg?resize=768%2C188&amp;ssl=1 768w, https:\/\/i0.wp.com\/profertil.eu\/wp-content\/uploads\/2019\/06\/spermiogramm.jpg?resize=1024%2C250&amp;ssl=1 1024w\" sizes=\"auto, (max-width: 1024px) 100vw, 1024px\" \/><div class=\"wp-block-cover__inner-container is-layout-flow wp-block-cover-is-layout-flow\">\n<h1 class=\"wp-block-heading has-text-align-right has-white-color has-text-color\">REDUZIERT<br><span class=\"has-red-color\">DNA-FRAGMENTIERUNG<\/span><\/h1>\n<\/div><\/div>\n\n\n\n<div class=\"wp-block-group alignfull has-red-gradient-background-color has-background\"><div class=\"wp-block-group__inner-container is-layout-flow wp-block-group-is-layout-flow\">\n<div style=\"height:20px\" aria-hidden=\"true\" class=\"wp-block-spacer\"><\/div>\n\n\n<div class=\"wp-block-image is-resized\">\n<figure class=\"aligncenter size-large\"><img data-recalc-dims=\"1\" loading=\"lazy\" decoding=\"async\" width=\"1024\" height=\"279\" src=\"https:\/\/i0.wp.com\/profertil.eu\/wp-content\/uploads\/2023\/09\/Capsule-spermium_static_Update-2023_1500px-5.png?resize=1024%2C279&#038;ssl=1\" alt=\"\" class=\"wp-image-17531\" style=\"width:480px\" srcset=\"https:\/\/i0.wp.com\/profertil.eu\/wp-content\/uploads\/2023\/09\/Capsule-spermium_static_Update-2023_1500px-5.png?resize=1024%2C279&amp;ssl=1 1024w, https:\/\/i0.wp.com\/profertil.eu\/wp-content\/uploads\/2023\/09\/Capsule-spermium_static_Update-2023_1500px-5.png?resize=300%2C82&amp;ssl=1 300w, https:\/\/i0.wp.com\/profertil.eu\/wp-content\/uploads\/2023\/09\/Capsule-spermium_static_Update-2023_1500px-5.png?resize=768%2C209&amp;ssl=1 768w, https:\/\/i0.wp.com\/profertil.eu\/wp-content\/uploads\/2023\/09\/Capsule-spermium_static_Update-2023_1500px-5.png?w=1500&amp;ssl=1 1500w\" sizes=\"auto, (max-width: 1024px) 100vw, 1024px\" \/><\/figure><\/div>\n\n\n<p class=\"has-text-align-center medium-width has-white-color has-text-color\" style=\"font-size:30px\">\u00bbSignifikante Reduktion von DNA-Br\u00fcchen in Samenzellen\u00ab<\/p>\n\n\n\n<div style=\"height:30px\" aria-hidden=\"true\" class=\"wp-block-spacer\"><\/div>\n<\/div><\/div>\n\n\n\n<div class=\"wp-block-group alignfull\"><div class=\"wp-block-group__inner-container is-layout-flow wp-block-group-is-layout-flow\">\n<div class=\"wp-block-columns are-vertically-aligned-center is-layout-flex wp-container-core-columns-is-layout-1 wp-block-columns-is-layout-flex\">\n<div class=\"wp-block-column is-vertically-aligned-center small-order-2 medium-order-1 is-layout-flow wp-block-column-is-layout-flow\" style=\"flex-basis:60%\">\n<p class=\"has-medium-font-size\">DNA-STUDIE 2023<\/p>\n\n\n\n<h3 class=\"wp-block-heading has-red-color has-text-color has-link-color wp-elements-ade7dc9e86645a7a8174f3a050474444\">PROFERTIL\u00ae reduziert signifikant den durchschnittlichen DFI (DNA-Fragmentationsindex) um 23,7%<\/h3>\n<\/div>\n\n\n\n<div class=\"wp-block-column is-vertically-aligned-center small-order-1 medium-order-2 is-layout-flow wp-block-column-is-layout-flow\"><div class=\"wp-block-image bubble\">\n<figure class=\"aligncenter size-full is-resized\"><img data-recalc-dims=\"1\" loading=\"lazy\" decoding=\"async\" width=\"1024\" height=\"890\" src=\"https:\/\/i0.wp.com\/profertil.eu\/wp-content\/uploads\/2025\/09\/DNA-studie-2023-bubble-at.png?resize=1024%2C890&#038;ssl=1\" alt=\"\" class=\"wp-image-22656\" style=\"width:397px;height:auto\" srcset=\"https:\/\/i0.wp.com\/profertil.eu\/wp-content\/uploads\/2025\/09\/DNA-studie-2023-bubble-at.png?w=1216&amp;ssl=1 1216w, https:\/\/i0.wp.com\/profertil.eu\/wp-content\/uploads\/2025\/09\/DNA-studie-2023-bubble-at.png?resize=300%2C261&amp;ssl=1 300w, https:\/\/i0.wp.com\/profertil.eu\/wp-content\/uploads\/2025\/09\/DNA-studie-2023-bubble-at.png?resize=1024%2C890&amp;ssl=1 1024w, https:\/\/i0.wp.com\/profertil.eu\/wp-content\/uploads\/2025\/09\/DNA-studie-2023-bubble-at.png?resize=768%2C668&amp;ssl=1 768w, https:\/\/i0.wp.com\/profertil.eu\/wp-content\/uploads\/2025\/09\/DNA-studie-2023-bubble-at.png?resize=50%2C43&amp;ssl=1 50w\" sizes=\"auto, (max-width: 1024px) 100vw, 1024px\" \/><\/figure><\/div><\/div>\n<\/div>\n\n\n\n<div class=\"wp-block-columns is-layout-flex wp-container-core-columns-is-layout-2 wp-block-columns-is-layout-flex\">\n<div class=\"wp-block-column small-order-2 medium-order-1 is-layout-flow wp-block-column-is-layout-flow\" style=\"flex-basis:66.6%\">\n<figure class=\"wp-block-image size-full is-resized\"><img data-recalc-dims=\"1\" loading=\"lazy\" decoding=\"async\" width=\"1024\" height=\"941\" src=\"https:\/\/i0.wp.com\/profertil.eu\/wp-content\/uploads\/2025\/09\/DNA-studie-2023-grafik-at.png?resize=1024%2C941&#038;ssl=1\" alt=\"\" class=\"wp-image-22675\" style=\"width:640px\" srcset=\"https:\/\/i0.wp.com\/profertil.eu\/wp-content\/uploads\/2025\/09\/DNA-studie-2023-grafik-at.png?w=1680&amp;ssl=1 1680w, https:\/\/i0.wp.com\/profertil.eu\/wp-content\/uploads\/2025\/09\/DNA-studie-2023-grafik-at.png?resize=300%2C276&amp;ssl=1 300w, https:\/\/i0.wp.com\/profertil.eu\/wp-content\/uploads\/2025\/09\/DNA-studie-2023-grafik-at.png?resize=1024%2C941&amp;ssl=1 1024w, https:\/\/i0.wp.com\/profertil.eu\/wp-content\/uploads\/2025\/09\/DNA-studie-2023-grafik-at.png?resize=768%2C706&amp;ssl=1 768w, https:\/\/i0.wp.com\/profertil.eu\/wp-content\/uploads\/2025\/09\/DNA-studie-2023-grafik-at.png?resize=50%2C46&amp;ssl=1 50w, https:\/\/i0.wp.com\/profertil.eu\/wp-content\/uploads\/2025\/09\/DNA-studie-2023-grafik-at.png?resize=1600%2C1470&amp;ssl=1 1600w, https:\/\/i0.wp.com\/profertil.eu\/wp-content\/uploads\/2025\/09\/DNA-studie-2023-grafik-at.png?resize=1536%2C1412&amp;ssl=1 1536w\" sizes=\"auto, (max-width: 1024px) 100vw, 1024px\" \/><\/figure>\n<\/div>\n\n\n\n<div class=\"wp-block-column small-order-1 medium-order-2 is-layout-flow wp-block-column-is-layout-flow\">\n<div style=\"height:2rem\" aria-hidden=\"true\" class=\"wp-block-spacer hide-for-medium\"><\/div>\n\n\n\n<figure class=\"wp-block-image size-full is-resized\"><img loading=\"lazy\" decoding=\"async\" width=\"1000\" height=\"244\" src=\"https:\/\/i0.wp.com\/profertil.eu\/wp-content\/uploads\/2025\/09\/bmc-logo.png?fit=1000%2C244&amp;ssl=1\" alt=\"\" class=\"wp-image-22665\" style=\"width:200px\" srcset=\"https:\/\/i0.wp.com\/profertil.eu\/wp-content\/uploads\/2025\/09\/bmc-logo.png?w=1000&amp;ssl=1 1000w, https:\/\/i0.wp.com\/profertil.eu\/wp-content\/uploads\/2025\/09\/bmc-logo.png?resize=300%2C73&amp;ssl=1 300w, https:\/\/i0.wp.com\/profertil.eu\/wp-content\/uploads\/2025\/09\/bmc-logo.png?resize=768%2C187&amp;ssl=1 768w, https:\/\/i0.wp.com\/profertil.eu\/wp-content\/uploads\/2025\/09\/bmc-logo.png?resize=50%2C12&amp;ssl=1 50w\" sizes=\"auto, (max-width: 1000px) 100vw, 1000px\" \/><\/figure>\n\n\n\n<div style=\"height:2rem\" aria-hidden=\"true\" class=\"wp-block-spacer\"><\/div>\n\n\n\n<p class=\"has-small-font-size\"><strong>Anzahl der Patienten:<\/strong><br>n = 71<\/p>\n\n\n\n<div style=\"height:30px\" aria-hidden=\"true\" class=\"wp-block-spacer\"><\/div>\n<\/div>\n<\/div>\n\n\n\n<div style=\"height:50px\" aria-hidden=\"true\" class=\"wp-block-spacer\"><\/div>\n\n\n\n<div class=\"wp-block-columns is-layout-flex wp-container-core-columns-is-layout-3 wp-block-columns-is-layout-flex\">\n<div class=\"wp-block-column is-layout-flow wp-block-column-is-layout-flow\" style=\"flex-basis:66.6%\">\n<h3 class=\"wp-block-heading has-red-color has-text-color\">Die einzigartige, patentierte Zusammensetzung von PROFERTIL\u00ae:<\/h3>\n\n\n\n<ul class=\"wp-block-list studylist\">\n<li>reduziert DNA-Br\u00fcche signifikant auch in klinisch herausfordernden F\u00e4llen (durchschnittlicher DFI von 45,6 %).<\/li>\n<\/ul>\n\n\n\n<div style=\"height:30px\" aria-hidden=\"true\" class=\"wp-block-spacer\"><\/div>\n\n\n\n<p class=\"has-small-font-size\">DNA-Study 2023: Nguyen ND, et al. Basic and Clinical Andrology (2023) 33:23.<br>Interventional trial, men with DFI\u2265 30%, n= 71, 3 months PROFERTIL\u00ae, tested with SDF<\/p>\n<\/div>\n\n\n\n<div class=\"wp-block-column is-layout-flow wp-block-column-is-layout-flow\"><\/div>\n<\/div>\n\n\n\n<div style=\"height:50px\" aria-hidden=\"true\" class=\"wp-block-spacer\"><\/div>\n\n\n\n\n\n<div id=\"anchorlink-block_a3c7d9a5cce79c2c206ef517c27e9ab4\" class=\"anchorlink dark \">\n            <a href=\"#packshot\" data-smooth-scroll data-animation-duration=\"750\" data-animation-easing=\"swing\" data-offset=\"-23\"><i class=\"material-icons pro-pulse\">expand_more<\/i><\/a>\n    <\/div><\/div><\/div>\n\n\n\n<p><\/p>\n\n\n\n<div class=\"wp-block-group alignfull has-red-gradient-background-color has-background\" id=\"packshot\"><div class=\"wp-block-group__inner-container is-layout-flow wp-block-group-is-layout-flow\">\n<div class=\"wp-block-columns has-2-columns show-for-large is-layout-flex wp-container-core-columns-is-layout-4 wp-block-columns-is-layout-flex\">\n<div class=\"wp-block-column is-vertically-aligned-center is-layout-flow wp-block-column-is-layout-flow\"><div class=\"wp-block-image\">\n<figure class=\"alignright size-large\"><img data-recalc-dims=\"1\" loading=\"lazy\" decoding=\"async\" width=\"572\" height=\"123\" src=\"https:\/\/i0.wp.com\/profertil.eu\/wp-content\/uploads\/2019\/07\/1-bewiesene-wirkung.png?resize=572%2C123&#038;ssl=1\" alt=\"#1 bewiesene Wirksamkeit bei m\u00e4nnlicher Unfruchtbarkeit\" class=\"wp-image-2496\" srcset=\"https:\/\/i0.wp.com\/profertil.eu\/wp-content\/uploads\/2019\/07\/1-bewiesene-wirkung.png?w=572&amp;ssl=1 572w, https:\/\/i0.wp.com\/profertil.eu\/wp-content\/uploads\/2019\/07\/1-bewiesene-wirkung.png?resize=300%2C65&amp;ssl=1 300w\" sizes=\"auto, (max-width: 572px) 100vw, 572px\" \/><\/figure><\/div><\/div>\n\n\n\n<div class=\"wp-block-column is-vertically-aligned-center is-layout-flow wp-block-column-is-layout-flow\">\n<div style=\"height:50px\" aria-hidden=\"true\" class=\"wp-block-spacer\"><\/div>\n\n\n\n<figure class=\"wp-block-image size-full is-resized\"><img data-recalc-dims=\"1\" loading=\"lazy\" decoding=\"async\" width=\"1024\" height=\"479\" src=\"https:\/\/i0.wp.com\/profertil.eu\/wp-content\/uploads\/2025\/11\/Packshot-Schwangerschaftsrate-DE.png?resize=1024%2C479&#038;ssl=1\" alt=\"\" class=\"wp-image-23597\" style=\"width:460px\" srcset=\"https:\/\/i0.wp.com\/profertil.eu\/wp-content\/uploads\/2025\/11\/Packshot-Schwangerschaftsrate-DE.png?w=2060&amp;ssl=1 2060w, https:\/\/i0.wp.com\/profertil.eu\/wp-content\/uploads\/2025\/11\/Packshot-Schwangerschaftsrate-DE.png?resize=300%2C140&amp;ssl=1 300w, https:\/\/i0.wp.com\/profertil.eu\/wp-content\/uploads\/2025\/11\/Packshot-Schwangerschaftsrate-DE.png?resize=1024%2C479&amp;ssl=1 1024w, https:\/\/i0.wp.com\/profertil.eu\/wp-content\/uploads\/2025\/11\/Packshot-Schwangerschaftsrate-DE.png?resize=768%2C359&amp;ssl=1 768w, https:\/\/i0.wp.com\/profertil.eu\/wp-content\/uploads\/2025\/11\/Packshot-Schwangerschaftsrate-DE.png?resize=50%2C23&amp;ssl=1 50w, https:\/\/i0.wp.com\/profertil.eu\/wp-content\/uploads\/2025\/11\/Packshot-Schwangerschaftsrate-DE.png?resize=1600%2C749&amp;ssl=1 1600w, https:\/\/i0.wp.com\/profertil.eu\/wp-content\/uploads\/2025\/11\/Packshot-Schwangerschaftsrate-DE.png?resize=1536%2C719&amp;ssl=1 1536w, https:\/\/i0.wp.com\/profertil.eu\/wp-content\/uploads\/2025\/11\/Packshot-Schwangerschaftsrate-DE.png?resize=2048%2C958&amp;ssl=1 2048w\" sizes=\"auto, (max-width: 1024px) 100vw, 1024px\" \/><\/figure>\n\n\n\n<div style=\"height:50px\" aria-hidden=\"true\" class=\"wp-block-spacer\"><\/div>\n<\/div>\n<\/div>\n\n\n\n<div class=\"wp-block-columns has-2-columns hide-for-large is-layout-flex wp-container-core-columns-is-layout-5 wp-block-columns-is-layout-flex\">\n<div class=\"wp-block-column is-vertically-aligned-center is-layout-flow wp-block-column-is-layout-flow\"><div class=\"wp-block-image\">\n<figure class=\"aligncenter size-large\"><img data-recalc-dims=\"1\" loading=\"lazy\" decoding=\"async\" width=\"572\" height=\"123\" src=\"https:\/\/i0.wp.com\/profertil.eu\/wp-content\/uploads\/2019\/07\/1-bewiesene-wirkung.png?resize=572%2C123&#038;ssl=1\" alt=\"#1 bewiesene Wirksamkeit bei m\u00e4nnlicher Unfruchtbarkeit\" class=\"wp-image-2496\" srcset=\"https:\/\/i0.wp.com\/profertil.eu\/wp-content\/uploads\/2019\/07\/1-bewiesene-wirkung.png?w=572&amp;ssl=1 572w, https:\/\/i0.wp.com\/profertil.eu\/wp-content\/uploads\/2019\/07\/1-bewiesene-wirkung.png?resize=300%2C65&amp;ssl=1 300w\" sizes=\"auto, (max-width: 572px) 100vw, 572px\" \/><\/figure><\/div><\/div>\n\n\n\n<div class=\"wp-block-column is-vertically-aligned-center is-layout-flow wp-block-column-is-layout-flow\">\n<div style=\"height:50px\" aria-hidden=\"true\" class=\"wp-block-spacer\"><\/div>\n\n\n<div class=\"wp-block-image\">\n<figure class=\"aligncenter size-full is-resized\"><img data-recalc-dims=\"1\" loading=\"lazy\" decoding=\"async\" width=\"1024\" height=\"479\" src=\"https:\/\/i0.wp.com\/profertil.eu\/wp-content\/uploads\/2025\/11\/Packshot-Schwangerschaftsrate-DE.png?resize=1024%2C479&#038;ssl=1\" alt=\"\" class=\"wp-image-23597\" style=\"width:460px\" srcset=\"https:\/\/i0.wp.com\/profertil.eu\/wp-content\/uploads\/2025\/11\/Packshot-Schwangerschaftsrate-DE.png?w=2060&amp;ssl=1 2060w, https:\/\/i0.wp.com\/profertil.eu\/wp-content\/uploads\/2025\/11\/Packshot-Schwangerschaftsrate-DE.png?resize=300%2C140&amp;ssl=1 300w, https:\/\/i0.wp.com\/profertil.eu\/wp-content\/uploads\/2025\/11\/Packshot-Schwangerschaftsrate-DE.png?resize=1024%2C479&amp;ssl=1 1024w, https:\/\/i0.wp.com\/profertil.eu\/wp-content\/uploads\/2025\/11\/Packshot-Schwangerschaftsrate-DE.png?resize=768%2C359&amp;ssl=1 768w, https:\/\/i0.wp.com\/profertil.eu\/wp-content\/uploads\/2025\/11\/Packshot-Schwangerschaftsrate-DE.png?resize=50%2C23&amp;ssl=1 50w, https:\/\/i0.wp.com\/profertil.eu\/wp-content\/uploads\/2025\/11\/Packshot-Schwangerschaftsrate-DE.png?resize=1600%2C749&amp;ssl=1 1600w, https:\/\/i0.wp.com\/profertil.eu\/wp-content\/uploads\/2025\/11\/Packshot-Schwangerschaftsrate-DE.png?resize=1536%2C719&amp;ssl=1 1536w, https:\/\/i0.wp.com\/profertil.eu\/wp-content\/uploads\/2025\/11\/Packshot-Schwangerschaftsrate-DE.png?resize=2048%2C958&amp;ssl=1 2048w\" sizes=\"auto, (max-width: 1024px) 100vw, 1024px\" \/><\/figure><\/div>\n\n\n<div style=\"height:50px\" aria-hidden=\"true\" class=\"wp-block-spacer\"><\/div>\n<\/div>\n<\/div>\n\n\n\n\n\n<div id=\"anchorlink-block_7cc3b2dc6d47acaaf32b59db7bf12653\" class=\"anchorlink light \">\n            <a href=\"#buynow\" data-smooth-scroll data-animation-duration=\"750\" data-animation-easing=\"swing\" data-offset=\"-23\"><i class=\"material-icons pro-pulse\">expand_more<\/i><\/a>\n    <\/div>\n\n\n<p><\/p>\n<\/div><\/div>\n\n\n\n<div class=\"wp-block-group window-height minus-footer center\" id=\"buynow\"><div class=\"wp-block-group__inner-container is-layout-flow wp-block-group-is-layout-flow\">\n<div class=\"wp-block-image buynow apotheke\"><figure class=\"aligncenter is-resized\"><a class=\"apotheke-alt\" href=\"#\"><img loading=\"lazy\" decoding=\"async\" src=\"\/wp-content\/uploads\/2019\/05\/KAUFEN-Button.svg\" alt=\"\" class=\"wp-image-295\" width=\"500\" height=\"138\"><\/a><figcaption>PROFERTIL\u00ae ist in \u00f6sterreichischen Apotheken erh\u00e4ltlich.<\/figcaption><\/figure><\/div>\n\n\n\n<p><\/p>\n<\/div><\/div>\n","protected":false},"excerpt":{"rendered":"<p>\u00bbSignifikante Reduktion von DNA-Br\u00fcchen in Samenzellen\u00ab DNA-STUDIE 2023 PROFERTIL\u00ae reduziert signifikant den durchschnittlichen DFI (DNA-Fragmentationsindex) um 23,7% Anzahl der Patienten:n = 71 Die einzigartige, patentierte Zusammensetzung von PROFERTIL\u00ae: DNA-Study 2023: Nguyen ND, et al. Basic and Clinical Andrology (2023) 33:23.Interventional trial, men with DFI\u2265 30%, n= 71, 3 months PROFERTIL\u00ae, tested with SDF<\/p>\n","protected":false},"author":1,"featured_media":0,"parent":692,"menu_order":2,"comment_status":"closed","ping_status":"closed","template":"template-study.php","meta":{"_acf_changed":false,"pgc_sgb_lightbox_settings":"","footnotes":""},"categories":[],"tags":[],"class_list":["post-22653","page","type-page","status-publish","hentry"],"acf":[],"yoast_head":"<!-- This site is optimized with the Yoast SEO plugin v26.1 - https:\/\/yoast.com\/wordpress\/plugins\/seo\/ -->\n<title>PROFERTIL\u00ae - Die Nr. 1 bei m\u00e4nnlicher Unfruchtbarkeit<\/title>\n<meta name=\"description\" content=\"DNA-Br\u00fcche in Spermien k\u00f6nnen eine Ursache f\u00fcr m\u00e4nnliche Unfruchtbarkeit sein. PROFERTIL\u00ae sch\u00fctzt Spermien-DNA zuverl\u00e4ssig.\" \/>\n<meta name=\"robots\" content=\"index, follow, max-snippet:-1, max-image-preview:large, max-video-preview:-1\" \/>\n<link rel=\"canonical\" href=\"https:\/\/profertil.eu\/at\/studien\/dna-studie-2023\/\" \/>\n<meta property=\"og:locale\" content=\"de_DE\" \/>\n<meta property=\"og:type\" content=\"article\" \/>\n<meta property=\"og:title\" content=\"PROFERTIL\u00ae - Die Nr. 1 bei m\u00e4nnlicher Unfruchtbarkeit\" \/>\n<meta property=\"og:description\" content=\"DNA-Br\u00fcche in Spermien k\u00f6nnen eine Ursache f\u00fcr m\u00e4nnliche Unfruchtbarkeit sein. PROFERTIL\u00ae sch\u00fctzt Spermien-DNA zuverl\u00e4ssig.\" \/>\n<meta property=\"og:url\" content=\"https:\/\/profertil.eu\/at\/studien\/dna-studie-2023\/\" \/>\n<meta property=\"og:site_name\" content=\"PROFERTIL\" \/>\n<meta property=\"article:modified_time\" content=\"2025-11-10T09:25:13+00:00\" \/>\n<meta property=\"og:image\" content=\"https:\/\/profertil.eu\/wp-content\/uploads\/2019\/06\/spermiogramm.jpg\" \/>\n<meta name=\"twitter:card\" content=\"summary_large_image\" \/>\n<meta name=\"twitter:label1\" content=\"Gesch\u00e4tzte Lesezeit\" \/>\n\t<meta name=\"twitter:data1\" content=\"4 Minuten\" \/>\n<script type=\"application\/ld+json\" class=\"yoast-schema-graph\">{\"@context\":\"https:\/\/schema.org\",\"@graph\":[{\"@type\":\"WebPage\",\"@id\":\"https:\/\/profertil.eu\/at\/studien\/dna-studie-2023\/\",\"url\":\"https:\/\/profertil.eu\/at\/studien\/dna-studie-2023\/\",\"name\":\"PROFERTIL\u00ae - Die Nr. 1 bei m\u00e4nnlicher Unfruchtbarkeit\",\"isPartOf\":{\"@id\":\"https:\/\/profertil.eu\/#website\"},\"primaryImageOfPage\":{\"@id\":\"https:\/\/profertil.eu\/at\/studien\/dna-studie-2023\/#primaryimage\"},\"image\":{\"@id\":\"https:\/\/profertil.eu\/at\/studien\/dna-studie-2023\/#primaryimage\"},\"thumbnailUrl\":\"https:\/\/profertil.eu\/wp-content\/uploads\/2019\/06\/spermiogramm.jpg\",\"datePublished\":\"2025-09-24T19:01:45+00:00\",\"dateModified\":\"2025-11-10T09:25:13+00:00\",\"description\":\"DNA-Br\u00fcche in Spermien k\u00f6nnen eine Ursache f\u00fcr m\u00e4nnliche Unfruchtbarkeit sein. PROFERTIL\u00ae sch\u00fctzt Spermien-DNA zuverl\u00e4ssig.\",\"breadcrumb\":{\"@id\":\"https:\/\/profertil.eu\/at\/studien\/dna-studie-2023\/#breadcrumb\"},\"inLanguage\":\"de-AT\",\"potentialAction\":[{\"@type\":\"ReadAction\",\"target\":[\"https:\/\/profertil.eu\/at\/studien\/dna-studie-2023\/\"]}]},{\"@type\":\"ImageObject\",\"inLanguage\":\"de-AT\",\"@id\":\"https:\/\/profertil.eu\/at\/studien\/dna-studie-2023\/#primaryimage\",\"url\":\"https:\/\/profertil.eu\/wp-content\/uploads\/2019\/06\/spermiogramm.jpg\",\"contentUrl\":\"https:\/\/profertil.eu\/wp-content\/uploads\/2019\/06\/spermiogramm.jpg\"},{\"@type\":\"BreadcrumbList\",\"@id\":\"https:\/\/profertil.eu\/at\/studien\/dna-studie-2023\/#breadcrumb\",\"itemListElement\":[{\"@type\":\"ListItem\",\"position\":1,\"name\":\"Home\",\"item\":\"https:\/\/profertil.eu\/at\/\"},{\"@type\":\"ListItem\",\"position\":2,\"name\":\"Studien\",\"item\":\"https:\/\/profertil.eu\/at\/studien\/\"},{\"@type\":\"ListItem\",\"position\":3,\"name\":\"DNA-Studie 2023\"}]},{\"@type\":\"WebSite\",\"@id\":\"https:\/\/profertil.eu\/#website\",\"url\":\"https:\/\/profertil.eu\/\",\"name\":\"PROFERTIL\",\"description\":\"No. 1 proven efficacy in male fertility\",\"publisher\":{\"@id\":\"https:\/\/profertil.eu\/#organization\"},\"potentialAction\":[{\"@type\":\"SearchAction\",\"target\":{\"@type\":\"EntryPoint\",\"urlTemplate\":\"https:\/\/profertil.eu\/?s={search_term_string}\"},\"query-input\":{\"@type\":\"PropertyValueSpecification\",\"valueRequired\":true,\"valueName\":\"search_term_string\"}}],\"inLanguage\":\"de-AT\"},{\"@type\":\"Organization\",\"@id\":\"https:\/\/profertil.eu\/#organization\",\"name\":\"PROFERTIL\",\"url\":\"https:\/\/profertil.eu\/\",\"logo\":{\"@type\":\"ImageObject\",\"inLanguage\":\"de-AT\",\"@id\":\"https:\/\/profertil.eu\/#\/schema\/logo\/image\/\",\"url\":\"https:\/\/profertil.eu\/wp-content\/uploads\/2025\/10\/PROFERTIL-logo-2025.svg\",\"contentUrl\":\"https:\/\/profertil.eu\/wp-content\/uploads\/2025\/10\/PROFERTIL-logo-2025.svg\",\"width\":712,\"height\":112,\"caption\":\"PROFERTIL\"},\"image\":{\"@id\":\"https:\/\/profertil.eu\/#\/schema\/logo\/image\/\"}}]}<\/script>\n<!-- \/ Yoast SEO plugin. -->","yoast_head_json":{"title":"PROFERTIL\u00ae - Die Nr. 1 bei m\u00e4nnlicher Unfruchtbarkeit","description":"DNA-Br\u00fcche in Spermien k\u00f6nnen eine Ursache f\u00fcr m\u00e4nnliche Unfruchtbarkeit sein. PROFERTIL\u00ae sch\u00fctzt Spermien-DNA zuverl\u00e4ssig.","robots":{"index":"index","follow":"follow","max-snippet":"max-snippet:-1","max-image-preview":"max-image-preview:large","max-video-preview":"max-video-preview:-1"},"canonical":"https:\/\/profertil.eu\/at\/studien\/dna-studie-2023\/","og_locale":"de_DE","og_type":"article","og_title":"PROFERTIL\u00ae - Die Nr. 1 bei m\u00e4nnlicher Unfruchtbarkeit","og_description":"DNA-Br\u00fcche in Spermien k\u00f6nnen eine Ursache f\u00fcr m\u00e4nnliche Unfruchtbarkeit sein. PROFERTIL\u00ae sch\u00fctzt Spermien-DNA zuverl\u00e4ssig.","og_url":"https:\/\/profertil.eu\/at\/studien\/dna-studie-2023\/","og_site_name":"PROFERTIL","article_modified_time":"2025-11-10T09:25:13+00:00","og_image":[{"url":"https:\/\/profertil.eu\/wp-content\/uploads\/2019\/06\/spermiogramm.jpg","type":"","width":"","height":""}],"twitter_card":"summary_large_image","twitter_misc":{"Gesch\u00e4tzte Lesezeit":"4 Minuten"},"schema":{"@context":"https:\/\/schema.org","@graph":[{"@type":"WebPage","@id":"https:\/\/profertil.eu\/at\/studien\/dna-studie-2023\/","url":"https:\/\/profertil.eu\/at\/studien\/dna-studie-2023\/","name":"PROFERTIL\u00ae - Die Nr. 1 bei m\u00e4nnlicher Unfruchtbarkeit","isPartOf":{"@id":"https:\/\/profertil.eu\/#website"},"primaryImageOfPage":{"@id":"https:\/\/profertil.eu\/at\/studien\/dna-studie-2023\/#primaryimage"},"image":{"@id":"https:\/\/profertil.eu\/at\/studien\/dna-studie-2023\/#primaryimage"},"thumbnailUrl":"https:\/\/profertil.eu\/wp-content\/uploads\/2019\/06\/spermiogramm.jpg","datePublished":"2025-09-24T19:01:45+00:00","dateModified":"2025-11-10T09:25:13+00:00","description":"DNA-Br\u00fcche in Spermien k\u00f6nnen eine Ursache f\u00fcr m\u00e4nnliche Unfruchtbarkeit sein. PROFERTIL\u00ae sch\u00fctzt Spermien-DNA zuverl\u00e4ssig.","breadcrumb":{"@id":"https:\/\/profertil.eu\/at\/studien\/dna-studie-2023\/#breadcrumb"},"inLanguage":"de-AT","potentialAction":[{"@type":"ReadAction","target":["https:\/\/profertil.eu\/at\/studien\/dna-studie-2023\/"]}]},{"@type":"ImageObject","inLanguage":"de-AT","@id":"https:\/\/profertil.eu\/at\/studien\/dna-studie-2023\/#primaryimage","url":"https:\/\/profertil.eu\/wp-content\/uploads\/2019\/06\/spermiogramm.jpg","contentUrl":"https:\/\/profertil.eu\/wp-content\/uploads\/2019\/06\/spermiogramm.jpg"},{"@type":"BreadcrumbList","@id":"https:\/\/profertil.eu\/at\/studien\/dna-studie-2023\/#breadcrumb","itemListElement":[{"@type":"ListItem","position":1,"name":"Home","item":"https:\/\/profertil.eu\/at\/"},{"@type":"ListItem","position":2,"name":"Studien","item":"https:\/\/profertil.eu\/at\/studien\/"},{"@type":"ListItem","position":3,"name":"DNA-Studie 2023"}]},{"@type":"WebSite","@id":"https:\/\/profertil.eu\/#website","url":"https:\/\/profertil.eu\/","name":"PROFERTIL","description":"No. 1 proven efficacy in male fertility","publisher":{"@id":"https:\/\/profertil.eu\/#organization"},"potentialAction":[{"@type":"SearchAction","target":{"@type":"EntryPoint","urlTemplate":"https:\/\/profertil.eu\/?s={search_term_string}"},"query-input":{"@type":"PropertyValueSpecification","valueRequired":true,"valueName":"search_term_string"}}],"inLanguage":"de-AT"},{"@type":"Organization","@id":"https:\/\/profertil.eu\/#organization","name":"PROFERTIL","url":"https:\/\/profertil.eu\/","logo":{"@type":"ImageObject","inLanguage":"de-AT","@id":"https:\/\/profertil.eu\/#\/schema\/logo\/image\/","url":"https:\/\/profertil.eu\/wp-content\/uploads\/2025\/10\/PROFERTIL-logo-2025.svg","contentUrl":"https:\/\/profertil.eu\/wp-content\/uploads\/2025\/10\/PROFERTIL-logo-2025.svg","width":712,"height":112,"caption":"PROFERTIL"},"image":{"@id":"https:\/\/profertil.eu\/#\/schema\/logo\/image\/"}}]}},"_links":{"self":[{"href":"https:\/\/profertil.eu\/at\/wp-json\/wp\/v2\/pages\/22653","targetHints":{"allow":["GET"]}}],"collection":[{"href":"https:\/\/profertil.eu\/at\/wp-json\/wp\/v2\/pages"}],"about":[{"href":"https:\/\/profertil.eu\/at\/wp-json\/wp\/v2\/types\/page"}],"author":[{"embeddable":true,"href":"https:\/\/profertil.eu\/at\/wp-json\/wp\/v2\/users\/1"}],"replies":[{"embeddable":true,"href":"https:\/\/profertil.eu\/at\/wp-json\/wp\/v2\/comments?post=22653"}],"version-history":[{"count":8,"href":"https:\/\/profertil.eu\/at\/wp-json\/wp\/v2\/pages\/22653\/revisions"}],"predecessor-version":[{"id":22909,"href":"https:\/\/profertil.eu\/at\/wp-json\/wp\/v2\/pages\/22653\/revisions\/22909"}],"up":[{"embeddable":true,"href":"https:\/\/profertil.eu\/at\/wp-json\/wp\/v2\/pages\/692"}],"wp:attachment":[{"href":"https:\/\/profertil.eu\/at\/wp-json\/wp\/v2\/media?parent=22653"}],"wp:term":[{"taxonomy":"category","embeddable":true,"href":"https:\/\/profertil.eu\/at\/wp-json\/wp\/v2\/categories?post=22653"},{"taxonomy":"post_tag","embeddable":true,"href":"https:\/\/profertil.eu\/at\/wp-json\/wp\/v2\/tags?post=22653"}],"curies":[{"name":"wp","href":"https:\/\/api.w.org\/{rel}","templated":true}]}}