 {"id":16884,"date":"2022-11-10T13:17:20","date_gmt":"2022-11-10T12:17:20","guid":{"rendered":"https:\/\/profertil.eu\/?page_id=16884"},"modified":"2022-12-21T06:43:16","modified_gmt":"2022-12-21T05:43:16","slug":"infoportal","status":"publish","type":"page","link":"https:\/\/profertil.eu\/at\/service\/infoportal\/","title":{"rendered":"Infoportal f\u00fcr Fachkreise"},"content":{"rendered":"\n<div class=\"wp-block-cover alignfull\"><img data-recalc-dims=\"1\" loading=\"lazy\" decoding=\"async\" width=\"1024\" height=\"250\" class=\"wp-block-cover__image-background wp-image-1095\" alt=\"\" src=\"https:\/\/i0.wp.com\/profertil.eu\/wp-content\/uploads\/2019\/06\/aerzte-ueber-profertil.jpg?resize=1024%2C250&#038;ssl=1\" style=\"object-position:90% 50%\" data-object-fit=\"cover\" data-object-position=\"90% 50%\" srcset=\"https:\/\/i0.wp.com\/profertil.eu\/wp-content\/uploads\/2019\/06\/aerzte-ueber-profertil.jpg?w=2048&amp;ssl=1 2048w, https:\/\/i0.wp.com\/profertil.eu\/wp-content\/uploads\/2019\/06\/aerzte-ueber-profertil.jpg?resize=300%2C73&amp;ssl=1 300w, https:\/\/i0.wp.com\/profertil.eu\/wp-content\/uploads\/2019\/06\/aerzte-ueber-profertil.jpg?resize=768%2C188&amp;ssl=1 768w, https:\/\/i0.wp.com\/profertil.eu\/wp-content\/uploads\/2019\/06\/aerzte-ueber-profertil.jpg?resize=1024%2C250&amp;ssl=1 1024w\" sizes=\"auto, (max-width: 1024px) 100vw, 1024px\" \/><div class=\"wp-block-cover__inner-container is-layout-flow wp-block-cover-is-layout-flow\">\n<h1 class=\"wp-block-heading\"><span class=\"has-red-white\">SERVICEPORTAL<\/span> <br><span class=\"has-red-color\">F\u00dcR FACHKREISE<\/span><\/h1>\n<\/div><\/div>\n\n\n\n<div class=\"wp-block-group alignfull has-red-background-color has-background\"><div class=\"wp-block-group__inner-container is-layout-flow wp-block-group-is-layout-flow\">\n<div style=\"height:20px\" aria-hidden=\"true\" class=\"wp-block-spacer\"><\/div>\n\n\n\n<p class=\"has-text-align-center has-white-color has-text-color has-medium-font-size\">\u00d6GGG 2022 (Linz) Interdisziplin\u00e4res PROFERTIL\u00ae-Symposium \u2013 Vortr\u00e4ge<\/p>\n\n\n<div id=\"gutenslider-cemh88zue\" class=\"wp-block-eedee-block-gutenslider gs-frontend content-change alignnone arrow-style-1 arrow-position-sides arrow-mb-none arrows-lg arrows-md arrows-sm dot-style-1 dots-lg dots-md dots-sm dot-position-bottom global-width is-position-center-center mb-none wrap-auto-height\" data-parallax-direction=\"down\" data-parallax-amount=\"1.3\" data-lg-transition=\"lg-slide\" data-hash=\"\" ><div class=\"eedee-swiper-outer\" style=\"--gutenslider-min-height: 50vh;--gutenslider-arrow-size: 30px;--gutenslider-dot-size: 25px;--gutenslider-arrow-color: #ffffff;--gutenslider-dot-color: #ffffff;--gutenslider-padding-y-mobile: 40px;--gutenslider-padding-x-mobile: 40px;--gutenslider-padding-y-tablet: 40px;--gutenslider-padding-x-tablet: 40px;--gutenslider-padding-y-desktop: 40px;--gutenslider-padding-x-desktop: 40px;--gutenslider-bg-image: url();--gutenslider-min-height-md: 50vh;--gutenslider-min-height-sm: 50vh;--gutenslider-padding-x: 40px;--gutenslider-padding-x-md: 40px;--gutenslider-padding-x-sm: 20px;--gutenslider-padding-y: 40px;--gutenslider-padding-y-md: 40px;--gutenslider-padding-y-sm: 20px;--gutenslider-arrow-size-md: 30px;--gutenslider-arrow-size-sm: 30px;--gutenslider-dot-size-md: 25px;--gutenslider-dot-size-sm: 25px;--gutenslider-arrow-bg-color: transparent;--gutenslider-arrow-hover-color: #ffffffbb;--gutenslider-arrow-bg-hover-color: transparent;--gutenslider-arrow-x-offset: 10px;--gutenslider-arrow-x-offset-md: 10px;--gutenslider-arrow-x-offset-sm: 10px;--gutenslider-arrow-y-offset: 0px;--gutenslider-arrow-y-offset-md: 0px;--gutenslider-arrow-y-offset-sm: 0px;--gutenslider-arrow-x-spacing: 0px;--gutenslider-dot-y-offset: 10px;--gutenslider-dot-y-offset-md: 10px;--gutenslider-dot-y-offset-sm: 10px;--gutenslider-margin-x: 0px;--gutenslider-margin-x-md: 0px;--gutenslider-margin-x-sm: 0px;--gutenslider-margin-y: 0px;--gutenslider-margin-y-md: 0px;--gutenslider-margin-y-sm: 0px;--gutenslider-divider-top: 60px;--gutenslider-divider-bottom: 60px;--gutenslider-lightgallery-bg: #ffffff;--gutenslider-lightgallery-font: #000000;--gs-first-pos: 50% 50%;--gs-gap-vertical: var( --wp--style--gallery-gap-default, var( --gallery-block--gutter-size, var( --wp--style--block-gap, 0.5em ) ) );--gs-gap-horizontal: var( --wp--style--gallery-gap-default, var( --gallery-block--gutter-size, var( --wp--style--block-gap, 0.5em ) ) );\"><div class=\"gutenslider-divider-top\" style=\"color:#fff;\"><\/div><div class=\"swiper\" data-settings='{\"autoplay\":false,\"speed\":700,\"direction\":\"horizontal\",\"autoHeight\":\"\",\"loop\":true,\"centeredSlides\":true,\"spaceBetween\":0,\"slidesPerView\":1,\"slidesPerGroup\":1,\"effect\":\"slide\",\"coverflowEffect\":{\"rotate\":30,\"slideShadows\":false,\"depth\":100,\"stretch\":50,\"modifier\":1},\"fadeEffect\":{\"crossFade\":true},\"zoom\":\"\",\"navigation\":{\"nextEl\":\"#gutenslider-cemh88zue .eedee-gutenslider-next\",\"prevEl\":\"#gutenslider-cemh88zue .eedee-gutenslider-prev\"},\"pagination\":{\"type\":\"bullets\",\"clickable\":true,\"dynamicBullets\":false,\"el\":\"#gutenslider-cemh88zue .eedee-gutenslider-pagination\"},\"pauseOnHover\":\"1\",\"watchSlidesProgress\":true,\"watchSlidesVisibility\":true,\"settingsMd\":{\"autoHeight\":\"\",\"slidesPerView\":1,\"slidesPerGroup\":1,\"spaceBetween\":0,\"loop\":true},\"settingsLg\":{\"autoHeight\":\"\",\"slidesPerView\":1,\"slidesPerGroup\":1,\"spaceBetween\":0,\"loop\":true},\"hasLg\":false,\"hasLgCounter\":true,\"isFullScreen\":false,\"arrowsFollowMouse\":false,\"lgTitle\":\"none\",\"lgCaption\":\"none\",\"lgThumbnails\":true,\"lgZoomEnabled\":false,\"keyboard\":{\"keyboard\":{\"enabled\":true,\"onlyInViewport\":true}},\"hashNavigation\":false,\"dividers\":false}'><div class=\"swiper-wrapper\">\n<div class=\"swiper-slide wp-block-eedee-block-gutenslide is-position-center-center ed-bg-none\" style=\"--slide-min-width:80%;\" data-hash=\"\"><div class=\"eedee-background-div no-media-background\"><div class=\"eedee-background-div__overlay\" style=\"opacity:1;\"><\/div><\/div><div class=\"slide-content\">\n\n<figure class=\"wp-block-embed is-type-video is-provider-vimeo wp-block-embed-vimeo wp-embed-aspect-16-9 wp-has-aspect-ratio\"><div class=\"wp-block-embed__wrapper\">\n<iframe loading=\"lazy\" title=\"Assoc. Prof. Priv. Doz. Dr. Johannes Ott - Symposium &amp;Ouml;GGG 2022\" src=\"https:\/\/player.vimeo.com\/video\/766566648?h=8d845e9411&amp;app_id=122963\" width=\"1024\" height=\"576\" frameborder=\"0\" allow=\"autoplay; fullscreen; picture-in-picture\" allowfullscreen><\/iframe>\n<\/div><\/figure>\n\n<\/div><\/div>\n\n<div class=\"swiper-slide wp-block-eedee-block-gutenslide is-position-center-center ed-bg-none\" style=\"--slide-min-width:80%;\" data-hash=\"\"><div class=\"eedee-background-div no-media-background\"><div class=\"eedee-background-div__overlay\" style=\"opacity:1;\"><\/div><\/div><div class=\"slide-content\">\n\n<figure class=\"wp-block-embed is-type-video is-provider-vimeo wp-block-embed-vimeo wp-embed-aspect-16-9 wp-has-aspect-ratio\"><div class=\"wp-block-embed__wrapper\">\n<iframe loading=\"lazy\" title=\"Prim. Univ. Doz. Dr. Claus Riedl - PROFERTIL&amp;reg; Symposium &amp;Ouml;GGG 2022\" src=\"https:\/\/player.vimeo.com\/video\/766563260?h=4b06a9e125&amp;app_id=122963\" width=\"1024\" height=\"576\" frameborder=\"0\" allow=\"autoplay; fullscreen; picture-in-picture\" allowfullscreen><\/iframe>\n<\/div><\/figure>\n\n<\/div><\/div>\n\n<div class=\"swiper-slide wp-block-eedee-block-gutenslide is-position-center-center ed-bg-none\" style=\"--slide-min-width:80%;\" data-hash=\"\"><div class=\"eedee-background-div no-media-background\"><div class=\"eedee-background-div__overlay\" style=\"opacity:1;\"><\/div><\/div><div class=\"slide-content\">\n\n<figure class=\"wp-block-embed is-type-video is-provider-vimeo wp-block-embed-vimeo wp-embed-aspect-16-9 wp-has-aspect-ratio\"><div class=\"wp-block-embed__wrapper\">\n<iframe loading=\"lazy\" title=\"Prim. Univ. Prof. Dr. Martin Imhof - PROFERTIL&amp;reg; Symposium &amp;Ouml;GGG 2022\" src=\"https:\/\/player.vimeo.com\/video\/766514405?h=04bd8fd318&amp;app_id=122963\" width=\"1024\" height=\"576\" frameborder=\"0\" allow=\"autoplay; fullscreen; picture-in-picture\" allowfullscreen><\/iframe>\n<\/div><\/figure>\n\n<\/div><\/div>\n<\/div><\/div><button class=\"eedee-gutenslider-nav eedee-gutenslider-prev\"><svg xmlns=\"http:\/\/www.w3.org\/2000\/svg\" viewBox=\"0 0 24 24\" width=\"24\" height=\"24\"><circle class=\"bg\" cx=\"13\" cy=\"12\" r=\"11\" \/><path fill=\"none\" d=\"M0 0h24v24H0z\"\/><path class=\"arrow\" d=\"M10.828 12l4.95 4.95-1.414 1.414L8 12l6.364-6.364 1.414 1.414z\"\/><\/svg><\/button><button class=\"eedee-gutenslider-nav eedee-gutenslider-next\"><svg xmlns=\"http:\/\/www.w3.org\/2000\/svg\" viewBox=\"0 0 24 24\" width=\"24\" height=\"24\"><circle class=\"bg\" cx=\"11\" cy=\"12\" r=\"11\" \/><path fill=\"none\" d=\"M0 0h24v24H0z\"\/><path class=\"arrow\" d=\"M13.172 12l-4.95-4.95 1.414-1.414L16 12l-6.364 6.364-1.414-1.414z\"\/><\/svg><\/button><div class=\"eedee-gutenslider-pagination\"><\/div><div class=\"gutenslider-divider-bottom \" style=\"color:#fff;\"><\/div><\/div><\/div><\/div><\/div>\n\n\n\n<div class=\"wp-block-group alignfull has-red-background-color has-background\"><div class=\"wp-block-group__inner-container is-layout-flow wp-block-group-is-layout-flow\">\n<div style=\"height:20px\" aria-hidden=\"true\" class=\"wp-block-spacer\"><\/div>\n\n\n\n<p class=\"has-text-align-center has-white-color has-text-color has-medium-font-size\">\u00d6GGG 2022 (Linz) Interdisziplin\u00e4res PROFERTIL\u00ae-Symposium \u2013 Nachlese<\/p>\n\n\n\n<div style=\"height:20px\" aria-hidden=\"true\" class=\"wp-block-spacer\"><\/div>\n\n\n\n<div class=\"wp-block-file aligncenter\"><a href=\"https:\/\/profertil.eu\/wp-content\/uploads\/2022\/11\/PFM_OEGGG_Review_Folder.pdf\">PFM_OEGGG_Review_Folder<\/a><a href=\"https:\/\/profertil.eu\/wp-content\/uploads\/2022\/11\/PFM_OEGGG_Review_Folder.pdf\" class=\"wp-block-file__button\" download>Download<\/a><\/div>\n<\/div><\/div>\n\n\n\n<div class=\"wp-block-group alignfull has-red-gradient-background-color has-background\" id=\"packshot\"><div class=\"wp-block-group__inner-container is-layout-flow wp-block-group-is-layout-flow\">\n<div class=\"wp-block-columns has-2-columns show-for-large is-layout-flex wp-container-core-columns-is-layout-1 wp-block-columns-is-layout-flex\">\n<div class=\"wp-block-column is-vertically-aligned-center is-layout-flow wp-block-column-is-layout-flow\"><div class=\"wp-block-image\">\n<figure class=\"alignright size-large\"><img data-recalc-dims=\"1\" loading=\"lazy\" decoding=\"async\" width=\"572\" height=\"123\" src=\"https:\/\/i0.wp.com\/profertil.eu\/wp-content\/uploads\/2019\/07\/1-bewiesene-wirkung.png?resize=572%2C123&#038;ssl=1\" alt=\"#1 bewiesene Wirksamkeit bei m\u00e4nnlicher Unfruchtbarkeit\" class=\"wp-image-2496\" srcset=\"https:\/\/i0.wp.com\/profertil.eu\/wp-content\/uploads\/2019\/07\/1-bewiesene-wirkung.png?w=572&amp;ssl=1 572w, https:\/\/i0.wp.com\/profertil.eu\/wp-content\/uploads\/2019\/07\/1-bewiesene-wirkung.png?resize=300%2C65&amp;ssl=1 300w\" sizes=\"auto, (max-width: 572px) 100vw, 572px\" \/><\/figure><\/div><\/div>\n\n\n\n<div class=\"wp-block-column is-vertically-aligned-center is-layout-flow wp-block-column-is-layout-flow\">\n<div style=\"height:50px\" aria-hidden=\"true\" class=\"wp-block-spacer\"><\/div>\n\n\n\n<figure class=\"wp-block-image size-full is-resized\"><img data-recalc-dims=\"1\" loading=\"lazy\" decoding=\"async\" width=\"1024\" height=\"479\" src=\"https:\/\/i0.wp.com\/profertil.eu\/wp-content\/uploads\/2025\/11\/Packshot-Schwangerschaftsrate-DE.png?resize=1024%2C479&#038;ssl=1\" alt=\"\" class=\"wp-image-23597\" style=\"width:460px\" srcset=\"https:\/\/i0.wp.com\/profertil.eu\/wp-content\/uploads\/2025\/11\/Packshot-Schwangerschaftsrate-DE.png?w=2060&amp;ssl=1 2060w, https:\/\/i0.wp.com\/profertil.eu\/wp-content\/uploads\/2025\/11\/Packshot-Schwangerschaftsrate-DE.png?resize=300%2C140&amp;ssl=1 300w, https:\/\/i0.wp.com\/profertil.eu\/wp-content\/uploads\/2025\/11\/Packshot-Schwangerschaftsrate-DE.png?resize=1024%2C479&amp;ssl=1 1024w, https:\/\/i0.wp.com\/profertil.eu\/wp-content\/uploads\/2025\/11\/Packshot-Schwangerschaftsrate-DE.png?resize=768%2C359&amp;ssl=1 768w, https:\/\/i0.wp.com\/profertil.eu\/wp-content\/uploads\/2025\/11\/Packshot-Schwangerschaftsrate-DE.png?resize=50%2C23&amp;ssl=1 50w, https:\/\/i0.wp.com\/profertil.eu\/wp-content\/uploads\/2025\/11\/Packshot-Schwangerschaftsrate-DE.png?resize=1600%2C749&amp;ssl=1 1600w, https:\/\/i0.wp.com\/profertil.eu\/wp-content\/uploads\/2025\/11\/Packshot-Schwangerschaftsrate-DE.png?resize=1536%2C719&amp;ssl=1 1536w, https:\/\/i0.wp.com\/profertil.eu\/wp-content\/uploads\/2025\/11\/Packshot-Schwangerschaftsrate-DE.png?resize=2048%2C958&amp;ssl=1 2048w\" sizes=\"auto, (max-width: 1024px) 100vw, 1024px\" \/><\/figure>\n\n\n\n<div style=\"height:50px\" aria-hidden=\"true\" class=\"wp-block-spacer\"><\/div>\n<\/div>\n<\/div>\n\n\n\n<div class=\"wp-block-columns has-2-columns hide-for-large is-layout-flex wp-container-core-columns-is-layout-2 wp-block-columns-is-layout-flex\">\n<div class=\"wp-block-column is-vertically-aligned-center is-layout-flow wp-block-column-is-layout-flow\"><div class=\"wp-block-image\">\n<figure class=\"aligncenter size-large\"><img data-recalc-dims=\"1\" loading=\"lazy\" decoding=\"async\" width=\"572\" height=\"123\" src=\"https:\/\/i0.wp.com\/profertil.eu\/wp-content\/uploads\/2019\/07\/1-bewiesene-wirkung.png?resize=572%2C123&#038;ssl=1\" alt=\"#1 bewiesene Wirksamkeit bei m\u00e4nnlicher Unfruchtbarkeit\" class=\"wp-image-2496\" srcset=\"https:\/\/i0.wp.com\/profertil.eu\/wp-content\/uploads\/2019\/07\/1-bewiesene-wirkung.png?w=572&amp;ssl=1 572w, https:\/\/i0.wp.com\/profertil.eu\/wp-content\/uploads\/2019\/07\/1-bewiesene-wirkung.png?resize=300%2C65&amp;ssl=1 300w\" sizes=\"auto, (max-width: 572px) 100vw, 572px\" \/><\/figure><\/div><\/div>\n\n\n\n<div class=\"wp-block-column is-vertically-aligned-center is-layout-flow wp-block-column-is-layout-flow\">\n<div style=\"height:50px\" aria-hidden=\"true\" class=\"wp-block-spacer\"><\/div>\n\n\n<div class=\"wp-block-image\">\n<figure class=\"aligncenter size-full is-resized\"><img data-recalc-dims=\"1\" loading=\"lazy\" decoding=\"async\" width=\"1024\" height=\"479\" src=\"https:\/\/i0.wp.com\/profertil.eu\/wp-content\/uploads\/2025\/11\/Packshot-Schwangerschaftsrate-DE.png?resize=1024%2C479&#038;ssl=1\" alt=\"\" class=\"wp-image-23597\" style=\"width:460px\" srcset=\"https:\/\/i0.wp.com\/profertil.eu\/wp-content\/uploads\/2025\/11\/Packshot-Schwangerschaftsrate-DE.png?w=2060&amp;ssl=1 2060w, https:\/\/i0.wp.com\/profertil.eu\/wp-content\/uploads\/2025\/11\/Packshot-Schwangerschaftsrate-DE.png?resize=300%2C140&amp;ssl=1 300w, https:\/\/i0.wp.com\/profertil.eu\/wp-content\/uploads\/2025\/11\/Packshot-Schwangerschaftsrate-DE.png?resize=1024%2C479&amp;ssl=1 1024w, https:\/\/i0.wp.com\/profertil.eu\/wp-content\/uploads\/2025\/11\/Packshot-Schwangerschaftsrate-DE.png?resize=768%2C359&amp;ssl=1 768w, https:\/\/i0.wp.com\/profertil.eu\/wp-content\/uploads\/2025\/11\/Packshot-Schwangerschaftsrate-DE.png?resize=50%2C23&amp;ssl=1 50w, https:\/\/i0.wp.com\/profertil.eu\/wp-content\/uploads\/2025\/11\/Packshot-Schwangerschaftsrate-DE.png?resize=1600%2C749&amp;ssl=1 1600w, https:\/\/i0.wp.com\/profertil.eu\/wp-content\/uploads\/2025\/11\/Packshot-Schwangerschaftsrate-DE.png?resize=1536%2C719&amp;ssl=1 1536w, https:\/\/i0.wp.com\/profertil.eu\/wp-content\/uploads\/2025\/11\/Packshot-Schwangerschaftsrate-DE.png?resize=2048%2C958&amp;ssl=1 2048w\" sizes=\"auto, (max-width: 1024px) 100vw, 1024px\" \/><\/figure><\/div>\n\n\n<div style=\"height:50px\" aria-hidden=\"true\" class=\"wp-block-spacer\"><\/div>\n<\/div>\n<\/div>\n\n\n\n\n\n<div id=\"anchorlink-block_90639e4e8e74f58cb8d697413d08efcf\" class=\"anchorlink light \">\n            <a href=\"#buynow\" data-smooth-scroll data-animation-duration=\"750\" data-animation-easing=\"swing\" data-offset=\"-23\"><i class=\"material-icons pro-pulse\">expand_more<\/i><\/a>\n    <\/div>\n\n\n<p><\/p>\n<\/div><\/div>\n\n\n\n<div class=\"wp-block-group\"><div class=\"wp-block-group__inner-container is-layout-flow wp-block-group-is-layout-flow\">\n<div class=\"wp-block-group window-height minus-footer center\" id=\"buynow\"><div class=\"wp-block-group__inner-container is-layout-flow wp-block-group-is-layout-flow\">\n<div class=\"wp-block-image buynow apotheke\"><figure class=\"aligncenter is-resized\"><a class=\"apotheke-alt\" href=\"#\"><img loading=\"lazy\" decoding=\"async\" src=\"\/wp-content\/uploads\/2019\/05\/KAUFEN-Button.svg\" alt=\"\" class=\"wp-image-295\" width=\"500\" height=\"138\"><\/a><figcaption>PROFERTIL\u00ae ist in \u00f6sterreichischen Apotheken erh\u00e4ltlich.<\/figcaption><\/figure><\/div>\n\n\n\n<p><\/p>\n<\/div><\/div>\n<\/div><\/div>\n","protected":false},"excerpt":{"rendered":"<p>\u00d6GGG 2022 (Linz) Interdisziplin\u00e4res PROFERTIL\u00ae-Symposium \u2013 Vortr\u00e4ge \u00d6GGG 2022 (Linz) Interdisziplin\u00e4res PROFERTIL\u00ae-Symposium \u2013 Nachlese<\/p>\n","protected":false},"author":1,"featured_media":0,"parent":16851,"menu_order":0,"comment_status":"closed","ping_status":"closed","template":"template-full-width-no-title.php","meta":{"_acf_changed":false,"pgc_sgb_lightbox_settings":"","footnotes":""},"categories":[],"tags":[],"class_list":["post-16884","page","type-page","status-publish","hentry"],"acf":[],"yoast_head":"<!-- This site is optimized with the Yoast SEO plugin v26.1 - https:\/\/yoast.com\/wordpress\/plugins\/seo\/ -->\n<title>Infoportal f\u00fcr Fachkreise - PROFERTIL<\/title>\n<meta name=\"robots\" content=\"index, follow, max-snippet:-1, max-image-preview:large, max-video-preview:-1\" \/>\n<link rel=\"canonical\" href=\"https:\/\/profertil.eu\/at\/service\/infoportal\/\" \/>\n<meta property=\"og:locale\" content=\"de_DE\" \/>\n<meta property=\"og:type\" content=\"article\" \/>\n<meta property=\"og:title\" content=\"Infoportal f\u00fcr Fachkreise - PROFERTIL\" \/>\n<meta property=\"og:description\" content=\"\u00d6GGG 2022 (Linz) Interdisziplin\u00e4res PROFERTIL\u00ae-Symposium \u2013 Vortr\u00e4ge \u00d6GGG 2022 (Linz) Interdisziplin\u00e4res PROFERTIL\u00ae-Symposium \u2013 Nachlese\" \/>\n<meta property=\"og:url\" content=\"https:\/\/profertil.eu\/at\/service\/infoportal\/\" \/>\n<meta property=\"og:site_name\" content=\"PROFERTIL\" \/>\n<meta property=\"article:modified_time\" content=\"2022-12-21T05:43:16+00:00\" \/>\n<meta property=\"og:image\" content=\"https:\/\/i0.wp.com\/profertil.eu\/wp-content\/uploads\/2019\/06\/aerzte-ueber-profertil.jpg?fit=2048%2C500&ssl=1\" \/>\n\t<meta property=\"og:image:width\" content=\"2048\" \/>\n\t<meta property=\"og:image:height\" content=\"500\" \/>\n\t<meta property=\"og:image:type\" content=\"image\/jpeg\" \/>\n<meta name=\"twitter:card\" content=\"summary_large_image\" \/>\n<script type=\"application\/ld+json\" class=\"yoast-schema-graph\">{\"@context\":\"https:\/\/schema.org\",\"@graph\":[{\"@type\":\"WebPage\",\"@id\":\"https:\/\/profertil.eu\/at\/service\/infoportal\/\",\"url\":\"https:\/\/profertil.eu\/at\/service\/infoportal\/\",\"name\":\"Infoportal f\u00fcr Fachkreise - PROFERTIL\",\"isPartOf\":{\"@id\":\"https:\/\/profertil.eu\/#website\"},\"primaryImageOfPage\":{\"@id\":\"https:\/\/profertil.eu\/at\/service\/infoportal\/#primaryimage\"},\"image\":{\"@id\":\"https:\/\/profertil.eu\/at\/service\/infoportal\/#primaryimage\"},\"thumbnailUrl\":\"https:\/\/profertil.eu\/wp-content\/uploads\/2019\/06\/aerzte-ueber-profertil.jpg\",\"datePublished\":\"2022-11-10T12:17:20+00:00\",\"dateModified\":\"2022-12-21T05:43:16+00:00\",\"breadcrumb\":{\"@id\":\"https:\/\/profertil.eu\/at\/service\/infoportal\/#breadcrumb\"},\"inLanguage\":\"de-AT\",\"potentialAction\":[{\"@type\":\"ReadAction\",\"target\":[\"https:\/\/profertil.eu\/at\/service\/infoportal\/\"]}]},{\"@type\":\"ImageObject\",\"inLanguage\":\"de-AT\",\"@id\":\"https:\/\/profertil.eu\/at\/service\/infoportal\/#primaryimage\",\"url\":\"https:\/\/profertil.eu\/wp-content\/uploads\/2019\/06\/aerzte-ueber-profertil.jpg\",\"contentUrl\":\"https:\/\/profertil.eu\/wp-content\/uploads\/2019\/06\/aerzte-ueber-profertil.jpg\"},{\"@type\":\"BreadcrumbList\",\"@id\":\"https:\/\/profertil.eu\/at\/service\/infoportal\/#breadcrumb\",\"itemListElement\":[{\"@type\":\"ListItem\",\"position\":1,\"name\":\"Home\",\"item\":\"https:\/\/profertil.eu\/at\/\"},{\"@type\":\"ListItem\",\"position\":2,\"name\":\"Service\",\"item\":\"https:\/\/profertil.eu\/at\/service\/\"},{\"@type\":\"ListItem\",\"position\":3,\"name\":\"Infoportal f\u00fcr Fachkreise\"}]},{\"@type\":\"WebSite\",\"@id\":\"https:\/\/profertil.eu\/#website\",\"url\":\"https:\/\/profertil.eu\/\",\"name\":\"PROFERTIL\",\"description\":\"No. 1 proven efficacy in male fertility\",\"publisher\":{\"@id\":\"https:\/\/profertil.eu\/#organization\"},\"potentialAction\":[{\"@type\":\"SearchAction\",\"target\":{\"@type\":\"EntryPoint\",\"urlTemplate\":\"https:\/\/profertil.eu\/?s={search_term_string}\"},\"query-input\":{\"@type\":\"PropertyValueSpecification\",\"valueRequired\":true,\"valueName\":\"search_term_string\"}}],\"inLanguage\":\"de-AT\"},{\"@type\":\"Organization\",\"@id\":\"https:\/\/profertil.eu\/#organization\",\"name\":\"PROFERTIL\",\"url\":\"https:\/\/profertil.eu\/\",\"logo\":{\"@type\":\"ImageObject\",\"inLanguage\":\"de-AT\",\"@id\":\"https:\/\/profertil.eu\/#\/schema\/logo\/image\/\",\"url\":\"https:\/\/profertil.eu\/wp-content\/uploads\/2025\/10\/PROFERTIL-logo-2025.svg\",\"contentUrl\":\"https:\/\/profertil.eu\/wp-content\/uploads\/2025\/10\/PROFERTIL-logo-2025.svg\",\"width\":712,\"height\":112,\"caption\":\"PROFERTIL\"},\"image\":{\"@id\":\"https:\/\/profertil.eu\/#\/schema\/logo\/image\/\"}}]}<\/script>\n<!-- \/ Yoast SEO plugin. -->","yoast_head_json":{"title":"Infoportal f\u00fcr Fachkreise - PROFERTIL","robots":{"index":"index","follow":"follow","max-snippet":"max-snippet:-1","max-image-preview":"max-image-preview:large","max-video-preview":"max-video-preview:-1"},"canonical":"https:\/\/profertil.eu\/at\/service\/infoportal\/","og_locale":"de_DE","og_type":"article","og_title":"Infoportal f\u00fcr Fachkreise - PROFERTIL","og_description":"\u00d6GGG 2022 (Linz) Interdisziplin\u00e4res PROFERTIL\u00ae-Symposium \u2013 Vortr\u00e4ge \u00d6GGG 2022 (Linz) Interdisziplin\u00e4res PROFERTIL\u00ae-Symposium \u2013 Nachlese","og_url":"https:\/\/profertil.eu\/at\/service\/infoportal\/","og_site_name":"PROFERTIL","article_modified_time":"2022-12-21T05:43:16+00:00","og_image":[{"width":2048,"height":500,"url":"https:\/\/i0.wp.com\/profertil.eu\/wp-content\/uploads\/2019\/06\/aerzte-ueber-profertil.jpg?fit=2048%2C500&ssl=1","type":"image\/jpeg"}],"twitter_card":"summary_large_image","schema":{"@context":"https:\/\/schema.org","@graph":[{"@type":"WebPage","@id":"https:\/\/profertil.eu\/at\/service\/infoportal\/","url":"https:\/\/profertil.eu\/at\/service\/infoportal\/","name":"Infoportal f\u00fcr Fachkreise - PROFERTIL","isPartOf":{"@id":"https:\/\/profertil.eu\/#website"},"primaryImageOfPage":{"@id":"https:\/\/profertil.eu\/at\/service\/infoportal\/#primaryimage"},"image":{"@id":"https:\/\/profertil.eu\/at\/service\/infoportal\/#primaryimage"},"thumbnailUrl":"https:\/\/profertil.eu\/wp-content\/uploads\/2019\/06\/aerzte-ueber-profertil.jpg","datePublished":"2022-11-10T12:17:20+00:00","dateModified":"2022-12-21T05:43:16+00:00","breadcrumb":{"@id":"https:\/\/profertil.eu\/at\/service\/infoportal\/#breadcrumb"},"inLanguage":"de-AT","potentialAction":[{"@type":"ReadAction","target":["https:\/\/profertil.eu\/at\/service\/infoportal\/"]}]},{"@type":"ImageObject","inLanguage":"de-AT","@id":"https:\/\/profertil.eu\/at\/service\/infoportal\/#primaryimage","url":"https:\/\/profertil.eu\/wp-content\/uploads\/2019\/06\/aerzte-ueber-profertil.jpg","contentUrl":"https:\/\/profertil.eu\/wp-content\/uploads\/2019\/06\/aerzte-ueber-profertil.jpg"},{"@type":"BreadcrumbList","@id":"https:\/\/profertil.eu\/at\/service\/infoportal\/#breadcrumb","itemListElement":[{"@type":"ListItem","position":1,"name":"Home","item":"https:\/\/profertil.eu\/at\/"},{"@type":"ListItem","position":2,"name":"Service","item":"https:\/\/profertil.eu\/at\/service\/"},{"@type":"ListItem","position":3,"name":"Infoportal f\u00fcr Fachkreise"}]},{"@type":"WebSite","@id":"https:\/\/profertil.eu\/#website","url":"https:\/\/profertil.eu\/","name":"PROFERTIL","description":"No. 1 proven efficacy in male fertility","publisher":{"@id":"https:\/\/profertil.eu\/#organization"},"potentialAction":[{"@type":"SearchAction","target":{"@type":"EntryPoint","urlTemplate":"https:\/\/profertil.eu\/?s={search_term_string}"},"query-input":{"@type":"PropertyValueSpecification","valueRequired":true,"valueName":"search_term_string"}}],"inLanguage":"de-AT"},{"@type":"Organization","@id":"https:\/\/profertil.eu\/#organization","name":"PROFERTIL","url":"https:\/\/profertil.eu\/","logo":{"@type":"ImageObject","inLanguage":"de-AT","@id":"https:\/\/profertil.eu\/#\/schema\/logo\/image\/","url":"https:\/\/profertil.eu\/wp-content\/uploads\/2025\/10\/PROFERTIL-logo-2025.svg","contentUrl":"https:\/\/profertil.eu\/wp-content\/uploads\/2025\/10\/PROFERTIL-logo-2025.svg","width":712,"height":112,"caption":"PROFERTIL"},"image":{"@id":"https:\/\/profertil.eu\/#\/schema\/logo\/image\/"}}]}},"_links":{"self":[{"href":"https:\/\/profertil.eu\/at\/wp-json\/wp\/v2\/pages\/16884","targetHints":{"allow":["GET"]}}],"collection":[{"href":"https:\/\/profertil.eu\/at\/wp-json\/wp\/v2\/pages"}],"about":[{"href":"https:\/\/profertil.eu\/at\/wp-json\/wp\/v2\/types\/page"}],"author":[{"embeddable":true,"href":"https:\/\/profertil.eu\/at\/wp-json\/wp\/v2\/users\/1"}],"replies":[{"embeddable":true,"href":"https:\/\/profertil.eu\/at\/wp-json\/wp\/v2\/comments?post=16884"}],"version-history":[{"count":30,"href":"https:\/\/profertil.eu\/at\/wp-json\/wp\/v2\/pages\/16884\/revisions"}],"predecessor-version":[{"id":17006,"href":"https:\/\/profertil.eu\/at\/wp-json\/wp\/v2\/pages\/16884\/revisions\/17006"}],"up":[{"embeddable":true,"href":"https:\/\/profertil.eu\/at\/wp-json\/wp\/v2\/pages\/16851"}],"wp:attachment":[{"href":"https:\/\/profertil.eu\/at\/wp-json\/wp\/v2\/media?parent=16884"}],"wp:term":[{"taxonomy":"category","embeddable":true,"href":"https:\/\/profertil.eu\/at\/wp-json\/wp\/v2\/categories?post=16884"},{"taxonomy":"post_tag","embeddable":true,"href":"https:\/\/profertil.eu\/at\/wp-json\/wp\/v2\/tags?post=16884"}],"curies":[{"name":"wp","href":"https:\/\/api.w.org\/{rel}","templated":true}]}}