 {"id":15050,"date":"2021-10-27T17:29:15","date_gmt":"2021-10-27T15:29:15","guid":{"rendered":"https:\/\/profertil.eu\/?page_id=15050"},"modified":"2024-11-14T09:21:04","modified_gmt":"2024-11-14T08:21:04","slug":"movember","status":"publish","type":"page","link":"https:\/\/profertil.eu\/at\/movember\/","title":{"rendered":"Movember"},"content":{"rendered":"\n<div class=\"wp-block-cover has-light-grey-background-color alignfull movember-header\"><img data-recalc-dims=\"1\" loading=\"lazy\" decoding=\"async\" width=\"1024\" height=\"250\" class=\"wp-block-cover__image-background wp-image-5810\" alt=\"\" src=\"https:\/\/i0.wp.com\/profertil.eu\/wp-content\/uploads\/2020\/11\/movember-header.jpg?resize=1024%2C250&#038;ssl=1\" style=\"object-position:79% 50%\" data-object-fit=\"cover\" data-object-position=\"79% 50%\" srcset=\"https:\/\/i0.wp.com\/profertil.eu\/wp-content\/uploads\/2020\/11\/movember-header.jpg?w=2048&amp;ssl=1 2048w, https:\/\/i0.wp.com\/profertil.eu\/wp-content\/uploads\/2020\/11\/movember-header.jpg?resize=300%2C73&amp;ssl=1 300w, https:\/\/i0.wp.com\/profertil.eu\/wp-content\/uploads\/2020\/11\/movember-header.jpg?resize=1024%2C250&amp;ssl=1 1024w, https:\/\/i0.wp.com\/profertil.eu\/wp-content\/uploads\/2020\/11\/movember-header.jpg?resize=768%2C188&amp;ssl=1 768w, https:\/\/i0.wp.com\/profertil.eu\/wp-content\/uploads\/2020\/11\/movember-header.jpg?resize=1536%2C375&amp;ssl=1 1536w\" sizes=\"auto, (max-width: 1024px) 100vw, 1024px\" \/><div class=\"wp-block-cover__inner-container is-layout-flow wp-block-cover-is-layout-flow\">\n<h1 class=\"has-red-color has-text-color wp-block-heading\">M\u00c4NNERGESUNDHEIT <br><span class=\"has-white-color\">HAT VIELE GESICHTER<\/span><\/h1>\n<\/div><\/div>\n\n\n\n<div style=\"height:35px\" aria-hidden=\"true\" class=\"wp-block-spacer\"><\/div>\n\n\n\n<h2 class=\"has-text-align-center xxlarge has-light-grey-color has-text-color wp-block-heading\">MOVEMBER 2024 GALERIE<\/h2>\n\n\n\n<div style=\"height:32px\" aria-hidden=\"true\" class=\"wp-block-spacer\"><\/div>\n\n\n\n<p class=\"has-text-align-center medium-width medium-width-text\" style=\"font-size:24px\">F\u00fcr jedes hier ver\u00f6ffentlichte Moustache-Foto* spendete LENUS Pharma \u20ac 10,- an die Movember-Stiftung! Kampagnen-Teilnehmer konnten sich einen Bart wachsen lassen oder ein Fake-Moustache-Foto an <a href=\"mailto:movember@profertil.eu\">movember@profertil.eu<\/a> mailen.<\/p>\n\n\n\n<div style=\"height:48px\" aria-hidden=\"true\" class=\"wp-block-spacer\"><\/div>\n\n\n\n<p class=\"has-text-align-center medium-width medium-width-text\" style=\"font-size:12px\">* &nbsp;Mit der Zusendung ihres Fotos stimmen die Teilnehmer der Ver\u00f6ffentlichung auf profertil.eu\/at\/movember zu. Die Ver\u00f6ffentlichung erfolgt unentgeltlich. Der \u00dcbermittler verpflichtet sich, die Lenus Pharma GesmbH von allen Anspr\u00fcchen Dritter in Bezug auf die Ver\u00f6ffentlichung des Fotos auf profertil.eu\/at\/movember schad- und klaglos zu halten. Dies gilt insbesondere f\u00fcr Anspr\u00fcche Dritter aus Verletzungen von Pers\u00f6nlichkeits- und Urheberrechten.<\/p>\n\n\n\n<div style=\"height:32px\" aria-hidden=\"true\" class=\"wp-block-spacer\"><\/div>\n\n\n\n<p class=\"has-text-align-center\">F\u00fcr Vergr\u00f6\u00dferungen Bilder anklicken.<\/p>\n\n\n\n<h2 class=\"has-text-align-center xxlarge has-light-grey-color has-text-color wp-block-heading\">Wer ist N\u00e4chster?<\/h2>\n\n\n\n<div style=\"height:20px\" aria-hidden=\"true\" class=\"wp-block-spacer\"><\/div>\n\n\n\n<figure class=\"wp-block-gallery columns-0 is-cropped medium-width wp-block-gallery-1 is-layout-flex wp-block-gallery-is-layout-flex\"><ul class=\"blocks-gallery-grid\"><\/ul><\/figure>\n\n\n\n<div style=\"height:50px\" aria-hidden=\"true\" class=\"wp-block-spacer\"><\/div>\n\n\n\n<div class=\"wp-block-buttons is-content-justification-center is-layout-flex wp-block-buttons-is-layout-flex\">\n<div class=\"wp-block-button\"><a class=\"wp-block-button__link\" href=\"https:\/\/profertil.eu\/at\/movember\/movember-2021\/\" style=\"border-radius:50px\">FOTOS 2021 ANSEHEN<\/a><\/div>\n<\/div>\n\n\n\n<p><\/p>\n\n\n\n<figure class=\"wp-block-gallery columns-0 is-cropped medium-width wp-block-gallery-2 is-layout-flex wp-block-gallery-is-layout-flex\"><ul class=\"blocks-gallery-grid\"><li class=\"blocks-gallery-item\"><figure><a href=\"https:\/\/i0.wp.com\/profertil.eu\/wp-content\/uploads\/2024\/10\/IMG_2205-768x1024.jpg?ssl=1\"><img data-recalc-dims=\"1\" loading=\"lazy\" decoding=\"async\" width=\"768\" height=\"1024\" src=\"https:\/\/i0.wp.com\/profertil.eu\/wp-content\/uploads\/2024\/10\/IMG_2205.jpg?resize=768%2C1024&#038;ssl=1\" alt=\"\" data-id=\"22205\" data-link=\"https:\/\/profertil.eu\/at\/movember\/img_2205\/\" class=\"wp-image-22205\" srcset=\"https:\/\/i0.wp.com\/profertil.eu\/wp-content\/uploads\/2024\/10\/IMG_2205-scaled.jpg?resize=768%2C1024&amp;ssl=1 768w, https:\/\/i0.wp.com\/profertil.eu\/wp-content\/uploads\/2024\/10\/IMG_2205-scaled.jpg?resize=225%2C300&amp;ssl=1 225w, https:\/\/i0.wp.com\/profertil.eu\/wp-content\/uploads\/2024\/10\/IMG_2205-scaled.jpg?resize=1600%2C2133&amp;ssl=1 1600w, https:\/\/i0.wp.com\/profertil.eu\/wp-content\/uploads\/2024\/10\/IMG_2205-scaled.jpg?resize=1152%2C1536&amp;ssl=1 1152w, https:\/\/i0.wp.com\/profertil.eu\/wp-content\/uploads\/2024\/10\/IMG_2205-scaled.jpg?resize=1536%2C2048&amp;ssl=1 1536w, https:\/\/i0.wp.com\/profertil.eu\/wp-content\/uploads\/2024\/10\/IMG_2205-scaled.jpg?w=1920&amp;ssl=1 1920w\" sizes=\"auto, (max-width: 768px) 100vw, 768px\" \/><\/a><\/figure><\/li><li class=\"blocks-gallery-item\"><figure><a href=\"https:\/\/i0.wp.com\/profertil.eu\/wp-content\/uploads\/2024\/10\/IMG_2204-768x1024.jpg?ssl=1\"><img data-recalc-dims=\"1\" loading=\"lazy\" decoding=\"async\" width=\"768\" height=\"1024\" src=\"https:\/\/i0.wp.com\/profertil.eu\/wp-content\/uploads\/2024\/10\/IMG_2204.jpg?resize=768%2C1024&#038;ssl=1\" alt=\"\" data-id=\"22197\" data-link=\"https:\/\/profertil.eu\/at\/movember\/img_2204\/\" class=\"wp-image-22197\" srcset=\"https:\/\/i0.wp.com\/profertil.eu\/wp-content\/uploads\/2024\/10\/IMG_2204-scaled.jpg?resize=768%2C1024&amp;ssl=1 768w, https:\/\/i0.wp.com\/profertil.eu\/wp-content\/uploads\/2024\/10\/IMG_2204-scaled.jpg?resize=225%2C300&amp;ssl=1 225w, https:\/\/i0.wp.com\/profertil.eu\/wp-content\/uploads\/2024\/10\/IMG_2204-scaled.jpg?resize=1600%2C2133&amp;ssl=1 1600w, https:\/\/i0.wp.com\/profertil.eu\/wp-content\/uploads\/2024\/10\/IMG_2204-scaled.jpg?resize=1152%2C1536&amp;ssl=1 1152w, https:\/\/i0.wp.com\/profertil.eu\/wp-content\/uploads\/2024\/10\/IMG_2204-scaled.jpg?resize=1536%2C2048&amp;ssl=1 1536w, https:\/\/i0.wp.com\/profertil.eu\/wp-content\/uploads\/2024\/10\/IMG_2204-scaled.jpg?w=1920&amp;ssl=1 1920w\" sizes=\"auto, (max-width: 768px) 100vw, 768px\" \/><\/a><\/figure><\/li><li class=\"blocks-gallery-item\"><figure><a href=\"https:\/\/i0.wp.com\/profertil.eu\/wp-content\/uploads\/2024\/10\/IMG_2215-768x1024.jpg?ssl=1\"><img data-recalc-dims=\"1\" loading=\"lazy\" decoding=\"async\" width=\"768\" height=\"1024\" src=\"https:\/\/i0.wp.com\/profertil.eu\/wp-content\/uploads\/2024\/10\/IMG_2215.jpg?resize=768%2C1024&#038;ssl=1\" alt=\"\" data-id=\"22214\" data-link=\"https:\/\/profertil.eu\/at\/movember\/img_2215\/\" class=\"wp-image-22214\" srcset=\"https:\/\/i0.wp.com\/profertil.eu\/wp-content\/uploads\/2024\/10\/IMG_2215-scaled.jpg?resize=768%2C1024&amp;ssl=1 768w, https:\/\/i0.wp.com\/profertil.eu\/wp-content\/uploads\/2024\/10\/IMG_2215-scaled.jpg?resize=225%2C300&amp;ssl=1 225w, https:\/\/i0.wp.com\/profertil.eu\/wp-content\/uploads\/2024\/10\/IMG_2215-scaled.jpg?resize=1600%2C2133&amp;ssl=1 1600w, https:\/\/i0.wp.com\/profertil.eu\/wp-content\/uploads\/2024\/10\/IMG_2215-scaled.jpg?resize=1152%2C1536&amp;ssl=1 1152w, https:\/\/i0.wp.com\/profertil.eu\/wp-content\/uploads\/2024\/10\/IMG_2215-scaled.jpg?resize=1536%2C2048&amp;ssl=1 1536w, https:\/\/i0.wp.com\/profertil.eu\/wp-content\/uploads\/2024\/10\/IMG_2215-scaled.jpg?w=1920&amp;ssl=1 1920w\" sizes=\"auto, (max-width: 768px) 100vw, 768px\" \/><\/a><\/figure><\/li><li class=\"blocks-gallery-item\"><figure><a href=\"https:\/\/i0.wp.com\/profertil.eu\/wp-content\/uploads\/2024\/11\/1-1.jpg?ssl=1\"><img data-recalc-dims=\"1\" loading=\"lazy\" decoding=\"async\" width=\"768\" height=\"1024\" src=\"https:\/\/i0.wp.com\/profertil.eu\/wp-content\/uploads\/2024\/11\/1-1.jpg?resize=768%2C1024&#038;ssl=1\" alt=\"\" data-id=\"22240\" data-full-url=\"https:\/\/profertil.eu\/wp-content\/uploads\/2024\/11\/1-1.jpg\" data-link=\"https:\/\/profertil.eu\/at\/movember\/1-1\/\" class=\"wp-image-22240\" srcset=\"https:\/\/i0.wp.com\/profertil.eu\/wp-content\/uploads\/2024\/11\/1-1.jpg?resize=768%2C1024&amp;ssl=1 768w, https:\/\/i0.wp.com\/profertil.eu\/wp-content\/uploads\/2024\/11\/1-1.jpg?resize=225%2C300&amp;ssl=1 225w, https:\/\/i0.wp.com\/profertil.eu\/wp-content\/uploads\/2024\/11\/1-1.jpg?resize=1152%2C1536&amp;ssl=1 1152w, https:\/\/i0.wp.com\/profertil.eu\/wp-content\/uploads\/2024\/11\/1-1.jpg?w=1200&amp;ssl=1 1200w\" sizes=\"auto, (max-width: 768px) 100vw, 768px\" \/><\/a><\/figure><\/li><\/ul><\/figure>\n\n\n\n<figure class=\"wp-block-gallery columns-2 is-cropped medium-width wp-block-gallery-3 is-layout-flex wp-block-gallery-is-layout-flex\"><ul class=\"blocks-gallery-grid\"><li class=\"blocks-gallery-item\"><figure><a href=\"https:\/\/i0.wp.com\/profertil.eu\/wp-content\/uploads\/2024\/11\/3.jpg?ssl=1\"><img data-recalc-dims=\"1\" loading=\"lazy\" decoding=\"async\" width=\"768\" height=\"1024\" src=\"https:\/\/i0.wp.com\/profertil.eu\/wp-content\/uploads\/2024\/11\/3.jpg?resize=768%2C1024&#038;ssl=1\" alt=\"\" data-id=\"22256\" data-full-url=\"https:\/\/profertil.eu\/wp-content\/uploads\/2024\/11\/3.jpg\" data-link=\"https:\/\/profertil.eu\/at\/movember\/attachment\/3\/\" class=\"wp-image-22256\" srcset=\"https:\/\/i0.wp.com\/profertil.eu\/wp-content\/uploads\/2024\/11\/3.jpg?resize=768%2C1024&amp;ssl=1 768w, https:\/\/i0.wp.com\/profertil.eu\/wp-content\/uploads\/2024\/11\/3.jpg?resize=225%2C300&amp;ssl=1 225w, https:\/\/i0.wp.com\/profertil.eu\/wp-content\/uploads\/2024\/11\/3.jpg?resize=1152%2C1536&amp;ssl=1 1152w, https:\/\/i0.wp.com\/profertil.eu\/wp-content\/uploads\/2024\/11\/3.jpg?w=1200&amp;ssl=1 1200w\" sizes=\"auto, (max-width: 768px) 100vw, 768px\" \/><\/a><\/figure><\/li><li class=\"blocks-gallery-item\"><figure><a href=\"https:\/\/i0.wp.com\/profertil.eu\/wp-content\/uploads\/2024\/11\/2.jpg?ssl=1\"><img data-recalc-dims=\"1\" loading=\"lazy\" decoding=\"async\" width=\"768\" height=\"1024\" src=\"https:\/\/i0.wp.com\/profertil.eu\/wp-content\/uploads\/2024\/11\/2.jpg?resize=768%2C1024&#038;ssl=1\" alt=\"\" data-id=\"22248\" data-full-url=\"https:\/\/profertil.eu\/wp-content\/uploads\/2024\/11\/2.jpg\" data-link=\"https:\/\/profertil.eu\/at\/movember\/attachment\/2\/\" class=\"wp-image-22248\" srcset=\"https:\/\/i0.wp.com\/profertil.eu\/wp-content\/uploads\/2024\/11\/2.jpg?resize=768%2C1024&amp;ssl=1 768w, https:\/\/i0.wp.com\/profertil.eu\/wp-content\/uploads\/2024\/11\/2.jpg?resize=225%2C300&amp;ssl=1 225w, https:\/\/i0.wp.com\/profertil.eu\/wp-content\/uploads\/2024\/11\/2.jpg?resize=1152%2C1536&amp;ssl=1 1152w, https:\/\/i0.wp.com\/profertil.eu\/wp-content\/uploads\/2024\/11\/2.jpg?w=1200&amp;ssl=1 1200w\" sizes=\"auto, (max-width: 768px) 100vw, 768px\" \/><\/a><\/figure><\/li><li class=\"blocks-gallery-item\"><figure><a href=\"https:\/\/i0.wp.com\/profertil.eu\/wp-content\/uploads\/2024\/11\/5.jpg?ssl=1\"><img data-recalc-dims=\"1\" loading=\"lazy\" decoding=\"async\" width=\"828\" height=\"964\" src=\"https:\/\/i0.wp.com\/profertil.eu\/wp-content\/uploads\/2024\/11\/5.jpg?resize=828%2C964&#038;ssl=1\" alt=\"\" data-id=\"22264\" data-full-url=\"https:\/\/profertil.eu\/wp-content\/uploads\/2024\/11\/5.jpg\" data-link=\"https:\/\/profertil.eu\/at\/movember\/attachment\/5\/\" class=\"wp-image-22264\" srcset=\"https:\/\/i0.wp.com\/profertil.eu\/wp-content\/uploads\/2024\/11\/5.jpg?w=828&amp;ssl=1 828w, https:\/\/i0.wp.com\/profertil.eu\/wp-content\/uploads\/2024\/11\/5.jpg?resize=258%2C300&amp;ssl=1 258w, https:\/\/i0.wp.com\/profertil.eu\/wp-content\/uploads\/2024\/11\/5.jpg?resize=768%2C894&amp;ssl=1 768w\" sizes=\"auto, (max-width: 828px) 100vw, 828px\" \/><\/a><\/figure><\/li><li class=\"blocks-gallery-item\"><figure><a href=\"https:\/\/i0.wp.com\/profertil.eu\/wp-content\/uploads\/2024\/11\/4.jpg?ssl=1\"><img data-recalc-dims=\"1\" loading=\"lazy\" decoding=\"async\" width=\"1024\" height=\"1365\" src=\"https:\/\/i0.wp.com\/profertil.eu\/wp-content\/uploads\/2024\/11\/4.jpg?resize=1024%2C1365&#038;ssl=1\" alt=\"\" data-id=\"22232\" data-full-url=\"https:\/\/profertil.eu\/wp-content\/uploads\/2024\/11\/4.jpg\" data-link=\"https:\/\/profertil.eu\/at\/movember\/attachment\/4\/\" class=\"wp-image-22232\" srcset=\"https:\/\/i0.wp.com\/profertil.eu\/wp-content\/uploads\/2024\/11\/4.jpg?resize=768%2C1024&amp;ssl=1 768w, https:\/\/i0.wp.com\/profertil.eu\/wp-content\/uploads\/2024\/11\/4.jpg?resize=225%2C300&amp;ssl=1 225w, https:\/\/i0.wp.com\/profertil.eu\/wp-content\/uploads\/2024\/11\/4.jpg?resize=1152%2C1536&amp;ssl=1 1152w, https:\/\/i0.wp.com\/profertil.eu\/wp-content\/uploads\/2024\/11\/4.jpg?w=1200&amp;ssl=1 1200w\" sizes=\"auto, (max-width: 1024px) 100vw, 1024px\" \/><\/a><\/figure><\/li><\/ul><\/figure>\n","protected":false},"excerpt":{"rendered":"<p>MOVEMBER 2024 GALERIE F\u00fcr jedes hier ver\u00f6ffentlichte Moustache-Foto* spendete LENUS Pharma \u20ac 10,- an die Movember-Stiftung! Kampagnen-Teilnehmer konnten sich einen Bart wachsen lassen oder ein Fake-Moustache-Foto an movember@profertil.eu mailen. * &nbsp;Mit der Zusendung ihres Fotos stimmen die Teilnehmer der Ver\u00f6ffentlichung auf profertil.eu\/at\/movember zu. Die Ver\u00f6ffentlichung erfolgt unentgeltlich. Der \u00dcbermittler verpflichtet sich, die Lenus Pharma GesmbH<a class=\"excerpt-read-more\" href=\"https:\/\/profertil.eu\/at\/movember\/\" title=\"ReadMovember\">&#8230; Read more &raquo;<\/a><\/p>\n","protected":false},"author":1,"featured_media":0,"parent":0,"menu_order":1,"comment_status":"closed","ping_status":"closed","template":"template-full-width-no-title.php","meta":{"_acf_changed":false,"pgc_sgb_lightbox_settings":"","footnotes":""},"categories":[],"tags":[],"class_list":["post-15050","page","type-page","status-publish","hentry"],"acf":[],"yoast_head":"<!-- This site is optimized with the Yoast SEO plugin v26.1 - https:\/\/yoast.com\/wordpress\/plugins\/seo\/ -->\n<title>Movember - PROFERTIL<\/title>\n<meta name=\"robots\" content=\"index, follow, max-snippet:-1, max-image-preview:large, max-video-preview:-1\" \/>\n<link rel=\"canonical\" href=\"https:\/\/profertil.eu\/at\/movember\/\" \/>\n<meta property=\"og:locale\" content=\"de_DE\" \/>\n<meta property=\"og:type\" content=\"article\" \/>\n<meta property=\"og:title\" content=\"Movember - PROFERTIL\" \/>\n<meta property=\"og:description\" content=\"MOVEMBER 2024 GALERIE F\u00fcr jedes hier ver\u00f6ffentlichte Moustache-Foto* spendete LENUS Pharma \u20ac 10,- an die Movember-Stiftung! Kampagnen-Teilnehmer konnten sich einen Bart wachsen lassen oder ein Fake-Moustache-Foto an movember@profertil.eu mailen. * &nbsp;Mit der Zusendung ihres Fotos stimmen die Teilnehmer der Ver\u00f6ffentlichung auf profertil.eu\/at\/movember zu. Die Ver\u00f6ffentlichung erfolgt unentgeltlich. Der \u00dcbermittler verpflichtet sich, die Lenus Pharma GesmbH... Read more &raquo;\" \/>\n<meta property=\"og:url\" content=\"https:\/\/profertil.eu\/at\/movember\/\" \/>\n<meta property=\"og:site_name\" content=\"PROFERTIL\" \/>\n<meta property=\"article:modified_time\" content=\"2024-11-14T08:21:04+00:00\" \/>\n<meta property=\"og:image\" content=\"https:\/\/i0.wp.com\/profertil.eu\/wp-content\/uploads\/2020\/11\/movember-header.jpg?fit=2048%2C500&ssl=1\" \/>\n\t<meta property=\"og:image:width\" content=\"2048\" \/>\n\t<meta property=\"og:image:height\" content=\"500\" \/>\n\t<meta property=\"og:image:type\" content=\"image\/jpeg\" \/>\n<meta name=\"twitter:card\" content=\"summary_large_image\" \/>\n<meta name=\"twitter:label1\" content=\"Gesch\u00e4tzte Lesezeit\" \/>\n\t<meta name=\"twitter:data1\" content=\"1 Minute\" \/>\n<script type=\"application\/ld+json\" class=\"yoast-schema-graph\">{\"@context\":\"https:\/\/schema.org\",\"@graph\":[{\"@type\":\"WebPage\",\"@id\":\"https:\/\/profertil.eu\/at\/movember\/\",\"url\":\"https:\/\/profertil.eu\/at\/movember\/\",\"name\":\"Movember - PROFERTIL\",\"isPartOf\":{\"@id\":\"https:\/\/profertil.eu\/#website\"},\"primaryImageOfPage\":{\"@id\":\"https:\/\/profertil.eu\/at\/movember\/#primaryimage\"},\"image\":{\"@id\":\"https:\/\/profertil.eu\/at\/movember\/#primaryimage\"},\"thumbnailUrl\":\"https:\/\/profertil.eu\/wp-content\/uploads\/2020\/11\/movember-header.jpg\",\"datePublished\":\"2021-10-27T15:29:15+00:00\",\"dateModified\":\"2024-11-14T08:21:04+00:00\",\"breadcrumb\":{\"@id\":\"https:\/\/profertil.eu\/at\/movember\/#breadcrumb\"},\"inLanguage\":\"de-AT\",\"potentialAction\":[{\"@type\":\"ReadAction\",\"target\":[\"https:\/\/profertil.eu\/at\/movember\/\"]}]},{\"@type\":\"ImageObject\",\"inLanguage\":\"de-AT\",\"@id\":\"https:\/\/profertil.eu\/at\/movember\/#primaryimage\",\"url\":\"https:\/\/profertil.eu\/wp-content\/uploads\/2020\/11\/movember-header.jpg\",\"contentUrl\":\"https:\/\/profertil.eu\/wp-content\/uploads\/2020\/11\/movember-header.jpg\"},{\"@type\":\"BreadcrumbList\",\"@id\":\"https:\/\/profertil.eu\/at\/movember\/#breadcrumb\",\"itemListElement\":[{\"@type\":\"ListItem\",\"position\":1,\"name\":\"Home\",\"item\":\"https:\/\/profertil.eu\/at\/\"},{\"@type\":\"ListItem\",\"position\":2,\"name\":\"Movember\"}]},{\"@type\":\"WebSite\",\"@id\":\"https:\/\/profertil.eu\/#website\",\"url\":\"https:\/\/profertil.eu\/\",\"name\":\"PROFERTIL\",\"description\":\"No. 1 proven efficacy in male fertility\",\"publisher\":{\"@id\":\"https:\/\/profertil.eu\/#organization\"},\"potentialAction\":[{\"@type\":\"SearchAction\",\"target\":{\"@type\":\"EntryPoint\",\"urlTemplate\":\"https:\/\/profertil.eu\/?s={search_term_string}\"},\"query-input\":{\"@type\":\"PropertyValueSpecification\",\"valueRequired\":true,\"valueName\":\"search_term_string\"}}],\"inLanguage\":\"de-AT\"},{\"@type\":\"Organization\",\"@id\":\"https:\/\/profertil.eu\/#organization\",\"name\":\"PROFERTIL\",\"url\":\"https:\/\/profertil.eu\/\",\"logo\":{\"@type\":\"ImageObject\",\"inLanguage\":\"de-AT\",\"@id\":\"https:\/\/profertil.eu\/#\/schema\/logo\/image\/\",\"url\":\"https:\/\/profertil.eu\/wp-content\/uploads\/2025\/10\/PROFERTIL-logo-2025.svg\",\"contentUrl\":\"https:\/\/profertil.eu\/wp-content\/uploads\/2025\/10\/PROFERTIL-logo-2025.svg\",\"width\":712,\"height\":112,\"caption\":\"PROFERTIL\"},\"image\":{\"@id\":\"https:\/\/profertil.eu\/#\/schema\/logo\/image\/\"}}]}<\/script>\n<!-- \/ Yoast SEO plugin. -->","yoast_head_json":{"title":"Movember - PROFERTIL","robots":{"index":"index","follow":"follow","max-snippet":"max-snippet:-1","max-image-preview":"max-image-preview:large","max-video-preview":"max-video-preview:-1"},"canonical":"https:\/\/profertil.eu\/at\/movember\/","og_locale":"de_DE","og_type":"article","og_title":"Movember - PROFERTIL","og_description":"MOVEMBER 2024 GALERIE F\u00fcr jedes hier ver\u00f6ffentlichte Moustache-Foto* spendete LENUS Pharma \u20ac 10,- an die Movember-Stiftung! Kampagnen-Teilnehmer konnten sich einen Bart wachsen lassen oder ein Fake-Moustache-Foto an movember@profertil.eu mailen. * &nbsp;Mit der Zusendung ihres Fotos stimmen die Teilnehmer der Ver\u00f6ffentlichung auf profertil.eu\/at\/movember zu. Die Ver\u00f6ffentlichung erfolgt unentgeltlich. Der \u00dcbermittler verpflichtet sich, die Lenus Pharma GesmbH... Read more &raquo;","og_url":"https:\/\/profertil.eu\/at\/movember\/","og_site_name":"PROFERTIL","article_modified_time":"2024-11-14T08:21:04+00:00","og_image":[{"width":2048,"height":500,"url":"https:\/\/i0.wp.com\/profertil.eu\/wp-content\/uploads\/2020\/11\/movember-header.jpg?fit=2048%2C500&ssl=1","type":"image\/jpeg"}],"twitter_card":"summary_large_image","twitter_misc":{"Gesch\u00e4tzte Lesezeit":"1 Minute"},"schema":{"@context":"https:\/\/schema.org","@graph":[{"@type":"WebPage","@id":"https:\/\/profertil.eu\/at\/movember\/","url":"https:\/\/profertil.eu\/at\/movember\/","name":"Movember - PROFERTIL","isPartOf":{"@id":"https:\/\/profertil.eu\/#website"},"primaryImageOfPage":{"@id":"https:\/\/profertil.eu\/at\/movember\/#primaryimage"},"image":{"@id":"https:\/\/profertil.eu\/at\/movember\/#primaryimage"},"thumbnailUrl":"https:\/\/profertil.eu\/wp-content\/uploads\/2020\/11\/movember-header.jpg","datePublished":"2021-10-27T15:29:15+00:00","dateModified":"2024-11-14T08:21:04+00:00","breadcrumb":{"@id":"https:\/\/profertil.eu\/at\/movember\/#breadcrumb"},"inLanguage":"de-AT","potentialAction":[{"@type":"ReadAction","target":["https:\/\/profertil.eu\/at\/movember\/"]}]},{"@type":"ImageObject","inLanguage":"de-AT","@id":"https:\/\/profertil.eu\/at\/movember\/#primaryimage","url":"https:\/\/profertil.eu\/wp-content\/uploads\/2020\/11\/movember-header.jpg","contentUrl":"https:\/\/profertil.eu\/wp-content\/uploads\/2020\/11\/movember-header.jpg"},{"@type":"BreadcrumbList","@id":"https:\/\/profertil.eu\/at\/movember\/#breadcrumb","itemListElement":[{"@type":"ListItem","position":1,"name":"Home","item":"https:\/\/profertil.eu\/at\/"},{"@type":"ListItem","position":2,"name":"Movember"}]},{"@type":"WebSite","@id":"https:\/\/profertil.eu\/#website","url":"https:\/\/profertil.eu\/","name":"PROFERTIL","description":"No. 1 proven efficacy in male fertility","publisher":{"@id":"https:\/\/profertil.eu\/#organization"},"potentialAction":[{"@type":"SearchAction","target":{"@type":"EntryPoint","urlTemplate":"https:\/\/profertil.eu\/?s={search_term_string}"},"query-input":{"@type":"PropertyValueSpecification","valueRequired":true,"valueName":"search_term_string"}}],"inLanguage":"de-AT"},{"@type":"Organization","@id":"https:\/\/profertil.eu\/#organization","name":"PROFERTIL","url":"https:\/\/profertil.eu\/","logo":{"@type":"ImageObject","inLanguage":"de-AT","@id":"https:\/\/profertil.eu\/#\/schema\/logo\/image\/","url":"https:\/\/profertil.eu\/wp-content\/uploads\/2025\/10\/PROFERTIL-logo-2025.svg","contentUrl":"https:\/\/profertil.eu\/wp-content\/uploads\/2025\/10\/PROFERTIL-logo-2025.svg","width":712,"height":112,"caption":"PROFERTIL"},"image":{"@id":"https:\/\/profertil.eu\/#\/schema\/logo\/image\/"}}]}},"_links":{"self":[{"href":"https:\/\/profertil.eu\/at\/wp-json\/wp\/v2\/pages\/15050","targetHints":{"allow":["GET"]}}],"collection":[{"href":"https:\/\/profertil.eu\/at\/wp-json\/wp\/v2\/pages"}],"about":[{"href":"https:\/\/profertil.eu\/at\/wp-json\/wp\/v2\/types\/page"}],"author":[{"embeddable":true,"href":"https:\/\/profertil.eu\/at\/wp-json\/wp\/v2\/users\/1"}],"replies":[{"embeddable":true,"href":"https:\/\/profertil.eu\/at\/wp-json\/wp\/v2\/comments?post=15050"}],"version-history":[{"count":53,"href":"https:\/\/profertil.eu\/at\/wp-json\/wp\/v2\/pages\/15050\/revisions"}],"predecessor-version":[{"id":22272,"href":"https:\/\/profertil.eu\/at\/wp-json\/wp\/v2\/pages\/15050\/revisions\/22272"}],"wp:attachment":[{"href":"https:\/\/profertil.eu\/at\/wp-json\/wp\/v2\/media?parent=15050"}],"wp:term":[{"taxonomy":"category","embeddable":true,"href":"https:\/\/profertil.eu\/at\/wp-json\/wp\/v2\/categories?post=15050"},{"taxonomy":"post_tag","embeddable":true,"href":"https:\/\/profertil.eu\/at\/wp-json\/wp\/v2\/tags?post=15050"}],"curies":[{"name":"wp","href":"https:\/\/api.w.org\/{rel}","templated":true}]}}