 {"id":1060,"date":"2019-06-03T15:04:01","date_gmt":"2019-06-03T15:04:01","guid":{"rendered":"https:\/\/profertil.eu\/?page_id=1060"},"modified":"2021-02-01T14:35:24","modified_gmt":"2021-02-01T13:35:24","slug":"spermiogramm","status":"publish","type":"page","link":"https:\/\/profertil.eu\/at\/spermiengesundheit\/spermiogramm\/","title":{"rendered":"Spermiogramm"},"content":{"rendered":"\n<div class=\"wp-block-cover has-background-dim-20 has-black-background-color has-background-dim alignfull\" style=\"background-image:url(https:\/\/profertil.eu\/wp-content\/uploads\/2019\/06\/spermiogramm.jpg);background-position:14% 42%\"><div class=\"wp-block-cover__inner-container is-layout-flow wp-block-cover-is-layout-flow\">\n<h1 class=\"has-text-align-right wp-block-heading\"><span class=\"has-red-color\">ICH SEH, ICH SEH,<\/span><br><span class=\"has-white-color\">WAS DU NICHT SIEHST<\/span><\/h1>\n<\/div><\/div>\n\n\n\n<div class=\"wp-block-group alignfull window-height minus-header center has-red-gradient-background-color has-background\"><div class=\"wp-block-group__inner-container is-layout-flow wp-block-group-is-layout-flow\">\n<div style=\"height:50px\" aria-hidden=\"true\" class=\"wp-block-spacer\"><\/div>\n\n\n\n<h2 class=\"has-text-align-center has-text-color wp-block-heading\" style=\"color:#c8aab5\">DAS SPERMIOGRAMM<\/h2>\n\n\n\n<div style=\"height:50px\" aria-hidden=\"true\" class=\"wp-block-spacer\"><\/div>\n\n\n\n<div class=\"wp-block-columns has-2-columns is-layout-flex wp-container-core-columns-is-layout-1 wp-block-columns-is-layout-flex\">\n<div class=\"wp-block-column is-layout-flow wp-block-column-is-layout-flow\">\n<div class=\"wp-block-image spermiogramm\"><figure class=\"aligncenter is-resized\"><img data-recalc-dims=\"1\" loading=\"lazy\" decoding=\"async\" src=\"https:\/\/i0.wp.com\/profertil.eu\/wp-content\/uploads\/2019\/06\/spemiogramm-before-vorher-neu.gif?resize=306%2C231&#038;ssl=1\" alt=\"\" class=\"wp-image-1743\" width=\"306\" height=\"231\"\/><figcaption>VORHER<\/figcaption><\/figure><\/div>\n\n\n\n<p><\/p>\n<\/div>\n\n\n\n<div class=\"wp-block-column is-layout-flow wp-block-column-is-layout-flow\">\n<div class=\"wp-block-image spermiogramm\"><figure class=\"aligncenter is-resized\"><img data-recalc-dims=\"1\" loading=\"lazy\" decoding=\"async\" src=\"https:\/\/i0.wp.com\/profertil.eu\/wp-content\/uploads\/2019\/06\/spermiogramm-nachher-after.gif?resize=306%2C231&#038;ssl=1\" alt=\"\" class=\"wp-image-1243\" width=\"306\" height=\"231\"\/><figcaption>NACHHER<\/figcaption><\/figure><\/div>\n<\/div>\n<\/div>\n\n\n\n<div class=\"wp-block-columns has-2-columns is-layout-flex wp-container-core-columns-is-layout-2 wp-block-columns-is-layout-flex\">\n<div class=\"wp-block-column is-layout-flow wp-block-column-is-layout-flow\">\n<p>Zur Beurteilung der m\u00e4nnlichen Zeugungsf\u00e4higkeit gilt das Spermiogramm als wichtige Untersuchungsmethode. Die Auswertung erfolgt nach den WHO-Richtlinien. Im Zentrum steht dabei die Beurteilung der Samenzellen hinsichtlich ihrer Konzentration, Beweglichkeit und Form.<\/p>\n<\/div>\n\n\n\n<div class=\"wp-block-column is-layout-flow wp-block-column-is-layout-flow\">\n<p>Ein Spermiogramm erm\u00f6glicht mittels mikroskopischer Analyse des Ejakulats eine Einsch\u00e4tzung der Zeugungsf\u00e4higkeit des Mannes. Im engeren Sinn wird darunter eine Auflistung aller bei der Spermauntersuchung erhobenen Befunde verstanden.<\/p>\n<\/div>\n<\/div>\n\n\n\n<div style=\"height:50px\" aria-hidden=\"true\" class=\"wp-block-spacer\"><\/div>\n\n\n\n\n\n<div id=\"anchorlink-block_5cf5437598375\" class=\"anchorlink light \">\n            <a href=\"#section2\" data-smooth-scroll data-animation-duration=\"750\" data-animation-easing=\"swing\" data-offset=\"-23\"><i class=\"material-icons pro-pulse\">expand_more<\/i><\/a>\n    <\/div><\/div><\/div>\n\n\n\n<div class=\"wp-block-group alignfull window-height center has-blue-gradient-background-color has-background\" id=\"section2\"><div class=\"wp-block-group__inner-container is-layout-flow wp-block-group-is-layout-flow\">\n<div style=\"height:50px\" aria-hidden=\"true\" class=\"wp-block-spacer\"><\/div>\n\n\n\n<h2 class=\"has-text-align-center has-white-color has-text-color wp-block-heading\">DER WEG ZUR GEWISSHEIT<\/h2>\n\n\n\n<div style=\"height:50px\" aria-hidden=\"true\" class=\"wp-block-spacer\"><\/div>\n\n\n\n<div class=\"wp-block-columns has-2-columns is-layout-flex wp-container-core-columns-is-layout-3 wp-block-columns-is-layout-flex\">\n<div class=\"wp-block-column is-layout-flow wp-block-column-is-layout-flow\">\n<p>Das Spermiogramm ist somit die wichtigste Untersuchung, um die Zeugungsf\u00e4higkeit des Mannes zu beurteilen. Die Samenprobe wird durch Masturbation unter sterilen Bedingungen gewonnen, am besten direkt am Ort der Untersuchung, um die Probe rasch verarbeiten und analysieren zu k\u00f6nnen. Im Labor wird das Ejakulat unter dem Mikroskop untersucht. Eine Einsch\u00e4tzung, ob ein schlechter Samenzellbefund die Ursache f\u00fcr die Kinderlosigkeit ist, kann nur aus der Summe der Bestimmung mehrerer Faktoren, unter anderem auch der Quantit\u00e4t, Beweglichkeit und Qualit\u00e4t der Spermien, ermittelt werden. Eine niedrige Spermienzahl im Ejakulat ist nicht mit Sterilit\u00e4t gleichzusetzen, in diesem Fall kann es jedoch l\u00e4nger dauern, bis eine Eizelle erfolgreich befruchtet wird. Ebenso kann aber auch die eingeschr\u00e4nkte Beweglichkeit oder Gestalt der Samenzellen die nat\u00fcrliche Zeugung negativ beeinflussen.<\/p>\n<\/div>\n\n\n\n<div class=\"wp-block-column is-layout-flow wp-block-column-is-layout-flow\">\n<p><strong>Was ist bei einem Spermiogramm zu beachten?<\/strong><\/p>\n\n\n\n<p class=\"horizontal-white-gradient-bg reduce-padding\">Ein Spermiogramm wird nach mindestens 2 Tagen sexueller Enthaltsamkeit durchgef\u00fchrt.<\/p>\n\n\n\n<p class=\"horizontal-white-gradient-bg reduce-padding\">Das Spermiogramm sollte nach ca. 4 Wochen wiederholt werden.<\/p>\n\n\n\n<p class=\"horizontal-white-gradient-bg reduce-padding\">\u00fcr die Spermienanalyse ist die Gewinnung mittels Masturbation notwendig.<\/p>\n\n\n\n<p class=\"horizontal-white-gradient-bg reduce-padding\">Eine Untersuchung vom Urologen ist erforderlich, um z.B. Varikozelen (Krampfadern) auszuschlie\u00dfen.<\/p>\n<\/div>\n<\/div>\n\n\n\n<div style=\"height:50px\" aria-hidden=\"true\" class=\"wp-block-spacer\"><\/div>\n\n\n\n\n\n<div id=\"anchorlink-block_5cf543a498376\" class=\"anchorlink light \">\n            <a href=\"#section3\" data-smooth-scroll data-animation-duration=\"750\" data-animation-easing=\"swing\" data-offset=\"-23\"><i class=\"material-icons pro-pulse\">expand_more<\/i><\/a>\n    <\/div><\/div><\/div>\n\n\n\n<div class=\"wp-block-group alignfull window-height center has-white-background-color has-background\" id=\"section3\"><div class=\"wp-block-group__inner-container is-layout-flow wp-block-group-is-layout-flow\">\n<div style=\"height:50px\" aria-hidden=\"true\" class=\"wp-block-spacer\"><\/div>\n\n\n\n<h2 class=\"has-text-align-center has-red-color has-text-color wp-block-heading\">WHO-KRITERIEN<\/h2>\n\n\n\n<h2 class=\"has-text-align-center has-light-grey-color has-text-color wp-block-heading\">\u00abNORMALES SPERMIOGRAMM\u00bb<\/h2>\n\n\n\n<div style=\"height:50px\" aria-hidden=\"true\" class=\"wp-block-spacer\"><\/div>\n\n\n\n<div class=\"wp-block-columns has-2-columns is-layout-flex wp-container-core-columns-is-layout-4 wp-block-columns-is-layout-flex\">\n<div class=\"wp-block-column is-layout-flow wp-block-column-is-layout-flow\">\n<p>Bei einer Ejakulatmenge von mindestens 1.5 ml sollten pro Milliliter Samenfl\u00fcssigkeit \u00fcber 15 Millionen Spermien vorhanden sein. Auch sollten mehr als 32% der Samenzellen rasch vorw\u00e4rts beweglich sowie mindestens 4% normal geformte Samenzellen vorhanden sein. <\/p>\n\n\n\n<p>Sind diese Kriterien erf\u00fcllt, gilt der Mann als zeugungsf\u00e4hig. Neben dem Samenzellbefund d\u00fcrften im Ejakulat nicht mehr als eine Million pro Milliliter Leukozyten sowie keine Bakterien vorhanden sein. Um sicherzugehen, sollte das Ejakulat immer zweimal analysiert werden.<\/p>\n\n\n\n<p>Ist das Spermiogramm pathologisch (krankhaft), d.h. ein oder mehrere Parameter weichen von der WHO-Norm ab, ist eine Behandlung notwendig.<\/p>\n\n\n\n<p>Die aktuelle WHO Norm definiert, dass mehr als 15 Millionen Samenzellen in einem Milliliter vorhanden sein sollen. Das Volumen des Ejakulats sollte nicht weniger als 1,4 Milliliter betragen.<\/p>\n<\/div>\n\n\n\n<div class=\"wp-block-column is-layout-flow wp-block-column-is-layout-flow\">\n<div style=\"height:50px\" aria-hidden=\"true\" class=\"wp-block-spacer hide-for-large\"><\/div>\n\n\n\n<figure class=\"wp-block-table is-style-regular center-after-first-col who\"><table class=\"has-fixed-layout\"><thead><tr><th><\/th><th>WHO<br>1998<\/th><th>WHO<br>2010<\/th><\/tr><\/thead><tbody><tr><td>Ejakulatvolumen<\/td><td>2ml<\/td><td>1,5ml<\/td><\/tr><tr><td>Gesamtspermienanzahl im Ejakulat<\/td><td>40 Mio.<\/td><td>39 Mio.<\/td><\/tr><tr><td>Spermiendichte<\/td><td>20 Mio.\/ml<\/td><td>17 Mio.\/ml<\/td><\/tr><tr><td>Progressive Motiltit\u00e4t<\/td><td>50%<\/td><td>32%<\/td><\/tr><tr><td>Vitale Spermien<\/td><td>75%<\/td><td>38%<\/td><\/tr><tr><td>Morphologisch normale Spermien<\/td><td>30%<\/td><td>4%<\/td><\/tr><tr><td>Totale Motilit\u00e4t<\/td><td>50%<\/td><td>40%<\/td><\/tr><tr><td>pH-Wert<\/td><td>\u2265 7,2 \u2013 7,8<\/td><td>\u2265 7,2<\/td><\/tr><\/tbody><\/table><\/figure>\n<\/div>\n<\/div>\n\n\n\n<div style=\"height:50px\" aria-hidden=\"true\" class=\"wp-block-spacer\"><\/div>\n\n\n\n\n\n<div id=\"anchorlink-block_5cf5465198377\" class=\"anchorlink dark \">\n            <a href=\"#buynow\" data-smooth-scroll data-animation-duration=\"750\" data-animation-easing=\"swing\" data-offset=\"-23\"><i class=\"material-icons pro-pulse\">expand_more<\/i><\/a>\n    <\/div><\/div><\/div>\n\n\n\n<div class=\"wp-block-group window-height minus-footer center\" id=\"buynow\"><div class=\"wp-block-group__inner-container is-layout-flow wp-block-group-is-layout-flow\">\n<div class=\"wp-block-image buynow apotheke\"><figure class=\"aligncenter is-resized\"><a class=\"apotheke-alt\" href=\"#\"><img loading=\"lazy\" decoding=\"async\" src=\"\/wp-content\/uploads\/2019\/05\/KAUFEN-Button.svg\" alt=\"\" class=\"wp-image-295\" width=\"500\" height=\"138\"><\/a><figcaption>PROFERTIL\u00ae ist in \u00f6sterreichischen Apotheken erh\u00e4ltlich.<\/figcaption><\/figure><\/div>\n\n\n\n<p><\/p>\n<\/div><\/div>\n","protected":false},"excerpt":{"rendered":"<p>DAS SPERMIOGRAMM Zur Beurteilung der m\u00e4nnlichen Zeugungsf\u00e4higkeit gilt das Spermiogramm als wichtige Untersuchungsmethode. Die Auswertung erfolgt nach den WHO-Richtlinien. Im Zentrum steht dabei die Beurteilung der Samenzellen hinsichtlich ihrer Konzentration, Beweglichkeit und Form. Ein Spermiogramm erm\u00f6glicht mittels mikroskopischer Analyse des Ejakulats eine Einsch\u00e4tzung der Zeugungsf\u00e4higkeit des Mannes. Im engeren Sinn wird darunter eine Auflistung aller<a class=\"excerpt-read-more\" href=\"https:\/\/profertil.eu\/at\/spermiengesundheit\/spermiogramm\/\" title=\"ReadSpermiogramm\">&#8230; Read more &raquo;<\/a><\/p>\n","protected":false},"author":1,"featured_media":0,"parent":684,"menu_order":3,"comment_status":"closed","ping_status":"closed","template":"template-full-width-no-title.php","meta":{"_acf_changed":false,"pgc_sgb_lightbox_settings":"","footnotes":""},"categories":[],"tags":[],"class_list":["post-1060","page","type-page","status-publish","hentry"],"acf":[],"yoast_head":"<!-- This site is optimized with the Yoast SEO plugin v26.1 - https:\/\/yoast.com\/wordpress\/plugins\/seo\/ -->\n<title>PROFERTIL\u00ae - Die Nr. 1 bei m\u00e4nnlicher Unfruchtbarkeit<\/title>\n<meta name=\"description\" content=\"Das Spermiogramm ist wesentlich zur Beurteilung der m\u00e4nnlichen Unfruchtbarkeit. PROFERTIL\u00ae kann nachgewiesen alle relevanten Messwerte verbessern.\" \/>\n<meta name=\"robots\" content=\"index, follow, max-snippet:-1, max-image-preview:large, max-video-preview:-1\" \/>\n<link rel=\"canonical\" href=\"https:\/\/profertil.eu\/at\/spermiengesundheit\/spermiogramm\/\" \/>\n<meta property=\"og:locale\" content=\"de_DE\" \/>\n<meta property=\"og:type\" content=\"article\" \/>\n<meta property=\"og:title\" content=\"PROFERTIL\u00ae - Die Nr. 1 bei m\u00e4nnlicher Unfruchtbarkeit\" \/>\n<meta property=\"og:description\" content=\"Das Spermiogramm ist wesentlich zur Beurteilung der m\u00e4nnlichen Unfruchtbarkeit. PROFERTIL\u00ae kann nachgewiesen alle relevanten Messwerte verbessern.\" \/>\n<meta property=\"og:url\" content=\"https:\/\/profertil.eu\/at\/spermiengesundheit\/spermiogramm\/\" \/>\n<meta property=\"og:site_name\" content=\"PROFERTIL\" \/>\n<meta property=\"article:modified_time\" content=\"2021-02-01T13:35:24+00:00\" \/>\n<meta property=\"og:image\" content=\"https:\/\/i0.wp.com\/profertil.eu\/wp-content\/uploads\/2019\/06\/spemiogramm-before-vorher-neu.gif?fit=612%2C461&ssl=1\" \/>\n\t<meta property=\"og:image:width\" content=\"612\" \/>\n\t<meta property=\"og:image:height\" content=\"461\" \/>\n\t<meta property=\"og:image:type\" content=\"image\/gif\" \/>\n<meta name=\"twitter:card\" content=\"summary_large_image\" \/>\n<meta name=\"twitter:label1\" content=\"Gesch\u00e4tzte Lesezeit\" \/>\n\t<meta name=\"twitter:data1\" content=\"2 Minuten\" \/>\n<script type=\"application\/ld+json\" class=\"yoast-schema-graph\">{\"@context\":\"https:\/\/schema.org\",\"@graph\":[{\"@type\":\"WebPage\",\"@id\":\"https:\/\/profertil.eu\/at\/spermiengesundheit\/spermiogramm\/\",\"url\":\"https:\/\/profertil.eu\/at\/spermiengesundheit\/spermiogramm\/\",\"name\":\"PROFERTIL\u00ae - Die Nr. 1 bei m\u00e4nnlicher Unfruchtbarkeit\",\"isPartOf\":{\"@id\":\"https:\/\/profertil.eu\/#website\"},\"primaryImageOfPage\":{\"@id\":\"https:\/\/profertil.eu\/at\/spermiengesundheit\/spermiogramm\/#primaryimage\"},\"image\":{\"@id\":\"https:\/\/profertil.eu\/at\/spermiengesundheit\/spermiogramm\/#primaryimage\"},\"thumbnailUrl\":\"https:\/\/profertil.eu\/wp-content\/uploads\/2019\/06\/spemiogramm-before-vorher-neu.gif\",\"datePublished\":\"2019-06-03T15:04:01+00:00\",\"dateModified\":\"2021-02-01T13:35:24+00:00\",\"description\":\"Das Spermiogramm ist wesentlich zur Beurteilung der m\u00e4nnlichen Unfruchtbarkeit. PROFERTIL\u00ae kann nachgewiesen alle relevanten Messwerte verbessern.\",\"breadcrumb\":{\"@id\":\"https:\/\/profertil.eu\/at\/spermiengesundheit\/spermiogramm\/#breadcrumb\"},\"inLanguage\":\"de-AT\",\"potentialAction\":[{\"@type\":\"ReadAction\",\"target\":[\"https:\/\/profertil.eu\/at\/spermiengesundheit\/spermiogramm\/\"]}]},{\"@type\":\"ImageObject\",\"inLanguage\":\"de-AT\",\"@id\":\"https:\/\/profertil.eu\/at\/spermiengesundheit\/spermiogramm\/#primaryimage\",\"url\":\"https:\/\/profertil.eu\/wp-content\/uploads\/2019\/06\/spemiogramm-before-vorher-neu.gif\",\"contentUrl\":\"https:\/\/profertil.eu\/wp-content\/uploads\/2019\/06\/spemiogramm-before-vorher-neu.gif\"},{\"@type\":\"BreadcrumbList\",\"@id\":\"https:\/\/profertil.eu\/at\/spermiengesundheit\/spermiogramm\/#breadcrumb\",\"itemListElement\":[{\"@type\":\"ListItem\",\"position\":1,\"name\":\"Home\",\"item\":\"https:\/\/profertil.eu\/at\/\"},{\"@type\":\"ListItem\",\"position\":2,\"name\":\"Spermiengesundheit\",\"item\":\"https:\/\/profertil.eu\/at\/spermiengesundheit\/\"},{\"@type\":\"ListItem\",\"position\":3,\"name\":\"Spermiogramm\"}]},{\"@type\":\"WebSite\",\"@id\":\"https:\/\/profertil.eu\/#website\",\"url\":\"https:\/\/profertil.eu\/\",\"name\":\"PROFERTIL\",\"description\":\"No. 1 proven efficacy in male fertility\",\"publisher\":{\"@id\":\"https:\/\/profertil.eu\/#organization\"},\"potentialAction\":[{\"@type\":\"SearchAction\",\"target\":{\"@type\":\"EntryPoint\",\"urlTemplate\":\"https:\/\/profertil.eu\/?s={search_term_string}\"},\"query-input\":{\"@type\":\"PropertyValueSpecification\",\"valueRequired\":true,\"valueName\":\"search_term_string\"}}],\"inLanguage\":\"de-AT\"},{\"@type\":\"Organization\",\"@id\":\"https:\/\/profertil.eu\/#organization\",\"name\":\"PROFERTIL\",\"url\":\"https:\/\/profertil.eu\/\",\"logo\":{\"@type\":\"ImageObject\",\"inLanguage\":\"de-AT\",\"@id\":\"https:\/\/profertil.eu\/#\/schema\/logo\/image\/\",\"url\":\"https:\/\/profertil.eu\/wp-content\/uploads\/2025\/10\/PROFERTIL-logo-2025.svg\",\"contentUrl\":\"https:\/\/profertil.eu\/wp-content\/uploads\/2025\/10\/PROFERTIL-logo-2025.svg\",\"width\":712,\"height\":112,\"caption\":\"PROFERTIL\"},\"image\":{\"@id\":\"https:\/\/profertil.eu\/#\/schema\/logo\/image\/\"}}]}<\/script>\n<!-- \/ Yoast SEO plugin. -->","yoast_head_json":{"title":"PROFERTIL\u00ae - Die Nr. 1 bei m\u00e4nnlicher Unfruchtbarkeit","description":"Das Spermiogramm ist wesentlich zur Beurteilung der m\u00e4nnlichen Unfruchtbarkeit. PROFERTIL\u00ae kann nachgewiesen alle relevanten Messwerte verbessern.","robots":{"index":"index","follow":"follow","max-snippet":"max-snippet:-1","max-image-preview":"max-image-preview:large","max-video-preview":"max-video-preview:-1"},"canonical":"https:\/\/profertil.eu\/at\/spermiengesundheit\/spermiogramm\/","og_locale":"de_DE","og_type":"article","og_title":"PROFERTIL\u00ae - Die Nr. 1 bei m\u00e4nnlicher Unfruchtbarkeit","og_description":"Das Spermiogramm ist wesentlich zur Beurteilung der m\u00e4nnlichen Unfruchtbarkeit. PROFERTIL\u00ae kann nachgewiesen alle relevanten Messwerte verbessern.","og_url":"https:\/\/profertil.eu\/at\/spermiengesundheit\/spermiogramm\/","og_site_name":"PROFERTIL","article_modified_time":"2021-02-01T13:35:24+00:00","og_image":[{"url":"https:\/\/i0.wp.com\/profertil.eu\/wp-content\/uploads\/2019\/06\/spemiogramm-before-vorher-neu.gif?fit=612%2C461&ssl=1","width":612,"height":461,"type":"image\/gif"}],"twitter_card":"summary_large_image","twitter_misc":{"Gesch\u00e4tzte Lesezeit":"2 Minuten"},"schema":{"@context":"https:\/\/schema.org","@graph":[{"@type":"WebPage","@id":"https:\/\/profertil.eu\/at\/spermiengesundheit\/spermiogramm\/","url":"https:\/\/profertil.eu\/at\/spermiengesundheit\/spermiogramm\/","name":"PROFERTIL\u00ae - Die Nr. 1 bei m\u00e4nnlicher Unfruchtbarkeit","isPartOf":{"@id":"https:\/\/profertil.eu\/#website"},"primaryImageOfPage":{"@id":"https:\/\/profertil.eu\/at\/spermiengesundheit\/spermiogramm\/#primaryimage"},"image":{"@id":"https:\/\/profertil.eu\/at\/spermiengesundheit\/spermiogramm\/#primaryimage"},"thumbnailUrl":"https:\/\/profertil.eu\/wp-content\/uploads\/2019\/06\/spemiogramm-before-vorher-neu.gif","datePublished":"2019-06-03T15:04:01+00:00","dateModified":"2021-02-01T13:35:24+00:00","description":"Das Spermiogramm ist wesentlich zur Beurteilung der m\u00e4nnlichen Unfruchtbarkeit. PROFERTIL\u00ae kann nachgewiesen alle relevanten Messwerte verbessern.","breadcrumb":{"@id":"https:\/\/profertil.eu\/at\/spermiengesundheit\/spermiogramm\/#breadcrumb"},"inLanguage":"de-AT","potentialAction":[{"@type":"ReadAction","target":["https:\/\/profertil.eu\/at\/spermiengesundheit\/spermiogramm\/"]}]},{"@type":"ImageObject","inLanguage":"de-AT","@id":"https:\/\/profertil.eu\/at\/spermiengesundheit\/spermiogramm\/#primaryimage","url":"https:\/\/profertil.eu\/wp-content\/uploads\/2019\/06\/spemiogramm-before-vorher-neu.gif","contentUrl":"https:\/\/profertil.eu\/wp-content\/uploads\/2019\/06\/spemiogramm-before-vorher-neu.gif"},{"@type":"BreadcrumbList","@id":"https:\/\/profertil.eu\/at\/spermiengesundheit\/spermiogramm\/#breadcrumb","itemListElement":[{"@type":"ListItem","position":1,"name":"Home","item":"https:\/\/profertil.eu\/at\/"},{"@type":"ListItem","position":2,"name":"Spermiengesundheit","item":"https:\/\/profertil.eu\/at\/spermiengesundheit\/"},{"@type":"ListItem","position":3,"name":"Spermiogramm"}]},{"@type":"WebSite","@id":"https:\/\/profertil.eu\/#website","url":"https:\/\/profertil.eu\/","name":"PROFERTIL","description":"No. 1 proven efficacy in male fertility","publisher":{"@id":"https:\/\/profertil.eu\/#organization"},"potentialAction":[{"@type":"SearchAction","target":{"@type":"EntryPoint","urlTemplate":"https:\/\/profertil.eu\/?s={search_term_string}"},"query-input":{"@type":"PropertyValueSpecification","valueRequired":true,"valueName":"search_term_string"}}],"inLanguage":"de-AT"},{"@type":"Organization","@id":"https:\/\/profertil.eu\/#organization","name":"PROFERTIL","url":"https:\/\/profertil.eu\/","logo":{"@type":"ImageObject","inLanguage":"de-AT","@id":"https:\/\/profertil.eu\/#\/schema\/logo\/image\/","url":"https:\/\/profertil.eu\/wp-content\/uploads\/2025\/10\/PROFERTIL-logo-2025.svg","contentUrl":"https:\/\/profertil.eu\/wp-content\/uploads\/2025\/10\/PROFERTIL-logo-2025.svg","width":712,"height":112,"caption":"PROFERTIL"},"image":{"@id":"https:\/\/profertil.eu\/#\/schema\/logo\/image\/"}}]}},"_links":{"self":[{"href":"https:\/\/profertil.eu\/at\/wp-json\/wp\/v2\/pages\/1060","targetHints":{"allow":["GET"]}}],"collection":[{"href":"https:\/\/profertil.eu\/at\/wp-json\/wp\/v2\/pages"}],"about":[{"href":"https:\/\/profertil.eu\/at\/wp-json\/wp\/v2\/types\/page"}],"author":[{"embeddable":true,"href":"https:\/\/profertil.eu\/at\/wp-json\/wp\/v2\/users\/1"}],"replies":[{"embeddable":true,"href":"https:\/\/profertil.eu\/at\/wp-json\/wp\/v2\/comments?post=1060"}],"version-history":[{"count":38,"href":"https:\/\/profertil.eu\/at\/wp-json\/wp\/v2\/pages\/1060\/revisions"}],"predecessor-version":[{"id":6028,"href":"https:\/\/profertil.eu\/at\/wp-json\/wp\/v2\/pages\/1060\/revisions\/6028"}],"up":[{"embeddable":true,"href":"https:\/\/profertil.eu\/at\/wp-json\/wp\/v2\/pages\/684"}],"wp:attachment":[{"href":"https:\/\/profertil.eu\/at\/wp-json\/wp\/v2\/media?parent=1060"}],"wp:term":[{"taxonomy":"category","embeddable":true,"href":"https:\/\/profertil.eu\/at\/wp-json\/wp\/v2\/categories?post=1060"},{"taxonomy":"post_tag","embeddable":true,"href":"https:\/\/profertil.eu\/at\/wp-json\/wp\/v2\/tags?post=1060"}],"curies":[{"name":"wp","href":"https:\/\/api.w.org\/{rel}","templated":true}]}}